{"id":42252,"date":"2023-06-08T19:21:33","date_gmt":"2023-06-08T19:21:33","guid":{"rendered":"https:\/\/vv-dev.webdev.is\/?post_type=product&#038;p=42252"},"modified":"2026-02-21T01:16:33","modified_gmt":"2026-02-21T01:16:33","slug":"randi-skrufur-m4x39mm-messing-64094-020-ekki-rettur-litur-a-mynd","status":"publish","type":"product","link":"https:\/\/velarogverkfaeri.is\/en\/lykillausnir\/hurdabunadur-lykillausnir\/skrufur\/product\/randi-skrufur-m4x39mm-messing-64094-020-ekki-rettur-litur-a-mynd\/","title":{"rendered":"RANDI Skr\u00fafur M4x39mm Messing 64094-020 (EKKI R\u00c9TTUR LITUR \u00c1 MYND)"},"content":{"rendered":"","protected":false},"excerpt":{"rendered":"<p>Tegund:&nbsp;64094-020<\/p>\n<p><img decoding=\"async\" src=\"data:image\/png;base64,iVBORw0KGgoAAAANSUhEUgAAAnwAAAAuCAYAAACyNMSDAAAAAXNSR0IArs4c6QAAAARnQU1BAACxjwv8YQUAAAAJcEhZcwAADsMAAA7DAcdvqGQAAAxXSURBVHhe7d1\/iBxnHcfxp2r+yBX8w7sgaO+KWNMzmNZca9Oaqya1uUAKuYBVamj8Iw1WJVb\/CKH2j+PIH1pEqCnBUEkrtpAGqZoICl5qLZjYxh8Xq1KvjUG81FrxUv8QL0IKdd8zz\/fuydzM7Mzu3u7s9vOCZWd\/zO7szrN8v\/N9nmf2ijdrXOChA4fc2bPn\/C0RERER6Tbj27a6LWO3+VvOLUn48JvfTvslEREREek2H7lxxC\/FUhM+EREREekdb\/PXIiIiItKjlPCJiIiI9DglfCIiIiI9TgmfiIiISI9TwiciIiLS45TwiYiIiPQ4JXwiIiIiPU4Jn4iIiEiPSz3x8qsvft8vtc571nzaL4mIiIhIOy1J+M786G7371dP+1uts\/pjE+6qtTv9LRERERFpl8olfDMzL7uHD37H33JufPwOt2XzJn+rvr37Jtz8\/Hy0PDy82t2353PRchGzs6+4B7\/xLX\/LudENN7sdn7nT32rOz078Iro+c+aF6H1CY2O3uZEPX+eGhq7y96Q7eep5N33mD9F3ZPiMoxvWu5F11\/t7REREOo9Y\/MtTp92JWvyzuAzi1rXXfsCtGnhX4dhVNj4Tc0\/VYubc3AV\/T7zOyLrrovfP0+pYe\/jRJ2qv94K\/5dz+yQfcQO2zt1vlxvDNXXjdL8VeeumsX6qPnRM2qnC5iCNHn\/JLrTM397r74p697vjxn0SXZLKHqalnooac9hj4HCTBR5586rIGCG7TmLiIiIhUAbFpYvLBKO4lYzGPcT9xKyvuJRWNz8Rc4imvHyZ7IJEjlloBJmk5Yi2JXpjsddLbJ2v8cuS1mR+6\/\/3n7\/5W6\/Rf\/XH3znfXz4xnz7\/i\/vinF11fX5+7dOlStMM2bRx1K1as8M\/IdvJXp925c39dWJd1Nm281T+aj4bAZWCg3w0NDUbvS8Vt7do1\/hmN6etb6d5R2w6ODm4Yud594fO73B1bxxYul954I9pmzNSS27Tt\/d7jR6PvBFQ8v\/yle6N11990Y\/Q5+c7+8do\/o9carh01iYiIdApJ3KFHvhslUMTU7bW4lYx9YVysp0x8fvjgI9H7kwd86s7xhfdd+6E1te25GMVKCkm8\/zXvf59fK7YcsTb+Hi5G1UXWB3Ge3KDdKjtLl53JDgOl1SKmp+MsenT05ui6KBrlseM\/jZa3j2+NrluJLmku7PCk7du2Rg0LNOLk0Q5HFXZ0QPk67N6mJMx9dAmDSiFHNyIiIp1CNc6Svfv23Jsa+ywu1lMmPlO5sxi6e9fdl70vOcXue3YudOcmu5mXI9ayPZac0pXcaZVN+PpWrlxI3GZm6nfrspP5YkkSB\/rL9Y3TmNjxNIROjIW7evC9fimucIZmXv5LdM3nSvvRYOz2jX6JKufzfklERKS9SJws6RqrJU3NjlUrE59J4sDzLLFLosgCXpPxhabVsZaEkG5l2Ht2WuUSvv\/OX4yuKXcO+USIrs4wE0\/zZz\/WL6zukQDWQ+OkVIwdd7VmgkYzkmVetg8cIWShgdoP4eRJJXwiItIZJ30SlZc4FVUmPpNkWp4wMpJdTSOWWjwN5wi0OtbamEO+g6zks90qfeJlvli+YHYiSV8eZr9iePU10XVRx34cl4rpVq13JMJgTiZgcEl2vRpKuDw+Mfn1QiVf\/O384pjJgf5+vxSj7x\/1qpYDq+L1+K7qJcchtpFttkGsfC77DHaxx8CPIu\/xED9UHrMfEsvhd8hy+D3We1xERKrNYnUrxpOXic9W9MHQ4KBfSjc0GCd1YXxpZayla5i4R\/6yHMPEGlXphA\/WaKans8fxkbSw4\/hyy2TSJBisxziDWzes9\/dmY0wAz0XajCG2w0rKu3ftLFzKXkhWa9uedXRhjTFL2EjLJElzc3NR2ZkLCZbNbgpxm1lLPMZz0h63o7AQYy95bOrpZ6MEjmVL\/sDy4ceeiH7UeY+LiEj1EQMtCbLEqFFl4\/OFoEevXuzt93GcbU0WZpqNtbymjTncvHlTlJdUReUTPivN5lX4fucTpjKDIsPkjHEGRXZKmK2zo2mQIRuoysDOvLKwYX07HQuNOq1kbV28cxfyu6fDruD5i\/kNNg9HUt8++M3oEp8rKP5hkNDx+bMezxtnSeLGepwT0dblNuh2ZwAst+\/f95XUx8sksCIi0hkUEMzKlY3PQm0kPtsp3Swm5bkyiJe2za2KtRQ4iFtsR5FJKe1UuYQvzNJhFT4Sqaxz2Vg\/\/PBw\/NwwA09m72bqxDPRa1JVKzPOgG5m68OnQdrrkxCR2LCTswZokuBZd6VVtDiaILnZP\/nV2rpLj0qsYknSk\/VZwCQXU+8IJQsJWXJm0gb\/3fCDS3t8xE+pT042CfH5WC+svnLbfsT2eJgkh0d0ea8tIiLVEJ5Hl6TKhvVQ2AhjHz1FeeemazQ+N6MVsZb1KGBgx12fjK6rpLIVvr4r42SApMASrNlgrJuhUZBohc+rh+dbF2Qjs2c4pxDvx3sfi5K2xRIuXbllcCRA4ke3Jq+TNPrRxcbO+YWSPxKrNBY9dU1ZdiSUtm2oN94hT3KCSojvt8iRmoiIVA\/DgLgQ35K9NNFwnUfj4TxJjcbnrBhVVCtirQ31IhcJCxxVUdmELywHW+UubVaMffllBogeOfqD6Lpo12sSlS3r2qVRcLRCY6v3elSxrMuSC12YVLdIbuJ\/2ziwpNHyXmH3Jj+S8EjJxtzZD0RERKTTqMzFvVcPXBb36CmyOEncI8ELNRqfiaPNaDbWcr8VnygKVVHlEr607kgbm0cytPRIIe7OzZuGHSJDZ2eyU8Jz6pQVTrVmm6hGlX09GjNJoP3fL9tF\/38SzwlPGGl4TxooJ4TkYpqpuomIiDSLuE3sIpEKEcd27\/qsv0WitHguvFbF50Y1GmvJTcKJGsnPXBXVS\/hSBkGy820HTP9+sZzKl8xkjujxjApfOIiU\/nUbCEqFjvWawZ8\/G6Z5N\/p6JH7WHZ082jE8Hk564MK4PxooyaedvxADAwN+SUREpD3CYkPe5EESIovpNkmi2fhs703CWE9evGwk1lKoIR8hMeR5VVXZLt0kS67s79NgJ2Qm2SvSOJjNy\/PB2IKwXBteLOmiRGv3JdE4Ke8aunbzBqHWY+PZkhXMomyyC99DVY8uRESkd4XJ079yJj5gsToWJ1DNxmc71QryJl2gmXiZtq5N1CDZDLc1vDD0y0xMfi26j4pmO3VNwneDr4DxhVpSZN25NsavnQ4\/9nh0zTgDq87ZX8A0o+xRjWnlyS5FRETKIgGyGJY840aSzejNm7xXxgeD2Dd7\/rxfSmdnfmgkXnZzrK3gGL70hImGZAM47YzaNmEjef698CgjLCtTag3LtFkXKzVTvrX7QmTl4bg9m7WbNQavCGuAjVTnOOKxMvZogRNUioiILAf7e9N6Z46wwo39u1Sz8Zn8gJiMvD9q4H3tvQdLTApBVqwNty\/rYmP1YRNZ2t39W9lJG+GJEc06X0njnyn44kkOqa7lVcUaPSddlrRxBiRpDNRE2qyjeugKtgaYHCxahE1tZ91G1hcREWkFO70J8Tmry5KYZ8WdVvbQ2Xljw5iaNOW3idhd5B88Qt0ea7umSxdWsmVH2syeshl6s+y8exxdWFcuyNStAmnTysG2xjOPlo4p4HVoQEz\/Bg0wPBeQYf20qeDcZ\/\/Uwbr1\/lxaRERkOVEAYagT0s4xS9w68mQcI4mZxNJWCeMwY+bCuEkMJtbaWPu0vz3r9VjbVQkfO9J2pu20shl6M9jpvC873M7DF7JGQMnXjmzofqbR2yDN8LJ338TCYE9eM\/6v3su7dGlgrJ82iJX7rAGmrSsiItJunDDZKmDEOGJdGLdIAInl4elZWoXX5LV5jzBuEoMtb+AUK8nu1LdCrK1sl26WsIzKTmUH5AmnUDeDnW3n2cmaMs72hEc2dO2uqjUMGhcXG18QYh0e2z95f2qJOPpR3LMzek7ycbYhb10REZFOYMwa56xLxiaLefzxwHIkTrym\/akB7xWimsh2pY2deyvE2iverPHLIiIiItKDuqpLV0RERETKU8InIiIi0uOU8ImIiIj0OCV8IiIiIj1OCZ+IiIhIj1PCJyIiItLjlPCJiIiI9DglfCIiIiI9LvXEy88992u\/JCIiIiLd5pZbbvJLsSUJ30MHDrmzZ8\/5WyIiIiLSbca3bXVb\/N+9IrXC9\/TPn\/VLIiIiItJtbv\/ERr8E5\/4PbMl2SZW3c6IAAAAASUVORK5CYII=\" alt=\"\"><\/p>","protected":false},"featured_media":80401,"comment_status":"closed","ping_status":"closed","template":"","meta":[],"product_brand":[],"product_cat":[905,597,517],"product_tag":[],"class_list":{"0":"post-42252","1":"product","2":"type-product","3":"status-publish","4":"has-post-thumbnail","6":"product_cat-skrufur","7":"product_cat-hurdabunadur-lykillausnir","8":"product_cat-lykillausnir","10":"first","11":"instock","12":"taxable","13":"shipping-taxable","14":"purchasable","15":"product-type-simple"},"yoast_head":"<!-- This site is optimized with the Yoast SEO plugin v27.3 - https:\/\/yoast.com\/product\/yoast-seo-wordpress\/ -->\n<title>RANDI Skr\u00fafur M4x39mm Messing 64094-020 (EKKI R\u00c9TTUR LITUR \u00c1 MYND) - V\u00e9lar &amp; Verkf\u00e6ri<\/title>\n<meta name=\"robots\" content=\"index, follow, max-snippet:-1, max-image-preview:large, max-video-preview:-1\" \/>\n<link rel=\"canonical\" href=\"https:\/\/velarogverkfaeri.is\/en\/lykillausnir\/hurdabunadur-lykillausnir\/skrufur\/product\/randi-skrufur-m4x39mm-messing-64094-020-ekki-rettur-litur-a-mynd\/\" \/>\n<meta property=\"og:locale\" content=\"en_US\" \/>\n<meta property=\"og:type\" content=\"article\" \/>\n<meta property=\"og:title\" content=\"RANDI Skr\u00fafur M4x39mm Messing 64094-020 (EKKI R\u00c9TTUR LITUR \u00c1 MYND) - V\u00e9lar &amp; Verkf\u00e6ri\" \/>\n<meta property=\"og:description\" content=\"Tegund:&nbsp;64094-020\" \/>\n<meta property=\"og:url\" content=\"https:\/\/velarogverkfaeri.is\/en\/lykillausnir\/hurdabunadur-lykillausnir\/skrufur\/product\/randi-skrufur-m4x39mm-messing-64094-020-ekki-rettur-litur-a-mynd\/\" \/>\n<meta property=\"og:site_name\" content=\"V\u00e9lar &amp; Verkf\u00e6ri\" \/>\n<meta property=\"article:publisher\" content=\"https:\/\/www.facebook.com\/VelarOgVerkfaeri\" \/>\n<meta property=\"article:modified_time\" content=\"2026-02-21T01:16:33+00:00\" \/>\n<meta name=\"twitter:card\" content=\"summary_large_image\" \/>\n<script type=\"application\/ld+json\" class=\"yoast-schema-graph\">{\"@context\":\"https:\\\/\\\/schema.org\",\"@graph\":[{\"@type\":\"WebPage\",\"@id\":\"https:\\\/\\\/velarogverkfaeri.is\\\/lykillausnir\\\/hurdabunadur-lykillausnir\\\/skrufur\\\/product\\\/randi-skrufur-m4x39mm-messing-64094-020-ekki-rettur-litur-a-mynd\\\/\",\"url\":\"https:\\\/\\\/velarogverkfaeri.is\\\/lykillausnir\\\/hurdabunadur-lykillausnir\\\/skrufur\\\/product\\\/randi-skrufur-m4x39mm-messing-64094-020-ekki-rettur-litur-a-mynd\\\/\",\"name\":\"RANDI Skr\u00fafur M4x39mm Messing 64094-020 (EKKI R\u00c9TTUR LITUR \u00c1 MYND) - V\u00e9lar &amp; Verkf\u00e6ri\",\"isPartOf\":{\"@id\":\"https:\\\/\\\/velarogverkfaeri.is\\\/en\\\/#website\"},\"primaryImageOfPage\":{\"@id\":\"https:\\\/\\\/velarogverkfaeri.is\\\/lykillausnir\\\/hurdabunadur-lykillausnir\\\/skrufur\\\/product\\\/randi-skrufur-m4x39mm-messing-64094-020-ekki-rettur-litur-a-mynd\\\/#primaryimage\"},\"image\":{\"@id\":\"https:\\\/\\\/velarogverkfaeri.is\\\/lykillausnir\\\/hurdabunadur-lykillausnir\\\/skrufur\\\/product\\\/randi-skrufur-m4x39mm-messing-64094-020-ekki-rettur-litur-a-mynd\\\/#primaryimage\"},\"thumbnailUrl\":\"https:\\\/\\\/velarogverkfaeri.is\\\/wp-content\\\/uploads\\\/2026\\\/02\\\/9e109d59-0f66-4a5e-b928-441ce98e38cc.png\",\"datePublished\":\"2023-06-08T19:21:33+00:00\",\"dateModified\":\"2026-02-21T01:16:33+00:00\",\"breadcrumb\":{\"@id\":\"https:\\\/\\\/velarogverkfaeri.is\\\/lykillausnir\\\/hurdabunadur-lykillausnir\\\/skrufur\\\/product\\\/randi-skrufur-m4x39mm-messing-64094-020-ekki-rettur-litur-a-mynd\\\/#breadcrumb\"},\"inLanguage\":\"en-US\",\"potentialAction\":[{\"@type\":\"ReadAction\",\"target\":[\"https:\\\/\\\/velarogverkfaeri.is\\\/lykillausnir\\\/hurdabunadur-lykillausnir\\\/skrufur\\\/product\\\/randi-skrufur-m4x39mm-messing-64094-020-ekki-rettur-litur-a-mynd\\\/\"]}]},{\"@type\":\"ImageObject\",\"inLanguage\":\"en-US\",\"@id\":\"https:\\\/\\\/velarogverkfaeri.is\\\/lykillausnir\\\/hurdabunadur-lykillausnir\\\/skrufur\\\/product\\\/randi-skrufur-m4x39mm-messing-64094-020-ekki-rettur-litur-a-mynd\\\/#primaryimage\",\"url\":\"https:\\\/\\\/velarogverkfaeri.is\\\/wp-content\\\/uploads\\\/2026\\\/02\\\/9e109d59-0f66-4a5e-b928-441ce98e38cc.png\",\"contentUrl\":\"https:\\\/\\\/velarogverkfaeri.is\\\/wp-content\\\/uploads\\\/2026\\\/02\\\/9e109d59-0f66-4a5e-b928-441ce98e38cc.png\",\"width\":475,\"height\":253},{\"@type\":\"BreadcrumbList\",\"@id\":\"https:\\\/\\\/velarogverkfaeri.is\\\/lykillausnir\\\/hurdabunadur-lykillausnir\\\/skrufur\\\/product\\\/randi-skrufur-m4x39mm-messing-64094-020-ekki-rettur-litur-a-mynd\\\/#breadcrumb\",\"itemListElement\":[{\"@type\":\"ListItem\",\"position\":1,\"name\":\"Home\",\"item\":\"https:\\\/\\\/velarogverkfaeri.is\\\/\"},{\"@type\":\"ListItem\",\"position\":2,\"name\":\"Vefverslun\",\"item\":\"https:\\\/\\\/velarogverkfaeri.is\\\/vefverslun\\\/\"},{\"@type\":\"ListItem\",\"position\":3,\"name\":\"RANDI Skr\u00fafur M4x39mm Messing 64094-020 (EKKI R\u00c9TTUR LITUR \u00c1 MYND)\"}]},{\"@type\":\"WebSite\",\"@id\":\"https:\\\/\\\/velarogverkfaeri.is\\\/en\\\/#website\",\"url\":\"https:\\\/\\\/velarogverkfaeri.is\\\/en\\\/\",\"name\":\"V\u00e9lar & Verkf\u00e6ri\",\"description\":\"Umbo\u00f0s- og heildverslun fr\u00e1 \u00e1rinu 1919\",\"publisher\":{\"@id\":\"https:\\\/\\\/velarogverkfaeri.is\\\/en\\\/#organization\"},\"potentialAction\":[{\"@type\":\"SearchAction\",\"target\":{\"@type\":\"EntryPoint\",\"urlTemplate\":\"https:\\\/\\\/velarogverkfaeri.is\\\/en\\\/?s={search_term_string}\"},\"query-input\":{\"@type\":\"PropertyValueSpecification\",\"valueRequired\":true,\"valueName\":\"search_term_string\"}}],\"inLanguage\":\"en-US\"},{\"@type\":\"Organization\",\"@id\":\"https:\\\/\\\/velarogverkfaeri.is\\\/en\\\/#organization\",\"name\":\"V\u00e9lar & Verkf\u00e6ri\",\"url\":\"https:\\\/\\\/velarogverkfaeri.is\\\/en\\\/\",\"logo\":{\"@type\":\"ImageObject\",\"inLanguage\":\"en-US\",\"@id\":\"https:\\\/\\\/velarogverkfaeri.is\\\/en\\\/#\\\/schema\\\/logo\\\/image\\\/\",\"url\":\"https:\\\/\\\/velarogverkfaeri.is\\\/wp-content\\\/uploads\\\/2021\\\/10\\\/vv_logo_350x100.png\",\"contentUrl\":\"https:\\\/\\\/velarogverkfaeri.is\\\/wp-content\\\/uploads\\\/2021\\\/10\\\/vv_logo_350x100.png\",\"width\":350,\"height\":100,\"caption\":\"V\u00e9lar & Verkf\u00e6ri\"},\"image\":{\"@id\":\"https:\\\/\\\/velarogverkfaeri.is\\\/en\\\/#\\\/schema\\\/logo\\\/image\\\/\"},\"sameAs\":[\"https:\\\/\\\/www.facebook.com\\\/VelarOgVerkfaeri\"]}]}<\/script>\n<!-- \/ Yoast SEO plugin. -->","yoast_head_json":{"title":"RANDI Skr\u00fafur M4x39mm Messing 64094-020 (EKKI R\u00c9TTUR LITUR \u00c1 MYND) - V\u00e9lar &amp; Verkf\u00e6ri","robots":{"index":"index","follow":"follow","max-snippet":"max-snippet:-1","max-image-preview":"max-image-preview:large","max-video-preview":"max-video-preview:-1"},"canonical":"https:\/\/velarogverkfaeri.is\/en\/lykillausnir\/hurdabunadur-lykillausnir\/skrufur\/product\/randi-skrufur-m4x39mm-messing-64094-020-ekki-rettur-litur-a-mynd\/","og_locale":"en_US","og_type":"article","og_title":"RANDI Skr\u00fafur M4x39mm Messing 64094-020 (EKKI R\u00c9TTUR LITUR \u00c1 MYND) - V\u00e9lar &amp; Verkf\u00e6ri","og_description":"Tegund:&nbsp;64094-020","og_url":"https:\/\/velarogverkfaeri.is\/en\/lykillausnir\/hurdabunadur-lykillausnir\/skrufur\/product\/randi-skrufur-m4x39mm-messing-64094-020-ekki-rettur-litur-a-mynd\/","og_site_name":"V\u00e9lar &amp; Verkf\u00e6ri","article_publisher":"https:\/\/www.facebook.com\/VelarOgVerkfaeri","article_modified_time":"2026-02-21T01:16:33+00:00","twitter_card":"summary_large_image","schema":{"@context":"https:\/\/schema.org","@graph":[{"@type":"WebPage","@id":"https:\/\/velarogverkfaeri.is\/lykillausnir\/hurdabunadur-lykillausnir\/skrufur\/product\/randi-skrufur-m4x39mm-messing-64094-020-ekki-rettur-litur-a-mynd\/","url":"https:\/\/velarogverkfaeri.is\/lykillausnir\/hurdabunadur-lykillausnir\/skrufur\/product\/randi-skrufur-m4x39mm-messing-64094-020-ekki-rettur-litur-a-mynd\/","name":"RANDI Skr\u00fafur M4x39mm Messing 64094-020 (EKKI R\u00c9TTUR LITUR \u00c1 MYND) - V\u00e9lar &amp; Verkf\u00e6ri","isPartOf":{"@id":"https:\/\/velarogverkfaeri.is\/en\/#website"},"primaryImageOfPage":{"@id":"https:\/\/velarogverkfaeri.is\/lykillausnir\/hurdabunadur-lykillausnir\/skrufur\/product\/randi-skrufur-m4x39mm-messing-64094-020-ekki-rettur-litur-a-mynd\/#primaryimage"},"image":{"@id":"https:\/\/velarogverkfaeri.is\/lykillausnir\/hurdabunadur-lykillausnir\/skrufur\/product\/randi-skrufur-m4x39mm-messing-64094-020-ekki-rettur-litur-a-mynd\/#primaryimage"},"thumbnailUrl":"https:\/\/velarogverkfaeri.is\/wp-content\/uploads\/2026\/02\/9e109d59-0f66-4a5e-b928-441ce98e38cc.png","datePublished":"2023-06-08T19:21:33+00:00","dateModified":"2026-02-21T01:16:33+00:00","breadcrumb":{"@id":"https:\/\/velarogverkfaeri.is\/lykillausnir\/hurdabunadur-lykillausnir\/skrufur\/product\/randi-skrufur-m4x39mm-messing-64094-020-ekki-rettur-litur-a-mynd\/#breadcrumb"},"inLanguage":"en-US","potentialAction":[{"@type":"ReadAction","target":["https:\/\/velarogverkfaeri.is\/lykillausnir\/hurdabunadur-lykillausnir\/skrufur\/product\/randi-skrufur-m4x39mm-messing-64094-020-ekki-rettur-litur-a-mynd\/"]}]},{"@type":"ImageObject","inLanguage":"en-US","@id":"https:\/\/velarogverkfaeri.is\/lykillausnir\/hurdabunadur-lykillausnir\/skrufur\/product\/randi-skrufur-m4x39mm-messing-64094-020-ekki-rettur-litur-a-mynd\/#primaryimage","url":"https:\/\/velarogverkfaeri.is\/wp-content\/uploads\/2026\/02\/9e109d59-0f66-4a5e-b928-441ce98e38cc.png","contentUrl":"https:\/\/velarogverkfaeri.is\/wp-content\/uploads\/2026\/02\/9e109d59-0f66-4a5e-b928-441ce98e38cc.png","width":475,"height":253},{"@type":"BreadcrumbList","@id":"https:\/\/velarogverkfaeri.is\/lykillausnir\/hurdabunadur-lykillausnir\/skrufur\/product\/randi-skrufur-m4x39mm-messing-64094-020-ekki-rettur-litur-a-mynd\/#breadcrumb","itemListElement":[{"@type":"ListItem","position":1,"name":"Home","item":"https:\/\/velarogverkfaeri.is\/"},{"@type":"ListItem","position":2,"name":"Vefverslun","item":"https:\/\/velarogverkfaeri.is\/vefverslun\/"},{"@type":"ListItem","position":3,"name":"RANDI Skr\u00fafur M4x39mm Messing 64094-020 (EKKI R\u00c9TTUR LITUR \u00c1 MYND)"}]},{"@type":"WebSite","@id":"https:\/\/velarogverkfaeri.is\/en\/#website","url":"https:\/\/velarogverkfaeri.is\/en\/","name":"V\u00e9lar & Verkf\u00e6ri","description":"Umbo\u00f0s- og heildverslun fr\u00e1 \u00e1rinu 1919","publisher":{"@id":"https:\/\/velarogverkfaeri.is\/en\/#organization"},"potentialAction":[{"@type":"SearchAction","target":{"@type":"EntryPoint","urlTemplate":"https:\/\/velarogverkfaeri.is\/en\/?s={search_term_string}"},"query-input":{"@type":"PropertyValueSpecification","valueRequired":true,"valueName":"search_term_string"}}],"inLanguage":"en-US"},{"@type":"Organization","@id":"https:\/\/velarogverkfaeri.is\/en\/#organization","name":"V\u00e9lar & Verkf\u00e6ri","url":"https:\/\/velarogverkfaeri.is\/en\/","logo":{"@type":"ImageObject","inLanguage":"en-US","@id":"https:\/\/velarogverkfaeri.is\/en\/#\/schema\/logo\/image\/","url":"https:\/\/velarogverkfaeri.is\/wp-content\/uploads\/2021\/10\/vv_logo_350x100.png","contentUrl":"https:\/\/velarogverkfaeri.is\/wp-content\/uploads\/2021\/10\/vv_logo_350x100.png","width":350,"height":100,"caption":"V\u00e9lar & Verkf\u00e6ri"},"image":{"@id":"https:\/\/velarogverkfaeri.is\/en\/#\/schema\/logo\/image\/"},"sameAs":["https:\/\/www.facebook.com\/VelarOgVerkfaeri"]}]}},"_links":{"self":[{"href":"https:\/\/velarogverkfaeri.is\/en\/wp-json\/wp\/v2\/product\/42252","targetHints":{"allow":["GET"]}}],"collection":[{"href":"https:\/\/velarogverkfaeri.is\/en\/wp-json\/wp\/v2\/product"}],"about":[{"href":"https:\/\/velarogverkfaeri.is\/en\/wp-json\/wp\/v2\/types\/product"}],"replies":[{"embeddable":true,"href":"https:\/\/velarogverkfaeri.is\/en\/wp-json\/wp\/v2\/comments?post=42252"}],"wp:featuredmedia":[{"embeddable":true,"href":"https:\/\/velarogverkfaeri.is\/en\/wp-json\/wp\/v2\/media\/80401"}],"wp:attachment":[{"href":"https:\/\/velarogverkfaeri.is\/en\/wp-json\/wp\/v2\/media?parent=42252"}],"wp:term":[{"taxonomy":"product_brand","embeddable":true,"href":"https:\/\/velarogverkfaeri.is\/en\/wp-json\/wp\/v2\/product_brand?post=42252"},{"taxonomy":"product_cat","embeddable":true,"href":"https:\/\/velarogverkfaeri.is\/en\/wp-json\/wp\/v2\/product_cat?post=42252"},{"taxonomy":"product_tag","embeddable":true,"href":"https:\/\/velarogverkfaeri.is\/en\/wp-json\/wp\/v2\/product_tag?post=42252"}],"curies":[{"name":"wp","href":"https:\/\/api.w.org\/{rel}","templated":true}]}}