{"id":42221,"date":"2023-06-08T19:21:28","date_gmt":"2023-06-08T19:21:28","guid":{"rendered":"https:\/\/vv-dev.webdev.is\/?post_type=product&#038;p=42221"},"modified":"2026-03-06T02:15:33","modified_gmt":"2026-03-06T02:15:33","slug":"usag-skrall-3-4-237-e-3-4-515-u02370048","status":"publish","type":"product","link":"https:\/\/velarogverkfaeri.is\/en\/verkfaeralausnir\/handverkfaeri\/skralllyklar\/product\/usag-skrall-3-4-237-e-3-4-515-u02370048\/","title":{"rendered":"USAG Skrall 3\/4&#8243; 237 E 3\/4.515 U02370048"},"content":{"rendered":"<p><img decoding=\"async\" src=\"data:image\/png;base64,iVBORw0KGgoAAAANSUhEUgAAAdkAAABoCAYAAAC9popmAAAAAXNSR0IArs4c6QAAAARnQU1BAACxjwv8YQUAAAAJcEhZcwAADsMAAA7DAcdvqGQAACYoSURBVHhe7Z3da1tJtujX7TQzgxvCpmOMsRUQsXJummNMzpEIDgzC\/SZd8pCcp56DIc6c8+jHfvTDQPQXJHlOzERcMnToCXmINDmHGSOYjiYtQzBhYnKVOSKWc4yRMyJzO93MHSZ3rfrYu3Zp762tr\/gj60ero\/1VtWrVqlpVq7Zc\/+MdAgzDMAzDDJ2P1L8MwzAMwwwZdrIMwzAMMyLYyTIMwzDMiGAnyzAMwzAjgp0swzAMw4wIdrIMwzAMMyLYyTIMwzDMiGAnyzAMwzAjgp0swzAMw4wIdrIMwzAMMyLYyTIMwzDMiDj2C0R931dqxQLcvF+Bl59kYW5KnYQmlG9cgzsPK1Cp4GfjLZw6l4Lj6mowNSgWX8Gcl8gQsNPE48JN2PDJuj8IvW2MQbarIFKX1WODyCzLff+lkd92GYq\/\/wnMnVa1gsc3rpXh9cw5SEVXVH+sF6Fw8z5UTBn0ObSRje9OwTktS0yk7b2EsewcRKkmvq4PC1SfX8OrfurK1fkGvB1VXQ+RZukGXPvN6+D+Q9jsHXjch+2EE9BWDgKqrA9j96d9Mup+4BBxMGay2GDLDQcyV1ZgMa3OIbXiKtScHKysrIjP0kwdVm+U0V1EsL4JDfV1aIwizcPINn4c\/O\/EpDxGmht1aKvvowc7rlIDnPQSrCxmjHMAOWEjS5B6cQ\/KJGdsyJqoUOPglYqJhnTeFu11ZWUZctPq9CHHmUiob0MgoK3sO+T4btXAycv+dGU5B0MsMRPC\/jtZqnjsOJN5q7Hi+WojCTm3MwVI5Och2a7B2ro6EUBzd\/hd\/ijSPJRMZ2BxeQWW817T3Nl7X7qhmXgZGsmcL3\/YbkE7eQaklSRgdgagtSMOYpKAzOIydzi9QDpHDzJ+RJwrTKNNodMxB\/gDE9BW9p0drDcnAwvDLCfTldhb3e3u7kKpVIKtrS04efIk5PN5mJiYUFf7hTpONVs1nClB4Z3VFylYsjo\/CtmVofN+Qlwzp5zYIev7\/Ndo1mw6dQrtYAeujgANUecbnCaI+yGdgfZ6Tc3k7DQlohx78yhxWaWDA4eVBWhRuZV\/SuLI0mvg4bIIKEyHgxJJEpLJBt5r6EONVrXr89KWum6d93cmnXqW+bdxtuh2ECJPmi1KuWUaqu4MH0szzOW5p5h\/HVJpB2rrnpw5VFpAjfnLatSXjZBz3QlIh9LYhDPiPMl0D+CSvx50HSydqGIaWuleXvp6mA5FuVAXtu1JmdpW\/Xl02qosL6j76Xr1xBLM7626NqbzstF5SQxbE7K2YD4PUDbswtRThw0Twq7GYa1QhXHDbv35BNSbz\/4I7x5\/PmZ7oHJjPvkU1EtSr6bORJ6xbZDysuzGbCMd+pByzG5YeahySH3vSPmUvLJecpB6UXbt21cvln1o\/Hbgb2\/axrx+AAm1d6t8tq269ROgx5A87Oc8vHrqWm5LLv81f3\/gJJMAjTakDNuSWP2Grjtdb1fGoerq1rS\/kOfUYVibJXx22WErwc8Mk9hrsnfv3hUOlnjz5o1wumfPnhXH\/dIs\/RIe\/NcPAO26XHPFj16TfVN\/DE\/e\/QNcsNYzXm1UALvwwHWOqbksnPpuA578eAFnJl+49wglt1G5X\/4cLmSzkP3kOdz5qgJyLclr0F\/+2wXI4vWx53fgbkWuV5wJTPMVbFTq0Ph+Cr5QaY69fAiVJ51rHKIcz57C37CxLX9BaVXg7q+q8KPP5XH2k5dwv7Sh1gOjZTlORvHVH2ESG5Z4NvtX2Lhfx9Gp0ocyGgoHyetjsHFTr7m9gfrjJ\/D2pH9N9vjpj+Dlww34v3rtZP23cL\/ehh++\/9gtS+2396E1cxEungYjjeOQOkflruA1Ka9Yz\/pLHR4\/+RP86cfotEhf2VPwdmMNKs8716ZqxZuiE5Ky4n2Vu8FrxliuXz74E\/yAzaGu7MRbk52CuZlX8LVYZ0LZ\/vEL+Nd\/9i8C6TpoTH2h9DoGL++X3TV1cf37RIgOszBV\/waen04BVrpre7LTIqePnYgtr6LTVqXdwGmZL11\/+uyJaxvZmbfw+ME3netYVP5vPnVtTdjvf7yS9SP0\/Ud4+rcQfaMzuVlH5+I++xIqLe1sSJ4mjP2TzM8s0xfi3g24+bXKR4mCjUzIufHkR7Ag7pPr2NFtjPJ5Cn9see3FVQnSmw0+j24jHfqQaYo6\/vOncJbuEQ6Wwt1fKlvx60HWSwumfvYl\/PyC1JmwLSEfdva\/fAB\/1+1X6PuJaM+egyX87c3uB4QO1yrwvOO9js4+IPv\/NqD8LgU\/+b1VP5hG5as7bhpRefwU9eDWva4jUY+v4dNY5bblOgWvf7Pqttda8RpUfvDqf2q7AtX\/RnNRaWtEn\/\/nWU+G6TY8\/8sU2pCqt4bZp96HsnoHgp775lPdfmWd\/+e2WkOPaLOvLLs8tVeG1T98hGn+XdTj63\/09Dz15jm8mZoa+hp17HCxdrAa+7h3KOyLYwgaaak115V8EhrY0OOtqVGlF6CgPjdKYSu1Ndik9d5LxqgnvQAZBzvsDXyG1ltxdHPRGMFkPs+Ag47\/aRc5kue9NDOf4cit3YLASCWmr0M0iQkH\/5+EM7pBTo7jWLINLcqriyxi\/RP15TXmDJzBbDVB1ylfUc5QJmFc6wKpPaPQfQ6Sblmk\/lJzvYzwUN8ot4RCuFhmTM+WIrNodkwJlANv2+2UtfY7Gm3SqFbZyQrK18CGpetchfvoWuhI1KdXqbfGs5o69hA6NOqLSKA+fPMN7KTtWTU5KG2LhUIRtRYTs76mZyFl1IULlc8ctZPN+GwtXN\/xlzqa8PQFzcqNmSu1E+z8urWDrm1MYbYXPz3YYKz2aurDgjpk4WDtGZZFEmeE+nr6DFoftlEhzA604qrUxrQrUdcB9i7e\/0jiTNzQVDqHsgTUD9rFvG3HcfKIIqzcHXpPQO489tci7876T8ylsBZCMG13OgMZtx78aYg+tbEp2lIiv+xr25MnsNfck6mEt9kAuWjJUaVJ6DSIRDoTYp+DEdvJUojYxD7uGbGugx2nGS6xG2ZAx+yRgUW3043oXEU+NqpDRwUHdkLTyvF5+n8vdJOl2\/qnuI7Ox+vsCyJEZBpSJ7JTbr94iromo6QBADmhBmzS2rdoXCmYjeqQBoBmQFrWjpCmoCk6NV\/ngt8W0lrm\/qBGGmRfQofOeHhjI\/2KMCM5IA\/qBLQtrtgh1th4dtkBOQddr0aIqxskl3hhUD9LDsZ0hi7SeTRK6j7xofBcjHbQpY11J74NDtRe2zVYJd2ZjqRnqN\/JAbh6Qh055sB2MET5Al\/CC3buYXY8bIRcpD\/XNvBD4XjKO7D+gxHthEL5Ko3wyRFiTkAQcyBrhr5D26yQqw21W4bMOBtviDRxkLC8IkLr8nzcyV3vxHaytAarHatekx2IneiKESMhc8QjoAaIHe5nPXRhogHayI6b3vyTM0sLUTkOjL\/nFwMHlUU0ODMyoD+B6z4erq6pM1MvEdEokkapNKtwZmYDOuVBoTUWuSap5cwZs3KPAWYOEYQ1zK6dFun3CmpofRWKES\/g9Ydnlz4ovEnrVbo+Mf8ASwkGnfM9WovUz4a+DUyzSRrM6Pu8T1cH0qWNxSGuDQ7URnC2s2RHQfqgVpTr6q6OurSvXhDl6+j3CFk\/Nl0HhUNCyCX0Z5SbPmaEJS7pRfV8DpyodiR8hHzBjgbj4r0Jle8SDrI1oW1W2CXOZMVb8ObHawMUTRPn8g464x4iUD0Q28nSS06XL18WAtG\/A7\/0JGatDaiaxr6+hiNnFSoRoZAGlItesZulqghZmGGB7tCIGEczvzZ++iPyUeEnCongCO2eIYcIT45w9hZKF1lk+KTqjbiwA60asz\/RUZnXie1muMPQiLAS6hpHpu4AhmTBtKpaT0OHnKeZthxAdSJnrY1H5k+35FJDePgxALPjUnoLGqzJzt58gx0HA9ip+nRI4dsYSxsdjZ8ciPrq4rtu2KWBmEW4b1DjcS8\/m6K6RX35ZiCBo3Y5m\/TrGfNC++lOlzYWh7g2OHB7xZnogIMk4fx9M378GP3UQFD50ErMfrFWpM5f1U\/JcAQRdjx0lN79v+zAvoXsSNQd1j\/Wg0Yu8QSwjoMm9VViDo7MaAS2u0dUOLJ7Fc1yyylD55rwNqvs0pCL0DZdQ1l8BEYQBudj9e8+QNP1JfHGGNqowv82Y2ZxSbzNSlN8AY2kuoychMJvUQgAn1H302gFaCRU0Eql0Y0ezVD4hy5jPrqSrHw60xxXV4ZNF1lwBLi0ewNWbxWkoeK1HDqg8h4dINT5X6GXALDRq1PgOJCcuQiLkYEH2YBr6463ViwMtCxeGojqvKjDKZeUvDTL+1ye7w45z6pXFqz7DIWAxXc\/IuRJL+V4hiJmXD2F6LATqOLzypLCnxcOtAUF6kRL8pSTzMC47ZRoNA40wyxAPR38VmIifxEyaL+u3WE6NLBsySNFHe6hXLLcpl16iHUktD3dDpx0BrXlTyUM+q156zyO1I2yipeUsOPJLaoTiiA9O04SUpcWu4ZXo9tYHOLaYPf22hXRTkC2k2f09q06HwcK2z8axxndopcfnbtFg1tsj7HLGwYNAlqYnlG+JPaL+F3UD8j66WrHQ0fr3WsXVMdOeh6Wp7HcqP+WYaNiTR0HSDa1XRw04T1afnqjd5F0JtoXtv9HRvrUn6goAa3\/em0SbSuNEw6z3wtps9ouXR+COGgv88s4yH9UxftdSdBejTodIrF\/wsMwhxXx1mzAz8H2G+HsfD\/xGTYUkl+F+kznTy3I8b6fzvmIId5M1j8lUtA5crwHzL4OFWKgUg\/4yc\/hh50sc+T5cJ0sIX96YYap39\/s52gif+pkxFx6nUkznbCTZRiGYRimV\/b\/zyoyDMMwzBGFnSzDMAzDjAh2sgzDMAwzItjJMgzDMMyIYCfLMAzDMCOCnSzDMAzDjAh2sgzDMAwzItjJMgzDMMyIYCfLMAzDMCOCnSzDMAzDjAh2sgzDMAwzIo79AlHf3zO0G8g1uPOwApWK\/\/PykyzMTanbDiv0B6+v3YHH352Cc6ePq5PR0B8ev\/ab13DqXAriPTEAQr4yvJ45B6njsi6qx3rUex9ldMFni7\/\/Ccz1+hzTN81SEb4Zm8P6Vid6QNjmHz6C7EANswbF4iuYM9KgTRJu3n8JY9k52JcmPww77KUd0I49X796P22cORDs+0yW9hP071p\/tHYIcSaO\/t4c\/ZSxp43HmSHg3+h6X+jYtJ42z3bwv9Fslh2HYdrhh9DWmd7hcPGooI2Ej9iAoYMByrizxy72\/bIDrX1WeXPXFiABmcVlWNnHbeKGYocfQltn+ib2Vne7u7tQKpVga2sLTp48Cfl8HiYmJtTVfgjaUNoPhZKqJ3KQelGGGrUFtVO+2IfTPyTGYaTe09HaP9Pc65HCOrdaMJ8HKJf0HUnfBsz2XpHm3psd8oi0x2HNzY9219f7IZIcVRg39kf0y+3Pl9D7nmacGtRc8cz9RqXORN6EUTbx7N485KDs5RHxrJNMAjTaav9Gec23kbfQVc0d5QfvQeovY4d+EIpU+OvXKgPipP8XPvPAbwtic+y2oU+lP73\/qiWfv6zBhOu\/N5shXSzsGnZi5C11sATze6tuXn4dDNM+jWtRz9q68tmpRNvP0olqYLn0dd+xK4c\/vSA9Y6GNc4hK207XrtdO+1E2l09BvSTvE\/dMrKG9qAxMnYa2mSA7VHlZMkT2AaIcVDyzrYflifAG7x8e5GTjsLq6+u7q1avuh44HY+td6frVd9cfbKnjTr69TXldf1dqqhNE7fa7q9dL+LTCd\/ztu9som5mmSENfb5beXSf5b38rrmkZ9PHWg+uY321MRaHuv12Th7Y89rF43ieLda8pN14vWWWX+Xv52fnTdbts+rjbs3b+8n4tn9RD2LN2WTwCymjeR3UT+JxfdoFVrzIt8x4jrw75\/PUYhF1+Sk\/qv0ebsY\/V8z49m7KJ+7UOeszLKpesM8M+TZ11eVbmHVwXhLYfv769cojrOi3Ky9SlKYeoc0NG\/PZtUBqKjnSNPImtByUjLULK5dWlfSzLrctB6dv6jjrulMGvN1m\/th7990Tmadk5c\/SJHS6mGayJfdwv7fVVKBQK7udGidZpDJI4OzNH3B0hJwNa88FR40Vj5Jv5PANOuw5Pt9UJGnXjOUkCZmccFKKFY0+5ZpXMG7PL6RzM04TvWU2dQAx5Jk\/QelIKZtVxYkKmtSMPDWqwiYPs5Hlz9JqBnG+ErkD5F\/SMcXoWUpTkrtRJIr\/sG9VT\/u09I7fQZyl\/LPclL\/\/EXIpWwwIR61Q4QvdmrjLd+oZVN0GY9ZU+g\/OYNrQ6FdLJ5LhRTyQvzoDy+LQun6hbqetO+RKQO08VtYlP0izCs6dCkeouQv+92sw0yon\/JD\/TVjIJ40YdCUzZRD20pe6GbZ\/pBfwe59mY+GTLwBnb9jUUHjVnYqLuTLvHOndlykDGradoRL2aNowk8jmvvAZeXUr9OzOz6jgh60PZTdc2YxHL9q0+yabXPJmjTWwnSyFiE\/u4XyhEY7705A8NdUIGvDRTh1XdiVJIUTmPQAcsOsU4HX3wmpVwpL10VEFst1ACB8aH8HYHhde0AzHD2pGI\/OMj1qkaZc9RqbxG2lHYzih5BjtndNLCcaKbfNZwO9LAdTTq6EXnjg532XiRjsKQEfofzGbi4HX6w7DPRsmrk0KBQpLDkrOTSNunkKqWwwxFpxdh5UoK6rfUNTHIiYeoV2dcOcvh0UubGZbt99VOmSNJbCdLa7Daseo12X0BG\/e9FylYch2ztxYkZpI2sR2cHBHbDKXhD6nTpvUgsX6lyr6UDhB4CIjOldaaXB2rj143Gwly5kWdGTlUOVOk2VQDNtflTDw1J2tByGezo+o5aIYRof\/BbCYOTeEcnROTQ7FPWh+068WbdQ2XUNundUVa\/9UyXMHZuLokUC8CrawsQaaNztiOToUwlAGtRa9tZhi2\/77aKXM4iO1k6SWny5cvC6Ohfwd76WkAaMaDcxt3Jis+N6BM4Sma+bRrcM9o1LXf4SjbCOmGIzv5RqkoZk4CdOhVCjO6ocF+UaG3R2WvA8GOqriuvsdCdtaeLD38JEPNEkkXGqEX9d1GhJIbValTzTYFLEeLzJde3ErCGeU4Mp8lUW9VXx3q+zz9NaH8iCoKZ7\/qjJ8I\/Q9kMyGYjmJ9DWebaoAwDPs0y4A0sV6GhhnyjbB9MSM3dO37Gcx2DWqm3SBxf9oi6hX1s2bWa9Ff3t7ovc0MbvsDtFPmSPKx+nffEGuylrMJfpNVUivKt2BXjOvibUbsrHI42lxcoTf9jDQd803DaEQoGm4IB15W56Jk6YXM4hK0bqxi2trRJTFt+h7sFjqR644FCheW6NiBTBo9x5642AUKoeagVaAwmCxZMp+DJHYmgdBM5Aq9YYl5qVPgOJCcuQiLXcL5cSHnWS6peqKZA80UxGAAO2nHcJbkmEplaKf1mhsi5AMpn9AFotMIIUr\/g9hMMHW4hzYku1asJ\/et0yHYJ72Ni2lrHCcJqUuLkFPH4dBAAwcwqDMqdaBd40CsGsP2E\/l5SBq25KQzqM2W+N7c2YQq1pdOQ9SLSkM4sFvqOVVuH1Sv+ZZh43hbMgPj6PASfQ14ureZTjsc1PYHaafMUST2T3gOBvLVeP\/PfuQ5cryjCpsxTFzEgE\/\/zOgQIX5KQ8swAw0uGIaxOWR\/jELOyBzfG8nsYBmGYZiDySGbyTIMwzDM4eGQzWQZhmEY5vDATpZhGIZhRgQ7WYZhGIYZEexkGYZhGGZEsJNlGIZhmBHBTpZhGIZhRgQ7WYZhGIYZEexkGYZhGGZEsJNlGIZhmBHBTpZhGIZhRgQ7WYZhGIYZEcd+gajv7xnaPeca3HlYgUrF+Lwcg+zclLqnd2gXlJsbg6UxVLbLcONaGV7PnIPUcXVuKNSgWLgJ91FnG9+dgnOnh5p4Dyg54tQbbfb99Ss4dS4FPmm76UhcvwOPY5RzuPUvbbR6LAsyOSrr1\/Bq6HVJBLWHlzCWnQPK+sDZdSBdbKGHehwWpt5op6Frv3oMb0dSf\/GoFYvwak7W6aCI8vzhowNuE8y+z2Sd9JLYCF5+liDTLkOhqPf8ZMKoFWmPVak7b9u\/fYA2t3bwvxOT8niExN38+9BBg4+C3MLRawsrsJRuo+MdZNPy900GFvO0O\/6m2LPWRmzu7mTg4n7aKxrreL+b8Q9MDTYb6ivzwXDAwsUJmJ3BHjukkTKaJrTaB8TpTGPHujxiR0+beaPTOZrbGeLsr9QQg01bh7RJ+8ph29+VNtmHBlRL9tCgBmvrbXBmjM333zNCnyuLOBTYJ7ZbaiN\/5kMi9lZ3u7u7UCqVYGtrC06ePAn5fB4mJibU1X4I2oBdhkD8m0dTCKqMzVaBI2HfxtI0C8BOSpKEZLKB99Km2SCeo9ledPrq3N48PlWGskgqCbmVBWihfDXVKpJ5o5P35WldU+XSzzlJGtm3IXVlGXJiBO0vT1DnKgkrt3Ue8eePhMhHobPqiSWY31tV5bTzj5aNntfPSR1RhyXL6+3p6y+\/r75Irkfj\/vojKIx4qw6ptAO1dZ2BTp8guaowrnUo7q91dFhUzjPPaNP0DGTaNa8OQnWsCK1Pu2yWHHTGpxMHMuKa0oFjbd4u8gGjXEjQuQBEPqHlUnLlU1AvSb24ZbB1lfRk6tnuu9iHJqiN2eUU96DTlWi90ffOsvivRz2L+OrS7A8wV7rm2p+sI1\/\/o+1QpNcphyjvxJqXvt0XaXwyKB2C\/5zUdZAuTLtHrPoz60PXn8\/GmIMHOdk4rK6uvrt69ar7oePB2HpXun713fUHW+qY+PbdbUz7dk0dqmPznm9vY\/7XS\/g00iy9ux5w\/9Xb38rD2m2U9Tae1dD16+9KTXWo2HpwXZRJp2Mf+9OhNIw0hQzesU8+RKal87TLI3Xgya\/pUu7Q5wj5rHnt25qSnNIwrwnZ48lml4vuL4l7\/fdReW253WPSoy8NhapHt95Umt4xyabltMseIKdZx6LuOuvcg9IOq087L1MOlZdZHjMvn24JOy2JsI8gnVhEl0vWXUc6Sq+2rrRee7f7OLaLdMlXXLf15h53lsWn56hnO\/JVaZn9gfuslMm0Vfl8mE7t44DnBfI+Uy+6\/cn0DVtDpM6Nc13L49mAeNZtI8xBJXa4mGawJvZxv7TXV6FQKKiPnHm6I+f1TWhYaziZzzPgtOvwdBtHcrTGgyNzb6SdgTM4cXRJL0DGacDmujxslqqYXgpm9ajXBPNZUOkkJhz8fxLO6HQnx3G83IYWrT9iHovmSHPavEZrLjiyvuSNbhNzKbyu6ChPAnLnk9B4ZgXHu5Q7Du1dL1yXSRsjXVNf07OQctpQ38B7I2WTa0nJ8+aoPQM5Qz4NheTM2c3kCdTO3o46igL1hmWUqGWDdgvnGzY7IlQeSRJnZ7qORfgS60eIQLMTbWsFuCFCmlH1GUVnXUt7U\/qczsF8Un0n1tdwdmjYVD+Elkvir5+g9iHr1LccE9fu49ouIcqO2ehr20+h3jbql8L\/5gyQ8sG6Nq3ELEvmM0xMX494tmt\/0AeeHJMwjurxwt0JcRxm26Htz0cTnr5o4+zUsD+yIQjv36iuXJtiDgWxnSyFiE3s436hEIz5ssdFuIcdYFF0As3dgN5Ud4Jo2zt73Xpb2Vk3HtHLI8qgrY6oP8zO2gjddllzEeVp12DV6OhFCMlyJt3KHQ05jSVIvdCDF6nLYLyOIlI2US4HxmO+20RhLJ2GFwYbFlS+HEBJyynDsl5HFAU969maNxgIqc8oAuva3\/GSc2iTc8XvtWe07kodqB\/h2CwHMywC24dvwBifuLarEY6xUYWydhb24JbCoDqdgNB\/JCHPdu8P3ge9tD85YGy4tkwfCtUb\/VujbFyT7SneoJU5KMR2srQGqx2rXpMdBYn8PI6l5exTjqwteuzwRXrYOawVqbPzRu19Ixo4rcvpzjqH8sZDlAdnA0tGRy8+1rrO4OXGWcayTDv6DVX1AtWJyWjZYjt4dCZF7AhonUg9v5QOKMuA0JvVkDdkHGRNqt\/6FDqx8fQpUJGUarEI1UYS5gNm\/uEvCg0ORRE62FF2FBTNiSCu7bq4s\/qyeOHJN7ilNctbLZjXaVzJBOgyhEGefW\/EbX9ydkzrrK4+1YcGjaL+cCZrX+M12MNFbCdLLzldvnxZVDL9O9hLT+GIkK4OWVEHhA7yntEB1X6HI1c1KjZHywLsMKsd0xByrDibbWCqw5jFUidljsopjKa+6vAryagR8qrvujxrKnwtwTm2PavoUu5omlBbt5q0M+6V25x5iBCmA6k5vBopmwy7yYiAAju7ou9eQjqZ5Ge6E5DRg2FD9e4f\/eOn3599RdVnJKQTrOtfmzox9CmQIdU22p4MAwaBM588zXhXVfjagwYsg\/ycTSxV4EzIq6cmlB+hLMkzIbJEENd2XWQUqb1e89qzQsyKDRnETFd970bUs\/H6A01nuLcXOcLp0v58mJE2j+a2PJL1Z5SHwGtW6swB52P1774h1mR9Ddd8u45CL\/SWsHEPjab16Dm9CEu7N2D1VkGGZPBaDh1qeY8OPISxrrcGWw\/TUGf5aBVWC6rzS2bEiF1CI9gctAoU4sHZFpLM48wIG4pElwc7z5I6heNwJz0Py9Nmt9el3FFs78AmNtqymz7p00y7Dvcwfymx+WZmtGyZxSXx1qlbbkw3mafv5tRaOpUCOUCRBqafxo7Pqo+BoJknvSGKNuLqgs7dos4oA+PqVGwi6zOajFSYoRNTnwpyTqU2jLuONwC045U0hayttkCzmM8n++9Uaf3yCqBujDqlNPuaCcW1XQ8RRVqn9yz8Awxx3mgjTjqD1tQS37sR+WzM\/kCTWczBZkdadfG9b6LanxiEr0IZdVjWtpJfhiV6SxjPaRwnCalLi2hHVH9k26hzdQ0vQnLmIg7MuvYEzAEh9k94DjM0I6CfrgT93OBDQv4MpN9O9oAgfh4R8DOYoJ8GHQD4ZxYM82FzwP4YxfChTq4cth7GHD5otkLrXDSj0p8D6mDJ+a\/izNR7a5phmA+ND2ImyzAMwzD7wZGfyTIMwzDMfsFOlmEYhmFGBDtZhmEYhhkR7GQZhmEYZkSwk2UYhmGYEcFOlmEYhmFGBDtZhmEYhhkR7GQZhmEYZkSwk2UYhmGYEcFOlmEYhmFGxIH4s4riD9f7tqTydjMRf2D9Repg\/m3aA06zVISnc7SbhzohdqupAaR5swSGYZj3wf7OZKnTF9s+WRsT5x2o3SrK7aqYPgnfy9WZYAfLMAzzPthHJ9uE8q9r0A7a35L21zS3MmP6YEdsoO6D9qfEQcziMPbVZRiGYboSO1y8u7sLpVIJtra24OTJk5DP52FiYkJd7QMRuqxDyt7k2kKHizNODWo6pGw4ZrlXbA5SL8pQI6fiXqNNsMvgRqHNTc9F3i2YzwOUS\/KOZH4FFmjD53XlmSzn7wtpR2ygHnif2AO1IfLQDk6Ui7ZBE+X3y+pY4Vx\/OF1tah+wr6q4j6ICn7dEWNjzsTr8TvlUYdzQuT9t\/6bjdM2nW8SWjWEYhgnn2C8Q9T2Su3fvCgdLvHnzRjjds2fPiuO++D9VeFj\/CcxdmIMpdSqIN\/XH8OS\/\/gQ\/Or8Cy19kITvzFjbWKvD8kyzM4YOvNirw9FkLpn72Jfz8Al6nk8rBttEhfPlvFyCbzcLY8ztwt\/IWTp1LwfG\/1OHxkz\/C07\/Nw8ryFyLNyld3oPrjBXmcHYOX98uwofIQjqiNDvPLn8MFTOvUXhlW\/\/CRyssj9L5cDrKfvIT7pQ0Yy2J50cn\/8sHfYWHl3yF73Jb1FLz+zSpUjwXnnc3+FTZKf4fUJw2o1AFSlJ7Kn3SBwxbI\/jQL56gMlRYOYkgv5yB1XNwBG5UmjP2TPO5I+5PncOerCrydkdc7dItleFh54l5nGIZhookdLtYOVmMfjxScES7oEOf0LKQcgPZuU51AkvP+2fD6JjTwmYvGjIs2znbadXi6rU7QrE1vpj09jkeYzGd6TjgJ424eNdhs4L2XvJlrIj8PycamtWbc5b70IuSSDSgXyyJM7uTVDLRD1gTkzieh8YyeojRRrvPmrDkDuaHMJDvlhfQCZJw21DdCdJs+g\/PoNrR21DHDMAwTSWwnSyFiE\/u4ZybJsWGH7Tq94dHctRcjEeFI+3AQ2y18qg21WwUoFPSHQruW7DHuyyzm0OnW0L15gwYha7sGq+4z+KEQdrsFTZGmA+OT8t6hItK2ScjBxR57UYZhmGEQ28nSGqx2rHpNdiDEjBSd0u+G\/w5xYoLmpRb9OizhnGmt0nj7WXysteQY99VwFttIZtDF1uBeSc4Whay0dut7Bj+0ltvvwCAOavbupylelnJOjMKrMwzDfHjEdrL0ktPly5eFA6B\/B3rpSZCA3KUMOI0yFIp+R0svBRVulLHL7xMKa+LsUDsygpx520nBrOkYY5GBM8nOwUBz25auy33rRbn+ibNZKjes34MyzXCVrGvr8jZJE5+jfylNgMYjQxeYTpHu7YgEyNByfJS8vzbTXoNa24HU3DDC0QzDMEzsF59GwvEUnMuegreVu3DnYQUqFfl58v0sLF2axevHAejFpz9\/CmfphSXx0Bs89QRef3oWzp0+7r3s43sJaQrmsmPw\/Fd34b5Ks45OxX0jWLz49Bo+VS8AyReC6gCn5ctGdh5Tc1kY27gJN+97MjYaH8NHKJMv15D73uyV4X9XfoDMz\/4V\/pnyw3JPffcYHjx4DG9nLsK\/XBiDjZs3XVkrlQY0jn2EeU9hmqifxw\/ggdZPHefLp\/8Kc\/8zq9J4qJ75G6TSWJLvE0oXU\/DXl3htTT73UrzE5X\/xSchLL4RpeVEF5tvFnbq19cQwDMNEcSD+4hPDMAzDHEX28Y9RMAzDMMzRhp0swzAMw4wIdrIMwzAMMyLYyTIMwzDMiGAnyzAMwzAjgp0swzAMw4wIdrIMwzAMMyLYyTIMwzDMiGAnyzAMwzAjgp0swzAMw4wEgP8PQCVt+cXItkYAAAAASUVORK5CYII=\" alt=\"\"><\/p>","protected":false},"excerpt":{"rendered":"<p>Tegund:&nbsp;U02370048<\/p>","protected":false},"featured_media":81020,"comment_status":"closed","ping_status":"closed","template":"","meta":[],"product_brand":[],"product_cat":[588,780,515],"product_tag":[],"class_list":{"0":"post-42221","1":"product","2":"type-product","3":"status-publish","4":"has-post-thumbnail","6":"product_cat-handverkfaeri","7":"product_cat-skralllyklar","8":"product_cat-verkfaeralausnir","10":"first","11":"instock","12":"taxable","13":"shipping-taxable","14":"purchasable","15":"product-type-simple"},"yoast_head":"<!-- This site is optimized with the Yoast SEO plugin v27.3 - https:\/\/yoast.com\/product\/yoast-seo-wordpress\/ -->\n<title>USAG Skrall 3\/4&quot; 237 E 3\/4.515 U02370048 - V\u00e9lar &amp; Verkf\u00e6ri<\/title>\n<meta name=\"robots\" content=\"index, follow, max-snippet:-1, max-image-preview:large, max-video-preview:-1\" \/>\n<link rel=\"canonical\" href=\"https:\/\/velarogverkfaeri.is\/en\/verkfaeralausnir\/handverkfaeri\/skroll-og-ataksmaelar\/product\/usag-skrall-3-4-237-e-3-4-515-u02370048\/\" \/>\n<meta property=\"og:locale\" content=\"en_US\" \/>\n<meta property=\"og:type\" content=\"article\" \/>\n<meta property=\"og:title\" content=\"USAG Skrall 3\/4&quot; 237 E 3\/4.515 U02370048 - V\u00e9lar &amp; Verkf\u00e6ri\" \/>\n<meta property=\"og:description\" content=\"Tegund:&nbsp;U02370048\" \/>\n<meta property=\"og:url\" content=\"https:\/\/velarogverkfaeri.is\/en\/verkfaeralausnir\/handverkfaeri\/skroll-og-ataksmaelar\/product\/usag-skrall-3-4-237-e-3-4-515-u02370048\/\" \/>\n<meta property=\"og:site_name\" content=\"V\u00e9lar &amp; Verkf\u00e6ri\" \/>\n<meta property=\"article:publisher\" content=\"https:\/\/www.facebook.com\/VelarOgVerkfaeri\" \/>\n<meta property=\"article:modified_time\" content=\"2026-03-06T02:15:33+00:00\" \/>\n<meta name=\"twitter:card\" content=\"summary_large_image\" \/>\n<script type=\"application\/ld+json\" class=\"yoast-schema-graph\">{\"@context\":\"https:\\\/\\\/schema.org\",\"@graph\":[{\"@type\":\"WebPage\",\"@id\":\"https:\\\/\\\/velarogverkfaeri.is\\\/verkfaeralausnir\\\/handverkfaeri\\\/skroll-og-ataksmaelar\\\/product\\\/usag-skrall-3-4-237-e-3-4-515-u02370048\\\/\",\"url\":\"https:\\\/\\\/velarogverkfaeri.is\\\/verkfaeralausnir\\\/handverkfaeri\\\/skroll-og-ataksmaelar\\\/product\\\/usag-skrall-3-4-237-e-3-4-515-u02370048\\\/\",\"name\":\"USAG Skrall 3\\\/4\\\" 237 E 3\\\/4.515 U02370048 - V\u00e9lar &amp; Verkf\u00e6ri\",\"isPartOf\":{\"@id\":\"https:\\\/\\\/velarogverkfaeri.is\\\/en\\\/#website\"},\"primaryImageOfPage\":{\"@id\":\"https:\\\/\\\/velarogverkfaeri.is\\\/verkfaeralausnir\\\/handverkfaeri\\\/skroll-og-ataksmaelar\\\/product\\\/usag-skrall-3-4-237-e-3-4-515-u02370048\\\/#primaryimage\"},\"image\":{\"@id\":\"https:\\\/\\\/velarogverkfaeri.is\\\/verkfaeralausnir\\\/handverkfaeri\\\/skroll-og-ataksmaelar\\\/product\\\/usag-skrall-3-4-237-e-3-4-515-u02370048\\\/#primaryimage\"},\"thumbnailUrl\":\"https:\\\/\\\/velarogverkfaeri.is\\\/wp-content\\\/uploads\\\/2026\\\/03\\\/2d7592eb-805f-46ab-8ed2-325fef7f2ed9.png\",\"datePublished\":\"2023-06-08T19:21:28+00:00\",\"dateModified\":\"2026-03-06T02:15:33+00:00\",\"breadcrumb\":{\"@id\":\"https:\\\/\\\/velarogverkfaeri.is\\\/verkfaeralausnir\\\/handverkfaeri\\\/skroll-og-ataksmaelar\\\/product\\\/usag-skrall-3-4-237-e-3-4-515-u02370048\\\/#breadcrumb\"},\"inLanguage\":\"en-US\",\"potentialAction\":[{\"@type\":\"ReadAction\",\"target\":[\"https:\\\/\\\/velarogverkfaeri.is\\\/verkfaeralausnir\\\/handverkfaeri\\\/skroll-og-ataksmaelar\\\/product\\\/usag-skrall-3-4-237-e-3-4-515-u02370048\\\/\"]}]},{\"@type\":\"ImageObject\",\"inLanguage\":\"en-US\",\"@id\":\"https:\\\/\\\/velarogverkfaeri.is\\\/verkfaeralausnir\\\/handverkfaeri\\\/skroll-og-ataksmaelar\\\/product\\\/usag-skrall-3-4-237-e-3-4-515-u02370048\\\/#primaryimage\",\"url\":\"https:\\\/\\\/velarogverkfaeri.is\\\/wp-content\\\/uploads\\\/2026\\\/03\\\/2d7592eb-805f-46ab-8ed2-325fef7f2ed9.png\",\"contentUrl\":\"https:\\\/\\\/velarogverkfaeri.is\\\/wp-content\\\/uploads\\\/2026\\\/03\\\/2d7592eb-805f-46ab-8ed2-325fef7f2ed9.png\",\"width\":830,\"height\":331},{\"@type\":\"BreadcrumbList\",\"@id\":\"https:\\\/\\\/velarogverkfaeri.is\\\/verkfaeralausnir\\\/handverkfaeri\\\/skroll-og-ataksmaelar\\\/product\\\/usag-skrall-3-4-237-e-3-4-515-u02370048\\\/#breadcrumb\",\"itemListElement\":[{\"@type\":\"ListItem\",\"position\":1,\"name\":\"Home\",\"item\":\"https:\\\/\\\/velarogverkfaeri.is\\\/\"},{\"@type\":\"ListItem\",\"position\":2,\"name\":\"Vefverslun\",\"item\":\"https:\\\/\\\/velarogverkfaeri.is\\\/vefverslun\\\/\"},{\"@type\":\"ListItem\",\"position\":3,\"name\":\"USAG Skrall 3\\\/4&#8243; 237 E 3\\\/4.515 U02370048\"}]},{\"@type\":\"WebSite\",\"@id\":\"https:\\\/\\\/velarogverkfaeri.is\\\/en\\\/#website\",\"url\":\"https:\\\/\\\/velarogverkfaeri.is\\\/en\\\/\",\"name\":\"V\u00e9lar & Verkf\u00e6ri\",\"description\":\"Umbo\u00f0s- og heildverslun fr\u00e1 \u00e1rinu 1919\",\"publisher\":{\"@id\":\"https:\\\/\\\/velarogverkfaeri.is\\\/en\\\/#organization\"},\"potentialAction\":[{\"@type\":\"SearchAction\",\"target\":{\"@type\":\"EntryPoint\",\"urlTemplate\":\"https:\\\/\\\/velarogverkfaeri.is\\\/en\\\/?s={search_term_string}\"},\"query-input\":{\"@type\":\"PropertyValueSpecification\",\"valueRequired\":true,\"valueName\":\"search_term_string\"}}],\"inLanguage\":\"en-US\"},{\"@type\":\"Organization\",\"@id\":\"https:\\\/\\\/velarogverkfaeri.is\\\/en\\\/#organization\",\"name\":\"V\u00e9lar & Verkf\u00e6ri\",\"url\":\"https:\\\/\\\/velarogverkfaeri.is\\\/en\\\/\",\"logo\":{\"@type\":\"ImageObject\",\"inLanguage\":\"en-US\",\"@id\":\"https:\\\/\\\/velarogverkfaeri.is\\\/en\\\/#\\\/schema\\\/logo\\\/image\\\/\",\"url\":\"https:\\\/\\\/velarogverkfaeri.is\\\/wp-content\\\/uploads\\\/2021\\\/10\\\/vv_logo_350x100.png\",\"contentUrl\":\"https:\\\/\\\/velarogverkfaeri.is\\\/wp-content\\\/uploads\\\/2021\\\/10\\\/vv_logo_350x100.png\",\"width\":350,\"height\":100,\"caption\":\"V\u00e9lar & Verkf\u00e6ri\"},\"image\":{\"@id\":\"https:\\\/\\\/velarogverkfaeri.is\\\/en\\\/#\\\/schema\\\/logo\\\/image\\\/\"},\"sameAs\":[\"https:\\\/\\\/www.facebook.com\\\/VelarOgVerkfaeri\"]}]}<\/script>\n<!-- \/ Yoast SEO plugin. -->","yoast_head_json":{"title":"USAG Skrall 3\/4\" 237 E 3\/4.515 U02370048 - V\u00e9lar &amp; Verkf\u00e6ri","robots":{"index":"index","follow":"follow","max-snippet":"max-snippet:-1","max-image-preview":"max-image-preview:large","max-video-preview":"max-video-preview:-1"},"canonical":"https:\/\/velarogverkfaeri.is\/en\/verkfaeralausnir\/handverkfaeri\/skroll-og-ataksmaelar\/product\/usag-skrall-3-4-237-e-3-4-515-u02370048\/","og_locale":"en_US","og_type":"article","og_title":"USAG Skrall 3\/4\" 237 E 3\/4.515 U02370048 - V\u00e9lar &amp; Verkf\u00e6ri","og_description":"Tegund:&nbsp;U02370048","og_url":"https:\/\/velarogverkfaeri.is\/en\/verkfaeralausnir\/handverkfaeri\/skroll-og-ataksmaelar\/product\/usag-skrall-3-4-237-e-3-4-515-u02370048\/","og_site_name":"V\u00e9lar &amp; Verkf\u00e6ri","article_publisher":"https:\/\/www.facebook.com\/VelarOgVerkfaeri","article_modified_time":"2026-03-06T02:15:33+00:00","twitter_card":"summary_large_image","schema":{"@context":"https:\/\/schema.org","@graph":[{"@type":"WebPage","@id":"https:\/\/velarogverkfaeri.is\/verkfaeralausnir\/handverkfaeri\/skroll-og-ataksmaelar\/product\/usag-skrall-3-4-237-e-3-4-515-u02370048\/","url":"https:\/\/velarogverkfaeri.is\/verkfaeralausnir\/handverkfaeri\/skroll-og-ataksmaelar\/product\/usag-skrall-3-4-237-e-3-4-515-u02370048\/","name":"USAG Skrall 3\/4\" 237 E 3\/4.515 U02370048 - V\u00e9lar &amp; Verkf\u00e6ri","isPartOf":{"@id":"https:\/\/velarogverkfaeri.is\/en\/#website"},"primaryImageOfPage":{"@id":"https:\/\/velarogverkfaeri.is\/verkfaeralausnir\/handverkfaeri\/skroll-og-ataksmaelar\/product\/usag-skrall-3-4-237-e-3-4-515-u02370048\/#primaryimage"},"image":{"@id":"https:\/\/velarogverkfaeri.is\/verkfaeralausnir\/handverkfaeri\/skroll-og-ataksmaelar\/product\/usag-skrall-3-4-237-e-3-4-515-u02370048\/#primaryimage"},"thumbnailUrl":"https:\/\/velarogverkfaeri.is\/wp-content\/uploads\/2026\/03\/2d7592eb-805f-46ab-8ed2-325fef7f2ed9.png","datePublished":"2023-06-08T19:21:28+00:00","dateModified":"2026-03-06T02:15:33+00:00","breadcrumb":{"@id":"https:\/\/velarogverkfaeri.is\/verkfaeralausnir\/handverkfaeri\/skroll-og-ataksmaelar\/product\/usag-skrall-3-4-237-e-3-4-515-u02370048\/#breadcrumb"},"inLanguage":"en-US","potentialAction":[{"@type":"ReadAction","target":["https:\/\/velarogverkfaeri.is\/verkfaeralausnir\/handverkfaeri\/skroll-og-ataksmaelar\/product\/usag-skrall-3-4-237-e-3-4-515-u02370048\/"]}]},{"@type":"ImageObject","inLanguage":"en-US","@id":"https:\/\/velarogverkfaeri.is\/verkfaeralausnir\/handverkfaeri\/skroll-og-ataksmaelar\/product\/usag-skrall-3-4-237-e-3-4-515-u02370048\/#primaryimage","url":"https:\/\/velarogverkfaeri.is\/wp-content\/uploads\/2026\/03\/2d7592eb-805f-46ab-8ed2-325fef7f2ed9.png","contentUrl":"https:\/\/velarogverkfaeri.is\/wp-content\/uploads\/2026\/03\/2d7592eb-805f-46ab-8ed2-325fef7f2ed9.png","width":830,"height":331},{"@type":"BreadcrumbList","@id":"https:\/\/velarogverkfaeri.is\/verkfaeralausnir\/handverkfaeri\/skroll-og-ataksmaelar\/product\/usag-skrall-3-4-237-e-3-4-515-u02370048\/#breadcrumb","itemListElement":[{"@type":"ListItem","position":1,"name":"Home","item":"https:\/\/velarogverkfaeri.is\/"},{"@type":"ListItem","position":2,"name":"Vefverslun","item":"https:\/\/velarogverkfaeri.is\/vefverslun\/"},{"@type":"ListItem","position":3,"name":"USAG Skrall 3\/4&#8243; 237 E 3\/4.515 U02370048"}]},{"@type":"WebSite","@id":"https:\/\/velarogverkfaeri.is\/en\/#website","url":"https:\/\/velarogverkfaeri.is\/en\/","name":"V\u00e9lar & Verkf\u00e6ri","description":"Umbo\u00f0s- og heildverslun fr\u00e1 \u00e1rinu 1919","publisher":{"@id":"https:\/\/velarogverkfaeri.is\/en\/#organization"},"potentialAction":[{"@type":"SearchAction","target":{"@type":"EntryPoint","urlTemplate":"https:\/\/velarogverkfaeri.is\/en\/?s={search_term_string}"},"query-input":{"@type":"PropertyValueSpecification","valueRequired":true,"valueName":"search_term_string"}}],"inLanguage":"en-US"},{"@type":"Organization","@id":"https:\/\/velarogverkfaeri.is\/en\/#organization","name":"V\u00e9lar & Verkf\u00e6ri","url":"https:\/\/velarogverkfaeri.is\/en\/","logo":{"@type":"ImageObject","inLanguage":"en-US","@id":"https:\/\/velarogverkfaeri.is\/en\/#\/schema\/logo\/image\/","url":"https:\/\/velarogverkfaeri.is\/wp-content\/uploads\/2021\/10\/vv_logo_350x100.png","contentUrl":"https:\/\/velarogverkfaeri.is\/wp-content\/uploads\/2021\/10\/vv_logo_350x100.png","width":350,"height":100,"caption":"V\u00e9lar & Verkf\u00e6ri"},"image":{"@id":"https:\/\/velarogverkfaeri.is\/en\/#\/schema\/logo\/image\/"},"sameAs":["https:\/\/www.facebook.com\/VelarOgVerkfaeri"]}]}},"_links":{"self":[{"href":"https:\/\/velarogverkfaeri.is\/en\/wp-json\/wp\/v2\/product\/42221","targetHints":{"allow":["GET"]}}],"collection":[{"href":"https:\/\/velarogverkfaeri.is\/en\/wp-json\/wp\/v2\/product"}],"about":[{"href":"https:\/\/velarogverkfaeri.is\/en\/wp-json\/wp\/v2\/types\/product"}],"replies":[{"embeddable":true,"href":"https:\/\/velarogverkfaeri.is\/en\/wp-json\/wp\/v2\/comments?post=42221"}],"wp:featuredmedia":[{"embeddable":true,"href":"https:\/\/velarogverkfaeri.is\/en\/wp-json\/wp\/v2\/media\/81020"}],"wp:attachment":[{"href":"https:\/\/velarogverkfaeri.is\/en\/wp-json\/wp\/v2\/media?parent=42221"}],"wp:term":[{"taxonomy":"product_brand","embeddable":true,"href":"https:\/\/velarogverkfaeri.is\/en\/wp-json\/wp\/v2\/product_brand?post=42221"},{"taxonomy":"product_cat","embeddable":true,"href":"https:\/\/velarogverkfaeri.is\/en\/wp-json\/wp\/v2\/product_cat?post=42221"},{"taxonomy":"product_tag","embeddable":true,"href":"https:\/\/velarogverkfaeri.is\/en\/wp-json\/wp\/v2\/product_tag?post=42221"}],"curies":[{"name":"wp","href":"https:\/\/api.w.org\/{rel}","templated":true}]}}