{"id":40375,"date":"2023-06-08T19:18:21","date_gmt":"2023-06-08T19:18:21","guid":{"rendered":"https:\/\/vv-dev.webdev.is\/?post_type=product&#038;p=40375"},"modified":"2026-04-22T15:16:13","modified_gmt":"2026-04-22T15:16:13","slug":"chamberlain-bilskurshurdaropnari-ml810ev-smart","status":"publish","type":"product","link":"https:\/\/velarogverkfaeri.is\/en\/lykillausnir\/rafdrifnir-opnarar-lykillausnir\/bilskurshurdaopnarar\/product\/chamberlain-bilskurshurdaropnari-ml810ev-smart\/","title":{"rendered":"CHAMBERLAIN B\u00edlsk\u00farshur\u00f0aropnari ML810EV-SMART"},"content":{"rendered":"<p><span data-start=\"0\" data-end=\"32\" data-is-only-node=\"\" style=\"\">MYQ \u201eSmart\u201c 830REV startpakki:<\/span> Innifali\u00f0<br data-start=\"42\" data-end=\"45\"><br \/>\n<span data-start=\"45\" data-end=\"69\" style=\"\">H\u00e1marks\u00feyngd hur\u00f0ar:<\/span> 110 kg<br data-start=\"76\" data-end=\"79\"><br \/>\n<span data-start=\"79\" data-end=\"107\" style=\"\">H\u00e1marksflatarm\u00e1l hur\u00f0ar:<\/span> 11,5 m\u00b2<br data-start=\"115\" data-end=\"118\"><br \/>\n<span data-start=\"118\" data-end=\"135\" style=\"\">H\u00e1markshra\u00f0i:<\/span> 200 mm\/sek<\/p>\n<p>Innihald pakkningar:<\/p>\n<p><strong data-start=\"0\" data-end=\"7\" data-is-only-node=\"\">1 x<\/strong> \u00d6flugur b\u00edlsk\u00farshur\u00f0aropnari (800 N)<br data-start=\"32\" data-end=\"35\"><br \/>\n<strong data-start=\"35\" data-end=\"42\">2 x<\/strong> TX4REV-F fjarst\u00fdringar me\u00f0 4 r\u00e1sum (868 MHz)<br data-start=\"87\" data-end=\"90\"><br \/>\n<strong data-start=\"90\" data-end=\"97\">1 x<\/strong> myQ startpakki 830REV fyrir snjalla stj\u00f3rnun \u00ed gegnum myQ appi\u00f0<br data-start=\"159\" data-end=\"162\"><br \/>\n<strong data-start=\"162\" data-end=\"169\">1 x<\/strong> \u00deriggja hluta st\u00e1lbraut<\/p>","protected":false},"excerpt":{"rendered":"<p data-start=\"0\" data-end=\"281\">Upplif\u00f0u h\u00e1marks\u00fe\u00e6gindi me\u00f0 <strong data-start=\"28\" data-end=\"45\">ML810EV-Smart<\/strong> b\u00edlsk\u00farshur\u00f0aopnaranum fr\u00e1 <strong data-start=\"73\" data-end=\"88\">Chamberlain<\/strong>. Me\u00f0 <strong data-start=\"94\" data-end=\"113\">800 N togkrafti<\/strong> og einstaklega mj\u00fakum gangi er \u00feetta \u00f6flugur og hlj\u00f3\u00f0l\u00e1tur opnari. Hann er <strong data-start=\"189\" data-end=\"205\">orkusparandi<\/strong>, me\u00f0 <strong data-start=\"211\" data-end=\"252\">innbygg\u00f0ri, endingarg\u00f3\u00f0ri LED-l\u00fdsingu<\/strong>, og \u00fear me\u00f0 umhverfisv\u00e6nn. Opnarinn er <strong data-start=\"295\" data-end=\"312\">myQ-samh\u00e6f\u00f0ur<\/strong> og h\u00e6gt er a\u00f0 <strong data-start=\"327\" data-end=\"382\">stj\u00f3rna honum snjallt \u00ed gegnum s\u00edma e\u00f0a spjaldt\u00f6lvu<\/strong>, hvar sem er \u00ed heiminum, eftir uppsetningu \u00e1 <strong data-start=\"428\" data-end=\"447\">myQ startpakkanum<\/strong>&nbsp;sem fylgir<\/p>","protected":false},"featured_media":75984,"comment_status":"closed","ping_status":"closed","template":"","meta":[],"product_brand":[],"product_cat":[685,517,599],"product_tag":[956,1144],"class_list":{"0":"post-40375","1":"product","2":"type-product","3":"status-publish","4":"has-post-thumbnail","6":"product_cat-bilskurshurdaopnarar","7":"product_cat-lykillausnir","8":"product_cat-rafdrifnir-opnarar-lykillausnir","9":"product_tag-chamberlain","10":"product_tag-snjallvorudagar","12":"first","13":"instock","14":"sale","15":"taxable","16":"shipping-taxable","17":"purchasable","18":"product-type-simple"},"yoast_head":"<!-- This site is optimized with the Yoast SEO plugin v27.3 - https:\/\/yoast.com\/product\/yoast-seo-wordpress\/ -->\n<title>CHAMBERLAIN B\u00edlsk\u00farshur\u00f0aropnari ML810EV-SMART - V\u00e9lar &amp; Verkf\u00e6ri<\/title>\n<meta name=\"robots\" content=\"index, follow, max-snippet:-1, max-image-preview:large, max-video-preview:-1\" \/>\n<link rel=\"canonical\" href=\"https:\/\/velarogverkfaeri.is\/en\/lykillausnir\/rafdrifnir-opnarar-lykillausnir\/bilskurshurdaopnarar\/product\/chamberlain-bilskurshurdaropnari-ml810ev-smart\/\" \/>\n<meta property=\"og:locale\" content=\"en_US\" \/>\n<meta property=\"og:type\" content=\"article\" \/>\n<meta property=\"og:title\" content=\"CHAMBERLAIN B\u00edlsk\u00farshur\u00f0aropnari ML810EV-SMART - V\u00e9lar &amp; Verkf\u00e6ri\" \/>\n<meta property=\"og:description\" content=\"Upplif\u00f0u h\u00e1marks\u00fe\u00e6gindi me\u00f0 ML810EV-Smart b\u00edlsk\u00farshur\u00f0aopnaranum fr\u00e1 Chamberlain. Me\u00f0 800 N togkrafti og einstaklega mj\u00fakum gangi er \u00feetta \u00f6flugur og hlj\u00f3\u00f0l\u00e1tur opnari. Hann er orkusparandi, me\u00f0 innbygg\u00f0ri, endingarg\u00f3\u00f0ri LED-l\u00fdsingu, og \u00fear me\u00f0 umhverfisv\u00e6nn. Opnarinn er myQ-samh\u00e6f\u00f0ur og h\u00e6gt er a\u00f0 stj\u00f3rna honum snjallt \u00ed gegnum s\u00edma e\u00f0a spjaldt\u00f6lvu, hvar sem er \u00ed heiminum, eftir uppsetningu \u00e1 myQ startpakkanum&nbsp;sem fylgir\" \/>\n<meta property=\"og:url\" content=\"https:\/\/velarogverkfaeri.is\/en\/lykillausnir\/rafdrifnir-opnarar-lykillausnir\/bilskurshurdaopnarar\/product\/chamberlain-bilskurshurdaropnari-ml810ev-smart\/\" \/>\n<meta property=\"og:site_name\" content=\"V\u00e9lar &amp; Verkf\u00e6ri\" \/>\n<meta property=\"article:publisher\" content=\"https:\/\/www.facebook.com\/VelarOgVerkfaeri\" \/>\n<meta property=\"article:modified_time\" content=\"2026-04-22T15:16:13+00:00\" \/>\n<meta property=\"og:image\" content=\"https:\/\/velarogverkfaeri.is\/wp-content\/uploads\/2025\/09\/ddac8885-5cd0-41ad-8bb0-8fbc6dec7f4e.jpg\" \/>\n\t<meta property=\"og:image:width\" content=\"488\" \/>\n\t<meta property=\"og:image:height\" content=\"524\" \/>\n\t<meta property=\"og:image:type\" content=\"image\/jpeg\" \/>\n<meta name=\"twitter:card\" content=\"summary_large_image\" \/>\n<script type=\"application\/ld+json\" class=\"yoast-schema-graph\">{\"@context\":\"https:\\\/\\\/schema.org\",\"@graph\":[{\"@type\":\"WebPage\",\"@id\":\"https:\\\/\\\/velarogverkfaeri.is\\\/lykillausnir\\\/rafdrifnir-opnarar-lykillausnir\\\/bilskurshurdaopnarar\\\/product\\\/chamberlain-bilskurshurdaropnari-ml810ev-smart\\\/\",\"url\":\"https:\\\/\\\/velarogverkfaeri.is\\\/lykillausnir\\\/rafdrifnir-opnarar-lykillausnir\\\/bilskurshurdaopnarar\\\/product\\\/chamberlain-bilskurshurdaropnari-ml810ev-smart\\\/\",\"name\":\"CHAMBERLAIN B\u00edlsk\u00farshur\u00f0aropnari ML810EV-SMART - V\u00e9lar &amp; Verkf\u00e6ri\",\"isPartOf\":{\"@id\":\"https:\\\/\\\/velarogverkfaeri.is\\\/en\\\/#website\"},\"primaryImageOfPage\":{\"@id\":\"https:\\\/\\\/velarogverkfaeri.is\\\/lykillausnir\\\/rafdrifnir-opnarar-lykillausnir\\\/bilskurshurdaopnarar\\\/product\\\/chamberlain-bilskurshurdaropnari-ml810ev-smart\\\/#primaryimage\"},\"image\":{\"@id\":\"https:\\\/\\\/velarogverkfaeri.is\\\/lykillausnir\\\/rafdrifnir-opnarar-lykillausnir\\\/bilskurshurdaopnarar\\\/product\\\/chamberlain-bilskurshurdaropnari-ml810ev-smart\\\/#primaryimage\"},\"thumbnailUrl\":\"https:\\\/\\\/velarogverkfaeri.is\\\/wp-content\\\/uploads\\\/2025\\\/09\\\/ddac8885-5cd0-41ad-8bb0-8fbc6dec7f4e.jpg\",\"datePublished\":\"2023-06-08T19:18:21+00:00\",\"dateModified\":\"2026-04-22T15:16:13+00:00\",\"breadcrumb\":{\"@id\":\"https:\\\/\\\/velarogverkfaeri.is\\\/lykillausnir\\\/rafdrifnir-opnarar-lykillausnir\\\/bilskurshurdaopnarar\\\/product\\\/chamberlain-bilskurshurdaropnari-ml810ev-smart\\\/#breadcrumb\"},\"inLanguage\":\"en-US\",\"potentialAction\":[{\"@type\":\"ReadAction\",\"target\":[\"https:\\\/\\\/velarogverkfaeri.is\\\/lykillausnir\\\/rafdrifnir-opnarar-lykillausnir\\\/bilskurshurdaopnarar\\\/product\\\/chamberlain-bilskurshurdaropnari-ml810ev-smart\\\/\"]}]},{\"@type\":\"ImageObject\",\"inLanguage\":\"en-US\",\"@id\":\"https:\\\/\\\/velarogverkfaeri.is\\\/lykillausnir\\\/rafdrifnir-opnarar-lykillausnir\\\/bilskurshurdaopnarar\\\/product\\\/chamberlain-bilskurshurdaropnari-ml810ev-smart\\\/#primaryimage\",\"url\":\"https:\\\/\\\/velarogverkfaeri.is\\\/wp-content\\\/uploads\\\/2025\\\/09\\\/ddac8885-5cd0-41ad-8bb0-8fbc6dec7f4e.jpg\",\"contentUrl\":\"https:\\\/\\\/velarogverkfaeri.is\\\/wp-content\\\/uploads\\\/2025\\\/09\\\/ddac8885-5cd0-41ad-8bb0-8fbc6dec7f4e.jpg\",\"width\":488,\"height\":524},{\"@type\":\"BreadcrumbList\",\"@id\":\"https:\\\/\\\/velarogverkfaeri.is\\\/lykillausnir\\\/rafdrifnir-opnarar-lykillausnir\\\/bilskurshurdaopnarar\\\/product\\\/chamberlain-bilskurshurdaropnari-ml810ev-smart\\\/#breadcrumb\",\"itemListElement\":[{\"@type\":\"ListItem\",\"position\":1,\"name\":\"Home\",\"item\":\"https:\\\/\\\/velarogverkfaeri.is\\\/\"},{\"@type\":\"ListItem\",\"position\":2,\"name\":\"Vefverslun\",\"item\":\"https:\\\/\\\/velarogverkfaeri.is\\\/vefverslun\\\/\"},{\"@type\":\"ListItem\",\"position\":3,\"name\":\"CHAMBERLAIN B\u00edlsk\u00farshur\u00f0aropnari ML810EV-SMART\"}]},{\"@type\":\"WebSite\",\"@id\":\"https:\\\/\\\/velarogverkfaeri.is\\\/en\\\/#website\",\"url\":\"https:\\\/\\\/velarogverkfaeri.is\\\/en\\\/\",\"name\":\"V\u00e9lar & Verkf\u00e6ri\",\"description\":\"Umbo\u00f0s- og heildverslun fr\u00e1 \u00e1rinu 1919\",\"publisher\":{\"@id\":\"https:\\\/\\\/velarogverkfaeri.is\\\/en\\\/#organization\"},\"potentialAction\":[{\"@type\":\"SearchAction\",\"target\":{\"@type\":\"EntryPoint\",\"urlTemplate\":\"https:\\\/\\\/velarogverkfaeri.is\\\/en\\\/?s={search_term_string}\"},\"query-input\":{\"@type\":\"PropertyValueSpecification\",\"valueRequired\":true,\"valueName\":\"search_term_string\"}}],\"inLanguage\":\"en-US\"},{\"@type\":\"Organization\",\"@id\":\"https:\\\/\\\/velarogverkfaeri.is\\\/en\\\/#organization\",\"name\":\"V\u00e9lar & Verkf\u00e6ri\",\"url\":\"https:\\\/\\\/velarogverkfaeri.is\\\/en\\\/\",\"logo\":{\"@type\":\"ImageObject\",\"inLanguage\":\"en-US\",\"@id\":\"https:\\\/\\\/velarogverkfaeri.is\\\/en\\\/#\\\/schema\\\/logo\\\/image\\\/\",\"url\":\"https:\\\/\\\/velarogverkfaeri.is\\\/wp-content\\\/uploads\\\/2021\\\/10\\\/vv_logo_350x100.png\",\"contentUrl\":\"https:\\\/\\\/velarogverkfaeri.is\\\/wp-content\\\/uploads\\\/2021\\\/10\\\/vv_logo_350x100.png\",\"width\":350,\"height\":100,\"caption\":\"V\u00e9lar & Verkf\u00e6ri\"},\"image\":{\"@id\":\"https:\\\/\\\/velarogverkfaeri.is\\\/en\\\/#\\\/schema\\\/logo\\\/image\\\/\"},\"sameAs\":[\"https:\\\/\\\/www.facebook.com\\\/VelarOgVerkfaeri\"]}]}<\/script>\n<!-- \/ Yoast SEO plugin. -->","yoast_head_json":{"title":"CHAMBERLAIN B\u00edlsk\u00farshur\u00f0aropnari ML810EV-SMART - V\u00e9lar &amp; Verkf\u00e6ri","robots":{"index":"index","follow":"follow","max-snippet":"max-snippet:-1","max-image-preview":"max-image-preview:large","max-video-preview":"max-video-preview:-1"},"canonical":"https:\/\/velarogverkfaeri.is\/en\/lykillausnir\/rafdrifnir-opnarar-lykillausnir\/bilskurshurdaopnarar\/product\/chamberlain-bilskurshurdaropnari-ml810ev-smart\/","og_locale":"en_US","og_type":"article","og_title":"CHAMBERLAIN B\u00edlsk\u00farshur\u00f0aropnari ML810EV-SMART - V\u00e9lar &amp; Verkf\u00e6ri","og_description":"Upplif\u00f0u h\u00e1marks\u00fe\u00e6gindi me\u00f0 ML810EV-Smart b\u00edlsk\u00farshur\u00f0aopnaranum fr\u00e1 Chamberlain. Me\u00f0 800 N togkrafti og einstaklega mj\u00fakum gangi er \u00feetta \u00f6flugur og hlj\u00f3\u00f0l\u00e1tur opnari. Hann er orkusparandi, me\u00f0 innbygg\u00f0ri, endingarg\u00f3\u00f0ri LED-l\u00fdsingu, og \u00fear me\u00f0 umhverfisv\u00e6nn. Opnarinn er myQ-samh\u00e6f\u00f0ur og h\u00e6gt er a\u00f0 stj\u00f3rna honum snjallt \u00ed gegnum s\u00edma e\u00f0a spjaldt\u00f6lvu, hvar sem er \u00ed heiminum, eftir uppsetningu \u00e1 myQ startpakkanum&nbsp;sem fylgir","og_url":"https:\/\/velarogverkfaeri.is\/en\/lykillausnir\/rafdrifnir-opnarar-lykillausnir\/bilskurshurdaopnarar\/product\/chamberlain-bilskurshurdaropnari-ml810ev-smart\/","og_site_name":"V\u00e9lar &amp; Verkf\u00e6ri","article_publisher":"https:\/\/www.facebook.com\/VelarOgVerkfaeri","article_modified_time":"2026-04-22T15:16:13+00:00","og_image":[{"width":488,"height":524,"url":"https:\/\/velarogverkfaeri.is\/wp-content\/uploads\/2025\/09\/ddac8885-5cd0-41ad-8bb0-8fbc6dec7f4e.jpg","type":"image\/jpeg"}],"twitter_card":"summary_large_image","schema":{"@context":"https:\/\/schema.org","@graph":[{"@type":"WebPage","@id":"https:\/\/velarogverkfaeri.is\/lykillausnir\/rafdrifnir-opnarar-lykillausnir\/bilskurshurdaopnarar\/product\/chamberlain-bilskurshurdaropnari-ml810ev-smart\/","url":"https:\/\/velarogverkfaeri.is\/lykillausnir\/rafdrifnir-opnarar-lykillausnir\/bilskurshurdaopnarar\/product\/chamberlain-bilskurshurdaropnari-ml810ev-smart\/","name":"CHAMBERLAIN B\u00edlsk\u00farshur\u00f0aropnari ML810EV-SMART - V\u00e9lar &amp; Verkf\u00e6ri","isPartOf":{"@id":"https:\/\/velarogverkfaeri.is\/en\/#website"},"primaryImageOfPage":{"@id":"https:\/\/velarogverkfaeri.is\/lykillausnir\/rafdrifnir-opnarar-lykillausnir\/bilskurshurdaopnarar\/product\/chamberlain-bilskurshurdaropnari-ml810ev-smart\/#primaryimage"},"image":{"@id":"https:\/\/velarogverkfaeri.is\/lykillausnir\/rafdrifnir-opnarar-lykillausnir\/bilskurshurdaopnarar\/product\/chamberlain-bilskurshurdaropnari-ml810ev-smart\/#primaryimage"},"thumbnailUrl":"https:\/\/velarogverkfaeri.is\/wp-content\/uploads\/2025\/09\/ddac8885-5cd0-41ad-8bb0-8fbc6dec7f4e.jpg","datePublished":"2023-06-08T19:18:21+00:00","dateModified":"2026-04-22T15:16:13+00:00","breadcrumb":{"@id":"https:\/\/velarogverkfaeri.is\/lykillausnir\/rafdrifnir-opnarar-lykillausnir\/bilskurshurdaopnarar\/product\/chamberlain-bilskurshurdaropnari-ml810ev-smart\/#breadcrumb"},"inLanguage":"en-US","potentialAction":[{"@type":"ReadAction","target":["https:\/\/velarogverkfaeri.is\/lykillausnir\/rafdrifnir-opnarar-lykillausnir\/bilskurshurdaopnarar\/product\/chamberlain-bilskurshurdaropnari-ml810ev-smart\/"]}]},{"@type":"ImageObject","inLanguage":"en-US","@id":"https:\/\/velarogverkfaeri.is\/lykillausnir\/rafdrifnir-opnarar-lykillausnir\/bilskurshurdaopnarar\/product\/chamberlain-bilskurshurdaropnari-ml810ev-smart\/#primaryimage","url":"https:\/\/velarogverkfaeri.is\/wp-content\/uploads\/2025\/09\/ddac8885-5cd0-41ad-8bb0-8fbc6dec7f4e.jpg","contentUrl":"https:\/\/velarogverkfaeri.is\/wp-content\/uploads\/2025\/09\/ddac8885-5cd0-41ad-8bb0-8fbc6dec7f4e.jpg","width":488,"height":524},{"@type":"BreadcrumbList","@id":"https:\/\/velarogverkfaeri.is\/lykillausnir\/rafdrifnir-opnarar-lykillausnir\/bilskurshurdaopnarar\/product\/chamberlain-bilskurshurdaropnari-ml810ev-smart\/#breadcrumb","itemListElement":[{"@type":"ListItem","position":1,"name":"Home","item":"https:\/\/velarogverkfaeri.is\/"},{"@type":"ListItem","position":2,"name":"Vefverslun","item":"https:\/\/velarogverkfaeri.is\/vefverslun\/"},{"@type":"ListItem","position":3,"name":"CHAMBERLAIN B\u00edlsk\u00farshur\u00f0aropnari ML810EV-SMART"}]},{"@type":"WebSite","@id":"https:\/\/velarogverkfaeri.is\/en\/#website","url":"https:\/\/velarogverkfaeri.is\/en\/","name":"V\u00e9lar & Verkf\u00e6ri","description":"Umbo\u00f0s- og heildverslun fr\u00e1 \u00e1rinu 1919","publisher":{"@id":"https:\/\/velarogverkfaeri.is\/en\/#organization"},"potentialAction":[{"@type":"SearchAction","target":{"@type":"EntryPoint","urlTemplate":"https:\/\/velarogverkfaeri.is\/en\/?s={search_term_string}"},"query-input":{"@type":"PropertyValueSpecification","valueRequired":true,"valueName":"search_term_string"}}],"inLanguage":"en-US"},{"@type":"Organization","@id":"https:\/\/velarogverkfaeri.is\/en\/#organization","name":"V\u00e9lar & Verkf\u00e6ri","url":"https:\/\/velarogverkfaeri.is\/en\/","logo":{"@type":"ImageObject","inLanguage":"en-US","@id":"https:\/\/velarogverkfaeri.is\/en\/#\/schema\/logo\/image\/","url":"https:\/\/velarogverkfaeri.is\/wp-content\/uploads\/2021\/10\/vv_logo_350x100.png","contentUrl":"https:\/\/velarogverkfaeri.is\/wp-content\/uploads\/2021\/10\/vv_logo_350x100.png","width":350,"height":100,"caption":"V\u00e9lar & Verkf\u00e6ri"},"image":{"@id":"https:\/\/velarogverkfaeri.is\/en\/#\/schema\/logo\/image\/"},"sameAs":["https:\/\/www.facebook.com\/VelarOgVerkfaeri"]}]}},"_links":{"self":[{"href":"https:\/\/velarogverkfaeri.is\/en\/wp-json\/wp\/v2\/product\/40375","targetHints":{"allow":["GET"]}}],"collection":[{"href":"https:\/\/velarogverkfaeri.is\/en\/wp-json\/wp\/v2\/product"}],"about":[{"href":"https:\/\/velarogverkfaeri.is\/en\/wp-json\/wp\/v2\/types\/product"}],"replies":[{"embeddable":true,"href":"https:\/\/velarogverkfaeri.is\/en\/wp-json\/wp\/v2\/comments?post=40375"}],"wp:featuredmedia":[{"embeddable":true,"href":"https:\/\/velarogverkfaeri.is\/en\/wp-json\/wp\/v2\/media\/75984"}],"wp:attachment":[{"href":"https:\/\/velarogverkfaeri.is\/en\/wp-json\/wp\/v2\/media?parent=40375"}],"wp:term":[{"taxonomy":"product_brand","embeddable":true,"href":"https:\/\/velarogverkfaeri.is\/en\/wp-json\/wp\/v2\/product_brand?post=40375"},{"taxonomy":"product_cat","embeddable":true,"href":"https:\/\/velarogverkfaeri.is\/en\/wp-json\/wp\/v2\/product_cat?post=40375"},{"taxonomy":"product_tag","embeddable":true,"href":"https:\/\/velarogverkfaeri.is\/en\/wp-json\/wp\/v2\/product_tag?post=40375"}],"curies":[{"name":"wp","href":"https:\/\/api.w.org\/{rel}","templated":true}]}}