{"id":39945,"date":"2023-06-08T19:17:10","date_gmt":"2023-06-08T19:17:10","guid":{"rendered":"https:\/\/vv-dev.webdev.is\/?post_type=product&#038;p=39945"},"modified":"2026-02-21T11:31:37","modified_gmt":"2026-02-21T11:31:37","slug":"frost-element-3005-lykillauf","status":"publish","type":"product","link":"https:\/\/velarogverkfaeri.is\/en\/honnunarlausnir\/hurdabunadur\/lykillauf\/product\/frost-element-3005-lykillauf\/","title":{"rendered":"FROST ELEMENT 3005 Lykillauf"},"content":{"rendered":"<p><img decoding=\"async\" src=\"data:image\/png;base64,iVBORw0KGgoAAAANSUhEUgAAAPsAAADaCAYAAABggjQ1AAAAAXNSR0IArs4c6QAAAARnQU1BAACxjwv8YQUAAAAJcEhZcwAADsMAAA7DAcdvqGQAACNpSURBVHhe7Z0PbBzXfee\/vQrI1jVKntOC6gkwmdPVu5BgeqMTKMNBJOZcM4QCMazqlVk6UuiWMmS4bClYjmlIcmmJOm\/OMkSHMqpWckVLMr0WFWVNtQpLOw0lJz6JcO01BbO7zgkh3RMq3jUBaRi5DSBg7\/2b2dnZmdnZP5Qovt8HeNLMzuzMe7Pzfe\/3ezP8\/X4j\/av5DAiCWPL8B\/U\/QRBLHBI7QWgCiZ0gNIHEThCaQGInCE0gsROEJpDYCUITSOwEoQkkdoLQBBI7QWgCiZ0gNIHEThCaUPYfwqSvTWL88gzm0mkEAjUINa1H6E61canx+SwS701g+t\/TSAcCWL76ITQGA2rjEiU9j+Tli0j+grU5HUB1qAGNa2qwxFtdkPR8Cpd+9Im478W9EFqP+1dVLerrUvrIfu0cdny5BsFvn8b0F+\/B1x6sR3X6I0S\/ejfCnUdxeV7uNn2oAR3n5XKWGRxpvQe1f8DK77MLdIdRauRneaUBzU8OYDSVVt+38aM95r7V5rFY+X37cVTJOScrnWPqQC6kZxB\/sgHV934LsZkvoO4r7IetA8afYW3+chfiV1W9rh3FhrUDmJZrkpmjaFXnXf47lnPeZdQngiMzat+ir4utvXc0oP+qOhSn4HXZg3G1ax435nH5UAS1\/+khRD9IM5Gvx9fCVZh+dROWfymC\/vfUD3zjIrrv6sSoXPPH7Ak037ULl9WqJ1cHELbWnZXlqk21d1k+\/527ndvKSs79V9Tv4cD8BPrZb7S88UUk0lUIPcjvhS8g+drDCLLvmtfFhfFn1Hm+xDpM89ydiLt9zaiv7Z4V16D1aO69Vgg+shdd\/m0401aFTPj5icxc3vZPMxeebchgWTDT8fKpTM8GZNrO2PexlM9OZdoAbl1k0D7svM+\/vp3pWSP3qdl8LDPzmcM+qiSeD8pjIZiJXnHeh5e5SwczjawNnuflhbW1o4bts2ZvJvHL\/O3XY5FMNWoyrUcmMqM7azNY1ZdJ2vYxC9tX1q3ANeHFz3Xh5ZefZOJPsPOKfd3b7Pe6iPLZRCbawPatimRi\/5q\/fe79vZkwO9a6Z89lEq80sWNGMnHbPl5l5iV2fyCQ2fGO8\/ac8uHeTMi4Dmt2ZS5Y63PGcj1jls9\/OZk50lKV3eZ2rYv5PXj5cEDcM+Gn385cd9huXpcDTrqwl4lMb1C1i5XqbcMFvvNpJrYlwPYNsLZ+6rC9cClpZB9\/bitiv96O6M6gg9lShXV730bi+S9g8C+\/hegF9bEby76gFjz4YgN63xxAI1ucPduJ+3aMYU5uySOwTC0UIFC\/HaPjfWA\/jjs3Uuj\/RgSDs7Xo+d4uhBxstOqWYxg\/UIP4DmZ9HPIaEhg+6ybwc104zHVqfuldxNur1AfO+L0ubOjC6I6H0DMBNL\/8Elq\/qD62EFi1C6NnIki9sAnhJwtYRXnM4gdvsoMjjcHv8\/8LcDWJJP+\/ajsujO\/FOof6CKztC9Si49TbiK5R624U83vMj6GjsQvjK\/ZicC+z8tTHVvh1eeuV9bi8m7k6AwXuBaacwG+qRcbciV3MglIrjlShdfMm9rWteKLF+7d2owSxTyB+kpmtLRvQ6HGxQjtPFb7YxbBiG7rb5eLc0Fb0FupE\/BDsQnQ7U\/DcPLv18pke2Ioe\/gM0dOEJj7ZUvK1FU4Xm55kQWBfImlIW6fNPoW2IHSSwHd2b3W+q6o2HMbithJvu2gjeUBpPHz\/tz5Rnwmh7tQ\/riuosg+j+211g3haSVwsJrxDziP1ZBDF2WVq\/8+cIedSjZuvT2MFuqcQz38p1qVxo3tiklmYQfdzmAtrh5\/3PtaiRa0VTgtjZDcWVUXDkqUU3Gw35xb4+Oys\/KpPQffVqKY0f\/NOkWi6GWYweH2P\/Zml8ZCsC09dxXa2bfD6Mnt0psRj6ZlOBC8zaemD7zZ2c+eAoBq2XYEULHtswC9aUMkgh+tSw7Pg2N3l25lyAzXt5B1McsyMWgadP4o331LIXfDTbWMLVXfU4uhvYaW6o9VK5sB87hN\/fhNZC9Vi2Hs2b+cIku3\/UtfSg+k8P48gGtTK1BzuOV0YrTpQ+Qfe\/ZnJE48gaebGvi96hfOpqg2qJ3TTXSrmrP0LslRT+n1oT1K8T7oGd9PnTiIulABrX1YolTzawkdDHbpVi+sJRjP9vtSKoQbih1D5f8cFpHFeDYONX7pMLXqzgJqVa9sUM3nh1As3tEdUx+jTlmRVZbKciqcH9G8q8JqyOsb8+KkW7Zj3u9\/GkqbFJjdYjf4vBa3LRnRp0HO5DSK2NP\/nnwoJYCEoQezWq+S81sR\/PjBSqVQ3+6Nvr1XL5TF\/NDmWhYAnKuppCQi2a3Fnl6H+Nnjd80XtQt0ItehJEx+PZzmihSX4srQ4r1dVOLfFP8kfnzA68boUfkTDzeltELfvg6ggGp5rQ1v84OtQA6ceUD62+Ry0VT2i1j07Li8\/PITailkNBYakWIvBf6pUlOIE3RnyM1Cu7MPi0cT+PofuZsYIWQSmUIPYGtG7lvxTzY9ruRm3rfvdHYoyapi7sWF3A9PFFGpd+atzgtWj9RvHCmh0bkZM9OTRh8P0u2484iYQ5JxBEyGe\/UrdhE2qmPnI4R4VhLsbgkFq2ULdzAoMb1UrRpJG4bFxf1uaVarEQ67+OZna9kj780+mRk0i2bEHrncY9xPBhyi\/\/3dI7sQDrzMvivYvmY8XQap\/3XFU1\/qNavPyji76EG957DDtUVQtP1pVGSWZ843deNE3f2bGDaP1yDarv70T\/WCrfP1rRhB1N5ZpSjA9eRK96Xho+MIzeVXLZL+mpg\/jmUz5MRs6NGUyX4jqt+ToeCy5fWN\/9xjzi3U8pF6OSsDb7EGwed65H2+ZaH7P9M4i\/nhIzyvz6NG7e6suUTwe3IVrO\/bP+adYBlv796Y\/9TSHmsDKYfcrzz+ppQiGWNSD62jZlZfLJuoNIljvXYKM0n33FNsR+uD1nNExPDqOntQHVd92D5mdOIDFbOUMkffUE2r5xENPMOGp+aQLjO\/30sCkc+vZD2PCHrHz5blSv3Z9vwrsxM53dd9V9pj9VmAb0ftjnOAdQFv+wR7bjD7+K2rvulrPlFWcGSdMzqPc\/srPfpO3UMHYUsn6mTuDI1KbsBNdXWrKm\/Nl\/dP1tAivXI+zLjXLhTia8Mt5yTKay7lJ4ZQmu4+xM\/uSvC4GmPhzZouo6tR\/dJys7WVfyBF31Btbz\/OwUuh+w9Zo3ZjE+0IX7v1TDTPwBXP6F+twP5k1tKWvrEfz2OdR9ZxiJ\/\/MJ4k84Pdt3Ioidr72NC++w8uGnmHt\/r\/cz9cXMN\/pkO955FzO\/\/ASDJT5nvZUkvz+M6ZZvMhNefbBsfdaUnz2J+AKYrRXBOroW8+ivJKrQ+vJh5hZJKj1ZV7LYBSs2IfrOJ5j7+Tn0t9fniXB2jIn3Sw+hP38uyRnzpraU9ycx85NhRHc2lfXOPX\/h4eWdPs059qOabfnFnOsLPLeEZWwkfan4R15+yP5+85j7XC1WhBRiQzOmCW+QNeVncfytUh6l3gSsAq+wWe1IVQR\/84oxqV3ZybrixX51AM023zdQsx47jr2LOTbqXDrShUar2XVjAj2PVt7\/KIV1f7xVzZLmkjjO3A61LKgNZk33Isywm4Z4pq6WKwZrszkPwtpcSQty6jRiMxF0bLYNBxZTfvbEW\/7drJtIKJh1GRN+X8658Wu1wKipxXK16JearQfNOalKTtaVNLJfn0o6P2MP1CC8rQ+jP5vH9Xf60Gwoi\/kfvWcX4mFCkdSH8TW1mGUG469ctAma+XklvRGXxmXmwuS87LIgVOCZeh61CK1Vi0UyfXoPomPuvUPizZOYbt+CZrsZfBuY8nWrS7ChrHM+\/zVUxJyPYlkQPertP35\/Vmqyrnix1yxH3YUx\/LiAmVf9QBfiP5swXyMdvbwIzDRmAlf\/nlo2SSE5pRZNatH4oCEmf4+VJDP48d9dxtxvq9UFpPp3Ky12Zlb\/N+PVzRQSfl0vRuL8ALsZ3eozifiJWVT\/84v58zGs\/NVF403MRWrKP7De9KGd3m1whFmDxmuv6x5cn+fe+mLNXrz2hJqbqdBkXfFiFy+hnEP8vI+Rmr+f\/L1dwnROzy8Gz7cB0VjuUwT+os0lB1Mr\/PUW9SOxzsCv2D+fxKXUuiJmskunbvMr6C7zfRE7gQ2bzCcJ\/t8n5+8k1CO8Wq3a+eAtHJ\/fjrc+tM3FGOXDv0eP6icWpSl\/5ya0GW8Jsh7Qz5+UzqZSys9uwJ+0lN4pr3v+GDqU3sVk3b\/L5VIpeYIu\/lcvIuHHtFizTpjOgary3u6qFIGq3H529uIYkl+szn+Ljlkmht\/0w5\/6G3HS59\/C6Mb1lX\/05sQKJrByHkk5UbMF3e3y+iQuTPibGJp6CzE0odHlqdTl1w8DXds8JhTr0brNUPtiNOUDaPuL7fL+mLqISz4mLj\/86UW50PI4Osp6bNiE6N8YrxbLybpyKFnsmDmIHQM+zJpZ+UcmzeuMP2JZTMziB6+pHyaPWuz47\/Ilh9nTb\/l4MWIWsePn0Lold8b59iKA5mf3yEeUrOOK+7ixL796FPjTLS6PNSfwxnHgj77u\/duHv2lMnC5WU34v+sWbiWOIFbJob7B9xNuN9YgeMIRaOtUtL+GIeitybr6853Cli52R2B1B9wXvCsz94zmMV23HTvtM7CJg7vxu9Hq8VBdoelH+GefMYRwp8Ce1\/Fg9\/3cvehdhO4tiZRdi3+XiPIe\/LuQnpgbwl0Ns9PkLl5ecLpzGYJq5Bg1q3Y01W\/CYsgwW56x8FdpeHUYbuxVG\/8dhz8my2ZMDzNJhHdh3T6Hb052bxxx\/B6WgdczO\/d0CcRd8UprYA9sx+tmnuHAgiB9s+iq6x1wEf+0EOp5Jofv7Hn+LbH1MUQH8\/TljGrPnd+H+h4flM\/Tfq8Jvic\/tsJHu8BXEmOCPtHUi7vKCEH8Vt\/nJWURf3+X5t85FPae1XpcKXKNi\/syzruttJA404PJTDyM65TKS\/eIcOpqP4v7YS2h1eseHB3to438txkzfgqZ5EGHDzp89jP6Cf2DlQDHX1qCY71Q1YXB8AI3X9qP1mYuO716IV7KfvIh1353ApS7vt+3mzn8PR1hfGjuh7kEv+B\/KPF\/834Lk4RS+xrsMZ9rWZEMvzV05lel+oCZT80BXpj\/+bib5808yiR+eyvR3NWRqVjRl+t+ftX2fl8lMfxP7zgpWjNBQogTkZ6J0ZUbzvudSznWZ32PjavZ4VcaxbCVg2YcXr7BPosxmkqe2ZUKBmsy6roOZ+E8mMzM\/n8xcih\/LRNuDmergtkzsZ07fY+VfDmaa1Xmrl1nOyY4l68Ou0b8Y+7tdF2Sq1TEqe128j3X9nb5Mc00gE2rvywz+cIK1Ofe3jY7nh0ca7XI437IqdT5rW+czyZeb1OfZEFJGMdrbfc56fMv14cX6O5rn4MWjXUX9Hg7l397ORFkdAsFIJnrsXCbBrknyJ8OZ\/sfqWZ3ZNXnHO2SUvD629orfo8B5P3s301PL9vUKe1aglB1d1sCItnldRJnlUUgXf7TNornBLILJi\/if079GWrSzCnXr+LvbS6qVNtKYm5rAeHJetXmJ\/rZFckuiy16bQDxZheYH\/b4ynkvFxE4QxOKmrAk6giBuH0jsBKEJJHaC0AQSO0FoAomdIDSBxE4QmkBiJwhNILEThCaQ2AlCE0jsBKEJJHaC0AQSO0FoAomdIDSBxE4QmkBiJwhNILEThCaQ2AlCE0jsBKEJJHaC0AQSO0FoAomdIDSBxE4QmkBiJwhNILEThCaQ2AlCE0jsS4p5jD55DwJ3VKG29QSm1adZyt1O3M6Q2JcSV0+g57hMszw79jT63xOLWcrdTtzWkNiXEoVSO5e7nbitIbEvJYLbEX2sRizWNL2I7gfEYpZytxO3NZTFlSA0gUZ2gtAEEjtBaAKJnSA0gcROEJpAYicITSCxE4QmkNgJQhNI7AShCSR2gtAEEjtBaAKJnSA0gcROEJpAYicITSCxE4QmkNgJQhNI7AShCSR2gtAEEjtBaAKJnSA0gcROEJpAYicITSCxE4QmkNhvEtOHGkRaJXvpOK92qBRXBxC+owH9V9V6iYx2svp1jqk1YilAYr+ZrOpD8lfzSBvlTASxh8sXvOhI1g5ULjfb+U60DqllYslAYr+VbDyG5IEgYs9VUKhlM4P+5yYRWqVWiSUDif0WUxesB6Y+QlKt55j7ltFamtUD6F+rtt3RiVG+gY3Cod0pdow9CFlH95HO7HFMc5wJmX3fy5KYPhTB4KPDiIbVBw4412UMHcb5jLoZLsWhbF3Ch2Zy2sjXiZsDif1WE7wPIUwiyX1sIdx6xJWZHw8zAVv95qE9SOxT29qH0crFrawD4SK834U6sWMKPR9vka7ClT6EhiJK4LXofn8egxvFTg6MoZedP7qzVq17MHQSeJPXZRLRVawud5xGm6j3MNowjB5TxJa6MLclyY7fyrbzdV7v5O79smMgFhwS+yJi9OwwQgf2olmtNz\/LhXo6KwYm6F4lVLFt6iTijhNxQUSfbZKLK4PwGKRzGO2MAGeOmef3pL0P3Sv5Qi1C\/ATtW9T32PlyXABLXUTHFkRHi+xMhFVD3DRI7LeaFDfh6xFaOYNkAmLkM0zcwL172DY16nPCQTVyM4oQsS+Yyd2TyHYmxNKDxH6L4aM5VvERT46QoQOT0uQ1y4QaQRmJVNYnv5oC6xsqxvTISSS53686GjEbz8z\/is7yE7cUEvutRD3iatsnfe3mzdynzfqwciJLTXZxLGb76Ats1F+1Fa1GR1AmdTsncjqZeDv7sJ351uY8AHG7Q2K\/mVhGTlEenkT0imXCTEy2TaJVbQ\/tBttu8aHb65G41xh5I4grIda1bGX+Oz+2pWNwpPBsPLF0+Q3Wi2fUMrGI4Y+7xCz2MTXZRRBFQiM7QWgCiZ0gNIHMeILQBBrZCUITSOwEoQkkdoLQBBI7QWgCiZ0gNIHEThCaQGInCE0gsROEJpDYCUITSOwEoQkkdoLQBBK7D0Q0VeNv0M2Sm4hhKSVVsCe0kH\/\/PoP+Q0b7rJFkZbFGibVeL\/rb+cUDid0vPGqLJZJL8gDQc2\/5mVdKokJZX5zgQg29vtWSzGIS4eeYmNdGkEBQhqgSIbEiZhRcXhJGRFoRfUdtE0kwCgXUIG4WJPYS4WGc4u0p9LwgR7vmY+zmvt0DS3ChJqwhqTm1aH00iOQUEG6plZ\/zIJkibl4+IqaeEWl2414RZjpGo\/uigMReBqHVQTMIZK4ZL8M\/Zc1cY3STn4cPDWTNYB7QUYzUlnWxL8P6uTmSMxNaRJ1lHY3FsshxNexJITpVkgb+ORO0WxBJEcr60ZbcmHM8lv3HfWyUrjc7tunUZG6kWxMZIVdcFwuJlEMiCF4Pdl36LS4DN\/nzXYAirxnhCom9DOzZXAx4VpWesGH2yyQK2aQJPFz0R9mECjx23COQZi9P6MDWe8VNLkUdPsP3Y4WL7V7eaTRhkO\/H47FfkZFnuY8tRmTjfIlIjg8dS9wnt3HLY+MxlyCSUqjhoCVBBBfU2S3yezzmu4phn\/w4JSPPuogtewwVU96VYQxaEkbwvHexzbK9POClNS2Wv2tGeEFiXwBEpFbTpGf+LTOBrWQTQciECuZoao0Ff\/40YpakEO4m8Qzir6fMCLUi68u+CJKvj5hCyRut\/cCFzgWV55rITiE7h8E6FzDxlTQ5GTGzz8iEERG0qfbarQNf14zwhMReBsKcdfJdhYmqRr079iBRQpJEcWwRMdY4DhvZWaeRbxLLzoSPiuY5H2Z+s4PF4Qd5fG5VfISo1QIw\/XSZQirbmcnOBZbMNdk6qo6BWBSQ2EtGjqj5vivzMZ\/jaZyMZA\/D6FBbikGMdPYUz6yYs94mcqRrM8x9s\/hM42SiJuJ2MxdgLc\/bZv2+apOXhWBJdGEnxzUgbhkk9hIRfvmUJY+ZDeHXcs7vFyNy0WzcInxT0xdVE1L5z62lSK3+rZjkKmHSqm5nH9qYpZBErrUy2smsCvQhLjoa+Yw9Ww+2ziwJoyPISXQh2p41zYlbC4ndL9YJKVZktlVLaiYTw6xV+5\/dIiabTPH7Rk7EJQzz\/N49ALMWREKJlS3oWMVn46XoxGNAnvFV1c2aQCIP19l4PuvNEzuq7LHqWOJ4fBLNPB6rF7NWYLoNEcSY\/25aHBuPyQyzfBvrBNr8JookFhyKLksQmkAjO0FoAomdIDSBxE4QmkBiJwhNILEThCaQ2AlCE0jsBKEJJHaC0AQSO0FoAomdIDSBxE4QmkBiJwhNILEThCaQ2AlCE0jsBKEJJPZKIqLJ2JIiqAgz1mivnNzQ004YIZTtMedsiONXJmGENRNMwfNynNproXAbiZsJib2SiEintgiwIlBjELBEe+WhnGJDQNtm55BWlcMeQsoDJtzW3UD0yrwIz4zdEe8OhAtdxK8nbhdI7BWlCW3tuRFgeeKFtn19CFujvar0Sd6x2WQU1\/wAkwvD9MhJ1iltRSsPs7WyC9H2FAZHnEd3YQHwmPbtEfUJcTtAYq8wPN55Nt4cD6XMRvsg7wQsI74tfZJXNhfTnFbugNhnbSc67Cb+iCV8tTiGjCkXY0s8zLQY3T2ywYg62yLlusbNC8qot4Ob1bofVP19t4eoOCT2ClPXstXMnIKrIxiEHC15JxA7K4XMY8Ib0VgLZXORMOE+IgNOijDR+5iAcyLWptDz8Ra5jWdIGYowcXPLgFkVbCsPMy0CVbpmg5FYEzPYkzRYqdvY5HoMR4TJfxIdzEWQlkqh9hALAYm90gi\/fRJJ7u\/yEVyNlqITEHnheLx5oKNF3vSFsrkIeKcxFVTfYYjsMHJRYglpvdgypCSYuS+EbonEW7A9xEJAYq843GRnPjmzgIW\/bkzC8fDPOIk499en6hESN77PbC6804DxnYXDarYXH\/raBT5i87DXKimk4Ca1h8iFxL4AcBM4kRpT\/rr6UGRLYeIeYcVIaew3mwtPqmhYCwuEk9nuZcr7pr0PCe5OCNdCfXYT2kPkQ2JfALjJjo9PI6H8dQOeLSXx+knAFJHPbC4qKYQ5O15qlhkP5FzDHvm4jfnYPUMWM7tsmjB4JsIsGPVM\/ia0h8iHxL4QcL95aBgxex44NqJxs9YqIn\/ZXJgv\/yZ\/9l0vTf2z9\/n0ceWjQO4miEk\/j9l4\/rgtfgAiy4zMPjOc9bG9vucXlYW2VTwp8GqPfArh690AoigoI8xtCRdEPRL71Cz7gsPO1zmC1mPuM\/nlcbPboyc0st8W8DfhLK\/ECrPXOh+wwFwdQWJ1CTneXbnF7dEUGtlvE\/jz+NDu7Ay5+ez8NmWpted2gMROEJpAZjxBaAKJnSA0gcROEJpAYicITSCxE4QmkNgJQhNI7AShCSR2gtAEEjtBaAKJnSA0gcROEJqgmdhlHPWAU2ID\/jfbfFu5f7ftifxb7YJRVEXkVb+JH4w2GaXEhBGi\/e4JHwyWRuIHn7\/DEkPDkT2I0CpbIgcGjxfnFxE3fUE7Bb9woUeQMKK08nJlKwbvzQp+yWVlKaojJKxoacaHw9mwzhIZ372tfaH\/oLrCiR9Esglb+KgCCR5c4WGm7bHviCWFnmLfbIntzlHx3dtWq3VFTvIGYzRh5q74O+ypPQiZo3uuKW2GVBKjUCc61HE6ztvMR7E9+z3nEdgW6MGKCBudL+zmY7JDETHph9gHQ5HssQ13RRWzLhYzXloDrN7mfu4jac41stY\/5zyW79va7Bp+ynE\/di1EyqkUeuzWi7Gv7Rp6bdMNPSfogjzgYdaU56mP8GiLmaFFwG7WbPKGecTZaCnCIbMRMHmAWQCr2DYRK44L2GJKX+lD4mGrOIaRWC235QZnYN97ZA\/CRmRZkdxBBXzMoQmDv7LEXM9BBnJMGrHcWLGKR8S3a2cL7cNIH+MhrZlYHp6U+dz4OcV39zv76UOTCKv9RNsfyXdb3BNc2M9Tr76f3+aEEYQyB7f9WHv5deJx8lUcevc6eG\/TET3FrqK6ypxsMlFDOGgzrXOyp3AzXyzkIxIeRBA1TPM8M9otSqs06c0OQMRSLwFhfktRcGHLGPRuI3Fux8Ez07jS3mfu5xxSulCCC0useFsmGjOaLrtWCQ\/XofB+XnXwmYBDIzQVOxv1gvXyh1dizUuymGNGRpiZ74IQ6TBazX15hFh\/SRZyTMznJnMtixLg5rsUvfNILEZM5kaY9XxdfVwSXgkueKciY8Wb24QJzTs4NsIiG03XeaLT735edfDapifaih0bt6Bt6iR6XziJpJm0IcvoC8w35OavGDUnEHXLqSQSHkQQV6OrWYTZ7AHrTHhsdtPUfXOr2uAf8VTAwQ91Te4gAjtm65rYV682lEKhBBdc8Ooz4aIYSSK4kI19WYcwtQetjqa1n\/286lCofvqhr9jZzcjTNMWGmKnnlidd5GZjCGGKT\/IRCQ+G0WPeiHKyzp9vyEYfZQCIzkUu+kYmdrD7oWPo3Z0yE0fmY2RiYaP8c\/4fN+bjkeBCWEUWV0JMJLISlNcmO68gBZnnQqlrWHg\/ryQbPhNwaITGYpcZWuCSJ735WTYa8Rl3bv49AkT5pJwSvxCZ2MYnjfgINIywOUkWQYxZBAUfrwnfPmtmxjaz0csi\/iz8xnfxwYUvaz23PD\/YaGacX7SRm9P8JheJGvhMttpvH5\/sKj0Nk2uCC14vPiknziPPlRBJJ+QEW8I0rdk+4WGHqLIe+6lsMvzYvDPwSrLhLwGHPlB0WYLQBK1HdoLQCRI7QWgCiZ0gNIHEThCaQGInCE0gsROEJpDYCUITSOwEoQkkdoLQBBI7QWgCiZ0gNIHEThCaQGInCE0gsROEJmgn9pxQUKxYAzS6I8M5VTpYob0ushRO1FAclau7iIyzQMEfxLUoGP11YX4HXdBI7PJGsUaMlVFL\/Qp+gTBDX8kSZ+utSyaaij3iDHEr0UfsRvw1a6SSlV2IH8gNXXSrEZFlNAyKKIJlForbR5SFNmIX6Z0cAkvy0EXWMMc5prWrWSlHLGM\/c+QSsdesSSHcg0K6kVNPnmhhLTueiAjbgP4f22K72UbOnLrnWQcjljrnugrubZbWkNzWgN6P1cd5WPczjsE\/iyDGlnjoLcc6WtqSNeOVqd7ZaYnu6+7auNa93CQVSxBNxC7jvrtGXVXkJhWQoZDz\/UN5E5tJIc6wG9ojKYToTLxGLB4fznLzifNb959i4t\/H6zOB7rvVZ07Yk1qEc6OxJnd\/hDaxbRLRVcxVUMLwSqQwfSiCHhjb+lhdncNji\/3Chjsij9FxXsbma2PbeYRXET\/OLfGGA8khIGocz1JfK+51Z51gWUkqlibaTdC5I5MKZKOyNqGXmfh5SQVEnHlL4gcVxLFwUggXbD578tGTKpClgXNATEem9qBXjVRGCiiD0IG9yqqpRcgMi104yYL9erhiZrORIaDzg0gy\/CbeYDjX10qhJBDlJ6lYamgidnnDeCdukEkF8sMV2xBJIeoRckzHVD51O\/vYaJifZbYg\/IYWVkYxJmrhJAvW68ETazjBrZfkAViiyVotHQs5JrRH4g1feNW93CQVSxNtRnYZUtmSzNFA+HZ8JJWxyWVKKA9EUojSwy8vKJZUUDwfXaygiSrb7JVkwXo9vNJFCXdFfd8tI43vxBu+8Ko7p9wkFUsPfcx4YW7bH2tx325YmYwyqUDWDHRJtqDilptmu5jlL9J092D60B7E3Ex3e9bW86fFBBjH\/gxcjMKreMfkReEkC9nEj9JsdiI7uSYRcyPhYO51M\/CTeMMXHnUvO0nF0kQjn1326NakAfaECrlJBdySPfDjWBIzsM6i7YxbllUlQofJJRPbBF1oNxC94uZHqnkE49xn72MdmNySW3deL2auvpn1U92wfy8vyQJ\/7i+21SMRZtfLgeZjcnIs24Z6xMUkI8+6I01tPnHmlXijFFzrXnaSiqUJJYkgCE2g2XiC0AQSO0FoAomdIDSBxE4QmkBiJwhNILEThCaQ2AlCE0jsBKEJJHaC0AQSO0FoAomdIDSBxE4QmkBiJwhNILEThCaQ2AlCE0jsBKEJJHaC0ALg\/wNqckB97vHlQQAAAABJRU5ErkJggg==\" alt=\"\"><\/p>","protected":false},"excerpt":{"rendered":"<p>Tegund: A3005B<\/p>","protected":false},"featured_media":74623,"comment_status":"closed","ping_status":"closed","template":"","meta":[],"product_brand":[],"product_cat":[518,545,574],"product_tag":[1076,1012],"class_list":{"0":"post-39945","1":"product","2":"type-product","3":"status-publish","4":"has-post-thumbnail","6":"product_cat-honnunarlausnir","7":"product_cat-hurdabunadur","8":"product_cat-lykillauf","9":"product_tag-burstadrydfritt","10":"product_tag-frost","12":"first","13":"instock","14":"taxable","15":"shipping-taxable","16":"purchasable","17":"product-type-simple"},"yoast_head":"<!-- This site is optimized with the Yoast SEO plugin v27.3 - https:\/\/yoast.com\/product\/yoast-seo-wordpress\/ -->\n<title>FROST ELEMENT 3005 Lykillauf - V\u00e9lar &amp; Verkf\u00e6ri<\/title>\n<meta name=\"robots\" content=\"index, follow, max-snippet:-1, max-image-preview:large, max-video-preview:-1\" \/>\n<link rel=\"canonical\" href=\"https:\/\/velarogverkfaeri.is\/en\/lykillausnir\/hurdabunadur-lykillausnir\/hurdarhunar-hurdabunadur-lykillausnir\/product\/frost-element-3005-lykillauf\/\" \/>\n<meta property=\"og:locale\" content=\"en_US\" \/>\n<meta property=\"og:type\" content=\"article\" \/>\n<meta property=\"og:title\" content=\"FROST ELEMENT 3005 Lykillauf - V\u00e9lar &amp; Verkf\u00e6ri\" \/>\n<meta property=\"og:description\" content=\"Tegund: A3005B\" \/>\n<meta property=\"og:url\" content=\"https:\/\/velarogverkfaeri.is\/en\/lykillausnir\/hurdabunadur-lykillausnir\/hurdarhunar-hurdabunadur-lykillausnir\/product\/frost-element-3005-lykillauf\/\" \/>\n<meta property=\"og:site_name\" content=\"V\u00e9lar &amp; Verkf\u00e6ri\" \/>\n<meta property=\"article:publisher\" content=\"https:\/\/www.facebook.com\/VelarOgVerkfaeri\" \/>\n<meta property=\"article:modified_time\" content=\"2026-02-21T11:31:37+00:00\" \/>\n<meta name=\"twitter:card\" content=\"summary_large_image\" \/>\n<script type=\"application\/ld+json\" class=\"yoast-schema-graph\">{\"@context\":\"https:\\\/\\\/schema.org\",\"@graph\":[{\"@type\":\"WebPage\",\"@id\":\"https:\\\/\\\/velarogverkfaeri.is\\\/lykillausnir\\\/hurdabunadur-lykillausnir\\\/hurdarhunar-hurdabunadur-lykillausnir\\\/product\\\/frost-element-3005-lykillauf\\\/\",\"url\":\"https:\\\/\\\/velarogverkfaeri.is\\\/lykillausnir\\\/hurdabunadur-lykillausnir\\\/hurdarhunar-hurdabunadur-lykillausnir\\\/product\\\/frost-element-3005-lykillauf\\\/\",\"name\":\"FROST ELEMENT 3005 Lykillauf - V\u00e9lar &amp; Verkf\u00e6ri\",\"isPartOf\":{\"@id\":\"https:\\\/\\\/velarogverkfaeri.is\\\/en\\\/#website\"},\"primaryImageOfPage\":{\"@id\":\"https:\\\/\\\/velarogverkfaeri.is\\\/lykillausnir\\\/hurdabunadur-lykillausnir\\\/hurdarhunar-hurdabunadur-lykillausnir\\\/product\\\/frost-element-3005-lykillauf\\\/#primaryimage\"},\"image\":{\"@id\":\"https:\\\/\\\/velarogverkfaeri.is\\\/lykillausnir\\\/hurdabunadur-lykillausnir\\\/hurdarhunar-hurdabunadur-lykillausnir\\\/product\\\/frost-element-3005-lykillauf\\\/#primaryimage\"},\"thumbnailUrl\":\"https:\\\/\\\/velarogverkfaeri.is\\\/wp-content\\\/uploads\\\/2025\\\/08\\\/c5be4a14-704c-4e92-8222-4e64f9594a2f.jpg\",\"datePublished\":\"2023-06-08T19:17:10+00:00\",\"dateModified\":\"2026-02-21T11:31:37+00:00\",\"breadcrumb\":{\"@id\":\"https:\\\/\\\/velarogverkfaeri.is\\\/lykillausnir\\\/hurdabunadur-lykillausnir\\\/hurdarhunar-hurdabunadur-lykillausnir\\\/product\\\/frost-element-3005-lykillauf\\\/#breadcrumb\"},\"inLanguage\":\"en-US\",\"potentialAction\":[{\"@type\":\"ReadAction\",\"target\":[\"https:\\\/\\\/velarogverkfaeri.is\\\/lykillausnir\\\/hurdabunadur-lykillausnir\\\/hurdarhunar-hurdabunadur-lykillausnir\\\/product\\\/frost-element-3005-lykillauf\\\/\"]}]},{\"@type\":\"ImageObject\",\"inLanguage\":\"en-US\",\"@id\":\"https:\\\/\\\/velarogverkfaeri.is\\\/lykillausnir\\\/hurdabunadur-lykillausnir\\\/hurdarhunar-hurdabunadur-lykillausnir\\\/product\\\/frost-element-3005-lykillauf\\\/#primaryimage\",\"url\":\"https:\\\/\\\/velarogverkfaeri.is\\\/wp-content\\\/uploads\\\/2025\\\/08\\\/c5be4a14-704c-4e92-8222-4e64f9594a2f.jpg\",\"contentUrl\":\"https:\\\/\\\/velarogverkfaeri.is\\\/wp-content\\\/uploads\\\/2025\\\/08\\\/c5be4a14-704c-4e92-8222-4e64f9594a2f.jpg\",\"width\":550,\"height\":585},{\"@type\":\"BreadcrumbList\",\"@id\":\"https:\\\/\\\/velarogverkfaeri.is\\\/lykillausnir\\\/hurdabunadur-lykillausnir\\\/hurdarhunar-hurdabunadur-lykillausnir\\\/product\\\/frost-element-3005-lykillauf\\\/#breadcrumb\",\"itemListElement\":[{\"@type\":\"ListItem\",\"position\":1,\"name\":\"Home\",\"item\":\"https:\\\/\\\/velarogverkfaeri.is\\\/\"},{\"@type\":\"ListItem\",\"position\":2,\"name\":\"Vefverslun\",\"item\":\"https:\\\/\\\/velarogverkfaeri.is\\\/vefverslun\\\/\"},{\"@type\":\"ListItem\",\"position\":3,\"name\":\"FROST ELEMENT 3005 Lykillauf\"}]},{\"@type\":\"WebSite\",\"@id\":\"https:\\\/\\\/velarogverkfaeri.is\\\/en\\\/#website\",\"url\":\"https:\\\/\\\/velarogverkfaeri.is\\\/en\\\/\",\"name\":\"V\u00e9lar & Verkf\u00e6ri\",\"description\":\"Umbo\u00f0s- og heildverslun fr\u00e1 \u00e1rinu 1919\",\"publisher\":{\"@id\":\"https:\\\/\\\/velarogverkfaeri.is\\\/en\\\/#organization\"},\"potentialAction\":[{\"@type\":\"SearchAction\",\"target\":{\"@type\":\"EntryPoint\",\"urlTemplate\":\"https:\\\/\\\/velarogverkfaeri.is\\\/en\\\/?s={search_term_string}\"},\"query-input\":{\"@type\":\"PropertyValueSpecification\",\"valueRequired\":true,\"valueName\":\"search_term_string\"}}],\"inLanguage\":\"en-US\"},{\"@type\":\"Organization\",\"@id\":\"https:\\\/\\\/velarogverkfaeri.is\\\/en\\\/#organization\",\"name\":\"V\u00e9lar & Verkf\u00e6ri\",\"url\":\"https:\\\/\\\/velarogverkfaeri.is\\\/en\\\/\",\"logo\":{\"@type\":\"ImageObject\",\"inLanguage\":\"en-US\",\"@id\":\"https:\\\/\\\/velarogverkfaeri.is\\\/en\\\/#\\\/schema\\\/logo\\\/image\\\/\",\"url\":\"https:\\\/\\\/velarogverkfaeri.is\\\/wp-content\\\/uploads\\\/2021\\\/10\\\/vv_logo_350x100.png\",\"contentUrl\":\"https:\\\/\\\/velarogverkfaeri.is\\\/wp-content\\\/uploads\\\/2021\\\/10\\\/vv_logo_350x100.png\",\"width\":350,\"height\":100,\"caption\":\"V\u00e9lar & Verkf\u00e6ri\"},\"image\":{\"@id\":\"https:\\\/\\\/velarogverkfaeri.is\\\/en\\\/#\\\/schema\\\/logo\\\/image\\\/\"},\"sameAs\":[\"https:\\\/\\\/www.facebook.com\\\/VelarOgVerkfaeri\"]}]}<\/script>\n<!-- \/ Yoast SEO plugin. -->","yoast_head_json":{"title":"FROST ELEMENT 3005 Lykillauf - V\u00e9lar &amp; Verkf\u00e6ri","robots":{"index":"index","follow":"follow","max-snippet":"max-snippet:-1","max-image-preview":"max-image-preview:large","max-video-preview":"max-video-preview:-1"},"canonical":"https:\/\/velarogverkfaeri.is\/en\/lykillausnir\/hurdabunadur-lykillausnir\/hurdarhunar-hurdabunadur-lykillausnir\/product\/frost-element-3005-lykillauf\/","og_locale":"en_US","og_type":"article","og_title":"FROST ELEMENT 3005 Lykillauf - V\u00e9lar &amp; Verkf\u00e6ri","og_description":"Tegund: A3005B","og_url":"https:\/\/velarogverkfaeri.is\/en\/lykillausnir\/hurdabunadur-lykillausnir\/hurdarhunar-hurdabunadur-lykillausnir\/product\/frost-element-3005-lykillauf\/","og_site_name":"V\u00e9lar &amp; Verkf\u00e6ri","article_publisher":"https:\/\/www.facebook.com\/VelarOgVerkfaeri","article_modified_time":"2026-02-21T11:31:37+00:00","twitter_card":"summary_large_image","schema":{"@context":"https:\/\/schema.org","@graph":[{"@type":"WebPage","@id":"https:\/\/velarogverkfaeri.is\/lykillausnir\/hurdabunadur-lykillausnir\/hurdarhunar-hurdabunadur-lykillausnir\/product\/frost-element-3005-lykillauf\/","url":"https:\/\/velarogverkfaeri.is\/lykillausnir\/hurdabunadur-lykillausnir\/hurdarhunar-hurdabunadur-lykillausnir\/product\/frost-element-3005-lykillauf\/","name":"FROST ELEMENT 3005 Lykillauf - V\u00e9lar &amp; Verkf\u00e6ri","isPartOf":{"@id":"https:\/\/velarogverkfaeri.is\/en\/#website"},"primaryImageOfPage":{"@id":"https:\/\/velarogverkfaeri.is\/lykillausnir\/hurdabunadur-lykillausnir\/hurdarhunar-hurdabunadur-lykillausnir\/product\/frost-element-3005-lykillauf\/#primaryimage"},"image":{"@id":"https:\/\/velarogverkfaeri.is\/lykillausnir\/hurdabunadur-lykillausnir\/hurdarhunar-hurdabunadur-lykillausnir\/product\/frost-element-3005-lykillauf\/#primaryimage"},"thumbnailUrl":"https:\/\/velarogverkfaeri.is\/wp-content\/uploads\/2025\/08\/c5be4a14-704c-4e92-8222-4e64f9594a2f.jpg","datePublished":"2023-06-08T19:17:10+00:00","dateModified":"2026-02-21T11:31:37+00:00","breadcrumb":{"@id":"https:\/\/velarogverkfaeri.is\/lykillausnir\/hurdabunadur-lykillausnir\/hurdarhunar-hurdabunadur-lykillausnir\/product\/frost-element-3005-lykillauf\/#breadcrumb"},"inLanguage":"en-US","potentialAction":[{"@type":"ReadAction","target":["https:\/\/velarogverkfaeri.is\/lykillausnir\/hurdabunadur-lykillausnir\/hurdarhunar-hurdabunadur-lykillausnir\/product\/frost-element-3005-lykillauf\/"]}]},{"@type":"ImageObject","inLanguage":"en-US","@id":"https:\/\/velarogverkfaeri.is\/lykillausnir\/hurdabunadur-lykillausnir\/hurdarhunar-hurdabunadur-lykillausnir\/product\/frost-element-3005-lykillauf\/#primaryimage","url":"https:\/\/velarogverkfaeri.is\/wp-content\/uploads\/2025\/08\/c5be4a14-704c-4e92-8222-4e64f9594a2f.jpg","contentUrl":"https:\/\/velarogverkfaeri.is\/wp-content\/uploads\/2025\/08\/c5be4a14-704c-4e92-8222-4e64f9594a2f.jpg","width":550,"height":585},{"@type":"BreadcrumbList","@id":"https:\/\/velarogverkfaeri.is\/lykillausnir\/hurdabunadur-lykillausnir\/hurdarhunar-hurdabunadur-lykillausnir\/product\/frost-element-3005-lykillauf\/#breadcrumb","itemListElement":[{"@type":"ListItem","position":1,"name":"Home","item":"https:\/\/velarogverkfaeri.is\/"},{"@type":"ListItem","position":2,"name":"Vefverslun","item":"https:\/\/velarogverkfaeri.is\/vefverslun\/"},{"@type":"ListItem","position":3,"name":"FROST ELEMENT 3005 Lykillauf"}]},{"@type":"WebSite","@id":"https:\/\/velarogverkfaeri.is\/en\/#website","url":"https:\/\/velarogverkfaeri.is\/en\/","name":"V\u00e9lar & Verkf\u00e6ri","description":"Umbo\u00f0s- og heildverslun fr\u00e1 \u00e1rinu 1919","publisher":{"@id":"https:\/\/velarogverkfaeri.is\/en\/#organization"},"potentialAction":[{"@type":"SearchAction","target":{"@type":"EntryPoint","urlTemplate":"https:\/\/velarogverkfaeri.is\/en\/?s={search_term_string}"},"query-input":{"@type":"PropertyValueSpecification","valueRequired":true,"valueName":"search_term_string"}}],"inLanguage":"en-US"},{"@type":"Organization","@id":"https:\/\/velarogverkfaeri.is\/en\/#organization","name":"V\u00e9lar & Verkf\u00e6ri","url":"https:\/\/velarogverkfaeri.is\/en\/","logo":{"@type":"ImageObject","inLanguage":"en-US","@id":"https:\/\/velarogverkfaeri.is\/en\/#\/schema\/logo\/image\/","url":"https:\/\/velarogverkfaeri.is\/wp-content\/uploads\/2021\/10\/vv_logo_350x100.png","contentUrl":"https:\/\/velarogverkfaeri.is\/wp-content\/uploads\/2021\/10\/vv_logo_350x100.png","width":350,"height":100,"caption":"V\u00e9lar & Verkf\u00e6ri"},"image":{"@id":"https:\/\/velarogverkfaeri.is\/en\/#\/schema\/logo\/image\/"},"sameAs":["https:\/\/www.facebook.com\/VelarOgVerkfaeri"]}]}},"_links":{"self":[{"href":"https:\/\/velarogverkfaeri.is\/en\/wp-json\/wp\/v2\/product\/39945","targetHints":{"allow":["GET"]}}],"collection":[{"href":"https:\/\/velarogverkfaeri.is\/en\/wp-json\/wp\/v2\/product"}],"about":[{"href":"https:\/\/velarogverkfaeri.is\/en\/wp-json\/wp\/v2\/types\/product"}],"replies":[{"embeddable":true,"href":"https:\/\/velarogverkfaeri.is\/en\/wp-json\/wp\/v2\/comments?post=39945"}],"wp:featuredmedia":[{"embeddable":true,"href":"https:\/\/velarogverkfaeri.is\/en\/wp-json\/wp\/v2\/media\/74623"}],"wp:attachment":[{"href":"https:\/\/velarogverkfaeri.is\/en\/wp-json\/wp\/v2\/media?parent=39945"}],"wp:term":[{"taxonomy":"product_brand","embeddable":true,"href":"https:\/\/velarogverkfaeri.is\/en\/wp-json\/wp\/v2\/product_brand?post=39945"},{"taxonomy":"product_cat","embeddable":true,"href":"https:\/\/velarogverkfaeri.is\/en\/wp-json\/wp\/v2\/product_cat?post=39945"},{"taxonomy":"product_tag","embeddable":true,"href":"https:\/\/velarogverkfaeri.is\/en\/wp-json\/wp\/v2\/product_tag?post=39945"}],"curies":[{"name":"wp","href":"https:\/\/api.w.org\/{rel}","templated":true}]}}