{"id":39681,"date":"2023-06-08T19:16:14","date_gmt":"2023-06-08T19:16:14","guid":{"rendered":"https:\/\/vv-dev.webdev.is\/?post_type=product&#038;p=39681"},"modified":"2026-02-21T01:16:28","modified_gmt":"2026-02-21T01:16:28","slug":"randi-skrufur-m4x1005mm-messing-64092-020-ath-ekki-rettur-litur-a-mynd","status":"publish","type":"product","link":"https:\/\/velarogverkfaeri.is\/en\/lykillausnir\/hurdabunadur-lykillausnir\/skrufur\/product\/randi-skrufur-m4x1005mm-messing-64092-020-ath-ekki-rettur-litur-a-mynd\/","title":{"rendered":"RANDI Skr\u00fafur M4x100,5mm Messing 64092-020 (ATH EKKI R\u00c9TTUR LITUR \u00c1 MYND)"},"content":{"rendered":"","protected":false},"excerpt":{"rendered":"<p>Tegund:&nbsp;64092-020<\/p>\n<p><\/p>\n<p><img decoding=\"async\" src=\"data:image\/png;base64,iVBORw0KGgoAAAANSUhEUgAAAnQAAAAoCAYAAAB3umdqAAAAAXNSR0IArs4c6QAAAARnQU1BAACxjwv8YQUAAAAJcEhZcwAADsMAAA7DAcdvqGQAAA06SURBVHhe7Z1diB5XGcdP1F4khRbMFi+aTdU2yVq71W7BiNn0Q2yEFExAL9qQehGDBQnRixJSxWVZQSVEK1JbIkmEBpJeRJsIDbgpbSVJaQvd9aPoNvXGRFulG0sVt0Iu6vzmnefds7PzPfO+ed\/t\/wfDO59nZs458z7\/eZ5zzix7L8AJIYQQQoi+5QPRrxBCCCGE6FMk6IQQQggh+hwJOiGEEEKIPkeCTgghhBCiz5GgE0IIIYTocyTohBBCCCH6HAk6IYQQQog+R4JOCCGEEKLPaQ8s\/PqZ74UrmmTNxu9Gc0IIIYQQolOEgm76qe3u7TdeilY1x9o7xtyq4QeipXRmZs67nz7682jJuS1b7nVfvOfuaCmfh\/aMubm5uXB+aGit273r6+F8ES5c+Jv74b6fREvOjW74rNt2\/1eipfpwXWfOzeftuXMvhr8T4w+Hv3lwfWeDY5iMgYGVbkNwnUXy6DennwvPOTt7KVrTuseR224N86oK39j1UDSXz2OP7o\/mhBBCLHXM5p0ObI\/ZZcDerFu3xl038OHA\/nwqWptNWftcx95hY6em\/xDqEYNjRjesz7xezgnT078Pr9cHLXN7cOxAcM\/d4IPjAf+Y+ZX733\/+Hq1qjpU33Omu+Uh+wc289rr746t\/ipYClblsmVv\/mdujpWzIfF\/srFixPCzAojx+4LB7551\/R0vOrV69yg0P3xwtVYdC\/vEjP3OTwe9rwf3ZNDf3bnCNK9zdd22M9kyHNA4dPuIuXFxYSUiDtF56+RU3fMsnw3uOMzv7r0AkH3AvB\/uwvw\/pceyHrrrK3XTjx6K1xXn61GQ0l8+9mzdFc0IIIZYy2OMfPfKYezWw55cvX47WtkBkYbcQTcO33OyuvfaaaEs6Re1zHXuH6Hz8wC\/cc8+fWSAEgWWu9803\/+lGRhZqGcTbw9+ZaNt2\/zoN1pPujR\/\/aOiI6TQ94aFDkB09djwUOqbo9++bCJfzOPHrU25y8tn2sWRaUe+XnZdjmKiMTXnoSOuvFxeKZFPwRa5xKtj34KEj4TxvB1sDpW8qH6Fnbz+ktXfPNxflFW81nIv1W7dsbotc1iEySR\/KekPBPHRVjhVCCLH0wLYQaTO7tCmwDXHninmzitiNMva5jr3DziZtRyROnn627TDatOnzbuuXNofzBvpj+fLl7obB6xd5AE2bANc1Mb53kZ1ump7qFIH6thtGFRdhaqpVEKOjxb1yQKU7cfJUOE8FaBoKl4rhT6sHV0Vbs+Hajh77ZThPOju\/9kBbzAFp7dyxPZznDcIP6QIPDRUZ2M9\/qMhj0rPKF3eLCyGEEGU5+uTxtpjbvevBRWIOzBbmUcY+17F3iEQTcwhF\/9qwuaxDyAHiDJHng8DjmLiYA7YhEIFzEonsND0l6FYESteE2cxM\/s1TiAgaRODAynIxaioLmUxBFI3ndwsEmlW6+BuB4V83ldTHltmeVNHA0uU8cUEohBBCFAVhZKIKz1zdNmNl7HMdezdz\/i\/hLxoiSYDCpi\/cFc05d\/aF+eZdRdi4YX00F+iVWMSuE\/SEoPtvFPOmLdjqwevDedSsiZo0\/hwpXt87F4+BJ0HlMzfqtvua6wDRFBejB4O3C6Y0RkZuDX\/JJ+4JeKgs32x7En7axPmFEEKIKpyNRFKWMCpKGftc196Z3cyys9yTicqzZ8sJOo5lgtm38rVJXXpuHDoyjgwIRUqO0KBNGgytvSn8LQqxbcAdmvcmQZsA2owx2RtIHFy+bB8b\/8Eil2wV7L7zQrSrBwejOddur2ciF\/ztSVj6afd1JSD\/yE9ra8G1Wf7aZNuABzJruw9\/Emyzh5h5v3yZ9\/Mib7sQQoh5mzW0bk34W4cy9rmuvbMOFHkRvoHrWh0a0CUmIMsy9+7CzhqdoCcHFrZKMTWV3o4Ow0\/BIP7S3KxJYKQ5jji\/7w5Ng5g8+wJtBOJwHeby3bljYVu3KpCeVZiV0XnT8M91KfJM2i\/kXYulz\/maEKJNMDs7606efDqcEFA0dmXeh2Uay7KNfZK22xueD+0y2Tb5zPOhQGPexB0wf\/DwkfAPJWu7EEKIFr7NMuFTlbL2uSl7F+8ZG8cXfGVf6tt5U7JZWBV6UtCZ6zTLQ\/dK5J1jfJmi+OKLOL+5QrNgH2uUSUFS4XysISgNJ7PctkVB0BhXJwxHEsfE5uylVgW1X1ufhZ++f96iIHjMe2UTPYbieVQH3tIYy45pYvzb7ftCsFE2aduz2mAizDiO8QrtWJaBkD2NX1neu+dbidvLPtBCCLFU8W0HPT6rUsU+17V3NuTX7KXscKg\/NFgZT5tvK\/IcNE3QE4LOV9lgHjqEkvVAiWNx8KGh1r6++k3zNtEFmTTx6JWJ8xMGthg6Fc7SR1QgDqhMaZ0X3m9QXgg9vGdp5VAUBFe81xEDKgMPe9J2GysoPnafD+Is3jOJZfsDse2+QF\/YuFWCTgghwEQVIJqsaQs2wH\/ZJ5qSZs+hqn2ug9kAhFeWvaLDppHnzfPxQ8IMMNxpespDt+LqlkHFsJqASuoZQqEjpPz98mB\/C8NVEV+MA8f5OPeJQLC0fluxfkKtTVE3zs51dRq6cpvnyp\/oHt4ut+ABYaDHprG3rLT7rOPWThqg2aDsi7wFCiHE+xWawjDxUh+PZIRNVg61mrTEqWqf69q70c\/NC0fsVVxwcg+I06LDqPn4HkcEal5IuAl6StD57lrzvCX1KrHMLdMA8+iTrXHdqoZGKQwLvVLovG1QmZoKtRr+m0AVzMvUSdLenhBziDobt4fwpD2kQgghljbYBiIcNH\/xX\/aJppidpEkLAs6nqn2ua++w635zGgSn71W0NtxV7NjBw0+EGiGM4HVgrNskekLQJbkwrW0cGbJY6bfcmFndlH1Q2BQWhe+PKVMWKqvvoqWg6qS3VPHfeuJlJ4QQYmmC3aa5Stwbhd3cueOr0RLNlebHgmvKPleF6\/UHHzaw74g9IlL+1ymKRIHwUprtI4LXDUcL9IagSwgzkgGWwVO\/m3d3IvDoLBFuT\/HQ+Y00fbcnKrluxvJxYYNu0E0X1MDAQDQ3Pz5fFjwIYJXMfm19Fn76\/nnrwsNs4Um\/fYUQQoilhS9wspoMYRfMplsnhLr2uSl7R3TJ7yTHxOc5EXs4csrYSgSqefR8z2Q36KmQaxwTT\/Z5L0DMIeoQc0UKn96w7A+oZt+d6k\/mAqYgbF0cKh\/uV4PQa1YjzypQ6e2+4p1F4viNOK0Hjd+Txt+ehKXP+eJvVEIIIUQevsB5K8fmmACzqFxd+9wte1f0WMScaQTEXNzr12l6WtBZrxDUt7kvLdxqbey6CTFxIM5vjf\/tEyVNYp7HvN6UFy5ejOac+0R0jP2Cvz0JS79MW0QhhBDCKOWEiCI2WR3QytAte1dk4OQrLeagR9rQpfRYDCqKuSut+691iIiPP+e\/JfhuX1ymvhs1bbLMx71q63woLL\/dnPV6RWwyUG2TmFjlfFlt0GzgZa7D8olfC3dmDczspz3YsEuY8jQXeDfdzUIIIbqPfX4zrzeo2ZyBlS0bVdc+d8Pe4R00ezaaMtixiTls8ZUSc9BTnSKSBtK9LfKE8ZkvMhaxgHfM3giSKDNOTBGS4vyIzXuCyghJvXbqgFi1+5uMzhuHymnhXrsOw8ZqY7tV4jiWLucpMiJ3GXyBO\/Lp4gM\/CyGE6D+sIxz2GXGTBPbInDdNRtg6be9smBVEWpJQY3sviDno6ZArmEuVgrKeMU17lPKwced4O7BQK\/B2YR4o63bdBFSMbfd\/OZynktKV2m8fQDsChk0B3k7iFdS\/Lvbzu1yTDun5YtDEo0FeWzsFvk9rDyEgXHlg\/XUGx9EOAoEL5JU8dEIIsbTBwWHDVSFuEDm+jcAGHT3WspHYBGxpU9S1d9gz\/xiDdQxbgl0LbfJ98z1dDbN32GG+LHSl7d2y9wKmn9ru3n5jvhtxU6y9Y8ytGs4fdLf1UftLYdfgpIK2TDX275tYVCgU3Nj498P5tHSyoCIgVjjO76LcqojHw\/NNjO9NFD9cH9gXBtIgHdKj8OlBk4e5cdMgnd27HgwfpjhhRT78xIJ8i5N2vf5543lp95AHYo6u4GWhDEysmlvdx8oDsrYn5bGVcdp9Wz3M216lfgkhxFLH\/mPTQPAwfEmSzcoizT4bVe2db7\/TwObzTfe45823RUVJsllN0lMh1zT8jKRCxEVVnCLDfRSBwravQaR1qeZ6\/DeTrMpcFiofqt\/SNxArVE4ES9qDwXqOZb\/4WwMPBa7hJNEChLeBfI8LF9IizTRBw7Ui5KqIOSGEEP0LdgXBFRc\/ZjewSWXFXBGq2jv2xVZxXPyasfesx5ET39arhB46Zs7\/dixc0SRr75yI5kS\/4L+xXOn2AEIIIYQoRlvQCQEWbq0aMhVCCCFE9+n5ThGiu1i4lWFZhBBCCNEfSNCJNvRK4nNmtIPrRDsHIYQQQnQGhVyFEEIIIfoceeiEEEIIIfocCTohhBBCiD5Hgk4IIYQQos+RoBNCCCGE6Guc+z\/uPw8wnlwScwAAAABJRU5ErkJggg==\" alt=\"\"><\/p>","protected":false},"featured_media":80399,"comment_status":"closed","ping_status":"closed","template":"","meta":[],"product_brand":[],"product_cat":[905,597,517],"product_tag":[],"class_list":{"0":"post-39681","1":"product","2":"type-product","3":"status-publish","4":"has-post-thumbnail","6":"product_cat-skrufur","7":"product_cat-hurdabunadur-lykillausnir","8":"product_cat-lykillausnir","10":"first","11":"instock","12":"taxable","13":"shipping-taxable","14":"purchasable","15":"product-type-simple"},"yoast_head":"<!-- This site is optimized with the Yoast SEO plugin v27.3 - https:\/\/yoast.com\/product\/yoast-seo-wordpress\/ -->\n<title>RANDI Skr\u00fafur M4x100,5mm Messing 64092-020 (ATH EKKI R\u00c9TTUR LITUR \u00c1 MYND) - V\u00e9lar &amp; Verkf\u00e6ri<\/title>\n<meta name=\"robots\" content=\"index, follow, max-snippet:-1, max-image-preview:large, max-video-preview:-1\" \/>\n<link rel=\"canonical\" href=\"https:\/\/velarogverkfaeri.is\/en\/lykillausnir\/hurdabunadur-lykillausnir\/skrufur\/product\/randi-skrufur-m4x1005mm-messing-64092-020-ath-ekki-rettur-litur-a-mynd\/\" \/>\n<meta property=\"og:locale\" content=\"en_US\" \/>\n<meta property=\"og:type\" content=\"article\" \/>\n<meta property=\"og:title\" content=\"RANDI Skr\u00fafur M4x100,5mm Messing 64092-020 (ATH EKKI R\u00c9TTUR LITUR \u00c1 MYND) - V\u00e9lar &amp; Verkf\u00e6ri\" \/>\n<meta property=\"og:description\" content=\"Tegund:&nbsp;64092-020\" \/>\n<meta property=\"og:url\" content=\"https:\/\/velarogverkfaeri.is\/en\/lykillausnir\/hurdabunadur-lykillausnir\/skrufur\/product\/randi-skrufur-m4x1005mm-messing-64092-020-ath-ekki-rettur-litur-a-mynd\/\" \/>\n<meta property=\"og:site_name\" content=\"V\u00e9lar &amp; Verkf\u00e6ri\" \/>\n<meta property=\"article:publisher\" content=\"https:\/\/www.facebook.com\/VelarOgVerkfaeri\" \/>\n<meta property=\"article:modified_time\" content=\"2026-02-21T01:16:28+00:00\" \/>\n<meta name=\"twitter:card\" content=\"summary_large_image\" \/>\n<script type=\"application\/ld+json\" class=\"yoast-schema-graph\">{\"@context\":\"https:\\\/\\\/schema.org\",\"@graph\":[{\"@type\":\"WebPage\",\"@id\":\"https:\\\/\\\/velarogverkfaeri.is\\\/lykillausnir\\\/hurdabunadur-lykillausnir\\\/skrufur\\\/product\\\/randi-skrufur-m4x1005mm-messing-64092-020-ath-ekki-rettur-litur-a-mynd\\\/\",\"url\":\"https:\\\/\\\/velarogverkfaeri.is\\\/lykillausnir\\\/hurdabunadur-lykillausnir\\\/skrufur\\\/product\\\/randi-skrufur-m4x1005mm-messing-64092-020-ath-ekki-rettur-litur-a-mynd\\\/\",\"name\":\"RANDI Skr\u00fafur M4x100,5mm Messing 64092-020 (ATH EKKI R\u00c9TTUR LITUR \u00c1 MYND) - V\u00e9lar &amp; Verkf\u00e6ri\",\"isPartOf\":{\"@id\":\"https:\\\/\\\/velarogverkfaeri.is\\\/en\\\/#website\"},\"primaryImageOfPage\":{\"@id\":\"https:\\\/\\\/velarogverkfaeri.is\\\/lykillausnir\\\/hurdabunadur-lykillausnir\\\/skrufur\\\/product\\\/randi-skrufur-m4x1005mm-messing-64092-020-ath-ekki-rettur-litur-a-mynd\\\/#primaryimage\"},\"image\":{\"@id\":\"https:\\\/\\\/velarogverkfaeri.is\\\/lykillausnir\\\/hurdabunadur-lykillausnir\\\/skrufur\\\/product\\\/randi-skrufur-m4x1005mm-messing-64092-020-ath-ekki-rettur-litur-a-mynd\\\/#primaryimage\"},\"thumbnailUrl\":\"https:\\\/\\\/velarogverkfaeri.is\\\/wp-content\\\/uploads\\\/2026\\\/02\\\/f9e98f07-354f-4f3e-ba02-278beacab0ff.png\",\"datePublished\":\"2023-06-08T19:16:14+00:00\",\"dateModified\":\"2026-02-21T01:16:28+00:00\",\"breadcrumb\":{\"@id\":\"https:\\\/\\\/velarogverkfaeri.is\\\/lykillausnir\\\/hurdabunadur-lykillausnir\\\/skrufur\\\/product\\\/randi-skrufur-m4x1005mm-messing-64092-020-ath-ekki-rettur-litur-a-mynd\\\/#breadcrumb\"},\"inLanguage\":\"en-US\",\"potentialAction\":[{\"@type\":\"ReadAction\",\"target\":[\"https:\\\/\\\/velarogverkfaeri.is\\\/lykillausnir\\\/hurdabunadur-lykillausnir\\\/skrufur\\\/product\\\/randi-skrufur-m4x1005mm-messing-64092-020-ath-ekki-rettur-litur-a-mynd\\\/\"]}]},{\"@type\":\"ImageObject\",\"inLanguage\":\"en-US\",\"@id\":\"https:\\\/\\\/velarogverkfaeri.is\\\/lykillausnir\\\/hurdabunadur-lykillausnir\\\/skrufur\\\/product\\\/randi-skrufur-m4x1005mm-messing-64092-020-ath-ekki-rettur-litur-a-mynd\\\/#primaryimage\",\"url\":\"https:\\\/\\\/velarogverkfaeri.is\\\/wp-content\\\/uploads\\\/2026\\\/02\\\/f9e98f07-354f-4f3e-ba02-278beacab0ff.png\",\"contentUrl\":\"https:\\\/\\\/velarogverkfaeri.is\\\/wp-content\\\/uploads\\\/2026\\\/02\\\/f9e98f07-354f-4f3e-ba02-278beacab0ff.png\",\"width\":475,\"height\":253},{\"@type\":\"BreadcrumbList\",\"@id\":\"https:\\\/\\\/velarogverkfaeri.is\\\/lykillausnir\\\/hurdabunadur-lykillausnir\\\/skrufur\\\/product\\\/randi-skrufur-m4x1005mm-messing-64092-020-ath-ekki-rettur-litur-a-mynd\\\/#breadcrumb\",\"itemListElement\":[{\"@type\":\"ListItem\",\"position\":1,\"name\":\"Home\",\"item\":\"https:\\\/\\\/velarogverkfaeri.is\\\/\"},{\"@type\":\"ListItem\",\"position\":2,\"name\":\"Vefverslun\",\"item\":\"https:\\\/\\\/velarogverkfaeri.is\\\/vefverslun\\\/\"},{\"@type\":\"ListItem\",\"position\":3,\"name\":\"RANDI Skr\u00fafur M4x100,5mm Messing 64092-020 (ATH EKKI R\u00c9TTUR LITUR \u00c1 MYND)\"}]},{\"@type\":\"WebSite\",\"@id\":\"https:\\\/\\\/velarogverkfaeri.is\\\/en\\\/#website\",\"url\":\"https:\\\/\\\/velarogverkfaeri.is\\\/en\\\/\",\"name\":\"V\u00e9lar & Verkf\u00e6ri\",\"description\":\"Umbo\u00f0s- og heildverslun fr\u00e1 \u00e1rinu 1919\",\"publisher\":{\"@id\":\"https:\\\/\\\/velarogverkfaeri.is\\\/en\\\/#organization\"},\"potentialAction\":[{\"@type\":\"SearchAction\",\"target\":{\"@type\":\"EntryPoint\",\"urlTemplate\":\"https:\\\/\\\/velarogverkfaeri.is\\\/en\\\/?s={search_term_string}\"},\"query-input\":{\"@type\":\"PropertyValueSpecification\",\"valueRequired\":true,\"valueName\":\"search_term_string\"}}],\"inLanguage\":\"en-US\"},{\"@type\":\"Organization\",\"@id\":\"https:\\\/\\\/velarogverkfaeri.is\\\/en\\\/#organization\",\"name\":\"V\u00e9lar & Verkf\u00e6ri\",\"url\":\"https:\\\/\\\/velarogverkfaeri.is\\\/en\\\/\",\"logo\":{\"@type\":\"ImageObject\",\"inLanguage\":\"en-US\",\"@id\":\"https:\\\/\\\/velarogverkfaeri.is\\\/en\\\/#\\\/schema\\\/logo\\\/image\\\/\",\"url\":\"https:\\\/\\\/velarogverkfaeri.is\\\/wp-content\\\/uploads\\\/2021\\\/10\\\/vv_logo_350x100.png\",\"contentUrl\":\"https:\\\/\\\/velarogverkfaeri.is\\\/wp-content\\\/uploads\\\/2021\\\/10\\\/vv_logo_350x100.png\",\"width\":350,\"height\":100,\"caption\":\"V\u00e9lar & Verkf\u00e6ri\"},\"image\":{\"@id\":\"https:\\\/\\\/velarogverkfaeri.is\\\/en\\\/#\\\/schema\\\/logo\\\/image\\\/\"},\"sameAs\":[\"https:\\\/\\\/www.facebook.com\\\/VelarOgVerkfaeri\"]}]}<\/script>\n<!-- \/ Yoast SEO plugin. -->","yoast_head_json":{"title":"RANDI Skr\u00fafur M4x100,5mm Messing 64092-020 (ATH EKKI R\u00c9TTUR LITUR \u00c1 MYND) - V\u00e9lar &amp; Verkf\u00e6ri","robots":{"index":"index","follow":"follow","max-snippet":"max-snippet:-1","max-image-preview":"max-image-preview:large","max-video-preview":"max-video-preview:-1"},"canonical":"https:\/\/velarogverkfaeri.is\/en\/lykillausnir\/hurdabunadur-lykillausnir\/skrufur\/product\/randi-skrufur-m4x1005mm-messing-64092-020-ath-ekki-rettur-litur-a-mynd\/","og_locale":"en_US","og_type":"article","og_title":"RANDI Skr\u00fafur M4x100,5mm Messing 64092-020 (ATH EKKI R\u00c9TTUR LITUR \u00c1 MYND) - V\u00e9lar &amp; Verkf\u00e6ri","og_description":"Tegund:&nbsp;64092-020","og_url":"https:\/\/velarogverkfaeri.is\/en\/lykillausnir\/hurdabunadur-lykillausnir\/skrufur\/product\/randi-skrufur-m4x1005mm-messing-64092-020-ath-ekki-rettur-litur-a-mynd\/","og_site_name":"V\u00e9lar &amp; Verkf\u00e6ri","article_publisher":"https:\/\/www.facebook.com\/VelarOgVerkfaeri","article_modified_time":"2026-02-21T01:16:28+00:00","twitter_card":"summary_large_image","schema":{"@context":"https:\/\/schema.org","@graph":[{"@type":"WebPage","@id":"https:\/\/velarogverkfaeri.is\/lykillausnir\/hurdabunadur-lykillausnir\/skrufur\/product\/randi-skrufur-m4x1005mm-messing-64092-020-ath-ekki-rettur-litur-a-mynd\/","url":"https:\/\/velarogverkfaeri.is\/lykillausnir\/hurdabunadur-lykillausnir\/skrufur\/product\/randi-skrufur-m4x1005mm-messing-64092-020-ath-ekki-rettur-litur-a-mynd\/","name":"RANDI Skr\u00fafur M4x100,5mm Messing 64092-020 (ATH EKKI R\u00c9TTUR LITUR \u00c1 MYND) - V\u00e9lar &amp; Verkf\u00e6ri","isPartOf":{"@id":"https:\/\/velarogverkfaeri.is\/en\/#website"},"primaryImageOfPage":{"@id":"https:\/\/velarogverkfaeri.is\/lykillausnir\/hurdabunadur-lykillausnir\/skrufur\/product\/randi-skrufur-m4x1005mm-messing-64092-020-ath-ekki-rettur-litur-a-mynd\/#primaryimage"},"image":{"@id":"https:\/\/velarogverkfaeri.is\/lykillausnir\/hurdabunadur-lykillausnir\/skrufur\/product\/randi-skrufur-m4x1005mm-messing-64092-020-ath-ekki-rettur-litur-a-mynd\/#primaryimage"},"thumbnailUrl":"https:\/\/velarogverkfaeri.is\/wp-content\/uploads\/2026\/02\/f9e98f07-354f-4f3e-ba02-278beacab0ff.png","datePublished":"2023-06-08T19:16:14+00:00","dateModified":"2026-02-21T01:16:28+00:00","breadcrumb":{"@id":"https:\/\/velarogverkfaeri.is\/lykillausnir\/hurdabunadur-lykillausnir\/skrufur\/product\/randi-skrufur-m4x1005mm-messing-64092-020-ath-ekki-rettur-litur-a-mynd\/#breadcrumb"},"inLanguage":"en-US","potentialAction":[{"@type":"ReadAction","target":["https:\/\/velarogverkfaeri.is\/lykillausnir\/hurdabunadur-lykillausnir\/skrufur\/product\/randi-skrufur-m4x1005mm-messing-64092-020-ath-ekki-rettur-litur-a-mynd\/"]}]},{"@type":"ImageObject","inLanguage":"en-US","@id":"https:\/\/velarogverkfaeri.is\/lykillausnir\/hurdabunadur-lykillausnir\/skrufur\/product\/randi-skrufur-m4x1005mm-messing-64092-020-ath-ekki-rettur-litur-a-mynd\/#primaryimage","url":"https:\/\/velarogverkfaeri.is\/wp-content\/uploads\/2026\/02\/f9e98f07-354f-4f3e-ba02-278beacab0ff.png","contentUrl":"https:\/\/velarogverkfaeri.is\/wp-content\/uploads\/2026\/02\/f9e98f07-354f-4f3e-ba02-278beacab0ff.png","width":475,"height":253},{"@type":"BreadcrumbList","@id":"https:\/\/velarogverkfaeri.is\/lykillausnir\/hurdabunadur-lykillausnir\/skrufur\/product\/randi-skrufur-m4x1005mm-messing-64092-020-ath-ekki-rettur-litur-a-mynd\/#breadcrumb","itemListElement":[{"@type":"ListItem","position":1,"name":"Home","item":"https:\/\/velarogverkfaeri.is\/"},{"@type":"ListItem","position":2,"name":"Vefverslun","item":"https:\/\/velarogverkfaeri.is\/vefverslun\/"},{"@type":"ListItem","position":3,"name":"RANDI Skr\u00fafur M4x100,5mm Messing 64092-020 (ATH EKKI R\u00c9TTUR LITUR \u00c1 MYND)"}]},{"@type":"WebSite","@id":"https:\/\/velarogverkfaeri.is\/en\/#website","url":"https:\/\/velarogverkfaeri.is\/en\/","name":"V\u00e9lar & Verkf\u00e6ri","description":"Umbo\u00f0s- og heildverslun fr\u00e1 \u00e1rinu 1919","publisher":{"@id":"https:\/\/velarogverkfaeri.is\/en\/#organization"},"potentialAction":[{"@type":"SearchAction","target":{"@type":"EntryPoint","urlTemplate":"https:\/\/velarogverkfaeri.is\/en\/?s={search_term_string}"},"query-input":{"@type":"PropertyValueSpecification","valueRequired":true,"valueName":"search_term_string"}}],"inLanguage":"en-US"},{"@type":"Organization","@id":"https:\/\/velarogverkfaeri.is\/en\/#organization","name":"V\u00e9lar & Verkf\u00e6ri","url":"https:\/\/velarogverkfaeri.is\/en\/","logo":{"@type":"ImageObject","inLanguage":"en-US","@id":"https:\/\/velarogverkfaeri.is\/en\/#\/schema\/logo\/image\/","url":"https:\/\/velarogverkfaeri.is\/wp-content\/uploads\/2021\/10\/vv_logo_350x100.png","contentUrl":"https:\/\/velarogverkfaeri.is\/wp-content\/uploads\/2021\/10\/vv_logo_350x100.png","width":350,"height":100,"caption":"V\u00e9lar & Verkf\u00e6ri"},"image":{"@id":"https:\/\/velarogverkfaeri.is\/en\/#\/schema\/logo\/image\/"},"sameAs":["https:\/\/www.facebook.com\/VelarOgVerkfaeri"]}]}},"_links":{"self":[{"href":"https:\/\/velarogverkfaeri.is\/en\/wp-json\/wp\/v2\/product\/39681","targetHints":{"allow":["GET"]}}],"collection":[{"href":"https:\/\/velarogverkfaeri.is\/en\/wp-json\/wp\/v2\/product"}],"about":[{"href":"https:\/\/velarogverkfaeri.is\/en\/wp-json\/wp\/v2\/types\/product"}],"replies":[{"embeddable":true,"href":"https:\/\/velarogverkfaeri.is\/en\/wp-json\/wp\/v2\/comments?post=39681"}],"wp:featuredmedia":[{"embeddable":true,"href":"https:\/\/velarogverkfaeri.is\/en\/wp-json\/wp\/v2\/media\/80399"}],"wp:attachment":[{"href":"https:\/\/velarogverkfaeri.is\/en\/wp-json\/wp\/v2\/media?parent=39681"}],"wp:term":[{"taxonomy":"product_brand","embeddable":true,"href":"https:\/\/velarogverkfaeri.is\/en\/wp-json\/wp\/v2\/product_brand?post=39681"},{"taxonomy":"product_cat","embeddable":true,"href":"https:\/\/velarogverkfaeri.is\/en\/wp-json\/wp\/v2\/product_cat?post=39681"},{"taxonomy":"product_tag","embeddable":true,"href":"https:\/\/velarogverkfaeri.is\/en\/wp-json\/wp\/v2\/product_tag?post=39681"}],"curies":[{"name":"wp","href":"https:\/\/api.w.org\/{rel}","templated":true}]}}