{"id":39002,"date":"2023-06-08T19:13:51","date_gmt":"2023-06-08T19:13:51","guid":{"rendered":"https:\/\/vv-dev.webdev.is\/?post_type=product&#038;p=39002"},"modified":"2025-10-07T11:03:11","modified_gmt":"2025-10-07T11:03:11","slug":"tupai-lykillauf-f-thyskar-laesingar-2","status":"publish","type":"product","link":"https:\/\/velarogverkfaeri.is\/en\/lykillausnir\/hurdabunadur-lykillausnir\/lykillauf-hurdabunadur-lykillausnir\/product\/tupai-lykillauf-f-thyskar-laesingar-2\/","title":{"rendered":"TUPAI Lykillauf Mattkr\u00f3m K\u00d6NTU\u00d0 f. \u00de\u00fdskar l\u00e6singar 1985 RE 96"},"content":{"rendered":"<p><img decoding=\"async\" src=\"data:image\/png;base64,iVBORw0KGgoAAAANSUhEUgAAAroAAAKOCAYAAABJFrqiAAAAAXNSR0IArs4c6QAAAARnQU1BAACxjwv8YQUAAAAJcEhZcwAADsMAAA7DAcdvqGQAACe7SURBVHhe7d0LtNVVncDxfQF5KoIiCCqmOAo+EEjLFEZkoVCWj5XmI8xJJ7PUGqvVDCZrslbZlDOzlqwmskZ0tEknJ9OCINEQ7OGD4akIEvISE0xF5CmPcf\/5X7lcL0reW\/ee3\/l81jrr7P\/\/HHQtI\/iy2f+9a7a\/IQEAQDCtyncAAAhF6AIAEJLQBQAgJKELAEBIQhcAgJCELgAAIQldAABCEroAAIQkdAEACEnoAgAQktAFACAkoQsAQEhCFwCAkIQuAAAhCV0AAEISugAAhCR0AQAISegCABCS0AUAICShCwBASEIXAICQhC4AACEJXQAAQhK6AACEJHQBAAhJ6AIAEJLQBQAgJKELAEBIQhcAgJCELgAAIQldAABCEroAAIQkdAEACEnoAgAQktAFACAkoQsAQEhCFwCAkIQuAAAhCV0AAEISugAAhCR0AQAISegCABCS0AUAICShCwBASEIXAICQhC4AACEJXQAAQhK6AACEJHQBAAhJ6AIAEJLQBQAgJKELAEBIQhcAgJCELgAAIQldAABCEroAAIQkdAEACEnoAgAQktAFACAkoQsAQEhCFwCAkIQuAAAhCV0AAEISugAAhCR0AQAISegCABCS0AUAICShCwBASEIXAICQhC4AACEJXQAAQhK6AACEJHQBAAhJ6AIAEJLQBQAgJKELAEBIQhcAgJCELgAAIQldAABCEroAAIQkdAEACEnoAgAQktAFACAkoQsAQEhCFwCAkIQuAAAhCV0AAEISugAAhCR0AQAISegCABCS0AUAICShCwBASEIXAICQhC4AACEJXQAAQhK6AACEJHQBAAhJ6AIAEJLQBQAgJKELAEBIQhcAgJCELgAAIQldAABCEroAAIQkdAEACEnoAgAQktAFACAkoQsAQEhCFwCAkIQuAAAhCV0AAEISugAAhCR0AQAISegCABCS0AUAICShCwBASEIXAICQhC4AACEJXQAAQhK6AACEJHQBAAhJ6AIAEJLQBQAgJKELAEBIQhcAgJCELgAAIQldAABCEroAAIQkdAEACEnoAgAQktAFACAkoQsAQEhCFwCAkIQuAAAhCV0AAEISugAAhCR0AQAISegCABCS0AUAICShCwBASEIXAICQhC4AACEJXQAAQhK6AACEJHQBAAhJ6AIAEJLQBQAgJKELAEBIQhcAgJCELgAAIQldAABCEroAAIQkdAEACEnoAgAQktAFgN1YuXJlmjRpUtqyZUt5B6gkQhcAdmPOnDlpzJgxadOmTeUdoJIIXQAAQhK6AACEJHQBAAipZvsbyjEAVJRVq1ale+65p7xqvGHDhqW+ffuWV6l4EC2v0Z06dWrq1KlTeReoFEIXgIo1c+bMNGjQoPKq8e644440atSo8kroQqWzdAGAinXcccelr3zlK6lNmzblHYCdzOgCUNHyHrd5JvYLX\/hCeuWVV9JHP\/rRdP3116f27duX39hzvXr1Sp07dy6vzOhCpRO6AFS8\/FvZnXfemS677LLUunXrNHHixGK9bWMJXahsli4AUPFqamrSeeedly699NLicIfPf\/7zxYNqQHUTugCE0KFDh\/Sd73wnHXjggWnevHnp5ptvLj8BqpXQBSCMrl27pptuuikNGTIkPf\/882nt2rXlJ0A1EroAhHLxxRenBx98MI0bNy7tvffe5V2gGgldAELJ63X32muv4pXHQPUSugAAhCR0AQAISegCABCS0AUAICShCwBASI4ABqBi5X1yZ82aVV413pFHHpl69OhRXjkCGCqd0AWgYs2cOTMNGjSovGq8O+64I40aNaq8ErpQ6SxdAKBi9erVK40YMSK1auW3M+CtzOgCUNE2bdqUPve5z6Uf\/OAHKf+Wds0116Rzzjmn\/PTPc8wxx1i6AIEIXQAq3ubNm9OXv\/zlNHbs2NStW7f0q1\/9Kh1\/\/PHlp++e0IXK5u96AKh4bdu2TTfccEM64YQT0qpVq9J1112Xtm7dWn4KVCuhC0AI++67b7F8oXPnzmnixInp9ttvLz8BqpXQBSCM\/v37p6uuuip16NAh3Xbbbem1114rPwGqkdAFIJTRo0en6dOnp+9+97vFkgagegldAELZZ5990nvf+9503HHHCV2ockIXAICQhC4AACEJXQAAQhK6AACE5GQ0AKhj3bp1xT68GzduTAsXLkyTJ09OV155Zdprr72KI4IHDRpUfhNo6YQuANSxdu3adPTRR6cVK1aUd3bKW5Z99rOfLa+Als7SBQCoI29PdtRRR5VXO+WtykaMGFFeAZVA6AJAPf369StHO+23336pe\/fu5RVQCYQuANTTUOh269YttW7durwCKoHQBYB6TjnllNSq1a6\/RQpdqDxCFwDqOf7444uwrSuv2807LwCVQ+gCQAMOPvjgcrRDnz593jLLC7Rs\/h8LAA2oH7q9evUqR0ClELoA0IA8g1vXQQcdVI6ASiF0AaABJ5544psPn+U9dPMhEkBlEboA0ID9998\/tWnTphgffvjh9tCFCiR0AaAB+YCI2l0WjjnmmOIdqCxCFwAakGdw85KFTOhCZRK6ANCAvOtCftXU1KQhQ4aUd4FKInQBoAF5z9x8FHDnzp3ToEGDyrtAJRG6ALAbeaeFug+lAZVF6ALAbgwcOFDoQgUTugCwG8OHDy+2FhO6UJlqtr+hHANUjLFjx6bRo0eXV7DD+PHj0\/nnn19e7Wrbtm1p7ty5af369eWdPXPnnXemUaNGlVfvbMCAAalDhw7lFdCchC5Qca699to0adKk9PTTT5d3YIf+\/funk08+Of3rv\/5r6tixY3l3hw0bNhS7J8yfP7+8s2e2bt365glpe2LmzJnpyCOPLK+A5iR0gYpz0kknpUcffTS1a9eueFiodq9TqtuMGTPSli1bihnVX\/\/616lLly7lJzvl2M0zu3vqgQceSF\/\/+teLP1jVD+fdybO5eccGoPkJXaDiHHfccWnevHmpd+\/eRYDkvU6hT58+afXq1cXPjxy6+SGyxso\/v8aMGZOmTp2aOnXqVN4FKoXQBSpODprFixcX79OnT089e\/YsP6GaHXbYYWnJkiWpb9++RZj26NGj\/OTdE7pQ2fzdClBxah8myusm\/5y1k8RWG6J5TW1+AQhdoOKsXbu2eM+Ra9snatXudCB0gVpCF6g4dWd0hS61ah8Wyw+kCV0gE7pARdm0aVOqfbTA0gXq2nvvvYt3M7pALaELVJR169aVIzO67MrSBaA+oQtUlI0bN5YjM7rsqvZhtLx0Ib8AhC5QUeqHrhldatUNXTO6QCZ0gYry2muvlaOdf1UNmaULQH1CF6go+QjXWvvss085gp27LuTItXQByIQuUFHqhm779u3LETgwAngroQtUlLq7LjiSlbrqzuhu27atGAPVTegCFSXvo1tL6FJX3QMjXn\/99WIMVDehC1SUuksXPIxGXbUHRmS1p+cB1U3oAhXF0gV2p+6a7bp\/IAKql9AFKkrdgOncuXM5gl3\/4FN3GzqgegldoKLUDd127dqVI9ixlKWmpqYYm9EFMqELVJS6SxdqHz6CrO6R0EIXyIQuUFHqHgFc9+EjqBu6li4AmdAFKkrd0LXrAnW1adMm7bXXXsXYrgtAJnSBilJ3ps6uC9TVqlWr4pUJXSATukBFsesCu5NndC1dAOoSukBFqbt0oe6+qZAjN8du5mE0IBO6QMXYtm1b2rx5c3ll1wV2VfdhtLp\/IAKqV832N5RjgBbt9ddfT2eeeWZ64IEHiutx48alLl26FGN44YUX0g033JBeeumldMYZZ6TJkyeXn7x7kyZNSmPGjElTp061JhwqkNAFKsamTZvShz70ofTQQw+Vd6BhQ4YMSdOmTSuvdnXbbbelJUuWlFdvb9GiRenXv\/51uvTSS1Pbtm3Lu2\/v6quvTt26dSuvgOYkdIGKkZcuLFiwIP3iF79IX\/7yl8u7sKvPfOYz6Zprrkn9+vUr7+zqn\/\/5n9PcuXPLq3e2ePHidPjhh5dX72zs2LHpoIMOKq+A5iR0gYrz5JNPpltvvbW8gl3l5S3Dhg0rrxovL134+te\/Xl4BlUToAsBuPP300+mqq65KEyZMsMsHVCC7LgDAbjz88MNp1apVacuWLeUdoJIIXQDYjbxM5k9\/+pPQhQoldAFgN+bPn19sV1Z3\/2agcghdAGjA2rVri10+8rZ29913X3kXqCRCFwAasGzZsrRmzZpiPGvWrOIdqCxCFwAakJcs1K7NnTdvXvEOVBahCwANyKGbj53O8lrdfGAJUFmELgA0YOnSpW\/O6K5evbqIXaCyCF0AaMATTzyR6p6plI8CBiqL0AWABqxYsaIc7bBy5cpyBFQKoQsADagfus8991w5AiqF0AWAetavX\/+WsM2npDkhDSqL0AWAeiZOnFjEbl05fIUuVBahCwD1NLTDwosvvih0ocIIXQCo56mnnipHO+XQ3bp1a3kFVAKhCwD1NDSj++qrr6bHH3+8vAIqgdAFgDryWtyOHTumfv36pUMOOSS1b98+HXXUUalv375pzpw55beASlCzve5u2ADAmyZNmpTGjBmTpk6dmjp16lTeBSqFGV0AAEISugAAhCR0AQAISegCABCS0AUAICShCwBASEIXAICQhC4AACEJXQAAQhK6AACEJHQBAAhJ6AIAEJLQBQAgJKELAEBIQhcAgJCELgAAIQldAABCEroAAIRUs\/0N5RgAqOP5559Pc+fOTcOGDUtt2rQp7wKVQugCABCSpQsAAIQkdAEACEnoAgAQktAFACAkoQsAQEhCFwCAkIQuAAAhCV0AAEISugAAhCR0AQAISegCABCS0AUAICShCwBASEIXAICQhC4AACEJXQAAQhK6AACEJHQBAAhJ6AIAEJLQBQAgJKELAEBIQhcAgJCELgAAIQldAABCEroAAIQkdAEACEnoAgAQktAFACAkoQsAQEhCFwCAkIQuAAAhCV0AAEISugAAhCR0AQAISegCABCS0AVoYa6\/\/vpUU1Pztq9DDjkkLV68uPwRO23ZsiUtWrQofe5zn0v77bffm98fMGBAGj9+fFqzZk3avn17+W2A2IQuQAuSQ3XhwoXl1Z9n48aN6dprry2iduzYsenll18uP0lp9uzZ6bLLLktDhw5Njz\/+eHkXILaaN\/5k74\/2AC3Eq6++mk4\/\/fT02GOPpe7du6eOHTuWn+yqZ8+e6a677kq9e\/currdt25ZGjx6dvv3tbxfXHTp0SN26dUutW7curl966aW0du3aYjY3\/9iZM2emHj16FJ8BRGVGF6AF2bBhQ1q5cmVq165duv3229Ozzz7b4Ou3v\/3tm5GbLVu2LN19993F+AMf+ED6xS9+kZ5++uk3vz9lypT0sY99rPj8+eefT1\/72teKOAaITOgCtCCvvPJKWrFiRerUqVM66KCDyrvvbPny5em5555LXbp0SePGjUvDhg3bZTb4xBNPLGaAjznmmOJ6xowZ6bXXXivGAFEJXYAW5Oc\/\/3nxvs8++6RDDz20GO+J\/N08A5xfRxxxRHn3rT74wQ8W7+vXr0+vv\/56MQaISugCtCBz584t3vOuCnmd7apVq4olCPmVZ2zXrVtXfF5fXsZw8cUXp7POOmu363qztm3bFu9t2rRJrVr5LQCIza9yAC3IfffdV7zn3RGuvPLKNGTIkNSvX7\/i9f73vz+de+65aerUqcV33o28Vjc78sgjU+fOnYsxQFR2XQBoIRYsWJD69u1bjPfee++3XUP705\/+tJi9rd1V4Z3kB89++MMfpk9\/+tPFTO7kyZPT8OHDy08BYhK6AC1EfljsoosuKsZ5Le3IkSPTwQcfXFxv3rw5PfLII+m73\/1ucZ0Pg3jooYfS8ccfX1y\/k7x37tlnn13suPD3f\/\/36Xvf+16xfAEgMqELNIl84laehdzTGUbend\/85jdFsP7pT38qgvUHP\/hB+UnD8kzu\/Pnzi3DOOzPkrcfyA2\/7779\/+Q2AuKzRBZpE\/ivxfPQsf1l5ne7gwYOL8S9\/+cvi\/e386le\/SmeeeWYRuXld7h133CFygaohdIEmkdeX5sMO\/hryX+NX62EHeblBbejmXRjyvrsN2bRpU7EU4qMf\/WhaunRpMZM7bdq01KdPn\/IbMeWfF\/nnh7+sBDKhC1Sc\/BDWk08+WV5Vn7ztWK2Ggi7\/geOqq65Kl112WbFf7kc+8pH0k5\/8pCqO\/M0\/L0aNGlWsRQYQukDFmT59enr11VfLqxhysOa9cn\/3u98V77uTv5eP9M1yuHbt2rUY18pLFPJDbP\/5n\/9ZXF9xxRXpxz\/+8Z91yloly2vF83\/DjRs3lneAaiZ0AVqAHLA33XRTOvnkk9Ppp5++24MhXn755fTwww8X47zXbl35AbWPf\/zjxR8E8slqt956a7r55puL44QBqpHQBWgB8t62H\/rQh4rxihUrimUHixcvLq6zrVu3pmXLlqVvfvOb6YknniiWL1x++eXlpzvW5OblCjlyc9jmGd0LL7wwtWvXrvwGQPWxvRjQJAYOHJjGjx+fBgwYUN75y8khl3cTOOWUU8o7MeRZ3LyPbt7+K4dvXm5wxBFHFJ\/l0M3LEmqXLXzyk58s9tStXa\/7f\/\/3f+nUU08tDpnIs7knnHBCcX932rdvXxwg0atXr\/JODHmv4fzfMM96H3744eVdoFoJXaBJCN2mkXdRyDOx+eSyhuQZ2vPOOy\/dcsstqWPHjuXdlEaPHp2+9a1vlVfvLP83nD17drhdGIQuUJelCwAtSJcuXdLdd9+dJkyYUOwuUSsHbt4qLO+dmw+JqBu5WT5IAoBdCV2AFmbfffct1uved999xUNq+ZV3EbjnnnvSaaedtsv2YrXyHrm1392TV17iEH1PXQChC1S1tWvXplWrVpVXNId8wMMLL7xQXgE0HaELhJb3280PcOX1qHn95u23354+85nPFHvN5iNxu3Xrlu69997y2zSHvC1anl3OD97lrdXycdJ5eUbeQSL\/75Z3n9jdCXAAb8fDaECTaCkPo+Wtt+bMmZOeeeaZ4rVw4cIikvIJYfmVlwDU\/2Vv3LhxRVzRPPIpZr17905btmwp77zxm1NNTbEzRF6mkdcj5+UcRx11VBHD+XXcccelk046qfz2Th5GA+oSukCT+GuGbo6ff\/u3f0uHHXZYevTRR9P8+fPTkiVLipnbF198MW3btq385p654IILrFdtRnlbtbxVWt3Q3RMHHHBAes973lO88s+FYcOGpT\/84Q\/pxhtvFLpAQegCTeKvGbp5hi+f+pWXJcyYMSMtWLCgmL3NM4Pv5pe0ESNGpP3337+84q8tz7Lff\/\/9f3bo5lnffAxyXoLyN3\/zN8XPwc6dO6frrrtO6AIFoQs0iZawdCEvU8jLFvLs7tKlS4vrlStXpjVr1hRRnB88a2i219KF5tXQ0oUsh2w+\/CLHa166kKO2b9++6dBDDy1mcfO4f\/\/+5bd3sHQBqEvoAk2ipazRrSsfi5vjdsOGDcWsYT5Z7IEHHigCOM8C54ec8mdCt3nVhm4O27z+Nq\/FzbO0Q4cOLa7zWt382nvvvRvcWq0uoQvUJXSBJtESQ\/ed5Fnexx57rJgdzEFF88h\/2MhhOnjw4CJmG0PoAnXZXgyoWvmvxIcPHy5ym1mepc3bvTU2cgHqE7rAuzZz5sxiD9r8ylt3TZ06tRj\/7Gc\/S1u3bi2\/BQDNQ+gC79qDDz6Yzj\/\/\/OKVt3X60pe+VIy\/+MUvplat\/PICQPPyOxHwrp166qnFdl559rbu65hjjikeLAKA5iR0gXftxBNPTF27di2vdsqnVgFAcxO6QKMceOCB5Winho5mBYC\/NqELNEr90M2nluUn6AGguQldoFEOO+ywcrRDDt+99tqrvAKA5iN0gUapfwRrQ0sZAKA5CF2gUXr06LHLDgu9evUqRwDQvIQu0Cjdu3cvRzu8973vLUcA0LyELtAoBx988C6HQ\/Ts2bMcAUDzErpAo\/Tp06dYvlCr\/gwvADQXoQs0Sl6fe+yxx745rhu9fyn5qOE8kwz1HXLIIenqq69OXbp0Ke8A1axmez6\/E6AR\/vEf\/zF9+9vfTh06dEivvfbaLksZAKC5+N0IaLTaB9Dy0b8iF4CWwu9IQKOdd955qX379m\/ZUxcAmpPQBRotz+LmtblCF4CWROgCTSIfFHHhhReWVwDQ\/DyMBjSJK664It1yyy3l1V\/Wq6++mp599tnyCnaV93K2zR2QCV2gQRs3bkzPPPNM2rp1a3nn7U2YMCGdeeaZ5VXjtG3bNvXt23e3D7bdf\/\/96ZxzzimvYFc33nhjsRMIgNAFGpQj9+\/+7u\/S+vXryztvb8GCBal3797FFmONlZdB3HPPPW\/5Z23evLmImClTpqRHHnmkvAu7ymvFzz333PTVr361vANUK6ELNImBAwem8ePHpwEDBpR3mt6GDRvSyJEj07Rp04rr\/O+EWvkPQvkPaPl98ODBafr06eUnQLUSukCTaI7Q9csXdS1dujQNHTo0LVmyROgCBbsuAAAQktAFACAkoQsAQEhCFwCAkIQuAAAhCV0AAEISugAAhCR0AQAISegCABCS0AUAICShCwBASEIXAICQhC5AC7Rt27a0evXqtHLlyiZ9bd++vfw3AMRX88Yven7VAxpt4MCBafz48WnAgAHlnaa3YcOGNHLkyDRt2rTiOvIvXy+\/\/HL68Ic\/nObPn1\/eaRorVqxIHTt2LK9iWbp0aRo6dGhasmRJGjx4cJo+fXr5CVCtzOgCtDCTJk1Kw4cPTzNnziyCtylfp556avr9739f\/psAYjOjCzQJM7pN584770yXXHJJMc7\/Xd\/3vvcV48b4wx\/+kKZMmVKMc0iPGDGiGEdiRheoT+gCTULoNp26oTt69Oj0zW9+sxg3xl133ZUuuuiiYix0gWph6QIAACEJXQAAQhK6AACEJHQBAAhJ6AIAEJLQBQAgJKELAEBIQhcAgJCELgAAIQldAABCEroAAIQkdAEACEnoArt48skn0z\/90z+lM844I5166qlp1KhR6b\/+67\/SmjVrym8AQGUQulAlZs2alT71qU+lz3\/+8+nFF18s7+60evXqdO2116YTTjgh\/cu\/\/Et64IEH0rRp09KPfvSjdOmll6YBAwYUwbt+\/fryRwBAyyZ0oUosWbIk\/fCHP0x33XVXWrduXXl3pxzAN998c9q4cWNxfcABB6QTTzwxHXHEEammpqb48ZdffnkaM2ZM2rZtW\/EdAGjJhC6QvvOd76Qf\/\/jHRcCedtpp6Te\/+U1atWpVeuyxx9IzzzyTFi1alD7xiU+k7du3p7Fjx6bp06eXPxIAWi6hC1Xu1VdfTd\/\/\/veL8fHHH5\/+53\/+J5188snFda3DDz88jRs3Lv3DP\/xDev3119MnP\/nJ8hMAaLmELlS55cuXp5dffrkYjx49OnXr1q0Y19ehQ4d00003pd69e6dnn302zZs3r\/wEAFomoQu86X3ve1852r1+\/foV7w090AYALYnQhSqXZ3DbtWtXjF955ZXi\/e3UPsjWunXr4h0AWiqhC1Vmy5YtxbrcWt27d0\/nnntuMb7llluK991ZsGBBevTRR4vxIYccUrwDQEsldKHKvPTSS6l\/\/\/7pPe95T\/rYxz6WbrjhhvSBD3wgde7cuXjgbMKECW\/ZPiw\/gPbQQw8VQZzH+TCJ\/OMBoCUTulAlDjrooDRo0KDyKqWlS5emn\/zkJ0Xo5gMhapck3HjjjWnDhg3FOJs8eXJxWESO3Pnz56f9998\/3XbbbeWnANByCV2oEvnwhxkzZhTrcCdOnJj+\/d\/\/PV1yySXFVmJ9+vRJ7du3L76XQ3avvfYqxtmKFSuKwM3LHQ477LBieUPPnj3LTwGg5RK6UGX23Xff9MEPfrDYEzcf6Ttp0qT0yCOPpLlz56b\/\/u\/\/ThdffPEuoZsfVjv22GOLQyXyQRK163kBoKUTulDl9tlnn+KBtDxbe9FFF6ULLrigOPK31tlnn53mzJmTvvSlLxUzuXU\/A4CWTOgCABCS0AXe4oUXXkhTpkwpljbccccdxY4Lf\/zjH8tPAaAyCF2oQmvXri12XPje976XZs2aVd7dYdq0aemkk05KZ511VrEbQ359+MMfLk5N+9\/\/\/d\/yWwDQ8gldqCJ5D9xvfetbqVevXsUeup\/97GeL3RhGjRqVnn\/++WJ3hQsvvDAtWbKk2GLswAMPTD169EgbN25My5cvT+edd16xW0P9fXYBoCUSulBFrrnmmnT99den1157rbyz46S0H\/3oR+nqq69OV155ZRG8+fCIe++9t9iJIb+eeuqpdPrppxffHz16dFq4cGExBoCWTOhClZg9e3a65557Ups2bdKnPvWpNH369GIG9z\/+4z+KGd68t27eZuzQQw8t3s8555xia7H86tu3b7FsIW8ttmnTpnT55ZcXgQwALZnQhSoxderU4vjfvN527NixafDgwUXA5lncW2+9tViekJcknH\/++cW+ufXlbcjyPrtdu3ZNv\/3tb9OyZcvKTwCgZRK6UCXmzZuXtm\/fnkaOHJnatWtX3k3FvrgjRox4M24HDhy4271y8+lpeU1vJnQBaOmELlSJvOQgy0sRGpJnd7PVq1cX77tT99Q0AGjJhC5UiQMOOKB4\/+lPf1rsvlDfddddV+yZWztj25AVK1YUxwBntf88AGiphC5UiTPOOCO1bdu22D\/3l7\/8ZXl3p7xkIW8zdvLJJ5d3dpVnek877bT0yiuvFA+sHX300eUnANAyCV2oEvnAh7\/9278tHjo7++yzi7W6t912W\/np7uUZ3C984QvFTO+iRYuKh9HyiWm7W8cLAC2F0IUqkQP17rvvTu9\/\/\/uL68mTJxd75L6TvMNCPiRi6dKlxfUXv\/jFNGTIkGIMAC2Z0IUqst9++6Wf\/\/zn6aabbipmdI888sjyk93Lp6P17NkzfeQjHyl+7Fe+8hWzuQBUBKELVSY\/RJZnZSdMmJCuuOKK8u7uffzjHy+2EvvZz35W7MELAJVC6EKVatWq1R7NzObv5dPU8jsAVBK\/cwEAEJLQBQAgJKELAEBIQhcAgJCELgAAIQldAABCEroAAIQkdAEACEnoAgAQktAFACAkoQvQgm3bti1t2bKl0a\/8zwGoNjXb31COAd61gQMHpvHjx6cBAwaUd5rehg0b0siRI9O0adOK66i\/fN15553pkksuKcb9+vVL\/fv3L8aNsWzZsvS73\/2uGE+aNCmNGDGiGEeydOnSNHTo0LRkyZI0ePDgNH369PIToFoJXaBJCN2mc\/\/996drr702rVixIm3evLm82zT69OlT\/O80ZMiQ8k4cQheoz9IFgBbmrLPOSo899lg68sgjyztNZ\/bs2SEjF6AhQhegBdp\/\/\/3T3Llzi1nrpnx16tSp\/DcAxCd0AQAISegCABCS0AUAICShCwBASEIXAICQhC4AACEJXQAAQhK6AACEJHQBAAhJ6AIAEJLQBQAgJKELAEBIQhcAgJBqtr+hHAO8acuWLemVV15Je\/pLxLBhw9LNN9+cjj322PLOu9e6devUtWvXVFNTU97ZYcOGDWnkyJFp2rRpxfUFF1xQvEO2fv369NBDD6V169alwYMHp+nTp5efANVK6AINWrhwYfrEJz5RRMOeWLRoUTr44INT+\/btyzvv3kEHHZTuvffe1KFDh\/LODps3b05f+9rX0oMPPph+\/\/vfl3dhV0cffXQ655xz0je+8Y3yDlCthC7QoDVr1hRBmWd298SUKVPS8OHDy6vG6dSpUxoxYkRq06ZNeWdXkydPLiIcGnL99dena665prwCqpnQBZrEpz\/96fT973+\/vPrLWrt2bVq+fHl5Bbvq3r176tatW3kFVDOhCzSJU045pVhukCMDAFoCuy4ATeK5555Ld999d3kFAM1P6AKNlh9YW7VqVZozZ055BwCan9AFGm3ChAnF1l9CF4CWROgCjfbEE08U70899VQRvADQEghdoNFqZ3LzEoann366GANAcxO6QKNs3bo1zZ07txjnTVz++Mc\/FmMAaG5CF2iUxYsXpxdeeKG8SsVDaQDQEghdoFHytmLbtm0rr1JasWJFOQKA5iV0gUapP4M7a9ascgQAzUvoAo2SQ7fuAYsrV64sRwDQvIQu0CgzZswoRzt4GA2AlkLoAo2yfPnycrRDfjBt06ZN5RUANB+hCzRK\/RncvJfuxIkTyysAaD5CF2iUhpYq1J6UBgDNSegC79rjjz+eXnrppfJqp3nz5pUjAGg+Qhd41x5++OFddlyoNXv27HIEAM2n5o3fpN76uxTAHpg5c+ab++Z+9atfTZdddlnq3bt3at26dbrgggtSu3btis8AoDkIXaBJDBw4MI0fPz4NGDCgvAMAzcvSBQAAQhK6AACEJHQBAAhJ6AIAEJLQBQAgJKELAEBIQhcAgJCELgAAIQldAABCEroAAIQkdAEACEnoAgAQktAFACAkoQsAQEhCFwCAkIQuAAAhCV0AAEISukCT6NevX+rYsWN5BQDNr2b7G8oxAACEYUYXAICQhC4AACEJXQAAQhK6AACEJHQBAAhJ6AIAEJLQBQAgJKELAEBIQhcAgJCELgAAIQldAABCEroAAIQkdAEACEnoAgAQktAFACAkoQsAQEhCFwCAkIQuAAAhCV0AAEISugAAhCR0AQAISegCABCS0AUAICShCwBASEIXAICQhC4AACEJXQAAQhK6AACEJHQBAAhJ6AIAEJLQBQAgJKELAEBIQhcAgJCELgAAIQldAABCEroAAIQkdAEACEnoAgAQktAFACAkoQsAQEhCFwCAkIQuAAAhCV0AAEISugAAhCR0AQAISegCABCS0AUAICShCwBASEIXAICQhC4AACEJXQAAQhK6AACEJHQBAAhJ6AIAEJLQBQAgJKELAEBIQhcAgJCELgAAIQldAABCEroAAIQkdAEACEnoAgAQktAFACAkoQsAQEhCFwCAkIQuAAAhCV0AAEISugAAhCR0AQAISegCABCS0AUAICShCwBASEIXAICQhC4AACEJXQAAQhK6AACEJHQBAAhJ6AIAEJLQBQAgJKELAEBIQhcAgJCELgAAIQldAABCEroAAIQkdAEACEnoAgAQktAFACAkoQsAQEhCFwCAkIQuAAAhCV0AAEISugAAhCR0AQAISegCABCS0AUAICShCwBASEIXAICQhC4AACEJXQAAQhK6AACEJHQBAAhJ6AIAEJLQBQAgJKELAEBIQhcAgJCELgAAIQldAABCEroAAIQkdAEACEnoAgAQktAFACAkoQsAQEhCFwCAkIQuAAAhCV0AAEISugAAhCR0AQAISegCABCS0AUAICShCwBASEIXAICQhC4AACEJXQAAQhK6AACEJHQBAAhJ6AIAEJLQBQAgJKELAEBIQhcAgJCELgAAIQldAABCEroAAIQkdAEACEnoAgAQktAFACAkoQsAQEhCFwCAkIQuAAAhCV0AAEISugAAhCR0AQAISegCABCS0AUAICShCwBASEIXAICQhC4AACEJXQAAQhK6AACEJHQBAAhJ6AIAEJLQBQAgJKELAEBIQhcAgJCELgAAIQldAABCEroAAIQkdAEACEnoAgAQUEr\/D3xGKTGE9zhPAAAAAElFTkSuQmCC\" alt=\"\"><\/p>","protected":false},"excerpt":{"rendered":"<p>Tegund:&nbsp;1985 RE 96<\/p>","protected":false},"featured_media":66223,"comment_status":"closed","ping_status":"closed","template":"","meta":[],"product_brand":[],"product_cat":[597,904,517],"product_tag":[],"class_list":{"0":"post-39002","1":"product","2":"type-product","3":"status-publish","4":"has-post-thumbnail","6":"product_cat-hurdabunadur-lykillausnir","7":"product_cat-lykillauf-hurdabunadur-lykillausnir","8":"product_cat-lykillausnir","10":"first","11":"instock","12":"taxable","13":"shipping-taxable","14":"purchasable","15":"product-type-simple"},"yoast_head":"<!-- This site is optimized with the Yoast SEO plugin v27.3 - https:\/\/yoast.com\/product\/yoast-seo-wordpress\/ -->\n<title>TUPAI Lykillauf Mattkr\u00f3m K\u00d6NTU\u00d0 f. \u00de\u00fdskar l\u00e6singar 1985 RE 96 - V\u00e9lar &amp; Verkf\u00e6ri<\/title>\n<meta name=\"robots\" content=\"index, follow, max-snippet:-1, max-image-preview:large, max-video-preview:-1\" \/>\n<link rel=\"canonical\" href=\"https:\/\/velarogverkfaeri.is\/en\/lykillausnir\/hurdabunadur-lykillausnir\/lykillauf-hurdabunadur-lykillausnir\/product\/tupai-lykillauf-f-thyskar-laesingar-2\/\" \/>\n<meta property=\"og:locale\" content=\"en_US\" \/>\n<meta property=\"og:type\" content=\"article\" \/>\n<meta property=\"og:title\" content=\"TUPAI Lykillauf Mattkr\u00f3m K\u00d6NTU\u00d0 f. \u00de\u00fdskar l\u00e6singar 1985 RE 96 - V\u00e9lar &amp; Verkf\u00e6ri\" \/>\n<meta property=\"og:description\" content=\"Tegund:&nbsp;1985 RE 96\" \/>\n<meta property=\"og:url\" content=\"https:\/\/velarogverkfaeri.is\/en\/lykillausnir\/hurdabunadur-lykillausnir\/lykillauf-hurdabunadur-lykillausnir\/product\/tupai-lykillauf-f-thyskar-laesingar-2\/\" \/>\n<meta property=\"og:site_name\" content=\"V\u00e9lar &amp; Verkf\u00e6ri\" \/>\n<meta property=\"article:publisher\" content=\"https:\/\/www.facebook.com\/VelarOgVerkfaeri\" \/>\n<meta property=\"article:modified_time\" content=\"2025-10-07T11:03:11+00:00\" \/>\n<meta property=\"og:image\" content=\"https:\/\/velarogverkfaeri.is\/wp-content\/uploads\/2024\/09\/250d9a9b-25ed-4af5-81fb-b21a33ce6104.jpeg\" \/>\n\t<meta property=\"og:image:width\" content=\"680\" \/>\n\t<meta property=\"og:image:height\" content=\"408\" \/>\n\t<meta property=\"og:image:type\" content=\"image\/jpeg\" \/>\n<meta name=\"twitter:card\" content=\"summary_large_image\" \/>\n<script type=\"application\/ld+json\" class=\"yoast-schema-graph\">{\"@context\":\"https:\\\/\\\/schema.org\",\"@graph\":[{\"@type\":\"WebPage\",\"@id\":\"https:\\\/\\\/velarogverkfaeri.is\\\/lykillausnir\\\/hurdabunadur-lykillausnir\\\/lykillauf-hurdabunadur-lykillausnir\\\/product\\\/tupai-lykillauf-f-thyskar-laesingar-2\\\/\",\"url\":\"https:\\\/\\\/velarogverkfaeri.is\\\/lykillausnir\\\/hurdabunadur-lykillausnir\\\/lykillauf-hurdabunadur-lykillausnir\\\/product\\\/tupai-lykillauf-f-thyskar-laesingar-2\\\/\",\"name\":\"TUPAI Lykillauf Mattkr\u00f3m K\u00d6NTU\u00d0 f. \u00de\u00fdskar l\u00e6singar 1985 RE 96 - V\u00e9lar &amp; Verkf\u00e6ri\",\"isPartOf\":{\"@id\":\"https:\\\/\\\/velarogverkfaeri.is\\\/en\\\/#website\"},\"primaryImageOfPage\":{\"@id\":\"https:\\\/\\\/velarogverkfaeri.is\\\/lykillausnir\\\/hurdabunadur-lykillausnir\\\/lykillauf-hurdabunadur-lykillausnir\\\/product\\\/tupai-lykillauf-f-thyskar-laesingar-2\\\/#primaryimage\"},\"image\":{\"@id\":\"https:\\\/\\\/velarogverkfaeri.is\\\/lykillausnir\\\/hurdabunadur-lykillausnir\\\/lykillauf-hurdabunadur-lykillausnir\\\/product\\\/tupai-lykillauf-f-thyskar-laesingar-2\\\/#primaryimage\"},\"thumbnailUrl\":\"https:\\\/\\\/velarogverkfaeri.is\\\/wp-content\\\/uploads\\\/2024\\\/09\\\/250d9a9b-25ed-4af5-81fb-b21a33ce6104.jpeg\",\"datePublished\":\"2023-06-08T19:13:51+00:00\",\"dateModified\":\"2025-10-07T11:03:11+00:00\",\"breadcrumb\":{\"@id\":\"https:\\\/\\\/velarogverkfaeri.is\\\/lykillausnir\\\/hurdabunadur-lykillausnir\\\/lykillauf-hurdabunadur-lykillausnir\\\/product\\\/tupai-lykillauf-f-thyskar-laesingar-2\\\/#breadcrumb\"},\"inLanguage\":\"en-US\",\"potentialAction\":[{\"@type\":\"ReadAction\",\"target\":[\"https:\\\/\\\/velarogverkfaeri.is\\\/lykillausnir\\\/hurdabunadur-lykillausnir\\\/lykillauf-hurdabunadur-lykillausnir\\\/product\\\/tupai-lykillauf-f-thyskar-laesingar-2\\\/\"]}]},{\"@type\":\"ImageObject\",\"inLanguage\":\"en-US\",\"@id\":\"https:\\\/\\\/velarogverkfaeri.is\\\/lykillausnir\\\/hurdabunadur-lykillausnir\\\/lykillauf-hurdabunadur-lykillausnir\\\/product\\\/tupai-lykillauf-f-thyskar-laesingar-2\\\/#primaryimage\",\"url\":\"https:\\\/\\\/velarogverkfaeri.is\\\/wp-content\\\/uploads\\\/2024\\\/09\\\/250d9a9b-25ed-4af5-81fb-b21a33ce6104.jpeg\",\"contentUrl\":\"https:\\\/\\\/velarogverkfaeri.is\\\/wp-content\\\/uploads\\\/2024\\\/09\\\/250d9a9b-25ed-4af5-81fb-b21a33ce6104.jpeg\",\"width\":680,\"height\":408},{\"@type\":\"BreadcrumbList\",\"@id\":\"https:\\\/\\\/velarogverkfaeri.is\\\/lykillausnir\\\/hurdabunadur-lykillausnir\\\/lykillauf-hurdabunadur-lykillausnir\\\/product\\\/tupai-lykillauf-f-thyskar-laesingar-2\\\/#breadcrumb\",\"itemListElement\":[{\"@type\":\"ListItem\",\"position\":1,\"name\":\"Home\",\"item\":\"https:\\\/\\\/velarogverkfaeri.is\\\/\"},{\"@type\":\"ListItem\",\"position\":2,\"name\":\"Vefverslun\",\"item\":\"https:\\\/\\\/velarogverkfaeri.is\\\/vefverslun\\\/\"},{\"@type\":\"ListItem\",\"position\":3,\"name\":\"TUPAI Lykillauf Mattkr\u00f3m K\u00d6NTU\u00d0 f. \u00de\u00fdskar l\u00e6singar 1985 RE 96\"}]},{\"@type\":\"WebSite\",\"@id\":\"https:\\\/\\\/velarogverkfaeri.is\\\/en\\\/#website\",\"url\":\"https:\\\/\\\/velarogverkfaeri.is\\\/en\\\/\",\"name\":\"V\u00e9lar & Verkf\u00e6ri\",\"description\":\"Umbo\u00f0s- og heildverslun fr\u00e1 \u00e1rinu 1919\",\"publisher\":{\"@id\":\"https:\\\/\\\/velarogverkfaeri.is\\\/en\\\/#organization\"},\"potentialAction\":[{\"@type\":\"SearchAction\",\"target\":{\"@type\":\"EntryPoint\",\"urlTemplate\":\"https:\\\/\\\/velarogverkfaeri.is\\\/en\\\/?s={search_term_string}\"},\"query-input\":{\"@type\":\"PropertyValueSpecification\",\"valueRequired\":true,\"valueName\":\"search_term_string\"}}],\"inLanguage\":\"en-US\"},{\"@type\":\"Organization\",\"@id\":\"https:\\\/\\\/velarogverkfaeri.is\\\/en\\\/#organization\",\"name\":\"V\u00e9lar & Verkf\u00e6ri\",\"url\":\"https:\\\/\\\/velarogverkfaeri.is\\\/en\\\/\",\"logo\":{\"@type\":\"ImageObject\",\"inLanguage\":\"en-US\",\"@id\":\"https:\\\/\\\/velarogverkfaeri.is\\\/en\\\/#\\\/schema\\\/logo\\\/image\\\/\",\"url\":\"https:\\\/\\\/velarogverkfaeri.is\\\/wp-content\\\/uploads\\\/2021\\\/10\\\/vv_logo_350x100.png\",\"contentUrl\":\"https:\\\/\\\/velarogverkfaeri.is\\\/wp-content\\\/uploads\\\/2021\\\/10\\\/vv_logo_350x100.png\",\"width\":350,\"height\":100,\"caption\":\"V\u00e9lar & Verkf\u00e6ri\"},\"image\":{\"@id\":\"https:\\\/\\\/velarogverkfaeri.is\\\/en\\\/#\\\/schema\\\/logo\\\/image\\\/\"},\"sameAs\":[\"https:\\\/\\\/www.facebook.com\\\/VelarOgVerkfaeri\"]}]}<\/script>\n<!-- \/ Yoast SEO plugin. -->","yoast_head_json":{"title":"TUPAI Lykillauf Mattkr\u00f3m K\u00d6NTU\u00d0 f. \u00de\u00fdskar l\u00e6singar 1985 RE 96 - V\u00e9lar &amp; Verkf\u00e6ri","robots":{"index":"index","follow":"follow","max-snippet":"max-snippet:-1","max-image-preview":"max-image-preview:large","max-video-preview":"max-video-preview:-1"},"canonical":"https:\/\/velarogverkfaeri.is\/en\/lykillausnir\/hurdabunadur-lykillausnir\/lykillauf-hurdabunadur-lykillausnir\/product\/tupai-lykillauf-f-thyskar-laesingar-2\/","og_locale":"en_US","og_type":"article","og_title":"TUPAI Lykillauf Mattkr\u00f3m K\u00d6NTU\u00d0 f. \u00de\u00fdskar l\u00e6singar 1985 RE 96 - V\u00e9lar &amp; Verkf\u00e6ri","og_description":"Tegund:&nbsp;1985 RE 96","og_url":"https:\/\/velarogverkfaeri.is\/en\/lykillausnir\/hurdabunadur-lykillausnir\/lykillauf-hurdabunadur-lykillausnir\/product\/tupai-lykillauf-f-thyskar-laesingar-2\/","og_site_name":"V\u00e9lar &amp; Verkf\u00e6ri","article_publisher":"https:\/\/www.facebook.com\/VelarOgVerkfaeri","article_modified_time":"2025-10-07T11:03:11+00:00","og_image":[{"width":680,"height":408,"url":"https:\/\/velarogverkfaeri.is\/wp-content\/uploads\/2024\/09\/250d9a9b-25ed-4af5-81fb-b21a33ce6104.jpeg","type":"image\/jpeg"}],"twitter_card":"summary_large_image","schema":{"@context":"https:\/\/schema.org","@graph":[{"@type":"WebPage","@id":"https:\/\/velarogverkfaeri.is\/lykillausnir\/hurdabunadur-lykillausnir\/lykillauf-hurdabunadur-lykillausnir\/product\/tupai-lykillauf-f-thyskar-laesingar-2\/","url":"https:\/\/velarogverkfaeri.is\/lykillausnir\/hurdabunadur-lykillausnir\/lykillauf-hurdabunadur-lykillausnir\/product\/tupai-lykillauf-f-thyskar-laesingar-2\/","name":"TUPAI Lykillauf Mattkr\u00f3m K\u00d6NTU\u00d0 f. \u00de\u00fdskar l\u00e6singar 1985 RE 96 - V\u00e9lar &amp; Verkf\u00e6ri","isPartOf":{"@id":"https:\/\/velarogverkfaeri.is\/en\/#website"},"primaryImageOfPage":{"@id":"https:\/\/velarogverkfaeri.is\/lykillausnir\/hurdabunadur-lykillausnir\/lykillauf-hurdabunadur-lykillausnir\/product\/tupai-lykillauf-f-thyskar-laesingar-2\/#primaryimage"},"image":{"@id":"https:\/\/velarogverkfaeri.is\/lykillausnir\/hurdabunadur-lykillausnir\/lykillauf-hurdabunadur-lykillausnir\/product\/tupai-lykillauf-f-thyskar-laesingar-2\/#primaryimage"},"thumbnailUrl":"https:\/\/velarogverkfaeri.is\/wp-content\/uploads\/2024\/09\/250d9a9b-25ed-4af5-81fb-b21a33ce6104.jpeg","datePublished":"2023-06-08T19:13:51+00:00","dateModified":"2025-10-07T11:03:11+00:00","breadcrumb":{"@id":"https:\/\/velarogverkfaeri.is\/lykillausnir\/hurdabunadur-lykillausnir\/lykillauf-hurdabunadur-lykillausnir\/product\/tupai-lykillauf-f-thyskar-laesingar-2\/#breadcrumb"},"inLanguage":"en-US","potentialAction":[{"@type":"ReadAction","target":["https:\/\/velarogverkfaeri.is\/lykillausnir\/hurdabunadur-lykillausnir\/lykillauf-hurdabunadur-lykillausnir\/product\/tupai-lykillauf-f-thyskar-laesingar-2\/"]}]},{"@type":"ImageObject","inLanguage":"en-US","@id":"https:\/\/velarogverkfaeri.is\/lykillausnir\/hurdabunadur-lykillausnir\/lykillauf-hurdabunadur-lykillausnir\/product\/tupai-lykillauf-f-thyskar-laesingar-2\/#primaryimage","url":"https:\/\/velarogverkfaeri.is\/wp-content\/uploads\/2024\/09\/250d9a9b-25ed-4af5-81fb-b21a33ce6104.jpeg","contentUrl":"https:\/\/velarogverkfaeri.is\/wp-content\/uploads\/2024\/09\/250d9a9b-25ed-4af5-81fb-b21a33ce6104.jpeg","width":680,"height":408},{"@type":"BreadcrumbList","@id":"https:\/\/velarogverkfaeri.is\/lykillausnir\/hurdabunadur-lykillausnir\/lykillauf-hurdabunadur-lykillausnir\/product\/tupai-lykillauf-f-thyskar-laesingar-2\/#breadcrumb","itemListElement":[{"@type":"ListItem","position":1,"name":"Home","item":"https:\/\/velarogverkfaeri.is\/"},{"@type":"ListItem","position":2,"name":"Vefverslun","item":"https:\/\/velarogverkfaeri.is\/vefverslun\/"},{"@type":"ListItem","position":3,"name":"TUPAI Lykillauf Mattkr\u00f3m K\u00d6NTU\u00d0 f. \u00de\u00fdskar l\u00e6singar 1985 RE 96"}]},{"@type":"WebSite","@id":"https:\/\/velarogverkfaeri.is\/en\/#website","url":"https:\/\/velarogverkfaeri.is\/en\/","name":"V\u00e9lar & Verkf\u00e6ri","description":"Umbo\u00f0s- og heildverslun fr\u00e1 \u00e1rinu 1919","publisher":{"@id":"https:\/\/velarogverkfaeri.is\/en\/#organization"},"potentialAction":[{"@type":"SearchAction","target":{"@type":"EntryPoint","urlTemplate":"https:\/\/velarogverkfaeri.is\/en\/?s={search_term_string}"},"query-input":{"@type":"PropertyValueSpecification","valueRequired":true,"valueName":"search_term_string"}}],"inLanguage":"en-US"},{"@type":"Organization","@id":"https:\/\/velarogverkfaeri.is\/en\/#organization","name":"V\u00e9lar & Verkf\u00e6ri","url":"https:\/\/velarogverkfaeri.is\/en\/","logo":{"@type":"ImageObject","inLanguage":"en-US","@id":"https:\/\/velarogverkfaeri.is\/en\/#\/schema\/logo\/image\/","url":"https:\/\/velarogverkfaeri.is\/wp-content\/uploads\/2021\/10\/vv_logo_350x100.png","contentUrl":"https:\/\/velarogverkfaeri.is\/wp-content\/uploads\/2021\/10\/vv_logo_350x100.png","width":350,"height":100,"caption":"V\u00e9lar & Verkf\u00e6ri"},"image":{"@id":"https:\/\/velarogverkfaeri.is\/en\/#\/schema\/logo\/image\/"},"sameAs":["https:\/\/www.facebook.com\/VelarOgVerkfaeri"]}]}},"_links":{"self":[{"href":"https:\/\/velarogverkfaeri.is\/en\/wp-json\/wp\/v2\/product\/39002","targetHints":{"allow":["GET"]}}],"collection":[{"href":"https:\/\/velarogverkfaeri.is\/en\/wp-json\/wp\/v2\/product"}],"about":[{"href":"https:\/\/velarogverkfaeri.is\/en\/wp-json\/wp\/v2\/types\/product"}],"replies":[{"embeddable":true,"href":"https:\/\/velarogverkfaeri.is\/en\/wp-json\/wp\/v2\/comments?post=39002"}],"wp:featuredmedia":[{"embeddable":true,"href":"https:\/\/velarogverkfaeri.is\/en\/wp-json\/wp\/v2\/media\/66223"}],"wp:attachment":[{"href":"https:\/\/velarogverkfaeri.is\/en\/wp-json\/wp\/v2\/media?parent=39002"}],"wp:term":[{"taxonomy":"product_brand","embeddable":true,"href":"https:\/\/velarogverkfaeri.is\/en\/wp-json\/wp\/v2\/product_brand?post=39002"},{"taxonomy":"product_cat","embeddable":true,"href":"https:\/\/velarogverkfaeri.is\/en\/wp-json\/wp\/v2\/product_cat?post=39002"},{"taxonomy":"product_tag","embeddable":true,"href":"https:\/\/velarogverkfaeri.is\/en\/wp-json\/wp\/v2\/product_tag?post=39002"}],"curies":[{"name":"wp","href":"https:\/\/api.w.org\/{rel}","templated":true}]}}