{"id":38907,"date":"2023-06-08T19:13:34","date_gmt":"2023-06-08T19:13:34","guid":{"rendered":"https:\/\/vv-dev.webdev.is\/uncategorized\/product\/tecnolumen-bordlampi-wg27-wagenfeld-honnun-wilhelm-wagenfeld-1927\/"},"modified":"2026-01-14T21:46:43","modified_gmt":"2026-01-14T21:46:43","slug":"tecnolumen-bordlampi-wg27-wagenfeld-honnun-wilhelm-wagenfeld-1927","status":"publish","type":"product","link":"https:\/\/velarogverkfaeri.is\/en\/honnunarlausnir\/lampar\/bordlampar\/product\/tecnolumen-bordlampi-wg27-wagenfeld-honnun-wilhelm-wagenfeld-1927\/","title":{"rendered":"TECNOLUMEN Bor\u00f0lampi WAGENFELD 2 Kr\u00f3m\/Tau 1927 WG 27"},"content":{"rendered":"<p><font color=\"#656565\">Wilhelm Wagenfeld bj\u00f3 til \u00feessa g\u00f3lf- og bor\u00f0lampa me\u00f0 d\u00fakskuggum \u00e1 s\u00ednum t\u00edma \u00ed Bauhaus sk\u00f3lanum. Fagurfr\u00e6\u00f0ilega l\u00edkindin vi\u00f0 bor\u00f0l\u00f6mpurnar sem b\u00fanar voru til \u00ed Bauhaus afhj\u00fapar st\u00f6\u00f0ugar tilraunir Wagenfelds og leit hans a\u00f0 endanlegri h\u00f6nnun sem oft finnst \u00e1\u00f0ur en \u00fer\u00f3uninni er loki\u00f0.<\/font><\/p>\n<p><font color=\"#656565\">\u00de\u00f3 a\u00f0 lampinn hafi upphaflega veri\u00f0 me\u00f0 Cellon skugga er efni\u00f0 ekki lengur leyfilegt af \u00f6ryggis\u00e1st\u00e6\u00f0um og \u00fev\u00ed er n\u00fat\u00edma l\u00edkani\u00f0 okkar b\u00fai\u00f0 til me\u00f0 hita\u00feolnum gervihl\u00edf sem er kl\u00e6ddur efni.<\/font><\/p>\n<p><font color=\"#656565\">Bor\u00f0lampi \u00far nikkelh\u00fa\u00f0u\u00f0um m\u00e1lmi, glerskafti, glerbotni og pappask\u00edfu me\u00f0 beinum ne\u00f0ri skj\u00f3l.<\/font><\/p>\n<p><font color=\"#656565\">Hver lampi er n\u00famera\u00f0ur \u00ed r\u00f6\u00f0 og ber TECNOLUMEN innsigli\u00f0.<\/font><\/p>\n<\/p>\n<p><font color=\"#656565\">Notkunarlj\u00f3s: LED lampi 7 W, mattur<\/font><\/p>\n<p><img decoding=\"async\" src=\"data:image\/png;base64,iVBORw0KGgoAAAANSUhEUgAAAOYAAABACAYAAAAOLwtIAAAAAXNSR0IArs4c6QAAAARnQU1BAACxjwv8YQUAAAAJcEhZcwAADsMAAA7DAcdvqGQAAA3RSURBVHhe7Z15cBTFF8cfoMET8QAKfyQiSoGKIFCIlRTeViUVjmAJYlmW\/3AYJYmK8cCgghgUVEiC+hMKCo1HCo8kaAQVPP4AJbKhMFF+3riJRIliCSogaP\/62+ndTDa7Mz17TS\/2p6rZmZ6eyTxm3\/Tr1+\/1dmMcMhgMWtFdfhoMBo0wimkwaIhRTINBQ4xiGgwaYhTTYNAQo5gGg4YYxTQYNMQopsGgIY4BBt26dZNbqYVT3ESqygWMbKmJk2xWlBTzq6++knupweDBg5UecKrJBYxsR69sVpQU8\/vvv6eMjAxZozd+v5\/OOuss5Qd87rnnyhr9+frrr119eY1seqAqmxUzxowTf\/\/9N9XX19MHH3wQLJ988omoNxjcYhQzBnbt2kX33nsv5eTk0GmnnUZjx46lK664IlguvvhiOuOMM2j8+PF03333ifYGgwpGMaPg0KFDNGfOHBoyZAg99thj9M0339DUqVPpwQcfpBUrVlBdXZ34xP51111HX3zxBT366KOi\/T333EMHDx6UVzJ4xe+\/\/05r166lW2+9lUaNGkU9e\/ak9PR0ysrKEs\/0559\/li3dM3HiRGG+xgS3e21BEz7GlHv6g3tVEEu04WMVuafOX3\/9xa655hpx\/owZM9imTZvkEXs2btwo2uM8nM9NXHlEHdxvImXzkmTJ9t1337Fp06axtLQ0xi0c9vDDD7PKykr2zjvvsNWrV7N58+axkSNHsmOOOUY8r71798oz1ZgwYQLLzMxkv\/76q6xRl82KUUyXLFq0SJxbWloqa9yB83D+0qVLZY068f\/ybmPl6f9h6bLMrNkj60PwlQXbOLaNkvjL1pkjR44wPuxgxx9\/PMvPz2fcypFHwvPtt9+y6dOns379+rGqqipZa084pQSqslkxiumSESNGsDFjxsi96MD5eFu7Jd5f3m3LuJLdUs2Eiu2uZjO5wpX7xKHOCMWczqp3y\/0EEG\/ZrHCzlF122WVs+PDhzO\/3y1o1tm\/fzs4\/\/3xWVFRka+VEUkqgKpsVM8Z0yXHHHUd9+vSRe9Fx6qmnyi0vaaPm\/\/GPoekkpOmfRTm5RE3Nbdg7ajh8+DDxoQP99ttvwlOOcaQbLrroItq8eTNt2bKFcnNz6Z9\/\/pFHOsCY8pdffhG+hd69e8va2DCK6RI+PqG33nqLNmzYIGvc8fzzzxMfz4jreEsfynumhfxFo+W+n5rr5KYL2mpnUEZ+OVXkD6CMDJQZVNNQQ7PENi\/5NfwV4B3FxcXCkfPuu+9G\/UKEsr3\/\/vvU0tJCDz30kKxtJxFKKZA9Z0TQxJiyHVidP08\/\/TQ7cOCAPGIPf6hs\/vz54jycj+u4JZHmXmAcGdmUtY4xO8zaPTXTLft7WPUtFvNYjmHDXjOERMi2Y8cO0V7VQefEzp07GbeYgn\/fzny1oiqbFdNjuuTYY4+ldevWiTfx7bffTieffDJlZ2fTCy+8IN6qX375pXDFf\/755\/T222\/TypUr6dJLL6UBAwbQ4sWLqaSkhN544w1xHX3wUUXeYqLc5TRtlKzqQg6Vb+U9rL+Fquesp8K1PlnP4SZeVn9s9KH0obxldla7eUwZlM7NY68oLS2lcePG0ZVXXilrYmPo0KE0a9YsMfWVsJ4ygFTQiKCJ6THDA8\/eCSecwAYPHsz4wxHXDC29evViF1xwgTjOFVaeGR2J6FWAcAK5cO6IXlL2itZtgGt1eGzbe1AvesxDhw6JKY+nnnpK1sSHXbt2sR49erBLLrnEsacMoCqbFdNjxsCgQYNEj3nDDTeIccxHH31Ea9asoUWLFonPjz\/+mPbu3UvXXnutcBqdeOKJ8kyNaCinyU\/wXq6ilPJEr6dInZ+PSvWlubmZjhw5QhdeeKGsiQ8FBQXUvXt3evzxxxPTU0qMYsYJ\/hYl\/halm2++WYTp4RMheqjXlw4TduGkyJ5m4eDJKOetLeRmcENVX+CFBfF8GQbM1zPPPDPhz9Vkl4TJUrjjjjvkljM+n4\/69esnxpCRwNt7z549NHp0wAPqzNKlS+VWB\/HOwPCVDeC95d1U7S8k2ztrraFZY+soZ+tK0auK86hWeHShtKM35JLvmTwxrsSxFQO307NC0duoJn8kNc9ooYKIY9d24i0bvrMDBw6k1157TVgssWIdU\/bv3188T1hLKkSTXRJfxeRmUQbewCEU14R7MPxtnTGJlsi9nIrAw+xcHyD8NboSD8Xk40ZPX0SQ4c8\/\/5R7HcT3y9uuNIWhUyS894SSERSugKhcKqNQwIL1slGHMuuqmKBv375000030RNPcFs9BqxK+cMPP4i46M8++0wedSYaxURjW9BE2fnjIkJEOepEHFN3TMTD+YOwLf4w5V5ywd\/F3w8H7jdW2VTp7MRJPImQbcqUKSKk7vDhw7LGPaFTIvfffz8rKSkR26qoymbFozGmetRJW30drQ+64w1JgZuuK7iJO9Nm3JkKFBUV0U8\/\/US1tbWyxh2hUyJcOWnZsmXCf5BoPFJM1aiTNtq8gZtPAQU2JIf+efSs07gzBUAKF\/JiMZ\/plnDzlMipRe6tihkdK3p4ZRs2izHlsPQQ9WvdTOu5whaPS\/WviMErnnzySTGVhYT11tZWWWtPOKVsaGigF198MaxTLhEkQDHXU+HYQNwkSoibvQs2USetfn61HErX0YyFpzIo4wCqaJD1XYAzq6PdrNqjI0i8ra1NOEKsS6lYiy4gCL26upr27dtHd955p6yNTEAp33zzzU7zlLNnzxaRW3be97gix5oRQZNEOH8C2EWddHIQKZIc54+MCV22rX3XRm5lJ5dEF+dPJMrLy9nZZ58t\/kZZWZn4DFf2798vz1Aj0bI98MAD4tympiZZ05WAoyc0Ofq5555jw4YNk3vuUZXNiremrG3UiY+24Fgw7lIn2sfEOQPllMqoLCrmfXtzF0vp6EqtwviqsLBQpD8hSwbzg4gPtpa5c+fK1nqB8eFJJ51EL730kqzpjLWnDM1CWbBggSjJxEPFdIg6iTTu1ILRVOBvkXN1nNZmamrfCiE+qVU6gHQnpLohZa2iokLMD8Ksu\/zyyzuV8847T56hFwiJxPpLSCAIxU4pt23bJjy7eBklE88U01eGIIK7qVpOTIfS1tzI\/72bMhWCCrxGTOmojIW1ftlE5tNPP6VHHnmE7rrrLpF0rAK3xuSWPmDRLWT\/WO\/NTinBjh07RKhlWlqarEkOSXD+hHN4SBOPFtNkS7uOpFofVSHKZE6W\/i771hoqEfd6i0MQuI2TS3NWr14tAsKx6p8qCORHLxuu\/PHHH7JVckGIHlY4\/PHHH8W+k1ICOLjcrnoQF8RI0wY0UXb+aEByI3+kEyi9jEk3UETsnFxWdHT+TJ06VayXo0JlZaX4+3aFm4aydQfJkO3DDz8Mnh\/J0RMKFvDiLyS5Fx2qslnx1vmT4rTVzhWxpsU1DpPx0aZWacKBAwdERoUbMD3Bv19hC2JYveCUU04Rn4jcceopA2A5kXinjqlgFDNagiZsrUOAtoOTy5A0RowYIdLAMM5UUUooL37mAiZvsjGKGRVtVLNgNq3nyuYLelzD4+TkMiQPKBgigJC8jiR3KKZdQZYSelcvloExihkVctqjbjaNtjqvyhDjhFSngCPLycmVOG688cYuUxnRFizdiKx9NyA9SycCjp5Vq1aJJSixBCnmNZHwDIcQfntm0qRJnQraePVzFiZROkI+5sKFC5VCuLqCELz\/UrrMY3QLYjuxYFes+ZhYAgNftnjw8ssv0znnnCOW7XQCi5JhjnP\/\/v3ii69KIvIxA1i9r\/CyYswIkxaJzrhHlAkTJnQJIrj++uvFAlzz58+XNdHhfT6mBiTXK9sVsThVIFQvCnT0ysKDmZ2dLffsCXhl9+3bJ2vUSJRsod7XxsZGcQ3sc4VhW7duZfyFI+4bIYZYYhReWBQsooZQvlhRlc2KMWXjTJ9JKy2RPkcHmFzHiuZu0MGUtZunhDWBXhfrMsFsxXKk+IW2jRs3BgPxsXyIVxjFNDgCc27nzp1yTw3+0pdb3mCnlAAKuGnTJvGJROolS5bQzJkz6eqrrw6Orb2a1gFGMQ2ODB8+nHbv3i28mar06tVL9JrhSqJ7IielBFDAq666SgTmYxHn5cuX03vvvSdyNq0vFdyvFxjnj43zxyvi4fyJJFs04F6Q14hY06qqKlkbnoDzB44iPlaWtZ1BbxRKvGRzUsqmpibh\/MH\/MYCJDmVEmB5ePtjG+QH4GNMT549RzAiK6TU6KSZAlsWYMWMoMzOTXn\/9dbFkZzi89Mqq9JT49W+ci\/hX9JgYa55++unBgn1MDeF+brvtNuGpxa+Ax4JRTE48FFNXvFRM8Oqrr9KUKVNEChV6vXnz5ok0MCvIRMGKAclWTBWlDPDKK6+IeV5kjUSan21sbKS8vDzhEIp1cedoFBONbUGTf9t0ia7gfr2Wrb6+nvEekQ0ZMkSbFQxUA9KtYJoEwfm4XiBQHQXB+n379mWrVq2SLWNHVTYrRjFTiFi+vLoTrWzRKGWAgwcPMm5dCWXEL06jpKWlsXXr1skW8UFVNivGK2tIaeBRVTFfw9GzZ0+qrKykyZMnB6dI4J1FFJDXmDGmGWNqgZGtM0qKif+IVMLNA041jGxHr2xWlBQzFVF5wKmKkS01cZLNiqNiGgyG5GOcPwaDhhjFNBg0xCimwaAhRjENBg0ximkwaIhRTINBQ4xiGgzaQfR\/ffkZvHaEhU8AAAAASUVORK5CYII=\" alt=\"\"><\/p>","protected":false},"excerpt":{"rendered":"<p>Gl\u00e6silegur h\u00f6nnunarlampi af ger\u00f0inni 1927 WG 27. Standur er \u00far gleri, f\u00f3tur \u00far kr\u00f3mi.<\/p>","protected":false},"featured_media":38906,"comment_status":"closed","ping_status":"closed","template":"","meta":[],"product_brand":[],"product_cat":[575,518,546],"product_tag":[849],"class_list":{"0":"post-38907","1":"product","2":"type-product","3":"status-publish","4":"has-post-thumbnail","6":"product_cat-bordlampar","7":"product_cat-honnunarlausnir","8":"product_cat-lampar","9":"product_tag-tecnolumen","11":"first","12":"instock","13":"taxable","14":"shipping-taxable","15":"purchasable","16":"product-type-simple"},"yoast_head":"<!-- This site is optimized with the Yoast SEO plugin v27.3 - https:\/\/yoast.com\/product\/yoast-seo-wordpress\/ -->\n<title>TECNOLUMEN Bor\u00f0lampi WAGENFELD 2 Kr\u00f3m\/Tau 1927 WG 27 - V\u00e9lar &amp; Verkf\u00e6ri<\/title>\n<meta name=\"robots\" content=\"index, follow, max-snippet:-1, max-image-preview:large, max-video-preview:-1\" \/>\n<link rel=\"canonical\" href=\"https:\/\/velarogverkfaeri.is\/en\/honnunarlausnir\/lampar\/bordlampar\/product\/tecnolumen-bordlampi-wg27-wagenfeld-honnun-wilhelm-wagenfeld-1927\/\" \/>\n<meta property=\"og:locale\" content=\"en_US\" \/>\n<meta property=\"og:type\" content=\"article\" \/>\n<meta property=\"og:title\" content=\"TECNOLUMEN Bor\u00f0lampi WAGENFELD 2 Kr\u00f3m\/Tau 1927 WG 27 - V\u00e9lar &amp; Verkf\u00e6ri\" \/>\n<meta property=\"og:description\" content=\"Gl\u00e6silegur h\u00f6nnunarlampi af ger\u00f0inni 1927 WG 27. Standur er \u00far gleri, f\u00f3tur \u00far kr\u00f3mi.\" \/>\n<meta property=\"og:url\" content=\"https:\/\/velarogverkfaeri.is\/en\/honnunarlausnir\/lampar\/bordlampar\/product\/tecnolumen-bordlampi-wg27-wagenfeld-honnun-wilhelm-wagenfeld-1927\/\" \/>\n<meta property=\"og:site_name\" content=\"V\u00e9lar &amp; Verkf\u00e6ri\" \/>\n<meta property=\"article:publisher\" content=\"https:\/\/www.facebook.com\/VelarOgVerkfaeri\" \/>\n<meta property=\"article:modified_time\" content=\"2026-01-14T21:46:43+00:00\" \/>\n<meta property=\"og:image\" content=\"https:\/\/velarogverkfaeri.is\/wp-content\/uploads\/2023\/06\/f7a0d5b6-e870-4b68-b5f0-0a9086e10186.jpeg\" \/>\n\t<meta property=\"og:image:width\" content=\"1800\" \/>\n\t<meta property=\"og:image:height\" content=\"1800\" \/>\n\t<meta property=\"og:image:type\" content=\"image\/jpeg\" \/>\n<meta name=\"twitter:card\" content=\"summary_large_image\" \/>\n<meta name=\"twitter:label1\" content=\"Est. reading time\" \/>\n\t<meta name=\"twitter:data1\" content=\"1 minute\" \/>\n<script type=\"application\/ld+json\" class=\"yoast-schema-graph\">{\"@context\":\"https:\\\/\\\/schema.org\",\"@graph\":[{\"@type\":\"WebPage\",\"@id\":\"https:\\\/\\\/velarogverkfaeri.is\\\/honnunarlausnir\\\/lampar\\\/bordlampar\\\/product\\\/tecnolumen-bordlampi-wg27-wagenfeld-honnun-wilhelm-wagenfeld-1927\\\/\",\"url\":\"https:\\\/\\\/velarogverkfaeri.is\\\/honnunarlausnir\\\/lampar\\\/bordlampar\\\/product\\\/tecnolumen-bordlampi-wg27-wagenfeld-honnun-wilhelm-wagenfeld-1927\\\/\",\"name\":\"TECNOLUMEN Bor\u00f0lampi WAGENFELD 2 Kr\u00f3m\\\/Tau 1927 WG 27 - V\u00e9lar &amp; Verkf\u00e6ri\",\"isPartOf\":{\"@id\":\"https:\\\/\\\/velarogverkfaeri.is\\\/en\\\/#website\"},\"primaryImageOfPage\":{\"@id\":\"https:\\\/\\\/velarogverkfaeri.is\\\/honnunarlausnir\\\/lampar\\\/bordlampar\\\/product\\\/tecnolumen-bordlampi-wg27-wagenfeld-honnun-wilhelm-wagenfeld-1927\\\/#primaryimage\"},\"image\":{\"@id\":\"https:\\\/\\\/velarogverkfaeri.is\\\/honnunarlausnir\\\/lampar\\\/bordlampar\\\/product\\\/tecnolumen-bordlampi-wg27-wagenfeld-honnun-wilhelm-wagenfeld-1927\\\/#primaryimage\"},\"thumbnailUrl\":\"https:\\\/\\\/velarogverkfaeri.is\\\/wp-content\\\/uploads\\\/2023\\\/06\\\/f7a0d5b6-e870-4b68-b5f0-0a9086e10186.jpeg\",\"datePublished\":\"2023-06-08T19:13:34+00:00\",\"dateModified\":\"2026-01-14T21:46:43+00:00\",\"breadcrumb\":{\"@id\":\"https:\\\/\\\/velarogverkfaeri.is\\\/honnunarlausnir\\\/lampar\\\/bordlampar\\\/product\\\/tecnolumen-bordlampi-wg27-wagenfeld-honnun-wilhelm-wagenfeld-1927\\\/#breadcrumb\"},\"inLanguage\":\"en-US\",\"potentialAction\":[{\"@type\":\"ReadAction\",\"target\":[\"https:\\\/\\\/velarogverkfaeri.is\\\/honnunarlausnir\\\/lampar\\\/bordlampar\\\/product\\\/tecnolumen-bordlampi-wg27-wagenfeld-honnun-wilhelm-wagenfeld-1927\\\/\"]}]},{\"@type\":\"ImageObject\",\"inLanguage\":\"en-US\",\"@id\":\"https:\\\/\\\/velarogverkfaeri.is\\\/honnunarlausnir\\\/lampar\\\/bordlampar\\\/product\\\/tecnolumen-bordlampi-wg27-wagenfeld-honnun-wilhelm-wagenfeld-1927\\\/#primaryimage\",\"url\":\"https:\\\/\\\/velarogverkfaeri.is\\\/wp-content\\\/uploads\\\/2023\\\/06\\\/f7a0d5b6-e870-4b68-b5f0-0a9086e10186.jpeg\",\"contentUrl\":\"https:\\\/\\\/velarogverkfaeri.is\\\/wp-content\\\/uploads\\\/2023\\\/06\\\/f7a0d5b6-e870-4b68-b5f0-0a9086e10186.jpeg\",\"width\":1800,\"height\":1800},{\"@type\":\"BreadcrumbList\",\"@id\":\"https:\\\/\\\/velarogverkfaeri.is\\\/honnunarlausnir\\\/lampar\\\/bordlampar\\\/product\\\/tecnolumen-bordlampi-wg27-wagenfeld-honnun-wilhelm-wagenfeld-1927\\\/#breadcrumb\",\"itemListElement\":[{\"@type\":\"ListItem\",\"position\":1,\"name\":\"Home\",\"item\":\"https:\\\/\\\/velarogverkfaeri.is\\\/\"},{\"@type\":\"ListItem\",\"position\":2,\"name\":\"Vefverslun\",\"item\":\"https:\\\/\\\/velarogverkfaeri.is\\\/vefverslun\\\/\"},{\"@type\":\"ListItem\",\"position\":3,\"name\":\"TECNOLUMEN Bor\u00f0lampi WAGENFELD 2 Kr\u00f3m\\\/Tau 1927 WG 27\"}]},{\"@type\":\"WebSite\",\"@id\":\"https:\\\/\\\/velarogverkfaeri.is\\\/en\\\/#website\",\"url\":\"https:\\\/\\\/velarogverkfaeri.is\\\/en\\\/\",\"name\":\"V\u00e9lar & Verkf\u00e6ri\",\"description\":\"Umbo\u00f0s- og heildverslun fr\u00e1 \u00e1rinu 1919\",\"publisher\":{\"@id\":\"https:\\\/\\\/velarogverkfaeri.is\\\/en\\\/#organization\"},\"potentialAction\":[{\"@type\":\"SearchAction\",\"target\":{\"@type\":\"EntryPoint\",\"urlTemplate\":\"https:\\\/\\\/velarogverkfaeri.is\\\/en\\\/?s={search_term_string}\"},\"query-input\":{\"@type\":\"PropertyValueSpecification\",\"valueRequired\":true,\"valueName\":\"search_term_string\"}}],\"inLanguage\":\"en-US\"},{\"@type\":\"Organization\",\"@id\":\"https:\\\/\\\/velarogverkfaeri.is\\\/en\\\/#organization\",\"name\":\"V\u00e9lar & Verkf\u00e6ri\",\"url\":\"https:\\\/\\\/velarogverkfaeri.is\\\/en\\\/\",\"logo\":{\"@type\":\"ImageObject\",\"inLanguage\":\"en-US\",\"@id\":\"https:\\\/\\\/velarogverkfaeri.is\\\/en\\\/#\\\/schema\\\/logo\\\/image\\\/\",\"url\":\"https:\\\/\\\/velarogverkfaeri.is\\\/wp-content\\\/uploads\\\/2021\\\/10\\\/vv_logo_350x100.png\",\"contentUrl\":\"https:\\\/\\\/velarogverkfaeri.is\\\/wp-content\\\/uploads\\\/2021\\\/10\\\/vv_logo_350x100.png\",\"width\":350,\"height\":100,\"caption\":\"V\u00e9lar & Verkf\u00e6ri\"},\"image\":{\"@id\":\"https:\\\/\\\/velarogverkfaeri.is\\\/en\\\/#\\\/schema\\\/logo\\\/image\\\/\"},\"sameAs\":[\"https:\\\/\\\/www.facebook.com\\\/VelarOgVerkfaeri\"]}]}<\/script>\n<!-- \/ Yoast SEO plugin. -->","yoast_head_json":{"title":"TECNOLUMEN Bor\u00f0lampi WAGENFELD 2 Kr\u00f3m\/Tau 1927 WG 27 - V\u00e9lar &amp; Verkf\u00e6ri","robots":{"index":"index","follow":"follow","max-snippet":"max-snippet:-1","max-image-preview":"max-image-preview:large","max-video-preview":"max-video-preview:-1"},"canonical":"https:\/\/velarogverkfaeri.is\/en\/honnunarlausnir\/lampar\/bordlampar\/product\/tecnolumen-bordlampi-wg27-wagenfeld-honnun-wilhelm-wagenfeld-1927\/","og_locale":"en_US","og_type":"article","og_title":"TECNOLUMEN Bor\u00f0lampi WAGENFELD 2 Kr\u00f3m\/Tau 1927 WG 27 - V\u00e9lar &amp; Verkf\u00e6ri","og_description":"Gl\u00e6silegur h\u00f6nnunarlampi af ger\u00f0inni 1927 WG 27. Standur er \u00far gleri, f\u00f3tur \u00far kr\u00f3mi.","og_url":"https:\/\/velarogverkfaeri.is\/en\/honnunarlausnir\/lampar\/bordlampar\/product\/tecnolumen-bordlampi-wg27-wagenfeld-honnun-wilhelm-wagenfeld-1927\/","og_site_name":"V\u00e9lar &amp; Verkf\u00e6ri","article_publisher":"https:\/\/www.facebook.com\/VelarOgVerkfaeri","article_modified_time":"2026-01-14T21:46:43+00:00","og_image":[{"width":1800,"height":1800,"url":"https:\/\/velarogverkfaeri.is\/wp-content\/uploads\/2023\/06\/f7a0d5b6-e870-4b68-b5f0-0a9086e10186.jpeg","type":"image\/jpeg"}],"twitter_card":"summary_large_image","twitter_misc":{"Est. reading time":"1 minute"},"schema":{"@context":"https:\/\/schema.org","@graph":[{"@type":"WebPage","@id":"https:\/\/velarogverkfaeri.is\/honnunarlausnir\/lampar\/bordlampar\/product\/tecnolumen-bordlampi-wg27-wagenfeld-honnun-wilhelm-wagenfeld-1927\/","url":"https:\/\/velarogverkfaeri.is\/honnunarlausnir\/lampar\/bordlampar\/product\/tecnolumen-bordlampi-wg27-wagenfeld-honnun-wilhelm-wagenfeld-1927\/","name":"TECNOLUMEN Bor\u00f0lampi WAGENFELD 2 Kr\u00f3m\/Tau 1927 WG 27 - V\u00e9lar &amp; Verkf\u00e6ri","isPartOf":{"@id":"https:\/\/velarogverkfaeri.is\/en\/#website"},"primaryImageOfPage":{"@id":"https:\/\/velarogverkfaeri.is\/honnunarlausnir\/lampar\/bordlampar\/product\/tecnolumen-bordlampi-wg27-wagenfeld-honnun-wilhelm-wagenfeld-1927\/#primaryimage"},"image":{"@id":"https:\/\/velarogverkfaeri.is\/honnunarlausnir\/lampar\/bordlampar\/product\/tecnolumen-bordlampi-wg27-wagenfeld-honnun-wilhelm-wagenfeld-1927\/#primaryimage"},"thumbnailUrl":"https:\/\/velarogverkfaeri.is\/wp-content\/uploads\/2023\/06\/f7a0d5b6-e870-4b68-b5f0-0a9086e10186.jpeg","datePublished":"2023-06-08T19:13:34+00:00","dateModified":"2026-01-14T21:46:43+00:00","breadcrumb":{"@id":"https:\/\/velarogverkfaeri.is\/honnunarlausnir\/lampar\/bordlampar\/product\/tecnolumen-bordlampi-wg27-wagenfeld-honnun-wilhelm-wagenfeld-1927\/#breadcrumb"},"inLanguage":"en-US","potentialAction":[{"@type":"ReadAction","target":["https:\/\/velarogverkfaeri.is\/honnunarlausnir\/lampar\/bordlampar\/product\/tecnolumen-bordlampi-wg27-wagenfeld-honnun-wilhelm-wagenfeld-1927\/"]}]},{"@type":"ImageObject","inLanguage":"en-US","@id":"https:\/\/velarogverkfaeri.is\/honnunarlausnir\/lampar\/bordlampar\/product\/tecnolumen-bordlampi-wg27-wagenfeld-honnun-wilhelm-wagenfeld-1927\/#primaryimage","url":"https:\/\/velarogverkfaeri.is\/wp-content\/uploads\/2023\/06\/f7a0d5b6-e870-4b68-b5f0-0a9086e10186.jpeg","contentUrl":"https:\/\/velarogverkfaeri.is\/wp-content\/uploads\/2023\/06\/f7a0d5b6-e870-4b68-b5f0-0a9086e10186.jpeg","width":1800,"height":1800},{"@type":"BreadcrumbList","@id":"https:\/\/velarogverkfaeri.is\/honnunarlausnir\/lampar\/bordlampar\/product\/tecnolumen-bordlampi-wg27-wagenfeld-honnun-wilhelm-wagenfeld-1927\/#breadcrumb","itemListElement":[{"@type":"ListItem","position":1,"name":"Home","item":"https:\/\/velarogverkfaeri.is\/"},{"@type":"ListItem","position":2,"name":"Vefverslun","item":"https:\/\/velarogverkfaeri.is\/vefverslun\/"},{"@type":"ListItem","position":3,"name":"TECNOLUMEN Bor\u00f0lampi WAGENFELD 2 Kr\u00f3m\/Tau 1927 WG 27"}]},{"@type":"WebSite","@id":"https:\/\/velarogverkfaeri.is\/en\/#website","url":"https:\/\/velarogverkfaeri.is\/en\/","name":"V\u00e9lar & Verkf\u00e6ri","description":"Umbo\u00f0s- og heildverslun fr\u00e1 \u00e1rinu 1919","publisher":{"@id":"https:\/\/velarogverkfaeri.is\/en\/#organization"},"potentialAction":[{"@type":"SearchAction","target":{"@type":"EntryPoint","urlTemplate":"https:\/\/velarogverkfaeri.is\/en\/?s={search_term_string}"},"query-input":{"@type":"PropertyValueSpecification","valueRequired":true,"valueName":"search_term_string"}}],"inLanguage":"en-US"},{"@type":"Organization","@id":"https:\/\/velarogverkfaeri.is\/en\/#organization","name":"V\u00e9lar & Verkf\u00e6ri","url":"https:\/\/velarogverkfaeri.is\/en\/","logo":{"@type":"ImageObject","inLanguage":"en-US","@id":"https:\/\/velarogverkfaeri.is\/en\/#\/schema\/logo\/image\/","url":"https:\/\/velarogverkfaeri.is\/wp-content\/uploads\/2021\/10\/vv_logo_350x100.png","contentUrl":"https:\/\/velarogverkfaeri.is\/wp-content\/uploads\/2021\/10\/vv_logo_350x100.png","width":350,"height":100,"caption":"V\u00e9lar & Verkf\u00e6ri"},"image":{"@id":"https:\/\/velarogverkfaeri.is\/en\/#\/schema\/logo\/image\/"},"sameAs":["https:\/\/www.facebook.com\/VelarOgVerkfaeri"]}]}},"_links":{"self":[{"href":"https:\/\/velarogverkfaeri.is\/en\/wp-json\/wp\/v2\/product\/38907","targetHints":{"allow":["GET"]}}],"collection":[{"href":"https:\/\/velarogverkfaeri.is\/en\/wp-json\/wp\/v2\/product"}],"about":[{"href":"https:\/\/velarogverkfaeri.is\/en\/wp-json\/wp\/v2\/types\/product"}],"replies":[{"embeddable":true,"href":"https:\/\/velarogverkfaeri.is\/en\/wp-json\/wp\/v2\/comments?post=38907"}],"wp:featuredmedia":[{"embeddable":true,"href":"https:\/\/velarogverkfaeri.is\/en\/wp-json\/wp\/v2\/media\/38906"}],"wp:attachment":[{"href":"https:\/\/velarogverkfaeri.is\/en\/wp-json\/wp\/v2\/media?parent=38907"}],"wp:term":[{"taxonomy":"product_brand","embeddable":true,"href":"https:\/\/velarogverkfaeri.is\/en\/wp-json\/wp\/v2\/product_brand?post=38907"},{"taxonomy":"product_cat","embeddable":true,"href":"https:\/\/velarogverkfaeri.is\/en\/wp-json\/wp\/v2\/product_cat?post=38907"},{"taxonomy":"product_tag","embeddable":true,"href":"https:\/\/velarogverkfaeri.is\/en\/wp-json\/wp\/v2\/product_tag?post=38907"}],"curies":[{"name":"wp","href":"https:\/\/api.w.org\/{rel}","templated":true}]}}