{"id":38899,"date":"2023-06-08T19:13:33","date_gmt":"2023-06-08T19:13:33","guid":{"rendered":"https:\/\/vv-dev.webdev.is\/?post_type=product&#038;p=38899"},"modified":"2026-03-09T14:45:45","modified_gmt":"2026-03-09T14:45:45","slug":"usag-afdrattarklo-2-arma-65x70mm-u04540000","status":"publish","type":"product","link":"https:\/\/velarogverkfaeri.is\/en\/verkfaeralausnir\/handverkfaeri\/afdrattarklaer-og-glennur\/product\/usag-afdrattarklo-2-arma-65x70mm-u04540000\/","title":{"rendered":"USAG Afdr\u00e1ttarkl\u00f3 2 arma 65x70mm U04540000"},"content":{"rendered":"<p><img decoding=\"async\" src=\"data:image\/png;base64,iVBORw0KGgoAAAANSUhEUgAAAQkAAACZCAYAAAA8ec+TAAAAAXNSR0IArs4c6QAAAARnQU1BAACxjwv8YQUAAAAJcEhZcwAADsMAAA7DAcdvqGQAAB8uSURBVHhe7Z3faxxXlsfPOiEzyIspbGGMrEBjdRiZFcITNUaGRTgwDy3wg71PnkUwcuZVj37Uw0D8FyR+tkWiBw8xifGDu8e7ENMwca\/TAiFEbLztTGO3HGFkT+OwThjMeM85996qW9VVt6ukVrcknw\/puLur6v6qe88995b6fP\/lDQKCIAgJ7NP\/CoIgxCJGQhAEJ2IkBEFwIkZCEAQnYiQEQXAiRkIQBCdiJARBcCJGQhAEJ2IkBEFw0gcj0YTy5Utw6XIZ3yVRg8VLeM5iTX\/OTm0x7fWU12Uor+mPm2GtDJexvJdLQY2apcVwmnzO1vJpli4HdYrJM0QkP26PS4tY2+7B5dlq2wk7nv55Eq0a3FnS7yM0S1Vo6Pe7Ce\/wsH7XhNVHLf1+ewnydEGGxMP\/BuGI+qKLeDB4VL8V9iR9MxK5XA4aONu2z2zKeORy2Kl3C0eLMDc\/DzMT+jOsw8Z224i2PF0MQ2FmDubniviuewxPY5rzM1DQn4W9SeYfeD179gxKpRI8efIE3n\/\/fZienobDhw\/ro2mg5cYCbJyahcG7C1AfmYW56aDrkltchiLMHqrCwvNJmJ8xXZCWBeXAw\/AKMGt3+qVFuFQyR3NoZBp4btG\/nlzjhSUzcnNQ9Ds3pVuFwQtzUPRnRFXGUNk4\/RYUrPNMWTGpIA385vLVGgQ2wlPX8Pd1yE94UFsKyhmUwyJUFzxrWhkDroPfJtFyqzLXdMYeGmFotCCvj4eupaXI1Q2YnAYoW20WbhOrrTXeRPhecTnvDgb3IbbcWdvySKgebfdZ6DmZPQljIAj6lz5vjmEonsMuuXQjWNNi5602cFB9FB02qtO2sJPO4+xJr6JXgwWzr0GdHjsndUp1fBQHCF\/IKAPh4SDQx2lwOPdEsGynctB6tOqfU7tPCbagvuJ\/Aw\/iysozfBGHHBkHyi8YCHR97fmoLuMsFLwGlNv2TbCuobrMwyh+14naIg4sHOKz+pqzh1qWoYoD874fX5baYqSt0d60GYg2qNwQtPGFArTYU8zWls3SjVA95s8NwrrsefSVzEbCGAhD9HMmcEBN5nDgfKM7J\/07cdYaVJqlB9DAGeWs1UmpQ3mtOqxiB2qu1KGVK1qudwFGsWMr1P5AbtqasSdO43t1bSJHBv30VSfGmXYaO\/vzdT6sypSHsWhZndhGZRjGRnBJ1dqINVatZ8G3hYmo0YyiB9m5YMYdHs\/TLoSDpLI0N7lUKsCM7RUdxfZDQ7BB7Ze1LbEc+gimU4BCpjYWuk1mI0FLDJvo56zwYG9U0e1dhDJ2nsmY2ar5LKbXmk6IvWn9uatXq\/2BRol2982L3Fl1bSJHxyDv6dmOOnFuFAfrKOQaD7CbY1fH2dAbGfMHZfegwTYL+UcLuqwpnkisbXTwGrKAM\/+cnT8uA1phA50MeXymja3lSoa25H0O8vR0OolPb4SekdlI0B6EMQxmT2JLoDdxFj0AWqd7PMO3M3w4Zk7kgeHBYMft+iMwiJfb7rt5uTf91OxKsx114txxKhl5KA14sKRm7vx4902EggaqKuPsRKvD0qj7kMtPewh+W6XZE+BHrrRHYtqXllyGjG05MeOn4S0twGLCUzChN2Q2ErRJ+Yc\/\/IFvIv2bbdMynuHps1DIOWYrmnVaNbhhzSq0NGlpF7VwnDbp0Bsxywfe29DvdQdt3A0PtOZa52HHLnujzB7OqDYolFfjbtXPu\/s00WBGyuYNugepnqnNso3g9tHvs0L1BhycxpPgVydDtY5G224T8hj0WyJ1W6LRCHtOaSYCYTvJbCS2B5w5Z1yzFbngalYxnZZcYH\/XG2eeWex4tau6Q38NMDkReB\/kws6O1GHBdHh83fj6Tuc\/AuLBh\/+Se6y+0QYLh59zqUGzJA5aXZ5MM+HaOjy4G9STN1z9JzxJkOeBMzcOQnPdg+P2TJ4FXDLQkw\/jRRivwPF3LQx7gbWgje8PQsF2AFO2Ze1ZFaomDd6sjtmjEnqKxLgUwvDj0br\/6DT4jgxH5HFt9BGosCcRIyG0E\/l7h\/DfUBDB32SYv+EQ9i5iJARBcLJD9iQEQdipiJEQBMGJGAlBEJyIkRAEwYkYCUEQnIiREATBiRgJQRCciJEQBMGJGAlBEJyIkRAEwYkYCUEQnPThtxvhgK0+uSBobS\/hAKwUTs38gGmtDIsrYzDjx7ZQ8TUh5Q+ZSG9jdXwm8gvKGkDHGJF07WVYeJR3\/qqytrgIMBP5NeYmUbE\/IRSQdsvE\/YpU2NX0zZOgwKpBvIJZKLTKWxLj2RwURsXjoC4mrgnHy9Tvs5Ost5FOH6MTFMVJv+0aopshuNkhyw0diFXHPOwd7XoU7niZnYjR28ikj9GBrsayVMF4RDdD6ETfdDeiehttrnashoN6T0uE6qEi5B+V1bLFXqrwdRTa3XR+vbzxrHMsl3hsxehRRPQeEBVGfl0tNyYK0FoyIeEoXH7EndbLiuBycw4tVyx9jLbzFFS\/089UGxS8GtRM1U3dHDEe1LLBpBheOjn1NSJBY9raFbFD6YfzMURiTZi2deiLxJZXt0toWabrrO59ZJka0eNQy0b9wWDOiba51V+4LHj\/SRfFv75PS9+dyjt\/QvT7VFy\/ft0Po\/\/y5Us2GidOnODP6XgJ9XvL8OLgCTj5wQH9XQ1u\/nkVvI8+hn8fUp8Xr1AkpDk4PzUFUyOvoPJlFfZNjQMdfrpSgdX7GzD0+4vw8Rk8Ps4XKYYOwquVO\/D4nSngr9e+hXL1KfzSeg0D+vrmX8tQ\/dUkfIyZvazfg+WfhzGNUcifnIKBxxXYQAN28Y9ndPmewkqlDo2fh+D8xY\/hDJZn4PFtqCy\/gmMn82BqAAfycHJqAB5XNtD4ULlOQp4P0vVNGPgtfcaO\/vkt+OdH8zB3Hss9dQzLugzv4WcygFyWv\/0A753Sx7HeK3cq8HA\/1mViXH1efg9Oc7vouvCAI00R3Vb7V+DKV09V2X6qw73l72H1NRrBufM6vztQeTig2uzHFag0B+CErkdbu+5\/DLcry\/BqBMv+Uxk+v\/VPnbcuG5fFMhAE5\/kD\/IDtG5dnYnl\/V4TfYZr3bn0LLyi\/A9QHyJBfhP\/4DdXzc\/j24Hm+L1N0Dx5eg\/9eO6buERqTK3WcYPT9oXJXNvSEow2Eh4bGb\/PKdbimy8Ntfn8VXse1udWt3mYyLze6pbvRCgVaVWIwgUvu0HAw5ND6x66lhzk6duO+WrjQHgNMFHF2NtdrHQ6O2Jye3Klg1uLAu7Y2RGpSyP\/h7HfatIOOC2lrcIRJoymSXuuDsduVYlBSu1NFKdCt+jYFyZoezvKayOlf46zOAkFBfEtaGtme55FDKvo2ESu5oGnXZFFiQaGlbaY2f\/vIbCS6pbsR3rich7NwA42FrTFBbnpgRKKepAsVPZs6AXVKgPx4ATsqKN2HtVWot4KIzb1FBfQFXwNELYM2v1+xSU2RzUBh7i09jEs8O0e8iI50Li9HTsc7V4vRYCEvxFxnL3vaAh2ThKAWKordYyKxoOikIySS2Uh0XXdDMzw9ibMW6TDgB3IREzUcUmBmwCU0CKDCtXOY+EerUOOZxYrY3GNIQo8ep\/oGcktr381qimwGNNq2jN+m8uhcXiPzV8iFJRBpz4H3jvT5s1Y0dOovN2g\/y08v2C8ij6MN9orkqU5aMhuJ7dDdIJqlKpoIPcN30HDojA5pX8JOZsK1kxuJJqO6iaVGN2GtidBMiq9NP\/rdvKZIdpSYju9J6Fc24ZwO5aXBTvsVc0WWWCCJAJW+kh4M7lvkUTPfWyucP78us2SC0fsIytmE8l3sTX2cKHYb7+p\/ew7vSYQ6mLUDTuvUuwt40\/XgyeHM4sW4jQ5oMJZJVdtXhqIOijPSErqxjhmQryvpsvEut\/o+HTSQcD199RJ2Wbycd+XVEYY8JHqagIn6jjRvrJGwEC6J9FeJ8Hp5gQdqmdb99MSEXG3aDMTvDJ6Xg\/y5GcCFTdcgV796CJeIM8ESgDchacBPBPs1neClQVx5j+O9wcFLbaYGLy7Nph\/g0gENEWA7nsrxe3pyxXseE+hbPucT0csglXr0IKy25qcd39TY2MxdAGxjcy0iTy8yIdGye0nb41kk8hhyp8KDDs2OPbjUI9POf0m6vcQ9UlffkeHo\/rLr7UOMRI9RjwAtryjyvH\/nEvk7BcT+G4r+Qpvc4c3tNi9O2DRiJARBcLJD\/ixbEISdihgJQRCciJEQBMGJGAlBEJyIkRAEwYkYCUEQnIiREATBiRgJQRCciJEQBMGJGAlBEJz010jQj5tCgWZ2HirQifrZsaIGi5GfdtMPnXof6TsBatPL5qfY9HuLrD\/npt9B2PUV3nbEk0iFFaAkc2wLQdjdiJHoQDTsvCueoiDsRfoQUt+iLb5C5Ce\/OjgI\/7w6pGylzqPgueHw6yotPGiFV4+EfNfX2opc6ufbFMHZnGfFKDh8x4\/3sB5KF9HlU7EWClBo1WJD0QdEfm4dCvkeDn1PP3XmEPvmZ+WhQCnx7cSE4lO44ypwudvaidK2JAASygxdvSfCTiazJ2EMBEH\/0uduEY7\/qFS9aD3N8S9bVgRo7fK3Hq1iF1bU7jdwYJ6GAnZMJdtn0hnF8\/VJDEVG9vxo2jQIVCg0HV+T0MFyo4FYCzM6tiINSkrbCsACjTrAOZ3ndA5aSzfa1vUmfqMfi\/HcIKz75zSgfH9UfX+hAK2SHdPRDuWW3E5ZYAPRssqC7bRRag97R2UmY6nOmYeiV4MbeF5374mwk8lsJLoVUj8OGoTBjKdC46vQ5hRAtaWiXSPU+XLTOHD8sPYkf+dZoersSMg4w0dm0eHDmLAJqU4GAc8p4uA3YdRVGPaMMRCTQtFHsUPxH8Wy+cFYrTD0LCGASfoxHVUAWVO+5HZKi5ILtGUCqJ2KMQFkkkPZd\/eeCDuXzEaiWyH1k+AnBTqYaeCeqgCqapaizkcBc1VgVp79aRYzgXMp9PuFPNQppiGlE\/fUgQexupZ1OUbGoKCjafvaEP4A7R68v2GFpb8cM3OnJb6dUsJygR4MGgHUDqgnPCqvIKpWl++JsGPJbCS6GVKfNwF9sV71uI6DrRrX1oqjz1GPaZaizqdneY48jcsGdmtNVGxC628aV7x9MFJnptm3pnU58EodTXuVwvBvpy4HDRguWxG8pYXMy4RO7ZQKI3YU5+lEIGOUFMq+u\/dE2KlkNhLdC6mvZuygI5Fwi+2eKpfYhyNF47qdtCHNLE8eQaMKVfu6Neygkb2AOEVv6sytpTLmYkL3q2ja9bvbqMuxhGXTbxXpZ\/OADu2UCmUkQ6HtlxZjDFaKUPZdvCfCziSzkdgqgeu6wOpVwXpXSa3VjEt66QEM2gIs2r3FLmvN8tTZWzgnBhodzfUHUPXTUHnEBkTlJQd2Vmu2o5kRWu6lBs+ejbJK3\/+jpXTUnuHg4XLRKyxjl55O7ZSOwgzO6GhgAtUr+ja6DFCSeIFOyA1cmtluS5fvibAjkUC4giA46bknIQjC7kKMhCAITsRICILgRIyEIAhOxEgIguBEjIQgCE7ESAiC4ESMhCAITsRICILgRIyEIAhOxEgIguBEjIQgCE7ESAiC4KSvvwINB2IlPCj4AVizw+mBHTC29zRLi7A6PrPpOoQIBbUVhP7QH0+CokNf0gNaRzzi17QHtas7W6zHTSQoiyDsAfpgJJpQ\/roGrVCIeA2HdtvNodYpapR+Kwh7hN7rbrDGRB3yHZcV8XoP7Ha36VSoZcrgN8o7KeL\/zTImqn8RXuLYyxutNzGdh3oJjVjbcQvO35yj8xhfDX0XujZyPmlqBJGZwhoaofImLTdM\/S8MQtVPN9CyYB2R55NBO\/ht58grrk50LOH79qWdStvomdDx6qEi5B+V1T30JwVHGSzC98nW6Qhfb9JNrnMkLfM9tW1I80X3N8+qE9c9TV\/d45CRyMLCwsKbTz75xH\/R50zUvsDrvnjznf6YxJNbn7357NYT\/enNm++++CT43Cy9+Yzy\/yKcCp1DZfqipr\/Q55nPfPyz0hs\/VS7LZ29KTfrw3ZsvKE3reNv5zJM3pc+ssiBPat\/pcygNk54mUobwOSrPIC2Vtn8ula8tf8TUP1pW3R7UdqF2YFx5JdUpua52fgqVfqito23Rqb6Gtj7y3Zvv+Jzo9UitxHnE11mXw2onPo\/LHcnbtKmVb3Du203m5cZ26m7YJOs9GHCmNjoVNjiz+LP00SJMUsBXFuJROhCFc9asTMIxlnYEYWtRULDckE6GhV2W4YlCeKa3UBoedkxHFaOS8+Sw8wU469dTx5T0hYNchOvCZTVaIgSmS\/n4pMgrqU5p69qGrUVCZKpvjE4HXY9eRUg0aQI9R5NHtM4x95xFhbidlF6JyZulFTAt6g8q3+2TVthtZDYSW9bdOKLDuUeiJ8cRr\/ewSVhrIooWtgkZn05gx56bZ7dWlc2twL3+HHM1gXOtulCeLCnQsoLR0ouWT2iYMgec79Cu7ryS6pStrp1IXd8EnY6wBEMK+J63rKDB9KKlimqnwLCSQSBphYKKmE4GXKu4bZu0wi7iXf1vamgPIronkQkOw16D2jc1KEY3Li38Ne+8XjHympPfZkCFhPdGsFvhbOMBzhYhrOOx\/kIypKLFJaO17dVFGEzYcCUPCGCyfZOWwJkRPFtPcwusa8EdmlVX1Fc2rFrWIa+kOsV9vxnSlMGHdTqK+EbtFVwuHYE5un5JeXap2ov1RbzkPYWjo5ArVWGDtFYgD2fxnGH8F75eRcNBHuBk7D1928jsSWxddwNnp3MFFZY+ouTEngOHqe+g9+DCnpWW7kDN139Qod5rX9taE\/bx9NSWIu6xY3ZTIfir4Rl4jWqIUFh\/nFnvhPQu8Fiq2RpnQ9+u4UC6izOySy+kQ15JdUr6no1fqK1pKdCBtPVN0ulgGYQGVC1hn9qi65G5vuc4Idk0sf0V+ngJjxtpBS3SVJWlhk8f\/5gq8vSCwDXl7LkxvFHDevfZdDtcV054UHs+qmbkhF1n3lHHbgQNcigV4ScJ6pzkpxthtXGeOUM74EQNy13Fcpsc7DTC6ft5R54QgOdBbuQszPDaOrJbT3PfxCTMTWOOlH\/i0w30inD97BfDeqTMXldI8duQlBck1MlV18j9yylV9Q2tYO57gm0elKO+mibW+wbee7+9rLq1tWUuB8XjM3CEFNhj6xy+J4SH\/WwSz+MU+R63QveQ2y+kMv92I7obuxF5NCf0kP78xaUgCLsG8SQEQXAinoQgCE7ESAiC4ESMhCAITsRICILgRIyEIAhOxEgIguBEjIQgCE7ESAiC4ESMhCAITsRICILgRIyEIAhOdqzuRvLPnXcWqg52oFYb\/XNqPNKreoTaTf+sGhKCzfYC0SHZ\/fTHk6DOe0nHG9jluhuFmSIHQnkQCqSi4RBoaPjsuJp9gAO29AXRIdkL9MFI4Oy6p3Q3KLoRQOOuFfFKQxGRWl4exvoV84FDwIWD7vQW0SHZC+xY3Q3jNhcoHqZZkliGhdz8NLoOtv6CytvW68DLpufhNEU1MoF2I8YrtCSy07KJrVMk0hVHQArWVnbErLa6IG36GwnXqrxNpCaPAjVBo2WWaVSGKgzqcnFdQtGiwmVsKwfXdxDu+O0ZjsLlEyqDLnsvdUiEbeWdPyH6fSquX7\/uh9F\/+fIlG40TJ07w51T8bxVu138N42fGYUh\/FcfL+j1Y\/tsP8N6peZg7PwVTI69g5U4FHu6fgnG88OlKBVbvb8DQ7y\/Cx2fwOH2pO1gLO9bFP56BqakpGHh4Da5XXsGxk3k48FMd7i1\/D6uvJ2F+7jynWfnyGlR\/dVp9nhqAxzfLsKLz4EHVwoFy8WM4g2kde16Ghf\/Zp\/OyOPBreLFShdr6gH+sWfoK7vx4BCbPUz2xXFfQOM3PwXlMR+VbhX1Tqg3a6rL\/MdyuLMOrkZOQP+C6Fo99WoFf\/PoOwdNKFZ7ikRNUX3y3UmnCwG8pHZUPBXwNyk\/H6wAfxLcpt93NDTR+6vOx\/7sHt759odpSp8Ce4ee34MW\/BW0+9PIhvPzNFPyO2rNirldlMAbCQ8PA9xXPWbnyFTw1dQ3dv2Pw4i8LUH1HlQ9+XIFKc0DXTegVmZcbvdLdYHAm83UUOMo2QOuZ5dR31HXAxcBHBfBadVj1A6vijGb0OjiaMibjBzw9okLscx4uzYYoSj8i0L1Qa3GPdD34cwFm7GUU5xsJf2\/XhQO+mkC3jmtjdCzGRqhGW8AqBwe7tZZLHO26tVN1SITtIrOR6KXuRlZYlyGKGVRxPdtFB82GNuxIznrDMhyFm2ZJO50sxF8bW9+ek02bo2c6JELXyGwkaA\/CGIbN6260hznvBjzTReHB7sFgUsz7JLRmQ+GC9fSFX0l7KTQjojl6tApl2rC0PQNysXlvwKRBT0RSspVrewhpc3D5OjyhYu+E9n389tSvGfQ+WJcDl3fRY7IH0VcyG4ne6G5sEq3rcMPWZdj0E4ZOmg3tsMYG5k8brSHNBhLOscuQRqPC4LjW5BfoWND7ZO9iU1oZKdgZOiTCdpF547IrHMjDyalj8KpyHa7drkClol7LP48p3Y0DB3CReg+W\/37Q2qR6iV8tw4uDJ+DkBwdiNuGIIRifGoCHf74ON3WadRzs\/m44b1y+gIN6Iy+6cRfNY2h8CgZWrsCVm0EZG413YR+Wyc7VB+u177HK8+xZa3Nt6CC8uncLbpm6vs7jGS8AjqfYUJxwXHsU23H\/Y7hZuqnL9xomcSav+5t74Y3LAx8MxaT1FF69H2xc2uXgzWP7HtDGIRYrrzdcFTVY+aqK9\/G2ShOPF37\/n\/AhXzAE\/3iM399R+T2mDeHfYJlHXkD56jW4zWXGF+mkPMd798Eo37+VK1f8+1epNKDxzj68H5gj5S8blz1HomULguCkD39MJQjCbkKMhCAITsRICILgRIyEIAhOxEgIguBEjIQgCE7ESAiC4ESMhCAITsRICILgRIyEIAhOxEgIguBEjIQgCE7ESAiC4KQ\/PxXXUAxJ+2fYlcqKjuuoYkt8+pdoPMXdCGlvfBrEaezEWhkW\/\/prGP9gk7WmIDWfluGFbsftgu\/dShDT05D0\/Xai+tFjGAj9hD0KRfe64scv3Sru\/qnyUj9371SuMP2oSyf640lwtKW9obvRbTgGpH4vpIHC1VBEq+RAN72FBrAK5qv6dRaJiJ1WF0UfjMRe093oLhwDUsjAMBRm5nZOiDsOl5iDSSsYc3p2WF00orsxvXXdDVWWWZh8vuCfG+hFKKm\/jVOBtgTXzQ8zZ\/Qo1HlGd4MI0gjXKaRFodP39TqU8EZs+8bnS+8p\/SoMTuehXjJ6GPZxJKT9kYNcroHlaTf03F74PQXGbWuLmHtv7jO3a9v9UWUYW8Fznk+G0rTvE6eBx9XnSDv690y1IUwUoLWUUEfO3xxTfSOdvokmoo9iY9IyZU1Xl0j\/w3ZXcpIp6tJFRHejC7obqizL8Noq671b3+p9ARUSz4SIo872+bcH4bxOc2r\/Q7j2X0+xfB\/ChyexvI8rsDGiyk8h9NrrFNaiqC1+CpVfgjIOrVWg+iPAkB+iT5OYL62pKczdKny\/MeQfH6Cwc8u63WiAfPk9HPG1Mv4BKzdxWeRFwwfqEHiNeqQtbqn79q\/R8IGREHnR+zOlzuNz7q+G0rT7Ah\/\/eZjL0ix9Drf+Pua3x9TRFjz8aQiGDqiQgI2fHXV06YE49U00Q+OqbMvvwWmjk0J9ygqRmKUuZHSu1Dw0DCatf8DTJazLUIe66OJ0i8zLDdHdiNPdQHA28GcdHRGctSSikPSePfuQxECClgXj1KKIKSMFmtXvQ6TIN3cqOF44jlOlPh6nlUHShomE2qIIkzTrptbOsO6PTae+YGPX62gBClYfyVJHlx7IlvRNstQF\/YRAwgHr4pcvuS7dJrOREN2NNGUfVsbGEqwJQbOWSdNyb+NwalFwGTOQIV+b3bRPMjyNa3paruh6XrYip7voqAfSD2iP7gIuAU0fjESX7xWZjYTobqRZ9zVZKNc7FJMprVtp3W3Su4Cejj4UR9e0KDLm2z0cbbFd8AY41bMI3tICLMYpvkdw6YH0FS36PD8\/C4UWGvmURq+bZDYSoruRUDqa2fVbWLoDtTYFLwXPSrlRTF1\/7vTI06VFEWNwub76vU3mfC3YlbW1MtAjqcbvzymS2qLNq1NyiF1lqRZZDqabIFx6IFn1TbrGGtYl4rV6hzNNDV3hXf1vb2HrOMa70OTC+9CMSbobm4Z0MwEWL2G65oZSmllnXQ2pUmFioTJ6mN7k3LA\/2ALqcANdQtV1yAOJ9zh4XwPTM2l6EwXIwQa\/J2hAlku6\/DSz4UymioHlKKlzKH1vYhLmcL1dxLptWOnlpouQw84epVO+TnBmnqUnQOj28gDENihOeFB+zkfb8LwNqy2oTPO6LbAu0w+wHqYu2E4TaIAe0fvuUHtWhSrW0dwxerIyk2aCoD55gTYvsWz6K6wI5EbOYpnx2PSGVe4cFKdz0LjLZ20bzfUHUC0FdeH+YO1J9ArR3egC5rFf311TQdgG+vDHVIIg7CbEkxAEwYl4EoIgOBEjIQiCEzESgiA4ESMhCIITMRKCIDgRIyEIghMxEoIgOBEjIQiCEzESgiA4ESMhCIITMRKCIDgA+H90MYQSwGMM9QAAAABJRU5ErkJggg==\" alt=\"\"><\/p>\n<p><\/p>","protected":false},"excerpt":{"rendered":"<p>Tegund:&nbsp;U04540000<\/p>","protected":false},"featured_media":81063,"comment_status":"closed","ping_status":"closed","template":"","meta":[],"product_brand":[],"product_cat":[1032,588,515],"product_tag":[],"class_list":{"0":"post-38899","1":"product","2":"type-product","3":"status-publish","4":"has-post-thumbnail","6":"product_cat-afdrattarklaer-og-glennur","7":"product_cat-handverkfaeri","8":"product_cat-verkfaeralausnir","10":"first","11":"instock","12":"taxable","13":"shipping-taxable","14":"purchasable","15":"product-type-simple"},"yoast_head":"<!-- This site is optimized with the Yoast SEO plugin v27.3 - https:\/\/yoast.com\/product\/yoast-seo-wordpress\/ -->\n<title>USAG Afdr\u00e1ttarkl\u00f3 2 arma 65x70mm U04540000 - V\u00e9lar &amp; Verkf\u00e6ri<\/title>\n<meta name=\"robots\" content=\"index, follow, max-snippet:-1, max-image-preview:large, max-video-preview:-1\" \/>\n<link rel=\"canonical\" href=\"https:\/\/velarogverkfaeri.is\/en\/verkfaeralausnir\/handverkfaeri\/afdrattarklaer-og-glennur\/product\/usag-afdrattarklo-2-arma-65x70mm-u04540000\/\" \/>\n<meta property=\"og:locale\" content=\"en_US\" \/>\n<meta property=\"og:type\" content=\"article\" \/>\n<meta property=\"og:title\" content=\"USAG Afdr\u00e1ttarkl\u00f3 2 arma 65x70mm U04540000 - V\u00e9lar &amp; Verkf\u00e6ri\" \/>\n<meta property=\"og:description\" content=\"Tegund:&nbsp;U04540000\" \/>\n<meta property=\"og:url\" content=\"https:\/\/velarogverkfaeri.is\/en\/verkfaeralausnir\/handverkfaeri\/afdrattarklaer-og-glennur\/product\/usag-afdrattarklo-2-arma-65x70mm-u04540000\/\" \/>\n<meta property=\"og:site_name\" content=\"V\u00e9lar &amp; Verkf\u00e6ri\" \/>\n<meta property=\"article:publisher\" content=\"https:\/\/www.facebook.com\/VelarOgVerkfaeri\" \/>\n<meta property=\"article:modified_time\" content=\"2026-03-09T14:45:45+00:00\" \/>\n<meta name=\"twitter:card\" content=\"summary_large_image\" \/>\n<script type=\"application\/ld+json\" class=\"yoast-schema-graph\">{\"@context\":\"https:\\\/\\\/schema.org\",\"@graph\":[{\"@type\":\"WebPage\",\"@id\":\"https:\\\/\\\/velarogverkfaeri.is\\\/verkfaeralausnir\\\/handverkfaeri\\\/afdrattarklaer-og-glennur\\\/product\\\/usag-afdrattarklo-2-arma-65x70mm-u04540000\\\/\",\"url\":\"https:\\\/\\\/velarogverkfaeri.is\\\/verkfaeralausnir\\\/handverkfaeri\\\/afdrattarklaer-og-glennur\\\/product\\\/usag-afdrattarklo-2-arma-65x70mm-u04540000\\\/\",\"name\":\"USAG Afdr\u00e1ttarkl\u00f3 2 arma 65x70mm U04540000 - V\u00e9lar &amp; Verkf\u00e6ri\",\"isPartOf\":{\"@id\":\"https:\\\/\\\/velarogverkfaeri.is\\\/en\\\/#website\"},\"primaryImageOfPage\":{\"@id\":\"https:\\\/\\\/velarogverkfaeri.is\\\/verkfaeralausnir\\\/handverkfaeri\\\/afdrattarklaer-og-glennur\\\/product\\\/usag-afdrattarklo-2-arma-65x70mm-u04540000\\\/#primaryimage\"},\"image\":{\"@id\":\"https:\\\/\\\/velarogverkfaeri.is\\\/verkfaeralausnir\\\/handverkfaeri\\\/afdrattarklaer-og-glennur\\\/product\\\/usag-afdrattarklo-2-arma-65x70mm-u04540000\\\/#primaryimage\"},\"thumbnailUrl\":\"https:\\\/\\\/velarogverkfaeri.is\\\/wp-content\\\/uploads\\\/2026\\\/03\\\/f3da8989-29f6-4f40-8022-df027a801051.png\",\"datePublished\":\"2023-06-08T19:13:33+00:00\",\"dateModified\":\"2026-03-09T14:45:45+00:00\",\"breadcrumb\":{\"@id\":\"https:\\\/\\\/velarogverkfaeri.is\\\/verkfaeralausnir\\\/handverkfaeri\\\/afdrattarklaer-og-glennur\\\/product\\\/usag-afdrattarklo-2-arma-65x70mm-u04540000\\\/#breadcrumb\"},\"inLanguage\":\"en-US\",\"potentialAction\":[{\"@type\":\"ReadAction\",\"target\":[\"https:\\\/\\\/velarogverkfaeri.is\\\/verkfaeralausnir\\\/handverkfaeri\\\/afdrattarklaer-og-glennur\\\/product\\\/usag-afdrattarklo-2-arma-65x70mm-u04540000\\\/\"]}]},{\"@type\":\"ImageObject\",\"inLanguage\":\"en-US\",\"@id\":\"https:\\\/\\\/velarogverkfaeri.is\\\/verkfaeralausnir\\\/handverkfaeri\\\/afdrattarklaer-og-glennur\\\/product\\\/usag-afdrattarklo-2-arma-65x70mm-u04540000\\\/#primaryimage\",\"url\":\"https:\\\/\\\/velarogverkfaeri.is\\\/wp-content\\\/uploads\\\/2026\\\/03\\\/f3da8989-29f6-4f40-8022-df027a801051.png\",\"contentUrl\":\"https:\\\/\\\/velarogverkfaeri.is\\\/wp-content\\\/uploads\\\/2026\\\/03\\\/f3da8989-29f6-4f40-8022-df027a801051.png\",\"width\":747,\"height\":827},{\"@type\":\"BreadcrumbList\",\"@id\":\"https:\\\/\\\/velarogverkfaeri.is\\\/verkfaeralausnir\\\/handverkfaeri\\\/afdrattarklaer-og-glennur\\\/product\\\/usag-afdrattarklo-2-arma-65x70mm-u04540000\\\/#breadcrumb\",\"itemListElement\":[{\"@type\":\"ListItem\",\"position\":1,\"name\":\"Home\",\"item\":\"https:\\\/\\\/velarogverkfaeri.is\\\/\"},{\"@type\":\"ListItem\",\"position\":2,\"name\":\"Vefverslun\",\"item\":\"https:\\\/\\\/velarogverkfaeri.is\\\/vefverslun\\\/\"},{\"@type\":\"ListItem\",\"position\":3,\"name\":\"USAG Afdr\u00e1ttarkl\u00f3 2 arma 65x70mm U04540000\"}]},{\"@type\":\"WebSite\",\"@id\":\"https:\\\/\\\/velarogverkfaeri.is\\\/en\\\/#website\",\"url\":\"https:\\\/\\\/velarogverkfaeri.is\\\/en\\\/\",\"name\":\"V\u00e9lar & Verkf\u00e6ri\",\"description\":\"Umbo\u00f0s- og heildverslun fr\u00e1 \u00e1rinu 1919\",\"publisher\":{\"@id\":\"https:\\\/\\\/velarogverkfaeri.is\\\/en\\\/#organization\"},\"potentialAction\":[{\"@type\":\"SearchAction\",\"target\":{\"@type\":\"EntryPoint\",\"urlTemplate\":\"https:\\\/\\\/velarogverkfaeri.is\\\/en\\\/?s={search_term_string}\"},\"query-input\":{\"@type\":\"PropertyValueSpecification\",\"valueRequired\":true,\"valueName\":\"search_term_string\"}}],\"inLanguage\":\"en-US\"},{\"@type\":\"Organization\",\"@id\":\"https:\\\/\\\/velarogverkfaeri.is\\\/en\\\/#organization\",\"name\":\"V\u00e9lar & Verkf\u00e6ri\",\"url\":\"https:\\\/\\\/velarogverkfaeri.is\\\/en\\\/\",\"logo\":{\"@type\":\"ImageObject\",\"inLanguage\":\"en-US\",\"@id\":\"https:\\\/\\\/velarogverkfaeri.is\\\/en\\\/#\\\/schema\\\/logo\\\/image\\\/\",\"url\":\"https:\\\/\\\/velarogverkfaeri.is\\\/wp-content\\\/uploads\\\/2021\\\/10\\\/vv_logo_350x100.png\",\"contentUrl\":\"https:\\\/\\\/velarogverkfaeri.is\\\/wp-content\\\/uploads\\\/2021\\\/10\\\/vv_logo_350x100.png\",\"width\":350,\"height\":100,\"caption\":\"V\u00e9lar & Verkf\u00e6ri\"},\"image\":{\"@id\":\"https:\\\/\\\/velarogverkfaeri.is\\\/en\\\/#\\\/schema\\\/logo\\\/image\\\/\"},\"sameAs\":[\"https:\\\/\\\/www.facebook.com\\\/VelarOgVerkfaeri\"]}]}<\/script>\n<!-- \/ Yoast SEO plugin. -->","yoast_head_json":{"title":"USAG Afdr\u00e1ttarkl\u00f3 2 arma 65x70mm U04540000 - V\u00e9lar &amp; Verkf\u00e6ri","robots":{"index":"index","follow":"follow","max-snippet":"max-snippet:-1","max-image-preview":"max-image-preview:large","max-video-preview":"max-video-preview:-1"},"canonical":"https:\/\/velarogverkfaeri.is\/en\/verkfaeralausnir\/handverkfaeri\/afdrattarklaer-og-glennur\/product\/usag-afdrattarklo-2-arma-65x70mm-u04540000\/","og_locale":"en_US","og_type":"article","og_title":"USAG Afdr\u00e1ttarkl\u00f3 2 arma 65x70mm U04540000 - V\u00e9lar &amp; Verkf\u00e6ri","og_description":"Tegund:&nbsp;U04540000","og_url":"https:\/\/velarogverkfaeri.is\/en\/verkfaeralausnir\/handverkfaeri\/afdrattarklaer-og-glennur\/product\/usag-afdrattarklo-2-arma-65x70mm-u04540000\/","og_site_name":"V\u00e9lar &amp; Verkf\u00e6ri","article_publisher":"https:\/\/www.facebook.com\/VelarOgVerkfaeri","article_modified_time":"2026-03-09T14:45:45+00:00","twitter_card":"summary_large_image","schema":{"@context":"https:\/\/schema.org","@graph":[{"@type":"WebPage","@id":"https:\/\/velarogverkfaeri.is\/verkfaeralausnir\/handverkfaeri\/afdrattarklaer-og-glennur\/product\/usag-afdrattarklo-2-arma-65x70mm-u04540000\/","url":"https:\/\/velarogverkfaeri.is\/verkfaeralausnir\/handverkfaeri\/afdrattarklaer-og-glennur\/product\/usag-afdrattarklo-2-arma-65x70mm-u04540000\/","name":"USAG Afdr\u00e1ttarkl\u00f3 2 arma 65x70mm U04540000 - V\u00e9lar &amp; Verkf\u00e6ri","isPartOf":{"@id":"https:\/\/velarogverkfaeri.is\/en\/#website"},"primaryImageOfPage":{"@id":"https:\/\/velarogverkfaeri.is\/verkfaeralausnir\/handverkfaeri\/afdrattarklaer-og-glennur\/product\/usag-afdrattarklo-2-arma-65x70mm-u04540000\/#primaryimage"},"image":{"@id":"https:\/\/velarogverkfaeri.is\/verkfaeralausnir\/handverkfaeri\/afdrattarklaer-og-glennur\/product\/usag-afdrattarklo-2-arma-65x70mm-u04540000\/#primaryimage"},"thumbnailUrl":"https:\/\/velarogverkfaeri.is\/wp-content\/uploads\/2026\/03\/f3da8989-29f6-4f40-8022-df027a801051.png","datePublished":"2023-06-08T19:13:33+00:00","dateModified":"2026-03-09T14:45:45+00:00","breadcrumb":{"@id":"https:\/\/velarogverkfaeri.is\/verkfaeralausnir\/handverkfaeri\/afdrattarklaer-og-glennur\/product\/usag-afdrattarklo-2-arma-65x70mm-u04540000\/#breadcrumb"},"inLanguage":"en-US","potentialAction":[{"@type":"ReadAction","target":["https:\/\/velarogverkfaeri.is\/verkfaeralausnir\/handverkfaeri\/afdrattarklaer-og-glennur\/product\/usag-afdrattarklo-2-arma-65x70mm-u04540000\/"]}]},{"@type":"ImageObject","inLanguage":"en-US","@id":"https:\/\/velarogverkfaeri.is\/verkfaeralausnir\/handverkfaeri\/afdrattarklaer-og-glennur\/product\/usag-afdrattarklo-2-arma-65x70mm-u04540000\/#primaryimage","url":"https:\/\/velarogverkfaeri.is\/wp-content\/uploads\/2026\/03\/f3da8989-29f6-4f40-8022-df027a801051.png","contentUrl":"https:\/\/velarogverkfaeri.is\/wp-content\/uploads\/2026\/03\/f3da8989-29f6-4f40-8022-df027a801051.png","width":747,"height":827},{"@type":"BreadcrumbList","@id":"https:\/\/velarogverkfaeri.is\/verkfaeralausnir\/handverkfaeri\/afdrattarklaer-og-glennur\/product\/usag-afdrattarklo-2-arma-65x70mm-u04540000\/#breadcrumb","itemListElement":[{"@type":"ListItem","position":1,"name":"Home","item":"https:\/\/velarogverkfaeri.is\/"},{"@type":"ListItem","position":2,"name":"Vefverslun","item":"https:\/\/velarogverkfaeri.is\/vefverslun\/"},{"@type":"ListItem","position":3,"name":"USAG Afdr\u00e1ttarkl\u00f3 2 arma 65x70mm U04540000"}]},{"@type":"WebSite","@id":"https:\/\/velarogverkfaeri.is\/en\/#website","url":"https:\/\/velarogverkfaeri.is\/en\/","name":"V\u00e9lar & Verkf\u00e6ri","description":"Umbo\u00f0s- og heildverslun fr\u00e1 \u00e1rinu 1919","publisher":{"@id":"https:\/\/velarogverkfaeri.is\/en\/#organization"},"potentialAction":[{"@type":"SearchAction","target":{"@type":"EntryPoint","urlTemplate":"https:\/\/velarogverkfaeri.is\/en\/?s={search_term_string}"},"query-input":{"@type":"PropertyValueSpecification","valueRequired":true,"valueName":"search_term_string"}}],"inLanguage":"en-US"},{"@type":"Organization","@id":"https:\/\/velarogverkfaeri.is\/en\/#organization","name":"V\u00e9lar & Verkf\u00e6ri","url":"https:\/\/velarogverkfaeri.is\/en\/","logo":{"@type":"ImageObject","inLanguage":"en-US","@id":"https:\/\/velarogverkfaeri.is\/en\/#\/schema\/logo\/image\/","url":"https:\/\/velarogverkfaeri.is\/wp-content\/uploads\/2021\/10\/vv_logo_350x100.png","contentUrl":"https:\/\/velarogverkfaeri.is\/wp-content\/uploads\/2021\/10\/vv_logo_350x100.png","width":350,"height":100,"caption":"V\u00e9lar & Verkf\u00e6ri"},"image":{"@id":"https:\/\/velarogverkfaeri.is\/en\/#\/schema\/logo\/image\/"},"sameAs":["https:\/\/www.facebook.com\/VelarOgVerkfaeri"]}]}},"_links":{"self":[{"href":"https:\/\/velarogverkfaeri.is\/en\/wp-json\/wp\/v2\/product\/38899","targetHints":{"allow":["GET"]}}],"collection":[{"href":"https:\/\/velarogverkfaeri.is\/en\/wp-json\/wp\/v2\/product"}],"about":[{"href":"https:\/\/velarogverkfaeri.is\/en\/wp-json\/wp\/v2\/types\/product"}],"replies":[{"embeddable":true,"href":"https:\/\/velarogverkfaeri.is\/en\/wp-json\/wp\/v2\/comments?post=38899"}],"wp:featuredmedia":[{"embeddable":true,"href":"https:\/\/velarogverkfaeri.is\/en\/wp-json\/wp\/v2\/media\/81063"}],"wp:attachment":[{"href":"https:\/\/velarogverkfaeri.is\/en\/wp-json\/wp\/v2\/media?parent=38899"}],"wp:term":[{"taxonomy":"product_brand","embeddable":true,"href":"https:\/\/velarogverkfaeri.is\/en\/wp-json\/wp\/v2\/product_brand?post=38899"},{"taxonomy":"product_cat","embeddable":true,"href":"https:\/\/velarogverkfaeri.is\/en\/wp-json\/wp\/v2\/product_cat?post=38899"},{"taxonomy":"product_tag","embeddable":true,"href":"https:\/\/velarogverkfaeri.is\/en\/wp-json\/wp\/v2\/product_tag?post=38899"}],"curies":[{"name":"wp","href":"https:\/\/api.w.org\/{rel}","templated":true}]}}