{"id":38672,"date":"2023-06-08T19:12:30","date_gmt":"2023-06-08T19:12:30","guid":{"rendered":"https:\/\/vv-dev.webdev.is\/?post_type=product&#038;p=38672"},"modified":"2025-11-14T14:16:03","modified_gmt":"2025-11-14T14:16:03","slug":"briton-blindlok-4215-8-ss","status":"publish","type":"product","link":"https:\/\/velarogverkfaeri.is\/en\/lykillausnir\/hurdabunadur-lykillausnir\/blindlok\/product\/briton-blindlok-4215-8-ss\/","title":{"rendered":"BRITON Blindlok 4215.8.SS"},"content":{"rendered":"<p><img decoding=\"async\" src=\"data:image\/png;base64,iVBORw0KGgoAAAANSUhEUgAAAXsAAAC7CAYAAACEoT4LAAAAAXNSR0IArs4c6QAAAARnQU1BAACxjwv8YQUAAAAJcEhZcwAADsMAAA7DAcdvqGQAACCjSURBVHhe7d0PXFRlvj\/wj8sG14RqmV1X0NLdkHYVi5ou9w4vXbmmY5I0voK8C2mC3Yy7ibuFd39Jf6TdveDrLmw3yX5Iv1Uq0VbBhElJamm8cJkbr8a0yBLNRsshzCGN4bpMy87vOWeegQEBMYdQzuf9ep04z\/Occ2ZGzvd7nuc5Z2iMRwAREY1q35E\/iYhoFGOyJyLSACZ7IiINYLInItIAJnsiIg1gsici0gAmeyIiDWCyJyLSACZ7IiINYLInItIAJnsiIg1gsici0gAmeyIiDWCyJyLSACZ7IiINGFXJ3n3GCZdbFgSl7HSKunOygoiGxu1SY8fpdMEvpOgKNizJ3nnQAkutd7Ed\/3ZOFefubCQkJsGYXIQmtcaBil8mISkpCSt3OtQaolHJ7YBNxlvzKVnn71SzjEcb7EPt+DQWqLGTlFQAm6yiK1vgk32XFUUrc5DzhHfJeqGh\/57BRxXIX1cKq1OW\/Q3WNtJOWVGyLh\/mI7JMNNKCXbAVy5jb2SwrezjeyPO2rbPANVZWkuYEPtlb96KmS\/zU6aBTyrU1sJzXm3DDsqUQ5ipLPz2NwdoGprurEJY94rV2ZSFG1g2H5spClFaZYWuVFUQjLhoLTdHqmuMN0btX13wc2FfjrQldMH9YY4MubwFO9iJRv16jrkXelYW0qcqaGD7W+\/ft3XDU5uG5WmW9GZtXpiAlWSzrlcHiYG3itN2ZrZbz94njnbKg8EGlPR2lH3nb0h5IR9rion6GnW1oKstBmnKs5DTklDXBpVyQJN9xU7IrRGj4OFCR7X39bDkN5DpYiqId3nVLnret1z5dTtjKcrFCfR2xLMlCUa1DfCqi4RU5e75I+UKL6PD4jzrFSPQttRyJlAUy1Z9phqUsH1lL5HkqlrRfFcHy2eBn6lDjxMfZuA25aowqSxqy1lvgYDCMmMAm+3MNqNnnXY2JMUJviFTXLZV70T0jU5+HlCdquk8W1ykHHC1iOSPOgsHaFOecatn8eiFyH8hBxQdKOxAS2tPmaHGel1wdr6zBig1ipKC222HZsAKp670z+yrfvqd77+k+rWzvgFMZYXy2DSv\/tQQ2l2w7423r3qfLjm0PJiFrQw2aTn2FTnyF08ds2PZECpL9X4toOEyajflq58qBGktP395Zv9d7DyvCiISfqFXAFxY8t0GMTo858FWXOFNFnNlFYs5JzUWNPL\/7NZQ4kexl6UgSF5AaEaNfiY7VV047bK\/kIEV0xpr8Olr07QlosnfXi16F8osMMmK+QQwuE4yiPyHsN8Piu3E0MxcN27O8vRDx36ztDWhoEMtTYofB2vztM6MmyID0p\/KQ97vVMEbI+gG4OmdgzXYLGupqkHenOrkE546tqLmIaSJMSkVpQyGMsmj8D\/neXkxVP6N7XwmKxAgDQeJ9b6mBuaIGNS9425yvbIT5crz\/QKNIJGYb5VROvU12mJxoqPV2NCLnJci4EqYmI7ewFGaL6JztErFUvQZqhHWJUbi1b1fpGzhnQUmx94IT\/bCIs13lqKkpQeokUXFqGzbuZjCMhAAme7d6x181bz4MQeLnT+JhUHrdom+xtz6Qv+AYZJcUYsWdCUiYEwOd8lqDmZmEpEnBIhGHImFZMqaole\/g\/fPvZX1jtkb52cdPQfDH3icjGlqBcLXShqYAvhZRf7qnco7sxb7PxE+nSOb71RYYE7pTvaBDjD4Snces3qd0Gu1oly2OU6fl2iU4II6r9t4jMSVYjKSV16gXx\/X2s2A7xGAYCYFL9s69MMspHHU6Rp2ny8Ve2VFoquyZnrlkEbdjxni5PgRTpvh1\/YNCINK+4EK77wwPgE7fKKGlBoXySaScJ7bJx0BFO4euNNy6p3Ka0bDfCfd+q\/f+1SS\/KRxx3je9kAXjHUakLM8+7zwNCHenXHGg5hlfLORg20FZHYDBA128gCV753\/X9NwYdfnmzx09X3Ly9TYCITQM6oBhiOz2FrkmdHUO8Vw7DvsxuToEIb7RRVw2ys1mmPssq+NkO9GwET14k\/cmrM3aAIvVO9rsNYVzZCtyN9vUBxT0j2yFpU6ZjuyZnrx4\/cRJ90hbj+zt58eC+VG9bKdvU4CSvROWapnqlfnA3ylz6b4lVT7u1YyK6r7DN9G7HvCG0GBtF6neAt9UpH2fBXZ1TQ\/9T9WVHkfe6bkBu18EwSC9cfe53peM6Bj5pIPNBluQDjrl0VO5hF0tLk7e4QTRsNLNlI9X1r+IErUn3WcKp1V0wtSVaMQbpiBYSczKgxBq3RBdKE6iZ8iYF7FwMKRXLOjCwhA2lsEwEgKT7E9ZsFcO0WJM6TDOUebSfctDSJntbet+BjhiCqaoV38HSjPFcDI5BcZ\/3eY94QZr+6ZcZmQbxbEWGZEmbxzhNiPi5RxiZKxeTidakb9QeU0jjCsr4OzuofhMxk3qMBmw\/GYhksR7SzLmi71EkC3IQJJykC4L8helIGttPvLX5WCFeM2ETP9H1YiG0fgEzL9F\/OxSRtbipzKFI89Z1Q8jRfpXNGPjYznqOZq2uBBN553r5xtynIxPQsbd3i0t\/74QKb\/KFa+Tj5wHk2C8YwUq\/Aba9O0JSLJ3vGGWc34xmD9TZtBuwWrSV31WA4v6xIoB6f9m8N5YdbvU6R53kLzaD9b2jUQi\/bkipE5yw3HK2x0J\/nEqitYl+e4XAdMzkJ+hR2j3a7rx\/TtzUfJI3+FmJJJ+mYopytvpcsGpPG4mPp\/67sYasOblQqTHRSJY+fq6+DdRvhjW5ASmREcgRNmGaNjpkDBPjjKFXlM4iqlpyM2IUc9Z9zGLOEcbgHuKsPWRnn0GNOQ4CYbh37ahUGwbGSzirrFGvI4Zlg9EMEy6CRH8Fu+IGOMR5Pq3r8sN15l24GodQvueAIO1fUNulxPtCINuoDkV32uGidcc9PoitnO2ozNkgGPJ43QGifbrBj0Q0chQ\/tCZcqpfF+qdyrkYQ44TL+UPErZ3hXyz16KAGdlkT0RE34qAPY1DRESXLyZ7IiINYLInItIAJnsiIg1gsici0gAmeyIiDWCyJyLSACZ7IiINYLInItIAJnsiIg1gsici0gAmeyIiDWCyJyLSgDGtra38q5dERKMce\/ZERBrAv2dPRKQB7NkTEWkAkz0RkQYw2RMRaQCTPRGRBjDZExFpAJM9EZEGMNkTEWkAkz0RkQYw2RMRaQCTPRGRBjDZExFpAJM9EZEGMNkTEWnAqE32Tmsp8jdb4ZRlIhqY67gdri5ZoFEpcMm+Phfx8fF+SwKMS7JQtG9k0m3nMQvMFjs6ZZlodHNg2zL\/+BOLMQkrflOBJpfcZEBWFKSmocAqi4Lb5ZZrNFoEuGdvRGFDAxrEYtmzFflGwLzmIZQckc1ENKyiHy5X46\/BUgNzcTYimwqxYp0Fg6duA3L21CDHIItOM7IfrhCXDxpNhm0aJ\/i6SOjvT0O8OGUcrd46ZWql1Cp6+meaULE+v2ea5Zwdtp0lyF8n6taVwHzEvyvSDPO6CjS7XWjeLbd5wYzmM7LZ55QN25RjrivCNqvjAic30SgXHArdjxOwwhQNfNqC02qlE9bNpVBC0HWwAkUiltR4FDG2t7gIe4+J1TMi3ja8CFvLXjynxqOINXVfQcSptaxogBgcYpzSiBneOfvjh2EP0kMvzjeFMrVSUl6E3BV5sI2NRrTOW++oLEJpcxj0cQYYrnegZHkqCg9625QT1Fa1DXm\/XImij3UwxOmhO1KC9MW5sJ6TmxzfhvTkbJjd0aJ9BoL3rUZO5QXHrkSjnEi8zQ7oYmcgUi13wm4pQfmGXKT\/3oaQ6Gh4Q1CJMTNsolPmPtuOMF04EDbFG49xN3m3cVmRuzgNRc3fV+ujz4nef1I6th1XDyAMIU5pZCn\/W8KAqFvrMRhme+bdk+xJVpeFnoX3rfFsbWqXG3g8J7csE9ss82y2y4oBvPWUwbNsy0lZavCsNRg8ySWHZVn46zuegnkGT16Dt9jwtMFjePwtT6e3KLR7qh4Vdfdv9fiOQjS6nfRsvV+c8\/MWyvgTy4Jkz7Jn3\/Kc\/qvcxLfN\/Zs9n3TXKbwxtrZOFpVY7hM77\/x+nsfw2F4RWT0O\/99kj+HhKs9ptXThOKWRFeCefTSSHl6JleqShbQb7dj4+FqYP5PNiqnzYZws13263HB+ZIWl1gLLzhJUfCjr\/cT8VA4PFEERiIwQ\/RT16QEH7B9D9DZEj15tVIRCf5vf9kQaEWlIl\/Enln+ZjeA3cpH1QlOvac1ooxFTgmRhSBxoft8FvUEvIqtH9C16YL+tZ5pHGDhOaaQFONlH4vY5CUhQFyNSny5B9o1WFO1oku39EMPD\/GQj0p+zoEU5I6\/rmd65GLrwb7AT0SgTGm2Q8SeWe7JQsi4Z7pc2Ym8AHoo7L8ZEJp8iV+nyN7xz9qKvHSK62672dlk+n+O1jTCHpqPouTVIvdN7ks4YLxuHSvRSmo\/ZZcHL1c45eyIEhYj\/tMN1SfPmIQgNA5qa\/PvwgLu5GfaISDnvT5e74Uv2bhfstXko2QckzBTDvcGcEyejHOq5j5WitNa7PjSRMC6MgX1HKSy+O\/9nLNi6mw+Okba5T9lQ+lw5HJPioZ8kK4dCuUC0HEZzd39Jh\/k\/N+Kr3Vt7Ysxtx9YtFkTfsxCcML0yBDjZ1yDb94WOBCPSCxww\/K4cuXN6ZtP7ilyYhdSxFVhxhxEpiUYkF+uQ9cgFLg596Ez5yP37JuQmJsC4yIiEdAvi7zfKViLtaN6Q0v2lqoTkNagJy0BJyYqLS8hxqci60YKcBUYYjenY9pkYo8\/MQUlGOwqT4r0xlpCOmhl5KPy59zkfuvyNUe7SyvUR5XY54Q7SIXSsrPgmxGjC6Q6GLnTgiwsRDY0ak8EiJnuFkxsupxvB14Ui+KJu8tJIu2ySPRERDZ9hvkFLRESXAyZ7IiINYLInItIAJnsiIg1gsici0gAmeyIiDWCyJyLSACZ7IiINYLInItIAJnsiIg1gsici0gAmeyIiDWCyJyLSgDGtra38q5dERKPcmI6ODiZ7IqJRjtM4REQawGRPRKQBTPZERBrAZE9EpAFM9kREGsBkT0SkAUz2REQawGRPRKQBTPZERBrAZE9EpAFM9kREGsBkT0SkAUz2REQaoI1k39WBE592yMKFtKFxSyHKGttkmejK4j7bhrYOtyxdgouKG8VRVP+hENUfy+K3yd2BtrYOuLtkediM4Ge8RIFL9tY8zJ07F3Nza9Hfaebe97S3fV2jrBkC8QsMxDmLxmexPONZDO2VO3Girhp19k5ZJroytNUXYXniXCQmL8ZiUyLmJpqQU9UiW5VwEslQrg\/JRcWNog3v7qnGu6dk8dvQcQjlTy5WP+vixSYkzp8LU0YxDvg+aJcbHefkekCMwGcMkMD27CdEIKJ+F6q\/kOVubfhzVR0iJkbI8tAceiENz9pk4VLErUZlxWrEySLRqPNFJXJz6xCVU4k333xTLHtQ+fzjWKz3xdwhbEx7FgdkaUiugLg58Mc1KHaasGmP8pnFYt6Op1fOxbRgb3vb3hxkm3sueFoW9Pjjj+fK9UvzWR1eOnQzTDfXwtI+Dwunh8kG4YsaFBWHYn7KObxz9lbcP3Oit\/7cCRyo3omy3bWwWg\/j7PhoTA1XfktutDS+hOdLbbCf\/gKfvG\/FJ0E\/wc0Tx8q2V1H2p2rs67WPQhlivY0xhsno3PcSSnbWivZ4TD0jXn\/bJxhvmIpwZTN3G47W78b2ncox3oMjaCKiJoYhSD2GC4deexXHfnxP789AdDl7bycK35qAB5+4A97oCkLwdRMx4Rqx6m5BY+nzeHG\/HZ+f\/gTvWz\/Bd2+6GUo4uT89gNdeLcPuWiush89i\/I9EjPydegDgE\/+4UaY3X8HJiOn4zgcy\/g468N2IKEy8xhs5wEnUvfRnYM79mHW9rDorYvKVzagSx3\/v0+9i4tSJCPNt3tWBo2+UYXOVEv8iDt3XYUJkOMaKdvfJRry69RVU\/5fyvr7A1bofY8K1vh19WlC\/6U84Mycb990sY\/WqseoxlC07Pq7GhudfxUeO03ActsH65XjET1UzgNpWVlqF2vPiXzFYjunnM14hAjxnH4Y75s7B0d2vi7Tb4+juchy\/KxFxfX5XLbuLseVoGG7VxyFuUgs2\/yIDRe8rLS4x9ApHuPj9fe9G0Sbap0eEqvuc2L4KDzyzHyE3i\/qoNuwQ++RZffOKyhBrB7avW41fV7VhctRkhCjVp95F9Z53RatkK0PBW+2IUF73ZuC\/cpciZw\/n6OkKFjUd00S\/\/c36fubYz3agMzwc1+B7iFLOef10TFD6TSJZVpVswdGrb1VjbLJjMzIfLMIh37x3r7hRpjfLsGltDp6uBaLF9lHuPchdtgrlJ9UNztfRiLwHV2HHV1Hi+Lci5EABlv6qHCfU47eh+kkTcvbBG\/83fx\/H33obnys54sNiLFlejOOR3tiPEp\/rz4dcyk59RIiPPQ5HLbU4cd78lBvOM6EQHxvXTIpVjxMXJRO9NQ8ZWTvgilJeNwT7C5Zi1fYTapti8Bxz5Qr4Ddqr4hJhOlOLumZZIdJ+3VvAorticZWs8YlIyUPBoymYM3sWZi3OQdbsNnzwoTLkCkfU7DhEjwMmzBBtoj32enFlbavG+hJgeYH4Zc0V9Xdno+DhCagtrRanrc8JvP23e1FcmI2Uu8Wxb5TV\/gxZKM7NgEl53bmZWL30Bhx4z\/\/yRHSF+YEJuTmxOPBbExKXrUbx3qPo8CXtH0RhVlw0xmECblPO+dmxuEFN9hFI+W0BshfPUWMs5f9kYU7bBzj0ubpXv45GmLD+MW\/MmlYV4KEZR\/Gmtf9pkkOl\/463b8tF8SqTOP4cZPw2B6aTooOn3gQ4ikO2cZj1zxne+J+bguzc+zBNJPuWDw6gbZoJGXd7Y9+UvhbZ872Juq\/YB\/JxX0gZlieZkLmuHI0nfVk\/GDfoZ+G2HwLjRFJXjjMrWjnGIWxa9zZinyxGlnL8uSKRP25Cyx+3oFH59xpSjrkyBf5pnKBY3GH8Crtel7ODB6uxC+Jk6i\/pdrnR1tyIun11qKvajMrDsn4gh98V1\/gO\/M+fClH4B++y+b+\/BD5uxqdyE8U\/\/NMscWIPxo0O+wHv675Zjh11TllPdOUKn5OD7bs2IS95Mg48nwnTkhxU+wdGf8614WijiAMRC5UvV+JDWT2QqJuiRBr1CUeESKb4m7fUWwsOvSd6wyeqUSRjtfDZSnwgWk58qqTNONz74GRU\/3oxVhdX42hbT9c8YsFyLPi8CEv+JQ\/ljScGf8Jm3DRkPLML24tW4x\/+UilGGouwvFjJEgM4eQgfKG\/rzaLuHFJYJd5V1wmcUC5yQ8wxV6LAJ3th2p2LcM3uPeqVsrG6EpOTTWIo1ocY4hUuWYTMjXVo\/VqUr42CHGUNbsJPMUsZkvmWxBVY++Ti848\/EPFLLX9kEe79XSWOnhXlq36IqEnKxCbRKDD2BsTeLUauOyuxdsYHKPzP6p7pyz46rIVYnJyJ4vpWKCEY\/qMofM\/bFDCTY+f0xKp+Du57dC0yDTq17YaU9di1aTX+8UwlslMTsTivFm1KYh8Xh+wtlVh\/bzj+Z0MmEpNWYfOHg02jBCM8ehYycl\/Grv93H4LL12KTOh08kMmI\/ZlfDvnZfVj9ZCbifPnnUnPMZWpYkj1uvBOmKbWo3luN6rdisWDm+Vm8pXoTqsfdhwJlukUZLolh1vQfyMaBhIZh3OdfIyzOu33PEuW98ToUth0ofn8m1mxc2z1MvPVHfSeYiK5wQeNwm3464OpA\/w8Rt6D65WqELi3omUqdOR0TZOulC8G4UODLoIg+sSqnZKXgiXFIeawYldvXIvbtPGz2PX0n3n\/U\/EwUvLgLm9LcKCsa2jRK8JRbERvegfb+pvgVY8chFF8iJKL3e+qe2gpEjrlMDU+yRwTm3DUNdWIIVDfThDsG+lf6SztccojmtpehbJ93vVuQGG7Ze26cYNoCLJpYh+Jn63rmI7vcOHHyYm+uuuD6i1w9W4ctr\/q9BtEVqK35AI5+7vcc\/dlD2F7ZiPCbp4loFNSHI07gSJ+5iK+7s6KIo+1lqJWlSxeOn901Cy3bC1Bm75micbedQJv63HsbWux+73esTn0gQ+H+wreNIhg65S5rv1pwoPGE33P0brTs3YHas7G41dcNF9eVlqNHe6Z1wn+GxJktKPvPMr+bum60fdrmfS8ByzGXn2FK9uLfdOYCxGIcTKL33HMd7xGxIBMpf1eFVUkmLE02Yckfw5H5cKxsVURgwdIFaCtdjkTRnqh8GSsoChnr8zDnRAFM8+d6v6Q1fxEef2OQO0p96e9FtuEoCu8xYXGqCabsD5C4ynSBOX6iy9yJSmQvE3GixISyJK9G3Q05KMic5m2fsADLE9uwOSMRpuRE5FlFfD2Ugqt2rRLxtRQm0xIUX5uJrFu8mwfCuDlrsOnhCLz+i0TvexJLYsZmHFCT8+d4fe29SJwv4nCJeN+Jq9EYl4eMONEVO7gZGYuUL4ctxWLTXJheBjJ\/dbf3otXLl3h3QyZMSfIzz03E0tJ2LPiPp7FAzhLE3ZuJyfVPi88nYv0X5eLyMA5zcjYha\/zryEzs2S\/jjwdEF1AIRI65TI3p6OjwyPUR4e5ow9ffCcc49emAfijfgBO\/hXHX9rlkKF+PFvWh4eP6vZhc0Dmx\/9+uQvi4b7Q30WVJiSdXZ8jAcSHO+w6R8HriTcRX29e46lqxfZ9HowNJ+RMOXwf3E+e+OO7n9ZV9XN8NvXCMKjnirDjI2IHyiPyMff9N1P0G+eyXmmMuMyOe7ImIaPgN2zQOERFdPpjsiYg0gMmeiEgDmOyJiDSAyZ6ISAOY7ImINIDJnohIA5jsiYg0gMmeiEgDmOyJiDSAyZ6ISAOY7ImINIDJnohIA8a0trbyr14SEY1yYzyCXCciolGK0zhERBrAZE9EpAFM9kREGsBkT0SkAUz2REQawGRPRKQBTPZERBrAZE9EpAFM9kREGsBkT0SkAUz2REQawGRPRKQBTPZERBowssne7YD9M7cs9KcZ5nX5MB+Rxf4cMSN\/nVlsSUQX5obL6YRrsLCjUSkwyX5fLuKNhWiSRVWXFbmz4mF8plctcLAQxvgc1JwDHDtykPZ4BRyy6XxO2KrMsLXKouB2ucTp6qfVBnOVTWxJpG3W38QjPr73klsvG7ucsBSkwzgrAcakJBgT4pH0azPsXbKdRr3AJPsYPfQuG945LsuKpgY0iB+u+oZevW77QRtctxmgHwtE3vsczBuSESnbLqwJRfcUwCZLROQjRskfAwlPmWE29yyr42TzuWa8\/7\/z8QeziMsGsVhKYLTnY\/Umjom1IjDJXqdH\/FQ7bAd7+tdNtXtxzX3pSDpVA0v3NIwT7zfaEW3QQ6eUbOUo2eHfK3fBvrsE+evykf+CGc1nOmW94HbAWrwRe11N2Kq0ryuF1bdjUAhwphnmF5T6fJTsboaLPRbSoLBrddDpepbQYNkQakDWU6mIuU6Wg2OQtHAKHC2+IFKmTCvQ7HahaWeRGkdFZVY4lGF0r9iyiyj1ccK6uQTWU244av3jVjQp8VrmO46IccbjiAvQnH0k9IZI2Kw2OcXSjIZ6F2Ji0mCY7UBDo5yo6Xoftv2RiNd7+\/KdxywwW+zwpnSXGIamIu2Fw9DFGmC4vgUbVz6HJjECUJ1xoVOcvNcgHNFxoj1uBiKulm3jD2Pzo0Ww60R9rA6HX0hH6u+tvad7iEa147Afi8aU65U5eRfcF0yubjR\/aEfkeKXbpVCmTLch98GVKD93k4ivaLhey0ZK5gqkp29Ey\/UitqKDYfl9GtZU+S4QnbBbSlH4aDbym3RiH9GJ+6gE6StWYMXi1bCMnaHGo31HFtLX95nOpW+f8r8lDIiGPI9hXoHnfWX9062eZTPXehr+6vF01qzxGDLLPaeV+gMFnnkz8zwNyrpwcssyj+H+rZ6TSkHZx5Ds2disNnk1rfckGwyetXWyrG4jjiuLqrq1HkPf\/Wy9X4do9Gvw5M00iFjoWeZlrPe80y6b+7JvFjG60lPVKsti\/7Vin2Vb1Gj0UuJVxNb6JlkWPnkx1WN4uMobzyJyt94vXutpv0g7XeVZKY7z6Gt+L2wRMerLDTRiAvc0TqweCS4rGj4SfYT9DWieGQ99kBgtKvPzBy1oEJ2BZqsVrpl66OUuvdgPo1kMNeOnyrJi+u2IkauDi8EM\/\/3GRyKyy28KiGjUM2CNRc7Hq3Py5cj6oRlZj5nPf3jhVA1yVlZgSn4+ksbLOmnKZL87aDoRRyK2bp8uy0JwUDDQLkbZsqyIvnGyXBN034cO0bj9llBZIYg8AFc72r0lGiGBS\/Zj9TDc5kDDgWZ1Okdv0EOdLtTFI+EWG6z7HTjc5Oip709EJMLlKhFdJCWp+gRHImlZCiL323o\/lnzGgtwHioBVpcid6ZeQadQLXLIX13O9IRrNH25FQ3004m\/zzQXqYJgZDYu1BLb9\/vV9KDdZj4jevf9c47l2zrsTfVOd7fhKiSsfJdEvLYRbJPq8eQPEIY1aAUz2QGTMDIS+UYOaiHjoJ8lKIVIfj8jXz6\/vJc6I5NAalJbZZYJ3w75jKyzquqT2XOw47P+IJxEBn4nR83G\/rtGZJpQ8W4GQe5JgUMouq0j0uXD+PB\/ZtwFOp1MuQ7mZS6NBQJM9YuIRLxJy5JwERMsq1U8SYIwQP\/9+Ru96f0F6PPRMOsK2pCHBqHzpw4i8zmSk+s\/FRyThobudKEkVx0tM6PnCCJHWnbWh6MGEni9UJa6EZVoeSld573o5KjeixumGbcMKJCUl+S0rUdGibkKj3BjlLq1cv2y4z7iAsFAE+89B+jvngguhCPU9lklEXiI2nP8rwkcn4kdWESkuy2RPRESBFdhpHCIiuiwx2RMRaQCTPRGRBjDZExFpAJM9EZEGMNkTEWkAkz0RkQYw2RMRaQCTPRGRBjDZExFpAJM9EZEGMNkTEWkAkz0RkQaMaW1t5V+9JCIa5fgnjomINIDTOEREGsBkT0SkAUz2REQawGRPRKQBTPZERBrAZE9EpAFM9kREGsBkT0SkAUz2REQawGRPRKQBTPZERBrAZE9EpAFM9kREGsBkT0SkAUz2REQawGRPRKQBTPZERKMe8P8Bq9dULxz5FgcAAAAASUVORK5CYII=\" alt=\"\"><\/p>","protected":false},"excerpt":{"rendered":"<p>Tegund: 4215.8.SS<\/p>","protected":false},"featured_media":77903,"comment_status":"closed","ping_status":"closed","template":"","meta":[],"product_brand":[],"product_cat":[906,597,517],"product_tag":[],"class_list":{"0":"post-38672","1":"product","2":"type-product","3":"status-publish","4":"has-post-thumbnail","6":"product_cat-blindlok","7":"product_cat-hurdabunadur-lykillausnir","8":"product_cat-lykillausnir","10":"first","11":"instock","12":"taxable","13":"shipping-taxable","14":"purchasable","15":"product-type-simple"},"yoast_head":"<!-- This site is optimized with the Yoast SEO plugin v27.3 - https:\/\/yoast.com\/product\/yoast-seo-wordpress\/ -->\n<title>BRITON Blindlok 4215.8.SS - V\u00e9lar &amp; Verkf\u00e6ri<\/title>\n<meta name=\"robots\" content=\"index, follow, max-snippet:-1, max-image-preview:large, max-video-preview:-1\" \/>\n<link rel=\"canonical\" href=\"https:\/\/velarogverkfaeri.is\/en\/lykillausnir\/hurdabunadur-lykillausnir\/blindlok\/product\/briton-blindlok-4215-8-ss\/\" \/>\n<meta property=\"og:locale\" content=\"en_US\" \/>\n<meta property=\"og:type\" content=\"article\" \/>\n<meta property=\"og:title\" content=\"BRITON Blindlok 4215.8.SS - V\u00e9lar &amp; Verkf\u00e6ri\" \/>\n<meta property=\"og:description\" content=\"Tegund: 4215.8.SS\" \/>\n<meta property=\"og:url\" content=\"https:\/\/velarogverkfaeri.is\/en\/lykillausnir\/hurdabunadur-lykillausnir\/blindlok\/product\/briton-blindlok-4215-8-ss\/\" \/>\n<meta property=\"og:site_name\" content=\"V\u00e9lar &amp; Verkf\u00e6ri\" \/>\n<meta property=\"article:publisher\" content=\"https:\/\/www.facebook.com\/VelarOgVerkfaeri\" \/>\n<meta property=\"article:modified_time\" content=\"2025-11-14T14:16:03+00:00\" \/>\n<meta name=\"twitter:card\" content=\"summary_large_image\" \/>\n<script type=\"application\/ld+json\" class=\"yoast-schema-graph\">{\"@context\":\"https:\\\/\\\/schema.org\",\"@graph\":[{\"@type\":\"WebPage\",\"@id\":\"https:\\\/\\\/velarogverkfaeri.is\\\/lykillausnir\\\/hurdabunadur-lykillausnir\\\/blindlok\\\/product\\\/briton-blindlok-4215-8-ss\\\/\",\"url\":\"https:\\\/\\\/velarogverkfaeri.is\\\/lykillausnir\\\/hurdabunadur-lykillausnir\\\/blindlok\\\/product\\\/briton-blindlok-4215-8-ss\\\/\",\"name\":\"BRITON Blindlok 4215.8.SS - V\u00e9lar &amp; Verkf\u00e6ri\",\"isPartOf\":{\"@id\":\"https:\\\/\\\/velarogverkfaeri.is\\\/en\\\/#website\"},\"primaryImageOfPage\":{\"@id\":\"https:\\\/\\\/velarogverkfaeri.is\\\/lykillausnir\\\/hurdabunadur-lykillausnir\\\/blindlok\\\/product\\\/briton-blindlok-4215-8-ss\\\/#primaryimage\"},\"image\":{\"@id\":\"https:\\\/\\\/velarogverkfaeri.is\\\/lykillausnir\\\/hurdabunadur-lykillausnir\\\/blindlok\\\/product\\\/briton-blindlok-4215-8-ss\\\/#primaryimage\"},\"thumbnailUrl\":\"https:\\\/\\\/velarogverkfaeri.is\\\/wp-content\\\/uploads\\\/2025\\\/11\\\/7d8c395f-b0b2-436f-bb91-e27c9d9ea31a.png\",\"datePublished\":\"2023-06-08T19:12:30+00:00\",\"dateModified\":\"2025-11-14T14:16:03+00:00\",\"breadcrumb\":{\"@id\":\"https:\\\/\\\/velarogverkfaeri.is\\\/lykillausnir\\\/hurdabunadur-lykillausnir\\\/blindlok\\\/product\\\/briton-blindlok-4215-8-ss\\\/#breadcrumb\"},\"inLanguage\":\"en-US\",\"potentialAction\":[{\"@type\":\"ReadAction\",\"target\":[\"https:\\\/\\\/velarogverkfaeri.is\\\/lykillausnir\\\/hurdabunadur-lykillausnir\\\/blindlok\\\/product\\\/briton-blindlok-4215-8-ss\\\/\"]}]},{\"@type\":\"ImageObject\",\"inLanguage\":\"en-US\",\"@id\":\"https:\\\/\\\/velarogverkfaeri.is\\\/lykillausnir\\\/hurdabunadur-lykillausnir\\\/blindlok\\\/product\\\/briton-blindlok-4215-8-ss\\\/#primaryimage\",\"url\":\"https:\\\/\\\/velarogverkfaeri.is\\\/wp-content\\\/uploads\\\/2025\\\/11\\\/7d8c395f-b0b2-436f-bb91-e27c9d9ea31a.png\",\"contentUrl\":\"https:\\\/\\\/velarogverkfaeri.is\\\/wp-content\\\/uploads\\\/2025\\\/11\\\/7d8c395f-b0b2-436f-bb91-e27c9d9ea31a.png\",\"width\":702,\"height\":339},{\"@type\":\"BreadcrumbList\",\"@id\":\"https:\\\/\\\/velarogverkfaeri.is\\\/lykillausnir\\\/hurdabunadur-lykillausnir\\\/blindlok\\\/product\\\/briton-blindlok-4215-8-ss\\\/#breadcrumb\",\"itemListElement\":[{\"@type\":\"ListItem\",\"position\":1,\"name\":\"Home\",\"item\":\"https:\\\/\\\/velarogverkfaeri.is\\\/\"},{\"@type\":\"ListItem\",\"position\":2,\"name\":\"Vefverslun\",\"item\":\"https:\\\/\\\/velarogverkfaeri.is\\\/vefverslun\\\/\"},{\"@type\":\"ListItem\",\"position\":3,\"name\":\"BRITON Blindlok 4215.8.SS\"}]},{\"@type\":\"WebSite\",\"@id\":\"https:\\\/\\\/velarogverkfaeri.is\\\/en\\\/#website\",\"url\":\"https:\\\/\\\/velarogverkfaeri.is\\\/en\\\/\",\"name\":\"V\u00e9lar & Verkf\u00e6ri\",\"description\":\"Umbo\u00f0s- og heildverslun fr\u00e1 \u00e1rinu 1919\",\"publisher\":{\"@id\":\"https:\\\/\\\/velarogverkfaeri.is\\\/en\\\/#organization\"},\"potentialAction\":[{\"@type\":\"SearchAction\",\"target\":{\"@type\":\"EntryPoint\",\"urlTemplate\":\"https:\\\/\\\/velarogverkfaeri.is\\\/en\\\/?s={search_term_string}\"},\"query-input\":{\"@type\":\"PropertyValueSpecification\",\"valueRequired\":true,\"valueName\":\"search_term_string\"}}],\"inLanguage\":\"en-US\"},{\"@type\":\"Organization\",\"@id\":\"https:\\\/\\\/velarogverkfaeri.is\\\/en\\\/#organization\",\"name\":\"V\u00e9lar & Verkf\u00e6ri\",\"url\":\"https:\\\/\\\/velarogverkfaeri.is\\\/en\\\/\",\"logo\":{\"@type\":\"ImageObject\",\"inLanguage\":\"en-US\",\"@id\":\"https:\\\/\\\/velarogverkfaeri.is\\\/en\\\/#\\\/schema\\\/logo\\\/image\\\/\",\"url\":\"https:\\\/\\\/velarogverkfaeri.is\\\/wp-content\\\/uploads\\\/2021\\\/10\\\/vv_logo_350x100.png\",\"contentUrl\":\"https:\\\/\\\/velarogverkfaeri.is\\\/wp-content\\\/uploads\\\/2021\\\/10\\\/vv_logo_350x100.png\",\"width\":350,\"height\":100,\"caption\":\"V\u00e9lar & Verkf\u00e6ri\"},\"image\":{\"@id\":\"https:\\\/\\\/velarogverkfaeri.is\\\/en\\\/#\\\/schema\\\/logo\\\/image\\\/\"},\"sameAs\":[\"https:\\\/\\\/www.facebook.com\\\/VelarOgVerkfaeri\"]}]}<\/script>\n<!-- \/ Yoast SEO plugin. -->","yoast_head_json":{"title":"BRITON Blindlok 4215.8.SS - V\u00e9lar &amp; Verkf\u00e6ri","robots":{"index":"index","follow":"follow","max-snippet":"max-snippet:-1","max-image-preview":"max-image-preview:large","max-video-preview":"max-video-preview:-1"},"canonical":"https:\/\/velarogverkfaeri.is\/en\/lykillausnir\/hurdabunadur-lykillausnir\/blindlok\/product\/briton-blindlok-4215-8-ss\/","og_locale":"en_US","og_type":"article","og_title":"BRITON Blindlok 4215.8.SS - V\u00e9lar &amp; Verkf\u00e6ri","og_description":"Tegund: 4215.8.SS","og_url":"https:\/\/velarogverkfaeri.is\/en\/lykillausnir\/hurdabunadur-lykillausnir\/blindlok\/product\/briton-blindlok-4215-8-ss\/","og_site_name":"V\u00e9lar &amp; Verkf\u00e6ri","article_publisher":"https:\/\/www.facebook.com\/VelarOgVerkfaeri","article_modified_time":"2025-11-14T14:16:03+00:00","twitter_card":"summary_large_image","schema":{"@context":"https:\/\/schema.org","@graph":[{"@type":"WebPage","@id":"https:\/\/velarogverkfaeri.is\/lykillausnir\/hurdabunadur-lykillausnir\/blindlok\/product\/briton-blindlok-4215-8-ss\/","url":"https:\/\/velarogverkfaeri.is\/lykillausnir\/hurdabunadur-lykillausnir\/blindlok\/product\/briton-blindlok-4215-8-ss\/","name":"BRITON Blindlok 4215.8.SS - V\u00e9lar &amp; Verkf\u00e6ri","isPartOf":{"@id":"https:\/\/velarogverkfaeri.is\/en\/#website"},"primaryImageOfPage":{"@id":"https:\/\/velarogverkfaeri.is\/lykillausnir\/hurdabunadur-lykillausnir\/blindlok\/product\/briton-blindlok-4215-8-ss\/#primaryimage"},"image":{"@id":"https:\/\/velarogverkfaeri.is\/lykillausnir\/hurdabunadur-lykillausnir\/blindlok\/product\/briton-blindlok-4215-8-ss\/#primaryimage"},"thumbnailUrl":"https:\/\/velarogverkfaeri.is\/wp-content\/uploads\/2025\/11\/7d8c395f-b0b2-436f-bb91-e27c9d9ea31a.png","datePublished":"2023-06-08T19:12:30+00:00","dateModified":"2025-11-14T14:16:03+00:00","breadcrumb":{"@id":"https:\/\/velarogverkfaeri.is\/lykillausnir\/hurdabunadur-lykillausnir\/blindlok\/product\/briton-blindlok-4215-8-ss\/#breadcrumb"},"inLanguage":"en-US","potentialAction":[{"@type":"ReadAction","target":["https:\/\/velarogverkfaeri.is\/lykillausnir\/hurdabunadur-lykillausnir\/blindlok\/product\/briton-blindlok-4215-8-ss\/"]}]},{"@type":"ImageObject","inLanguage":"en-US","@id":"https:\/\/velarogverkfaeri.is\/lykillausnir\/hurdabunadur-lykillausnir\/blindlok\/product\/briton-blindlok-4215-8-ss\/#primaryimage","url":"https:\/\/velarogverkfaeri.is\/wp-content\/uploads\/2025\/11\/7d8c395f-b0b2-436f-bb91-e27c9d9ea31a.png","contentUrl":"https:\/\/velarogverkfaeri.is\/wp-content\/uploads\/2025\/11\/7d8c395f-b0b2-436f-bb91-e27c9d9ea31a.png","width":702,"height":339},{"@type":"BreadcrumbList","@id":"https:\/\/velarogverkfaeri.is\/lykillausnir\/hurdabunadur-lykillausnir\/blindlok\/product\/briton-blindlok-4215-8-ss\/#breadcrumb","itemListElement":[{"@type":"ListItem","position":1,"name":"Home","item":"https:\/\/velarogverkfaeri.is\/"},{"@type":"ListItem","position":2,"name":"Vefverslun","item":"https:\/\/velarogverkfaeri.is\/vefverslun\/"},{"@type":"ListItem","position":3,"name":"BRITON Blindlok 4215.8.SS"}]},{"@type":"WebSite","@id":"https:\/\/velarogverkfaeri.is\/en\/#website","url":"https:\/\/velarogverkfaeri.is\/en\/","name":"V\u00e9lar & Verkf\u00e6ri","description":"Umbo\u00f0s- og heildverslun fr\u00e1 \u00e1rinu 1919","publisher":{"@id":"https:\/\/velarogverkfaeri.is\/en\/#organization"},"potentialAction":[{"@type":"SearchAction","target":{"@type":"EntryPoint","urlTemplate":"https:\/\/velarogverkfaeri.is\/en\/?s={search_term_string}"},"query-input":{"@type":"PropertyValueSpecification","valueRequired":true,"valueName":"search_term_string"}}],"inLanguage":"en-US"},{"@type":"Organization","@id":"https:\/\/velarogverkfaeri.is\/en\/#organization","name":"V\u00e9lar & Verkf\u00e6ri","url":"https:\/\/velarogverkfaeri.is\/en\/","logo":{"@type":"ImageObject","inLanguage":"en-US","@id":"https:\/\/velarogverkfaeri.is\/en\/#\/schema\/logo\/image\/","url":"https:\/\/velarogverkfaeri.is\/wp-content\/uploads\/2021\/10\/vv_logo_350x100.png","contentUrl":"https:\/\/velarogverkfaeri.is\/wp-content\/uploads\/2021\/10\/vv_logo_350x100.png","width":350,"height":100,"caption":"V\u00e9lar & Verkf\u00e6ri"},"image":{"@id":"https:\/\/velarogverkfaeri.is\/en\/#\/schema\/logo\/image\/"},"sameAs":["https:\/\/www.facebook.com\/VelarOgVerkfaeri"]}]}},"_links":{"self":[{"href":"https:\/\/velarogverkfaeri.is\/en\/wp-json\/wp\/v2\/product\/38672","targetHints":{"allow":["GET"]}}],"collection":[{"href":"https:\/\/velarogverkfaeri.is\/en\/wp-json\/wp\/v2\/product"}],"about":[{"href":"https:\/\/velarogverkfaeri.is\/en\/wp-json\/wp\/v2\/types\/product"}],"replies":[{"embeddable":true,"href":"https:\/\/velarogverkfaeri.is\/en\/wp-json\/wp\/v2\/comments?post=38672"}],"wp:featuredmedia":[{"embeddable":true,"href":"https:\/\/velarogverkfaeri.is\/en\/wp-json\/wp\/v2\/media\/77903"}],"wp:attachment":[{"href":"https:\/\/velarogverkfaeri.is\/en\/wp-json\/wp\/v2\/media?parent=38672"}],"wp:term":[{"taxonomy":"product_brand","embeddable":true,"href":"https:\/\/velarogverkfaeri.is\/en\/wp-json\/wp\/v2\/product_brand?post=38672"},{"taxonomy":"product_cat","embeddable":true,"href":"https:\/\/velarogverkfaeri.is\/en\/wp-json\/wp\/v2\/product_cat?post=38672"},{"taxonomy":"product_tag","embeddable":true,"href":"https:\/\/velarogverkfaeri.is\/en\/wp-json\/wp\/v2\/product_tag?post=38672"}],"curies":[{"name":"wp","href":"https:\/\/api.w.org\/{rel}","templated":true}]}}