{"id":38359,"date":"2023-06-08T19:10:30","date_gmt":"2023-06-08T19:10:30","guid":{"rendered":"https:\/\/vv-dev.webdev.is\/?post_type=product&#038;p=38359"},"modified":"2026-02-23T16:04:32","modified_gmt":"2026-02-23T16:04:32","slug":"randi-hurdarhandfang-1077-grata-svart-cover-thyskar-laesing","status":"publish","type":"product","link":"https:\/\/velarogverkfaeri.is\/en\/honnunarlausnir\/hurdabunadur\/hurdarhunar\/product\/randi-hurdarhandfang-1077-grata-svart-cover-thyskar-laesing\/","title":{"rendered":"RANDI Hur\u00f0arhandfang 1077 GRATA Svart Cover \u00de\u00fdskar l\u00e6sing"},"content":{"rendered":"<p><img decoding=\"async\" src=\"data:image\/png;base64,iVBORw0KGgoAAAANSUhEUgAAATUAAAB1CAYAAAAvMHbcAAAAAXNSR0IArs4c6QAAAARnQU1BAACxjwv8YQUAAAAJcEhZcwAADsMAAA7DAcdvqGQAACRNSURBVHhe7Z1\/cFPXmfe\/MQqWLYMFAmQjE0EEiFoBAQIb7BcUTGISp3EbJxXUm3USpyWBtkzZDrPDf\/2P2WHeoZO3jbcky6ZO4m29rZO4G7o4jcHUKJaxHCtBBgGq0YDWqEZrubZiAcJ5n\/tDWJZlbAj5pTyfzA33Hp17fjz3nO99nnMv3Hs+JcAwDJMipMl\/MgzDpAQsagzDpBQsagzDpBQsagzDpBQsagzDpBQsagzDpBQsagzDpBQsagzDpBQsagzDpBQsagzDpBQsagzDpBQsagzDpBS39RfaQ12H0XR2SD4SUGLOQj30i4wwzFXKaRKjebUotFmh73fh8HseiGdnGLD5cQs0wn4851pQ\/2FA2s8phG2jPkmdMiojSh8zQx1Xrjr\/MZQ+oJJ+F+ih8k4K5WXB+HAZzLOk5FCPHcdPXkJEPFIib1UxCpZooBCPAd\/xejgu006sDilZJOJ3w97pxpVh4UgB9UIzLCsN0EwXfxYZbbMapsdKYYprUvKyowh0NePE2RDtEfeqYSzYCLNurE0ZhpmcaT8n5P1JCbr+jGPdvejv75e3Pvh7zsHd2YYO7zBmLzFgjjy5R\/OmIXfDcsz\/34\/w52Nu9Arn\/e0yonmFWCKLjEQEjnf\/E50+uey0XGxYPj9JnfIWmYn8tQbMjCu398JlZJqprpjAkHg1nuyh\/FcxM38tDDPDcNb\/Cr\/7ixd9N8vqg6\/bic7eTKwwzYdwqvdEIzp64uoQyhoJwv7Gr\/Hbv7jh\/1vs3CB6e9xwOk5hcF4+lsjKNtrmXngvZ2Il9SPWpHFlj\/jR9OsaHP64F8FYm6704pyrDaci92OtQaydYZgpcofhpxIagwEGvQYqebZGep1o+E0T\/CPS8a0Jw+10y\/syQTtcfnk\/KXKdsU2vRZwDJHHNh+Z3nFT6BJDndsIr+WeKuSZYNxfCIBcS8TbjSLe0Px4Sw98eQssl6VwoVNDoDdDOkn27kRBcb9WiKUn7o75mvNM5YYsQaX8fzn5pX6kvRMlGM7SyTUMd76JF\/o1hmKlxh6KmhcVmg61yO3b9bA8qV8oB2oAT77YEpf1JiHqdcIghnISv7RRufaZcZ2xLCAtjCCLy7key+CTSH7opeBpTKYoKSmD7BxtKNpfQthHGWWLwNx5BDH3Sbwp9KXb8bBe2V9pQ\/eIe7KmU20HC5nzfIYe08UThO\/ouXHF9jSc4EGuREobCEhQWl6Fya5ncJgvyeNWTYW6LuzBlFNA\/WgpThnQU9J5CSNqdGKFWCrtcbbKMjbjh6JYn94QtGoK\/3QGHvLliXlMciumC5xSF973G5CKinXNTCAPHa3DwLTu8IzoUFhSKmyk3tqo2Fu8pjyyGGli2WKCOa6NCX4YCvXzQ64NH3pVQUJvoj2teNP3RlUTwAN3cbHkvAvfvX0LdERcCs0xymywwxH5mGGZK3CU\/wABdbNX\/2tWJwz8Zba5O\/DN42gkhYou0O+EVHKFsPfQzxJ+SEIT7\/WY0y5vdPd6v060rgf5WIqIrRfl6rfRAYCSC4JkW1L96APt+QaHj2YlbHRqMlZSF7HFPN4AcjSyVI0EExoSgOhRv0ov1Rb1NaEzmQa7+DsqXyjHwSBi+zsOoe2k\/9r9cD2eflMwwzNS5S6IWQHBQ3p0CynzyQISZPnAGrp4IXGclJdB8y4w54l4yxq6p6bXjVtSADAu+Y9WNisj58SKie7Aae3ZXoWy1ARqV7JkN++H8w7+h0SsdJqKQswleIJKsGUauxepJR9ZseVcmnUSrJE9skehBeq9J6aOoYHpyF\/Zst8H6gBZqeT0tOkDCfOgQ7JPdIRiGGcPdEbVL5GkNSLsKrY78k0lIM8G0SJjoYbhb6uQHBFo8sC7ZKlmMsWtqZbF1vARUa54cFRGv\/HpIjGthhPpDCA2rsHiTDdt37cGOzZIICm3xn0+y0k8Y74v1iEJmR4LKUOjsOiuLWnYe9HIYPooKlooS6IRKyIP09kqpN4lQe6hNQ2karH6sGjuENcoVMc8vgAtj41mGYSbhDkUtiquCOPT74D7agJrfueR1NDXM60zi3mSYVhnJ96KSesnLExJ0JqweJwh3QpyIJHL+CF751xrU0PZv73oEvwtZM7NkUSPSkp1EPmKBBUbZgwocP4hD77rgo\/77uptR\/3IjPLL3pV1VnFzQVRY8uSkmnmMJtdWL7RG2ug8EKyqQPSNd+pEY9RIZhpkKdyhqfrSIE7EOjW0ehMRJrYB2fTlKJ3XTZAxmGOMiSP0DhaLITYwPTfv2YV9se7lJXI9LykQisqwQZnnhPXymAfupnP1veaS1N\/KU8ldrxd\/GQZ5lxVb5AcFIBIGPDqNOEKF3HPDKYbfSUIqt65OExDKjHuRY1Gst0jogITy8EPpWc0L2MKcbYXpA2mUYZmp89vCTvBvVXCNKnt2N6genqmgCepiNcpilMMC8Utq9WyQVkTQdSp+pgEWngiKu54psPazbqmFN8hDgJnml2PFiBQr16jHnIkMD4+Zq\/MRmGf\/e3Bgm8CBJgCurSmGIvfMmo5xrQtkPKmD67FeIYb5RfKO\/+xkNh0lUSODk49vhs5x7KyLhCJQq\/utRDHOn8MeMGYZJKTi4YRgmpWBRYxgmpWBRYxgmpWBRYxgmpWBRYxgmpWBRYxgmpWBRYxgmpWBRYxgmpWBRYxgmpWBRYxgmpWBRYxgmpWBRYxgmpWBRYxgmpWBRYxgmpbiNf3rIjYZfNMEn7M5cjcpqK7SBFhz6j06InyfQl2L3E6P\/lHewox71LV7pX8VNU0C9oBjl24qg+yrKaGcd9h0BSvdWwiInfZn4j9Sg1mtA1c5S6OBH08u18BqqsGPL7fwjnAzzzeQ2JCYH5qIimOcBkchV8d\/3x8zFsFCaITOCyHDcl5u6G3DoPR\/Sl5Wh8sUdqNxiQnpvC+p+n\/zblwzDMHeL2xA1DQwFhTBq4v5V1gwdzJSmy5KPZZxdHkR1G1H5mBn6WWroV5aheosB8Drg6JcziV92CoviGA164Wp3wO2TjmNE+pKnC0QGQggJCjkSgb+byu3yIhivmFS+L1n6JETDPriFjyWfCyKS5HN4AuPaFdcXEeELUQNSpRG\/W\/z4crI+SEQR9gl53PDJ50wJqjNwziWdF05ecjJG+xdAOPFzfUmuya3sEGPstXDBn\/Ah6VF7hZKXJXyDdbK+kE3v5Hoy3zxu+1++HRsaSTjr9qEJpdhbKQRvXjT+oh5XCnejen38P0vtRN2+Jige2wvbCjoUQ74IDEuH4D1\/Fcp0GrfDNKBVRpQ\/b8VQQy2aLwPKe6NS+iwzbM+UwSB+cUoKyc7MMCLrbx4E05RQRMlbjAoff6nE1gUu1JJXOJRO6dcpfUQJnbUKVesm+AjBuLYoEL0aQXS6DiVVVSiMnRamEPzfG+EZBBRKuc4Mau+qCBqPj4avoo3OqWDMDMATVMT1wYKq7WS32K3kEoXv\/2lHgCapIoNsRXUqtEXYqO1GU8\/E4Wfwg1rUHvcjolBCOU0qW5lbBFuVdeLw\/poPzXUNcPRSHbG2k120hbbRb0tMaAcDSrfbYEn6EQa5fbkWZP\/VCd81NSxVO6QP8Ay40PD6Yclecv+iILs89jwqHpALu9SEmjedCNE1VCqoLxHKsbQczz9pkr\/5EIbn3Vo0fBSS2k0liHmWUZ4nYnkYZpRpPyfk\/Skx6O2Aq382zGsNmCmn9X7cSlJmwIbl8+moB86jXiiMm7A8V\/pd4lNcdLnQq1yKtQZy7Xo\/RqvXj8GsTXjhhaewaX0xNqzIxMWOdnR2uBDUfhvbn\/82Nq6j9GXTcE640w\/dh8KlwsdaBuE96YIveAOLbT\/Bs48UY33xetw3dAptHU44L4xgbdUubNu8ntJXY16fG+2dFzDdYkbevVJrxjCuLetRvGo2ers60HlxOtaa82gyBdFSW4eusB4lz2+HrUSqc+l1J95uvYjop2oYNiyHYAHRRr4+3FiyDT955hEUi324jtNtJ\/Hx3+U+jJBAvvpn+JQk1jur8e3\/Q3UWLcfsS0fxX6dCQPp82cZSX\/tnm7F2MVmcQvtfHbmI3IdewM6nNmG9UDbZrefEMdgvz0Zx\/jypT2MIw\/76qzgR1KH0hZ146kHBLtT2e7xoO9EGf7YFJq3iFnZoQ0dPzA6JSO3r6f07cjY\/h6qnNsIofLFrhG5ur7yN09PMqPxxNcqoPqF\/80LdaLW7MLxoLQwzI7A3NMCTZcWuH9mwkcbA6owetJ08jU\/yCrFkFgn4sdfwxoefwvx9+TpTnvX3DaKr5ThORfNhWZgpNYNhZL7QZXvxK0wj8eGFBpYt8qfnBGhyWfNViF7TwPyIcfQuPLcI1mVKCtM8Yz6LpzBsRJk+Ns0U0G8pIM8mCsUiK4rmysmCZ\/CIGdoRP7yn5aSkJLRFZULpCnLRen0Qvyfsd6K7TwHDlkry3Ebr1BZXoVT83HwCCgM2btGPisDcEhQvVoh9ED+A1+WCh\/pZuJW8z5hDm6aG8XEbCmkyT4QY2ucWo2JN3MecyW4VRVpEz7vgTBbe+U\/A1Su13SJ\/IlBqOwmJLgov3TCk77YKTGKHiVhAbVqtgTJ2XhfdhMJS\/2KfAJT6VwZzRgiuNrecSIheo7SrWlOJnS9WwSo6j344u4NQ5pfGXWdqub4MpflKBLudY8YDwwjEhuAXAA1c+UnoKFnITogIddo59H8l0hM+bKycHh\/KSmTNiJvYAmk5yKFJOy5vRvok3xQVGN8W9UzyKEmERRkOXKGJr0GeQfxpDAZdwokCKvWoMMios6TFR6E8f98AtSsH+nGnaqDPnai1fgQF9elzoOYXB3Agbquxk1SODCCY+AV4AbHtWhjy5eObKJGnJRsGA9JTbZFJ7DABak2OvCch9m9GHozj+qeHcImjAT+JuxJFDxVBO+jAwf37UfNaI5q7A5iWrYZKFMLLuELFRM42jumrsDWeoZh94ArlYJixfA6ipkYWCVLkasJq7kgIoWGastoJPhj8tSCK60kWqSNXbzXdb8H1aNKnwZFrty5PmWNCUVHR2G1DCUo2F8E0W840jgiGxHdvkkA3miS+5mdnOBLnASYwPR3id+jzrKjevQe7tpWRAF4R188O\/LIB7riHDer7E\/oqbFahv4VYKOdhmBifg6gZoJtHzoGnE2E5RaTbS3dmLfKWyMdfNxbpyIcKwuMKygkxgug8m5g2OboFWiiiXni65YQYI264\/zqRqOnIk1UgMqzA4oJCFMZtixXkbfkjUCR4uCJy271nxlwRwg+3l2RHp8foG4Z3B6l\/l+D1ygkxhp3wUMyoXrCYbn\/UJuEJ66UoVHoTSh6vxo6flUIX9sAlLhXQWJoLDN3IGtNXYZvziQ++QeGxA8OM5XMJPy0rjVD0tqD2LQe8gRB8XYdx6AiNboMFq5NNuq8Ds6woXqpA0PEm6tt94usQwusRjvo34Rq8Az8n34qCuVF4\/nQITd3SaxORPjeaXmvC5fSJg2XTgwXQ9DvwZr0DpGFEFMHuRtS\/50YwK49uG0mQ2x44XouGLqntwmsWza\/XwzmohsX6ObxyLPYvDPfbtWgWXwsRXl1xoeE3TfClGVC0UVg0U+HKmWYcbjwMd1AQcurLGWof+Y1KMVJXw1pkBM4J44f6JyxfCK+NnKB+fEAB81z9FJYVmG8an8+aWn4Fqh82AH9tRv2hGtTRgLy6oBTVT5m\/1oPQ9MQPUbb0XviO1uGl\/7sP+39Zj857rXhOWtW+TTSwVlWicO4AnO8cxIF\/2YcDh5pwaVEFvmO8hZU0VmyvLkXO35pRe2Af9u3bj4N\/9EK1sgJVD0\/cDtOTO1GxUgXfEantB14VBE14ZeWH0usXdx3qX\/V2lC4Iw9kg9G8\/Xqo7DF+mBRU\/sMEs3tyUKHyyApYsHxoP7pf74kP6OhvKl4qFiGNp55Nm8vQbcZDave9fDqDWHob+4WrYVrCkMePhL7TfEeR19A+JC9o3n\/Z9Fsj7CA3cQNYs1e2tbQkv+V5VQp19e5NbeFn2RkZsMf6LYAr2moINouEQhpAFtepzWQFkUgQWNYZhUorPJ\/xkGIb5kmBRYxgmpWBRYxgmpWBRYxgmpWBRYxgmpWBRYxgmpWBRYxgmpWBRYxgmpWBRYxgmpWBRYxgmpWBRYxgmpWBRYxgmpWBRYxgmpWBRYxgmpWBRYxgmpWBRYxgmpWBRYxgmpWBRYxgmpWBRYxgmpWBRYxgmpWBRYxgmpWBRYxgmpWBRYxgmpWBRYxgmpWBRYxgmpWBRYxgmpWBRYxgmpWBRYxgmpWBRkwmeccDTJx8wDPO15Z5PCXl\/coJeOLxX5AMJ5azFMBo0UH4V5DESQuiqEupspZwA+I\/UoNZrQNXOUujktPE4UbevCT5dCXZXFWL07FshnYMte1G5Wk76WuBH08u18BqqsGPLxBaZOlGE+4cAlRqq6XLS15Tw2Sb84bAT\/mHpWJFtQMn3bLDMlY7HEXai\/t+Pw5+5GpXVVmjl5M+K+60DaPLJB\/HMTKinz4mGd47TzTgiHU9XQ7+uDLZiPRRSyjeS25MinwPN79vhuuCDT9i6O9HceBAH9h9A7VEfDe8vF3\/Lf6DmTRpk8vHUsWDLEyWoeHSqgsaM4sI7\/1qDd07Jh19X\/E2o\/YMTYUM5ql\/cgR0vVqI4y4em2ga4R+Q8YwjD+U4zvOEIIpGrd3XsR4ZJpOaZUVRUNHZbsxjZch6MuNFQ2wRvmgnl1UJ7d6BygwZXWutw6FhQzvTN5A78Ky0sNhtswvbsDuz+2V7seFSPUHsdXnlvvJxEwz642x1wnQsgfE1OTEKkzwsX5XP7QogkDiLBAxuQ7kYRvxuuS\/KdKY5oOISha9fpYkcw1E\/5+8PjBtpoHeN\/U+UaoZ0hH9yEvBCfG46J2pWI0E6hbqF518I32xAlD1eo13UuOGEZkYGYnSbKE2uLC97YnTke6nfwnIt+d8MXnvoUu5VNbkL98nU74OjyIhhfNdUZ6pcmdHR4tO+RAfozsQ2ibRLqEG2UYNeJ6oqHzgtM2FfBcwxJY+1aEN6uScqS8Z+9gMjcQpQ\/boJ2lhrqWXoUbTZDfS0Af6+cKY7gsTfR1KuHJV8tp9xdlBojCgsKx24rdKM33VNueK5pUfz9Upi0QnvJSyuwYfNiBYLnTyEkZxOvhdB3ulb+ZHYlW05o74R5N37sTTImvyRuL\/zsrMO+I0Dp3krybcYSPHoQB9uVKNlVhcIMSrjmQ3NdAxy9ESiUSiiidEcbUUJbaEP1g3Fhz4ALDa8fhmeQ3P0MumRXI2QqFYyPPY+KB1RiFimEJDFVe+H0RaFePT50ctbtS3DZ9WI7c4Rzz1F5mQF4ggoo743SnZAmwiwzbM+UwSC0NVlI1mdH7Rst8F+jc9IViArtmq5F0feqYc0TMiSEn5eayEt0YijXiuqni6DpEmwVgWHpELznr8aVYUDpdgpppK7RDd+Dw683wDUg1YPrgp3G9l8Mcw7SXVlsCw0war9CW4TKZ63QCbclue5QmhJKBfUvQhZcWo7nnzSRJROR+7qoFPmB47AHojfLhFIH69NVKLoZboXhebcWDR+FpGtIV0YsexmV\/QSVTd5NTS3VK+cWEK7NxqE6NPYXYMcPrJCmfAT21w6gpVeDohe3wzpLTETo2EHUdOXA9tNyGCarSzoFwQ9qUXvcj4iC+jpNupbK3CLYqmRbyNclssSIIa8HV9OpLNGmShge3g7b6vEWmRBvIw7UX8bquDaLiPZ2Qfv4HhRenMryxu0hjOV2DY3FhzUIXfTCE86C8X491PFhRHcD9r8TQvFPq1EkjmEJ9x\/2o3GwGLufLSIBlK71mRlGZP3NgyCND3EeRhXQrq\/E1gUu1P7ehaE4G+msVahapxHLEudd\/NyRx5Y49rbmwfV6PVxhug5pUroyrwRV\/1gI6ewvj2k\/J+T9yen9GK1ewLBhOebLSTEyc67i3AcfY1izge4cYdhffxUngjqUvrATTz24HuuL12PpPV60nWiDP9tCeWgCj3jR+MrbOD3NjMofV6OM8hQXLce8UDda7S4ML1oLw0xg0NtBIa8ff9c+hOeqbNi4jBITmL98A+7\/5BRcn5hQ9U\/Pokxuo3iurw83lmzDT555BMXrirFh2XWcbnPidPg+FC4Vpt0gvCdd6J9txtrFVLbg2v+6CRfnWPGDHdtQsl5oVz6mnbejtT2A2eu+hXn39OJjwRiLN2D5TJpIv2lFQGXB09UPQitMLtFWfgxmbcILLzyFTUIZq2ajt6sNHT3TsdacRxM3iJbaN9ARpf7\/6Fk8Qv0X7HTfYBeOtZ7CyLcsWJhJc+vI79A6YIRtN9loPbV\/0SA+snfg0vS1MOdFYW9ogCfLil0\/ItvQ76szetB28jQ+ySvEkvjJKCL1tYcmy6C+HM89W05tozJXzEN\/dztOftSP+WuNmH2P4I28hjc+\/BTm7\/8Ezz5SjPWUb\/19g+hqOY5T0XxYVizH2g2ZuEh2UJO477RtEO03DwG0dfYiY80qLLiXqhxx4S9NXgzcM4xrqrVYtUBY8Ymg81gzArpNKDPOnrwuwRA0kX915CJyH3oBO5\/ahPXCtVyRiZ4Tx2C\/PBvF+fOoXOm6+IeysGl7bOytxuzLXWjr6MF0ixl5QpsmQvBcPB\/Cc6odfzx6GopV38NTprjxNkJC8eZ\/o3\/Z06gqmimNr\/7ZMK81YPyovDN6P27FhaEhdB45jLazPvipPW32Npy7sRCrFsq1zJ2Jq247HOeuIydnHjIVn8Df2Yg\/dd7Aiu9WwChmk661L3gDi22yXYXxNXSKbOGE88II1lbtwrbNko3m9bnR3nnhpo3GzR35mpxq74CT8o1YnsOurSXitVqt7YPb0YEL9wpj8std0buD8HMCMtJF1zjYSyGo\/wRcvQoYtpBHd3MRgO4OxTTpdFF4KdwR7+4UGrjDGhRuLYM+tsicpobx8TKYM0JwtbnlRCJNj+InLNDcyaKXwoCNW+IWT+eWoJjc9LDPQ9MvCV0ucu01sDxGHlfMQmnkZTxpI7HUQzkgpwkIg\/w3TfBlWFD1It2tx1iUythigTqWpjKhdAXdx3p98AjHfie6+5QwbYnrP7VS\/yiFFOlBdHfEh\/N0J5UXsJFXhud27kD5yjhjiJ6wtKtaU4mdL1bBeivXYVYhbI8bR9uWbUT5d6itYQonuoQEP5zdQSjzS1GmHx2kCn0ZSvOVCHY7J167XGaEXhHAhdPycTeJzAwLSsjzDPTI15RuHBcC1FeDgQ6mVpezy4NobjEq1sSFfHSDrCjSInreBWdcGKtZvSVu7KlgolBSQ9fKd05OmoizR9DQdBzNbR4MqYwoWDnWiO636sgXtKB8qg9ZhOhm377xW51TzpCc8P8Eod+2B3t278buPXvJa9ORl\/oHHO6RM5BfuPFxGp99DtQfegkHDtSg7n0f7s3fiIIEj0Nh2BhnV7L5lgI6mzyuRdY4r5w8skfM0JKNvLHrJpAwd4RrIpQfnbYQ1uJRn0y1lOZsLl3Jv8bN2S+JuydqMtPSyb0PXCHR0sKQLyfeRIk8iv8RDECIFP19pA4z8mAc56\/qoZ1Dhgv4R0Vnxhzk3GlrVerRySujzsoS\/0xckRGYsF0qPcwFFhjivB9\/izDITah4JlHQBLKQnVCGeibVOxKV6hXtFIHnjwdw4BfxWyM8Vyk8C14WzzGUlMKYRl7tL\/fjpVfr0dTuRTiD+iRqmhJFDxVBO+jAwf37UfNaI5q7A5iWfeunkaoFxvFhgk4HwYEe6BMk5DKukBkiZykEG9O2A2g8E6FMVyjHBKSZYFqkgF8WMLfHB8UCAwqXLYTyokcSnzPkgaQZYBTHyFTq8iMo3AlpEtck5Kmx0ygZGaAbqlCWRFai4Wdl0dWg653sgsfzQAV2\/3QP9v7zblQsuYLmWgqx5JtJmATq8PksWMqTXesJWF2JvXv3jt8qExdwRjF\/Zwd2\/PiHYwRevcYK0wzyIs\/LM4JC\/1feaIdiXRV2\/7NU5p5nN0LT04hXKKSMX+HKmhF3ExBIy0EOCb5yeoKHIDsmY0gyd3LmUXl07ti8SqR\/RZ5+36lMjKcngCvUsZwFMQNGMBTv0cSTphj1moYjY9ZkxjA9Heny7hcOjf6pLH1mZdBUGSQPoF9OuG3UMKxLeMpF28ZNJShZu1DKQh5exY\/3Ynd1BQoXABfs9Tj4\/w6hJeYq5VlRvXsPdm0rIyG+Iq5NHfhlA9wxzy4JN8izGw+JrSA4dH1iqO8f37YiK7VtcyHk1iXFdD\/5AhTiiv9dJK89nzwy8sr0aWSrMzQnL9LkXGSk28EoU6lLmWMan2eDkKcIptlypjvg5oJ6jDQlDJuLYRjxwiVqswdHjtKtWKVCiOxfXy9t73uHSO28eJ\/2W256UZ8NhSAkqtFrEEMhzFa6IQr4PzqDkKYA5cW6m69TKXLJ+y4iu3vd+PL9pS+PuyNqIyHYW1wIZ5tgEaKJRTryAoLwnglLv9\/ED7eXJEynFwezboEWiugleL3SrzcZdsJDE1a9YLG80PzFIrZr+AI8iYP0kh0N9Q1wxMWs2XSnLF0wBOfvSGQuyYlTRbTTEKJZCU+51sxB5IIP4RvConaEBrADjnMUns0lb2eLDdt\/WgVzegDdpwRVIzsLT00vRcmRNKHk8Wrs+Bl5EmEPXPFhRAIR8qK88U8dBU554BtRQb9YeBPKAB2FJkM3ssa2jbY5n\/jgGxQe59yClRSCXqVQppNCz+t6Qc8IE4z3Az6vE+cvhqC7PyZpU6lLBx25kZFhBRYn5FlMoa7PH4EibsH8dvEcqUHNb+1jb2Rkn1HHTgkNeZv6eeN8mbtMAE0v78OBt8QFilFojoVoOqlkDzQSvUEqdu94z4q5E1GL4qr4yoS0+bqbUf9yDVqCWhQJbrmQZZYVxUsVCByvRUMXTc5rdBH6vGh+vR7OQTUsVtn1zreiYG4Y7rdr0Sy+yiA8InahQVijotCkaOPtPU8S72Thy\/AFhLaFk4aWU0Jul+uP9XDQZBGICC86NrTA83cNxDl\/ExUs2ypRNCsI++8oFE3U8Vsh2kl4EHAITd1Bqb0RP+xvNMB+EdDohSGrJI\/Hgea33yHPTG6L\/zwukxeWniHIigpXzjTjcONhuINCCVEEKbQLky+slCLspCiue9D4WhPcwqN44XWQ7iYcOuJFNHcNrIuEHGpYi4zAucOU7kZQeEVCeC3gBF3TD8hjmauXJxR53WT3gV6vNCZiqkAhqCE3BNdRF4buH\/XITCTkkZ4TcAX1MK6UE6dYl+nBAmj6HXiz3gHJFNTX7kbUv0fnZOV9ppdfzQ8Yoeg9gTqhfio7Gg7A\/e5xEn4N9KI99LDGXmWK2zYbyMgqAzbTvmS3z4oWxev0iJ5pRO1RLwKCTQM0d944DG+aEZYCyeoGg15sb0NHXJwzQNe0nW50c3W39KJTnTt4+nkRvo4OdMjbaR9NHwobtlY+DlPcWtO8\/JWYFz6PjhN2nLC3oq3TjcA9ejy47WlY58e0NBMLV+Yj098F+wcnYG+1w\/HxOYQ1FpRXlsMkT8qpPmHKyslEX3cXnG3t1LbLyNqwHFkTnDu2zISnn0K7HrgP18+3o7W1VdzayOMIzyP3\/h82IXeaUELc08\/5M7HQvBDDruNobbuITNNyzO+f4ElxwhNk0U6DbtiPH8fxv1BdbS740xbhoUobVskL3erFi5H5Px+h9fgxMU+bixRvaRm2lS6E8h4F8hbPwzD159gxqp9s6DwXRnbhU7CtUSe5a0l9DS\/7LkpnuvHff\/ozjrW2wenpBRaW4rnvFyL7Hjnr3G9hpZZuOnap3tYTbXD5p2HR5qdhWxWzZg7U0R64PmxD28kOnL92v2xDBXlZ52D3DmLBmgosz5VyQ\/0Jek6cRTCXrvFK4QmwzFTqylwIizETvnZqc4twXYS+DkKzshzfL10EaUkn7rrE6hSZKF2G6jdlB\/HxSSqX6rc7PoRnUANL+VZsXjDxYtHn8fRzeu5yLMvwo6utFR84aJ59SEKr\/BZK\/\/G7WB7zRqm9C2940P6XYzj2AeVpb6U\/3ehXGvHtpx+VHzwljusYE6WPtdFEfZsoXXhq6yWve8PyhCcVXzC3957aHSKsV9zImOyv0QgvTQ6JC9xfib9yFYM8BuEFROXn3i6p\/7f+60aT2Ehs6w1kzVKNisWkTM3u4svNyEq61nO3mVJdwouhCX8l7huJPD5Fpn8x1+erzhciagzDMF8UXyWfiGEY5jPDosYwTErBosYwTErBosYwTErBosYwTErBosYwTErBosYwTErBosYwTErBosYwTErBosYwTErBosYwTErBosYwTErBosYwTErBosYwTErBosYwTErBosYwTErBosYwTErBosYwTErBosYwTErBosYwTErBosYwTErBosYwTAoB\/H\/E5NEFkPT3FAAAAABJRU5ErkJggg==\" alt=\"\"><\/p>","protected":false},"excerpt":{"rendered":"<p>Tegund:&nbsp;1077.2285.AB<\/p>","protected":false},"featured_media":80403,"comment_status":"closed","ping_status":"closed","template":"","meta":[],"product_brand":[],"product_cat":[518,545,571],"product_tag":[],"class_list":{"0":"post-38359","1":"product","2":"type-product","3":"status-publish","4":"has-post-thumbnail","6":"product_cat-honnunarlausnir","7":"product_cat-hurdabunadur","8":"product_cat-hurdarhunar","10":"first","11":"instock","12":"taxable","13":"shipping-taxable","14":"purchasable","15":"product-type-simple"},"yoast_head":"<!-- This site is optimized with the Yoast SEO plugin v27.3 - https:\/\/yoast.com\/product\/yoast-seo-wordpress\/ -->\n<title>RANDI Hur\u00f0arhandfang 1077 GRATA Svart Cover \u00de\u00fdskar l\u00e6sing - V\u00e9lar &amp; Verkf\u00e6ri<\/title>\n<meta name=\"robots\" content=\"index, follow, max-snippet:-1, max-image-preview:large, max-video-preview:-1\" \/>\n<link rel=\"canonical\" href=\"https:\/\/velarogverkfaeri.is\/en\/lykillausnir\/hurdabunadur-lykillausnir\/hurdarhunar-hurdabunadur-lykillausnir\/product\/randi-hurdarhandfang-1077-grata-svart-cover-thyskar-laesing\/\" \/>\n<meta property=\"og:locale\" content=\"en_US\" \/>\n<meta property=\"og:type\" content=\"article\" \/>\n<meta property=\"og:title\" content=\"RANDI Hur\u00f0arhandfang 1077 GRATA Svart Cover \u00de\u00fdskar l\u00e6sing - V\u00e9lar &amp; Verkf\u00e6ri\" \/>\n<meta property=\"og:description\" content=\"Tegund:&nbsp;1077.2285.AB\" \/>\n<meta property=\"og:url\" content=\"https:\/\/velarogverkfaeri.is\/en\/lykillausnir\/hurdabunadur-lykillausnir\/hurdarhunar-hurdabunadur-lykillausnir\/product\/randi-hurdarhandfang-1077-grata-svart-cover-thyskar-laesing\/\" \/>\n<meta property=\"og:site_name\" content=\"V\u00e9lar &amp; Verkf\u00e6ri\" \/>\n<meta property=\"article:publisher\" content=\"https:\/\/www.facebook.com\/VelarOgVerkfaeri\" \/>\n<meta property=\"article:modified_time\" content=\"2026-02-23T16:04:32+00:00\" \/>\n<meta name=\"twitter:card\" content=\"summary_large_image\" \/>\n<script type=\"application\/ld+json\" class=\"yoast-schema-graph\">{\"@context\":\"https:\\\/\\\/schema.org\",\"@graph\":[{\"@type\":\"WebPage\",\"@id\":\"https:\\\/\\\/velarogverkfaeri.is\\\/lykillausnir\\\/hurdabunadur-lykillausnir\\\/hurdarhunar-hurdabunadur-lykillausnir\\\/product\\\/randi-hurdarhandfang-1077-grata-svart-cover-thyskar-laesing\\\/\",\"url\":\"https:\\\/\\\/velarogverkfaeri.is\\\/lykillausnir\\\/hurdabunadur-lykillausnir\\\/hurdarhunar-hurdabunadur-lykillausnir\\\/product\\\/randi-hurdarhandfang-1077-grata-svart-cover-thyskar-laesing\\\/\",\"name\":\"RANDI Hur\u00f0arhandfang 1077 GRATA Svart Cover \u00de\u00fdskar l\u00e6sing - V\u00e9lar &amp; Verkf\u00e6ri\",\"isPartOf\":{\"@id\":\"https:\\\/\\\/velarogverkfaeri.is\\\/en\\\/#website\"},\"primaryImageOfPage\":{\"@id\":\"https:\\\/\\\/velarogverkfaeri.is\\\/lykillausnir\\\/hurdabunadur-lykillausnir\\\/hurdarhunar-hurdabunadur-lykillausnir\\\/product\\\/randi-hurdarhandfang-1077-grata-svart-cover-thyskar-laesing\\\/#primaryimage\"},\"image\":{\"@id\":\"https:\\\/\\\/velarogverkfaeri.is\\\/lykillausnir\\\/hurdabunadur-lykillausnir\\\/hurdarhunar-hurdabunadur-lykillausnir\\\/product\\\/randi-hurdarhandfang-1077-grata-svart-cover-thyskar-laesing\\\/#primaryimage\"},\"thumbnailUrl\":\"https:\\\/\\\/velarogverkfaeri.is\\\/wp-content\\\/uploads\\\/2026\\\/02\\\/674b8b3e-e85b-4861-b7dc-01f013ecc140.png\",\"datePublished\":\"2023-06-08T19:10:30+00:00\",\"dateModified\":\"2026-02-23T16:04:32+00:00\",\"breadcrumb\":{\"@id\":\"https:\\\/\\\/velarogverkfaeri.is\\\/lykillausnir\\\/hurdabunadur-lykillausnir\\\/hurdarhunar-hurdabunadur-lykillausnir\\\/product\\\/randi-hurdarhandfang-1077-grata-svart-cover-thyskar-laesing\\\/#breadcrumb\"},\"inLanguage\":\"en-US\",\"potentialAction\":[{\"@type\":\"ReadAction\",\"target\":[\"https:\\\/\\\/velarogverkfaeri.is\\\/lykillausnir\\\/hurdabunadur-lykillausnir\\\/hurdarhunar-hurdabunadur-lykillausnir\\\/product\\\/randi-hurdarhandfang-1077-grata-svart-cover-thyskar-laesing\\\/\"]}]},{\"@type\":\"ImageObject\",\"inLanguage\":\"en-US\",\"@id\":\"https:\\\/\\\/velarogverkfaeri.is\\\/lykillausnir\\\/hurdabunadur-lykillausnir\\\/hurdarhunar-hurdabunadur-lykillausnir\\\/product\\\/randi-hurdarhandfang-1077-grata-svart-cover-thyskar-laesing\\\/#primaryimage\",\"url\":\"https:\\\/\\\/velarogverkfaeri.is\\\/wp-content\\\/uploads\\\/2026\\\/02\\\/674b8b3e-e85b-4861-b7dc-01f013ecc140.png\",\"contentUrl\":\"https:\\\/\\\/velarogverkfaeri.is\\\/wp-content\\\/uploads\\\/2026\\\/02\\\/674b8b3e-e85b-4861-b7dc-01f013ecc140.png\",\"width\":458,\"height\":594},{\"@type\":\"BreadcrumbList\",\"@id\":\"https:\\\/\\\/velarogverkfaeri.is\\\/lykillausnir\\\/hurdabunadur-lykillausnir\\\/hurdarhunar-hurdabunadur-lykillausnir\\\/product\\\/randi-hurdarhandfang-1077-grata-svart-cover-thyskar-laesing\\\/#breadcrumb\",\"itemListElement\":[{\"@type\":\"ListItem\",\"position\":1,\"name\":\"Home\",\"item\":\"https:\\\/\\\/velarogverkfaeri.is\\\/\"},{\"@type\":\"ListItem\",\"position\":2,\"name\":\"Vefverslun\",\"item\":\"https:\\\/\\\/velarogverkfaeri.is\\\/vefverslun\\\/\"},{\"@type\":\"ListItem\",\"position\":3,\"name\":\"RANDI Hur\u00f0arhandfang 1077 GRATA Svart Cover \u00de\u00fdskar l\u00e6sing\"}]},{\"@type\":\"WebSite\",\"@id\":\"https:\\\/\\\/velarogverkfaeri.is\\\/en\\\/#website\",\"url\":\"https:\\\/\\\/velarogverkfaeri.is\\\/en\\\/\",\"name\":\"V\u00e9lar & Verkf\u00e6ri\",\"description\":\"Umbo\u00f0s- og heildverslun fr\u00e1 \u00e1rinu 1919\",\"publisher\":{\"@id\":\"https:\\\/\\\/velarogverkfaeri.is\\\/en\\\/#organization\"},\"potentialAction\":[{\"@type\":\"SearchAction\",\"target\":{\"@type\":\"EntryPoint\",\"urlTemplate\":\"https:\\\/\\\/velarogverkfaeri.is\\\/en\\\/?s={search_term_string}\"},\"query-input\":{\"@type\":\"PropertyValueSpecification\",\"valueRequired\":true,\"valueName\":\"search_term_string\"}}],\"inLanguage\":\"en-US\"},{\"@type\":\"Organization\",\"@id\":\"https:\\\/\\\/velarogverkfaeri.is\\\/en\\\/#organization\",\"name\":\"V\u00e9lar & Verkf\u00e6ri\",\"url\":\"https:\\\/\\\/velarogverkfaeri.is\\\/en\\\/\",\"logo\":{\"@type\":\"ImageObject\",\"inLanguage\":\"en-US\",\"@id\":\"https:\\\/\\\/velarogverkfaeri.is\\\/en\\\/#\\\/schema\\\/logo\\\/image\\\/\",\"url\":\"https:\\\/\\\/velarogverkfaeri.is\\\/wp-content\\\/uploads\\\/2021\\\/10\\\/vv_logo_350x100.png\",\"contentUrl\":\"https:\\\/\\\/velarogverkfaeri.is\\\/wp-content\\\/uploads\\\/2021\\\/10\\\/vv_logo_350x100.png\",\"width\":350,\"height\":100,\"caption\":\"V\u00e9lar & Verkf\u00e6ri\"},\"image\":{\"@id\":\"https:\\\/\\\/velarogverkfaeri.is\\\/en\\\/#\\\/schema\\\/logo\\\/image\\\/\"},\"sameAs\":[\"https:\\\/\\\/www.facebook.com\\\/VelarOgVerkfaeri\"]}]}<\/script>\n<!-- \/ Yoast SEO plugin. -->","yoast_head_json":{"title":"RANDI Hur\u00f0arhandfang 1077 GRATA Svart Cover \u00de\u00fdskar l\u00e6sing - V\u00e9lar &amp; Verkf\u00e6ri","robots":{"index":"index","follow":"follow","max-snippet":"max-snippet:-1","max-image-preview":"max-image-preview:large","max-video-preview":"max-video-preview:-1"},"canonical":"https:\/\/velarogverkfaeri.is\/en\/lykillausnir\/hurdabunadur-lykillausnir\/hurdarhunar-hurdabunadur-lykillausnir\/product\/randi-hurdarhandfang-1077-grata-svart-cover-thyskar-laesing\/","og_locale":"en_US","og_type":"article","og_title":"RANDI Hur\u00f0arhandfang 1077 GRATA Svart Cover \u00de\u00fdskar l\u00e6sing - V\u00e9lar &amp; Verkf\u00e6ri","og_description":"Tegund:&nbsp;1077.2285.AB","og_url":"https:\/\/velarogverkfaeri.is\/en\/lykillausnir\/hurdabunadur-lykillausnir\/hurdarhunar-hurdabunadur-lykillausnir\/product\/randi-hurdarhandfang-1077-grata-svart-cover-thyskar-laesing\/","og_site_name":"V\u00e9lar &amp; Verkf\u00e6ri","article_publisher":"https:\/\/www.facebook.com\/VelarOgVerkfaeri","article_modified_time":"2026-02-23T16:04:32+00:00","twitter_card":"summary_large_image","schema":{"@context":"https:\/\/schema.org","@graph":[{"@type":"WebPage","@id":"https:\/\/velarogverkfaeri.is\/lykillausnir\/hurdabunadur-lykillausnir\/hurdarhunar-hurdabunadur-lykillausnir\/product\/randi-hurdarhandfang-1077-grata-svart-cover-thyskar-laesing\/","url":"https:\/\/velarogverkfaeri.is\/lykillausnir\/hurdabunadur-lykillausnir\/hurdarhunar-hurdabunadur-lykillausnir\/product\/randi-hurdarhandfang-1077-grata-svart-cover-thyskar-laesing\/","name":"RANDI Hur\u00f0arhandfang 1077 GRATA Svart Cover \u00de\u00fdskar l\u00e6sing - V\u00e9lar &amp; Verkf\u00e6ri","isPartOf":{"@id":"https:\/\/velarogverkfaeri.is\/en\/#website"},"primaryImageOfPage":{"@id":"https:\/\/velarogverkfaeri.is\/lykillausnir\/hurdabunadur-lykillausnir\/hurdarhunar-hurdabunadur-lykillausnir\/product\/randi-hurdarhandfang-1077-grata-svart-cover-thyskar-laesing\/#primaryimage"},"image":{"@id":"https:\/\/velarogverkfaeri.is\/lykillausnir\/hurdabunadur-lykillausnir\/hurdarhunar-hurdabunadur-lykillausnir\/product\/randi-hurdarhandfang-1077-grata-svart-cover-thyskar-laesing\/#primaryimage"},"thumbnailUrl":"https:\/\/velarogverkfaeri.is\/wp-content\/uploads\/2026\/02\/674b8b3e-e85b-4861-b7dc-01f013ecc140.png","datePublished":"2023-06-08T19:10:30+00:00","dateModified":"2026-02-23T16:04:32+00:00","breadcrumb":{"@id":"https:\/\/velarogverkfaeri.is\/lykillausnir\/hurdabunadur-lykillausnir\/hurdarhunar-hurdabunadur-lykillausnir\/product\/randi-hurdarhandfang-1077-grata-svart-cover-thyskar-laesing\/#breadcrumb"},"inLanguage":"en-US","potentialAction":[{"@type":"ReadAction","target":["https:\/\/velarogverkfaeri.is\/lykillausnir\/hurdabunadur-lykillausnir\/hurdarhunar-hurdabunadur-lykillausnir\/product\/randi-hurdarhandfang-1077-grata-svart-cover-thyskar-laesing\/"]}]},{"@type":"ImageObject","inLanguage":"en-US","@id":"https:\/\/velarogverkfaeri.is\/lykillausnir\/hurdabunadur-lykillausnir\/hurdarhunar-hurdabunadur-lykillausnir\/product\/randi-hurdarhandfang-1077-grata-svart-cover-thyskar-laesing\/#primaryimage","url":"https:\/\/velarogverkfaeri.is\/wp-content\/uploads\/2026\/02\/674b8b3e-e85b-4861-b7dc-01f013ecc140.png","contentUrl":"https:\/\/velarogverkfaeri.is\/wp-content\/uploads\/2026\/02\/674b8b3e-e85b-4861-b7dc-01f013ecc140.png","width":458,"height":594},{"@type":"BreadcrumbList","@id":"https:\/\/velarogverkfaeri.is\/lykillausnir\/hurdabunadur-lykillausnir\/hurdarhunar-hurdabunadur-lykillausnir\/product\/randi-hurdarhandfang-1077-grata-svart-cover-thyskar-laesing\/#breadcrumb","itemListElement":[{"@type":"ListItem","position":1,"name":"Home","item":"https:\/\/velarogverkfaeri.is\/"},{"@type":"ListItem","position":2,"name":"Vefverslun","item":"https:\/\/velarogverkfaeri.is\/vefverslun\/"},{"@type":"ListItem","position":3,"name":"RANDI Hur\u00f0arhandfang 1077 GRATA Svart Cover \u00de\u00fdskar l\u00e6sing"}]},{"@type":"WebSite","@id":"https:\/\/velarogverkfaeri.is\/en\/#website","url":"https:\/\/velarogverkfaeri.is\/en\/","name":"V\u00e9lar & Verkf\u00e6ri","description":"Umbo\u00f0s- og heildverslun fr\u00e1 \u00e1rinu 1919","publisher":{"@id":"https:\/\/velarogverkfaeri.is\/en\/#organization"},"potentialAction":[{"@type":"SearchAction","target":{"@type":"EntryPoint","urlTemplate":"https:\/\/velarogverkfaeri.is\/en\/?s={search_term_string}"},"query-input":{"@type":"PropertyValueSpecification","valueRequired":true,"valueName":"search_term_string"}}],"inLanguage":"en-US"},{"@type":"Organization","@id":"https:\/\/velarogverkfaeri.is\/en\/#organization","name":"V\u00e9lar & Verkf\u00e6ri","url":"https:\/\/velarogverkfaeri.is\/en\/","logo":{"@type":"ImageObject","inLanguage":"en-US","@id":"https:\/\/velarogverkfaeri.is\/en\/#\/schema\/logo\/image\/","url":"https:\/\/velarogverkfaeri.is\/wp-content\/uploads\/2021\/10\/vv_logo_350x100.png","contentUrl":"https:\/\/velarogverkfaeri.is\/wp-content\/uploads\/2021\/10\/vv_logo_350x100.png","width":350,"height":100,"caption":"V\u00e9lar & Verkf\u00e6ri"},"image":{"@id":"https:\/\/velarogverkfaeri.is\/en\/#\/schema\/logo\/image\/"},"sameAs":["https:\/\/www.facebook.com\/VelarOgVerkfaeri"]}]}},"_links":{"self":[{"href":"https:\/\/velarogverkfaeri.is\/en\/wp-json\/wp\/v2\/product\/38359","targetHints":{"allow":["GET"]}}],"collection":[{"href":"https:\/\/velarogverkfaeri.is\/en\/wp-json\/wp\/v2\/product"}],"about":[{"href":"https:\/\/velarogverkfaeri.is\/en\/wp-json\/wp\/v2\/types\/product"}],"replies":[{"embeddable":true,"href":"https:\/\/velarogverkfaeri.is\/en\/wp-json\/wp\/v2\/comments?post=38359"}],"wp:featuredmedia":[{"embeddable":true,"href":"https:\/\/velarogverkfaeri.is\/en\/wp-json\/wp\/v2\/media\/80403"}],"wp:attachment":[{"href":"https:\/\/velarogverkfaeri.is\/en\/wp-json\/wp\/v2\/media?parent=38359"}],"wp:term":[{"taxonomy":"product_brand","embeddable":true,"href":"https:\/\/velarogverkfaeri.is\/en\/wp-json\/wp\/v2\/product_brand?post=38359"},{"taxonomy":"product_cat","embeddable":true,"href":"https:\/\/velarogverkfaeri.is\/en\/wp-json\/wp\/v2\/product_cat?post=38359"},{"taxonomy":"product_tag","embeddable":true,"href":"https:\/\/velarogverkfaeri.is\/en\/wp-json\/wp\/v2\/product_tag?post=38359"}],"curies":[{"name":"wp","href":"https:\/\/api.w.org\/{rel}","templated":true}]}}