{"id":37591,"date":"2023-06-08T19:05:41","date_gmt":"2023-06-08T19:05:41","guid":{"rendered":"https:\/\/vv-dev.webdev.is\/?post_type=product&#038;p=37591"},"modified":"2026-02-25T10:30:57","modified_gmt":"2026-02-25T10:30:57","slug":"briton-sylinderskiltasett-pz-4213-8-ss","status":"publish","type":"product","link":"https:\/\/velarogverkfaeri.is\/en\/lykillausnir\/hurdabunadur-lykillausnir\/sylinder\/product\/briton-sylinderskiltasett-pz-4213-8-ss\/","title":{"rendered":"BRITON Sylinderskiltasett PZ 4213.8.SS"},"content":{"rendered":"<p><img decoding=\"async\" src=\"data:image\/png;base64,iVBORw0KGgoAAAANSUhEUgAAAaMAAADDCAYAAAAvFn4aAAAAAXNSR0IArs4c6QAAAARnQU1BAACxjwv8YQUAAAAJcEhZcwAADsMAAA7DAcdvqGQAACEaSURBVHhe7d0PWFR1vj\/wt8sG14RqmV1X0JLdcGoVi5wu9w6PrlyyMUkaHyHvQplgV+Ju4m7h3V9Sm7R\/wOcG202yH9JvlUq0VTFx1khqabxwmRtPY1pkOZqNpkNaQxrDdZkuy+97znwHBgTEP3BU3q\/nOXHO+Z45w9T5nPf5fs8ZGtUpgIiISEPfkT+JiIg0wzAiIiLNMYyIiEhzDCMiItIcw4iIiDTHMCIiIs0xjIiISHMMIyIi0hzDiIiINMcwIiIizTGMiIhIcwwjIiLSHMOIiIg0xzAiIiLNMYyIiEhzDCMiItLciAgj7yk3PF65ICjLbrdYd0auIKLB8XrU2nG7PQgoKaKLNqxh5N5nhbXWN9mPDM+h7N6Zi4SkZJhSStCkrnGh8hfJSE5OxtJtLnUN0VXJ64Jd1pvjpFwX6KRD1qMdzsFemDUWqbWTnFwEu1xFdCkMXxh12FCyNA95T\/mmnJca+r6y+qQShavKYXPL5UADtWntpA1lqwphOSiXibQW7IG9VNbcNodc2c31VoGvbZUVntFyJZFGhi+MbLtQ0yF+6nTQKcu1NbCedTXmhXVDMSw7rH1cqQ3U1j\/dvcWwviHea3sOYuS6oeCoKkb5DgvsJ+QKIs3pMdesV+dcb4nekTrn58LuGt+a0Dmzh7Q2iAZjmMJIBMmbNepc5L05SJ+kzFlhrQ\/sG3nhqi3AC7XKvAPrl6YiNUVMq5XBgIHaRFlty1WXC3eL\/Z20oniJ0p6B8k98bekPZyB9QUkfwwotaKrIQ7qyr5R05FU0waMEpuTfb2pupShdPxcqc33vnyuH+Tz7ylGyxTdvLfC19XhNhxv2inxkqe8jpgdzUFLrEp+KaGhFzpwtIkloFhdkgb120ZN\/R12OROocGUWnHLBWFCLnQXmciin9lyWwHhv4SB1snfi5GzchX61RZUpHzmorXCyGEW94wuhMA2p2+2ZjYkwwGCPVeWvVLnSNuNUXIPWpmq6D2XPSBVezmE6Jo3SgNsUZt7psebMY+Q\/nofIjpR0ICe1uczW7zzr5u15bgaw1oqeltjthXZOFtNW+O0sq\/2u\/6vlK71fK9i64lR7asU1Y+q9lsHtk2ylfW9drOpzYtCQZOWtq0HTyG7TjG3x12I5NT6UiJfC9iIbChJmYrV78uVBj7e4buet3+e6hRpiQcKu6CvjSihfWiN79YRe+6RBHqqgzpwiOvLR81Mjju0+DqRPJWZGBZBFwNaJGvxEXft+4nbC\/lodUcbHYFHAhSCPPsISRt15clSkHWpAJs42APsEkrseEPRZY\/TdWp+ejYXOO7ypO\/DNncwMaGsT0tHjBQG2BdltQE2RExtMFKPjdcpgi5Pp+eNqnYsVmKxrqalBwjzp4CPeWjag5j2FATEhDeUMxTHLR9O\/yd3s5Tf2M3t1lKBE9NASJ33tDDSyVNah5ydfmfm0tLJfj\/S+6ikRipkkO1dXb5QWdGw21vguhyLsTZF0Jk1KQX1wOi1VcPG4XtVS9AmqFdVhhtfW+lLsAZ6woK\/UFov5RUWfbt6KmpgxpE8SKk5uwdieLYSQbhjDyqk\/sqO6eDWOQ+HlrPIxKr0Vcm+2qv5QHYAxyy4qRdU8CEhJjoFPeayDTk5E8IVgERSgSFqUgSl35Hj48+17vBbM3ys8+NgrBn\/qebGo4AYSrK+1ouoTvRdSXrqG6g7uw+5j46RZhs0dtgSmhK4oEHWIMkWg\/bPM9ZdfoRKtscZ38Ss5dhL1iv2rvJxJRwU7fe9SL\/fquA2Hfz2IYyYY+jNy7YJFDdOpwmzpOnI9d8kKrqap7+O2iRdyJqWPl\/CBERQV0nYJCIGJJ8KDVX4GXQLu\/l9Vcg2L5JGHeU5vkY+ainUMTNNS6huocaNjjhnePzXf\/dELAEJ047pteyoHpLhNSF+eedZxeEt52OeNCzXP+WsjDpn1y9SXofNGVa8jDyP1fNd0PDnj8929c3V9C9V+tXQqhYVA7XIPkdDbLOaGjfZC1cATOw3J2EEL8vbO4XGy1WGDpNS2Pk+1EQ0b0gMy+hxTstgZYbb7eeo8huoMbkb\/erj7AY3hsI6x1ynBz9\/Dz+eujTrpGKgzI3Xx2LVgeN8h2GomGOIzcsFbLKFLGo3+n3MvxT2nycVIHKqt7d89F76TfG6YDtZ2neiv8Q+HO3VY41TkDDD9RZ7odfK\/7AYU9okgH6M14z\/SMNH2MfFLJboc9SAed8mi7nMKuFeHp644RDSnddPn4dv3LKFN7Ir2G6E6Ii0R1Ro94YxSCleBQHhRS1w3SuepEP1XWvKiFfSE9akEXFoaw0SyGkWxow+ikFbtkFzzGnAFTonIvxz89gtSZvrau70BERCFKvXpyoTzbpA7pmf51k68gBmq7UB4Lck1iX\/NMSJc3VjHNhHg5hh0Za5DD2TYUzlXe0wTT0kq4u67w\/CbiFnUYBLD+Zi6Sxe+WbCoUrxIngTmZSFZ20mFF4bxU5KwsROGqPGSJ90zIDnwUlmgIjU3A7NvFzw5lZEL8VIbo5DGr+mGkiCeFA2ufyFOP0fQFxWg661g\/26DrZGwyMu\/zbWn9\/Vyk\/jJfvE8h8pYkw3RXFioDBipo5BnSMHK9ZZFjzjGYPV2e4bsEq6GkOlYDq\/rEmREZ\/2b0PXjg9ajDed4gebU0UNsFiUTGCyVIm+CF66Tvci74x2koWZXsv58KTMlEYaYBoV3v6cX378lH2WO9hxMikfyLNEQpv06HB27lcVbx+dTfbrQRK14tRkZcJIKVP88i\/p0oX9xtcgNR+giEKNsQDTkdEu6WvXShxxCdYlI68jNj1GPWe9gqjtEGYH4JNj7W\/Zp+DbpOgmH8t00oFttGBou6a6wR72OB9SNRDBNuQQT\/CsSINqpTkPOXjw4vPKdagWt1CO19gA7UdoG8HjdaEQZdf2Nm\/vcME+85YP6J7dytaA\/pZ19yP+1Bov2GAXdEpA3lD6Eqh\/oNob6huvMx6DrxUf5gcWtHyIW9F111Ls8wIiKiEWXIn6YjIiI6F4YRERFpjmFERESaYxgREZHmGEZERKQ5hhEREWmOYURERJpjGBERkeYYRkREpDmGERERaY5hREREmmMYERGR5hhGRESkuVEnTpzgX+0mIiJNsWdERESa4\/\/PiIiINMeeERERaY5hREREmmMYERGR5hhGRESkOYYRERFpjmFERESaYxgREZHmGEZERKQ5hhEREWmOYURERJpjGBERkeYYRkREpDmGERERaW7EhZHbVo7C9Ta45TIR9c9zxAlPh1wgGkJDH0b1+YiPjw+YEmB6MAclu7WJg\/bDVlisTrTLZaKrmwubFgXWn5hMycj6TSWaPHKTftlQlJaOIptcFLwer5wjurSGqWdkQnFDAxrEZH1jIwpNgGXFIyg7KJuJaEjpH92q1l+DtQaW0lxENhUja5UVA0eLEXlv1CDPKBfdFuQ+WinijejSG\/ZhuuAbImF4KB3x4pB2nfCtU4bOym2ip3SqCZWrC7uH0c44Yd9WhsJVYt2qMlgOBl7KOWBZVQmH1wPHTrnNSxY4Tslmv5N2bFL2uaoEm2yucxQf0VUuOBS6Hycgy6wHPm\/GV+pKN2zry6GUoGdfJUpELan1KGpsV2kJdh0Ws6dEva15GfbmXXhBrUdRa+prBVGntoqSfmpwkHVKI54294yOHIAzyACDqAeFMnRWtrUE+VkFsI\/WQ6\/zrXdVlaDcEQZDnBHGG10oW5yG4n2+NqWA7Ds2oeAXS1HyqQ7GOAN0B8uQsSAftjNykyObkJGSC4tXL9qnInj3cuRVnXNsgugqJ4LB4YIudioi1eV2OK1l2LomHxnP2hGi18NXgkqNWWAXF43e060I04UDYVG+eoy7xbeNx4b8BekocXxfXa8\/I3pPyRnYdETdgTCIOiVSKP\/b8SFVt7LTaJzZeff8lM4UdZrbOfeBFZ0bm1rlBp2dxzcsEtss6lzvlCv68c7Txs5FG47LpYbOlUZjZ0rZAbks\/O97nUV3GzsLGnyLDc8YO41PvtPZ7lsUWjt3PC7WPbSx078Xoqvb8c6ND4lj\/u65sv7ENCelc9Hz73R+9b9yE\/82D63v\/KxrncJXYyvr5KJSy71q571n7+40PrFLVFa3A\/83pdP46I7Or9Slc9cpkWKYekZ6JD+6FEvVKQfpNzux9smVsByTzYpJs2GaKOf9Orxwf2KDtdYK67YyVH4s1weI+YnsXimCIhAZIa7z1Kd\/XHB+CnG1JnpEaqMiFIZpAdsTjRCRxgxZf2L6l5kIfisfOS819Ri21ptMiAqSC4PiguNDDwxGg6isbvrbDcAee\/cwntB\/nRL5DFMYReLOxAQkqJMJac+UIfdmG0q2NMn2Pojuf2GKCRkvWNGsVMwN3cN350MXfgEvIrrKhOqNsv7END8HZatS4H1lLXZdgodaz6oxkTRRcpZosLS5ZyT6KiGiu+JpbZXLZ3P9eS0soRkoeWEF0u7xFdHUsbJxsMRVnuOwUy74eFp5z4gIQSHiH63wXNR9mxCEhgFNTYF9IMDrcMAZESnvOxENzvCHkdcDZ20BynYDCdNFd34gZ0SxyK6893A5ymt984MTCdPcGDi3lMPqf3LnlBUbd\/LBVBrZvCftKH9hK1wT4mGYIFcOhhJgzQfg6Lqe02H2z0z4ZufG7hrzOrFxgxX6+XPBAXE6H8MURjXI9X\/hLsGEjCIXjL\/bivzE7rs5vUXOzUHa6Epk3WVCapIJKaU65Dx2jvDqRWcuRP7fNyE\/KQGmeSYkZFgR\/5BJthKNHI41qV1fek1IWYGasEyUlWWdX2DEpSHnZivy5phgMmVg0zEgeHoeyjJbUZwc76uxhAzUTC1A8c98z+kRDdYo5SkGOX9Z8nrc8AbpEDparrgQojfm9gZDF9p\/+BHR4Kg1GSxqskc5eeFxexF8QyiCz+shCCKfyz6MiIjo6qfRAwxERETdGEZERKQ5hhEREWmOYURERJpjGBERkeYYRkREpDmGERERaY5hREREmmMYERGR5hhGRESkOYYRERFpjmFERESaYxgREZHmRp04cYJ\/tZuIiDQ1qq2tjWFERESa4jAdERFpjmFERESaYxgREZHmGEZERKQ5hhEREWmOYURERJpjGBERkeYYRkREpDmGERERaY5hREREmmMYERGR5hhGRESkOYYRERFpbmSHUUcbjn7eJhfOpQWNG4pR0dgil4muLN7TLWhp88qli3BedaM4hOo\/FKP6U7k4nLxtaGlpg7dDLg8ZDT\/jVWLow8hWgFmzZmFWfi36KgPv7md87asa5ZpBEAfYpagpND6PxZnPY3Dv3I6jddWoc7bLZaIrQ0t9CRYnzUJSygIsMCdhVpIZeTuaZatSTuJkLecH5bzqRtGC99+oxvsn5eJwaNuPrb9eoH7WBQvMSJo9C+bMUuz1f9AOL9rOyPlLQoPPeJUZnp7RuAhE1G9H9ZdyuUsL\/rKjDhHjI+Ty4Ox\/KR3P2+XCxYhbjqrK5YiTi0RXnS+rkJ9fh+i8Krz99ttiegNVLz6JBQZ\/ze3H2vTnsVcuDcoVUDd7\/7gCpW4z1r2hfGYxWTbjmaWzMDnY196yKw+5lu5AJu0FPfnkk\/lyfmgcq8Mr+2+D+bZaWFvvxtwpYbJB+LIGJaWhmJ16Bu+dvgMPTR\/vW3\/mKPZWb0PFzlrYbAdweqwek8KVo8iL5sZX8GK5Hc6vvsRnH9rwWdCtuG38aNn2Oir+VI3dPV6jULrQ72KUcSLad7+Csm21oj0ek06J99\/0GcYaJyFc2czbgkP1O7F5m7KPD+AKGo\/o8WEIUvfhwf4\/v47DP57f8zMQXc4+2Ibid8ZhyVN3wVddQQi+YTzGXSdmvc1oLH8RL+9x4ouvPsOHts\/w3Vtug1JO3s\/34s+vV2BnrQ22A6cx9keiRv5O3QHwWWDdKMPXr+F4xBR85yNZf\/tc+G5ENMZf56sc4DjqXvkLkPgQZtwoV50WNfnaeuwQ+\/\/g8+9i\/KTxCPNv3tGGQ29VYP0Opf5FHXpvwLjIcIwW7d7jjXh942uo\/k\/l9\/oS1+p+jHHX+1\/o14z6dX\/CqcRcPHCbrNVrRqv7ULZs+7Qaa158HZ+4voLrgB22r8cifpJ6BlDbKsp3oPas+lcMdI7p4zPSeRmme0ZhuGtWIg7tfFPEQrdDO7fiyL1JiOt1LDXvLMWGQ2G4wxCHuAnNWP\/zTJR8qLR4RNc6HOHi+PrezaJNtE+JCFVfc3TzMjz83B6E3CbWR7dgi3hNgc0\/rq10obdg86rl+NWOFkyMnogQZfXJ91H9xvuiVbJXoOidVkQo73sb8J\/5C5H3Bu8R0RUsegomi37P2\/V93OM53Yb28HBch+8hWjnmDVMwTrmuEyfzHWUbcOjaO9Qam+haj+wlJdjvv+\/So26U4esKrFuZh2dqAb3YPtr7BvIXLcPW4+oGZ2trRMGSZdjyTbTY\/x0I2VuEhb\/ciqPq\/ltQ\/Wsz8nbDV\/+3fR9H3nkXXyjniI9L8eDiUhyJ9NV+tPhcf9nvUV7US4T42GNwyFqLo2eNP3rhPhUK8bFx3YRYdT9x0TKIbAXIzNkCT7TyviHYU7QQyzYfVdsUA59j6GIN2wMM18QlwXyqFnUOuULEUt07wLx7Y3GNXOMXkVqAosdTkThzBmYsyEPOzBZ89LHSpQ5H9Mw46McA46aKNtEee6O4MmmpxuoyYHGROJhmifX35aLo0XGoLa8WZeV3FO\/+7X6UFuci9T6x75vl6kDGHJTmZ8KsvO+sbCxfeBP2fhAYn0RXmB+YkZ8Xi72\/NSNp0XKU7jqENn+o\/CAaM+L0GINxmKYc8zNjcZMaRhFI\/W0RchckqjWW+n9ykNjyEfZ\/ob6qT4cizFj9hK9mzcuK8MjUQ3jb1vcw2P7y3+PdafkoXWYW+09E5m\/zYD4uLkDVm1CHsN8+BjP+OdNX\/7NSkZv\/ACaLMGr+aC9aJpuReZ+v9s0ZK5E72xckvcU+XIgHQiqwONmM7FVb0Xjcn0rBuMkwA9N+CIwRoaPsZ4Ze2cd+rFv1LmJ\/XYocZf+zRNA8aUbzHzegUfn3NahzDF2M4XuaLigWd5m+wfY35ej0vmpshzjY+wqFDi9aHI2o212Huh3rUXVAru\/PgffFNVIb\/vtPxSj+g29a\/19fA5868LncRPEP\/zRDFN5AvGhz7vW979tbsaXOLdcTXbnCE\/Owefs6FKRMxN4Xs2F+MA\/VgYXRlzMtONQo6kDUQtWrVfhYru5P9C3R4jTvF44IcbLH33xLPTVj\/weiN3G0GiWyVoufr8JHouXo58ppPQ73L5mI6l8twPLSahxq6e7aRMxZjDlflODBfynA1sajAz8hN2YyMp\/bjs0ly\/EPf60SPbV5WFyqnCX6cXw\/PlJ+rbdLus4hxTvEb9VxFEeVEB7kOYYu3PCFkTD5nnm4bucb6pVGY3UVJqaYRVe7F9GFL35wHrLX1uHEt2L5+mjIXvTAxv0EM5Qut39KysLKXy84e\/\/9EQfd1sfm4f7fVeHQabF8zQ8RPUEZWCe6Coy+CbH3iZ7\/tiqsnPoRiv+junt4upc2WzEWpGSjtP4ElBIM\/1E0vudrumQmxiZ216ohEQ88vhLZRp3adlPqamxftxz\/eKoKuWlJWFBQixYleMbEIXdDFVbfH47\/XpONpORlWP\/xQMNkwQjXz0Bm\/qvY\/v8eQPDWlVinDvf3ZyJifxpwDvnpA1j+62zE+c8\/F3uOoQENaxjh5ntgjqpF9a5qVL8TiznTz06Z5up1qB7zAIqU4TSlOyy60VN+IBv7ExqGMV98i7A43\/bdU7TvwYTBsG9B6YfTsWLtyq5hgDt+1HsAkegKFzQG0wxTAE8b+v6SQjOqX61G6MKi7qHy6VMwTrZevBCMCQW+DoroVatyyF0KHh+H1CdKUbV5JWLfLcB6\/9Oz4vePnp2Nope3Y126FxUlgxsmC466A7HhbWjt6xaTYvQYhOJrhET0\/J26hi4vxTmGBjS8YYQIJN47GXWii1s33Yy7+vuv+NdWeGQX3OusQMVu33yXINGddnbfWMTkOZg3vg6lz9d1j4d3eHH0+Pk+fOCB569y9nQdNrwe8B5EV6AWx14c+iLge0Sn92NzVSPCb5ssqlFQHx46ioO9xpq+7TprizraXIFauXTxwvHTe2egeXMRKpzdQ3DelqNoUb\/304JmZ8DvO1qnPrCk8H7p30YRDJ3yFEKfmrG38WjA94i8aN61BbWnY3GHvxsjcq\/50KHuYbvwnyJpejMq\/qMi4KEHL1o+b\/H9LpfsHEP9GeYwEv\/Np89BLMbALHof3ddB3SLmZCP173ZgWbIZC1PMePCP4ch+NFa2KiIwZ+EctJQvRpJoT1K+LBsUjczVBUg8WgTz7Fm+L9HOnocn3xrgjmtvhvuRazyE4vlmLEgzw5z7EZKWmc9xj4noMne0CrmLRJ0oNaFMKctRd1MeirIn+9rHzcHipBasz0yCOSUJBTZRX4+k4prty0R9LYTZ\/CBKr89Gzu2+zS+FMYkrsO7RCLz58yTf7ySmpMz12KuGxxd4c+X9SJot6vBB8XsnLUdjXAEy48Sl4r71yJynfHl3IRaYZ8H8KpD9y\/t8odrD13h\/TTbMyfIzz0rCwvJWzPn3ZzBHjrLE3Z+NifXPiM8nav3nW0V8jUFi3jrkjH0T2Undr8v8415xiSpcinMMDWhUW1tbp5y\/rHjbWvDtd8IxRn26pw\/KN6jFUTLm+l6Rpvz5D7E+NHxMn2F3TmfE6\/92DcLHXNCriS5LSj152kP6rwtx3LeJE3J3vYn6avkW11wvtu\/11YtLSfkTRd8G91Hn\/jru4\/2V13i+G3ruGlXOEafFTkb3dx6Rn7H3vxP1dQN89os9x1CfLtswIiKikWPYh+mIiIh6YxgREZHmGEZERKQ5hhEREWmOYURERJpjGBERkeYYRkREpDmGERERaY5hREREmmMYERGR5hhGRESkOYYRERFpjmFERESaG3XixAn+1W4iItLUqE5BzhMREWmCw3RERKQ5hhEREWmOYURERJpjGBERkeYYRkREpDmGERERaY5hREREmmMYERGR5hhGRESkOYYRERFpjmFERESaYxgREZHmGEZERKS5yzOMvC44j3nlQl8csKwqhOWgXOzLQQsKV1nElkR0bl543G54Bio7oiE0tGG0Ox\/xpmI0yUVVhw35M+Jheq7HWmBfMUzxeag5A7i25CH9yUq4ZNPZ3LDvsMB+Qi4KXo9HlFOAE3ZYdtjFlkQjm+038YiP7znl18vGDjesRRkwzUiAKTkZpoR4JP\/KAmeHbCcaJkMbRjEGGDx2vHdELiuaGtAgfnjqG3r0Wpz77PBMM8IwGoi8\/wVY1qQgUradWxNK5hfBLpeIyM8F56dAwtMWWCzd0\/I42XzGgQ\/\/Zzb+YBF12SAmaxlMzkIsX8cxBRpeQxtGOgPiJzlh39fdP2mq3YXrHshA8skaWLuG2dz4sNEJvdEAnbJk34qyLYG9Gg+cO8tQuKoQhS9Z4DjVLtcLXhdspWuxy9OEjUr7qnLY\/C8MCgFOOWB5SVlfiLKdDnh4xUcjUNj1Ouh03VNosGwINSLn6TTE3CCXg2OQPDcKrmZ\/ESlD4pVweD1o2lai1lFJhQ0uZRiiR205RZX6uWFbXwbbSS9ctYF1K5qUeq3w70fUOOuRpCG+ZxQJgzESdptdDqE50FDvQUxMOowzXWholANxHR\/CvicS8QZfX6j9sBUWqxO+yPHA9ps0pL90ALpYI4w3NmPt0hfQJHpQqlMetIviug7h0MeJ9ripiLhWto09gPWPl8CpE+tjdTjwUgbSnrX1HM4juqodgfOwHlE3KveEPPCe8+TvheNjJyLHKpeFCmVIfBPylyzF1jO3iPrSw\/PnXKRmZyEjYy2abxS1pQ+G9dl0rNjhD7B2OK3lKH48F4VNOvEacZH5SRkysrKQtWA5rKOnqvXo3JKDjNW9hutpxBryBxj0txsA+4e+IbljdjScNGG2MRTxMxPgqLf5ej9NYn2QAVNvVRZ6OWbB2jdDkPFsMbLuSUDCPVkoXjETOCPbx+qRYLwFoSL47kwU7YkGRPmDqtmDO1eUIGe+fN3TKWjfaeVwHo0wDpQsUO4JmZCg3K9dXAJ7dzempyMbsbHegEXz9XKFwoVgUwHyHxCvT0zBiidSEPpJCwy\/lzU5PxcFi6Ngr2kIGM0Qr9Kno2RZiniNCVl5WTAca0LYkjKs8NfjYya4q3f1vKdMI9aQhxFiDUjw2NDwibjG2tMAx\/R4GIKAYOX+0D4rGsTR67DZ4JlugIitszkPwBFqRPwkuayYcidi5OzAYjA18HVjIxHZETDER3TVM2KFVd4PUu8JbUXODy3IecLSIzhUJ2uQt7QSUYWFSB4r10lREwPu4OpEHYnaunOKXBaCg4KBVo8czfDR3zxRzgm670MHPe68PVSuEMR5AJ5WtPqWaIQb+jAabYBxmgsNex3qcJ3BaIA6XK2LR8Ltdtj2uHCgydW9vi8RkQiXs0R0npSTvl9wJJIXpSJyj73HA0Q4ZUX+wyXAsnLkTw8IDKJhMvRhJK6HDEY9HB9vREO9HvHT\/GPROhin62G1lcG+J3B9L8pDCAdF7yhwrPtMK+\/7EF2o9lZ8o9SVnxJEC4vhFUFUcHc\/dUg0xIYhjIDImKkIfasGNRHxMEyQK4VIQzwi3zx7fQ9xJqSE1qC8wikDyAvnlo2wqvOSeuXnxIHAR8iJSL1PazsScOl2qgllz1ciZH4yjMqyxyaCKB\/unxUidxrgdrvlNJiHHYgunWEJI8TEI14ERmRiAgJvi+LWBJgixM+\/n9pzfaAgAx55LgNhG9KRYFK+lGdCQXsK0gLvBUUk45H73ChLE\/tLSuj+Qh\/RSHfajpIlCd1feE1aCuvkApQv8911dVWtRY3bC\/uaLCQnJwdMS1HZrG5CNCxGdQpy\/rLnPeUBwkIRHDgGHuiMBx6EItT\/NB0R+YjacP+PKB+dqB+5iuhyckWFERERXZ2GZ5iOiIhoAAwjIiLSHMOIiIg0xzAiIiLNMYyIiEhzDCMiItIcw4iIiDTHMCIiIs0xjIiISHMMIyIi0hzDiIiINMcwIiIizTGMiIhIc6NOnDjBv9pNRESa4v9CgoiINMdhOiIi0hzDiIiINMcwIiIizTGMiIhIcwwjIiLSHMOIiIg0xzAiIiLNMYyIiEhzDCMiItIcw4iIiDTHMCIiIs0xjIiISHMMIyIi0hzDiIiINMcwIiIizTGMiIhIcwwjIiLSHMOIiIg0xzAiIiLNMYyIiEhzDCMiItIcw4iIiDTHMCIiIs0xjIiISGPA\/wcsoZWg7rhtMwAAAABJRU5ErkJggg==\" alt=\"\"><\/p>","protected":false},"excerpt":{"rendered":"<p>Tegund:&nbsp;4213.8.SS<\/p>","protected":false},"featured_media":77896,"comment_status":"closed","ping_status":"closed","template":"","meta":[],"product_brand":[],"product_cat":[597,517,676],"product_tag":[],"class_list":{"0":"post-37591","1":"product","2":"type-product","3":"status-publish","4":"has-post-thumbnail","6":"product_cat-hurdabunadur-lykillausnir","7":"product_cat-lykillausnir","8":"product_cat-sylinder","10":"first","11":"instock","12":"taxable","13":"shipping-taxable","14":"purchasable","15":"product-type-simple"},"yoast_head":"<!-- This site is optimized with the Yoast SEO plugin v27.3 - https:\/\/yoast.com\/product\/yoast-seo-wordpress\/ -->\n<title>BRITON Sylinderskiltasett PZ 4213.8.SS - V\u00e9lar &amp; Verkf\u00e6ri<\/title>\n<meta name=\"robots\" content=\"index, follow, max-snippet:-1, max-image-preview:large, max-video-preview:-1\" \/>\n<link rel=\"canonical\" href=\"https:\/\/velarogverkfaeri.is\/en\/lykillausnir\/hurdabunadur-lykillausnir\/sylinder\/product\/briton-sylinderskiltasett-pz-4213-8-ss\/\" \/>\n<meta property=\"og:locale\" content=\"en_US\" \/>\n<meta property=\"og:type\" content=\"article\" \/>\n<meta property=\"og:title\" content=\"BRITON Sylinderskiltasett PZ 4213.8.SS - V\u00e9lar &amp; Verkf\u00e6ri\" \/>\n<meta property=\"og:description\" content=\"Tegund:&nbsp;4213.8.SS\" \/>\n<meta property=\"og:url\" content=\"https:\/\/velarogverkfaeri.is\/en\/lykillausnir\/hurdabunadur-lykillausnir\/sylinder\/product\/briton-sylinderskiltasett-pz-4213-8-ss\/\" \/>\n<meta property=\"og:site_name\" content=\"V\u00e9lar &amp; Verkf\u00e6ri\" \/>\n<meta property=\"article:publisher\" content=\"https:\/\/www.facebook.com\/VelarOgVerkfaeri\" \/>\n<meta property=\"article:modified_time\" content=\"2026-02-25T10:30:57+00:00\" \/>\n<meta name=\"twitter:card\" content=\"summary_large_image\" \/>\n<script type=\"application\/ld+json\" class=\"yoast-schema-graph\">{\"@context\":\"https:\\\/\\\/schema.org\",\"@graph\":[{\"@type\":\"WebPage\",\"@id\":\"https:\\\/\\\/velarogverkfaeri.is\\\/lykillausnir\\\/hurdabunadur-lykillausnir\\\/sylinder\\\/product\\\/briton-sylinderskiltasett-pz-4213-8-ss\\\/\",\"url\":\"https:\\\/\\\/velarogverkfaeri.is\\\/lykillausnir\\\/hurdabunadur-lykillausnir\\\/sylinder\\\/product\\\/briton-sylinderskiltasett-pz-4213-8-ss\\\/\",\"name\":\"BRITON Sylinderskiltasett PZ 4213.8.SS - V\u00e9lar &amp; Verkf\u00e6ri\",\"isPartOf\":{\"@id\":\"https:\\\/\\\/velarogverkfaeri.is\\\/en\\\/#website\"},\"primaryImageOfPage\":{\"@id\":\"https:\\\/\\\/velarogverkfaeri.is\\\/lykillausnir\\\/hurdabunadur-lykillausnir\\\/sylinder\\\/product\\\/briton-sylinderskiltasett-pz-4213-8-ss\\\/#primaryimage\"},\"image\":{\"@id\":\"https:\\\/\\\/velarogverkfaeri.is\\\/lykillausnir\\\/hurdabunadur-lykillausnir\\\/sylinder\\\/product\\\/briton-sylinderskiltasett-pz-4213-8-ss\\\/#primaryimage\"},\"thumbnailUrl\":\"https:\\\/\\\/velarogverkfaeri.is\\\/wp-content\\\/uploads\\\/2025\\\/11\\\/8a7f01c9-2f44-4f2f-a711-f3395a5af439.png\",\"datePublished\":\"2023-06-08T19:05:41+00:00\",\"dateModified\":\"2026-02-25T10:30:57+00:00\",\"breadcrumb\":{\"@id\":\"https:\\\/\\\/velarogverkfaeri.is\\\/lykillausnir\\\/hurdabunadur-lykillausnir\\\/sylinder\\\/product\\\/briton-sylinderskiltasett-pz-4213-8-ss\\\/#breadcrumb\"},\"inLanguage\":\"en-US\",\"potentialAction\":[{\"@type\":\"ReadAction\",\"target\":[\"https:\\\/\\\/velarogverkfaeri.is\\\/lykillausnir\\\/hurdabunadur-lykillausnir\\\/sylinder\\\/product\\\/briton-sylinderskiltasett-pz-4213-8-ss\\\/\"]}]},{\"@type\":\"ImageObject\",\"inLanguage\":\"en-US\",\"@id\":\"https:\\\/\\\/velarogverkfaeri.is\\\/lykillausnir\\\/hurdabunadur-lykillausnir\\\/sylinder\\\/product\\\/briton-sylinderskiltasett-pz-4213-8-ss\\\/#primaryimage\",\"url\":\"https:\\\/\\\/velarogverkfaeri.is\\\/wp-content\\\/uploads\\\/2025\\\/11\\\/8a7f01c9-2f44-4f2f-a711-f3395a5af439.png\",\"contentUrl\":\"https:\\\/\\\/velarogverkfaeri.is\\\/wp-content\\\/uploads\\\/2025\\\/11\\\/8a7f01c9-2f44-4f2f-a711-f3395a5af439.png\",\"width\":702,\"height\":367},{\"@type\":\"BreadcrumbList\",\"@id\":\"https:\\\/\\\/velarogverkfaeri.is\\\/lykillausnir\\\/hurdabunadur-lykillausnir\\\/sylinder\\\/product\\\/briton-sylinderskiltasett-pz-4213-8-ss\\\/#breadcrumb\",\"itemListElement\":[{\"@type\":\"ListItem\",\"position\":1,\"name\":\"Home\",\"item\":\"https:\\\/\\\/velarogverkfaeri.is\\\/\"},{\"@type\":\"ListItem\",\"position\":2,\"name\":\"Vefverslun\",\"item\":\"https:\\\/\\\/velarogverkfaeri.is\\\/vefverslun\\\/\"},{\"@type\":\"ListItem\",\"position\":3,\"name\":\"BRITON Sylinderskiltasett PZ 4213.8.SS\"}]},{\"@type\":\"WebSite\",\"@id\":\"https:\\\/\\\/velarogverkfaeri.is\\\/en\\\/#website\",\"url\":\"https:\\\/\\\/velarogverkfaeri.is\\\/en\\\/\",\"name\":\"V\u00e9lar & Verkf\u00e6ri\",\"description\":\"Umbo\u00f0s- og heildverslun fr\u00e1 \u00e1rinu 1919\",\"publisher\":{\"@id\":\"https:\\\/\\\/velarogverkfaeri.is\\\/en\\\/#organization\"},\"potentialAction\":[{\"@type\":\"SearchAction\",\"target\":{\"@type\":\"EntryPoint\",\"urlTemplate\":\"https:\\\/\\\/velarogverkfaeri.is\\\/en\\\/?s={search_term_string}\"},\"query-input\":{\"@type\":\"PropertyValueSpecification\",\"valueRequired\":true,\"valueName\":\"search_term_string\"}}],\"inLanguage\":\"en-US\"},{\"@type\":\"Organization\",\"@id\":\"https:\\\/\\\/velarogverkfaeri.is\\\/en\\\/#organization\",\"name\":\"V\u00e9lar & Verkf\u00e6ri\",\"url\":\"https:\\\/\\\/velarogverkfaeri.is\\\/en\\\/\",\"logo\":{\"@type\":\"ImageObject\",\"inLanguage\":\"en-US\",\"@id\":\"https:\\\/\\\/velarogverkfaeri.is\\\/en\\\/#\\\/schema\\\/logo\\\/image\\\/\",\"url\":\"https:\\\/\\\/velarogverkfaeri.is\\\/wp-content\\\/uploads\\\/2021\\\/10\\\/vv_logo_350x100.png\",\"contentUrl\":\"https:\\\/\\\/velarogverkfaeri.is\\\/wp-content\\\/uploads\\\/2021\\\/10\\\/vv_logo_350x100.png\",\"width\":350,\"height\":100,\"caption\":\"V\u00e9lar & Verkf\u00e6ri\"},\"image\":{\"@id\":\"https:\\\/\\\/velarogverkfaeri.is\\\/en\\\/#\\\/schema\\\/logo\\\/image\\\/\"},\"sameAs\":[\"https:\\\/\\\/www.facebook.com\\\/VelarOgVerkfaeri\"]}]}<\/script>\n<!-- \/ Yoast SEO plugin. -->","yoast_head_json":{"title":"BRITON Sylinderskiltasett PZ 4213.8.SS - V\u00e9lar &amp; Verkf\u00e6ri","robots":{"index":"index","follow":"follow","max-snippet":"max-snippet:-1","max-image-preview":"max-image-preview:large","max-video-preview":"max-video-preview:-1"},"canonical":"https:\/\/velarogverkfaeri.is\/en\/lykillausnir\/hurdabunadur-lykillausnir\/sylinder\/product\/briton-sylinderskiltasett-pz-4213-8-ss\/","og_locale":"en_US","og_type":"article","og_title":"BRITON Sylinderskiltasett PZ 4213.8.SS - V\u00e9lar &amp; Verkf\u00e6ri","og_description":"Tegund:&nbsp;4213.8.SS","og_url":"https:\/\/velarogverkfaeri.is\/en\/lykillausnir\/hurdabunadur-lykillausnir\/sylinder\/product\/briton-sylinderskiltasett-pz-4213-8-ss\/","og_site_name":"V\u00e9lar &amp; Verkf\u00e6ri","article_publisher":"https:\/\/www.facebook.com\/VelarOgVerkfaeri","article_modified_time":"2026-02-25T10:30:57+00:00","twitter_card":"summary_large_image","schema":{"@context":"https:\/\/schema.org","@graph":[{"@type":"WebPage","@id":"https:\/\/velarogverkfaeri.is\/lykillausnir\/hurdabunadur-lykillausnir\/sylinder\/product\/briton-sylinderskiltasett-pz-4213-8-ss\/","url":"https:\/\/velarogverkfaeri.is\/lykillausnir\/hurdabunadur-lykillausnir\/sylinder\/product\/briton-sylinderskiltasett-pz-4213-8-ss\/","name":"BRITON Sylinderskiltasett PZ 4213.8.SS - V\u00e9lar &amp; Verkf\u00e6ri","isPartOf":{"@id":"https:\/\/velarogverkfaeri.is\/en\/#website"},"primaryImageOfPage":{"@id":"https:\/\/velarogverkfaeri.is\/lykillausnir\/hurdabunadur-lykillausnir\/sylinder\/product\/briton-sylinderskiltasett-pz-4213-8-ss\/#primaryimage"},"image":{"@id":"https:\/\/velarogverkfaeri.is\/lykillausnir\/hurdabunadur-lykillausnir\/sylinder\/product\/briton-sylinderskiltasett-pz-4213-8-ss\/#primaryimage"},"thumbnailUrl":"https:\/\/velarogverkfaeri.is\/wp-content\/uploads\/2025\/11\/8a7f01c9-2f44-4f2f-a711-f3395a5af439.png","datePublished":"2023-06-08T19:05:41+00:00","dateModified":"2026-02-25T10:30:57+00:00","breadcrumb":{"@id":"https:\/\/velarogverkfaeri.is\/lykillausnir\/hurdabunadur-lykillausnir\/sylinder\/product\/briton-sylinderskiltasett-pz-4213-8-ss\/#breadcrumb"},"inLanguage":"en-US","potentialAction":[{"@type":"ReadAction","target":["https:\/\/velarogverkfaeri.is\/lykillausnir\/hurdabunadur-lykillausnir\/sylinder\/product\/briton-sylinderskiltasett-pz-4213-8-ss\/"]}]},{"@type":"ImageObject","inLanguage":"en-US","@id":"https:\/\/velarogverkfaeri.is\/lykillausnir\/hurdabunadur-lykillausnir\/sylinder\/product\/briton-sylinderskiltasett-pz-4213-8-ss\/#primaryimage","url":"https:\/\/velarogverkfaeri.is\/wp-content\/uploads\/2025\/11\/8a7f01c9-2f44-4f2f-a711-f3395a5af439.png","contentUrl":"https:\/\/velarogverkfaeri.is\/wp-content\/uploads\/2025\/11\/8a7f01c9-2f44-4f2f-a711-f3395a5af439.png","width":702,"height":367},{"@type":"BreadcrumbList","@id":"https:\/\/velarogverkfaeri.is\/lykillausnir\/hurdabunadur-lykillausnir\/sylinder\/product\/briton-sylinderskiltasett-pz-4213-8-ss\/#breadcrumb","itemListElement":[{"@type":"ListItem","position":1,"name":"Home","item":"https:\/\/velarogverkfaeri.is\/"},{"@type":"ListItem","position":2,"name":"Vefverslun","item":"https:\/\/velarogverkfaeri.is\/vefverslun\/"},{"@type":"ListItem","position":3,"name":"BRITON Sylinderskiltasett PZ 4213.8.SS"}]},{"@type":"WebSite","@id":"https:\/\/velarogverkfaeri.is\/en\/#website","url":"https:\/\/velarogverkfaeri.is\/en\/","name":"V\u00e9lar & Verkf\u00e6ri","description":"Umbo\u00f0s- og heildverslun fr\u00e1 \u00e1rinu 1919","publisher":{"@id":"https:\/\/velarogverkfaeri.is\/en\/#organization"},"potentialAction":[{"@type":"SearchAction","target":{"@type":"EntryPoint","urlTemplate":"https:\/\/velarogverkfaeri.is\/en\/?s={search_term_string}"},"query-input":{"@type":"PropertyValueSpecification","valueRequired":true,"valueName":"search_term_string"}}],"inLanguage":"en-US"},{"@type":"Organization","@id":"https:\/\/velarogverkfaeri.is\/en\/#organization","name":"V\u00e9lar & Verkf\u00e6ri","url":"https:\/\/velarogverkfaeri.is\/en\/","logo":{"@type":"ImageObject","inLanguage":"en-US","@id":"https:\/\/velarogverkfaeri.is\/en\/#\/schema\/logo\/image\/","url":"https:\/\/velarogverkfaeri.is\/wp-content\/uploads\/2021\/10\/vv_logo_350x100.png","contentUrl":"https:\/\/velarogverkfaeri.is\/wp-content\/uploads\/2021\/10\/vv_logo_350x100.png","width":350,"height":100,"caption":"V\u00e9lar & Verkf\u00e6ri"},"image":{"@id":"https:\/\/velarogverkfaeri.is\/en\/#\/schema\/logo\/image\/"},"sameAs":["https:\/\/www.facebook.com\/VelarOgVerkfaeri"]}]}},"_links":{"self":[{"href":"https:\/\/velarogverkfaeri.is\/en\/wp-json\/wp\/v2\/product\/37591","targetHints":{"allow":["GET"]}}],"collection":[{"href":"https:\/\/velarogverkfaeri.is\/en\/wp-json\/wp\/v2\/product"}],"about":[{"href":"https:\/\/velarogverkfaeri.is\/en\/wp-json\/wp\/v2\/types\/product"}],"replies":[{"embeddable":true,"href":"https:\/\/velarogverkfaeri.is\/en\/wp-json\/wp\/v2\/comments?post=37591"}],"wp:featuredmedia":[{"embeddable":true,"href":"https:\/\/velarogverkfaeri.is\/en\/wp-json\/wp\/v2\/media\/77896"}],"wp:attachment":[{"href":"https:\/\/velarogverkfaeri.is\/en\/wp-json\/wp\/v2\/media?parent=37591"}],"wp:term":[{"taxonomy":"product_brand","embeddable":true,"href":"https:\/\/velarogverkfaeri.is\/en\/wp-json\/wp\/v2\/product_brand?post=37591"},{"taxonomy":"product_cat","embeddable":true,"href":"https:\/\/velarogverkfaeri.is\/en\/wp-json\/wp\/v2\/product_cat?post=37591"},{"taxonomy":"product_tag","embeddable":true,"href":"https:\/\/velarogverkfaeri.is\/en\/wp-json\/wp\/v2\/product_tag?post=37591"}],"curies":[{"name":"wp","href":"https:\/\/api.w.org\/{rel}","templated":true}]}}