{"id":37453,"date":"2023-06-08T19:04:58","date_gmt":"2023-06-08T19:04:58","guid":{"rendered":"https:\/\/vv-dev.webdev.is\/uncategorized\/product\/tecnolumen-bordlampi-sf28-krom-hannadur-1928-i-svithjod\/"},"modified":"2025-04-25T16:56:33","modified_gmt":"2025-04-25T16:56:33","slug":"tecnolumen-bordlampi-sf28-krom-hannadur-1928-i-svithjod","status":"publish","type":"product","link":"https:\/\/velarogverkfaeri.is\/en\/honnunarlausnir\/lampar\/bordlampar\/product\/tecnolumen-bordlampi-sf28-krom-hannadur-1928-i-svithjod\/","title":{"rendered":"TECNOLUMEN Bauhaus Bor\u00f0lampi"},"content":{"rendered":"<p>\u00deessi lampah\u00f6nnun var \u00fer\u00f3u\u00f0 af h\u00f3pi arkitekta \u00far s\u00e6nsku virknihreyfingunni, sem kom fram \u00e1 sama t\u00edma og Bauhaus-t\u00edmabili\u00f0. Svipa\u00f0ur lampi var framleiddur af Gispen \u00ed Hollandi \u00e1 sama t\u00edma \u2013 enn og aftur var h\u00e1lfk\u00fala sett lauslega \u00e1 gleri\u00f0.<\/p>\n<p>F\u00e6g\u00f0a \u00e1lhettan helst \u00e1 glerk\u00falunni \u00ed gegnum n\u00faning eing\u00f6ngu. \u00deessi bor\u00f0lampi hefur haldi\u00f0 hagkv\u00e6mni sinni \u00ed gegnum \u00e1rin \u00fe\u00f6kk s\u00e9 h\u00f6nnuninni.<\/p>\n<p>Bor\u00f0lampi \u00far kr\u00f3mu\u00f0um og svartl\u00f6kku\u00f0um m\u00e1lmi, f\u00e1ga\u00f0 \u00e1li, \u00f3palgleri.<\/p>\n<p>Hver lampi er n\u00famera\u00f0ur \u00ed r\u00f6\u00f0 og ber TECNOLUMEN innsigli\u00f0.<\/p>\n<p><\/p>\n<p>R\u00e1\u00f0lag\u00f0ur lj\u00f3sgjafi: LED drop 4,3 W, matt<\/p>\n<p><img decoding=\"async\" src=\"data:image\/png;base64,iVBORw0KGgoAAAANSUhEUgAAARgAAAA+CAYAAADwDAQTAAAAAXNSR0IArs4c6QAAAARnQU1BAACxjwv8YQUAAAAJcEhZcwAADsMAAA7DAcdvqGQAABGJSURBVHhe7Z0JcBRFF8cfeICoiAhogERAUVBQCEIEBLQUSUQkeCBeCEoSoxwqBhRRBDGgiEKCcllKeYIKSdQYtDhEC5QjUPihYgmKSSRK8AIFBKW\/\/r\/0JpvN7uzM7s7u7NK\/qmF3enqW7ez0m9fvmjpCQhqNRmMDddWrRqPRhBwtYDQajW1oAaPRaGxDCxiNRmMbWsBoNBrb0AJGo9HYhhYwGo3GNnzGwdSpU0e9iy78hfVE67iAHlt0Eqtj8zcuYChgvvvuO7UXHbRt29bUjxlt4wJ6bHpsTsLMuIChgPnxxx8pISFBtTibkpISOvvss03\/mOeee65qcT47duywdKHqsTkDK2OLxbkGtA0mSP777z\/asGEDffLJJ1Xbxo0buV2jOdbRAiYAdu3aRQ8\/\/DClpKRQ48aNKSkpia644oqqrVu3btSkSRO69tpr6ZFHHuH+Gs2xiBYwFvjnn39o7NixdP7559PTTz9NO3fupMGDB9OkSZNowYIFVFhYyK\/Yv\/HGG+nbb7+l6dOnc\/\/x48fToUOH1Cdp7ObgwYM0c+ZM+vXXX1VL7IPrccaMGXxjO+OMM+i0006jCy+8kG6\/\/Xb69NNPVS\/rjBgxgtavX6\/2LCLXUV7BIbkuVHvOB9\/VYDhVoI9cy6s98xw+fFj07duXz09LSxMrV65UR4xZsWIF98d5OF8undQR8+D72jm2SBLqsUkhLp5\/\/nlx1lln8Tm7d+9WR8KPlbEFM9eWLl0qLr74YtGgQQMxbNgwkZubKz788ENux99CChg+1qFDByEFjTrLHBkZGeK8884TO3bsUC3m5xrw2SvYQYcbuwXMtGnT+Nzs7GzVYg2ch\/Pxg1sl1JNQiE0iJ76FiFdbev4e1e5B8eyqPn77BkioxgbBkpOTI+Li4riva4tlAVNaWirkklwkJCSI+fPniwMHDqgjtcHfZ9GiRfz3SU9PF\/v371dHfHPfffeJNm3aiO3bt6uWSrSAMQB9zE3CmuAO0bVrV7UXGDg\/KSlJ7ZknVJPQxaZZUljckydYVOzOE+lScOQU86GasIAZIfJsnKPBjk0uW8WcOXNEixYtuI\/nFqsCZt26daJZs2YsBPA3MMtff\/0lMjMzxUUXXSR++ukn1VqbMWPGsODatm2baqnGioDRNhiT1K9fn5o2bar2AuP0009X7yJJBZVuly\/t4olHE9eTUvoTbSutwF7UcOTIEZo3bx67rUeOHElysqgjNXnqqafopZdeYhuCvN5Va3QD296VV15JN910E0nhSieeeKI64p+TTz6ZXnzxRT63U6dOXuNvHnroIXrnnXfovffeYxtOMGgBY5IhQ4aQXNfS8uXLVYs1Xn31Vfr444\/5cyJLU0qdW0YlY7qo\/RIqLVRvLVBRkEYJmTmUm9mSEhKwpVH+5nzK4Pdyy8yXosxeED\/ij+LiYnrsscfo0ksvpVatWrFX75tvvlFHow+EP8Cx0L9\/fxYugTJx4kRKS0ujm2++mf7991\/VSuwdfe211+j9998nqbWr1iCoVGRqg0N6iVSNu5FX3gHEwYMH1RFjysrKxOTJk\/k8nI\/PsUqwywhDlJ3F9xLJ3QZTvVzakz\/CbX+PyLvHbdmlbDxeP9ODYMeG5cELL7zgd4m0a9cuMWnSJNG6dWtu79ixo5g+fbooKSnh43ZgZWxm5xoMuI0bNxZ\/\/vmnagkcOBwSExP5M8GECRP4s6W2x\/u+sLJE8tnLyqCdgN0CBkCoZGVlCamSiuOPP17069dPSGkvVq1aJaTayoazr776SkgtRyxYsED06tWL\/z+plgp5x2BDWyAEOwl9o4y9VYLBAw8bDNtuZm3i9yxg3M7DsWoDcKXACYeAcWHWyHv06FGxZs0aNnTid0EfCP6tW7eqHqHDytjMzDV89\/j4eDFlyhTVEjyrV68WzZs35+uzYcOGYu3ateqIb7SAMQB9rE3C2uzcuZPdfm3bthWNGjXiz\/Tc8GPJ9Ssfh2EtGEI1CT1hgWHBiOsuVJwmYFy43NRnnnkmn2Nk5MUNA56Vdu3aCbncYsNmKDQDF1bGZmauwcWMvnKJp1pCA1z69evXZ8FrBisCRttgAqBNmzZ06qmn0i233EJ79+6lzz\/\/nOSFStOmTePXL774gn777Te6\/vrr2TgMw5rj2JxDg2YSpeRmU2qcajNDYQmVqLdOpF69enT\/\/ffTDz\/8wIF2RgZQ\/DZ33nknSa2TFi5cSG+99RbnDq1YsUL1cBbIbZKaMwduhgpcsxUVFTR06FDq3bu3ag0dWsAEyXHHHccGRFyoMJDhFakDaHcuxZSb+gxR\/zk0daBvzxgbchNyZG83+idQNKTknXTSSfTggw9yRKs\/6tatS3fffTendFxzzTV09dVX05NPPqmOOgepCdMpp5xiyrhtBkT9wgAOg3HLli1Va2jR2dRuPPDAA+qdf+CdkGq44Q9TWlpKe\/bsoS5dXB4b\/0j1Xr2rJtQZx8WzW0rtZRzllYwmw29Wnk8ZSYWUsn4hazl8HhWwBwrCp8vy\/lQ8N5Xd3Ti2oNUWms8Cq4LyMztTaVoZjUrkT\/KJE7Op8RtkZWXxzQIu7kAndKizqd9880267bbbaP\/+\/SxoggFjhABGesvLL7\/M3iS4rs1gJZs6NAJGqtsJuCN6kJXv7QKTd8+EgTRD7aXkui7Kmu0uvH9GbUIhYBo0aBBRgYoxHDhwQO1VE9pJWDn5R3u6pqU2A2FBEByjiHKUUGFBMqpIdaoWSrEsYACWSTfccAPnlAUqZEItYLZv307t27dnoQBNK1Byc3Np9OjRVFBQQNdddx21bt2a1qxZY\/ratyJg0MkrOARjjiksRHyajiLlY+YNkPiuBsOpAn3khar2aiLVaiHX7WovvOD\/xf\/vDXzfYMdmlprGWvsJ59issnHjRlGvXj1x1113sQfHKlbGZnauwXgttRi1Zx2EWOD\/W7ZsGe\/DJd2pUyd+bxazcw2E2QZjPoq0YkMhFcm1YU8rBkhNcMgl0QK5dEo3sMscS1xyySX0xhtv0CuvvML2CieAqOXFixcHlCWOTP97772X3n77bRo0aBC3IdJ52LBh\/N4OwixgzEaRVtDa5VItdwkiTXiIS6X5\/uwyxxhYJsFWAWMoliiRZtSoUWzA9marMwJ2loyMDLbjuGwtiCz\/7LPPSGpovG8HkfUibV7LNpcO8R5ipHwtFUnBk9VLX+qayJOdnU3x8fG1wuojAWq8zJ8\/n+sMDRgwQLUagzQVeMnwitAKgJQDuPOfe+45DrmwixAKmCIaneTKS8Hm4d6sRbWrdIinIbC8RH5aCsU7cXkEz0rVGFtS7mbVXgsYOqv7ZRREVzKhLxAzgcRC9xKh7lssglgaxMhs27aNEywjza233spu9A8++ICWLVumWr0DjQXeMGgwd9xxh2olmjt3Lifv2rk8YpQtphY4ZIeR14VRFGkNQ7BJwmPkVTk3KlzeaNw1Il1NGKydYuT1BcLwXXk8s2fP5ldvm5k6I+44YWxmkROVw+qPHDmiWoyxMjbTc00hNSkuIdK+fXvVUpslS5bwZyNtxZ29e\/cKqQl5LcVgBgcbeRWGUaTFtA7Hkns60P5SaTNKaaXceYk9KUvqWqXllbvVVNqQqsbAxuwiKtoQnVoMag\/DrYmALKjZiFBevXp1jW3ChAmqd+yCTOzdu3dztnGkQSDnE088wZnh0Kw8gWaDJR1KMyBr2h0Ye1HuIdhSDGaIgIDxE0Xqyy7jCLrQqJIyFeshKS+l2j+tb4p2OTnI3ju4iFGiAgZBxE9AzUZw4eWXX15jQ3xGrIMQ\/eTkZLaBOAEI\/EaNGnFcjDuo4wLjtNQ6KTMzU7VW427otZuwC5ji2QimG0d5KkDLk4rS\/8l\/x1EPE8F1kYZd6V5tRYHVWHEaX375JbsxUYCob9++qtUYqRWrd7HJ8OHDuXhVeXkttTXsnHDCCayFyKWYaiGuWTRw4EA23sLj5AmM1F9\/\/TX16dNHtdiLjUZeb4ZNFQdDz9Agt37VxYmKaTGiRsf2dL6rtDyfJvJ3vcdasmAUAcMgLkg8JcEsSJ6D1uNt+\/vvv1Wv6AUV+7E8Wbp0qWqJLCiihcha8NFHH7FnCTE7vtJefvnlF35FmktYqDTF1AaHrBqeIkl4jLwulLE3frZQ5l4PKuuseJYvqDIOe8GJRt7Bgwdz7VYzoC4O\/n+jTV7cqnc1kRpbMKB+DIpt+8PK2AKda6jJ2717d356BeoUoTi9ESg1AmN9MDjfyBvlVBRM4FyerHxfQWkJFN9fvXWjyjgcJeDZQs2bN1d75ti3bx+uPK9bs2bNVK\/oBmUN1q1b54indzZs2JC+\/\/57zilCMCAy+o1AiEGHDh3Unv1oAWOVqqVRgakkTE3sIbU6fggfHnQWadq1a8fLHoT+o86uP2Cg9mabsQstYCxRQflTRlIRMo+r0h280ZR6JqdQ0fK1lbYljkxOoZRuTvSMaazSsWNHfoWxNJLA2AxbC2revPvuu\/zUCn8bnqNu1mAfCrSAsYTyDhWOpC7uRurZiFlWkbvKYN10YDblkOqXNJLIauW4AEG9EE8XcqAblgEoxmSFQMoaRBsob4AqhZEUMKhHhGURYlxQUgL5SRAgqNJ39OhRNqjDUwSPkmvr3r0715IJJ7rglBuoBzN16lRObrMO6tnMo3hVR8UqcCtCxQ22HgzUXzyQPxQgPP6cc85h16c\/Xn\/9dY6RsVoMyan1YDxBcBqSBY2YMmUK20FchLoejIutW7dy8CNSBp599lm2u8ycOZP\/7sgrcr0i3gW\/nwskNuKxOb6eIWWW8NeDcQBmLdvo48sbYd6LVBtODTDwEvnDiV6kAQMGiOTkZLVnjMuLtG\/fPtVijkiNzSoIzUdFf3wPbxtC7z2Lu1sZm9m5hvB+fA8UKHcxfvx4MXToUFFeXs7HUbwbz6VGigC8SnhcC7bhw4dzqkOwmJ1rQC+RQkTTgQvdylDEBkjywxMUrYC7cSziCs33hZzkthd3xxMdEeeCpdGsWbNUayVI4YiLi2MPEZZGCAhETBLidVyJqFu2bFG9w4cWMBqfwENh9SmI8qal3sUeyErGEyU8gZEVuVp2guUWhEu\/fv28PtERKQwo87ly5UpatWoVF8lC7hRSBlw2tc6dO6ve4UMLGI1P4I5Fch8ewWIWxGVAi\/G2oQB6NAMtxltUs93aC552AK0FmgnKLHgD+WJXXXUVJzHCZf3oo4\/SkiVLOBHy0KFDqlf4NUxt5HXDZeSNFKEw8voaWyDgu+AB6YmJiVym0QiXkRcGYXg0vIG7qCfRYuR1AQ8Nvi+C2wC0l7KyMvbeeBIKIy8+GwW+8WQKaCXegJEXAgYaDj7r999\/5xsD8qVcr4cPH+a+CJwMp5FXCxg3IGAijZMEDNi0aRN17dqVevTowSUAfOWwxLoXyR14ZxAOAOD985X3E6yA+fnnn1m4IKHRqEQEvFeTJ0+myy67jC644AJq0qQJexIh\/LBBu8J3wJIJtXzxdwwGLWAMcNKFapZIT0IEcSG9H3dpaCFwxaJ8gzvIvM7LyzsmBAy0GEz6P\/74g+eIr6dHBiNg8MRQCBe4mREuYAQM8bAPoS6Pr6c+4rtiqQtNB0IoGKwIGG2D0fgFgVyIAIWQwSNZodXgjum+QbgcKyD4EFoD7BxGj6YNFAgD2Fwwif0JF4CyDdCqIPgx+fEESJdhF3Y0PPMIr\/gNgxUulpFSyCs4JKWq2nM++K4Gw6kCfeSdUO1FB\/i+emyxPTbXXEPJUbnUEampqbxvFcS\/yCWR6NOnD29SgxK9e\/cO6LlOvjA714DWYDQaB4HlZXp6esAaIcqZPv7441UaDKJ9Fy1axMuwSKAFjEbjMNyr\/wfCuHHjahT6Qu5UpDA08koVT+1FB1aMhdGGHpsem5MwMy5gKGCiETM\/ZrSixxadxOrY\/I0L+BQwGo1GEyzaBqPRaGxDCxiNRmMbWsBoNBrb0AJGo9HYhhYwGo3GNrSA0Wg0NkH0f73BgKOD701\/AAAAAElFTkSuQmCC\" alt=\"\"><\/p>","protected":false},"excerpt":{"rendered":"<p>Tegund:&nbsp;SF 28<\/p>\n<p>ATH a\u00f0eins 1 stk til \u00e1 lager<\/p>","protected":false},"featured_media":37451,"comment_status":"closed","ping_status":"closed","template":"","meta":[],"product_brand":[],"product_cat":[575,518,546],"product_tag":[851,849],"class_list":{"0":"post-37453","1":"product","2":"type-product","3":"status-publish","4":"has-post-thumbnail","6":"product_cat-bordlampar","7":"product_cat-honnunarlausnir","8":"product_cat-lampar","9":"product_tag-lampadagar","10":"product_tag-tecnolumen","12":"first","13":"instock","14":"taxable","15":"shipping-taxable","16":"purchasable","17":"product-type-simple"},"yoast_head":"<!-- This site is optimized with the Yoast SEO plugin v27.3 - https:\/\/yoast.com\/product\/yoast-seo-wordpress\/ -->\n<title>TECNOLUMEN Bauhaus Bor\u00f0lampi - V\u00e9lar &amp; Verkf\u00e6ri<\/title>\n<meta name=\"robots\" content=\"index, follow, max-snippet:-1, max-image-preview:large, max-video-preview:-1\" \/>\n<link rel=\"canonical\" href=\"https:\/\/velarogverkfaeri.is\/en\/honnunarlausnir\/lampar\/bordlampar\/product\/tecnolumen-bordlampi-sf28-krom-hannadur-1928-i-svithjod\/\" \/>\n<meta property=\"og:locale\" content=\"en_US\" \/>\n<meta property=\"og:type\" content=\"article\" \/>\n<meta property=\"og:title\" content=\"TECNOLUMEN Bauhaus Bor\u00f0lampi - V\u00e9lar &amp; Verkf\u00e6ri\" \/>\n<meta property=\"og:description\" content=\"Tegund:&nbsp;SF 28ATH a\u00f0eins 1 stk til \u00e1 lager\" \/>\n<meta property=\"og:url\" content=\"https:\/\/velarogverkfaeri.is\/en\/honnunarlausnir\/lampar\/bordlampar\/product\/tecnolumen-bordlampi-sf28-krom-hannadur-1928-i-svithjod\/\" \/>\n<meta property=\"og:site_name\" content=\"V\u00e9lar &amp; Verkf\u00e6ri\" \/>\n<meta property=\"article:publisher\" content=\"https:\/\/www.facebook.com\/VelarOgVerkfaeri\" \/>\n<meta property=\"article:modified_time\" content=\"2025-04-25T16:56:33+00:00\" \/>\n<meta property=\"og:image\" content=\"https:\/\/velarogverkfaeri.is\/wp-content\/uploads\/2023\/06\/1987ab3c-9a74-4e1a-b52d-ab7278d30e69.png\" \/>\n\t<meta property=\"og:image:width\" content=\"1000\" \/>\n\t<meta property=\"og:image:height\" content=\"1000\" \/>\n\t<meta property=\"og:image:type\" content=\"image\/png\" \/>\n<meta name=\"twitter:card\" content=\"summary_large_image\" \/>\n<meta name=\"twitter:label1\" content=\"Est. reading time\" \/>\n\t<meta name=\"twitter:data1\" content=\"1 minute\" \/>\n<script type=\"application\/ld+json\" class=\"yoast-schema-graph\">{\"@context\":\"https:\\\/\\\/schema.org\",\"@graph\":[{\"@type\":\"WebPage\",\"@id\":\"https:\\\/\\\/velarogverkfaeri.is\\\/honnunarlausnir\\\/lampar\\\/bordlampar\\\/product\\\/tecnolumen-bordlampi-sf28-krom-hannadur-1928-i-svithjod\\\/\",\"url\":\"https:\\\/\\\/velarogverkfaeri.is\\\/honnunarlausnir\\\/lampar\\\/bordlampar\\\/product\\\/tecnolumen-bordlampi-sf28-krom-hannadur-1928-i-svithjod\\\/\",\"name\":\"TECNOLUMEN Bauhaus Bor\u00f0lampi - V\u00e9lar &amp; Verkf\u00e6ri\",\"isPartOf\":{\"@id\":\"https:\\\/\\\/velarogverkfaeri.is\\\/en\\\/#website\"},\"primaryImageOfPage\":{\"@id\":\"https:\\\/\\\/velarogverkfaeri.is\\\/honnunarlausnir\\\/lampar\\\/bordlampar\\\/product\\\/tecnolumen-bordlampi-sf28-krom-hannadur-1928-i-svithjod\\\/#primaryimage\"},\"image\":{\"@id\":\"https:\\\/\\\/velarogverkfaeri.is\\\/honnunarlausnir\\\/lampar\\\/bordlampar\\\/product\\\/tecnolumen-bordlampi-sf28-krom-hannadur-1928-i-svithjod\\\/#primaryimage\"},\"thumbnailUrl\":\"https:\\\/\\\/velarogverkfaeri.is\\\/wp-content\\\/uploads\\\/2023\\\/06\\\/1987ab3c-9a74-4e1a-b52d-ab7278d30e69.png\",\"datePublished\":\"2023-06-08T19:04:58+00:00\",\"dateModified\":\"2025-04-25T16:56:33+00:00\",\"breadcrumb\":{\"@id\":\"https:\\\/\\\/velarogverkfaeri.is\\\/honnunarlausnir\\\/lampar\\\/bordlampar\\\/product\\\/tecnolumen-bordlampi-sf28-krom-hannadur-1928-i-svithjod\\\/#breadcrumb\"},\"inLanguage\":\"en-US\",\"potentialAction\":[{\"@type\":\"ReadAction\",\"target\":[\"https:\\\/\\\/velarogverkfaeri.is\\\/honnunarlausnir\\\/lampar\\\/bordlampar\\\/product\\\/tecnolumen-bordlampi-sf28-krom-hannadur-1928-i-svithjod\\\/\"]}]},{\"@type\":\"ImageObject\",\"inLanguage\":\"en-US\",\"@id\":\"https:\\\/\\\/velarogverkfaeri.is\\\/honnunarlausnir\\\/lampar\\\/bordlampar\\\/product\\\/tecnolumen-bordlampi-sf28-krom-hannadur-1928-i-svithjod\\\/#primaryimage\",\"url\":\"https:\\\/\\\/velarogverkfaeri.is\\\/wp-content\\\/uploads\\\/2023\\\/06\\\/1987ab3c-9a74-4e1a-b52d-ab7278d30e69.png\",\"contentUrl\":\"https:\\\/\\\/velarogverkfaeri.is\\\/wp-content\\\/uploads\\\/2023\\\/06\\\/1987ab3c-9a74-4e1a-b52d-ab7278d30e69.png\",\"width\":1000,\"height\":1000},{\"@type\":\"BreadcrumbList\",\"@id\":\"https:\\\/\\\/velarogverkfaeri.is\\\/honnunarlausnir\\\/lampar\\\/bordlampar\\\/product\\\/tecnolumen-bordlampi-sf28-krom-hannadur-1928-i-svithjod\\\/#breadcrumb\",\"itemListElement\":[{\"@type\":\"ListItem\",\"position\":1,\"name\":\"Home\",\"item\":\"https:\\\/\\\/velarogverkfaeri.is\\\/\"},{\"@type\":\"ListItem\",\"position\":2,\"name\":\"Vefverslun\",\"item\":\"https:\\\/\\\/velarogverkfaeri.is\\\/vefverslun\\\/\"},{\"@type\":\"ListItem\",\"position\":3,\"name\":\"TECNOLUMEN Bauhaus Bor\u00f0lampi\"}]},{\"@type\":\"WebSite\",\"@id\":\"https:\\\/\\\/velarogverkfaeri.is\\\/en\\\/#website\",\"url\":\"https:\\\/\\\/velarogverkfaeri.is\\\/en\\\/\",\"name\":\"V\u00e9lar & Verkf\u00e6ri\",\"description\":\"Umbo\u00f0s- og heildverslun fr\u00e1 \u00e1rinu 1919\",\"publisher\":{\"@id\":\"https:\\\/\\\/velarogverkfaeri.is\\\/en\\\/#organization\"},\"potentialAction\":[{\"@type\":\"SearchAction\",\"target\":{\"@type\":\"EntryPoint\",\"urlTemplate\":\"https:\\\/\\\/velarogverkfaeri.is\\\/en\\\/?s={search_term_string}\"},\"query-input\":{\"@type\":\"PropertyValueSpecification\",\"valueRequired\":true,\"valueName\":\"search_term_string\"}}],\"inLanguage\":\"en-US\"},{\"@type\":\"Organization\",\"@id\":\"https:\\\/\\\/velarogverkfaeri.is\\\/en\\\/#organization\",\"name\":\"V\u00e9lar & Verkf\u00e6ri\",\"url\":\"https:\\\/\\\/velarogverkfaeri.is\\\/en\\\/\",\"logo\":{\"@type\":\"ImageObject\",\"inLanguage\":\"en-US\",\"@id\":\"https:\\\/\\\/velarogverkfaeri.is\\\/en\\\/#\\\/schema\\\/logo\\\/image\\\/\",\"url\":\"https:\\\/\\\/velarogverkfaeri.is\\\/wp-content\\\/uploads\\\/2021\\\/10\\\/vv_logo_350x100.png\",\"contentUrl\":\"https:\\\/\\\/velarogverkfaeri.is\\\/wp-content\\\/uploads\\\/2021\\\/10\\\/vv_logo_350x100.png\",\"width\":350,\"height\":100,\"caption\":\"V\u00e9lar & Verkf\u00e6ri\"},\"image\":{\"@id\":\"https:\\\/\\\/velarogverkfaeri.is\\\/en\\\/#\\\/schema\\\/logo\\\/image\\\/\"},\"sameAs\":[\"https:\\\/\\\/www.facebook.com\\\/VelarOgVerkfaeri\"]}]}<\/script>\n<!-- \/ Yoast SEO plugin. -->","yoast_head_json":{"title":"TECNOLUMEN Bauhaus Bor\u00f0lampi - V\u00e9lar &amp; Verkf\u00e6ri","robots":{"index":"index","follow":"follow","max-snippet":"max-snippet:-1","max-image-preview":"max-image-preview:large","max-video-preview":"max-video-preview:-1"},"canonical":"https:\/\/velarogverkfaeri.is\/en\/honnunarlausnir\/lampar\/bordlampar\/product\/tecnolumen-bordlampi-sf28-krom-hannadur-1928-i-svithjod\/","og_locale":"en_US","og_type":"article","og_title":"TECNOLUMEN Bauhaus Bor\u00f0lampi - V\u00e9lar &amp; Verkf\u00e6ri","og_description":"Tegund:&nbsp;SF 28ATH a\u00f0eins 1 stk til \u00e1 lager","og_url":"https:\/\/velarogverkfaeri.is\/en\/honnunarlausnir\/lampar\/bordlampar\/product\/tecnolumen-bordlampi-sf28-krom-hannadur-1928-i-svithjod\/","og_site_name":"V\u00e9lar &amp; Verkf\u00e6ri","article_publisher":"https:\/\/www.facebook.com\/VelarOgVerkfaeri","article_modified_time":"2025-04-25T16:56:33+00:00","og_image":[{"width":1000,"height":1000,"url":"https:\/\/velarogverkfaeri.is\/wp-content\/uploads\/2023\/06\/1987ab3c-9a74-4e1a-b52d-ab7278d30e69.png","type":"image\/png"}],"twitter_card":"summary_large_image","twitter_misc":{"Est. reading time":"1 minute"},"schema":{"@context":"https:\/\/schema.org","@graph":[{"@type":"WebPage","@id":"https:\/\/velarogverkfaeri.is\/honnunarlausnir\/lampar\/bordlampar\/product\/tecnolumen-bordlampi-sf28-krom-hannadur-1928-i-svithjod\/","url":"https:\/\/velarogverkfaeri.is\/honnunarlausnir\/lampar\/bordlampar\/product\/tecnolumen-bordlampi-sf28-krom-hannadur-1928-i-svithjod\/","name":"TECNOLUMEN Bauhaus Bor\u00f0lampi - V\u00e9lar &amp; Verkf\u00e6ri","isPartOf":{"@id":"https:\/\/velarogverkfaeri.is\/en\/#website"},"primaryImageOfPage":{"@id":"https:\/\/velarogverkfaeri.is\/honnunarlausnir\/lampar\/bordlampar\/product\/tecnolumen-bordlampi-sf28-krom-hannadur-1928-i-svithjod\/#primaryimage"},"image":{"@id":"https:\/\/velarogverkfaeri.is\/honnunarlausnir\/lampar\/bordlampar\/product\/tecnolumen-bordlampi-sf28-krom-hannadur-1928-i-svithjod\/#primaryimage"},"thumbnailUrl":"https:\/\/velarogverkfaeri.is\/wp-content\/uploads\/2023\/06\/1987ab3c-9a74-4e1a-b52d-ab7278d30e69.png","datePublished":"2023-06-08T19:04:58+00:00","dateModified":"2025-04-25T16:56:33+00:00","breadcrumb":{"@id":"https:\/\/velarogverkfaeri.is\/honnunarlausnir\/lampar\/bordlampar\/product\/tecnolumen-bordlampi-sf28-krom-hannadur-1928-i-svithjod\/#breadcrumb"},"inLanguage":"en-US","potentialAction":[{"@type":"ReadAction","target":["https:\/\/velarogverkfaeri.is\/honnunarlausnir\/lampar\/bordlampar\/product\/tecnolumen-bordlampi-sf28-krom-hannadur-1928-i-svithjod\/"]}]},{"@type":"ImageObject","inLanguage":"en-US","@id":"https:\/\/velarogverkfaeri.is\/honnunarlausnir\/lampar\/bordlampar\/product\/tecnolumen-bordlampi-sf28-krom-hannadur-1928-i-svithjod\/#primaryimage","url":"https:\/\/velarogverkfaeri.is\/wp-content\/uploads\/2023\/06\/1987ab3c-9a74-4e1a-b52d-ab7278d30e69.png","contentUrl":"https:\/\/velarogverkfaeri.is\/wp-content\/uploads\/2023\/06\/1987ab3c-9a74-4e1a-b52d-ab7278d30e69.png","width":1000,"height":1000},{"@type":"BreadcrumbList","@id":"https:\/\/velarogverkfaeri.is\/honnunarlausnir\/lampar\/bordlampar\/product\/tecnolumen-bordlampi-sf28-krom-hannadur-1928-i-svithjod\/#breadcrumb","itemListElement":[{"@type":"ListItem","position":1,"name":"Home","item":"https:\/\/velarogverkfaeri.is\/"},{"@type":"ListItem","position":2,"name":"Vefverslun","item":"https:\/\/velarogverkfaeri.is\/vefverslun\/"},{"@type":"ListItem","position":3,"name":"TECNOLUMEN Bauhaus Bor\u00f0lampi"}]},{"@type":"WebSite","@id":"https:\/\/velarogverkfaeri.is\/en\/#website","url":"https:\/\/velarogverkfaeri.is\/en\/","name":"V\u00e9lar & Verkf\u00e6ri","description":"Umbo\u00f0s- og heildverslun fr\u00e1 \u00e1rinu 1919","publisher":{"@id":"https:\/\/velarogverkfaeri.is\/en\/#organization"},"potentialAction":[{"@type":"SearchAction","target":{"@type":"EntryPoint","urlTemplate":"https:\/\/velarogverkfaeri.is\/en\/?s={search_term_string}"},"query-input":{"@type":"PropertyValueSpecification","valueRequired":true,"valueName":"search_term_string"}}],"inLanguage":"en-US"},{"@type":"Organization","@id":"https:\/\/velarogverkfaeri.is\/en\/#organization","name":"V\u00e9lar & Verkf\u00e6ri","url":"https:\/\/velarogverkfaeri.is\/en\/","logo":{"@type":"ImageObject","inLanguage":"en-US","@id":"https:\/\/velarogverkfaeri.is\/en\/#\/schema\/logo\/image\/","url":"https:\/\/velarogverkfaeri.is\/wp-content\/uploads\/2021\/10\/vv_logo_350x100.png","contentUrl":"https:\/\/velarogverkfaeri.is\/wp-content\/uploads\/2021\/10\/vv_logo_350x100.png","width":350,"height":100,"caption":"V\u00e9lar & Verkf\u00e6ri"},"image":{"@id":"https:\/\/velarogverkfaeri.is\/en\/#\/schema\/logo\/image\/"},"sameAs":["https:\/\/www.facebook.com\/VelarOgVerkfaeri"]}]}},"_links":{"self":[{"href":"https:\/\/velarogverkfaeri.is\/en\/wp-json\/wp\/v2\/product\/37453","targetHints":{"allow":["GET"]}}],"collection":[{"href":"https:\/\/velarogverkfaeri.is\/en\/wp-json\/wp\/v2\/product"}],"about":[{"href":"https:\/\/velarogverkfaeri.is\/en\/wp-json\/wp\/v2\/types\/product"}],"replies":[{"embeddable":true,"href":"https:\/\/velarogverkfaeri.is\/en\/wp-json\/wp\/v2\/comments?post=37453"}],"wp:featuredmedia":[{"embeddable":true,"href":"https:\/\/velarogverkfaeri.is\/en\/wp-json\/wp\/v2\/media\/37451"}],"wp:attachment":[{"href":"https:\/\/velarogverkfaeri.is\/en\/wp-json\/wp\/v2\/media?parent=37453"}],"wp:term":[{"taxonomy":"product_brand","embeddable":true,"href":"https:\/\/velarogverkfaeri.is\/en\/wp-json\/wp\/v2\/product_brand?post=37453"},{"taxonomy":"product_cat","embeddable":true,"href":"https:\/\/velarogverkfaeri.is\/en\/wp-json\/wp\/v2\/product_cat?post=37453"},{"taxonomy":"product_tag","embeddable":true,"href":"https:\/\/velarogverkfaeri.is\/en\/wp-json\/wp\/v2\/product_tag?post=37453"}],"curies":[{"name":"wp","href":"https:\/\/api.w.org\/{rel}","templated":true}]}}