{"id":37080,"date":"2023-06-07T14:26:31","date_gmt":"2023-06-07T14:26:31","guid":{"rendered":"https:\/\/vv-dev.webdev.is\/uncategorized\/product\/smartwares-dyrabjalla-video-wifi-dic-23216\/"},"modified":"2025-08-14T09:00:36","modified_gmt":"2025-08-14T09:00:36","slug":"smartwares-dyrabjalla-video-wifi-dic-23216","status":"publish","type":"product","link":"https:\/\/velarogverkfaeri.is\/en\/lykillausnir\/snjallheimili\/myndavelar\/product\/smartwares-dyrabjalla-video-wifi-dic-23216\/","title":{"rendered":"SMARTWARES Wifi Video Dyrabjalla"},"content":{"rendered":"<p>Sko\u00f0a\u00f0u, tala\u00f0u og hlusta\u00f0u \u00e1 gestina \u00fe\u00edna me\u00f0 Smartwares DIC-23216 myndbandsdyrabj\u00f6llunni. Me\u00f0 \u00fev\u00ed a\u00f0 nota Smartwares View appi\u00f0 getur\u00f0u au\u00f0veldlega s\u00e9\u00f0 hver er vi\u00f0 dyrnar \u00fe\u00ednar, jafnvel \u00fe\u00f3 \u00fe\u00fa s\u00e9rt ekki heima. Fyrir frekari hugarr\u00f3 getur\u00f0u spila\u00f0 heims\u00f3knir aftur e\u00f0a teki\u00f0 skyndimyndir.<\/p>\n<p>\u00de\u00fa f\u00e6r\u00f0 a\u00f0v\u00f6run \u00ed gegnum appi\u00f0 \u00e1 snjalls\u00edmanum \u00fe\u00ednum e\u00f0a spjaldt\u00f6lvu \u00feegar einhver hringir dyrabj\u00f6llunni \u00feinni. Svara\u00f0u vi\u00f0v\u00f6runinni og \u00fe\u00fa munt geta s\u00e9\u00f0 hver er vi\u00f0 dyrnar \u00fe\u00ednar, auk \u00feess a\u00f0 geta tala\u00f0 beint vi\u00f0 \u00fe\u00e1. \u00deetta \u00fe\u00fd\u00f0ir a\u00f0 \u00fe\u00fa munt aldrei missa af gestum e\u00f0a afhendingu aftur.<\/p>\n<p>Myndav\u00e9lin tekur upp \u00ed fullum h\u00e1skerpu 720p. \u00dea\u00f0 hefur breitt \u00fats\u00fdnissv\u00e6\u00f0i sem er 160 gr\u00e1\u00f0ur. WiFi myndbandsdyrabjallan hefur innrau\u00f0a n\u00e6tursj\u00f3n og gerir myndav\u00e9linni kleift a\u00f0 taka upp allt a\u00f0 3 metra fjarl\u00e6g\u00f0 jafnvel \u00ed myrkri. H\u00e6fni til a\u00f0 spila allar grunsamlegar heims\u00f3knir \u00e1 n\u00f3ttunni veitir fj\u00f6lskyldu \u00feinni meiri \u00f6ryggistilfinningu.<\/p>\n<p>\u00dear sem engin \u00fe\u00f6rf er fyrir rafl\u00f6gn er dyrabj\u00f6llan kn\u00fain af endurhla\u00f0anlegum rafhl\u00f6\u00f0um sem endast \u00e1 milli 4-6 m\u00e1nu\u00f0i e\u00f0a \u00fe\u00fa hefur m\u00f6guleika \u00e1 har\u00f0v\u00edra me\u00f0 millistykki sem au\u00f0velt er a\u00f0 setja upp. \u00dea\u00f0 er ve\u00f0ur\u00feoli\u00f0 me\u00f0 IP55 verndareinkunn. H\u00e6gt er a\u00f0 tengja DIC-23216 mynddyrabj\u00f6lluna vi\u00f0 WiFi me\u00f0 \u00fev\u00ed a\u00f0 nota Smartwares View appi\u00f0 sem er \u00ed bo\u00f0i \u00e1 b\u00e6\u00f0i Android e\u00f0a IOS.&nbsp;<\/p>\n<p>Auktu \u00f6ryggi heimilisins me\u00f0 \u00fev\u00ed a\u00f0 sko\u00f0a gesti aftur \u00ed gegnum SD-Card-MAX 32GB, (ekki innifali\u00f0) e\u00f0a me\u00f0 \u00fev\u00ed a\u00f0 nota \u00d3KEYPIS appi\u00f0 (f\u00e1anlegt \u00e1 b\u00e6\u00f0i iOS og Android) \u00e1 snjalls\u00edmanum \u00fe\u00ednum e\u00f0a spjaldt\u00f6lvu. B\u00fa\u00f0u til \u00feitt eigi\u00f0 lykilor\u00f0 fyrir h\u00e1marks\u00f6ryggi. Forriti\u00f0 og mynddyrabjallan nota net\u00fej\u00f3na sem byggir \u00e1 ESB og er \u00ed samr\u00e6mi vi\u00f0 n\u00fdjustu pers\u00f3nuverndarl\u00f6ggj\u00f6fina, sem tryggir a\u00f0 g\u00f6gnin \u00fe\u00edn s\u00e9u \u00f6rugg og \u00f6rugg. H\u00e6gt er a\u00f0 geyma allar myndbandsuppt\u00f6kur \u00e1 netinu \u00e1 \u00fe\u00ednum eigin Google Drive reikningi.<\/p>\n<p><\/p>\n<p>Hva\u00f0 er \u00ed kassanum?<\/p>\n<p>Mynddyrabjalla, 15V\/1,5A millistykki, veggfesting, 2 m DC sn\u00faru, 3x 1 m l\u00e1s\/hli\u00f0 sn\u00faru, skr\u00fafur, innstungur, skr\u00fafj\u00e1rn, 2x vi\u00f0v\u00f6runarl\u00edmmi\u00f0i, lei\u00f0beiningarhandb\u00f3k.<\/p>","protected":false},"excerpt":{"rendered":"<p>Tegund:&nbsp;DIC-23216<\/p>","protected":false},"featured_media":37079,"comment_status":"closed","ping_status":"closed","template":"","meta":[],"product_brand":[],"product_cat":[633,581,517,859,853],"product_tag":[],"class_list":{"0":"post-37080","1":"product","2":"type-product","3":"status-publish","4":"has-post-thumbnail","6":"product_cat-dyrabjollur-dyrasimar-og-dyrabjollur-lykillausnir","7":"product_cat-dyrasimar-og-dyrabjollur-lykillausnir","8":"product_cat-lykillausnir","9":"product_cat-myndavelar","10":"product_cat-snjallheimili","12":"first","13":"instock","14":"taxable","15":"shipping-taxable","16":"purchasable","17":"product-type-simple"},"yoast_head":"<!-- This site is optimized with the Yoast SEO plugin v27.3 - https:\/\/yoast.com\/product\/yoast-seo-wordpress\/ -->\n<title>SMARTWARES Wifi Video Dyrabjalla - V\u00e9lar &amp; Verkf\u00e6ri<\/title>\n<meta name=\"robots\" content=\"index, follow, max-snippet:-1, max-image-preview:large, max-video-preview:-1\" \/>\n<link rel=\"canonical\" href=\"https:\/\/velarogverkfaeri.is\/en\/lykillausnir\/snjallheimili\/myndavelar\/product\/smartwares-dyrabjalla-video-wifi-dic-23216\/\" \/>\n<meta property=\"og:locale\" content=\"en_US\" \/>\n<meta property=\"og:type\" content=\"article\" \/>\n<meta property=\"og:title\" content=\"SMARTWARES Wifi Video Dyrabjalla - V\u00e9lar &amp; Verkf\u00e6ri\" \/>\n<meta property=\"og:description\" content=\"Tegund:&nbsp;DIC-23216\" \/>\n<meta property=\"og:url\" content=\"https:\/\/velarogverkfaeri.is\/en\/lykillausnir\/snjallheimili\/myndavelar\/product\/smartwares-dyrabjalla-video-wifi-dic-23216\/\" \/>\n<meta property=\"og:site_name\" content=\"V\u00e9lar &amp; Verkf\u00e6ri\" \/>\n<meta property=\"article:publisher\" content=\"https:\/\/www.facebook.com\/VelarOgVerkfaeri\" \/>\n<meta property=\"article:modified_time\" content=\"2025-08-14T09:00:36+00:00\" \/>\n<meta property=\"og:image\" content=\"https:\/\/velarogverkfaeri.is\/wp-content\/uploads\/2023\/06\/2b9695f2-af88-4676-a975-e9ddb64879b1.jpeg\" \/>\n\t<meta property=\"og:image:width\" content=\"1821\" \/>\n\t<meta property=\"og:image:height\" content=\"2520\" \/>\n\t<meta property=\"og:image:type\" content=\"image\/jpeg\" \/>\n<meta name=\"twitter:card\" content=\"summary_large_image\" \/>\n<meta name=\"twitter:label1\" content=\"Est. reading time\" \/>\n\t<meta name=\"twitter:data1\" content=\"2 minutes\" \/>\n<script type=\"application\/ld+json\" class=\"yoast-schema-graph\">{\"@context\":\"https:\\\/\\\/schema.org\",\"@graph\":[{\"@type\":\"WebPage\",\"@id\":\"https:\\\/\\\/velarogverkfaeri.is\\\/lykillausnir\\\/snjallheimili\\\/myndavelar\\\/product\\\/smartwares-dyrabjalla-video-wifi-dic-23216\\\/\",\"url\":\"https:\\\/\\\/velarogverkfaeri.is\\\/lykillausnir\\\/snjallheimili\\\/myndavelar\\\/product\\\/smartwares-dyrabjalla-video-wifi-dic-23216\\\/\",\"name\":\"SMARTWARES Wifi Video Dyrabjalla - V\u00e9lar &amp; Verkf\u00e6ri\",\"isPartOf\":{\"@id\":\"https:\\\/\\\/velarogverkfaeri.is\\\/en\\\/#website\"},\"primaryImageOfPage\":{\"@id\":\"https:\\\/\\\/velarogverkfaeri.is\\\/lykillausnir\\\/snjallheimili\\\/myndavelar\\\/product\\\/smartwares-dyrabjalla-video-wifi-dic-23216\\\/#primaryimage\"},\"image\":{\"@id\":\"https:\\\/\\\/velarogverkfaeri.is\\\/lykillausnir\\\/snjallheimili\\\/myndavelar\\\/product\\\/smartwares-dyrabjalla-video-wifi-dic-23216\\\/#primaryimage\"},\"thumbnailUrl\":\"https:\\\/\\\/velarogverkfaeri.is\\\/wp-content\\\/uploads\\\/2023\\\/06\\\/2b9695f2-af88-4676-a975-e9ddb64879b1.jpeg\",\"datePublished\":\"2023-06-07T14:26:31+00:00\",\"dateModified\":\"2025-08-14T09:00:36+00:00\",\"breadcrumb\":{\"@id\":\"https:\\\/\\\/velarogverkfaeri.is\\\/lykillausnir\\\/snjallheimili\\\/myndavelar\\\/product\\\/smartwares-dyrabjalla-video-wifi-dic-23216\\\/#breadcrumb\"},\"inLanguage\":\"en-US\",\"potentialAction\":[{\"@type\":\"ReadAction\",\"target\":[\"https:\\\/\\\/velarogverkfaeri.is\\\/lykillausnir\\\/snjallheimili\\\/myndavelar\\\/product\\\/smartwares-dyrabjalla-video-wifi-dic-23216\\\/\"]}]},{\"@type\":\"ImageObject\",\"inLanguage\":\"en-US\",\"@id\":\"https:\\\/\\\/velarogverkfaeri.is\\\/lykillausnir\\\/snjallheimili\\\/myndavelar\\\/product\\\/smartwares-dyrabjalla-video-wifi-dic-23216\\\/#primaryimage\",\"url\":\"https:\\\/\\\/velarogverkfaeri.is\\\/wp-content\\\/uploads\\\/2023\\\/06\\\/2b9695f2-af88-4676-a975-e9ddb64879b1.jpeg\",\"contentUrl\":\"https:\\\/\\\/velarogverkfaeri.is\\\/wp-content\\\/uploads\\\/2023\\\/06\\\/2b9695f2-af88-4676-a975-e9ddb64879b1.jpeg\",\"width\":1821,\"height\":2520},{\"@type\":\"BreadcrumbList\",\"@id\":\"https:\\\/\\\/velarogverkfaeri.is\\\/lykillausnir\\\/snjallheimili\\\/myndavelar\\\/product\\\/smartwares-dyrabjalla-video-wifi-dic-23216\\\/#breadcrumb\",\"itemListElement\":[{\"@type\":\"ListItem\",\"position\":1,\"name\":\"Home\",\"item\":\"https:\\\/\\\/velarogverkfaeri.is\\\/\"},{\"@type\":\"ListItem\",\"position\":2,\"name\":\"Vefverslun\",\"item\":\"https:\\\/\\\/velarogverkfaeri.is\\\/vefverslun\\\/\"},{\"@type\":\"ListItem\",\"position\":3,\"name\":\"SMARTWARES Wifi Video Dyrabjalla\"}]},{\"@type\":\"WebSite\",\"@id\":\"https:\\\/\\\/velarogverkfaeri.is\\\/en\\\/#website\",\"url\":\"https:\\\/\\\/velarogverkfaeri.is\\\/en\\\/\",\"name\":\"V\u00e9lar & Verkf\u00e6ri\",\"description\":\"Umbo\u00f0s- og heildverslun fr\u00e1 \u00e1rinu 1919\",\"publisher\":{\"@id\":\"https:\\\/\\\/velarogverkfaeri.is\\\/en\\\/#organization\"},\"potentialAction\":[{\"@type\":\"SearchAction\",\"target\":{\"@type\":\"EntryPoint\",\"urlTemplate\":\"https:\\\/\\\/velarogverkfaeri.is\\\/en\\\/?s={search_term_string}\"},\"query-input\":{\"@type\":\"PropertyValueSpecification\",\"valueRequired\":true,\"valueName\":\"search_term_string\"}}],\"inLanguage\":\"en-US\"},{\"@type\":\"Organization\",\"@id\":\"https:\\\/\\\/velarogverkfaeri.is\\\/en\\\/#organization\",\"name\":\"V\u00e9lar & Verkf\u00e6ri\",\"url\":\"https:\\\/\\\/velarogverkfaeri.is\\\/en\\\/\",\"logo\":{\"@type\":\"ImageObject\",\"inLanguage\":\"en-US\",\"@id\":\"https:\\\/\\\/velarogverkfaeri.is\\\/en\\\/#\\\/schema\\\/logo\\\/image\\\/\",\"url\":\"https:\\\/\\\/velarogverkfaeri.is\\\/wp-content\\\/uploads\\\/2021\\\/10\\\/vv_logo_350x100.png\",\"contentUrl\":\"https:\\\/\\\/velarogverkfaeri.is\\\/wp-content\\\/uploads\\\/2021\\\/10\\\/vv_logo_350x100.png\",\"width\":350,\"height\":100,\"caption\":\"V\u00e9lar & Verkf\u00e6ri\"},\"image\":{\"@id\":\"https:\\\/\\\/velarogverkfaeri.is\\\/en\\\/#\\\/schema\\\/logo\\\/image\\\/\"},\"sameAs\":[\"https:\\\/\\\/www.facebook.com\\\/VelarOgVerkfaeri\"]}]}<\/script>\n<!-- \/ Yoast SEO plugin. -->","yoast_head_json":{"title":"SMARTWARES Wifi Video Dyrabjalla - V\u00e9lar &amp; Verkf\u00e6ri","robots":{"index":"index","follow":"follow","max-snippet":"max-snippet:-1","max-image-preview":"max-image-preview:large","max-video-preview":"max-video-preview:-1"},"canonical":"https:\/\/velarogverkfaeri.is\/en\/lykillausnir\/snjallheimili\/myndavelar\/product\/smartwares-dyrabjalla-video-wifi-dic-23216\/","og_locale":"en_US","og_type":"article","og_title":"SMARTWARES Wifi Video Dyrabjalla - V\u00e9lar &amp; Verkf\u00e6ri","og_description":"Tegund:&nbsp;DIC-23216","og_url":"https:\/\/velarogverkfaeri.is\/en\/lykillausnir\/snjallheimili\/myndavelar\/product\/smartwares-dyrabjalla-video-wifi-dic-23216\/","og_site_name":"V\u00e9lar &amp; Verkf\u00e6ri","article_publisher":"https:\/\/www.facebook.com\/VelarOgVerkfaeri","article_modified_time":"2025-08-14T09:00:36+00:00","og_image":[{"width":1821,"height":2520,"url":"https:\/\/velarogverkfaeri.is\/wp-content\/uploads\/2023\/06\/2b9695f2-af88-4676-a975-e9ddb64879b1.jpeg","type":"image\/jpeg"}],"twitter_card":"summary_large_image","twitter_misc":{"Est. reading time":"2 minutes"},"schema":{"@context":"https:\/\/schema.org","@graph":[{"@type":"WebPage","@id":"https:\/\/velarogverkfaeri.is\/lykillausnir\/snjallheimili\/myndavelar\/product\/smartwares-dyrabjalla-video-wifi-dic-23216\/","url":"https:\/\/velarogverkfaeri.is\/lykillausnir\/snjallheimili\/myndavelar\/product\/smartwares-dyrabjalla-video-wifi-dic-23216\/","name":"SMARTWARES Wifi Video Dyrabjalla - V\u00e9lar &amp; Verkf\u00e6ri","isPartOf":{"@id":"https:\/\/velarogverkfaeri.is\/en\/#website"},"primaryImageOfPage":{"@id":"https:\/\/velarogverkfaeri.is\/lykillausnir\/snjallheimili\/myndavelar\/product\/smartwares-dyrabjalla-video-wifi-dic-23216\/#primaryimage"},"image":{"@id":"https:\/\/velarogverkfaeri.is\/lykillausnir\/snjallheimili\/myndavelar\/product\/smartwares-dyrabjalla-video-wifi-dic-23216\/#primaryimage"},"thumbnailUrl":"https:\/\/velarogverkfaeri.is\/wp-content\/uploads\/2023\/06\/2b9695f2-af88-4676-a975-e9ddb64879b1.jpeg","datePublished":"2023-06-07T14:26:31+00:00","dateModified":"2025-08-14T09:00:36+00:00","breadcrumb":{"@id":"https:\/\/velarogverkfaeri.is\/lykillausnir\/snjallheimili\/myndavelar\/product\/smartwares-dyrabjalla-video-wifi-dic-23216\/#breadcrumb"},"inLanguage":"en-US","potentialAction":[{"@type":"ReadAction","target":["https:\/\/velarogverkfaeri.is\/lykillausnir\/snjallheimili\/myndavelar\/product\/smartwares-dyrabjalla-video-wifi-dic-23216\/"]}]},{"@type":"ImageObject","inLanguage":"en-US","@id":"https:\/\/velarogverkfaeri.is\/lykillausnir\/snjallheimili\/myndavelar\/product\/smartwares-dyrabjalla-video-wifi-dic-23216\/#primaryimage","url":"https:\/\/velarogverkfaeri.is\/wp-content\/uploads\/2023\/06\/2b9695f2-af88-4676-a975-e9ddb64879b1.jpeg","contentUrl":"https:\/\/velarogverkfaeri.is\/wp-content\/uploads\/2023\/06\/2b9695f2-af88-4676-a975-e9ddb64879b1.jpeg","width":1821,"height":2520},{"@type":"BreadcrumbList","@id":"https:\/\/velarogverkfaeri.is\/lykillausnir\/snjallheimili\/myndavelar\/product\/smartwares-dyrabjalla-video-wifi-dic-23216\/#breadcrumb","itemListElement":[{"@type":"ListItem","position":1,"name":"Home","item":"https:\/\/velarogverkfaeri.is\/"},{"@type":"ListItem","position":2,"name":"Vefverslun","item":"https:\/\/velarogverkfaeri.is\/vefverslun\/"},{"@type":"ListItem","position":3,"name":"SMARTWARES Wifi Video Dyrabjalla"}]},{"@type":"WebSite","@id":"https:\/\/velarogverkfaeri.is\/en\/#website","url":"https:\/\/velarogverkfaeri.is\/en\/","name":"V\u00e9lar & Verkf\u00e6ri","description":"Umbo\u00f0s- og heildverslun fr\u00e1 \u00e1rinu 1919","publisher":{"@id":"https:\/\/velarogverkfaeri.is\/en\/#organization"},"potentialAction":[{"@type":"SearchAction","target":{"@type":"EntryPoint","urlTemplate":"https:\/\/velarogverkfaeri.is\/en\/?s={search_term_string}"},"query-input":{"@type":"PropertyValueSpecification","valueRequired":true,"valueName":"search_term_string"}}],"inLanguage":"en-US"},{"@type":"Organization","@id":"https:\/\/velarogverkfaeri.is\/en\/#organization","name":"V\u00e9lar & Verkf\u00e6ri","url":"https:\/\/velarogverkfaeri.is\/en\/","logo":{"@type":"ImageObject","inLanguage":"en-US","@id":"https:\/\/velarogverkfaeri.is\/en\/#\/schema\/logo\/image\/","url":"https:\/\/velarogverkfaeri.is\/wp-content\/uploads\/2021\/10\/vv_logo_350x100.png","contentUrl":"https:\/\/velarogverkfaeri.is\/wp-content\/uploads\/2021\/10\/vv_logo_350x100.png","width":350,"height":100,"caption":"V\u00e9lar & Verkf\u00e6ri"},"image":{"@id":"https:\/\/velarogverkfaeri.is\/en\/#\/schema\/logo\/image\/"},"sameAs":["https:\/\/www.facebook.com\/VelarOgVerkfaeri"]}]}},"_links":{"self":[{"href":"https:\/\/velarogverkfaeri.is\/en\/wp-json\/wp\/v2\/product\/37080","targetHints":{"allow":["GET"]}}],"collection":[{"href":"https:\/\/velarogverkfaeri.is\/en\/wp-json\/wp\/v2\/product"}],"about":[{"href":"https:\/\/velarogverkfaeri.is\/en\/wp-json\/wp\/v2\/types\/product"}],"replies":[{"embeddable":true,"href":"https:\/\/velarogverkfaeri.is\/en\/wp-json\/wp\/v2\/comments?post=37080"}],"wp:featuredmedia":[{"embeddable":true,"href":"https:\/\/velarogverkfaeri.is\/en\/wp-json\/wp\/v2\/media\/37079"}],"wp:attachment":[{"href":"https:\/\/velarogverkfaeri.is\/en\/wp-json\/wp\/v2\/media?parent=37080"}],"wp:term":[{"taxonomy":"product_brand","embeddable":true,"href":"https:\/\/velarogverkfaeri.is\/en\/wp-json\/wp\/v2\/product_brand?post=37080"},{"taxonomy":"product_cat","embeddable":true,"href":"https:\/\/velarogverkfaeri.is\/en\/wp-json\/wp\/v2\/product_cat?post=37080"},{"taxonomy":"product_tag","embeddable":true,"href":"https:\/\/velarogverkfaeri.is\/en\/wp-json\/wp\/v2\/product_tag?post=37080"}],"curies":[{"name":"wp","href":"https:\/\/api.w.org\/{rel}","templated":true}]}}