{"id":37073,"date":"2023-06-07T14:26:30","date_gmt":"2023-06-07T14:26:30","guid":{"rendered":"https:\/\/vv-dev.webdev.is\/uncategorized\/product\/victorinox-hnifur-swiss-army-compact\/"},"modified":"2026-03-31T10:45:18","modified_gmt":"2026-03-31T10:45:18","slug":"victorinox-swiss-army-compact-hnifur","status":"publish","type":"product","link":"https:\/\/velarogverkfaeri.is\/en\/lykillausnir\/hnifar-lykillausnir\/victorinox-hnifar\/product\/victorinox-swiss-army-compact-hnifur\/","title":{"rendered":"VICTORINOX Swiss Army Compact Hn\u00edfur"},"content":{"rendered":"<p>\u00deegar \u00fe\u00fa ert me\u00f0 li\u00f0sforingjahn\u00edf \u00ed hendinni ertu me\u00f0 meira en 100 \u00e1ra Victorinox hef\u00f0. Og hef\u00f0in lifir me\u00f0 Compact vasahn\u00edfnum. Hann er l\u00edtill og l\u00e9ttur en samt pakkar hann 15 a\u00f0ger\u00f0um. Me\u00f0 Compact \u00ed vasanum ertu tilb\u00fainn \u00ed hva\u00f0 sem er \u00ed hversdags\u00e6vint\u00fdrum \u00fe\u00ednum.<\/p>\n<p><b style=\"color: inherit; font-family: inherit; font-size: 18px; white-space: initial;\">Verkf\u00e6rin \u00ed hn\u00edfnum:<\/b><\/p>\n<p>1. St\u00f3rt hn\u00edfsbla\u00f0<\/p>\n<p>2. Tappatogari<\/p>\n<p>3. L\u00edtill skr\u00fafj\u00e1rn 1,5 mm<\/p>\n<p>4. Fl\u00f6skuopnari<\/p>\n<p>5. D\u00f3saopnari<\/p>\n<p>6. Skr\u00fafj\u00e1rn 5 mm<\/p>\n<p>7. V\u00edraklippur<\/p>\n<p>8. Sk\u00e6ri<\/p>\n<p>9. Fj\u00f6lnota kr\u00f3kur<\/p>\n<p>10. Nagla\u00fej\u00f6l<\/p>\n<p>11. Lyklahringur<\/p>\n<p>12. Pinni <\/p>\n<p>13. Fl\u00edsat\u00f6ng<\/p>\n<p>14. Tannst\u00f6ngull<\/p>\n<p>15. K\u00falupenni<\/p>\n<p><\/p>\n<h4 style=\"font-family: &quot;Source Sans Pro&quot;, sans-serif; color: rgb(0, 0, 0); white-space: normal;\">St\u00e6r\u00f0:<\/h4>\n<p>H\u00e6\u00f0: 16 mm<\/p>\n<p>Lengd: 91 mm<\/p>\n<p>Breidd: 26 mm<\/p>\n<p>\u00deyngd: 64 g<\/p>","protected":false},"excerpt":{"rendered":"<p>Tegund:&nbsp;13405<\/p>","protected":false},"featured_media":37072,"comment_status":"closed","ping_status":"closed","template":"","meta":[],"product_brand":[],"product_cat":[833,517,839],"product_tag":[1027,830],"class_list":{"0":"post-37073","1":"product","2":"type-product","3":"status-publish","4":"has-post-thumbnail","6":"product_cat-hnifar-lykillausnir","7":"product_cat-lykillausnir","8":"product_cat-victorinox-hnifar","9":"product_tag-3dagar","10":"product_tag-victorinox","12":"first","13":"instock","14":"taxable","15":"shipping-taxable","16":"purchasable","17":"product-type-simple"},"yoast_head":"<!-- This site is optimized with the Yoast SEO plugin v27.3 - https:\/\/yoast.com\/product\/yoast-seo-wordpress\/ -->\n<title>VICTORINOX Swiss Army Compact Hn\u00edfur - V\u00e9lar &amp; Verkf\u00e6ri<\/title>\n<meta name=\"robots\" content=\"index, follow, max-snippet:-1, max-image-preview:large, max-video-preview:-1\" \/>\n<link rel=\"canonical\" href=\"https:\/\/velarogverkfaeri.is\/en\/lykillausnir\/hnifar-lykillausnir\/victorinox-hnifar\/product\/victorinox-swiss-army-compact-hnifur\/\" \/>\n<meta property=\"og:locale\" content=\"en_US\" \/>\n<meta property=\"og:type\" content=\"article\" \/>\n<meta property=\"og:title\" content=\"VICTORINOX Swiss Army Compact Hn\u00edfur - V\u00e9lar &amp; Verkf\u00e6ri\" \/>\n<meta property=\"og:description\" content=\"Tegund:&nbsp;13405\" \/>\n<meta property=\"og:url\" content=\"https:\/\/velarogverkfaeri.is\/en\/lykillausnir\/hnifar-lykillausnir\/victorinox-hnifar\/product\/victorinox-swiss-army-compact-hnifur\/\" \/>\n<meta property=\"og:site_name\" content=\"V\u00e9lar &amp; Verkf\u00e6ri\" \/>\n<meta property=\"article:publisher\" content=\"https:\/\/www.facebook.com\/VelarOgVerkfaeri\" \/>\n<meta property=\"article:modified_time\" content=\"2026-03-31T10:45:18+00:00\" \/>\n<meta property=\"og:image\" content=\"https:\/\/velarogverkfaeri.is\/wp-content\/uploads\/2023\/06\/5d2d43f4-d055-4e00-8059-55b9610dc1c5.jpeg\" \/>\n\t<meta property=\"og:image:width\" content=\"602\" \/>\n\t<meta property=\"og:image:height\" content=\"526\" \/>\n\t<meta property=\"og:image:type\" content=\"image\/jpeg\" \/>\n<meta name=\"twitter:card\" content=\"summary_large_image\" \/>\n<script type=\"application\/ld+json\" class=\"yoast-schema-graph\">{\"@context\":\"https:\\\/\\\/schema.org\",\"@graph\":[{\"@type\":\"WebPage\",\"@id\":\"https:\\\/\\\/velarogverkfaeri.is\\\/lykillausnir\\\/hnifar-lykillausnir\\\/victorinox-hnifar\\\/product\\\/victorinox-swiss-army-compact-hnifur\\\/\",\"url\":\"https:\\\/\\\/velarogverkfaeri.is\\\/lykillausnir\\\/hnifar-lykillausnir\\\/victorinox-hnifar\\\/product\\\/victorinox-swiss-army-compact-hnifur\\\/\",\"name\":\"VICTORINOX Swiss Army Compact Hn\u00edfur - V\u00e9lar &amp; Verkf\u00e6ri\",\"isPartOf\":{\"@id\":\"https:\\\/\\\/velarogverkfaeri.is\\\/en\\\/#website\"},\"primaryImageOfPage\":{\"@id\":\"https:\\\/\\\/velarogverkfaeri.is\\\/lykillausnir\\\/hnifar-lykillausnir\\\/victorinox-hnifar\\\/product\\\/victorinox-swiss-army-compact-hnifur\\\/#primaryimage\"},\"image\":{\"@id\":\"https:\\\/\\\/velarogverkfaeri.is\\\/lykillausnir\\\/hnifar-lykillausnir\\\/victorinox-hnifar\\\/product\\\/victorinox-swiss-army-compact-hnifur\\\/#primaryimage\"},\"thumbnailUrl\":\"https:\\\/\\\/velarogverkfaeri.is\\\/wp-content\\\/uploads\\\/2023\\\/06\\\/5d2d43f4-d055-4e00-8059-55b9610dc1c5.jpeg\",\"datePublished\":\"2023-06-07T14:26:30+00:00\",\"dateModified\":\"2026-03-31T10:45:18+00:00\",\"breadcrumb\":{\"@id\":\"https:\\\/\\\/velarogverkfaeri.is\\\/lykillausnir\\\/hnifar-lykillausnir\\\/victorinox-hnifar\\\/product\\\/victorinox-swiss-army-compact-hnifur\\\/#breadcrumb\"},\"inLanguage\":\"en-US\",\"potentialAction\":[{\"@type\":\"ReadAction\",\"target\":[\"https:\\\/\\\/velarogverkfaeri.is\\\/lykillausnir\\\/hnifar-lykillausnir\\\/victorinox-hnifar\\\/product\\\/victorinox-swiss-army-compact-hnifur\\\/\"]}]},{\"@type\":\"ImageObject\",\"inLanguage\":\"en-US\",\"@id\":\"https:\\\/\\\/velarogverkfaeri.is\\\/lykillausnir\\\/hnifar-lykillausnir\\\/victorinox-hnifar\\\/product\\\/victorinox-swiss-army-compact-hnifur\\\/#primaryimage\",\"url\":\"https:\\\/\\\/velarogverkfaeri.is\\\/wp-content\\\/uploads\\\/2023\\\/06\\\/5d2d43f4-d055-4e00-8059-55b9610dc1c5.jpeg\",\"contentUrl\":\"https:\\\/\\\/velarogverkfaeri.is\\\/wp-content\\\/uploads\\\/2023\\\/06\\\/5d2d43f4-d055-4e00-8059-55b9610dc1c5.jpeg\",\"width\":602,\"height\":526},{\"@type\":\"BreadcrumbList\",\"@id\":\"https:\\\/\\\/velarogverkfaeri.is\\\/lykillausnir\\\/hnifar-lykillausnir\\\/victorinox-hnifar\\\/product\\\/victorinox-swiss-army-compact-hnifur\\\/#breadcrumb\",\"itemListElement\":[{\"@type\":\"ListItem\",\"position\":1,\"name\":\"Home\",\"item\":\"https:\\\/\\\/velarogverkfaeri.is\\\/\"},{\"@type\":\"ListItem\",\"position\":2,\"name\":\"Vefverslun\",\"item\":\"https:\\\/\\\/velarogverkfaeri.is\\\/vefverslun\\\/\"},{\"@type\":\"ListItem\",\"position\":3,\"name\":\"VICTORINOX Swiss Army Compact Hn\u00edfur\"}]},{\"@type\":\"WebSite\",\"@id\":\"https:\\\/\\\/velarogverkfaeri.is\\\/en\\\/#website\",\"url\":\"https:\\\/\\\/velarogverkfaeri.is\\\/en\\\/\",\"name\":\"V\u00e9lar & Verkf\u00e6ri\",\"description\":\"Umbo\u00f0s- og heildverslun fr\u00e1 \u00e1rinu 1919\",\"publisher\":{\"@id\":\"https:\\\/\\\/velarogverkfaeri.is\\\/en\\\/#organization\"},\"potentialAction\":[{\"@type\":\"SearchAction\",\"target\":{\"@type\":\"EntryPoint\",\"urlTemplate\":\"https:\\\/\\\/velarogverkfaeri.is\\\/en\\\/?s={search_term_string}\"},\"query-input\":{\"@type\":\"PropertyValueSpecification\",\"valueRequired\":true,\"valueName\":\"search_term_string\"}}],\"inLanguage\":\"en-US\"},{\"@type\":\"Organization\",\"@id\":\"https:\\\/\\\/velarogverkfaeri.is\\\/en\\\/#organization\",\"name\":\"V\u00e9lar & Verkf\u00e6ri\",\"url\":\"https:\\\/\\\/velarogverkfaeri.is\\\/en\\\/\",\"logo\":{\"@type\":\"ImageObject\",\"inLanguage\":\"en-US\",\"@id\":\"https:\\\/\\\/velarogverkfaeri.is\\\/en\\\/#\\\/schema\\\/logo\\\/image\\\/\",\"url\":\"https:\\\/\\\/velarogverkfaeri.is\\\/wp-content\\\/uploads\\\/2021\\\/10\\\/vv_logo_350x100.png\",\"contentUrl\":\"https:\\\/\\\/velarogverkfaeri.is\\\/wp-content\\\/uploads\\\/2021\\\/10\\\/vv_logo_350x100.png\",\"width\":350,\"height\":100,\"caption\":\"V\u00e9lar & Verkf\u00e6ri\"},\"image\":{\"@id\":\"https:\\\/\\\/velarogverkfaeri.is\\\/en\\\/#\\\/schema\\\/logo\\\/image\\\/\"},\"sameAs\":[\"https:\\\/\\\/www.facebook.com\\\/VelarOgVerkfaeri\"]}]}<\/script>\n<!-- \/ Yoast SEO plugin. -->","yoast_head_json":{"title":"VICTORINOX Swiss Army Compact Hn\u00edfur - V\u00e9lar &amp; Verkf\u00e6ri","robots":{"index":"index","follow":"follow","max-snippet":"max-snippet:-1","max-image-preview":"max-image-preview:large","max-video-preview":"max-video-preview:-1"},"canonical":"https:\/\/velarogverkfaeri.is\/en\/lykillausnir\/hnifar-lykillausnir\/victorinox-hnifar\/product\/victorinox-swiss-army-compact-hnifur\/","og_locale":"en_US","og_type":"article","og_title":"VICTORINOX Swiss Army Compact Hn\u00edfur - V\u00e9lar &amp; Verkf\u00e6ri","og_description":"Tegund:&nbsp;13405","og_url":"https:\/\/velarogverkfaeri.is\/en\/lykillausnir\/hnifar-lykillausnir\/victorinox-hnifar\/product\/victorinox-swiss-army-compact-hnifur\/","og_site_name":"V\u00e9lar &amp; Verkf\u00e6ri","article_publisher":"https:\/\/www.facebook.com\/VelarOgVerkfaeri","article_modified_time":"2026-03-31T10:45:18+00:00","og_image":[{"width":602,"height":526,"url":"https:\/\/velarogverkfaeri.is\/wp-content\/uploads\/2023\/06\/5d2d43f4-d055-4e00-8059-55b9610dc1c5.jpeg","type":"image\/jpeg"}],"twitter_card":"summary_large_image","schema":{"@context":"https:\/\/schema.org","@graph":[{"@type":"WebPage","@id":"https:\/\/velarogverkfaeri.is\/lykillausnir\/hnifar-lykillausnir\/victorinox-hnifar\/product\/victorinox-swiss-army-compact-hnifur\/","url":"https:\/\/velarogverkfaeri.is\/lykillausnir\/hnifar-lykillausnir\/victorinox-hnifar\/product\/victorinox-swiss-army-compact-hnifur\/","name":"VICTORINOX Swiss Army Compact Hn\u00edfur - V\u00e9lar &amp; Verkf\u00e6ri","isPartOf":{"@id":"https:\/\/velarogverkfaeri.is\/en\/#website"},"primaryImageOfPage":{"@id":"https:\/\/velarogverkfaeri.is\/lykillausnir\/hnifar-lykillausnir\/victorinox-hnifar\/product\/victorinox-swiss-army-compact-hnifur\/#primaryimage"},"image":{"@id":"https:\/\/velarogverkfaeri.is\/lykillausnir\/hnifar-lykillausnir\/victorinox-hnifar\/product\/victorinox-swiss-army-compact-hnifur\/#primaryimage"},"thumbnailUrl":"https:\/\/velarogverkfaeri.is\/wp-content\/uploads\/2023\/06\/5d2d43f4-d055-4e00-8059-55b9610dc1c5.jpeg","datePublished":"2023-06-07T14:26:30+00:00","dateModified":"2026-03-31T10:45:18+00:00","breadcrumb":{"@id":"https:\/\/velarogverkfaeri.is\/lykillausnir\/hnifar-lykillausnir\/victorinox-hnifar\/product\/victorinox-swiss-army-compact-hnifur\/#breadcrumb"},"inLanguage":"en-US","potentialAction":[{"@type":"ReadAction","target":["https:\/\/velarogverkfaeri.is\/lykillausnir\/hnifar-lykillausnir\/victorinox-hnifar\/product\/victorinox-swiss-army-compact-hnifur\/"]}]},{"@type":"ImageObject","inLanguage":"en-US","@id":"https:\/\/velarogverkfaeri.is\/lykillausnir\/hnifar-lykillausnir\/victorinox-hnifar\/product\/victorinox-swiss-army-compact-hnifur\/#primaryimage","url":"https:\/\/velarogverkfaeri.is\/wp-content\/uploads\/2023\/06\/5d2d43f4-d055-4e00-8059-55b9610dc1c5.jpeg","contentUrl":"https:\/\/velarogverkfaeri.is\/wp-content\/uploads\/2023\/06\/5d2d43f4-d055-4e00-8059-55b9610dc1c5.jpeg","width":602,"height":526},{"@type":"BreadcrumbList","@id":"https:\/\/velarogverkfaeri.is\/lykillausnir\/hnifar-lykillausnir\/victorinox-hnifar\/product\/victorinox-swiss-army-compact-hnifur\/#breadcrumb","itemListElement":[{"@type":"ListItem","position":1,"name":"Home","item":"https:\/\/velarogverkfaeri.is\/"},{"@type":"ListItem","position":2,"name":"Vefverslun","item":"https:\/\/velarogverkfaeri.is\/vefverslun\/"},{"@type":"ListItem","position":3,"name":"VICTORINOX Swiss Army Compact Hn\u00edfur"}]},{"@type":"WebSite","@id":"https:\/\/velarogverkfaeri.is\/en\/#website","url":"https:\/\/velarogverkfaeri.is\/en\/","name":"V\u00e9lar & Verkf\u00e6ri","description":"Umbo\u00f0s- og heildverslun fr\u00e1 \u00e1rinu 1919","publisher":{"@id":"https:\/\/velarogverkfaeri.is\/en\/#organization"},"potentialAction":[{"@type":"SearchAction","target":{"@type":"EntryPoint","urlTemplate":"https:\/\/velarogverkfaeri.is\/en\/?s={search_term_string}"},"query-input":{"@type":"PropertyValueSpecification","valueRequired":true,"valueName":"search_term_string"}}],"inLanguage":"en-US"},{"@type":"Organization","@id":"https:\/\/velarogverkfaeri.is\/en\/#organization","name":"V\u00e9lar & Verkf\u00e6ri","url":"https:\/\/velarogverkfaeri.is\/en\/","logo":{"@type":"ImageObject","inLanguage":"en-US","@id":"https:\/\/velarogverkfaeri.is\/en\/#\/schema\/logo\/image\/","url":"https:\/\/velarogverkfaeri.is\/wp-content\/uploads\/2021\/10\/vv_logo_350x100.png","contentUrl":"https:\/\/velarogverkfaeri.is\/wp-content\/uploads\/2021\/10\/vv_logo_350x100.png","width":350,"height":100,"caption":"V\u00e9lar & Verkf\u00e6ri"},"image":{"@id":"https:\/\/velarogverkfaeri.is\/en\/#\/schema\/logo\/image\/"},"sameAs":["https:\/\/www.facebook.com\/VelarOgVerkfaeri"]}]}},"_links":{"self":[{"href":"https:\/\/velarogverkfaeri.is\/en\/wp-json\/wp\/v2\/product\/37073","targetHints":{"allow":["GET"]}}],"collection":[{"href":"https:\/\/velarogverkfaeri.is\/en\/wp-json\/wp\/v2\/product"}],"about":[{"href":"https:\/\/velarogverkfaeri.is\/en\/wp-json\/wp\/v2\/types\/product"}],"replies":[{"embeddable":true,"href":"https:\/\/velarogverkfaeri.is\/en\/wp-json\/wp\/v2\/comments?post=37073"}],"wp:featuredmedia":[{"embeddable":true,"href":"https:\/\/velarogverkfaeri.is\/en\/wp-json\/wp\/v2\/media\/37072"}],"wp:attachment":[{"href":"https:\/\/velarogverkfaeri.is\/en\/wp-json\/wp\/v2\/media?parent=37073"}],"wp:term":[{"taxonomy":"product_brand","embeddable":true,"href":"https:\/\/velarogverkfaeri.is\/en\/wp-json\/wp\/v2\/product_brand?post=37073"},{"taxonomy":"product_cat","embeddable":true,"href":"https:\/\/velarogverkfaeri.is\/en\/wp-json\/wp\/v2\/product_cat?post=37073"},{"taxonomy":"product_tag","embeddable":true,"href":"https:\/\/velarogverkfaeri.is\/en\/wp-json\/wp\/v2\/product_tag?post=37073"}],"curies":[{"name":"wp","href":"https:\/\/api.w.org\/{rel}","templated":true}]}}