{"id":36783,"date":"2023-06-07T14:25:34","date_gmt":"2023-06-07T14:25:34","guid":{"rendered":"https:\/\/vv-dev.webdev.is\/uncategorized\/product\/chamberlain-fjarstyring-4-rasa\/"},"modified":"2026-04-27T13:30:15","modified_gmt":"2026-04-27T13:30:15","slug":"chamberlain-fjarstyring-4-rasa","status":"publish","type":"product","link":"https:\/\/velarogverkfaeri.is\/en\/lykillausnir\/rafdrifnir-opnarar-lykillausnir\/bilskurshurdaopnarar\/product\/chamberlain-fjarstyring-4-rasa\/","title":{"rendered":"CHAMBERLAIN Fjarst\u00fdring 4-r\u00e1sa TX4REV-F"},"content":{"rendered":"<p>H\u00e6gt a\u00f0 nota me\u00f0 eftirfarandi b\u00edlsk\u00farshur\u00f0aropnurum:<\/p>\n<table border=\"0\" cellpadding=\"0\" cellspacing=\"0\" width=\"325\" style=\"width: 244pt;\">\n<colgroup>\n<col width=\"325\" style=\"mso-width-source:userset;mso-width-alt:11885;width:244pt\">\n <\/colgroup>\n<tbody>\n<tr height=\"21\" style=\"height:15.75pt\">\n<td height=\"21\" class=\"xl65\" width=\"325\" style=\"height:15.75pt;width:244pt\">Chamberlain<br \/>\n  810<\/td>\n<\/tr>\n<tr height=\"21\" style=\"height:15.75pt\">\n<td height=\"21\" class=\"xl65\" style=\"height:15.75pt\">Chamberlain 1040<\/td>\n<\/tr>\n<tr height=\"21\" style=\"height:15.75pt\">\n<td height=\"21\" class=\"xl65\" style=\"height:15.75pt\">Liftmaster 80<\/td>\n<\/tr>\n<tr height=\"21\" style=\"height:15.75pt\">\n<td height=\"21\" class=\"xl65\" style=\"height:15.75pt\">Liftmaster 100<\/td>\n<\/tr>\n<tr height=\"21\" style=\"height:15.75pt\">\n<td height=\"21\" class=\"xl65\" style=\"height:15.75pt\">Liftmaster 130<\/td>\n<\/tr>\n<tr height=\"21\" style=\"height:15.75pt\">\n<td height=\"21\" class=\"xl65\" style=\"height:15.75pt\">Liftmaster 3800W<\/td>\n<\/tr>\n<tr height=\"21\" style=\"height:15.75pt\">\n<td height=\"21\" class=\"xl65\" style=\"height:15.75pt\">Liftmaster 50<\/td>\n<\/tr>\n<tr height=\"21\" style=\"height:15.75pt\">\n<td height=\"21\" class=\"xl65\" style=\"height:15.75pt\">Liftmaster 60<\/td>\n<\/tr>\n<tr height=\"21\" style=\"height:15.75pt\">\n<td height=\"21\" class=\"xl65\" style=\"height:15.75pt\">Liftmaster 70<\/td>\n<\/tr>\n<tr height=\"21\" style=\"height:15.75pt\">\n<td height=\"21\" class=\"xl65\" style=\"height:15.75pt\">High-Line 10 LM<\/td>\n<\/tr>\n<tr height=\"21\" style=\"height:15.75pt\">\n<td height=\"21\" class=\"xl65\" style=\"height:15.75pt\">High-Line 15 LM<\/td>\n<\/tr>\n<tr height=\"21\" style=\"height:15.75pt\">\n<td height=\"21\" class=\"xl65\" style=\"height:15.75pt\">High-Line 18 LM<\/td>\n<\/tr>\n<\/tbody>\n<\/table>","protected":false},"excerpt":{"rendered":"<p>Fjarst\u00fdring me\u00f0 <strong data-start=\"16\" data-end=\"38\">bl\u00e1rri LED-l\u00fdsingu<\/strong> \u00e1 <strong data-start=\"41\" data-end=\"52\">868 MHz<\/strong>. Fyrir <strong data-start=\"62\" data-end=\"75\">EVOLUTION<\/strong> m\u00f3tora fr\u00e1 Chamberlain..<\/p>","protected":false},"featured_media":36782,"comment_status":"closed","ping_status":"closed","template":"","meta":[],"product_brand":[],"product_cat":[685,517,599],"product_tag":[956],"class_list":{"0":"post-36783","1":"product","2":"type-product","3":"status-publish","4":"has-post-thumbnail","6":"product_cat-bilskurshurdaopnarar","7":"product_cat-lykillausnir","8":"product_cat-rafdrifnir-opnarar-lykillausnir","9":"product_tag-chamberlain","11":"first","12":"instock","13":"taxable","14":"shipping-taxable","15":"purchasable","16":"product-type-simple"},"yoast_head":"<!-- This site is optimized with the Yoast SEO plugin v27.3 - https:\/\/yoast.com\/product\/yoast-seo-wordpress\/ -->\n<title>CHAMBERLAIN Fjarst\u00fdring 4-r\u00e1sa TX4REV-F - V\u00e9lar &amp; Verkf\u00e6ri<\/title>\n<meta name=\"robots\" content=\"index, follow, max-snippet:-1, max-image-preview:large, max-video-preview:-1\" \/>\n<link rel=\"canonical\" href=\"https:\/\/velarogverkfaeri.is\/en\/lykillausnir\/rafdrifnir-opnarar-lykillausnir\/bilskurshurdaopnarar\/product\/chamberlain-fjarstyring-4-rasa\/\" \/>\n<meta property=\"og:locale\" content=\"en_US\" \/>\n<meta property=\"og:type\" content=\"article\" \/>\n<meta property=\"og:title\" content=\"CHAMBERLAIN Fjarst\u00fdring 4-r\u00e1sa TX4REV-F - V\u00e9lar &amp; Verkf\u00e6ri\" \/>\n<meta property=\"og:description\" content=\"Fjarst\u00fdring me\u00f0 bl\u00e1rri LED-l\u00fdsingu \u00e1 868 MHz. Fyrir EVOLUTION m\u00f3tora fr\u00e1 Chamberlain..\" \/>\n<meta property=\"og:url\" content=\"https:\/\/velarogverkfaeri.is\/en\/lykillausnir\/rafdrifnir-opnarar-lykillausnir\/bilskurshurdaopnarar\/product\/chamberlain-fjarstyring-4-rasa\/\" \/>\n<meta property=\"og:site_name\" content=\"V\u00e9lar &amp; Verkf\u00e6ri\" \/>\n<meta property=\"article:publisher\" content=\"https:\/\/www.facebook.com\/VelarOgVerkfaeri\" \/>\n<meta property=\"article:modified_time\" content=\"2026-04-27T13:30:15+00:00\" \/>\n<meta property=\"og:image\" content=\"https:\/\/velarogverkfaeri.is\/wp-content\/uploads\/2023\/06\/29e422f5-23b2-4e1c-a328-ab3cba20fb58.png\" \/>\n\t<meta property=\"og:image:width\" content=\"800\" \/>\n\t<meta property=\"og:image:height\" content=\"512\" \/>\n\t<meta property=\"og:image:type\" content=\"image\/png\" \/>\n<meta name=\"twitter:card\" content=\"summary_large_image\" \/>\n<script type=\"application\/ld+json\" class=\"yoast-schema-graph\">{\"@context\":\"https:\\\/\\\/schema.org\",\"@graph\":[{\"@type\":\"WebPage\",\"@id\":\"https:\\\/\\\/velarogverkfaeri.is\\\/lykillausnir\\\/rafdrifnir-opnarar-lykillausnir\\\/bilskurshurdaopnarar\\\/product\\\/chamberlain-fjarstyring-4-rasa\\\/\",\"url\":\"https:\\\/\\\/velarogverkfaeri.is\\\/lykillausnir\\\/rafdrifnir-opnarar-lykillausnir\\\/bilskurshurdaopnarar\\\/product\\\/chamberlain-fjarstyring-4-rasa\\\/\",\"name\":\"CHAMBERLAIN Fjarst\u00fdring 4-r\u00e1sa TX4REV-F - V\u00e9lar &amp; Verkf\u00e6ri\",\"isPartOf\":{\"@id\":\"https:\\\/\\\/velarogverkfaeri.is\\\/en\\\/#website\"},\"primaryImageOfPage\":{\"@id\":\"https:\\\/\\\/velarogverkfaeri.is\\\/lykillausnir\\\/rafdrifnir-opnarar-lykillausnir\\\/bilskurshurdaopnarar\\\/product\\\/chamberlain-fjarstyring-4-rasa\\\/#primaryimage\"},\"image\":{\"@id\":\"https:\\\/\\\/velarogverkfaeri.is\\\/lykillausnir\\\/rafdrifnir-opnarar-lykillausnir\\\/bilskurshurdaopnarar\\\/product\\\/chamberlain-fjarstyring-4-rasa\\\/#primaryimage\"},\"thumbnailUrl\":\"https:\\\/\\\/velarogverkfaeri.is\\\/wp-content\\\/uploads\\\/2023\\\/06\\\/29e422f5-23b2-4e1c-a328-ab3cba20fb58.png\",\"datePublished\":\"2023-06-07T14:25:34+00:00\",\"dateModified\":\"2026-04-27T13:30:15+00:00\",\"breadcrumb\":{\"@id\":\"https:\\\/\\\/velarogverkfaeri.is\\\/lykillausnir\\\/rafdrifnir-opnarar-lykillausnir\\\/bilskurshurdaopnarar\\\/product\\\/chamberlain-fjarstyring-4-rasa\\\/#breadcrumb\"},\"inLanguage\":\"en-US\",\"potentialAction\":[{\"@type\":\"ReadAction\",\"target\":[\"https:\\\/\\\/velarogverkfaeri.is\\\/lykillausnir\\\/rafdrifnir-opnarar-lykillausnir\\\/bilskurshurdaopnarar\\\/product\\\/chamberlain-fjarstyring-4-rasa\\\/\"]}]},{\"@type\":\"ImageObject\",\"inLanguage\":\"en-US\",\"@id\":\"https:\\\/\\\/velarogverkfaeri.is\\\/lykillausnir\\\/rafdrifnir-opnarar-lykillausnir\\\/bilskurshurdaopnarar\\\/product\\\/chamberlain-fjarstyring-4-rasa\\\/#primaryimage\",\"url\":\"https:\\\/\\\/velarogverkfaeri.is\\\/wp-content\\\/uploads\\\/2023\\\/06\\\/29e422f5-23b2-4e1c-a328-ab3cba20fb58.png\",\"contentUrl\":\"https:\\\/\\\/velarogverkfaeri.is\\\/wp-content\\\/uploads\\\/2023\\\/06\\\/29e422f5-23b2-4e1c-a328-ab3cba20fb58.png\",\"width\":800,\"height\":512},{\"@type\":\"BreadcrumbList\",\"@id\":\"https:\\\/\\\/velarogverkfaeri.is\\\/lykillausnir\\\/rafdrifnir-opnarar-lykillausnir\\\/bilskurshurdaopnarar\\\/product\\\/chamberlain-fjarstyring-4-rasa\\\/#breadcrumb\",\"itemListElement\":[{\"@type\":\"ListItem\",\"position\":1,\"name\":\"Home\",\"item\":\"https:\\\/\\\/velarogverkfaeri.is\\\/\"},{\"@type\":\"ListItem\",\"position\":2,\"name\":\"Vefverslun\",\"item\":\"https:\\\/\\\/velarogverkfaeri.is\\\/vefverslun\\\/\"},{\"@type\":\"ListItem\",\"position\":3,\"name\":\"CHAMBERLAIN Fjarst\u00fdring 4-r\u00e1sa TX4REV-F\"}]},{\"@type\":\"WebSite\",\"@id\":\"https:\\\/\\\/velarogverkfaeri.is\\\/en\\\/#website\",\"url\":\"https:\\\/\\\/velarogverkfaeri.is\\\/en\\\/\",\"name\":\"V\u00e9lar & Verkf\u00e6ri\",\"description\":\"Umbo\u00f0s- og heildverslun fr\u00e1 \u00e1rinu 1919\",\"publisher\":{\"@id\":\"https:\\\/\\\/velarogverkfaeri.is\\\/en\\\/#organization\"},\"potentialAction\":[{\"@type\":\"SearchAction\",\"target\":{\"@type\":\"EntryPoint\",\"urlTemplate\":\"https:\\\/\\\/velarogverkfaeri.is\\\/en\\\/?s={search_term_string}\"},\"query-input\":{\"@type\":\"PropertyValueSpecification\",\"valueRequired\":true,\"valueName\":\"search_term_string\"}}],\"inLanguage\":\"en-US\"},{\"@type\":\"Organization\",\"@id\":\"https:\\\/\\\/velarogverkfaeri.is\\\/en\\\/#organization\",\"name\":\"V\u00e9lar & Verkf\u00e6ri\",\"url\":\"https:\\\/\\\/velarogverkfaeri.is\\\/en\\\/\",\"logo\":{\"@type\":\"ImageObject\",\"inLanguage\":\"en-US\",\"@id\":\"https:\\\/\\\/velarogverkfaeri.is\\\/en\\\/#\\\/schema\\\/logo\\\/image\\\/\",\"url\":\"https:\\\/\\\/velarogverkfaeri.is\\\/wp-content\\\/uploads\\\/2021\\\/10\\\/vv_logo_350x100.png\",\"contentUrl\":\"https:\\\/\\\/velarogverkfaeri.is\\\/wp-content\\\/uploads\\\/2021\\\/10\\\/vv_logo_350x100.png\",\"width\":350,\"height\":100,\"caption\":\"V\u00e9lar & Verkf\u00e6ri\"},\"image\":{\"@id\":\"https:\\\/\\\/velarogverkfaeri.is\\\/en\\\/#\\\/schema\\\/logo\\\/image\\\/\"},\"sameAs\":[\"https:\\\/\\\/www.facebook.com\\\/VelarOgVerkfaeri\"]}]}<\/script>\n<!-- \/ Yoast SEO plugin. -->","yoast_head_json":{"title":"CHAMBERLAIN Fjarst\u00fdring 4-r\u00e1sa TX4REV-F - V\u00e9lar &amp; Verkf\u00e6ri","robots":{"index":"index","follow":"follow","max-snippet":"max-snippet:-1","max-image-preview":"max-image-preview:large","max-video-preview":"max-video-preview:-1"},"canonical":"https:\/\/velarogverkfaeri.is\/en\/lykillausnir\/rafdrifnir-opnarar-lykillausnir\/bilskurshurdaopnarar\/product\/chamberlain-fjarstyring-4-rasa\/","og_locale":"en_US","og_type":"article","og_title":"CHAMBERLAIN Fjarst\u00fdring 4-r\u00e1sa TX4REV-F - V\u00e9lar &amp; Verkf\u00e6ri","og_description":"Fjarst\u00fdring me\u00f0 bl\u00e1rri LED-l\u00fdsingu \u00e1 868 MHz. Fyrir EVOLUTION m\u00f3tora fr\u00e1 Chamberlain..","og_url":"https:\/\/velarogverkfaeri.is\/en\/lykillausnir\/rafdrifnir-opnarar-lykillausnir\/bilskurshurdaopnarar\/product\/chamberlain-fjarstyring-4-rasa\/","og_site_name":"V\u00e9lar &amp; Verkf\u00e6ri","article_publisher":"https:\/\/www.facebook.com\/VelarOgVerkfaeri","article_modified_time":"2026-04-27T13:30:15+00:00","og_image":[{"width":800,"height":512,"url":"https:\/\/velarogverkfaeri.is\/wp-content\/uploads\/2023\/06\/29e422f5-23b2-4e1c-a328-ab3cba20fb58.png","type":"image\/png"}],"twitter_card":"summary_large_image","schema":{"@context":"https:\/\/schema.org","@graph":[{"@type":"WebPage","@id":"https:\/\/velarogverkfaeri.is\/lykillausnir\/rafdrifnir-opnarar-lykillausnir\/bilskurshurdaopnarar\/product\/chamberlain-fjarstyring-4-rasa\/","url":"https:\/\/velarogverkfaeri.is\/lykillausnir\/rafdrifnir-opnarar-lykillausnir\/bilskurshurdaopnarar\/product\/chamberlain-fjarstyring-4-rasa\/","name":"CHAMBERLAIN Fjarst\u00fdring 4-r\u00e1sa TX4REV-F - V\u00e9lar &amp; Verkf\u00e6ri","isPartOf":{"@id":"https:\/\/velarogverkfaeri.is\/en\/#website"},"primaryImageOfPage":{"@id":"https:\/\/velarogverkfaeri.is\/lykillausnir\/rafdrifnir-opnarar-lykillausnir\/bilskurshurdaopnarar\/product\/chamberlain-fjarstyring-4-rasa\/#primaryimage"},"image":{"@id":"https:\/\/velarogverkfaeri.is\/lykillausnir\/rafdrifnir-opnarar-lykillausnir\/bilskurshurdaopnarar\/product\/chamberlain-fjarstyring-4-rasa\/#primaryimage"},"thumbnailUrl":"https:\/\/velarogverkfaeri.is\/wp-content\/uploads\/2023\/06\/29e422f5-23b2-4e1c-a328-ab3cba20fb58.png","datePublished":"2023-06-07T14:25:34+00:00","dateModified":"2026-04-27T13:30:15+00:00","breadcrumb":{"@id":"https:\/\/velarogverkfaeri.is\/lykillausnir\/rafdrifnir-opnarar-lykillausnir\/bilskurshurdaopnarar\/product\/chamberlain-fjarstyring-4-rasa\/#breadcrumb"},"inLanguage":"en-US","potentialAction":[{"@type":"ReadAction","target":["https:\/\/velarogverkfaeri.is\/lykillausnir\/rafdrifnir-opnarar-lykillausnir\/bilskurshurdaopnarar\/product\/chamberlain-fjarstyring-4-rasa\/"]}]},{"@type":"ImageObject","inLanguage":"en-US","@id":"https:\/\/velarogverkfaeri.is\/lykillausnir\/rafdrifnir-opnarar-lykillausnir\/bilskurshurdaopnarar\/product\/chamberlain-fjarstyring-4-rasa\/#primaryimage","url":"https:\/\/velarogverkfaeri.is\/wp-content\/uploads\/2023\/06\/29e422f5-23b2-4e1c-a328-ab3cba20fb58.png","contentUrl":"https:\/\/velarogverkfaeri.is\/wp-content\/uploads\/2023\/06\/29e422f5-23b2-4e1c-a328-ab3cba20fb58.png","width":800,"height":512},{"@type":"BreadcrumbList","@id":"https:\/\/velarogverkfaeri.is\/lykillausnir\/rafdrifnir-opnarar-lykillausnir\/bilskurshurdaopnarar\/product\/chamberlain-fjarstyring-4-rasa\/#breadcrumb","itemListElement":[{"@type":"ListItem","position":1,"name":"Home","item":"https:\/\/velarogverkfaeri.is\/"},{"@type":"ListItem","position":2,"name":"Vefverslun","item":"https:\/\/velarogverkfaeri.is\/vefverslun\/"},{"@type":"ListItem","position":3,"name":"CHAMBERLAIN Fjarst\u00fdring 4-r\u00e1sa TX4REV-F"}]},{"@type":"WebSite","@id":"https:\/\/velarogverkfaeri.is\/en\/#website","url":"https:\/\/velarogverkfaeri.is\/en\/","name":"V\u00e9lar & Verkf\u00e6ri","description":"Umbo\u00f0s- og heildverslun fr\u00e1 \u00e1rinu 1919","publisher":{"@id":"https:\/\/velarogverkfaeri.is\/en\/#organization"},"potentialAction":[{"@type":"SearchAction","target":{"@type":"EntryPoint","urlTemplate":"https:\/\/velarogverkfaeri.is\/en\/?s={search_term_string}"},"query-input":{"@type":"PropertyValueSpecification","valueRequired":true,"valueName":"search_term_string"}}],"inLanguage":"en-US"},{"@type":"Organization","@id":"https:\/\/velarogverkfaeri.is\/en\/#organization","name":"V\u00e9lar & Verkf\u00e6ri","url":"https:\/\/velarogverkfaeri.is\/en\/","logo":{"@type":"ImageObject","inLanguage":"en-US","@id":"https:\/\/velarogverkfaeri.is\/en\/#\/schema\/logo\/image\/","url":"https:\/\/velarogverkfaeri.is\/wp-content\/uploads\/2021\/10\/vv_logo_350x100.png","contentUrl":"https:\/\/velarogverkfaeri.is\/wp-content\/uploads\/2021\/10\/vv_logo_350x100.png","width":350,"height":100,"caption":"V\u00e9lar & Verkf\u00e6ri"},"image":{"@id":"https:\/\/velarogverkfaeri.is\/en\/#\/schema\/logo\/image\/"},"sameAs":["https:\/\/www.facebook.com\/VelarOgVerkfaeri"]}]}},"_links":{"self":[{"href":"https:\/\/velarogverkfaeri.is\/en\/wp-json\/wp\/v2\/product\/36783","targetHints":{"allow":["GET"]}}],"collection":[{"href":"https:\/\/velarogverkfaeri.is\/en\/wp-json\/wp\/v2\/product"}],"about":[{"href":"https:\/\/velarogverkfaeri.is\/en\/wp-json\/wp\/v2\/types\/product"}],"replies":[{"embeddable":true,"href":"https:\/\/velarogverkfaeri.is\/en\/wp-json\/wp\/v2\/comments?post=36783"}],"wp:featuredmedia":[{"embeddable":true,"href":"https:\/\/velarogverkfaeri.is\/en\/wp-json\/wp\/v2\/media\/36782"}],"wp:attachment":[{"href":"https:\/\/velarogverkfaeri.is\/en\/wp-json\/wp\/v2\/media?parent=36783"}],"wp:term":[{"taxonomy":"product_brand","embeddable":true,"href":"https:\/\/velarogverkfaeri.is\/en\/wp-json\/wp\/v2\/product_brand?post=36783"},{"taxonomy":"product_cat","embeddable":true,"href":"https:\/\/velarogverkfaeri.is\/en\/wp-json\/wp\/v2\/product_cat?post=36783"},{"taxonomy":"product_tag","embeddable":true,"href":"https:\/\/velarogverkfaeri.is\/en\/wp-json\/wp\/v2\/product_tag?post=36783"}],"curies":[{"name":"wp","href":"https:\/\/api.w.org\/{rel}","templated":true}]}}