{"id":36776,"date":"2023-06-07T14:25:31","date_gmt":"2023-06-07T14:25:31","guid":{"rendered":"https:\/\/vv-dev.webdev.is\/uncategorized\/product\/varta-vasaljos-med-dynamo-led\/"},"modified":"2026-03-12T16:01:46","modified_gmt":"2026-03-12T16:01:46","slug":"varta-vasaljos-med-dynamo-led","status":"publish","type":"product","link":"https:\/\/velarogverkfaeri.is\/en\/lykillausnir\/utivistarvorur\/vasaljos-utivistarvorur\/product\/varta-vasaljos-med-dynamo-led\/","title":{"rendered":"VARTA Vasalj\u00f3s me\u00f0 dynamo LED"},"content":{"rendered":"<p data-start=\"147\" data-end=\"465\">Vasalj\u00f3si\u00f0 er <strong data-start=\"161\" data-end=\"195\">endurhla\u00f0anlegt me\u00f0 handavindu<\/strong> \u2013 <strong data-start=\"198\" data-end=\"255\">ein m\u00edn\u00fata af vindingu gefur allt a\u00f0 30 m\u00edn\u00fatna birtu<\/strong>.<br data-start=\"256\" data-end=\"259\"><br \/>\n\u00dea\u00f0 er <strong data-start=\"266\" data-end=\"286\">vatnshelt (IPX4)<\/strong> og b\u00fai\u00f0 til \u00far <strong data-start=\"302\" data-end=\"326\">h\u00f6gg\u00feolnu ABS-plasti<\/strong>.<br data-start=\"327\" data-end=\"330\" data-is-only-node=\"\"><br \/>\nLj\u00f3sgeislinn n\u00e6r allt a\u00f0 <strong data-start=\"355\" data-end=\"367\">24 metra<\/strong>, og me\u00f0 fylgir <strong data-start=\"383\" data-end=\"415\">1\u00d7 Li-Ion rafhla\u00f0a (120 mAh)<\/strong> sem tryggir <strong data-start=\"428\" data-end=\"462\">allt a\u00f0 1,5 klst. notkunart\u00edma<\/strong>.<\/p>\n<\/p>\n<p data-start=\"467\" data-end=\"740\">\u00deetta er <strong data-start=\"476\" data-end=\"506\">alhli\u00f0a og \u00f6flugt vasalj\u00f3s<\/strong> fyrir kr\u00f6fuhar\u00f0a notendur sem leggja \u00e1herslu \u00e1 <strong data-start=\"554\" data-end=\"606\">\u00e1rei\u00f0anleika, mikla birtu og langan endingart\u00edma<\/strong>.<br data-start=\"607\" data-end=\"610\"><br \/>\n\u00de\u00f6kk s\u00e9 <strong data-start=\"618\" data-end=\"636\">sterkri h\u00f6nnun<\/strong> og <strong data-start=\"640\" data-end=\"665\">n\u00fat\u00edmalegri LED-t\u00e6kni<\/strong> hentar \u00fea\u00f0 jafnt til <strong data-start=\"687\" data-end=\"714\" data-is-only-node=\"\">\u00fativistar, vinnu, vei\u00f0a<\/strong> e\u00f0a <strong data-start=\"719\" data-end=\"737\">takt\u00edskra nota<\/strong>.<\/p>","protected":false},"excerpt":{"rendered":"<p>Endurhla\u00f0anleg vasalj\u00f3s \u2013 verum \u00f3h\u00e1\u00f0 rafhl\u00f6\u00f0ust\u00f6\u00f0u!<\/p>","protected":false},"featured_media":36775,"comment_status":"closed","ping_status":"closed","template":"","meta":[],"product_brand":[],"product_cat":[517,601,697],"product_tag":[],"class_list":{"0":"post-36776","1":"product","2":"type-product","3":"status-publish","4":"has-post-thumbnail","6":"product_cat-lykillausnir","7":"product_cat-utivistarvorur","8":"product_cat-vasaljos-utivistarvorur","10":"first","11":"instock","12":"taxable","13":"shipping-taxable","14":"purchasable","15":"product-type-simple"},"yoast_head":"<!-- This site is optimized with the Yoast SEO plugin v27.3 - https:\/\/yoast.com\/product\/yoast-seo-wordpress\/ -->\n<title>VARTA Vasalj\u00f3s me\u00f0 dynamo LED - V\u00e9lar &amp; Verkf\u00e6ri<\/title>\n<meta name=\"robots\" content=\"index, follow, max-snippet:-1, max-image-preview:large, max-video-preview:-1\" \/>\n<link rel=\"canonical\" href=\"https:\/\/velarogverkfaeri.is\/en\/lykillausnir\/utivistarvorur\/vasaljos-utivistarvorur\/product\/varta-vasaljos-med-dynamo-led\/\" \/>\n<meta property=\"og:locale\" content=\"en_US\" \/>\n<meta property=\"og:type\" content=\"article\" \/>\n<meta property=\"og:title\" content=\"VARTA Vasalj\u00f3s me\u00f0 dynamo LED - V\u00e9lar &amp; Verkf\u00e6ri\" \/>\n<meta property=\"og:description\" content=\"Endurhla\u00f0anleg vasalj\u00f3s \u2013 verum \u00f3h\u00e1\u00f0 rafhl\u00f6\u00f0ust\u00f6\u00f0u!\" \/>\n<meta property=\"og:url\" content=\"https:\/\/velarogverkfaeri.is\/en\/lykillausnir\/utivistarvorur\/vasaljos-utivistarvorur\/product\/varta-vasaljos-med-dynamo-led\/\" \/>\n<meta property=\"og:site_name\" content=\"V\u00e9lar &amp; Verkf\u00e6ri\" \/>\n<meta property=\"article:publisher\" content=\"https:\/\/www.facebook.com\/VelarOgVerkfaeri\" \/>\n<meta property=\"article:modified_time\" content=\"2026-03-12T16:01:46+00:00\" \/>\n<meta property=\"og:image\" content=\"https:\/\/velarogverkfaeri.is\/wp-content\/uploads\/2023\/06\/498e6afa-2b52-4e0b-8577-9e6cbcf2379b.jpeg\" \/>\n\t<meta property=\"og:image:width\" content=\"1500\" \/>\n\t<meta property=\"og:image:height\" content=\"754\" \/>\n\t<meta property=\"og:image:type\" content=\"image\/jpeg\" \/>\n<meta name=\"twitter:card\" content=\"summary_large_image\" \/>\n<meta name=\"twitter:label1\" content=\"Est. reading time\" \/>\n\t<meta name=\"twitter:data1\" content=\"1 minute\" \/>\n<script type=\"application\/ld+json\" class=\"yoast-schema-graph\">{\"@context\":\"https:\\\/\\\/schema.org\",\"@graph\":[{\"@type\":\"WebPage\",\"@id\":\"https:\\\/\\\/velarogverkfaeri.is\\\/lykillausnir\\\/utivistarvorur\\\/vasaljos-utivistarvorur\\\/product\\\/varta-vasaljos-med-dynamo-led\\\/\",\"url\":\"https:\\\/\\\/velarogverkfaeri.is\\\/lykillausnir\\\/utivistarvorur\\\/vasaljos-utivistarvorur\\\/product\\\/varta-vasaljos-med-dynamo-led\\\/\",\"name\":\"VARTA Vasalj\u00f3s me\u00f0 dynamo LED - V\u00e9lar &amp; Verkf\u00e6ri\",\"isPartOf\":{\"@id\":\"https:\\\/\\\/velarogverkfaeri.is\\\/en\\\/#website\"},\"primaryImageOfPage\":{\"@id\":\"https:\\\/\\\/velarogverkfaeri.is\\\/lykillausnir\\\/utivistarvorur\\\/vasaljos-utivistarvorur\\\/product\\\/varta-vasaljos-med-dynamo-led\\\/#primaryimage\"},\"image\":{\"@id\":\"https:\\\/\\\/velarogverkfaeri.is\\\/lykillausnir\\\/utivistarvorur\\\/vasaljos-utivistarvorur\\\/product\\\/varta-vasaljos-med-dynamo-led\\\/#primaryimage\"},\"thumbnailUrl\":\"https:\\\/\\\/velarogverkfaeri.is\\\/wp-content\\\/uploads\\\/2023\\\/06\\\/498e6afa-2b52-4e0b-8577-9e6cbcf2379b.jpeg\",\"datePublished\":\"2023-06-07T14:25:31+00:00\",\"dateModified\":\"2026-03-12T16:01:46+00:00\",\"breadcrumb\":{\"@id\":\"https:\\\/\\\/velarogverkfaeri.is\\\/lykillausnir\\\/utivistarvorur\\\/vasaljos-utivistarvorur\\\/product\\\/varta-vasaljos-med-dynamo-led\\\/#breadcrumb\"},\"inLanguage\":\"en-US\",\"potentialAction\":[{\"@type\":\"ReadAction\",\"target\":[\"https:\\\/\\\/velarogverkfaeri.is\\\/lykillausnir\\\/utivistarvorur\\\/vasaljos-utivistarvorur\\\/product\\\/varta-vasaljos-med-dynamo-led\\\/\"]}]},{\"@type\":\"ImageObject\",\"inLanguage\":\"en-US\",\"@id\":\"https:\\\/\\\/velarogverkfaeri.is\\\/lykillausnir\\\/utivistarvorur\\\/vasaljos-utivistarvorur\\\/product\\\/varta-vasaljos-med-dynamo-led\\\/#primaryimage\",\"url\":\"https:\\\/\\\/velarogverkfaeri.is\\\/wp-content\\\/uploads\\\/2023\\\/06\\\/498e6afa-2b52-4e0b-8577-9e6cbcf2379b.jpeg\",\"contentUrl\":\"https:\\\/\\\/velarogverkfaeri.is\\\/wp-content\\\/uploads\\\/2023\\\/06\\\/498e6afa-2b52-4e0b-8577-9e6cbcf2379b.jpeg\",\"width\":1500,\"height\":754},{\"@type\":\"BreadcrumbList\",\"@id\":\"https:\\\/\\\/velarogverkfaeri.is\\\/lykillausnir\\\/utivistarvorur\\\/vasaljos-utivistarvorur\\\/product\\\/varta-vasaljos-med-dynamo-led\\\/#breadcrumb\",\"itemListElement\":[{\"@type\":\"ListItem\",\"position\":1,\"name\":\"Home\",\"item\":\"https:\\\/\\\/velarogverkfaeri.is\\\/\"},{\"@type\":\"ListItem\",\"position\":2,\"name\":\"Vefverslun\",\"item\":\"https:\\\/\\\/velarogverkfaeri.is\\\/vefverslun\\\/\"},{\"@type\":\"ListItem\",\"position\":3,\"name\":\"VARTA Vasalj\u00f3s me\u00f0 dynamo LED\"}]},{\"@type\":\"WebSite\",\"@id\":\"https:\\\/\\\/velarogverkfaeri.is\\\/en\\\/#website\",\"url\":\"https:\\\/\\\/velarogverkfaeri.is\\\/en\\\/\",\"name\":\"V\u00e9lar & Verkf\u00e6ri\",\"description\":\"Umbo\u00f0s- og heildverslun fr\u00e1 \u00e1rinu 1919\",\"publisher\":{\"@id\":\"https:\\\/\\\/velarogverkfaeri.is\\\/en\\\/#organization\"},\"potentialAction\":[{\"@type\":\"SearchAction\",\"target\":{\"@type\":\"EntryPoint\",\"urlTemplate\":\"https:\\\/\\\/velarogverkfaeri.is\\\/en\\\/?s={search_term_string}\"},\"query-input\":{\"@type\":\"PropertyValueSpecification\",\"valueRequired\":true,\"valueName\":\"search_term_string\"}}],\"inLanguage\":\"en-US\"},{\"@type\":\"Organization\",\"@id\":\"https:\\\/\\\/velarogverkfaeri.is\\\/en\\\/#organization\",\"name\":\"V\u00e9lar & Verkf\u00e6ri\",\"url\":\"https:\\\/\\\/velarogverkfaeri.is\\\/en\\\/\",\"logo\":{\"@type\":\"ImageObject\",\"inLanguage\":\"en-US\",\"@id\":\"https:\\\/\\\/velarogverkfaeri.is\\\/en\\\/#\\\/schema\\\/logo\\\/image\\\/\",\"url\":\"https:\\\/\\\/velarogverkfaeri.is\\\/wp-content\\\/uploads\\\/2021\\\/10\\\/vv_logo_350x100.png\",\"contentUrl\":\"https:\\\/\\\/velarogverkfaeri.is\\\/wp-content\\\/uploads\\\/2021\\\/10\\\/vv_logo_350x100.png\",\"width\":350,\"height\":100,\"caption\":\"V\u00e9lar & Verkf\u00e6ri\"},\"image\":{\"@id\":\"https:\\\/\\\/velarogverkfaeri.is\\\/en\\\/#\\\/schema\\\/logo\\\/image\\\/\"},\"sameAs\":[\"https:\\\/\\\/www.facebook.com\\\/VelarOgVerkfaeri\"]}]}<\/script>\n<!-- \/ Yoast SEO plugin. -->","yoast_head_json":{"title":"VARTA Vasalj\u00f3s me\u00f0 dynamo LED - V\u00e9lar &amp; Verkf\u00e6ri","robots":{"index":"index","follow":"follow","max-snippet":"max-snippet:-1","max-image-preview":"max-image-preview:large","max-video-preview":"max-video-preview:-1"},"canonical":"https:\/\/velarogverkfaeri.is\/en\/lykillausnir\/utivistarvorur\/vasaljos-utivistarvorur\/product\/varta-vasaljos-med-dynamo-led\/","og_locale":"en_US","og_type":"article","og_title":"VARTA Vasalj\u00f3s me\u00f0 dynamo LED - V\u00e9lar &amp; Verkf\u00e6ri","og_description":"Endurhla\u00f0anleg vasalj\u00f3s \u2013 verum \u00f3h\u00e1\u00f0 rafhl\u00f6\u00f0ust\u00f6\u00f0u!","og_url":"https:\/\/velarogverkfaeri.is\/en\/lykillausnir\/utivistarvorur\/vasaljos-utivistarvorur\/product\/varta-vasaljos-med-dynamo-led\/","og_site_name":"V\u00e9lar &amp; Verkf\u00e6ri","article_publisher":"https:\/\/www.facebook.com\/VelarOgVerkfaeri","article_modified_time":"2026-03-12T16:01:46+00:00","og_image":[{"width":1500,"height":754,"url":"https:\/\/velarogverkfaeri.is\/wp-content\/uploads\/2023\/06\/498e6afa-2b52-4e0b-8577-9e6cbcf2379b.jpeg","type":"image\/jpeg"}],"twitter_card":"summary_large_image","twitter_misc":{"Est. reading time":"1 minute"},"schema":{"@context":"https:\/\/schema.org","@graph":[{"@type":"WebPage","@id":"https:\/\/velarogverkfaeri.is\/lykillausnir\/utivistarvorur\/vasaljos-utivistarvorur\/product\/varta-vasaljos-med-dynamo-led\/","url":"https:\/\/velarogverkfaeri.is\/lykillausnir\/utivistarvorur\/vasaljos-utivistarvorur\/product\/varta-vasaljos-med-dynamo-led\/","name":"VARTA Vasalj\u00f3s me\u00f0 dynamo LED - V\u00e9lar &amp; Verkf\u00e6ri","isPartOf":{"@id":"https:\/\/velarogverkfaeri.is\/en\/#website"},"primaryImageOfPage":{"@id":"https:\/\/velarogverkfaeri.is\/lykillausnir\/utivistarvorur\/vasaljos-utivistarvorur\/product\/varta-vasaljos-med-dynamo-led\/#primaryimage"},"image":{"@id":"https:\/\/velarogverkfaeri.is\/lykillausnir\/utivistarvorur\/vasaljos-utivistarvorur\/product\/varta-vasaljos-med-dynamo-led\/#primaryimage"},"thumbnailUrl":"https:\/\/velarogverkfaeri.is\/wp-content\/uploads\/2023\/06\/498e6afa-2b52-4e0b-8577-9e6cbcf2379b.jpeg","datePublished":"2023-06-07T14:25:31+00:00","dateModified":"2026-03-12T16:01:46+00:00","breadcrumb":{"@id":"https:\/\/velarogverkfaeri.is\/lykillausnir\/utivistarvorur\/vasaljos-utivistarvorur\/product\/varta-vasaljos-med-dynamo-led\/#breadcrumb"},"inLanguage":"en-US","potentialAction":[{"@type":"ReadAction","target":["https:\/\/velarogverkfaeri.is\/lykillausnir\/utivistarvorur\/vasaljos-utivistarvorur\/product\/varta-vasaljos-med-dynamo-led\/"]}]},{"@type":"ImageObject","inLanguage":"en-US","@id":"https:\/\/velarogverkfaeri.is\/lykillausnir\/utivistarvorur\/vasaljos-utivistarvorur\/product\/varta-vasaljos-med-dynamo-led\/#primaryimage","url":"https:\/\/velarogverkfaeri.is\/wp-content\/uploads\/2023\/06\/498e6afa-2b52-4e0b-8577-9e6cbcf2379b.jpeg","contentUrl":"https:\/\/velarogverkfaeri.is\/wp-content\/uploads\/2023\/06\/498e6afa-2b52-4e0b-8577-9e6cbcf2379b.jpeg","width":1500,"height":754},{"@type":"BreadcrumbList","@id":"https:\/\/velarogverkfaeri.is\/lykillausnir\/utivistarvorur\/vasaljos-utivistarvorur\/product\/varta-vasaljos-med-dynamo-led\/#breadcrumb","itemListElement":[{"@type":"ListItem","position":1,"name":"Home","item":"https:\/\/velarogverkfaeri.is\/"},{"@type":"ListItem","position":2,"name":"Vefverslun","item":"https:\/\/velarogverkfaeri.is\/vefverslun\/"},{"@type":"ListItem","position":3,"name":"VARTA Vasalj\u00f3s me\u00f0 dynamo LED"}]},{"@type":"WebSite","@id":"https:\/\/velarogverkfaeri.is\/en\/#website","url":"https:\/\/velarogverkfaeri.is\/en\/","name":"V\u00e9lar & Verkf\u00e6ri","description":"Umbo\u00f0s- og heildverslun fr\u00e1 \u00e1rinu 1919","publisher":{"@id":"https:\/\/velarogverkfaeri.is\/en\/#organization"},"potentialAction":[{"@type":"SearchAction","target":{"@type":"EntryPoint","urlTemplate":"https:\/\/velarogverkfaeri.is\/en\/?s={search_term_string}"},"query-input":{"@type":"PropertyValueSpecification","valueRequired":true,"valueName":"search_term_string"}}],"inLanguage":"en-US"},{"@type":"Organization","@id":"https:\/\/velarogverkfaeri.is\/en\/#organization","name":"V\u00e9lar & Verkf\u00e6ri","url":"https:\/\/velarogverkfaeri.is\/en\/","logo":{"@type":"ImageObject","inLanguage":"en-US","@id":"https:\/\/velarogverkfaeri.is\/en\/#\/schema\/logo\/image\/","url":"https:\/\/velarogverkfaeri.is\/wp-content\/uploads\/2021\/10\/vv_logo_350x100.png","contentUrl":"https:\/\/velarogverkfaeri.is\/wp-content\/uploads\/2021\/10\/vv_logo_350x100.png","width":350,"height":100,"caption":"V\u00e9lar & Verkf\u00e6ri"},"image":{"@id":"https:\/\/velarogverkfaeri.is\/en\/#\/schema\/logo\/image\/"},"sameAs":["https:\/\/www.facebook.com\/VelarOgVerkfaeri"]}]}},"_links":{"self":[{"href":"https:\/\/velarogverkfaeri.is\/en\/wp-json\/wp\/v2\/product\/36776","targetHints":{"allow":["GET"]}}],"collection":[{"href":"https:\/\/velarogverkfaeri.is\/en\/wp-json\/wp\/v2\/product"}],"about":[{"href":"https:\/\/velarogverkfaeri.is\/en\/wp-json\/wp\/v2\/types\/product"}],"replies":[{"embeddable":true,"href":"https:\/\/velarogverkfaeri.is\/en\/wp-json\/wp\/v2\/comments?post=36776"}],"wp:featuredmedia":[{"embeddable":true,"href":"https:\/\/velarogverkfaeri.is\/en\/wp-json\/wp\/v2\/media\/36775"}],"wp:attachment":[{"href":"https:\/\/velarogverkfaeri.is\/en\/wp-json\/wp\/v2\/media?parent=36776"}],"wp:term":[{"taxonomy":"product_brand","embeddable":true,"href":"https:\/\/velarogverkfaeri.is\/en\/wp-json\/wp\/v2\/product_brand?post=36776"},{"taxonomy":"product_cat","embeddable":true,"href":"https:\/\/velarogverkfaeri.is\/en\/wp-json\/wp\/v2\/product_cat?post=36776"},{"taxonomy":"product_tag","embeddable":true,"href":"https:\/\/velarogverkfaeri.is\/en\/wp-json\/wp\/v2\/product_tag?post=36776"}],"curies":[{"name":"wp","href":"https:\/\/api.w.org\/{rel}","templated":true}]}}