{"id":35832,"date":"2023-06-07T14:22:18","date_gmt":"2023-06-07T14:22:18","guid":{"rendered":"https:\/\/vv-dev.webdev.is\/uncategorized\/product\/arne-jacobsen-hurdarh-111-59mm-hurdarthykkt-svartur-snapon-f-assa-og-thyskar-laesingar\/"},"modified":"2025-12-30T17:01:49","modified_gmt":"2025-12-30T17:01:49","slug":"arne-jacobsen-hurdarh-111-59mm-hurdarthykkt-svartur-snapon-f-assa-og-thyskar-laesingar","status":"publish","type":"product","link":"https:\/\/velarogverkfaeri.is\/en\/honnunarlausnir\/hurdabunadur\/hurdarhunar\/product\/arne-jacobsen-hurdarh-111-59mm-hurdarthykkt-svartur-snapon-f-assa-og-thyskar-laesingar\/","title":{"rendered":"d line AJ111 Hur\u00f0arhandfang hanna\u00f0 af Arne Jacobsen"},"content":{"rendered":"<p>\u00deetta handfang er upphaflega hanna\u00f0 fyrir SAS Royal h\u00f3teli\u00f0 \u00ed Kaupmannah\u00f6fn eins og fleiri meistaraverk Arne Jacobsen (Eggi\u00f0, Svanurinn, hn\u00edfap\u00f6r of fleira).<\/p>\n<p>Jacobsen hanna\u00f0i handfangi\u00f0 \u00feannig a\u00f0 grip handar legg\u00f0ist n\u00e1tt\u00farulega \u00e1 \u00fea\u00f0. \u00dea\u00f0 er framleitt \u00far h\u00e1g\u00e6\u00f0a ry\u00f0fr\u00edu st\u00e1li og s\u00ed\u00f0an kl\u00e6tt mattri svartri \u00e1fer\u00f0.<\/p>\n<p>Snapon fyrir ASSA og \u00de\u00fdskar l\u00e6singar.<\/p>","protected":false},"excerpt":{"rendered":"<p>Svart hur\u00f0arhandfang sem hanna\u00f0 er af ARNE JACOBSEN.<\/p>","protected":false},"featured_media":71614,"comment_status":"closed","ping_status":"closed","template":"","meta":[],"product_brand":[],"product_cat":[518,545,571],"product_tag":[1038,848],"class_list":{"0":"post-35832","1":"product","2":"type-product","3":"status-publish","4":"has-post-thumbnail","6":"product_cat-honnunarlausnir","7":"product_cat-hurdabunadur","8":"product_cat-hurdarhunar","9":"product_tag-arnejacobsen","10":"product_tag-dline","12":"first","13":"instock","14":"taxable","15":"shipping-taxable","16":"purchasable","17":"product-type-simple"},"yoast_head":"<!-- This site is optimized with the Yoast SEO plugin v27.3 - https:\/\/yoast.com\/product\/yoast-seo-wordpress\/ -->\n<title>d line AJ111 Hur\u00f0arhandfang hanna\u00f0 af Arne Jacobsen - V\u00e9lar &amp; Verkf\u00e6ri<\/title>\n<meta name=\"robots\" content=\"index, follow, max-snippet:-1, max-image-preview:large, max-video-preview:-1\" \/>\n<link rel=\"canonical\" href=\"https:\/\/velarogverkfaeri.is\/en\/lykillausnir\/hurdabunadur-lykillausnir\/hurdarhunar-hurdabunadur-lykillausnir\/product\/arne-jacobsen-hurdarh-111-59mm-hurdarthykkt-svartur-snapon-f-assa-og-thyskar-laesingar\/\" \/>\n<meta property=\"og:locale\" content=\"en_US\" \/>\n<meta property=\"og:type\" content=\"article\" \/>\n<meta property=\"og:title\" content=\"d line AJ111 Hur\u00f0arhandfang hanna\u00f0 af Arne Jacobsen - V\u00e9lar &amp; Verkf\u00e6ri\" \/>\n<meta property=\"og:description\" content=\"Svart hur\u00f0arhandfang sem hanna\u00f0 er af ARNE JACOBSEN.\" \/>\n<meta property=\"og:url\" content=\"https:\/\/velarogverkfaeri.is\/en\/lykillausnir\/hurdabunadur-lykillausnir\/hurdarhunar-hurdabunadur-lykillausnir\/product\/arne-jacobsen-hurdarh-111-59mm-hurdarthykkt-svartur-snapon-f-assa-og-thyskar-laesingar\/\" \/>\n<meta property=\"og:site_name\" content=\"V\u00e9lar &amp; Verkf\u00e6ri\" \/>\n<meta property=\"article:publisher\" content=\"https:\/\/www.facebook.com\/VelarOgVerkfaeri\" \/>\n<meta property=\"article:modified_time\" content=\"2025-12-30T17:01:49+00:00\" \/>\n<meta property=\"og:image\" content=\"https:\/\/velarogverkfaeri.is\/wp-content\/uploads\/2025\/04\/3a106441-e7d7-4d34-9115-d52609249c37-scaled.jpeg\" \/>\n\t<meta property=\"og:image:width\" content=\"2560\" \/>\n\t<meta property=\"og:image:height\" content=\"2560\" \/>\n\t<meta property=\"og:image:type\" content=\"image\/jpeg\" \/>\n<meta name=\"twitter:card\" content=\"summary_large_image\" \/>\n<script type=\"application\/ld+json\" class=\"yoast-schema-graph\">{\"@context\":\"https:\\\/\\\/schema.org\",\"@graph\":[{\"@type\":\"WebPage\",\"@id\":\"https:\\\/\\\/velarogverkfaeri.is\\\/lykillausnir\\\/hurdabunadur-lykillausnir\\\/hurdarhunar-hurdabunadur-lykillausnir\\\/product\\\/arne-jacobsen-hurdarh-111-59mm-hurdarthykkt-svartur-snapon-f-assa-og-thyskar-laesingar\\\/\",\"url\":\"https:\\\/\\\/velarogverkfaeri.is\\\/lykillausnir\\\/hurdabunadur-lykillausnir\\\/hurdarhunar-hurdabunadur-lykillausnir\\\/product\\\/arne-jacobsen-hurdarh-111-59mm-hurdarthykkt-svartur-snapon-f-assa-og-thyskar-laesingar\\\/\",\"name\":\"d line AJ111 Hur\u00f0arhandfang hanna\u00f0 af Arne Jacobsen - V\u00e9lar &amp; Verkf\u00e6ri\",\"isPartOf\":{\"@id\":\"https:\\\/\\\/velarogverkfaeri.is\\\/en\\\/#website\"},\"primaryImageOfPage\":{\"@id\":\"https:\\\/\\\/velarogverkfaeri.is\\\/lykillausnir\\\/hurdabunadur-lykillausnir\\\/hurdarhunar-hurdabunadur-lykillausnir\\\/product\\\/arne-jacobsen-hurdarh-111-59mm-hurdarthykkt-svartur-snapon-f-assa-og-thyskar-laesingar\\\/#primaryimage\"},\"image\":{\"@id\":\"https:\\\/\\\/velarogverkfaeri.is\\\/lykillausnir\\\/hurdabunadur-lykillausnir\\\/hurdarhunar-hurdabunadur-lykillausnir\\\/product\\\/arne-jacobsen-hurdarh-111-59mm-hurdarthykkt-svartur-snapon-f-assa-og-thyskar-laesingar\\\/#primaryimage\"},\"thumbnailUrl\":\"https:\\\/\\\/velarogverkfaeri.is\\\/wp-content\\\/uploads\\\/2025\\\/04\\\/3a106441-e7d7-4d34-9115-d52609249c37-scaled.jpeg\",\"datePublished\":\"2023-06-07T14:22:18+00:00\",\"dateModified\":\"2025-12-30T17:01:49+00:00\",\"breadcrumb\":{\"@id\":\"https:\\\/\\\/velarogverkfaeri.is\\\/lykillausnir\\\/hurdabunadur-lykillausnir\\\/hurdarhunar-hurdabunadur-lykillausnir\\\/product\\\/arne-jacobsen-hurdarh-111-59mm-hurdarthykkt-svartur-snapon-f-assa-og-thyskar-laesingar\\\/#breadcrumb\"},\"inLanguage\":\"en-US\",\"potentialAction\":[{\"@type\":\"ReadAction\",\"target\":[\"https:\\\/\\\/velarogverkfaeri.is\\\/lykillausnir\\\/hurdabunadur-lykillausnir\\\/hurdarhunar-hurdabunadur-lykillausnir\\\/product\\\/arne-jacobsen-hurdarh-111-59mm-hurdarthykkt-svartur-snapon-f-assa-og-thyskar-laesingar\\\/\"]}]},{\"@type\":\"ImageObject\",\"inLanguage\":\"en-US\",\"@id\":\"https:\\\/\\\/velarogverkfaeri.is\\\/lykillausnir\\\/hurdabunadur-lykillausnir\\\/hurdarhunar-hurdabunadur-lykillausnir\\\/product\\\/arne-jacobsen-hurdarh-111-59mm-hurdarthykkt-svartur-snapon-f-assa-og-thyskar-laesingar\\\/#primaryimage\",\"url\":\"https:\\\/\\\/velarogverkfaeri.is\\\/wp-content\\\/uploads\\\/2025\\\/04\\\/3a106441-e7d7-4d34-9115-d52609249c37-scaled.jpeg\",\"contentUrl\":\"https:\\\/\\\/velarogverkfaeri.is\\\/wp-content\\\/uploads\\\/2025\\\/04\\\/3a106441-e7d7-4d34-9115-d52609249c37-scaled.jpeg\",\"width\":2560,\"height\":2560},{\"@type\":\"BreadcrumbList\",\"@id\":\"https:\\\/\\\/velarogverkfaeri.is\\\/lykillausnir\\\/hurdabunadur-lykillausnir\\\/hurdarhunar-hurdabunadur-lykillausnir\\\/product\\\/arne-jacobsen-hurdarh-111-59mm-hurdarthykkt-svartur-snapon-f-assa-og-thyskar-laesingar\\\/#breadcrumb\",\"itemListElement\":[{\"@type\":\"ListItem\",\"position\":1,\"name\":\"Home\",\"item\":\"https:\\\/\\\/velarogverkfaeri.is\\\/\"},{\"@type\":\"ListItem\",\"position\":2,\"name\":\"Vefverslun\",\"item\":\"https:\\\/\\\/velarogverkfaeri.is\\\/vefverslun\\\/\"},{\"@type\":\"ListItem\",\"position\":3,\"name\":\"d line AJ111 Hur\u00f0arhandfang hanna\u00f0 af Arne Jacobsen\"}]},{\"@type\":\"WebSite\",\"@id\":\"https:\\\/\\\/velarogverkfaeri.is\\\/en\\\/#website\",\"url\":\"https:\\\/\\\/velarogverkfaeri.is\\\/en\\\/\",\"name\":\"V\u00e9lar & Verkf\u00e6ri\",\"description\":\"Umbo\u00f0s- og heildverslun fr\u00e1 \u00e1rinu 1919\",\"publisher\":{\"@id\":\"https:\\\/\\\/velarogverkfaeri.is\\\/en\\\/#organization\"},\"potentialAction\":[{\"@type\":\"SearchAction\",\"target\":{\"@type\":\"EntryPoint\",\"urlTemplate\":\"https:\\\/\\\/velarogverkfaeri.is\\\/en\\\/?s={search_term_string}\"},\"query-input\":{\"@type\":\"PropertyValueSpecification\",\"valueRequired\":true,\"valueName\":\"search_term_string\"}}],\"inLanguage\":\"en-US\"},{\"@type\":\"Organization\",\"@id\":\"https:\\\/\\\/velarogverkfaeri.is\\\/en\\\/#organization\",\"name\":\"V\u00e9lar & Verkf\u00e6ri\",\"url\":\"https:\\\/\\\/velarogverkfaeri.is\\\/en\\\/\",\"logo\":{\"@type\":\"ImageObject\",\"inLanguage\":\"en-US\",\"@id\":\"https:\\\/\\\/velarogverkfaeri.is\\\/en\\\/#\\\/schema\\\/logo\\\/image\\\/\",\"url\":\"https:\\\/\\\/velarogverkfaeri.is\\\/wp-content\\\/uploads\\\/2021\\\/10\\\/vv_logo_350x100.png\",\"contentUrl\":\"https:\\\/\\\/velarogverkfaeri.is\\\/wp-content\\\/uploads\\\/2021\\\/10\\\/vv_logo_350x100.png\",\"width\":350,\"height\":100,\"caption\":\"V\u00e9lar & Verkf\u00e6ri\"},\"image\":{\"@id\":\"https:\\\/\\\/velarogverkfaeri.is\\\/en\\\/#\\\/schema\\\/logo\\\/image\\\/\"},\"sameAs\":[\"https:\\\/\\\/www.facebook.com\\\/VelarOgVerkfaeri\"]}]}<\/script>\n<!-- \/ Yoast SEO plugin. -->","yoast_head_json":{"title":"d line AJ111 Hur\u00f0arhandfang hanna\u00f0 af Arne Jacobsen - V\u00e9lar &amp; Verkf\u00e6ri","robots":{"index":"index","follow":"follow","max-snippet":"max-snippet:-1","max-image-preview":"max-image-preview:large","max-video-preview":"max-video-preview:-1"},"canonical":"https:\/\/velarogverkfaeri.is\/en\/lykillausnir\/hurdabunadur-lykillausnir\/hurdarhunar-hurdabunadur-lykillausnir\/product\/arne-jacobsen-hurdarh-111-59mm-hurdarthykkt-svartur-snapon-f-assa-og-thyskar-laesingar\/","og_locale":"en_US","og_type":"article","og_title":"d line AJ111 Hur\u00f0arhandfang hanna\u00f0 af Arne Jacobsen - V\u00e9lar &amp; Verkf\u00e6ri","og_description":"Svart hur\u00f0arhandfang sem hanna\u00f0 er af ARNE JACOBSEN.","og_url":"https:\/\/velarogverkfaeri.is\/en\/lykillausnir\/hurdabunadur-lykillausnir\/hurdarhunar-hurdabunadur-lykillausnir\/product\/arne-jacobsen-hurdarh-111-59mm-hurdarthykkt-svartur-snapon-f-assa-og-thyskar-laesingar\/","og_site_name":"V\u00e9lar &amp; Verkf\u00e6ri","article_publisher":"https:\/\/www.facebook.com\/VelarOgVerkfaeri","article_modified_time":"2025-12-30T17:01:49+00:00","og_image":[{"width":2560,"height":2560,"url":"https:\/\/velarogverkfaeri.is\/wp-content\/uploads\/2025\/04\/3a106441-e7d7-4d34-9115-d52609249c37-scaled.jpeg","type":"image\/jpeg"}],"twitter_card":"summary_large_image","schema":{"@context":"https:\/\/schema.org","@graph":[{"@type":"WebPage","@id":"https:\/\/velarogverkfaeri.is\/lykillausnir\/hurdabunadur-lykillausnir\/hurdarhunar-hurdabunadur-lykillausnir\/product\/arne-jacobsen-hurdarh-111-59mm-hurdarthykkt-svartur-snapon-f-assa-og-thyskar-laesingar\/","url":"https:\/\/velarogverkfaeri.is\/lykillausnir\/hurdabunadur-lykillausnir\/hurdarhunar-hurdabunadur-lykillausnir\/product\/arne-jacobsen-hurdarh-111-59mm-hurdarthykkt-svartur-snapon-f-assa-og-thyskar-laesingar\/","name":"d line AJ111 Hur\u00f0arhandfang hanna\u00f0 af Arne Jacobsen - V\u00e9lar &amp; Verkf\u00e6ri","isPartOf":{"@id":"https:\/\/velarogverkfaeri.is\/en\/#website"},"primaryImageOfPage":{"@id":"https:\/\/velarogverkfaeri.is\/lykillausnir\/hurdabunadur-lykillausnir\/hurdarhunar-hurdabunadur-lykillausnir\/product\/arne-jacobsen-hurdarh-111-59mm-hurdarthykkt-svartur-snapon-f-assa-og-thyskar-laesingar\/#primaryimage"},"image":{"@id":"https:\/\/velarogverkfaeri.is\/lykillausnir\/hurdabunadur-lykillausnir\/hurdarhunar-hurdabunadur-lykillausnir\/product\/arne-jacobsen-hurdarh-111-59mm-hurdarthykkt-svartur-snapon-f-assa-og-thyskar-laesingar\/#primaryimage"},"thumbnailUrl":"https:\/\/velarogverkfaeri.is\/wp-content\/uploads\/2025\/04\/3a106441-e7d7-4d34-9115-d52609249c37-scaled.jpeg","datePublished":"2023-06-07T14:22:18+00:00","dateModified":"2025-12-30T17:01:49+00:00","breadcrumb":{"@id":"https:\/\/velarogverkfaeri.is\/lykillausnir\/hurdabunadur-lykillausnir\/hurdarhunar-hurdabunadur-lykillausnir\/product\/arne-jacobsen-hurdarh-111-59mm-hurdarthykkt-svartur-snapon-f-assa-og-thyskar-laesingar\/#breadcrumb"},"inLanguage":"en-US","potentialAction":[{"@type":"ReadAction","target":["https:\/\/velarogverkfaeri.is\/lykillausnir\/hurdabunadur-lykillausnir\/hurdarhunar-hurdabunadur-lykillausnir\/product\/arne-jacobsen-hurdarh-111-59mm-hurdarthykkt-svartur-snapon-f-assa-og-thyskar-laesingar\/"]}]},{"@type":"ImageObject","inLanguage":"en-US","@id":"https:\/\/velarogverkfaeri.is\/lykillausnir\/hurdabunadur-lykillausnir\/hurdarhunar-hurdabunadur-lykillausnir\/product\/arne-jacobsen-hurdarh-111-59mm-hurdarthykkt-svartur-snapon-f-assa-og-thyskar-laesingar\/#primaryimage","url":"https:\/\/velarogverkfaeri.is\/wp-content\/uploads\/2025\/04\/3a106441-e7d7-4d34-9115-d52609249c37-scaled.jpeg","contentUrl":"https:\/\/velarogverkfaeri.is\/wp-content\/uploads\/2025\/04\/3a106441-e7d7-4d34-9115-d52609249c37-scaled.jpeg","width":2560,"height":2560},{"@type":"BreadcrumbList","@id":"https:\/\/velarogverkfaeri.is\/lykillausnir\/hurdabunadur-lykillausnir\/hurdarhunar-hurdabunadur-lykillausnir\/product\/arne-jacobsen-hurdarh-111-59mm-hurdarthykkt-svartur-snapon-f-assa-og-thyskar-laesingar\/#breadcrumb","itemListElement":[{"@type":"ListItem","position":1,"name":"Home","item":"https:\/\/velarogverkfaeri.is\/"},{"@type":"ListItem","position":2,"name":"Vefverslun","item":"https:\/\/velarogverkfaeri.is\/vefverslun\/"},{"@type":"ListItem","position":3,"name":"d line AJ111 Hur\u00f0arhandfang hanna\u00f0 af Arne Jacobsen"}]},{"@type":"WebSite","@id":"https:\/\/velarogverkfaeri.is\/en\/#website","url":"https:\/\/velarogverkfaeri.is\/en\/","name":"V\u00e9lar & Verkf\u00e6ri","description":"Umbo\u00f0s- og heildverslun fr\u00e1 \u00e1rinu 1919","publisher":{"@id":"https:\/\/velarogverkfaeri.is\/en\/#organization"},"potentialAction":[{"@type":"SearchAction","target":{"@type":"EntryPoint","urlTemplate":"https:\/\/velarogverkfaeri.is\/en\/?s={search_term_string}"},"query-input":{"@type":"PropertyValueSpecification","valueRequired":true,"valueName":"search_term_string"}}],"inLanguage":"en-US"},{"@type":"Organization","@id":"https:\/\/velarogverkfaeri.is\/en\/#organization","name":"V\u00e9lar & Verkf\u00e6ri","url":"https:\/\/velarogverkfaeri.is\/en\/","logo":{"@type":"ImageObject","inLanguage":"en-US","@id":"https:\/\/velarogverkfaeri.is\/en\/#\/schema\/logo\/image\/","url":"https:\/\/velarogverkfaeri.is\/wp-content\/uploads\/2021\/10\/vv_logo_350x100.png","contentUrl":"https:\/\/velarogverkfaeri.is\/wp-content\/uploads\/2021\/10\/vv_logo_350x100.png","width":350,"height":100,"caption":"V\u00e9lar & Verkf\u00e6ri"},"image":{"@id":"https:\/\/velarogverkfaeri.is\/en\/#\/schema\/logo\/image\/"},"sameAs":["https:\/\/www.facebook.com\/VelarOgVerkfaeri"]}]}},"_links":{"self":[{"href":"https:\/\/velarogverkfaeri.is\/en\/wp-json\/wp\/v2\/product\/35832","targetHints":{"allow":["GET"]}}],"collection":[{"href":"https:\/\/velarogverkfaeri.is\/en\/wp-json\/wp\/v2\/product"}],"about":[{"href":"https:\/\/velarogverkfaeri.is\/en\/wp-json\/wp\/v2\/types\/product"}],"replies":[{"embeddable":true,"href":"https:\/\/velarogverkfaeri.is\/en\/wp-json\/wp\/v2\/comments?post=35832"}],"wp:featuredmedia":[{"embeddable":true,"href":"https:\/\/velarogverkfaeri.is\/en\/wp-json\/wp\/v2\/media\/71614"}],"wp:attachment":[{"href":"https:\/\/velarogverkfaeri.is\/en\/wp-json\/wp\/v2\/media?parent=35832"}],"wp:term":[{"taxonomy":"product_brand","embeddable":true,"href":"https:\/\/velarogverkfaeri.is\/en\/wp-json\/wp\/v2\/product_brand?post=35832"},{"taxonomy":"product_cat","embeddable":true,"href":"https:\/\/velarogverkfaeri.is\/en\/wp-json\/wp\/v2\/product_cat?post=35832"},{"taxonomy":"product_tag","embeddable":true,"href":"https:\/\/velarogverkfaeri.is\/en\/wp-json\/wp\/v2\/product_tag?post=35832"}],"curies":[{"name":"wp","href":"https:\/\/api.w.org\/{rel}","templated":true}]}}