{"id":35465,"date":"2023-06-07T14:21:08","date_gmt":"2023-06-07T14:21:08","guid":{"rendered":"https:\/\/vv-dev.webdev.is\/uncategorized\/product\/assa-hurdarpumpa-dc200-sett\/"},"modified":"2026-04-01T17:45:52","modified_gmt":"2026-04-01T17:45:52","slug":"assa-hurdarpumpa-dc200-sett","status":"publish","type":"product","link":"https:\/\/velarogverkfaeri.is\/en\/lykillausnir\/hurdabunadur-lykillausnir\/hurdapumpur\/product\/assa-hurdarpumpa-dc200-sett\/","title":{"rendered":"ASSA Hur\u00f0arpumpa DC200 Silfur SETT"},"content":{"rendered":"<p>Einstaklega handh\u00e6g pakkning me\u00f0 \u00f6llu sem \u00fearf til a\u00f0 setja upp hur\u00f0arpumpu. G\u00f3\u00f0ar lei\u00f0beiningar fylgja me\u00f0.<\/p>\n<p>Pakkningin inniheldur:<\/p>\n<ul>\n<li>DC200 hur\u00f0arpumpu<\/li>\n<li>L190 olnbogaarm<\/li>\n<li>A120 festipl\u00f6tu<\/li>\n<li>TORX T25 bita<\/li>\n<\/ul>\n<p><\/p>\n<p>DC200 hentar til notkunar \u00e1 \u00fati-, inni- og eldvarnarhur\u00f0ir. Stillanlegur fja\u00f0urkraftur er EN 2-4 og h\u00e1marksbreidd hur\u00f0ar er 1100mm.<\/p>\n<p>Stillanlegur lokunarkraftur, lokunarhra\u00f0i og opnunarbremsa.<\/p>\n<p>Hur\u00f0arpumpan uppfyllir EN1154 sta\u00f0alinn.<\/p>\n<p>H\u00e6gt a\u00f0 nota b\u00e6\u00f0i fyrir hur\u00f0ir sem opnast til vinstri og h\u00e6gri.<\/p>\n<p>Festiplatan er falin til a\u00f0 tryggja st\u00edlhreina uppsetningu.<\/p>\n<p>St\u00e6r\u00f0 hur\u00f0arpumpu er 223 x 47 x 60 mm<\/p>\n<p><\/p>","protected":false},"excerpt":{"rendered":"<p>Pakkning me\u00f0 \u00f6llu sem \u00fe\u00fa \u00fearft til a\u00f0 setju upp \u00feessa v\u00f6ndu\u00f0u hur\u00f0arpumpu \u00e1 einfaldan h\u00e1tt.<\/p>","protected":false},"featured_media":35463,"comment_status":"closed","ping_status":"closed","template":"","meta":[],"product_brand":[],"product_cat":[597,665,517],"product_tag":[],"class_list":{"0":"post-35465","1":"product","2":"type-product","3":"status-publish","4":"has-post-thumbnail","6":"product_cat-hurdabunadur-lykillausnir","7":"product_cat-hurdapumpur","8":"product_cat-lykillausnir","10":"first","11":"instock","12":"taxable","13":"shipping-taxable","14":"purchasable","15":"product-type-simple"},"yoast_head":"<!-- This site is optimized with the Yoast SEO plugin v27.3 - https:\/\/yoast.com\/product\/yoast-seo-wordpress\/ -->\n<title>ASSA Hur\u00f0arpumpa DC200 Silfur SETT - V\u00e9lar &amp; Verkf\u00e6ri<\/title>\n<meta name=\"robots\" content=\"index, follow, max-snippet:-1, max-image-preview:large, max-video-preview:-1\" \/>\n<link rel=\"canonical\" href=\"https:\/\/velarogverkfaeri.is\/en\/lykillausnir\/hurdabunadur-lykillausnir\/hurdapumpur\/product\/assa-hurdarpumpa-dc200-sett\/\" \/>\n<meta property=\"og:locale\" content=\"en_US\" \/>\n<meta property=\"og:type\" content=\"article\" \/>\n<meta property=\"og:title\" content=\"ASSA Hur\u00f0arpumpa DC200 Silfur SETT - V\u00e9lar &amp; Verkf\u00e6ri\" \/>\n<meta property=\"og:description\" content=\"Pakkning me\u00f0 \u00f6llu sem \u00fe\u00fa \u00fearft til a\u00f0 setju upp \u00feessa v\u00f6ndu\u00f0u hur\u00f0arpumpu \u00e1 einfaldan h\u00e1tt.\" \/>\n<meta property=\"og:url\" content=\"https:\/\/velarogverkfaeri.is\/en\/lykillausnir\/hurdabunadur-lykillausnir\/hurdapumpur\/product\/assa-hurdarpumpa-dc200-sett\/\" \/>\n<meta property=\"og:site_name\" content=\"V\u00e9lar &amp; Verkf\u00e6ri\" \/>\n<meta property=\"article:publisher\" content=\"https:\/\/www.facebook.com\/VelarOgVerkfaeri\" \/>\n<meta property=\"article:modified_time\" content=\"2026-04-01T17:45:52+00:00\" \/>\n<meta property=\"og:image\" content=\"https:\/\/velarogverkfaeri.is\/wp-content\/uploads\/2023\/06\/4b1b8bce-1d5c-4b2f-b31e-a2d36fb3582c.jpeg\" \/>\n\t<meta property=\"og:image:width\" content=\"650\" \/>\n\t<meta property=\"og:image:height\" content=\"266\" \/>\n\t<meta property=\"og:image:type\" content=\"image\/jpeg\" \/>\n<meta name=\"twitter:card\" content=\"summary_large_image\" \/>\n<script type=\"application\/ld+json\" class=\"yoast-schema-graph\">{\"@context\":\"https:\\\/\\\/schema.org\",\"@graph\":[{\"@type\":\"WebPage\",\"@id\":\"https:\\\/\\\/velarogverkfaeri.is\\\/lykillausnir\\\/hurdabunadur-lykillausnir\\\/hurdapumpur\\\/product\\\/assa-hurdarpumpa-dc200-sett\\\/\",\"url\":\"https:\\\/\\\/velarogverkfaeri.is\\\/lykillausnir\\\/hurdabunadur-lykillausnir\\\/hurdapumpur\\\/product\\\/assa-hurdarpumpa-dc200-sett\\\/\",\"name\":\"ASSA Hur\u00f0arpumpa DC200 Silfur SETT - V\u00e9lar &amp; Verkf\u00e6ri\",\"isPartOf\":{\"@id\":\"https:\\\/\\\/velarogverkfaeri.is\\\/en\\\/#website\"},\"primaryImageOfPage\":{\"@id\":\"https:\\\/\\\/velarogverkfaeri.is\\\/lykillausnir\\\/hurdabunadur-lykillausnir\\\/hurdapumpur\\\/product\\\/assa-hurdarpumpa-dc200-sett\\\/#primaryimage\"},\"image\":{\"@id\":\"https:\\\/\\\/velarogverkfaeri.is\\\/lykillausnir\\\/hurdabunadur-lykillausnir\\\/hurdapumpur\\\/product\\\/assa-hurdarpumpa-dc200-sett\\\/#primaryimage\"},\"thumbnailUrl\":\"https:\\\/\\\/velarogverkfaeri.is\\\/wp-content\\\/uploads\\\/2023\\\/06\\\/4b1b8bce-1d5c-4b2f-b31e-a2d36fb3582c.jpeg\",\"datePublished\":\"2023-06-07T14:21:08+00:00\",\"dateModified\":\"2026-04-01T17:45:52+00:00\",\"breadcrumb\":{\"@id\":\"https:\\\/\\\/velarogverkfaeri.is\\\/lykillausnir\\\/hurdabunadur-lykillausnir\\\/hurdapumpur\\\/product\\\/assa-hurdarpumpa-dc200-sett\\\/#breadcrumb\"},\"inLanguage\":\"en-US\",\"potentialAction\":[{\"@type\":\"ReadAction\",\"target\":[\"https:\\\/\\\/velarogverkfaeri.is\\\/lykillausnir\\\/hurdabunadur-lykillausnir\\\/hurdapumpur\\\/product\\\/assa-hurdarpumpa-dc200-sett\\\/\"]}]},{\"@type\":\"ImageObject\",\"inLanguage\":\"en-US\",\"@id\":\"https:\\\/\\\/velarogverkfaeri.is\\\/lykillausnir\\\/hurdabunadur-lykillausnir\\\/hurdapumpur\\\/product\\\/assa-hurdarpumpa-dc200-sett\\\/#primaryimage\",\"url\":\"https:\\\/\\\/velarogverkfaeri.is\\\/wp-content\\\/uploads\\\/2023\\\/06\\\/4b1b8bce-1d5c-4b2f-b31e-a2d36fb3582c.jpeg\",\"contentUrl\":\"https:\\\/\\\/velarogverkfaeri.is\\\/wp-content\\\/uploads\\\/2023\\\/06\\\/4b1b8bce-1d5c-4b2f-b31e-a2d36fb3582c.jpeg\",\"width\":650,\"height\":266},{\"@type\":\"BreadcrumbList\",\"@id\":\"https:\\\/\\\/velarogverkfaeri.is\\\/lykillausnir\\\/hurdabunadur-lykillausnir\\\/hurdapumpur\\\/product\\\/assa-hurdarpumpa-dc200-sett\\\/#breadcrumb\",\"itemListElement\":[{\"@type\":\"ListItem\",\"position\":1,\"name\":\"Home\",\"item\":\"https:\\\/\\\/velarogverkfaeri.is\\\/\"},{\"@type\":\"ListItem\",\"position\":2,\"name\":\"Vefverslun\",\"item\":\"https:\\\/\\\/velarogverkfaeri.is\\\/vefverslun\\\/\"},{\"@type\":\"ListItem\",\"position\":3,\"name\":\"ASSA Hur\u00f0arpumpa DC200 Silfur SETT\"}]},{\"@type\":\"WebSite\",\"@id\":\"https:\\\/\\\/velarogverkfaeri.is\\\/en\\\/#website\",\"url\":\"https:\\\/\\\/velarogverkfaeri.is\\\/en\\\/\",\"name\":\"V\u00e9lar & Verkf\u00e6ri\",\"description\":\"Umbo\u00f0s- og heildverslun fr\u00e1 \u00e1rinu 1919\",\"publisher\":{\"@id\":\"https:\\\/\\\/velarogverkfaeri.is\\\/en\\\/#organization\"},\"potentialAction\":[{\"@type\":\"SearchAction\",\"target\":{\"@type\":\"EntryPoint\",\"urlTemplate\":\"https:\\\/\\\/velarogverkfaeri.is\\\/en\\\/?s={search_term_string}\"},\"query-input\":{\"@type\":\"PropertyValueSpecification\",\"valueRequired\":true,\"valueName\":\"search_term_string\"}}],\"inLanguage\":\"en-US\"},{\"@type\":\"Organization\",\"@id\":\"https:\\\/\\\/velarogverkfaeri.is\\\/en\\\/#organization\",\"name\":\"V\u00e9lar & Verkf\u00e6ri\",\"url\":\"https:\\\/\\\/velarogverkfaeri.is\\\/en\\\/\",\"logo\":{\"@type\":\"ImageObject\",\"inLanguage\":\"en-US\",\"@id\":\"https:\\\/\\\/velarogverkfaeri.is\\\/en\\\/#\\\/schema\\\/logo\\\/image\\\/\",\"url\":\"https:\\\/\\\/velarogverkfaeri.is\\\/wp-content\\\/uploads\\\/2021\\\/10\\\/vv_logo_350x100.png\",\"contentUrl\":\"https:\\\/\\\/velarogverkfaeri.is\\\/wp-content\\\/uploads\\\/2021\\\/10\\\/vv_logo_350x100.png\",\"width\":350,\"height\":100,\"caption\":\"V\u00e9lar & Verkf\u00e6ri\"},\"image\":{\"@id\":\"https:\\\/\\\/velarogverkfaeri.is\\\/en\\\/#\\\/schema\\\/logo\\\/image\\\/\"},\"sameAs\":[\"https:\\\/\\\/www.facebook.com\\\/VelarOgVerkfaeri\"]}]}<\/script>\n<!-- \/ Yoast SEO plugin. -->","yoast_head_json":{"title":"ASSA Hur\u00f0arpumpa DC200 Silfur SETT - V\u00e9lar &amp; Verkf\u00e6ri","robots":{"index":"index","follow":"follow","max-snippet":"max-snippet:-1","max-image-preview":"max-image-preview:large","max-video-preview":"max-video-preview:-1"},"canonical":"https:\/\/velarogverkfaeri.is\/en\/lykillausnir\/hurdabunadur-lykillausnir\/hurdapumpur\/product\/assa-hurdarpumpa-dc200-sett\/","og_locale":"en_US","og_type":"article","og_title":"ASSA Hur\u00f0arpumpa DC200 Silfur SETT - V\u00e9lar &amp; Verkf\u00e6ri","og_description":"Pakkning me\u00f0 \u00f6llu sem \u00fe\u00fa \u00fearft til a\u00f0 setju upp \u00feessa v\u00f6ndu\u00f0u hur\u00f0arpumpu \u00e1 einfaldan h\u00e1tt.","og_url":"https:\/\/velarogverkfaeri.is\/en\/lykillausnir\/hurdabunadur-lykillausnir\/hurdapumpur\/product\/assa-hurdarpumpa-dc200-sett\/","og_site_name":"V\u00e9lar &amp; Verkf\u00e6ri","article_publisher":"https:\/\/www.facebook.com\/VelarOgVerkfaeri","article_modified_time":"2026-04-01T17:45:52+00:00","og_image":[{"width":650,"height":266,"url":"https:\/\/velarogverkfaeri.is\/wp-content\/uploads\/2023\/06\/4b1b8bce-1d5c-4b2f-b31e-a2d36fb3582c.jpeg","type":"image\/jpeg"}],"twitter_card":"summary_large_image","schema":{"@context":"https:\/\/schema.org","@graph":[{"@type":"WebPage","@id":"https:\/\/velarogverkfaeri.is\/lykillausnir\/hurdabunadur-lykillausnir\/hurdapumpur\/product\/assa-hurdarpumpa-dc200-sett\/","url":"https:\/\/velarogverkfaeri.is\/lykillausnir\/hurdabunadur-lykillausnir\/hurdapumpur\/product\/assa-hurdarpumpa-dc200-sett\/","name":"ASSA Hur\u00f0arpumpa DC200 Silfur SETT - V\u00e9lar &amp; Verkf\u00e6ri","isPartOf":{"@id":"https:\/\/velarogverkfaeri.is\/en\/#website"},"primaryImageOfPage":{"@id":"https:\/\/velarogverkfaeri.is\/lykillausnir\/hurdabunadur-lykillausnir\/hurdapumpur\/product\/assa-hurdarpumpa-dc200-sett\/#primaryimage"},"image":{"@id":"https:\/\/velarogverkfaeri.is\/lykillausnir\/hurdabunadur-lykillausnir\/hurdapumpur\/product\/assa-hurdarpumpa-dc200-sett\/#primaryimage"},"thumbnailUrl":"https:\/\/velarogverkfaeri.is\/wp-content\/uploads\/2023\/06\/4b1b8bce-1d5c-4b2f-b31e-a2d36fb3582c.jpeg","datePublished":"2023-06-07T14:21:08+00:00","dateModified":"2026-04-01T17:45:52+00:00","breadcrumb":{"@id":"https:\/\/velarogverkfaeri.is\/lykillausnir\/hurdabunadur-lykillausnir\/hurdapumpur\/product\/assa-hurdarpumpa-dc200-sett\/#breadcrumb"},"inLanguage":"en-US","potentialAction":[{"@type":"ReadAction","target":["https:\/\/velarogverkfaeri.is\/lykillausnir\/hurdabunadur-lykillausnir\/hurdapumpur\/product\/assa-hurdarpumpa-dc200-sett\/"]}]},{"@type":"ImageObject","inLanguage":"en-US","@id":"https:\/\/velarogverkfaeri.is\/lykillausnir\/hurdabunadur-lykillausnir\/hurdapumpur\/product\/assa-hurdarpumpa-dc200-sett\/#primaryimage","url":"https:\/\/velarogverkfaeri.is\/wp-content\/uploads\/2023\/06\/4b1b8bce-1d5c-4b2f-b31e-a2d36fb3582c.jpeg","contentUrl":"https:\/\/velarogverkfaeri.is\/wp-content\/uploads\/2023\/06\/4b1b8bce-1d5c-4b2f-b31e-a2d36fb3582c.jpeg","width":650,"height":266},{"@type":"BreadcrumbList","@id":"https:\/\/velarogverkfaeri.is\/lykillausnir\/hurdabunadur-lykillausnir\/hurdapumpur\/product\/assa-hurdarpumpa-dc200-sett\/#breadcrumb","itemListElement":[{"@type":"ListItem","position":1,"name":"Home","item":"https:\/\/velarogverkfaeri.is\/"},{"@type":"ListItem","position":2,"name":"Vefverslun","item":"https:\/\/velarogverkfaeri.is\/vefverslun\/"},{"@type":"ListItem","position":3,"name":"ASSA Hur\u00f0arpumpa DC200 Silfur SETT"}]},{"@type":"WebSite","@id":"https:\/\/velarogverkfaeri.is\/en\/#website","url":"https:\/\/velarogverkfaeri.is\/en\/","name":"V\u00e9lar & Verkf\u00e6ri","description":"Umbo\u00f0s- og heildverslun fr\u00e1 \u00e1rinu 1919","publisher":{"@id":"https:\/\/velarogverkfaeri.is\/en\/#organization"},"potentialAction":[{"@type":"SearchAction","target":{"@type":"EntryPoint","urlTemplate":"https:\/\/velarogverkfaeri.is\/en\/?s={search_term_string}"},"query-input":{"@type":"PropertyValueSpecification","valueRequired":true,"valueName":"search_term_string"}}],"inLanguage":"en-US"},{"@type":"Organization","@id":"https:\/\/velarogverkfaeri.is\/en\/#organization","name":"V\u00e9lar & Verkf\u00e6ri","url":"https:\/\/velarogverkfaeri.is\/en\/","logo":{"@type":"ImageObject","inLanguage":"en-US","@id":"https:\/\/velarogverkfaeri.is\/en\/#\/schema\/logo\/image\/","url":"https:\/\/velarogverkfaeri.is\/wp-content\/uploads\/2021\/10\/vv_logo_350x100.png","contentUrl":"https:\/\/velarogverkfaeri.is\/wp-content\/uploads\/2021\/10\/vv_logo_350x100.png","width":350,"height":100,"caption":"V\u00e9lar & Verkf\u00e6ri"},"image":{"@id":"https:\/\/velarogverkfaeri.is\/en\/#\/schema\/logo\/image\/"},"sameAs":["https:\/\/www.facebook.com\/VelarOgVerkfaeri"]}]}},"_links":{"self":[{"href":"https:\/\/velarogverkfaeri.is\/en\/wp-json\/wp\/v2\/product\/35465","targetHints":{"allow":["GET"]}}],"collection":[{"href":"https:\/\/velarogverkfaeri.is\/en\/wp-json\/wp\/v2\/product"}],"about":[{"href":"https:\/\/velarogverkfaeri.is\/en\/wp-json\/wp\/v2\/types\/product"}],"replies":[{"embeddable":true,"href":"https:\/\/velarogverkfaeri.is\/en\/wp-json\/wp\/v2\/comments?post=35465"}],"wp:featuredmedia":[{"embeddable":true,"href":"https:\/\/velarogverkfaeri.is\/en\/wp-json\/wp\/v2\/media\/35463"}],"wp:attachment":[{"href":"https:\/\/velarogverkfaeri.is\/en\/wp-json\/wp\/v2\/media?parent=35465"}],"wp:term":[{"taxonomy":"product_brand","embeddable":true,"href":"https:\/\/velarogverkfaeri.is\/en\/wp-json\/wp\/v2\/product_brand?post=35465"},{"taxonomy":"product_cat","embeddable":true,"href":"https:\/\/velarogverkfaeri.is\/en\/wp-json\/wp\/v2\/product_cat?post=35465"},{"taxonomy":"product_tag","embeddable":true,"href":"https:\/\/velarogverkfaeri.is\/en\/wp-json\/wp\/v2\/product_tag?post=35465"}],"curies":[{"name":"wp","href":"https:\/\/api.w.org\/{rel}","templated":true}]}}