{"id":35457,"date":"2023-06-07T14:21:07","date_gmt":"2023-06-07T14:21:07","guid":{"rendered":"https:\/\/vv-dev.webdev.is\/uncategorized\/product\/victorinox-hnifur-swiss-army-fieldmaster\/"},"modified":"2026-03-23T15:45:32","modified_gmt":"2026-03-23T15:45:32","slug":"victorinox-hnifur-swiss-army-fieldmaster","status":"publish","type":"product","link":"https:\/\/velarogverkfaeri.is\/en\/lykillausnir\/hnifar-lykillausnir\/victorinox-hnifar\/product\/victorinox-hnifur-swiss-army-fieldmaster\/","title":{"rendered":"VICTORINOX Swiss Army Hiker Hn\u00edfur"},"content":{"rendered":"<p>Tilvalinn fyrir hversdags\u00e6vint\u00fdri e\u00f0a \u00f3venjuleg st\u00f6rf \u00ed gar\u00f0inum, hinn fj\u00f6lh\u00e6fi Fieldmaster vasahn\u00edfur virkar jafn vel utandyra og \u00ed verkefnum innandyra. Me\u00f0 15 eiginleikum, allt fr\u00e1 bl\u00f6\u00f0um til fl\u00f6skuopnara, sk\u00e6rum til skr\u00fafj\u00e1rnanna og v\u00edraklippunnar til saga, mun Fieldmasterinn ekki sv\u00edkja \u00feig. \u00deetta er fj\u00f6lverkf\u00e6ri sem \u00fe\u00fa munt nota aftur og aftur og veltir \u00fev\u00ed fyrir \u00fe\u00e9r hvernig \u00fe\u00e9r t\u00f3kst a\u00f0 koma hlutum \u00ed framkv\u00e6md \u00e1n \u00feess.<\/p>\n<p><\/p>\n<p><b style=\"color: inherit; font-family: inherit; font-size: 18px; white-space: initial;\">Verkf\u00e6rin \u00ed hn\u00edfnum:<\/b><\/p>\n<p>1. St\u00f3rt hn\u00edfsbla\u00f0 <\/p>\n<p>2. L\u00edti\u00f0 hn\u00edfsbla\u00f0<\/p>\n<p>3. D\u00f3saopnari <\/p>\n<p>4.Skr\u00fafj\u00e1rn 3 mm <\/p>\n<p>5.Fl\u00f6skuopnari <\/p>\n<p>6. Skr\u00fafj\u00e1rn 6 mm <\/p>\n<p>7. V\u00edraklippur <\/p>\n<p>8. Hn\u00edfn\u00e1l<\/p>\n<p>9. Sk\u00e6ri <\/p>\n<p>10. Tr\u00e9s\u00f6g<\/p>\n<p>11. Phillips skr\u00fafj\u00e1rn 1\/2 <\/p>\n<p>12. Fj\u00f6lnota kr\u00f3kur<\/p>\n<p>13. Lyklahringur <\/p>\n<p>14. Fl\u00edsat\u00f6ng<\/p>\n<p>15. Tannst\u00f6ngull<\/p>\n<p><\/p>\n<h4 style=\"font-family: &quot;Source Sans Pro&quot;, sans-serif; color: rgb(0, 0, 0); white-space: normal;\">St\u00e6r\u00f0:<\/h4>\n<p>H\u00e6\u00f0: 20 mm<\/p>\n<p>Lengd: 91 mm<\/p>\n<p>Breidd: 26 mm<\/p>\n<p>\u00deyngd: 100 g<\/p>","protected":false},"excerpt":{"rendered":"<p>Tegund:&nbsp;14613&nbsp;<\/p>","protected":false},"featured_media":69691,"comment_status":"closed","ping_status":"closed","template":"","meta":[],"product_brand":[],"product_cat":[833,517,839],"product_tag":[1027,830],"class_list":{"0":"post-35457","1":"product","2":"type-product","3":"status-publish","4":"has-post-thumbnail","6":"product_cat-hnifar-lykillausnir","7":"product_cat-lykillausnir","8":"product_cat-victorinox-hnifar","9":"product_tag-3dagar","10":"product_tag-victorinox","12":"first","13":"instock","14":"taxable","15":"shipping-taxable","16":"purchasable","17":"product-type-simple"},"yoast_head":"<!-- This site is optimized with the Yoast SEO plugin v27.3 - https:\/\/yoast.com\/product\/yoast-seo-wordpress\/ -->\n<title>VICTORINOX Swiss Army Hiker Hn\u00edfur - V\u00e9lar &amp; Verkf\u00e6ri<\/title>\n<meta name=\"robots\" content=\"index, follow, max-snippet:-1, max-image-preview:large, max-video-preview:-1\" \/>\n<link rel=\"canonical\" href=\"https:\/\/velarogverkfaeri.is\/en\/lykillausnir\/hnifar-lykillausnir\/victorinox-hnifar\/product\/victorinox-hnifur-swiss-army-fieldmaster\/\" \/>\n<meta property=\"og:locale\" content=\"en_US\" \/>\n<meta property=\"og:type\" content=\"article\" \/>\n<meta property=\"og:title\" content=\"VICTORINOX Swiss Army Hiker Hn\u00edfur - V\u00e9lar &amp; Verkf\u00e6ri\" \/>\n<meta property=\"og:description\" content=\"Tegund:&nbsp;14613&nbsp;\" \/>\n<meta property=\"og:url\" content=\"https:\/\/velarogverkfaeri.is\/en\/lykillausnir\/hnifar-lykillausnir\/victorinox-hnifar\/product\/victorinox-hnifur-swiss-army-fieldmaster\/\" \/>\n<meta property=\"og:site_name\" content=\"V\u00e9lar &amp; Verkf\u00e6ri\" \/>\n<meta property=\"article:publisher\" content=\"https:\/\/www.facebook.com\/VelarOgVerkfaeri\" \/>\n<meta property=\"article:modified_time\" content=\"2026-03-23T15:45:32+00:00\" \/>\n<meta property=\"og:image\" content=\"https:\/\/velarogverkfaeri.is\/wp-content\/uploads\/2024\/12\/3c190152-b2c8-4b4c-ace4-b2133628eb90.png\" \/>\n\t<meta property=\"og:image:width\" content=\"1105\" \/>\n\t<meta property=\"og:image:height\" content=\"769\" \/>\n\t<meta property=\"og:image:type\" content=\"image\/png\" \/>\n<meta name=\"twitter:card\" content=\"summary_large_image\" \/>\n<meta name=\"twitter:label1\" content=\"Est. reading time\" \/>\n\t<meta name=\"twitter:data1\" content=\"1 minute\" \/>\n<script type=\"application\/ld+json\" class=\"yoast-schema-graph\">{\"@context\":\"https:\\\/\\\/schema.org\",\"@graph\":[{\"@type\":\"WebPage\",\"@id\":\"https:\\\/\\\/velarogverkfaeri.is\\\/lykillausnir\\\/hnifar-lykillausnir\\\/victorinox-hnifar\\\/product\\\/victorinox-hnifur-swiss-army-fieldmaster\\\/\",\"url\":\"https:\\\/\\\/velarogverkfaeri.is\\\/lykillausnir\\\/hnifar-lykillausnir\\\/victorinox-hnifar\\\/product\\\/victorinox-hnifur-swiss-army-fieldmaster\\\/\",\"name\":\"VICTORINOX Swiss Army Hiker Hn\u00edfur - V\u00e9lar &amp; Verkf\u00e6ri\",\"isPartOf\":{\"@id\":\"https:\\\/\\\/velarogverkfaeri.is\\\/en\\\/#website\"},\"primaryImageOfPage\":{\"@id\":\"https:\\\/\\\/velarogverkfaeri.is\\\/lykillausnir\\\/hnifar-lykillausnir\\\/victorinox-hnifar\\\/product\\\/victorinox-hnifur-swiss-army-fieldmaster\\\/#primaryimage\"},\"image\":{\"@id\":\"https:\\\/\\\/velarogverkfaeri.is\\\/lykillausnir\\\/hnifar-lykillausnir\\\/victorinox-hnifar\\\/product\\\/victorinox-hnifur-swiss-army-fieldmaster\\\/#primaryimage\"},\"thumbnailUrl\":\"https:\\\/\\\/velarogverkfaeri.is\\\/wp-content\\\/uploads\\\/2024\\\/12\\\/3c190152-b2c8-4b4c-ace4-b2133628eb90.png\",\"datePublished\":\"2023-06-07T14:21:07+00:00\",\"dateModified\":\"2026-03-23T15:45:32+00:00\",\"breadcrumb\":{\"@id\":\"https:\\\/\\\/velarogverkfaeri.is\\\/lykillausnir\\\/hnifar-lykillausnir\\\/victorinox-hnifar\\\/product\\\/victorinox-hnifur-swiss-army-fieldmaster\\\/#breadcrumb\"},\"inLanguage\":\"en-US\",\"potentialAction\":[{\"@type\":\"ReadAction\",\"target\":[\"https:\\\/\\\/velarogverkfaeri.is\\\/lykillausnir\\\/hnifar-lykillausnir\\\/victorinox-hnifar\\\/product\\\/victorinox-hnifur-swiss-army-fieldmaster\\\/\"]}]},{\"@type\":\"ImageObject\",\"inLanguage\":\"en-US\",\"@id\":\"https:\\\/\\\/velarogverkfaeri.is\\\/lykillausnir\\\/hnifar-lykillausnir\\\/victorinox-hnifar\\\/product\\\/victorinox-hnifur-swiss-army-fieldmaster\\\/#primaryimage\",\"url\":\"https:\\\/\\\/velarogverkfaeri.is\\\/wp-content\\\/uploads\\\/2024\\\/12\\\/3c190152-b2c8-4b4c-ace4-b2133628eb90.png\",\"contentUrl\":\"https:\\\/\\\/velarogverkfaeri.is\\\/wp-content\\\/uploads\\\/2024\\\/12\\\/3c190152-b2c8-4b4c-ace4-b2133628eb90.png\",\"width\":1105,\"height\":769},{\"@type\":\"BreadcrumbList\",\"@id\":\"https:\\\/\\\/velarogverkfaeri.is\\\/lykillausnir\\\/hnifar-lykillausnir\\\/victorinox-hnifar\\\/product\\\/victorinox-hnifur-swiss-army-fieldmaster\\\/#breadcrumb\",\"itemListElement\":[{\"@type\":\"ListItem\",\"position\":1,\"name\":\"Home\",\"item\":\"https:\\\/\\\/velarogverkfaeri.is\\\/\"},{\"@type\":\"ListItem\",\"position\":2,\"name\":\"Vefverslun\",\"item\":\"https:\\\/\\\/velarogverkfaeri.is\\\/vefverslun\\\/\"},{\"@type\":\"ListItem\",\"position\":3,\"name\":\"VICTORINOX Swiss Army Hiker Hn\u00edfur\"}]},{\"@type\":\"WebSite\",\"@id\":\"https:\\\/\\\/velarogverkfaeri.is\\\/en\\\/#website\",\"url\":\"https:\\\/\\\/velarogverkfaeri.is\\\/en\\\/\",\"name\":\"V\u00e9lar & Verkf\u00e6ri\",\"description\":\"Umbo\u00f0s- og heildverslun fr\u00e1 \u00e1rinu 1919\",\"publisher\":{\"@id\":\"https:\\\/\\\/velarogverkfaeri.is\\\/en\\\/#organization\"},\"potentialAction\":[{\"@type\":\"SearchAction\",\"target\":{\"@type\":\"EntryPoint\",\"urlTemplate\":\"https:\\\/\\\/velarogverkfaeri.is\\\/en\\\/?s={search_term_string}\"},\"query-input\":{\"@type\":\"PropertyValueSpecification\",\"valueRequired\":true,\"valueName\":\"search_term_string\"}}],\"inLanguage\":\"en-US\"},{\"@type\":\"Organization\",\"@id\":\"https:\\\/\\\/velarogverkfaeri.is\\\/en\\\/#organization\",\"name\":\"V\u00e9lar & Verkf\u00e6ri\",\"url\":\"https:\\\/\\\/velarogverkfaeri.is\\\/en\\\/\",\"logo\":{\"@type\":\"ImageObject\",\"inLanguage\":\"en-US\",\"@id\":\"https:\\\/\\\/velarogverkfaeri.is\\\/en\\\/#\\\/schema\\\/logo\\\/image\\\/\",\"url\":\"https:\\\/\\\/velarogverkfaeri.is\\\/wp-content\\\/uploads\\\/2021\\\/10\\\/vv_logo_350x100.png\",\"contentUrl\":\"https:\\\/\\\/velarogverkfaeri.is\\\/wp-content\\\/uploads\\\/2021\\\/10\\\/vv_logo_350x100.png\",\"width\":350,\"height\":100,\"caption\":\"V\u00e9lar & Verkf\u00e6ri\"},\"image\":{\"@id\":\"https:\\\/\\\/velarogverkfaeri.is\\\/en\\\/#\\\/schema\\\/logo\\\/image\\\/\"},\"sameAs\":[\"https:\\\/\\\/www.facebook.com\\\/VelarOgVerkfaeri\"]}]}<\/script>\n<!-- \/ Yoast SEO plugin. -->","yoast_head_json":{"title":"VICTORINOX Swiss Army Hiker Hn\u00edfur - V\u00e9lar &amp; Verkf\u00e6ri","robots":{"index":"index","follow":"follow","max-snippet":"max-snippet:-1","max-image-preview":"max-image-preview:large","max-video-preview":"max-video-preview:-1"},"canonical":"https:\/\/velarogverkfaeri.is\/en\/lykillausnir\/hnifar-lykillausnir\/victorinox-hnifar\/product\/victorinox-hnifur-swiss-army-fieldmaster\/","og_locale":"en_US","og_type":"article","og_title":"VICTORINOX Swiss Army Hiker Hn\u00edfur - V\u00e9lar &amp; Verkf\u00e6ri","og_description":"Tegund:&nbsp;14613&nbsp;","og_url":"https:\/\/velarogverkfaeri.is\/en\/lykillausnir\/hnifar-lykillausnir\/victorinox-hnifar\/product\/victorinox-hnifur-swiss-army-fieldmaster\/","og_site_name":"V\u00e9lar &amp; Verkf\u00e6ri","article_publisher":"https:\/\/www.facebook.com\/VelarOgVerkfaeri","article_modified_time":"2026-03-23T15:45:32+00:00","og_image":[{"width":1105,"height":769,"url":"https:\/\/velarogverkfaeri.is\/wp-content\/uploads\/2024\/12\/3c190152-b2c8-4b4c-ace4-b2133628eb90.png","type":"image\/png"}],"twitter_card":"summary_large_image","twitter_misc":{"Est. reading time":"1 minute"},"schema":{"@context":"https:\/\/schema.org","@graph":[{"@type":"WebPage","@id":"https:\/\/velarogverkfaeri.is\/lykillausnir\/hnifar-lykillausnir\/victorinox-hnifar\/product\/victorinox-hnifur-swiss-army-fieldmaster\/","url":"https:\/\/velarogverkfaeri.is\/lykillausnir\/hnifar-lykillausnir\/victorinox-hnifar\/product\/victorinox-hnifur-swiss-army-fieldmaster\/","name":"VICTORINOX Swiss Army Hiker Hn\u00edfur - V\u00e9lar &amp; Verkf\u00e6ri","isPartOf":{"@id":"https:\/\/velarogverkfaeri.is\/en\/#website"},"primaryImageOfPage":{"@id":"https:\/\/velarogverkfaeri.is\/lykillausnir\/hnifar-lykillausnir\/victorinox-hnifar\/product\/victorinox-hnifur-swiss-army-fieldmaster\/#primaryimage"},"image":{"@id":"https:\/\/velarogverkfaeri.is\/lykillausnir\/hnifar-lykillausnir\/victorinox-hnifar\/product\/victorinox-hnifur-swiss-army-fieldmaster\/#primaryimage"},"thumbnailUrl":"https:\/\/velarogverkfaeri.is\/wp-content\/uploads\/2024\/12\/3c190152-b2c8-4b4c-ace4-b2133628eb90.png","datePublished":"2023-06-07T14:21:07+00:00","dateModified":"2026-03-23T15:45:32+00:00","breadcrumb":{"@id":"https:\/\/velarogverkfaeri.is\/lykillausnir\/hnifar-lykillausnir\/victorinox-hnifar\/product\/victorinox-hnifur-swiss-army-fieldmaster\/#breadcrumb"},"inLanguage":"en-US","potentialAction":[{"@type":"ReadAction","target":["https:\/\/velarogverkfaeri.is\/lykillausnir\/hnifar-lykillausnir\/victorinox-hnifar\/product\/victorinox-hnifur-swiss-army-fieldmaster\/"]}]},{"@type":"ImageObject","inLanguage":"en-US","@id":"https:\/\/velarogverkfaeri.is\/lykillausnir\/hnifar-lykillausnir\/victorinox-hnifar\/product\/victorinox-hnifur-swiss-army-fieldmaster\/#primaryimage","url":"https:\/\/velarogverkfaeri.is\/wp-content\/uploads\/2024\/12\/3c190152-b2c8-4b4c-ace4-b2133628eb90.png","contentUrl":"https:\/\/velarogverkfaeri.is\/wp-content\/uploads\/2024\/12\/3c190152-b2c8-4b4c-ace4-b2133628eb90.png","width":1105,"height":769},{"@type":"BreadcrumbList","@id":"https:\/\/velarogverkfaeri.is\/lykillausnir\/hnifar-lykillausnir\/victorinox-hnifar\/product\/victorinox-hnifur-swiss-army-fieldmaster\/#breadcrumb","itemListElement":[{"@type":"ListItem","position":1,"name":"Home","item":"https:\/\/velarogverkfaeri.is\/"},{"@type":"ListItem","position":2,"name":"Vefverslun","item":"https:\/\/velarogverkfaeri.is\/vefverslun\/"},{"@type":"ListItem","position":3,"name":"VICTORINOX Swiss Army Hiker Hn\u00edfur"}]},{"@type":"WebSite","@id":"https:\/\/velarogverkfaeri.is\/en\/#website","url":"https:\/\/velarogverkfaeri.is\/en\/","name":"V\u00e9lar & Verkf\u00e6ri","description":"Umbo\u00f0s- og heildverslun fr\u00e1 \u00e1rinu 1919","publisher":{"@id":"https:\/\/velarogverkfaeri.is\/en\/#organization"},"potentialAction":[{"@type":"SearchAction","target":{"@type":"EntryPoint","urlTemplate":"https:\/\/velarogverkfaeri.is\/en\/?s={search_term_string}"},"query-input":{"@type":"PropertyValueSpecification","valueRequired":true,"valueName":"search_term_string"}}],"inLanguage":"en-US"},{"@type":"Organization","@id":"https:\/\/velarogverkfaeri.is\/en\/#organization","name":"V\u00e9lar & Verkf\u00e6ri","url":"https:\/\/velarogverkfaeri.is\/en\/","logo":{"@type":"ImageObject","inLanguage":"en-US","@id":"https:\/\/velarogverkfaeri.is\/en\/#\/schema\/logo\/image\/","url":"https:\/\/velarogverkfaeri.is\/wp-content\/uploads\/2021\/10\/vv_logo_350x100.png","contentUrl":"https:\/\/velarogverkfaeri.is\/wp-content\/uploads\/2021\/10\/vv_logo_350x100.png","width":350,"height":100,"caption":"V\u00e9lar & Verkf\u00e6ri"},"image":{"@id":"https:\/\/velarogverkfaeri.is\/en\/#\/schema\/logo\/image\/"},"sameAs":["https:\/\/www.facebook.com\/VelarOgVerkfaeri"]}]}},"_links":{"self":[{"href":"https:\/\/velarogverkfaeri.is\/en\/wp-json\/wp\/v2\/product\/35457","targetHints":{"allow":["GET"]}}],"collection":[{"href":"https:\/\/velarogverkfaeri.is\/en\/wp-json\/wp\/v2\/product"}],"about":[{"href":"https:\/\/velarogverkfaeri.is\/en\/wp-json\/wp\/v2\/types\/product"}],"replies":[{"embeddable":true,"href":"https:\/\/velarogverkfaeri.is\/en\/wp-json\/wp\/v2\/comments?post=35457"}],"wp:featuredmedia":[{"embeddable":true,"href":"https:\/\/velarogverkfaeri.is\/en\/wp-json\/wp\/v2\/media\/69691"}],"wp:attachment":[{"href":"https:\/\/velarogverkfaeri.is\/en\/wp-json\/wp\/v2\/media?parent=35457"}],"wp:term":[{"taxonomy":"product_brand","embeddable":true,"href":"https:\/\/velarogverkfaeri.is\/en\/wp-json\/wp\/v2\/product_brand?post=35457"},{"taxonomy":"product_cat","embeddable":true,"href":"https:\/\/velarogverkfaeri.is\/en\/wp-json\/wp\/v2\/product_cat?post=35457"},{"taxonomy":"product_tag","embeddable":true,"href":"https:\/\/velarogverkfaeri.is\/en\/wp-json\/wp\/v2\/product_tag?post=35457"}],"curies":[{"name":"wp","href":"https:\/\/api.w.org\/{rel}","templated":true}]}}