{"id":35446,"date":"2023-06-07T14:21:05","date_gmt":"2023-06-07T14:21:05","guid":{"rendered":"https:\/\/vv-dev.webdev.is\/uncategorized\/product\/victorinox-hnifur-swiss-army-swiss-champ\/"},"modified":"2026-05-08T09:02:07","modified_gmt":"2026-05-08T09:02:07","slug":"victorinox-hnifur-swiss-army-swiss-champ","status":"publish","type":"product","link":"https:\/\/velarogverkfaeri.is\/en\/lykillausnir\/hnifar-lykillausnir\/victorinox-hnifar\/product\/victorinox-hnifur-swiss-army-swiss-champ\/","title":{"rendered":"VICTORINOX Swiss Army Champ Hn\u00edfur"},"content":{"rendered":"<p>\u00deegar \u00fe\u00fa heyrir minnst \u00e1 svissneskan herhn\u00edf hvarflar hugurinn l\u00edklega a\u00f0 go\u00f0sagnarkenndum hn\u00edf sem gjarnan var \u00ed f\u00f3rum li\u00f0sforingja \u00ed hernum. Hn\u00edfurinn var til \u00feess ger\u00f0ur a\u00f0 hj\u00e1lpa f\u00f3lki me\u00f0 allt m\u00f6gulegt \u00ed krefjandi a\u00f0st\u00e6\u00f0um.<\/p>\n<p>Swiss Champ fr\u00e1 Victorinox er svo sannarlega vinur \u00ed raun sem getur hj\u00e1lpa\u00f0 me\u00f0 a\u00f0 minnsta kosti 33 a\u00f0ger\u00f0ir. Hvar sem \u00fe\u00fa ert og hva\u00f0 sem gerist, ef h\u00e6gt er a\u00f0 laga \u00fea\u00f0, \u00fe\u00e1 er h\u00e6gt a\u00f0 gera \u00fea\u00f0 me\u00f0 Swiss Champ.<\/p>\n<p>H\u00e6\u00f0: 33mm<\/p>\n<p>Lengd: 91mm<\/p>\n<p>Breidd: 26mm<\/p>\n<p>\u00deyngd: 185g<\/p>\n<p><b>Verkf\u00e6rin \u00ed hn\u00edfnum:<\/b><\/p>\n<p>1. Nagla\u00fej\u00f6l<\/p>\n<p>2. Naglahreinsari<\/p>\n<p>3. M\u00e1lms\u00f6g<\/p>\n<p>4. M\u00e1lm\u00fej\u00f6l<\/p>\n<p>5. Skr\u00fafj\u00e1rn (2.5mm)<\/p>\n<p>6. Tannst\u00f6ngull<\/p>\n<p>7. R\u00fdmari<\/p>\n<p>8. T\u00f6ng (combination pliers)<\/p>\n<p>9. V\u00edrklippur<\/p>\n<p>10. V\u00edrpressari<\/p>\n<p>11. L\u00edti\u00f0 bla\u00f0<\/p>\n<p>12. Meitill (4mm)<\/p>\n<p>13. Fl\u00edsat\u00f6ng<\/p>\n<p>14. Tappatogari<\/p>\n<p>15. Fiskiskalari<\/p>\n<p>16. \u00d6ngullosari<\/p>\n<p>17. Reglustika (cm)<\/p>\n<p>18. Reglustika (in)<\/p>\n<p>19. Pin<\/p>\n<p>20. St\u00e6kkunargler<\/p>\n<p>21. K\u00falupenni<\/p>\n<p>22. Tr\u00e9s\u00f6g<\/p>\n<p>23. D\u00f3saopnari<\/p>\n<p>24. Skr\u00fafj\u00e1rn (3mm)<\/p>\n<p>25. Lyklahringur<\/p>\n<p>26. Fj\u00f6lnota kr\u00f3kur<\/p>\n<p>27. Mini skr\u00fafj\u00e1rn (1.5mm)<\/p>\n<p>28. Phillips skr\u00fafj\u00e1rn 1\/2<\/p>\n<p>29. Sk\u00e6ri<\/p>\n<p>30. Upptakari<\/p>\n<p>31. Skr\u00fafj\u00e1rn 6mm<\/p>\n<p>32. V\u00edrhreinsari<\/p>\n<p>33. St\u00f3rt bla\u00f0<\/p>","protected":false},"excerpt":{"rendered":"<p>Tegund:&nbsp;16795<\/p>","protected":false},"featured_media":35445,"comment_status":"closed","ping_status":"closed","template":"","meta":[],"product_brand":[],"product_cat":[833,517,839],"product_tag":[1027,830],"class_list":{"0":"post-35446","1":"product","2":"type-product","3":"status-publish","4":"has-post-thumbnail","6":"product_cat-hnifar-lykillausnir","7":"product_cat-lykillausnir","8":"product_cat-victorinox-hnifar","9":"product_tag-3dagar","10":"product_tag-victorinox","12":"first","13":"instock","14":"taxable","15":"shipping-taxable","16":"purchasable","17":"product-type-simple"},"yoast_head":"<!-- This site is optimized with the Yoast SEO plugin v27.3 - https:\/\/yoast.com\/product\/yoast-seo-wordpress\/ -->\n<title>VICTORINOX Swiss Army Champ Hn\u00edfur - V\u00e9lar &amp; Verkf\u00e6ri<\/title>\n<meta name=\"robots\" content=\"index, follow, max-snippet:-1, max-image-preview:large, max-video-preview:-1\" \/>\n<link rel=\"canonical\" href=\"https:\/\/velarogverkfaeri.is\/en\/lykillausnir\/hnifar-lykillausnir\/victorinox-hnifar\/product\/victorinox-hnifur-swiss-army-swiss-champ\/\" \/>\n<meta property=\"og:locale\" content=\"en_US\" \/>\n<meta property=\"og:type\" content=\"article\" \/>\n<meta property=\"og:title\" content=\"VICTORINOX Swiss Army Champ Hn\u00edfur - V\u00e9lar &amp; Verkf\u00e6ri\" \/>\n<meta property=\"og:description\" content=\"Tegund:&nbsp;16795\" \/>\n<meta property=\"og:url\" content=\"https:\/\/velarogverkfaeri.is\/en\/lykillausnir\/hnifar-lykillausnir\/victorinox-hnifar\/product\/victorinox-hnifur-swiss-army-swiss-champ\/\" \/>\n<meta property=\"og:site_name\" content=\"V\u00e9lar &amp; Verkf\u00e6ri\" \/>\n<meta property=\"article:publisher\" content=\"https:\/\/www.facebook.com\/VelarOgVerkfaeri\" \/>\n<meta property=\"article:modified_time\" content=\"2026-05-08T09:02:07+00:00\" \/>\n<meta property=\"og:image\" content=\"https:\/\/velarogverkfaeri.is\/wp-content\/uploads\/2023\/06\/671f2771-2012-497c-b609-7324db372ce5.jpeg\" \/>\n\t<meta property=\"og:image:width\" content=\"602\" \/>\n\t<meta property=\"og:image:height\" content=\"526\" \/>\n\t<meta property=\"og:image:type\" content=\"image\/jpeg\" \/>\n<meta name=\"twitter:card\" content=\"summary_large_image\" \/>\n<meta name=\"twitter:label1\" content=\"Est. reading time\" \/>\n\t<meta name=\"twitter:data1\" content=\"1 minute\" \/>\n<script type=\"application\/ld+json\" class=\"yoast-schema-graph\">{\"@context\":\"https:\\\/\\\/schema.org\",\"@graph\":[{\"@type\":\"WebPage\",\"@id\":\"https:\\\/\\\/velarogverkfaeri.is\\\/lykillausnir\\\/hnifar-lykillausnir\\\/victorinox-hnifar\\\/product\\\/victorinox-hnifur-swiss-army-swiss-champ\\\/\",\"url\":\"https:\\\/\\\/velarogverkfaeri.is\\\/lykillausnir\\\/hnifar-lykillausnir\\\/victorinox-hnifar\\\/product\\\/victorinox-hnifur-swiss-army-swiss-champ\\\/\",\"name\":\"VICTORINOX Swiss Army Champ Hn\u00edfur - V\u00e9lar &amp; Verkf\u00e6ri\",\"isPartOf\":{\"@id\":\"https:\\\/\\\/velarogverkfaeri.is\\\/en\\\/#website\"},\"primaryImageOfPage\":{\"@id\":\"https:\\\/\\\/velarogverkfaeri.is\\\/lykillausnir\\\/hnifar-lykillausnir\\\/victorinox-hnifar\\\/product\\\/victorinox-hnifur-swiss-army-swiss-champ\\\/#primaryimage\"},\"image\":{\"@id\":\"https:\\\/\\\/velarogverkfaeri.is\\\/lykillausnir\\\/hnifar-lykillausnir\\\/victorinox-hnifar\\\/product\\\/victorinox-hnifur-swiss-army-swiss-champ\\\/#primaryimage\"},\"thumbnailUrl\":\"https:\\\/\\\/velarogverkfaeri.is\\\/wp-content\\\/uploads\\\/2023\\\/06\\\/671f2771-2012-497c-b609-7324db372ce5.jpeg\",\"datePublished\":\"2023-06-07T14:21:05+00:00\",\"dateModified\":\"2026-05-08T09:02:07+00:00\",\"breadcrumb\":{\"@id\":\"https:\\\/\\\/velarogverkfaeri.is\\\/lykillausnir\\\/hnifar-lykillausnir\\\/victorinox-hnifar\\\/product\\\/victorinox-hnifur-swiss-army-swiss-champ\\\/#breadcrumb\"},\"inLanguage\":\"en-US\",\"potentialAction\":[{\"@type\":\"ReadAction\",\"target\":[\"https:\\\/\\\/velarogverkfaeri.is\\\/lykillausnir\\\/hnifar-lykillausnir\\\/victorinox-hnifar\\\/product\\\/victorinox-hnifur-swiss-army-swiss-champ\\\/\"]}]},{\"@type\":\"ImageObject\",\"inLanguage\":\"en-US\",\"@id\":\"https:\\\/\\\/velarogverkfaeri.is\\\/lykillausnir\\\/hnifar-lykillausnir\\\/victorinox-hnifar\\\/product\\\/victorinox-hnifur-swiss-army-swiss-champ\\\/#primaryimage\",\"url\":\"https:\\\/\\\/velarogverkfaeri.is\\\/wp-content\\\/uploads\\\/2023\\\/06\\\/671f2771-2012-497c-b609-7324db372ce5.jpeg\",\"contentUrl\":\"https:\\\/\\\/velarogverkfaeri.is\\\/wp-content\\\/uploads\\\/2023\\\/06\\\/671f2771-2012-497c-b609-7324db372ce5.jpeg\",\"width\":602,\"height\":526},{\"@type\":\"BreadcrumbList\",\"@id\":\"https:\\\/\\\/velarogverkfaeri.is\\\/lykillausnir\\\/hnifar-lykillausnir\\\/victorinox-hnifar\\\/product\\\/victorinox-hnifur-swiss-army-swiss-champ\\\/#breadcrumb\",\"itemListElement\":[{\"@type\":\"ListItem\",\"position\":1,\"name\":\"Home\",\"item\":\"https:\\\/\\\/velarogverkfaeri.is\\\/\"},{\"@type\":\"ListItem\",\"position\":2,\"name\":\"Vefverslun\",\"item\":\"https:\\\/\\\/velarogverkfaeri.is\\\/vefverslun\\\/\"},{\"@type\":\"ListItem\",\"position\":3,\"name\":\"VICTORINOX Swiss Army Champ Hn\u00edfur\"}]},{\"@type\":\"WebSite\",\"@id\":\"https:\\\/\\\/velarogverkfaeri.is\\\/en\\\/#website\",\"url\":\"https:\\\/\\\/velarogverkfaeri.is\\\/en\\\/\",\"name\":\"V\u00e9lar & Verkf\u00e6ri\",\"description\":\"Umbo\u00f0s- og heildverslun fr\u00e1 \u00e1rinu 1919\",\"publisher\":{\"@id\":\"https:\\\/\\\/velarogverkfaeri.is\\\/en\\\/#organization\"},\"potentialAction\":[{\"@type\":\"SearchAction\",\"target\":{\"@type\":\"EntryPoint\",\"urlTemplate\":\"https:\\\/\\\/velarogverkfaeri.is\\\/en\\\/?s={search_term_string}\"},\"query-input\":{\"@type\":\"PropertyValueSpecification\",\"valueRequired\":true,\"valueName\":\"search_term_string\"}}],\"inLanguage\":\"en-US\"},{\"@type\":\"Organization\",\"@id\":\"https:\\\/\\\/velarogverkfaeri.is\\\/en\\\/#organization\",\"name\":\"V\u00e9lar & Verkf\u00e6ri\",\"url\":\"https:\\\/\\\/velarogverkfaeri.is\\\/en\\\/\",\"logo\":{\"@type\":\"ImageObject\",\"inLanguage\":\"en-US\",\"@id\":\"https:\\\/\\\/velarogverkfaeri.is\\\/en\\\/#\\\/schema\\\/logo\\\/image\\\/\",\"url\":\"https:\\\/\\\/velarogverkfaeri.is\\\/wp-content\\\/uploads\\\/2021\\\/10\\\/vv_logo_350x100.png\",\"contentUrl\":\"https:\\\/\\\/velarogverkfaeri.is\\\/wp-content\\\/uploads\\\/2021\\\/10\\\/vv_logo_350x100.png\",\"width\":350,\"height\":100,\"caption\":\"V\u00e9lar & Verkf\u00e6ri\"},\"image\":{\"@id\":\"https:\\\/\\\/velarogverkfaeri.is\\\/en\\\/#\\\/schema\\\/logo\\\/image\\\/\"},\"sameAs\":[\"https:\\\/\\\/www.facebook.com\\\/VelarOgVerkfaeri\"]}]}<\/script>\n<!-- \/ Yoast SEO plugin. -->","yoast_head_json":{"title":"VICTORINOX Swiss Army Champ Hn\u00edfur - V\u00e9lar &amp; Verkf\u00e6ri","robots":{"index":"index","follow":"follow","max-snippet":"max-snippet:-1","max-image-preview":"max-image-preview:large","max-video-preview":"max-video-preview:-1"},"canonical":"https:\/\/velarogverkfaeri.is\/en\/lykillausnir\/hnifar-lykillausnir\/victorinox-hnifar\/product\/victorinox-hnifur-swiss-army-swiss-champ\/","og_locale":"en_US","og_type":"article","og_title":"VICTORINOX Swiss Army Champ Hn\u00edfur - V\u00e9lar &amp; Verkf\u00e6ri","og_description":"Tegund:&nbsp;16795","og_url":"https:\/\/velarogverkfaeri.is\/en\/lykillausnir\/hnifar-lykillausnir\/victorinox-hnifar\/product\/victorinox-hnifur-swiss-army-swiss-champ\/","og_site_name":"V\u00e9lar &amp; Verkf\u00e6ri","article_publisher":"https:\/\/www.facebook.com\/VelarOgVerkfaeri","article_modified_time":"2026-05-08T09:02:07+00:00","og_image":[{"width":602,"height":526,"url":"https:\/\/velarogverkfaeri.is\/wp-content\/uploads\/2023\/06\/671f2771-2012-497c-b609-7324db372ce5.jpeg","type":"image\/jpeg"}],"twitter_card":"summary_large_image","twitter_misc":{"Est. reading time":"1 minute"},"schema":{"@context":"https:\/\/schema.org","@graph":[{"@type":"WebPage","@id":"https:\/\/velarogverkfaeri.is\/lykillausnir\/hnifar-lykillausnir\/victorinox-hnifar\/product\/victorinox-hnifur-swiss-army-swiss-champ\/","url":"https:\/\/velarogverkfaeri.is\/lykillausnir\/hnifar-lykillausnir\/victorinox-hnifar\/product\/victorinox-hnifur-swiss-army-swiss-champ\/","name":"VICTORINOX Swiss Army Champ Hn\u00edfur - V\u00e9lar &amp; Verkf\u00e6ri","isPartOf":{"@id":"https:\/\/velarogverkfaeri.is\/en\/#website"},"primaryImageOfPage":{"@id":"https:\/\/velarogverkfaeri.is\/lykillausnir\/hnifar-lykillausnir\/victorinox-hnifar\/product\/victorinox-hnifur-swiss-army-swiss-champ\/#primaryimage"},"image":{"@id":"https:\/\/velarogverkfaeri.is\/lykillausnir\/hnifar-lykillausnir\/victorinox-hnifar\/product\/victorinox-hnifur-swiss-army-swiss-champ\/#primaryimage"},"thumbnailUrl":"https:\/\/velarogverkfaeri.is\/wp-content\/uploads\/2023\/06\/671f2771-2012-497c-b609-7324db372ce5.jpeg","datePublished":"2023-06-07T14:21:05+00:00","dateModified":"2026-05-08T09:02:07+00:00","breadcrumb":{"@id":"https:\/\/velarogverkfaeri.is\/lykillausnir\/hnifar-lykillausnir\/victorinox-hnifar\/product\/victorinox-hnifur-swiss-army-swiss-champ\/#breadcrumb"},"inLanguage":"en-US","potentialAction":[{"@type":"ReadAction","target":["https:\/\/velarogverkfaeri.is\/lykillausnir\/hnifar-lykillausnir\/victorinox-hnifar\/product\/victorinox-hnifur-swiss-army-swiss-champ\/"]}]},{"@type":"ImageObject","inLanguage":"en-US","@id":"https:\/\/velarogverkfaeri.is\/lykillausnir\/hnifar-lykillausnir\/victorinox-hnifar\/product\/victorinox-hnifur-swiss-army-swiss-champ\/#primaryimage","url":"https:\/\/velarogverkfaeri.is\/wp-content\/uploads\/2023\/06\/671f2771-2012-497c-b609-7324db372ce5.jpeg","contentUrl":"https:\/\/velarogverkfaeri.is\/wp-content\/uploads\/2023\/06\/671f2771-2012-497c-b609-7324db372ce5.jpeg","width":602,"height":526},{"@type":"BreadcrumbList","@id":"https:\/\/velarogverkfaeri.is\/lykillausnir\/hnifar-lykillausnir\/victorinox-hnifar\/product\/victorinox-hnifur-swiss-army-swiss-champ\/#breadcrumb","itemListElement":[{"@type":"ListItem","position":1,"name":"Home","item":"https:\/\/velarogverkfaeri.is\/"},{"@type":"ListItem","position":2,"name":"Vefverslun","item":"https:\/\/velarogverkfaeri.is\/vefverslun\/"},{"@type":"ListItem","position":3,"name":"VICTORINOX Swiss Army Champ Hn\u00edfur"}]},{"@type":"WebSite","@id":"https:\/\/velarogverkfaeri.is\/en\/#website","url":"https:\/\/velarogverkfaeri.is\/en\/","name":"V\u00e9lar & Verkf\u00e6ri","description":"Umbo\u00f0s- og heildverslun fr\u00e1 \u00e1rinu 1919","publisher":{"@id":"https:\/\/velarogverkfaeri.is\/en\/#organization"},"potentialAction":[{"@type":"SearchAction","target":{"@type":"EntryPoint","urlTemplate":"https:\/\/velarogverkfaeri.is\/en\/?s={search_term_string}"},"query-input":{"@type":"PropertyValueSpecification","valueRequired":true,"valueName":"search_term_string"}}],"inLanguage":"en-US"},{"@type":"Organization","@id":"https:\/\/velarogverkfaeri.is\/en\/#organization","name":"V\u00e9lar & Verkf\u00e6ri","url":"https:\/\/velarogverkfaeri.is\/en\/","logo":{"@type":"ImageObject","inLanguage":"en-US","@id":"https:\/\/velarogverkfaeri.is\/en\/#\/schema\/logo\/image\/","url":"https:\/\/velarogverkfaeri.is\/wp-content\/uploads\/2021\/10\/vv_logo_350x100.png","contentUrl":"https:\/\/velarogverkfaeri.is\/wp-content\/uploads\/2021\/10\/vv_logo_350x100.png","width":350,"height":100,"caption":"V\u00e9lar & Verkf\u00e6ri"},"image":{"@id":"https:\/\/velarogverkfaeri.is\/en\/#\/schema\/logo\/image\/"},"sameAs":["https:\/\/www.facebook.com\/VelarOgVerkfaeri"]}]}},"_links":{"self":[{"href":"https:\/\/velarogverkfaeri.is\/en\/wp-json\/wp\/v2\/product\/35446","targetHints":{"allow":["GET"]}}],"collection":[{"href":"https:\/\/velarogverkfaeri.is\/en\/wp-json\/wp\/v2\/product"}],"about":[{"href":"https:\/\/velarogverkfaeri.is\/en\/wp-json\/wp\/v2\/types\/product"}],"replies":[{"embeddable":true,"href":"https:\/\/velarogverkfaeri.is\/en\/wp-json\/wp\/v2\/comments?post=35446"}],"wp:featuredmedia":[{"embeddable":true,"href":"https:\/\/velarogverkfaeri.is\/en\/wp-json\/wp\/v2\/media\/35445"}],"wp:attachment":[{"href":"https:\/\/velarogverkfaeri.is\/en\/wp-json\/wp\/v2\/media?parent=35446"}],"wp:term":[{"taxonomy":"product_brand","embeddable":true,"href":"https:\/\/velarogverkfaeri.is\/en\/wp-json\/wp\/v2\/product_brand?post=35446"},{"taxonomy":"product_cat","embeddable":true,"href":"https:\/\/velarogverkfaeri.is\/en\/wp-json\/wp\/v2\/product_cat?post=35446"},{"taxonomy":"product_tag","embeddable":true,"href":"https:\/\/velarogverkfaeri.is\/en\/wp-json\/wp\/v2\/product_tag?post=35446"}],"curies":[{"name":"wp","href":"https:\/\/api.w.org\/{rel}","templated":true}]}}