{"id":35443,"date":"2023-06-07T14:21:05","date_gmt":"2023-06-07T14:21:05","guid":{"rendered":"https:\/\/vv-dev.webdev.is\/uncategorized\/product\/victorinox-hnifur-sviss-army-handyman\/"},"modified":"2026-03-17T16:45:37","modified_gmt":"2026-03-17T16:45:37","slug":"victorinox-hnifur-sviss-army-handyman","status":"publish","type":"product","link":"https:\/\/velarogverkfaeri.is\/en\/lykillausnir\/hnifar-lykillausnir\/victorinox-hnifar\/product\/victorinox-hnifur-sviss-army-handyman\/","title":{"rendered":"Victorinox Hn\u00edfur Sviss Army Handyman"},"content":{"rendered":"<p>&#222;essi flotti svissneski vasahn&#237;fur reddar &#254;&#233;r &#225; &#246;gurstundu. &#222;a&#240; borgar sig a&#240; hafa hann me&#240; &#237; f&#246;r. Verkf&#230;rin sem &#254;&#250; f&#230;r&#240; &#237; &#254;essu undrat&#243;li eru:<\/p>\n<p>1. St&#243;rt hn&#237;fsbla&#240;<\/p>\n<p>2. Sk&#230;ri<\/p>\n<p>3. Upptakari<\/p>\n<p>4. Skr&#250;fj&#225;rn &#8211; 6mm<\/p>\n<p>5. V&#237;rahreinsara<\/p>\n<p>6. Tangir<\/p>\n<p>7. V&#237;rklippur<\/p>\n<p>8. V&#237;rpressari<\/p>\n<p>9. Tannst&#246;ngull<\/p>\n<p>10. Sr&#250;fj&#225;rn &#8211; 2.5mm<\/p>\n<p>11. R&#253;mari<\/p>\n<p>12. Tr&#233;s&#246;g<\/p>\n<p>13. Fl&#237;sat&#246;ng<\/p>\n<p>14. Meitill &#8211; 4mm<\/p>\n<p>15. L&#237;ti&#240; hn&#237;fsbla&#240;.<\/p>\n<p>16. Kr&#243;kur<\/p>\n<p>17. Nagla&#254;j&#246;l<\/p>\n<p>18. Naglahreinsir<\/p>\n<p>19. M&#225;lms&#246;g<\/p>\n<p>20. M&#225;lm&#254;j&#246;l<\/p>\n<p>21. Lyklahringur<\/p>\n<p>22. D&#243;saopnari<\/p>\n<p>23. Skr&#250;fj&#225;rn &#8211; 3mm<\/p>\n<p>24. Tappatogari<\/p>\n<p>&#160;<\/p>\n<p>&#160;<\/p>\n<p>&#160;<\/p>","protected":false},"excerpt":{"rendered":"<p>Me\u00f0alst\u00f3r svissneskur vasahn\u00edfur sem leysir 24 tegundir verkefna!<\/p>","protected":false},"featured_media":35442,"comment_status":"closed","ping_status":"closed","template":"","meta":[],"product_brand":[],"product_cat":[833,517,839],"product_tag":[1027,830],"class_list":{"0":"post-35443","1":"product","2":"type-product","3":"status-publish","4":"has-post-thumbnail","6":"product_cat-hnifar-lykillausnir","7":"product_cat-lykillausnir","8":"product_cat-victorinox-hnifar","9":"product_tag-3dagar","10":"product_tag-victorinox","12":"first","13":"instock","14":"taxable","15":"shipping-taxable","16":"purchasable","17":"product-type-simple"},"yoast_head":"<!-- This site is optimized with the Yoast SEO plugin v27.3 - https:\/\/yoast.com\/product\/yoast-seo-wordpress\/ -->\n<title>Victorinox Hn\u00edfur Sviss Army Handyman - V\u00e9lar &amp; Verkf\u00e6ri<\/title>\n<meta name=\"robots\" content=\"index, follow, max-snippet:-1, max-image-preview:large, max-video-preview:-1\" \/>\n<link rel=\"canonical\" href=\"https:\/\/velarogverkfaeri.is\/en\/lykillausnir\/hnifar-lykillausnir\/victorinox-hnifar\/product\/victorinox-hnifur-sviss-army-handyman\/\" \/>\n<meta property=\"og:locale\" content=\"en_US\" \/>\n<meta property=\"og:type\" content=\"article\" \/>\n<meta property=\"og:title\" content=\"Victorinox Hn\u00edfur Sviss Army Handyman - V\u00e9lar &amp; Verkf\u00e6ri\" \/>\n<meta property=\"og:description\" content=\"Me\u00f0alst\u00f3r svissneskur vasahn\u00edfur sem leysir 24 tegundir verkefna!\" \/>\n<meta property=\"og:url\" content=\"https:\/\/velarogverkfaeri.is\/en\/lykillausnir\/hnifar-lykillausnir\/victorinox-hnifar\/product\/victorinox-hnifur-sviss-army-handyman\/\" \/>\n<meta property=\"og:site_name\" content=\"V\u00e9lar &amp; Verkf\u00e6ri\" \/>\n<meta property=\"article:publisher\" content=\"https:\/\/www.facebook.com\/VelarOgVerkfaeri\" \/>\n<meta property=\"article:modified_time\" content=\"2026-03-17T16:45:37+00:00\" \/>\n<meta property=\"og:image\" content=\"https:\/\/velarogverkfaeri.is\/wp-content\/uploads\/2023\/06\/7ac5cd1a-3b4e-4746-bbd6-39f45c941ef2.jpeg\" \/>\n\t<meta property=\"og:image:width\" content=\"602\" \/>\n\t<meta property=\"og:image:height\" content=\"526\" \/>\n\t<meta property=\"og:image:type\" content=\"image\/jpeg\" \/>\n<meta name=\"twitter:card\" content=\"summary_large_image\" \/>\n<script type=\"application\/ld+json\" class=\"yoast-schema-graph\">{\"@context\":\"https:\\\/\\\/schema.org\",\"@graph\":[{\"@type\":\"WebPage\",\"@id\":\"https:\\\/\\\/velarogverkfaeri.is\\\/lykillausnir\\\/hnifar-lykillausnir\\\/victorinox-hnifar\\\/product\\\/victorinox-hnifur-sviss-army-handyman\\\/\",\"url\":\"https:\\\/\\\/velarogverkfaeri.is\\\/lykillausnir\\\/hnifar-lykillausnir\\\/victorinox-hnifar\\\/product\\\/victorinox-hnifur-sviss-army-handyman\\\/\",\"name\":\"Victorinox Hn\u00edfur Sviss Army Handyman - V\u00e9lar &amp; Verkf\u00e6ri\",\"isPartOf\":{\"@id\":\"https:\\\/\\\/velarogverkfaeri.is\\\/en\\\/#website\"},\"primaryImageOfPage\":{\"@id\":\"https:\\\/\\\/velarogverkfaeri.is\\\/lykillausnir\\\/hnifar-lykillausnir\\\/victorinox-hnifar\\\/product\\\/victorinox-hnifur-sviss-army-handyman\\\/#primaryimage\"},\"image\":{\"@id\":\"https:\\\/\\\/velarogverkfaeri.is\\\/lykillausnir\\\/hnifar-lykillausnir\\\/victorinox-hnifar\\\/product\\\/victorinox-hnifur-sviss-army-handyman\\\/#primaryimage\"},\"thumbnailUrl\":\"https:\\\/\\\/velarogverkfaeri.is\\\/wp-content\\\/uploads\\\/2023\\\/06\\\/7ac5cd1a-3b4e-4746-bbd6-39f45c941ef2.jpeg\",\"datePublished\":\"2023-06-07T14:21:05+00:00\",\"dateModified\":\"2026-03-17T16:45:37+00:00\",\"breadcrumb\":{\"@id\":\"https:\\\/\\\/velarogverkfaeri.is\\\/lykillausnir\\\/hnifar-lykillausnir\\\/victorinox-hnifar\\\/product\\\/victorinox-hnifur-sviss-army-handyman\\\/#breadcrumb\"},\"inLanguage\":\"en-US\",\"potentialAction\":[{\"@type\":\"ReadAction\",\"target\":[\"https:\\\/\\\/velarogverkfaeri.is\\\/lykillausnir\\\/hnifar-lykillausnir\\\/victorinox-hnifar\\\/product\\\/victorinox-hnifur-sviss-army-handyman\\\/\"]}]},{\"@type\":\"ImageObject\",\"inLanguage\":\"en-US\",\"@id\":\"https:\\\/\\\/velarogverkfaeri.is\\\/lykillausnir\\\/hnifar-lykillausnir\\\/victorinox-hnifar\\\/product\\\/victorinox-hnifur-sviss-army-handyman\\\/#primaryimage\",\"url\":\"https:\\\/\\\/velarogverkfaeri.is\\\/wp-content\\\/uploads\\\/2023\\\/06\\\/7ac5cd1a-3b4e-4746-bbd6-39f45c941ef2.jpeg\",\"contentUrl\":\"https:\\\/\\\/velarogverkfaeri.is\\\/wp-content\\\/uploads\\\/2023\\\/06\\\/7ac5cd1a-3b4e-4746-bbd6-39f45c941ef2.jpeg\",\"width\":602,\"height\":526},{\"@type\":\"BreadcrumbList\",\"@id\":\"https:\\\/\\\/velarogverkfaeri.is\\\/lykillausnir\\\/hnifar-lykillausnir\\\/victorinox-hnifar\\\/product\\\/victorinox-hnifur-sviss-army-handyman\\\/#breadcrumb\",\"itemListElement\":[{\"@type\":\"ListItem\",\"position\":1,\"name\":\"Home\",\"item\":\"https:\\\/\\\/velarogverkfaeri.is\\\/\"},{\"@type\":\"ListItem\",\"position\":2,\"name\":\"Vefverslun\",\"item\":\"https:\\\/\\\/velarogverkfaeri.is\\\/vefverslun\\\/\"},{\"@type\":\"ListItem\",\"position\":3,\"name\":\"Victorinox Hn\u00edfur Sviss Army Handyman\"}]},{\"@type\":\"WebSite\",\"@id\":\"https:\\\/\\\/velarogverkfaeri.is\\\/en\\\/#website\",\"url\":\"https:\\\/\\\/velarogverkfaeri.is\\\/en\\\/\",\"name\":\"V\u00e9lar & Verkf\u00e6ri\",\"description\":\"Umbo\u00f0s- og heildverslun fr\u00e1 \u00e1rinu 1919\",\"publisher\":{\"@id\":\"https:\\\/\\\/velarogverkfaeri.is\\\/en\\\/#organization\"},\"potentialAction\":[{\"@type\":\"SearchAction\",\"target\":{\"@type\":\"EntryPoint\",\"urlTemplate\":\"https:\\\/\\\/velarogverkfaeri.is\\\/en\\\/?s={search_term_string}\"},\"query-input\":{\"@type\":\"PropertyValueSpecification\",\"valueRequired\":true,\"valueName\":\"search_term_string\"}}],\"inLanguage\":\"en-US\"},{\"@type\":\"Organization\",\"@id\":\"https:\\\/\\\/velarogverkfaeri.is\\\/en\\\/#organization\",\"name\":\"V\u00e9lar & Verkf\u00e6ri\",\"url\":\"https:\\\/\\\/velarogverkfaeri.is\\\/en\\\/\",\"logo\":{\"@type\":\"ImageObject\",\"inLanguage\":\"en-US\",\"@id\":\"https:\\\/\\\/velarogverkfaeri.is\\\/en\\\/#\\\/schema\\\/logo\\\/image\\\/\",\"url\":\"https:\\\/\\\/velarogverkfaeri.is\\\/wp-content\\\/uploads\\\/2021\\\/10\\\/vv_logo_350x100.png\",\"contentUrl\":\"https:\\\/\\\/velarogverkfaeri.is\\\/wp-content\\\/uploads\\\/2021\\\/10\\\/vv_logo_350x100.png\",\"width\":350,\"height\":100,\"caption\":\"V\u00e9lar & Verkf\u00e6ri\"},\"image\":{\"@id\":\"https:\\\/\\\/velarogverkfaeri.is\\\/en\\\/#\\\/schema\\\/logo\\\/image\\\/\"},\"sameAs\":[\"https:\\\/\\\/www.facebook.com\\\/VelarOgVerkfaeri\"]}]}<\/script>\n<!-- \/ Yoast SEO plugin. -->","yoast_head_json":{"title":"Victorinox Hn\u00edfur Sviss Army Handyman - V\u00e9lar &amp; Verkf\u00e6ri","robots":{"index":"index","follow":"follow","max-snippet":"max-snippet:-1","max-image-preview":"max-image-preview:large","max-video-preview":"max-video-preview:-1"},"canonical":"https:\/\/velarogverkfaeri.is\/en\/lykillausnir\/hnifar-lykillausnir\/victorinox-hnifar\/product\/victorinox-hnifur-sviss-army-handyman\/","og_locale":"en_US","og_type":"article","og_title":"Victorinox Hn\u00edfur Sviss Army Handyman - V\u00e9lar &amp; Verkf\u00e6ri","og_description":"Me\u00f0alst\u00f3r svissneskur vasahn\u00edfur sem leysir 24 tegundir verkefna!","og_url":"https:\/\/velarogverkfaeri.is\/en\/lykillausnir\/hnifar-lykillausnir\/victorinox-hnifar\/product\/victorinox-hnifur-sviss-army-handyman\/","og_site_name":"V\u00e9lar &amp; Verkf\u00e6ri","article_publisher":"https:\/\/www.facebook.com\/VelarOgVerkfaeri","article_modified_time":"2026-03-17T16:45:37+00:00","og_image":[{"width":602,"height":526,"url":"https:\/\/velarogverkfaeri.is\/wp-content\/uploads\/2023\/06\/7ac5cd1a-3b4e-4746-bbd6-39f45c941ef2.jpeg","type":"image\/jpeg"}],"twitter_card":"summary_large_image","schema":{"@context":"https:\/\/schema.org","@graph":[{"@type":"WebPage","@id":"https:\/\/velarogverkfaeri.is\/lykillausnir\/hnifar-lykillausnir\/victorinox-hnifar\/product\/victorinox-hnifur-sviss-army-handyman\/","url":"https:\/\/velarogverkfaeri.is\/lykillausnir\/hnifar-lykillausnir\/victorinox-hnifar\/product\/victorinox-hnifur-sviss-army-handyman\/","name":"Victorinox Hn\u00edfur Sviss Army Handyman - V\u00e9lar &amp; Verkf\u00e6ri","isPartOf":{"@id":"https:\/\/velarogverkfaeri.is\/en\/#website"},"primaryImageOfPage":{"@id":"https:\/\/velarogverkfaeri.is\/lykillausnir\/hnifar-lykillausnir\/victorinox-hnifar\/product\/victorinox-hnifur-sviss-army-handyman\/#primaryimage"},"image":{"@id":"https:\/\/velarogverkfaeri.is\/lykillausnir\/hnifar-lykillausnir\/victorinox-hnifar\/product\/victorinox-hnifur-sviss-army-handyman\/#primaryimage"},"thumbnailUrl":"https:\/\/velarogverkfaeri.is\/wp-content\/uploads\/2023\/06\/7ac5cd1a-3b4e-4746-bbd6-39f45c941ef2.jpeg","datePublished":"2023-06-07T14:21:05+00:00","dateModified":"2026-03-17T16:45:37+00:00","breadcrumb":{"@id":"https:\/\/velarogverkfaeri.is\/lykillausnir\/hnifar-lykillausnir\/victorinox-hnifar\/product\/victorinox-hnifur-sviss-army-handyman\/#breadcrumb"},"inLanguage":"en-US","potentialAction":[{"@type":"ReadAction","target":["https:\/\/velarogverkfaeri.is\/lykillausnir\/hnifar-lykillausnir\/victorinox-hnifar\/product\/victorinox-hnifur-sviss-army-handyman\/"]}]},{"@type":"ImageObject","inLanguage":"en-US","@id":"https:\/\/velarogverkfaeri.is\/lykillausnir\/hnifar-lykillausnir\/victorinox-hnifar\/product\/victorinox-hnifur-sviss-army-handyman\/#primaryimage","url":"https:\/\/velarogverkfaeri.is\/wp-content\/uploads\/2023\/06\/7ac5cd1a-3b4e-4746-bbd6-39f45c941ef2.jpeg","contentUrl":"https:\/\/velarogverkfaeri.is\/wp-content\/uploads\/2023\/06\/7ac5cd1a-3b4e-4746-bbd6-39f45c941ef2.jpeg","width":602,"height":526},{"@type":"BreadcrumbList","@id":"https:\/\/velarogverkfaeri.is\/lykillausnir\/hnifar-lykillausnir\/victorinox-hnifar\/product\/victorinox-hnifur-sviss-army-handyman\/#breadcrumb","itemListElement":[{"@type":"ListItem","position":1,"name":"Home","item":"https:\/\/velarogverkfaeri.is\/"},{"@type":"ListItem","position":2,"name":"Vefverslun","item":"https:\/\/velarogverkfaeri.is\/vefverslun\/"},{"@type":"ListItem","position":3,"name":"Victorinox Hn\u00edfur Sviss Army Handyman"}]},{"@type":"WebSite","@id":"https:\/\/velarogverkfaeri.is\/en\/#website","url":"https:\/\/velarogverkfaeri.is\/en\/","name":"V\u00e9lar & Verkf\u00e6ri","description":"Umbo\u00f0s- og heildverslun fr\u00e1 \u00e1rinu 1919","publisher":{"@id":"https:\/\/velarogverkfaeri.is\/en\/#organization"},"potentialAction":[{"@type":"SearchAction","target":{"@type":"EntryPoint","urlTemplate":"https:\/\/velarogverkfaeri.is\/en\/?s={search_term_string}"},"query-input":{"@type":"PropertyValueSpecification","valueRequired":true,"valueName":"search_term_string"}}],"inLanguage":"en-US"},{"@type":"Organization","@id":"https:\/\/velarogverkfaeri.is\/en\/#organization","name":"V\u00e9lar & Verkf\u00e6ri","url":"https:\/\/velarogverkfaeri.is\/en\/","logo":{"@type":"ImageObject","inLanguage":"en-US","@id":"https:\/\/velarogverkfaeri.is\/en\/#\/schema\/logo\/image\/","url":"https:\/\/velarogverkfaeri.is\/wp-content\/uploads\/2021\/10\/vv_logo_350x100.png","contentUrl":"https:\/\/velarogverkfaeri.is\/wp-content\/uploads\/2021\/10\/vv_logo_350x100.png","width":350,"height":100,"caption":"V\u00e9lar & Verkf\u00e6ri"},"image":{"@id":"https:\/\/velarogverkfaeri.is\/en\/#\/schema\/logo\/image\/"},"sameAs":["https:\/\/www.facebook.com\/VelarOgVerkfaeri"]}]}},"_links":{"self":[{"href":"https:\/\/velarogverkfaeri.is\/en\/wp-json\/wp\/v2\/product\/35443","targetHints":{"allow":["GET"]}}],"collection":[{"href":"https:\/\/velarogverkfaeri.is\/en\/wp-json\/wp\/v2\/product"}],"about":[{"href":"https:\/\/velarogverkfaeri.is\/en\/wp-json\/wp\/v2\/types\/product"}],"replies":[{"embeddable":true,"href":"https:\/\/velarogverkfaeri.is\/en\/wp-json\/wp\/v2\/comments?post=35443"}],"wp:featuredmedia":[{"embeddable":true,"href":"https:\/\/velarogverkfaeri.is\/en\/wp-json\/wp\/v2\/media\/35442"}],"wp:attachment":[{"href":"https:\/\/velarogverkfaeri.is\/en\/wp-json\/wp\/v2\/media?parent=35443"}],"wp:term":[{"taxonomy":"product_brand","embeddable":true,"href":"https:\/\/velarogverkfaeri.is\/en\/wp-json\/wp\/v2\/product_brand?post=35443"},{"taxonomy":"product_cat","embeddable":true,"href":"https:\/\/velarogverkfaeri.is\/en\/wp-json\/wp\/v2\/product_cat?post=35443"},{"taxonomy":"product_tag","embeddable":true,"href":"https:\/\/velarogverkfaeri.is\/en\/wp-json\/wp\/v2\/product_tag?post=35443"}],"curies":[{"name":"wp","href":"https:\/\/api.w.org\/{rel}","templated":true}]}}