{"id":35363,"date":"2023-06-07T14:20:46","date_gmt":"2023-06-07T14:20:46","guid":{"rendered":"https:\/\/vv-dev.webdev.is\/uncategorized\/product\/d-line-hurdarhandfang-u-19mm-59mm-hurdarthykkt-univ-fyrir-assa-og-thyskar-laesingar-rydfr-aisi316l-c\/"},"modified":"2026-04-16T16:16:06","modified_gmt":"2026-04-16T16:16:06","slug":"d-line-hurdarhandfang-u-19mm-59mm-hurdarthykkt-univ-fyrir-assa-og-thyskar-laesingar-rydfr-aisi316l-c","status":"publish","type":"product","link":"https:\/\/velarogverkfaeri.is\/en\/honnunarlausnir\/hurdabunadur\/hurdarhunar\/product\/d-line-hurdarhandfang-u-19mm-59mm-hurdarthykkt-univ-fyrir-assa-og-thyskar-laesingar-rydfr-aisi316l-c\/","title":{"rendered":"d line Hur\u00f0arhandfang U-laga 19mm"},"content":{"rendered":"<p>H\u00f6nnun: Knud Holscher<\/p>\n<p>Hur\u00f0ar\u00feykkt:&nbsp;19mm -59mm<\/p>\n<p>Handf\u00f6ngin fr\u00e1 d line eru h\u00f6nnu\u00f0 fyrir st\u00f6\u00f0uga notkun.&nbsp;\u00ddtt, sn\u00fai\u00f0 og \u00fdtt aftur og aftur \u00e1 hverjum degi \u2013 hvort sem er \u00ed heimah\u00fasum e\u00f0a atvinnuh\u00fasn\u00e6\u00f0i, r\u00edkisskrifstofum og menningarmi\u00f0st\u00f6\u00f0vum.<\/p>\n<p>S\u00e9rhvert handfang \u00ed Knud Holscher h\u00f6nnunarl\u00ednunni er gert \u00far AISI 316 st\u00e1li. AISI 316 er s\u00fdruhelt, ekki \u00e6tandi, ry\u00f0fr\u00edtt st\u00e1l \u00ed h\u00e1um g\u00e6\u00f0aflokki \u2013 sterkt, hr\u00e1tt, sj\u00e1lfb\u00e6rt efni sem h\u00e6gt er a\u00f0 treysta \u00e1.<\/p>\n<p><\/p>\n<p><span style=\"color: rgb(101, 101, 101);\"><br \/><\/span><\/p>","protected":false},"excerpt":{"rendered":"<p>Universal (fyrir ASSA og \u00de\u00fdskar l\u00e6singar)&nbsp;<\/p>\n<p>Handf\u00f6ngin passa fyrir SIS og DIN.<\/p>\n<p>Hur\u00f0arpinni 19 mm<\/p>","protected":false},"featured_media":35362,"comment_status":"closed","ping_status":"closed","template":"","meta":[],"product_brand":[],"product_cat":[518,545,571],"product_tag":[848],"class_list":{"0":"post-35363","1":"product","2":"type-product","3":"status-publish","4":"has-post-thumbnail","6":"product_cat-honnunarlausnir","7":"product_cat-hurdabunadur","8":"product_cat-hurdarhunar","9":"product_tag-dline","11":"first","12":"instock","13":"taxable","14":"shipping-taxable","15":"purchasable","16":"product-type-simple"},"yoast_head":"<!-- This site is optimized with the Yoast SEO plugin v27.3 - https:\/\/yoast.com\/product\/yoast-seo-wordpress\/ -->\n<title>d line Hur\u00f0arhandfang U-laga 19mm - V\u00e9lar &amp; Verkf\u00e6ri<\/title>\n<meta name=\"robots\" content=\"index, follow, max-snippet:-1, max-image-preview:large, max-video-preview:-1\" \/>\n<link rel=\"canonical\" href=\"https:\/\/velarogverkfaeri.is\/en\/lykillausnir\/hurdabunadur-lykillausnir\/hurdarhunar-hurdabunadur-lykillausnir\/product\/d-line-hurdarhandfang-u-19mm-59mm-hurdarthykkt-univ-fyrir-assa-og-thyskar-laesingar-rydfr-aisi316l-c\/\" \/>\n<meta property=\"og:locale\" content=\"en_US\" \/>\n<meta property=\"og:type\" content=\"article\" \/>\n<meta property=\"og:title\" content=\"d line Hur\u00f0arhandfang U-laga 19mm - V\u00e9lar &amp; Verkf\u00e6ri\" \/>\n<meta property=\"og:description\" content=\"Universal (fyrir ASSA og \u00de\u00fdskar l\u00e6singar)&nbsp;Handf\u00f6ngin passa fyrir SIS og DIN.Hur\u00f0arpinni 19 mm\" \/>\n<meta property=\"og:url\" content=\"https:\/\/velarogverkfaeri.is\/en\/lykillausnir\/hurdabunadur-lykillausnir\/hurdarhunar-hurdabunadur-lykillausnir\/product\/d-line-hurdarhandfang-u-19mm-59mm-hurdarthykkt-univ-fyrir-assa-og-thyskar-laesingar-rydfr-aisi316l-c\/\" \/>\n<meta property=\"og:site_name\" content=\"V\u00e9lar &amp; Verkf\u00e6ri\" \/>\n<meta property=\"article:publisher\" content=\"https:\/\/www.facebook.com\/VelarOgVerkfaeri\" \/>\n<meta property=\"article:modified_time\" content=\"2026-04-16T16:16:06+00:00\" \/>\n<meta property=\"og:image\" content=\"https:\/\/velarogverkfaeri.is\/wp-content\/uploads\/2023\/06\/ae2d01bf-b8ba-4fbd-be09-009e6c63b6d4.jpeg\" \/>\n\t<meta property=\"og:image:width\" content=\"600\" \/>\n\t<meta property=\"og:image:height\" content=\"600\" \/>\n\t<meta property=\"og:image:type\" content=\"image\/jpeg\" \/>\n<meta name=\"twitter:card\" content=\"summary_large_image\" \/>\n<script type=\"application\/ld+json\" class=\"yoast-schema-graph\">{\"@context\":\"https:\\\/\\\/schema.org\",\"@graph\":[{\"@type\":\"WebPage\",\"@id\":\"https:\\\/\\\/velarogverkfaeri.is\\\/lykillausnir\\\/hurdabunadur-lykillausnir\\\/hurdarhunar-hurdabunadur-lykillausnir\\\/product\\\/d-line-hurdarhandfang-u-19mm-59mm-hurdarthykkt-univ-fyrir-assa-og-thyskar-laesingar-rydfr-aisi316l-c\\\/\",\"url\":\"https:\\\/\\\/velarogverkfaeri.is\\\/lykillausnir\\\/hurdabunadur-lykillausnir\\\/hurdarhunar-hurdabunadur-lykillausnir\\\/product\\\/d-line-hurdarhandfang-u-19mm-59mm-hurdarthykkt-univ-fyrir-assa-og-thyskar-laesingar-rydfr-aisi316l-c\\\/\",\"name\":\"d line Hur\u00f0arhandfang U-laga 19mm - V\u00e9lar &amp; Verkf\u00e6ri\",\"isPartOf\":{\"@id\":\"https:\\\/\\\/velarogverkfaeri.is\\\/en\\\/#website\"},\"primaryImageOfPage\":{\"@id\":\"https:\\\/\\\/velarogverkfaeri.is\\\/lykillausnir\\\/hurdabunadur-lykillausnir\\\/hurdarhunar-hurdabunadur-lykillausnir\\\/product\\\/d-line-hurdarhandfang-u-19mm-59mm-hurdarthykkt-univ-fyrir-assa-og-thyskar-laesingar-rydfr-aisi316l-c\\\/#primaryimage\"},\"image\":{\"@id\":\"https:\\\/\\\/velarogverkfaeri.is\\\/lykillausnir\\\/hurdabunadur-lykillausnir\\\/hurdarhunar-hurdabunadur-lykillausnir\\\/product\\\/d-line-hurdarhandfang-u-19mm-59mm-hurdarthykkt-univ-fyrir-assa-og-thyskar-laesingar-rydfr-aisi316l-c\\\/#primaryimage\"},\"thumbnailUrl\":\"https:\\\/\\\/velarogverkfaeri.is\\\/wp-content\\\/uploads\\\/2023\\\/06\\\/ae2d01bf-b8ba-4fbd-be09-009e6c63b6d4.jpeg\",\"datePublished\":\"2023-06-07T14:20:46+00:00\",\"dateModified\":\"2026-04-16T16:16:06+00:00\",\"breadcrumb\":{\"@id\":\"https:\\\/\\\/velarogverkfaeri.is\\\/lykillausnir\\\/hurdabunadur-lykillausnir\\\/hurdarhunar-hurdabunadur-lykillausnir\\\/product\\\/d-line-hurdarhandfang-u-19mm-59mm-hurdarthykkt-univ-fyrir-assa-og-thyskar-laesingar-rydfr-aisi316l-c\\\/#breadcrumb\"},\"inLanguage\":\"en-US\",\"potentialAction\":[{\"@type\":\"ReadAction\",\"target\":[\"https:\\\/\\\/velarogverkfaeri.is\\\/lykillausnir\\\/hurdabunadur-lykillausnir\\\/hurdarhunar-hurdabunadur-lykillausnir\\\/product\\\/d-line-hurdarhandfang-u-19mm-59mm-hurdarthykkt-univ-fyrir-assa-og-thyskar-laesingar-rydfr-aisi316l-c\\\/\"]}]},{\"@type\":\"ImageObject\",\"inLanguage\":\"en-US\",\"@id\":\"https:\\\/\\\/velarogverkfaeri.is\\\/lykillausnir\\\/hurdabunadur-lykillausnir\\\/hurdarhunar-hurdabunadur-lykillausnir\\\/product\\\/d-line-hurdarhandfang-u-19mm-59mm-hurdarthykkt-univ-fyrir-assa-og-thyskar-laesingar-rydfr-aisi316l-c\\\/#primaryimage\",\"url\":\"https:\\\/\\\/velarogverkfaeri.is\\\/wp-content\\\/uploads\\\/2023\\\/06\\\/ae2d01bf-b8ba-4fbd-be09-009e6c63b6d4.jpeg\",\"contentUrl\":\"https:\\\/\\\/velarogverkfaeri.is\\\/wp-content\\\/uploads\\\/2023\\\/06\\\/ae2d01bf-b8ba-4fbd-be09-009e6c63b6d4.jpeg\",\"width\":600,\"height\":600},{\"@type\":\"BreadcrumbList\",\"@id\":\"https:\\\/\\\/velarogverkfaeri.is\\\/lykillausnir\\\/hurdabunadur-lykillausnir\\\/hurdarhunar-hurdabunadur-lykillausnir\\\/product\\\/d-line-hurdarhandfang-u-19mm-59mm-hurdarthykkt-univ-fyrir-assa-og-thyskar-laesingar-rydfr-aisi316l-c\\\/#breadcrumb\",\"itemListElement\":[{\"@type\":\"ListItem\",\"position\":1,\"name\":\"Home\",\"item\":\"https:\\\/\\\/velarogverkfaeri.is\\\/\"},{\"@type\":\"ListItem\",\"position\":2,\"name\":\"Vefverslun\",\"item\":\"https:\\\/\\\/velarogverkfaeri.is\\\/vefverslun\\\/\"},{\"@type\":\"ListItem\",\"position\":3,\"name\":\"d line Hur\u00f0arhandfang U-laga 19mm\"}]},{\"@type\":\"WebSite\",\"@id\":\"https:\\\/\\\/velarogverkfaeri.is\\\/en\\\/#website\",\"url\":\"https:\\\/\\\/velarogverkfaeri.is\\\/en\\\/\",\"name\":\"V\u00e9lar & Verkf\u00e6ri\",\"description\":\"Umbo\u00f0s- og heildverslun fr\u00e1 \u00e1rinu 1919\",\"publisher\":{\"@id\":\"https:\\\/\\\/velarogverkfaeri.is\\\/en\\\/#organization\"},\"potentialAction\":[{\"@type\":\"SearchAction\",\"target\":{\"@type\":\"EntryPoint\",\"urlTemplate\":\"https:\\\/\\\/velarogverkfaeri.is\\\/en\\\/?s={search_term_string}\"},\"query-input\":{\"@type\":\"PropertyValueSpecification\",\"valueRequired\":true,\"valueName\":\"search_term_string\"}}],\"inLanguage\":\"en-US\"},{\"@type\":\"Organization\",\"@id\":\"https:\\\/\\\/velarogverkfaeri.is\\\/en\\\/#organization\",\"name\":\"V\u00e9lar & Verkf\u00e6ri\",\"url\":\"https:\\\/\\\/velarogverkfaeri.is\\\/en\\\/\",\"logo\":{\"@type\":\"ImageObject\",\"inLanguage\":\"en-US\",\"@id\":\"https:\\\/\\\/velarogverkfaeri.is\\\/en\\\/#\\\/schema\\\/logo\\\/image\\\/\",\"url\":\"https:\\\/\\\/velarogverkfaeri.is\\\/wp-content\\\/uploads\\\/2021\\\/10\\\/vv_logo_350x100.png\",\"contentUrl\":\"https:\\\/\\\/velarogverkfaeri.is\\\/wp-content\\\/uploads\\\/2021\\\/10\\\/vv_logo_350x100.png\",\"width\":350,\"height\":100,\"caption\":\"V\u00e9lar & Verkf\u00e6ri\"},\"image\":{\"@id\":\"https:\\\/\\\/velarogverkfaeri.is\\\/en\\\/#\\\/schema\\\/logo\\\/image\\\/\"},\"sameAs\":[\"https:\\\/\\\/www.facebook.com\\\/VelarOgVerkfaeri\"]}]}<\/script>\n<!-- \/ Yoast SEO plugin. -->","yoast_head_json":{"title":"d line Hur\u00f0arhandfang U-laga 19mm - V\u00e9lar &amp; Verkf\u00e6ri","robots":{"index":"index","follow":"follow","max-snippet":"max-snippet:-1","max-image-preview":"max-image-preview:large","max-video-preview":"max-video-preview:-1"},"canonical":"https:\/\/velarogverkfaeri.is\/en\/lykillausnir\/hurdabunadur-lykillausnir\/hurdarhunar-hurdabunadur-lykillausnir\/product\/d-line-hurdarhandfang-u-19mm-59mm-hurdarthykkt-univ-fyrir-assa-og-thyskar-laesingar-rydfr-aisi316l-c\/","og_locale":"en_US","og_type":"article","og_title":"d line Hur\u00f0arhandfang U-laga 19mm - V\u00e9lar &amp; Verkf\u00e6ri","og_description":"Universal (fyrir ASSA og \u00de\u00fdskar l\u00e6singar)&nbsp;Handf\u00f6ngin passa fyrir SIS og DIN.Hur\u00f0arpinni 19 mm","og_url":"https:\/\/velarogverkfaeri.is\/en\/lykillausnir\/hurdabunadur-lykillausnir\/hurdarhunar-hurdabunadur-lykillausnir\/product\/d-line-hurdarhandfang-u-19mm-59mm-hurdarthykkt-univ-fyrir-assa-og-thyskar-laesingar-rydfr-aisi316l-c\/","og_site_name":"V\u00e9lar &amp; Verkf\u00e6ri","article_publisher":"https:\/\/www.facebook.com\/VelarOgVerkfaeri","article_modified_time":"2026-04-16T16:16:06+00:00","og_image":[{"width":600,"height":600,"url":"https:\/\/velarogverkfaeri.is\/wp-content\/uploads\/2023\/06\/ae2d01bf-b8ba-4fbd-be09-009e6c63b6d4.jpeg","type":"image\/jpeg"}],"twitter_card":"summary_large_image","schema":{"@context":"https:\/\/schema.org","@graph":[{"@type":"WebPage","@id":"https:\/\/velarogverkfaeri.is\/lykillausnir\/hurdabunadur-lykillausnir\/hurdarhunar-hurdabunadur-lykillausnir\/product\/d-line-hurdarhandfang-u-19mm-59mm-hurdarthykkt-univ-fyrir-assa-og-thyskar-laesingar-rydfr-aisi316l-c\/","url":"https:\/\/velarogverkfaeri.is\/lykillausnir\/hurdabunadur-lykillausnir\/hurdarhunar-hurdabunadur-lykillausnir\/product\/d-line-hurdarhandfang-u-19mm-59mm-hurdarthykkt-univ-fyrir-assa-og-thyskar-laesingar-rydfr-aisi316l-c\/","name":"d line Hur\u00f0arhandfang U-laga 19mm - V\u00e9lar &amp; Verkf\u00e6ri","isPartOf":{"@id":"https:\/\/velarogverkfaeri.is\/en\/#website"},"primaryImageOfPage":{"@id":"https:\/\/velarogverkfaeri.is\/lykillausnir\/hurdabunadur-lykillausnir\/hurdarhunar-hurdabunadur-lykillausnir\/product\/d-line-hurdarhandfang-u-19mm-59mm-hurdarthykkt-univ-fyrir-assa-og-thyskar-laesingar-rydfr-aisi316l-c\/#primaryimage"},"image":{"@id":"https:\/\/velarogverkfaeri.is\/lykillausnir\/hurdabunadur-lykillausnir\/hurdarhunar-hurdabunadur-lykillausnir\/product\/d-line-hurdarhandfang-u-19mm-59mm-hurdarthykkt-univ-fyrir-assa-og-thyskar-laesingar-rydfr-aisi316l-c\/#primaryimage"},"thumbnailUrl":"https:\/\/velarogverkfaeri.is\/wp-content\/uploads\/2023\/06\/ae2d01bf-b8ba-4fbd-be09-009e6c63b6d4.jpeg","datePublished":"2023-06-07T14:20:46+00:00","dateModified":"2026-04-16T16:16:06+00:00","breadcrumb":{"@id":"https:\/\/velarogverkfaeri.is\/lykillausnir\/hurdabunadur-lykillausnir\/hurdarhunar-hurdabunadur-lykillausnir\/product\/d-line-hurdarhandfang-u-19mm-59mm-hurdarthykkt-univ-fyrir-assa-og-thyskar-laesingar-rydfr-aisi316l-c\/#breadcrumb"},"inLanguage":"en-US","potentialAction":[{"@type":"ReadAction","target":["https:\/\/velarogverkfaeri.is\/lykillausnir\/hurdabunadur-lykillausnir\/hurdarhunar-hurdabunadur-lykillausnir\/product\/d-line-hurdarhandfang-u-19mm-59mm-hurdarthykkt-univ-fyrir-assa-og-thyskar-laesingar-rydfr-aisi316l-c\/"]}]},{"@type":"ImageObject","inLanguage":"en-US","@id":"https:\/\/velarogverkfaeri.is\/lykillausnir\/hurdabunadur-lykillausnir\/hurdarhunar-hurdabunadur-lykillausnir\/product\/d-line-hurdarhandfang-u-19mm-59mm-hurdarthykkt-univ-fyrir-assa-og-thyskar-laesingar-rydfr-aisi316l-c\/#primaryimage","url":"https:\/\/velarogverkfaeri.is\/wp-content\/uploads\/2023\/06\/ae2d01bf-b8ba-4fbd-be09-009e6c63b6d4.jpeg","contentUrl":"https:\/\/velarogverkfaeri.is\/wp-content\/uploads\/2023\/06\/ae2d01bf-b8ba-4fbd-be09-009e6c63b6d4.jpeg","width":600,"height":600},{"@type":"BreadcrumbList","@id":"https:\/\/velarogverkfaeri.is\/lykillausnir\/hurdabunadur-lykillausnir\/hurdarhunar-hurdabunadur-lykillausnir\/product\/d-line-hurdarhandfang-u-19mm-59mm-hurdarthykkt-univ-fyrir-assa-og-thyskar-laesingar-rydfr-aisi316l-c\/#breadcrumb","itemListElement":[{"@type":"ListItem","position":1,"name":"Home","item":"https:\/\/velarogverkfaeri.is\/"},{"@type":"ListItem","position":2,"name":"Vefverslun","item":"https:\/\/velarogverkfaeri.is\/vefverslun\/"},{"@type":"ListItem","position":3,"name":"d line Hur\u00f0arhandfang U-laga 19mm"}]},{"@type":"WebSite","@id":"https:\/\/velarogverkfaeri.is\/en\/#website","url":"https:\/\/velarogverkfaeri.is\/en\/","name":"V\u00e9lar & Verkf\u00e6ri","description":"Umbo\u00f0s- og heildverslun fr\u00e1 \u00e1rinu 1919","publisher":{"@id":"https:\/\/velarogverkfaeri.is\/en\/#organization"},"potentialAction":[{"@type":"SearchAction","target":{"@type":"EntryPoint","urlTemplate":"https:\/\/velarogverkfaeri.is\/en\/?s={search_term_string}"},"query-input":{"@type":"PropertyValueSpecification","valueRequired":true,"valueName":"search_term_string"}}],"inLanguage":"en-US"},{"@type":"Organization","@id":"https:\/\/velarogverkfaeri.is\/en\/#organization","name":"V\u00e9lar & Verkf\u00e6ri","url":"https:\/\/velarogverkfaeri.is\/en\/","logo":{"@type":"ImageObject","inLanguage":"en-US","@id":"https:\/\/velarogverkfaeri.is\/en\/#\/schema\/logo\/image\/","url":"https:\/\/velarogverkfaeri.is\/wp-content\/uploads\/2021\/10\/vv_logo_350x100.png","contentUrl":"https:\/\/velarogverkfaeri.is\/wp-content\/uploads\/2021\/10\/vv_logo_350x100.png","width":350,"height":100,"caption":"V\u00e9lar & Verkf\u00e6ri"},"image":{"@id":"https:\/\/velarogverkfaeri.is\/en\/#\/schema\/logo\/image\/"},"sameAs":["https:\/\/www.facebook.com\/VelarOgVerkfaeri"]}]}},"_links":{"self":[{"href":"https:\/\/velarogverkfaeri.is\/en\/wp-json\/wp\/v2\/product\/35363","targetHints":{"allow":["GET"]}}],"collection":[{"href":"https:\/\/velarogverkfaeri.is\/en\/wp-json\/wp\/v2\/product"}],"about":[{"href":"https:\/\/velarogverkfaeri.is\/en\/wp-json\/wp\/v2\/types\/product"}],"replies":[{"embeddable":true,"href":"https:\/\/velarogverkfaeri.is\/en\/wp-json\/wp\/v2\/comments?post=35363"}],"wp:featuredmedia":[{"embeddable":true,"href":"https:\/\/velarogverkfaeri.is\/en\/wp-json\/wp\/v2\/media\/35362"}],"wp:attachment":[{"href":"https:\/\/velarogverkfaeri.is\/en\/wp-json\/wp\/v2\/media?parent=35363"}],"wp:term":[{"taxonomy":"product_brand","embeddable":true,"href":"https:\/\/velarogverkfaeri.is\/en\/wp-json\/wp\/v2\/product_brand?post=35363"},{"taxonomy":"product_cat","embeddable":true,"href":"https:\/\/velarogverkfaeri.is\/en\/wp-json\/wp\/v2\/product_cat?post=35363"},{"taxonomy":"product_tag","embeddable":true,"href":"https:\/\/velarogverkfaeri.is\/en\/wp-json\/wp\/v2\/product_tag?post=35363"}],"curies":[{"name":"wp","href":"https:\/\/api.w.org\/{rel}","templated":true}]}}