{"id":34944,"date":"2023-06-07T14:19:21","date_gmt":"2023-06-07T14:19:21","guid":{"rendered":"https:\/\/vv-dev.webdev.is\/uncategorized\/product\/arne-jacobsen-by-d-line-hurdarh-rf-cc38-fyrir-thyskar-laesingar-aj97\/"},"modified":"2026-02-17T14:17:05","modified_gmt":"2026-02-17T14:17:05","slug":"arne-jacobsen-by-d-line-hurdarh-rf-cc38-fyrir-thyskar-laesingar-aj97","status":"publish","type":"product","link":"https:\/\/velarogverkfaeri.is\/en\/honnunarlausnir\/hurdabunadur\/hurdarhunar\/product\/arne-jacobsen-by-d-line-hurdarh-rf-cc38-fyrir-thyskar-laesingar-aj97\/","title":{"rendered":"ARNE JACOBSEN by d line  Hur\u00f0arhandfang AJ97 \u00ed ry\u00f0fr\u00edu st\u00e1li fyrir \u00fe\u00fdskar l\u00e6singar"},"content":{"rendered":"<p data-start=\"29\" data-end=\"90\" class=\"\"><strong data-start=\"29\" data-end=\"90\">Arne Jacobsen hur\u00f0arhandfang &#8211; 97 mm me\u00f0 r\u00f3settum CC38, RS st\u00e1l<\/strong><\/p>\n<p data-start=\"92\" data-end=\"548\" class=\"\">Upplif\u00f0u elegans og virkni sameina\u00f0 \u00ed hverri sm\u00e1atri\u00f0i me\u00f0 s\u00edvins\u00e6lu handf\u00f6ngunumeftir Arne Jacobsen. H\u00f6nnunarfilos\u00f3fia Jacobsens kemur fram \u00ed \u00feessum handverksmeistaraverkum sem opna ekki a\u00f0eins dyr, heldur bj\u00f3\u00f0a einnig upp \u00e1 t\u00edmalausa fagurfr\u00e6\u00f0i sem passar vi\u00f0 hva\u00f0a innanh\u00fasst\u00edl sem er. Leyf\u00f0u h\u00f6ndunum a\u00f0 fa\u00f0ma go\u00f0sagnakennda arfleif\u00f0 skandinav\u00edskrar h\u00f6nnunar, \u00fear sem hvert handfang segir s\u00edna eigin s\u00f6gu.<\/p>\n<\/p>\n<p data-start=\"746\" data-end=\"868\" class=\"\"><strong data-start=\"86\" data-end=\"95\">Merki<\/strong>: d line<br data-start=\"103\" data-end=\"106\"><br \/>\n<strong data-start=\"106\" data-end=\"127\">V\u00f6rul\u00edna merksins<\/strong>: Arne Jacobsen<br data-start=\"142\" data-end=\"145\"><br \/>\n<strong data-start=\"145\" data-end=\"160\">Breidd (mm)<\/strong>: 97<br data-start=\"164\" data-end=\"167\"><strong data-start=\"167\" data-end=\"190\">Lengd milli skr\u00fafa r\u00f3settu (mm)<\/strong>: 38<br data-start=\"196\" data-end=\"199\"><strong data-start=\"199\" data-end=\"218\">Hur\u00f0ar\u00feykkt (mm)<\/strong>: 33-59<br data-start=\"225\" data-end=\"228\"><b>Efni: Ry\u00f0fr\u00edtt st\u00e1l<\/b><\/p>","protected":false},"excerpt":{"rendered":"<p>Gl\u00e6silegt hur\u00f0arhandfang hanna\u00f0 af Arne Jacobsen<\/p>","protected":false},"featured_media":71609,"comment_status":"closed","ping_status":"closed","template":"","meta":[],"product_brand":[],"product_cat":[518,545,571],"product_tag":[1038,848],"class_list":{"0":"post-34944","1":"product","2":"type-product","3":"status-publish","4":"has-post-thumbnail","6":"product_cat-honnunarlausnir","7":"product_cat-hurdabunadur","8":"product_cat-hurdarhunar","9":"product_tag-arnejacobsen","10":"product_tag-dline","12":"first","13":"instock","14":"taxable","15":"shipping-taxable","16":"purchasable","17":"product-type-simple"},"yoast_head":"<!-- This site is optimized with the Yoast SEO plugin v27.3 - https:\/\/yoast.com\/product\/yoast-seo-wordpress\/ -->\n<title>ARNE JACOBSEN by d line Hur\u00f0arhandfang AJ97 \u00ed ry\u00f0fr\u00edu st\u00e1li fyrir \u00fe\u00fdskar l\u00e6singar - V\u00e9lar &amp; Verkf\u00e6ri<\/title>\n<meta name=\"robots\" content=\"index, follow, max-snippet:-1, max-image-preview:large, max-video-preview:-1\" \/>\n<link rel=\"canonical\" href=\"https:\/\/velarogverkfaeri.is\/en\/lykillausnir\/hurdabunadur-lykillausnir\/hurdarhunar-hurdabunadur-lykillausnir\/product\/arne-jacobsen-by-d-line-hurdarh-rf-cc38-fyrir-thyskar-laesingar-aj97\/\" \/>\n<meta property=\"og:locale\" content=\"en_US\" \/>\n<meta property=\"og:type\" content=\"article\" \/>\n<meta property=\"og:title\" content=\"ARNE JACOBSEN by d line Hur\u00f0arhandfang AJ97 \u00ed ry\u00f0fr\u00edu st\u00e1li fyrir \u00fe\u00fdskar l\u00e6singar - V\u00e9lar &amp; Verkf\u00e6ri\" \/>\n<meta property=\"og:description\" content=\"Gl\u00e6silegt hur\u00f0arhandfang hanna\u00f0 af Arne Jacobsen\" \/>\n<meta property=\"og:url\" content=\"https:\/\/velarogverkfaeri.is\/en\/lykillausnir\/hurdabunadur-lykillausnir\/hurdarhunar-hurdabunadur-lykillausnir\/product\/arne-jacobsen-by-d-line-hurdarh-rf-cc38-fyrir-thyskar-laesingar-aj97\/\" \/>\n<meta property=\"og:site_name\" content=\"V\u00e9lar &amp; Verkf\u00e6ri\" \/>\n<meta property=\"article:publisher\" content=\"https:\/\/www.facebook.com\/VelarOgVerkfaeri\" \/>\n<meta property=\"article:modified_time\" content=\"2026-02-17T14:17:05+00:00\" \/>\n<meta property=\"og:image\" content=\"https:\/\/velarogverkfaeri.is\/wp-content\/uploads\/2025\/04\/e8a9e1b8-4ad7-428b-9cae-9377c0c8674d-scaled.jpeg\" \/>\n\t<meta property=\"og:image:width\" content=\"2560\" \/>\n\t<meta property=\"og:image:height\" content=\"2560\" \/>\n\t<meta property=\"og:image:type\" content=\"image\/jpeg\" \/>\n<meta name=\"twitter:card\" content=\"summary_large_image\" \/>\n<meta name=\"twitter:label1\" content=\"Est. reading time\" \/>\n\t<meta name=\"twitter:data1\" content=\"1 minute\" \/>\n<script type=\"application\/ld+json\" class=\"yoast-schema-graph\">{\"@context\":\"https:\\\/\\\/schema.org\",\"@graph\":[{\"@type\":\"WebPage\",\"@id\":\"https:\\\/\\\/velarogverkfaeri.is\\\/lykillausnir\\\/hurdabunadur-lykillausnir\\\/hurdarhunar-hurdabunadur-lykillausnir\\\/product\\\/arne-jacobsen-by-d-line-hurdarh-rf-cc38-fyrir-thyskar-laesingar-aj97\\\/\",\"url\":\"https:\\\/\\\/velarogverkfaeri.is\\\/lykillausnir\\\/hurdabunadur-lykillausnir\\\/hurdarhunar-hurdabunadur-lykillausnir\\\/product\\\/arne-jacobsen-by-d-line-hurdarh-rf-cc38-fyrir-thyskar-laesingar-aj97\\\/\",\"name\":\"ARNE JACOBSEN by d line Hur\u00f0arhandfang AJ97 \u00ed ry\u00f0fr\u00edu st\u00e1li fyrir \u00fe\u00fdskar l\u00e6singar - V\u00e9lar &amp; Verkf\u00e6ri\",\"isPartOf\":{\"@id\":\"https:\\\/\\\/velarogverkfaeri.is\\\/en\\\/#website\"},\"primaryImageOfPage\":{\"@id\":\"https:\\\/\\\/velarogverkfaeri.is\\\/lykillausnir\\\/hurdabunadur-lykillausnir\\\/hurdarhunar-hurdabunadur-lykillausnir\\\/product\\\/arne-jacobsen-by-d-line-hurdarh-rf-cc38-fyrir-thyskar-laesingar-aj97\\\/#primaryimage\"},\"image\":{\"@id\":\"https:\\\/\\\/velarogverkfaeri.is\\\/lykillausnir\\\/hurdabunadur-lykillausnir\\\/hurdarhunar-hurdabunadur-lykillausnir\\\/product\\\/arne-jacobsen-by-d-line-hurdarh-rf-cc38-fyrir-thyskar-laesingar-aj97\\\/#primaryimage\"},\"thumbnailUrl\":\"https:\\\/\\\/velarogverkfaeri.is\\\/wp-content\\\/uploads\\\/2025\\\/04\\\/e8a9e1b8-4ad7-428b-9cae-9377c0c8674d-scaled.jpeg\",\"datePublished\":\"2023-06-07T14:19:21+00:00\",\"dateModified\":\"2026-02-17T14:17:05+00:00\",\"breadcrumb\":{\"@id\":\"https:\\\/\\\/velarogverkfaeri.is\\\/lykillausnir\\\/hurdabunadur-lykillausnir\\\/hurdarhunar-hurdabunadur-lykillausnir\\\/product\\\/arne-jacobsen-by-d-line-hurdarh-rf-cc38-fyrir-thyskar-laesingar-aj97\\\/#breadcrumb\"},\"inLanguage\":\"en-US\",\"potentialAction\":[{\"@type\":\"ReadAction\",\"target\":[\"https:\\\/\\\/velarogverkfaeri.is\\\/lykillausnir\\\/hurdabunadur-lykillausnir\\\/hurdarhunar-hurdabunadur-lykillausnir\\\/product\\\/arne-jacobsen-by-d-line-hurdarh-rf-cc38-fyrir-thyskar-laesingar-aj97\\\/\"]}]},{\"@type\":\"ImageObject\",\"inLanguage\":\"en-US\",\"@id\":\"https:\\\/\\\/velarogverkfaeri.is\\\/lykillausnir\\\/hurdabunadur-lykillausnir\\\/hurdarhunar-hurdabunadur-lykillausnir\\\/product\\\/arne-jacobsen-by-d-line-hurdarh-rf-cc38-fyrir-thyskar-laesingar-aj97\\\/#primaryimage\",\"url\":\"https:\\\/\\\/velarogverkfaeri.is\\\/wp-content\\\/uploads\\\/2025\\\/04\\\/e8a9e1b8-4ad7-428b-9cae-9377c0c8674d-scaled.jpeg\",\"contentUrl\":\"https:\\\/\\\/velarogverkfaeri.is\\\/wp-content\\\/uploads\\\/2025\\\/04\\\/e8a9e1b8-4ad7-428b-9cae-9377c0c8674d-scaled.jpeg\",\"width\":2560,\"height\":2560},{\"@type\":\"BreadcrumbList\",\"@id\":\"https:\\\/\\\/velarogverkfaeri.is\\\/lykillausnir\\\/hurdabunadur-lykillausnir\\\/hurdarhunar-hurdabunadur-lykillausnir\\\/product\\\/arne-jacobsen-by-d-line-hurdarh-rf-cc38-fyrir-thyskar-laesingar-aj97\\\/#breadcrumb\",\"itemListElement\":[{\"@type\":\"ListItem\",\"position\":1,\"name\":\"Home\",\"item\":\"https:\\\/\\\/velarogverkfaeri.is\\\/\"},{\"@type\":\"ListItem\",\"position\":2,\"name\":\"Vefverslun\",\"item\":\"https:\\\/\\\/velarogverkfaeri.is\\\/vefverslun\\\/\"},{\"@type\":\"ListItem\",\"position\":3,\"name\":\"ARNE JACOBSEN by d line Hur\u00f0arhandfang AJ97 \u00ed ry\u00f0fr\u00edu st\u00e1li fyrir \u00fe\u00fdskar l\u00e6singar\"}]},{\"@type\":\"WebSite\",\"@id\":\"https:\\\/\\\/velarogverkfaeri.is\\\/en\\\/#website\",\"url\":\"https:\\\/\\\/velarogverkfaeri.is\\\/en\\\/\",\"name\":\"V\u00e9lar & Verkf\u00e6ri\",\"description\":\"Umbo\u00f0s- og heildverslun fr\u00e1 \u00e1rinu 1919\",\"publisher\":{\"@id\":\"https:\\\/\\\/velarogverkfaeri.is\\\/en\\\/#organization\"},\"potentialAction\":[{\"@type\":\"SearchAction\",\"target\":{\"@type\":\"EntryPoint\",\"urlTemplate\":\"https:\\\/\\\/velarogverkfaeri.is\\\/en\\\/?s={search_term_string}\"},\"query-input\":{\"@type\":\"PropertyValueSpecification\",\"valueRequired\":true,\"valueName\":\"search_term_string\"}}],\"inLanguage\":\"en-US\"},{\"@type\":\"Organization\",\"@id\":\"https:\\\/\\\/velarogverkfaeri.is\\\/en\\\/#organization\",\"name\":\"V\u00e9lar & Verkf\u00e6ri\",\"url\":\"https:\\\/\\\/velarogverkfaeri.is\\\/en\\\/\",\"logo\":{\"@type\":\"ImageObject\",\"inLanguage\":\"en-US\",\"@id\":\"https:\\\/\\\/velarogverkfaeri.is\\\/en\\\/#\\\/schema\\\/logo\\\/image\\\/\",\"url\":\"https:\\\/\\\/velarogverkfaeri.is\\\/wp-content\\\/uploads\\\/2021\\\/10\\\/vv_logo_350x100.png\",\"contentUrl\":\"https:\\\/\\\/velarogverkfaeri.is\\\/wp-content\\\/uploads\\\/2021\\\/10\\\/vv_logo_350x100.png\",\"width\":350,\"height\":100,\"caption\":\"V\u00e9lar & Verkf\u00e6ri\"},\"image\":{\"@id\":\"https:\\\/\\\/velarogverkfaeri.is\\\/en\\\/#\\\/schema\\\/logo\\\/image\\\/\"},\"sameAs\":[\"https:\\\/\\\/www.facebook.com\\\/VelarOgVerkfaeri\"]}]}<\/script>\n<!-- \/ Yoast SEO plugin. -->","yoast_head_json":{"title":"ARNE JACOBSEN by d line Hur\u00f0arhandfang AJ97 \u00ed ry\u00f0fr\u00edu st\u00e1li fyrir \u00fe\u00fdskar l\u00e6singar - V\u00e9lar &amp; Verkf\u00e6ri","robots":{"index":"index","follow":"follow","max-snippet":"max-snippet:-1","max-image-preview":"max-image-preview:large","max-video-preview":"max-video-preview:-1"},"canonical":"https:\/\/velarogverkfaeri.is\/en\/lykillausnir\/hurdabunadur-lykillausnir\/hurdarhunar-hurdabunadur-lykillausnir\/product\/arne-jacobsen-by-d-line-hurdarh-rf-cc38-fyrir-thyskar-laesingar-aj97\/","og_locale":"en_US","og_type":"article","og_title":"ARNE JACOBSEN by d line Hur\u00f0arhandfang AJ97 \u00ed ry\u00f0fr\u00edu st\u00e1li fyrir \u00fe\u00fdskar l\u00e6singar - V\u00e9lar &amp; Verkf\u00e6ri","og_description":"Gl\u00e6silegt hur\u00f0arhandfang hanna\u00f0 af Arne Jacobsen","og_url":"https:\/\/velarogverkfaeri.is\/en\/lykillausnir\/hurdabunadur-lykillausnir\/hurdarhunar-hurdabunadur-lykillausnir\/product\/arne-jacobsen-by-d-line-hurdarh-rf-cc38-fyrir-thyskar-laesingar-aj97\/","og_site_name":"V\u00e9lar &amp; Verkf\u00e6ri","article_publisher":"https:\/\/www.facebook.com\/VelarOgVerkfaeri","article_modified_time":"2026-02-17T14:17:05+00:00","og_image":[{"width":2560,"height":2560,"url":"https:\/\/velarogverkfaeri.is\/wp-content\/uploads\/2025\/04\/e8a9e1b8-4ad7-428b-9cae-9377c0c8674d-scaled.jpeg","type":"image\/jpeg"}],"twitter_card":"summary_large_image","twitter_misc":{"Est. reading time":"1 minute"},"schema":{"@context":"https:\/\/schema.org","@graph":[{"@type":"WebPage","@id":"https:\/\/velarogverkfaeri.is\/lykillausnir\/hurdabunadur-lykillausnir\/hurdarhunar-hurdabunadur-lykillausnir\/product\/arne-jacobsen-by-d-line-hurdarh-rf-cc38-fyrir-thyskar-laesingar-aj97\/","url":"https:\/\/velarogverkfaeri.is\/lykillausnir\/hurdabunadur-lykillausnir\/hurdarhunar-hurdabunadur-lykillausnir\/product\/arne-jacobsen-by-d-line-hurdarh-rf-cc38-fyrir-thyskar-laesingar-aj97\/","name":"ARNE JACOBSEN by d line Hur\u00f0arhandfang AJ97 \u00ed ry\u00f0fr\u00edu st\u00e1li fyrir \u00fe\u00fdskar l\u00e6singar - V\u00e9lar &amp; Verkf\u00e6ri","isPartOf":{"@id":"https:\/\/velarogverkfaeri.is\/en\/#website"},"primaryImageOfPage":{"@id":"https:\/\/velarogverkfaeri.is\/lykillausnir\/hurdabunadur-lykillausnir\/hurdarhunar-hurdabunadur-lykillausnir\/product\/arne-jacobsen-by-d-line-hurdarh-rf-cc38-fyrir-thyskar-laesingar-aj97\/#primaryimage"},"image":{"@id":"https:\/\/velarogverkfaeri.is\/lykillausnir\/hurdabunadur-lykillausnir\/hurdarhunar-hurdabunadur-lykillausnir\/product\/arne-jacobsen-by-d-line-hurdarh-rf-cc38-fyrir-thyskar-laesingar-aj97\/#primaryimage"},"thumbnailUrl":"https:\/\/velarogverkfaeri.is\/wp-content\/uploads\/2025\/04\/e8a9e1b8-4ad7-428b-9cae-9377c0c8674d-scaled.jpeg","datePublished":"2023-06-07T14:19:21+00:00","dateModified":"2026-02-17T14:17:05+00:00","breadcrumb":{"@id":"https:\/\/velarogverkfaeri.is\/lykillausnir\/hurdabunadur-lykillausnir\/hurdarhunar-hurdabunadur-lykillausnir\/product\/arne-jacobsen-by-d-line-hurdarh-rf-cc38-fyrir-thyskar-laesingar-aj97\/#breadcrumb"},"inLanguage":"en-US","potentialAction":[{"@type":"ReadAction","target":["https:\/\/velarogverkfaeri.is\/lykillausnir\/hurdabunadur-lykillausnir\/hurdarhunar-hurdabunadur-lykillausnir\/product\/arne-jacobsen-by-d-line-hurdarh-rf-cc38-fyrir-thyskar-laesingar-aj97\/"]}]},{"@type":"ImageObject","inLanguage":"en-US","@id":"https:\/\/velarogverkfaeri.is\/lykillausnir\/hurdabunadur-lykillausnir\/hurdarhunar-hurdabunadur-lykillausnir\/product\/arne-jacobsen-by-d-line-hurdarh-rf-cc38-fyrir-thyskar-laesingar-aj97\/#primaryimage","url":"https:\/\/velarogverkfaeri.is\/wp-content\/uploads\/2025\/04\/e8a9e1b8-4ad7-428b-9cae-9377c0c8674d-scaled.jpeg","contentUrl":"https:\/\/velarogverkfaeri.is\/wp-content\/uploads\/2025\/04\/e8a9e1b8-4ad7-428b-9cae-9377c0c8674d-scaled.jpeg","width":2560,"height":2560},{"@type":"BreadcrumbList","@id":"https:\/\/velarogverkfaeri.is\/lykillausnir\/hurdabunadur-lykillausnir\/hurdarhunar-hurdabunadur-lykillausnir\/product\/arne-jacobsen-by-d-line-hurdarh-rf-cc38-fyrir-thyskar-laesingar-aj97\/#breadcrumb","itemListElement":[{"@type":"ListItem","position":1,"name":"Home","item":"https:\/\/velarogverkfaeri.is\/"},{"@type":"ListItem","position":2,"name":"Vefverslun","item":"https:\/\/velarogverkfaeri.is\/vefverslun\/"},{"@type":"ListItem","position":3,"name":"ARNE JACOBSEN by d line Hur\u00f0arhandfang AJ97 \u00ed ry\u00f0fr\u00edu st\u00e1li fyrir \u00fe\u00fdskar l\u00e6singar"}]},{"@type":"WebSite","@id":"https:\/\/velarogverkfaeri.is\/en\/#website","url":"https:\/\/velarogverkfaeri.is\/en\/","name":"V\u00e9lar & Verkf\u00e6ri","description":"Umbo\u00f0s- og heildverslun fr\u00e1 \u00e1rinu 1919","publisher":{"@id":"https:\/\/velarogverkfaeri.is\/en\/#organization"},"potentialAction":[{"@type":"SearchAction","target":{"@type":"EntryPoint","urlTemplate":"https:\/\/velarogverkfaeri.is\/en\/?s={search_term_string}"},"query-input":{"@type":"PropertyValueSpecification","valueRequired":true,"valueName":"search_term_string"}}],"inLanguage":"en-US"},{"@type":"Organization","@id":"https:\/\/velarogverkfaeri.is\/en\/#organization","name":"V\u00e9lar & Verkf\u00e6ri","url":"https:\/\/velarogverkfaeri.is\/en\/","logo":{"@type":"ImageObject","inLanguage":"en-US","@id":"https:\/\/velarogverkfaeri.is\/en\/#\/schema\/logo\/image\/","url":"https:\/\/velarogverkfaeri.is\/wp-content\/uploads\/2021\/10\/vv_logo_350x100.png","contentUrl":"https:\/\/velarogverkfaeri.is\/wp-content\/uploads\/2021\/10\/vv_logo_350x100.png","width":350,"height":100,"caption":"V\u00e9lar & Verkf\u00e6ri"},"image":{"@id":"https:\/\/velarogverkfaeri.is\/en\/#\/schema\/logo\/image\/"},"sameAs":["https:\/\/www.facebook.com\/VelarOgVerkfaeri"]}]}},"_links":{"self":[{"href":"https:\/\/velarogverkfaeri.is\/en\/wp-json\/wp\/v2\/product\/34944","targetHints":{"allow":["GET"]}}],"collection":[{"href":"https:\/\/velarogverkfaeri.is\/en\/wp-json\/wp\/v2\/product"}],"about":[{"href":"https:\/\/velarogverkfaeri.is\/en\/wp-json\/wp\/v2\/types\/product"}],"replies":[{"embeddable":true,"href":"https:\/\/velarogverkfaeri.is\/en\/wp-json\/wp\/v2\/comments?post=34944"}],"wp:featuredmedia":[{"embeddable":true,"href":"https:\/\/velarogverkfaeri.is\/en\/wp-json\/wp\/v2\/media\/71609"}],"wp:attachment":[{"href":"https:\/\/velarogverkfaeri.is\/en\/wp-json\/wp\/v2\/media?parent=34944"}],"wp:term":[{"taxonomy":"product_brand","embeddable":true,"href":"https:\/\/velarogverkfaeri.is\/en\/wp-json\/wp\/v2\/product_brand?post=34944"},{"taxonomy":"product_cat","embeddable":true,"href":"https:\/\/velarogverkfaeri.is\/en\/wp-json\/wp\/v2\/product_cat?post=34944"},{"taxonomy":"product_tag","embeddable":true,"href":"https:\/\/velarogverkfaeri.is\/en\/wp-json\/wp\/v2\/product_tag?post=34944"}],"curies":[{"name":"wp","href":"https:\/\/api.w.org\/{rel}","templated":true}]}}