{"id":34049,"date":"2023-04-28T18:06:35","date_gmt":"2023-04-28T18:06:35","guid":{"rendered":"https:\/\/vv-dev.webdev.is\/uncategorized\/product\/tecnolumen-bordlampi-krom-raudur\/"},"modified":"2025-12-05T09:01:27","modified_gmt":"2025-12-05T09:01:27","slug":"tecnolumen-bordlampi-krom-raudur","status":"publish","type":"product","link":"https:\/\/velarogverkfaeri.is\/en\/honnunarlausnir\/lampar\/bordlampar\/product\/tecnolumen-bordlampi-krom-raudur\/","title":{"rendered":"TECNOLUMEN Bor\u00f0lampi"},"content":{"rendered":"<p><span style=\"color: rgb(101, 101, 101);\">Tilger\u00f0arlaus og t\u00edmalaus h\u00f6nnun fr\u00e1 \u00de\u00fdskalandi.<\/span><\/p>\n<p><span style=\"color: rgb(101, 101, 101);\">Bor\u00f0lampinn er \u00far grunni nikkelh\u00fa\u00f0u\u00f0um m\u00e1lmi og rautt gegns\u00e6tt gler&nbsp;<\/span><\/p>\n<p><font color=\"#656565\">Hver lampi er n\u00famera\u00f0ur \u00ed r\u00f6\u00f0 og ber TECNOLUMEN innsigli\u00f0.<\/font><\/p>\n<p><font color=\"#656565\"><br \/><\/font><\/p>\n<\/p>\n<p><font color=\"#656565\">R\u00e1\u00f0lag\u00f0ur lj\u00f3sgjafi: LED lampi 7 W<\/font><\/p>\n<p><span style=\"color: rgb(101, 101, 101);\">H\u00f6nnun: Schnepel 2003<\/span><\/p>\n<p><img decoding=\"async\" src=\"data:image\/png;base64,iVBORw0KGgoAAAANSUhEUgAAAOQAAABBCAYAAADBhgjQAAAAAXNSR0IArs4c6QAAAARnQU1BAACxjwv8YQUAAAAJcEhZcwAADsMAAA7DAcdvqGQAAA21SURBVHhe7Z17bFRFG8ZfUIug4o1C8KMVLwRUBIEgpg1eMWlTscUIYozxHwpWoRUrXkFEsSio0Bb1EwJRitrgpS1aQeWi+QJCpSXYKoq3ukVQqhhBuQg63zzTOe12u3t2zu7ZPbN1fsmwZ+ZcusM5z5mZd953tgvjkMFg0IKu8tNgMGiAEaTBoBFGkAaDRhhBGgwaYQRpMGiEEaTBoBFGkAaDRhhBGgwaYQRpMGiEradOly5d5FZiEc75KFHrBUzdEpNwdbMIK8ivv\/5a5hKDAQMGKN3YRKsXMHXrvHWzCCvIH374gVJTU2WJ3vh8Pjr33HOVb+yFF14oS\/Tnm2++cfTQmrrpgWrdLMwY0gX+\/vtvqqmpoY8++qg1ffrpp6LcYHCCEWSENDY20oMPPkiZmZl01lln0ahRo+iaa65pTZdffjn16tWLbrjhBnrooYfE8QZDOIwgHXL06FEqLCykgQMH0tNPP03ffvstTZgwgWbPnk1Lliyh6upq8Yn8zTffTF999RU99dRT4vgHHniAjhw5Iq9k8Io\/\/viDVq1aRXfddRcNHz6cunXrRikpKZSeni7u6S+\/\/CKPdM6NN94ouqkRw\/u2IcFuPoaUOf3Bdw1TJQGO4WMRmVPnr7\/+Ytdff704Pzc3l61fv17usWfdunXieJyH83lXVu5RB983lnXzknjV7fvvv2cTJ05kSUlJjPdo2BNPPMHKysrYBx98wJYvX85mzZrFhg0bxk488URxv\/bv3y\/PVGPs2LEsLS2N\/fbbb7JEvW4WRpAOmDdvnji3qKhIljgD5+H8hQsXyhJ13H9ot7GSlP+wFJkmV+6T5QHUFrceE\/bYCHG\/bu05fvw448ML1r17d5aXl8d4r0buCc53333HJk2axPr06cPKy8tlqT3BxAhU62ZhBOmAoUOHspEjR8pcZOB8vJ2d4vZDu20RF9edFUxIa08Fm8yFVlIrdrVHCHISq9gj8zHA7br5w7uf7KqrrmJDhgxhPp9Plqqxfft2dvHFF7OCggLbXk0oMQLVulmYMaQDTj75ZEpOTpa5yDjzzDPllpc0U9OX\/GNQCona9E2nzCyihqZm5DoNx44dIz5EoN9\/\/11YvjFOdMJll11GmzZtos2bN1NWVhb9888\/ck8bGDP++uuvwnZwxhlnyNLIMYJ0AB9\/0HvvvUdr166VJc5YsWIF8fGKuI63JFPOi7vJVzBC5n3UVC03HdBclUupeSVUmtePUlORcqmyrpKmiG2e8iq59L1jxowZwkDz4YcfRvwihMg2btxIu3fvpscee0yWtuC2GAWypQwKdpsuaxv+Rp0XXniBHT58WO6xh99MNmfOHHEezsd1nBLLbp01TgzdZfUfQ7Z1X\/dVTvLL72MVd\/p1g+UYNeg1A4hF3Xbs2CGOVzW8hWPnzp2M95Ba\/75dN9Uf1bpZmBbSASeddBKtXr1avHnvueceOu200ygjI4NWrlwp3qK7du0SJvUvvviC3n\/\/fVq6dCldeeWV1K9fP5o\/fz7NnDmT3nnnHXEdfail0pz5RFmLaeJwWdSBTCrZyltU326qKFxD+atqZTmHd+XS+2IjmVIG8SMz0lu6wZRKKbwb7BVFRUU0evRouvbaa2VJdAwaNIimTJkiprBi0jJaSGEGBbtNCxkcWOp69OjBBgwYwPhNEdcMTD179mSXXHKJ2M+FKs+MjFi0IkAYdxwYbUSrKFtB\/22Aa7VZYFtaTC9ayKNHj4qpi+eff16WuENjYyM74YQT2BVXXBG2ZbRQrZuFaSEj5Pzzzxct5K233irGKZ988gm9\/PLLNG\/ePPG5ZcsW2r9\/P910003CGHTKKafIMzWiroTGPctbtdIiyhGtnCLVPj7q1JempiY6fvw4XXrppbLEHaZNm0Zdu3alZ555xv2WUWIE6QL8rUn8rUl33HGHcKfDJ1zpUK4vbV3VudmhLcfCcJNawo\/2IyuVd0j1BVZV4OZL0OqmnnPOOTG9rybaI4Dp06fLrfDU1tZSnz59xBgxFHhb79u3j0aMsCya4Vm4cKHcasPtiIja4n68dbyfKnz5ZPvN9lbSlFHVlLl1qWhFxXlUJSy0EOuItVlU+2KOGDdi35L+2+klIfBmqswbRk25u2layLFpC27XDc9s\/\/796a233hI9lGjxHzP27dtX3E\/0jlRwGu3hniB59ycVb9wAZlQGuyH87ZyaTQtkLrPUuontyy2CX6MjbgiSjws9fQGhDocOHZK5Ntx9aFvEkh841cFbS4iLILRpRCVShEJ409bIg9pErKsgQe\/even222+nZ5\/lffIo8Bfjjz\/+KPyWP\/\/8c7k3PE4FiQNDgt3KRh0HHh3KXiJin7rBwQ2jDtyr+E2UufiCv4u\/Hwx832jrpkp740zsiUXdxo8fL1zfjh07JkucEzi18cgjj7CZM2eKbVVU62bhwRhS3Uukuaaa1rSa1Q1xgXdRl\/Cu7GSbcWUiUFBQQD\/\/\/DNVVVXJEmcETm1wUdKiRYuEfSCWeCBIVS+RZtq0lneTLOEa4kPfHHop3LgyAUAoFeJSMR\/plGDzjIhpReyrSnc5Gry3stZtEmPGwSkBstu7idZwoc4YneiPhsErnnvuOTElhUDxvXv3ylJ7gomxrq6OXn311aDGNrdxWZBrKH+U5deIFGAu74CNl8heH79aJqUkcHcVRo62\/wukXKpUey60prm5WRg4\/Jcs8U+6AOfwiooKOnDgAN17772yNDSWGN99991284xTp04VnlZ21nTXkGPJoGB3LIw6FnZeIu0MP4rE1ahj+Xgu2iYLOuK0DroYdUJRUlLCzjvvPPE3iouLxWewdPDgQXmGGrGu26OPPirObWhokCUdsQw4gUHJr7zyChs8eLDMOUe1bhbedVltvURqaTP2tfpFagameP6XThWFMv8vAOOn\/Px8EYaEqBXM78F\/1z89\/PDD8mi9wPjv1FNPpddee02WtMe\/ZQyMCnn88cdFihceCTKMl0iocaUuDM\/3M0p1fhB2hJAzhI6VlpaK+T10366++up26aKLLpJn6AVcF7G+ERz7A7ET47Zt24SlFi+heOGJIGuLMfl\/P1XICeVAmpvq+b\/3U5qCM4D2VE+lEdYY0uP4wEj47LPP6Mknn6T77rtPBPuqwHtecksfsJgVonH8v5udGMGOHTuES2RSUpIsiT0xNur0oylVgY+gnIek+TTO77i2h7WWyuEVUpie8KZ3AbxffAhdqqIZXJzldbI8QVi+fLlw1MYqeqrAwR6tarD0559\/yqPiC1zpsGLgTz\/9JPLhxAhguHK6ykDUiJFkCLBb2aijAfH21BFGGxujTntawpHsPGB0NOpMmDBBrEejQllZmfj7dol3AeXRbcSjbh9\/\/HHr+aEMOIFgYSz+IpK5yFCtm4V3Rp1\/KWsadQ5c6sjhw4dFhIMTMM3An62gCT6mXnD66aeLT3jahGsZLbBsh9shXOEwgowZcK7mXfHi9jOxmf0TI3KmszF06FARjoVxpIoYIVr8HAS6tvHECDJmJFN6RibRl01ybNziIqit5biTA2HBYwdB4wguhyDtEqKG0JrGe7kVI0hXka2iNFAlZxdRCVlW1mxaUFilFEYWLbfddluHKYlIE5ZARJS8ExAmpROWAWfZsmViKUcs5Yl5SQQaw9CD32bJzs5ul3CMFz\/7YAKUA0A85Ny5c5VcrTqCeM7\/UoqMI3QKfC+xEFa08ZBYagIPmRu8\/vrrdMEFF4jlL8OBxb4wR3nw4EHxwKsSi3hIC39rKqymGBOi64oAY3xHpLFjx3aY\/L\/lllvEwlZz5syRJZHhXTykBsTbyhqIWPRJ2eraER2trLBIZmRkyJw9lpX1wIEDskSNWNUt0JpaX18vroE8FwrbunUr4y8a8b3hCoilOmFVRcLiZHC5ixbVulmYLquLJGcv7XQePJgUxwrgTtChy2o3z4jeA1pZrHuE7imW9cQvlq1bt67VQR7LdHiBEaTBFnTbdu7cKXNq8Be93PIGOzECCG\/9+vXiEwHMCxYsoMmTJ9OYMWNax85eTc8YQRpsGTJkCO3Zs0dYJ1Xp2bOnaCWDpVi3POHECCC86667TjjMY\/HjxYsX04YNG0TMpP\/LBN833hijTgCWUccr3DDqhKpbJOC7IK4QvqDl5eWyNDiWUQcGID4WlqXtQesTiFt1CyfGhoYGYdTB\/zFAVxwihDsdXjrYxvkWfAwZd6OOEWQAEKTX6CRIgKiHkSNHUlpaGr399tti6ctgeGllVWkZ8WvXOBf+qWghMZY8++yzWxPymOLB97n77ruF5RW\/eh0NRpBRClJXvBQkePPNN2n8+PEilAmt3KxZs0Q4lj+IDEGEfrwFqSJGizfeeEPM0yKKI9T8an19PeXk5AhDT7SLIjsVJA4MCXb\/26Y9dAXf1+u61dTUMN4CsoEDB2qzYoCqo7g\/mO6A0zyuZzmQI8GJvnfv3mzZsmXyyOhRrZuFEWSCEM1DqzuR1i0SMVocOXKE8d6UECF+YRkpKSmJrV69Wh7hDqp1szBWVkPCAgupSjc1GN26daOysjIaN25c61QHrK3w2vESM4ZMELweQ8YSU7c2wgoS\/wGJhJMbm2iYunXeulmEFWQionJjExVTt8QkXN0sbAVpMBjiizHqGAwaYQRpMGiEEaTBoBFGkAaDRhhBGgwaYQRpMGiEEaTBoA1E\/we6K5tyreN1ZwAAAABJRU5ErkJggg==\" alt=\"\"><span style=\"color: rgb(101, 101, 101);\"><br \/><\/span><\/p>\n<p><\/p>","protected":false},"excerpt":{"rendered":"<p>Tegund:&nbsp;TLWS 03 Rt<\/p>","protected":false},"featured_media":34046,"comment_status":"closed","ping_status":"closed","template":"","meta":[],"product_brand":[],"product_cat":[575,518,546],"product_tag":[851,849],"class_list":{"0":"post-34049","1":"product","2":"type-product","3":"status-publish","4":"has-post-thumbnail","6":"product_cat-bordlampar","7":"product_cat-honnunarlausnir","8":"product_cat-lampar","9":"product_tag-lampadagar","10":"product_tag-tecnolumen","12":"first","13":"instock","14":"taxable","15":"shipping-taxable","16":"purchasable","17":"product-type-simple"},"yoast_head":"<!-- This site is optimized with the Yoast SEO plugin v27.3 - https:\/\/yoast.com\/product\/yoast-seo-wordpress\/ -->\n<title>TECNOLUMEN Bor\u00f0lampi - V\u00e9lar &amp; Verkf\u00e6ri<\/title>\n<meta name=\"robots\" content=\"index, follow, max-snippet:-1, max-image-preview:large, max-video-preview:-1\" \/>\n<link rel=\"canonical\" href=\"https:\/\/velarogverkfaeri.is\/en\/honnunarlausnir\/lampar\/bordlampar\/product\/tecnolumen-bordlampi-krom-raudur\/\" \/>\n<meta property=\"og:locale\" content=\"en_US\" \/>\n<meta property=\"og:type\" content=\"article\" \/>\n<meta property=\"og:title\" content=\"TECNOLUMEN Bor\u00f0lampi - V\u00e9lar &amp; Verkf\u00e6ri\" \/>\n<meta property=\"og:description\" content=\"Tegund:&nbsp;TLWS 03 Rt\" \/>\n<meta property=\"og:url\" content=\"https:\/\/velarogverkfaeri.is\/en\/honnunarlausnir\/lampar\/bordlampar\/product\/tecnolumen-bordlampi-krom-raudur\/\" \/>\n<meta property=\"og:site_name\" content=\"V\u00e9lar &amp; Verkf\u00e6ri\" \/>\n<meta property=\"article:publisher\" content=\"https:\/\/www.facebook.com\/VelarOgVerkfaeri\" \/>\n<meta property=\"article:modified_time\" content=\"2025-12-05T09:01:27+00:00\" \/>\n<meta property=\"og:image\" content=\"https:\/\/velarogverkfaeri.is\/wp-content\/uploads\/2023\/06\/8199cf8a-8cee-45f6-b0d6-ab0f383ca291.jpeg\" \/>\n\t<meta property=\"og:image:width\" content=\"1400\" \/>\n\t<meta property=\"og:image:height\" content=\"1400\" \/>\n\t<meta property=\"og:image:type\" content=\"image\/jpeg\" \/>\n<meta name=\"twitter:card\" content=\"summary_large_image\" \/>\n<script type=\"application\/ld+json\" class=\"yoast-schema-graph\">{\"@context\":\"https:\\\/\\\/schema.org\",\"@graph\":[{\"@type\":\"WebPage\",\"@id\":\"https:\\\/\\\/velarogverkfaeri.is\\\/honnunarlausnir\\\/lampar\\\/bordlampar\\\/product\\\/tecnolumen-bordlampi-krom-raudur\\\/\",\"url\":\"https:\\\/\\\/velarogverkfaeri.is\\\/honnunarlausnir\\\/lampar\\\/bordlampar\\\/product\\\/tecnolumen-bordlampi-krom-raudur\\\/\",\"name\":\"TECNOLUMEN Bor\u00f0lampi - V\u00e9lar &amp; Verkf\u00e6ri\",\"isPartOf\":{\"@id\":\"https:\\\/\\\/velarogverkfaeri.is\\\/en\\\/#website\"},\"primaryImageOfPage\":{\"@id\":\"https:\\\/\\\/velarogverkfaeri.is\\\/honnunarlausnir\\\/lampar\\\/bordlampar\\\/product\\\/tecnolumen-bordlampi-krom-raudur\\\/#primaryimage\"},\"image\":{\"@id\":\"https:\\\/\\\/velarogverkfaeri.is\\\/honnunarlausnir\\\/lampar\\\/bordlampar\\\/product\\\/tecnolumen-bordlampi-krom-raudur\\\/#primaryimage\"},\"thumbnailUrl\":\"https:\\\/\\\/velarogverkfaeri.is\\\/wp-content\\\/uploads\\\/2023\\\/06\\\/8199cf8a-8cee-45f6-b0d6-ab0f383ca291.jpeg\",\"datePublished\":\"2023-04-28T18:06:35+00:00\",\"dateModified\":\"2025-12-05T09:01:27+00:00\",\"breadcrumb\":{\"@id\":\"https:\\\/\\\/velarogverkfaeri.is\\\/honnunarlausnir\\\/lampar\\\/bordlampar\\\/product\\\/tecnolumen-bordlampi-krom-raudur\\\/#breadcrumb\"},\"inLanguage\":\"en-US\",\"potentialAction\":[{\"@type\":\"ReadAction\",\"target\":[\"https:\\\/\\\/velarogverkfaeri.is\\\/honnunarlausnir\\\/lampar\\\/bordlampar\\\/product\\\/tecnolumen-bordlampi-krom-raudur\\\/\"]}]},{\"@type\":\"ImageObject\",\"inLanguage\":\"en-US\",\"@id\":\"https:\\\/\\\/velarogverkfaeri.is\\\/honnunarlausnir\\\/lampar\\\/bordlampar\\\/product\\\/tecnolumen-bordlampi-krom-raudur\\\/#primaryimage\",\"url\":\"https:\\\/\\\/velarogverkfaeri.is\\\/wp-content\\\/uploads\\\/2023\\\/06\\\/8199cf8a-8cee-45f6-b0d6-ab0f383ca291.jpeg\",\"contentUrl\":\"https:\\\/\\\/velarogverkfaeri.is\\\/wp-content\\\/uploads\\\/2023\\\/06\\\/8199cf8a-8cee-45f6-b0d6-ab0f383ca291.jpeg\",\"width\":1400,\"height\":1400},{\"@type\":\"BreadcrumbList\",\"@id\":\"https:\\\/\\\/velarogverkfaeri.is\\\/honnunarlausnir\\\/lampar\\\/bordlampar\\\/product\\\/tecnolumen-bordlampi-krom-raudur\\\/#breadcrumb\",\"itemListElement\":[{\"@type\":\"ListItem\",\"position\":1,\"name\":\"Home\",\"item\":\"https:\\\/\\\/velarogverkfaeri.is\\\/\"},{\"@type\":\"ListItem\",\"position\":2,\"name\":\"Vefverslun\",\"item\":\"https:\\\/\\\/velarogverkfaeri.is\\\/vefverslun\\\/\"},{\"@type\":\"ListItem\",\"position\":3,\"name\":\"TECNOLUMEN Bor\u00f0lampi\"}]},{\"@type\":\"WebSite\",\"@id\":\"https:\\\/\\\/velarogverkfaeri.is\\\/en\\\/#website\",\"url\":\"https:\\\/\\\/velarogverkfaeri.is\\\/en\\\/\",\"name\":\"V\u00e9lar & Verkf\u00e6ri\",\"description\":\"Umbo\u00f0s- og heildverslun fr\u00e1 \u00e1rinu 1919\",\"publisher\":{\"@id\":\"https:\\\/\\\/velarogverkfaeri.is\\\/en\\\/#organization\"},\"potentialAction\":[{\"@type\":\"SearchAction\",\"target\":{\"@type\":\"EntryPoint\",\"urlTemplate\":\"https:\\\/\\\/velarogverkfaeri.is\\\/en\\\/?s={search_term_string}\"},\"query-input\":{\"@type\":\"PropertyValueSpecification\",\"valueRequired\":true,\"valueName\":\"search_term_string\"}}],\"inLanguage\":\"en-US\"},{\"@type\":\"Organization\",\"@id\":\"https:\\\/\\\/velarogverkfaeri.is\\\/en\\\/#organization\",\"name\":\"V\u00e9lar & Verkf\u00e6ri\",\"url\":\"https:\\\/\\\/velarogverkfaeri.is\\\/en\\\/\",\"logo\":{\"@type\":\"ImageObject\",\"inLanguage\":\"en-US\",\"@id\":\"https:\\\/\\\/velarogverkfaeri.is\\\/en\\\/#\\\/schema\\\/logo\\\/image\\\/\",\"url\":\"https:\\\/\\\/velarogverkfaeri.is\\\/wp-content\\\/uploads\\\/2021\\\/10\\\/vv_logo_350x100.png\",\"contentUrl\":\"https:\\\/\\\/velarogverkfaeri.is\\\/wp-content\\\/uploads\\\/2021\\\/10\\\/vv_logo_350x100.png\",\"width\":350,\"height\":100,\"caption\":\"V\u00e9lar & Verkf\u00e6ri\"},\"image\":{\"@id\":\"https:\\\/\\\/velarogverkfaeri.is\\\/en\\\/#\\\/schema\\\/logo\\\/image\\\/\"},\"sameAs\":[\"https:\\\/\\\/www.facebook.com\\\/VelarOgVerkfaeri\"]}]}<\/script>\n<!-- \/ Yoast SEO plugin. -->","yoast_head_json":{"title":"TECNOLUMEN Bor\u00f0lampi - V\u00e9lar &amp; Verkf\u00e6ri","robots":{"index":"index","follow":"follow","max-snippet":"max-snippet:-1","max-image-preview":"max-image-preview:large","max-video-preview":"max-video-preview:-1"},"canonical":"https:\/\/velarogverkfaeri.is\/en\/honnunarlausnir\/lampar\/bordlampar\/product\/tecnolumen-bordlampi-krom-raudur\/","og_locale":"en_US","og_type":"article","og_title":"TECNOLUMEN Bor\u00f0lampi - V\u00e9lar &amp; Verkf\u00e6ri","og_description":"Tegund:&nbsp;TLWS 03 Rt","og_url":"https:\/\/velarogverkfaeri.is\/en\/honnunarlausnir\/lampar\/bordlampar\/product\/tecnolumen-bordlampi-krom-raudur\/","og_site_name":"V\u00e9lar &amp; Verkf\u00e6ri","article_publisher":"https:\/\/www.facebook.com\/VelarOgVerkfaeri","article_modified_time":"2025-12-05T09:01:27+00:00","og_image":[{"width":1400,"height":1400,"url":"https:\/\/velarogverkfaeri.is\/wp-content\/uploads\/2023\/06\/8199cf8a-8cee-45f6-b0d6-ab0f383ca291.jpeg","type":"image\/jpeg"}],"twitter_card":"summary_large_image","schema":{"@context":"https:\/\/schema.org","@graph":[{"@type":"WebPage","@id":"https:\/\/velarogverkfaeri.is\/honnunarlausnir\/lampar\/bordlampar\/product\/tecnolumen-bordlampi-krom-raudur\/","url":"https:\/\/velarogverkfaeri.is\/honnunarlausnir\/lampar\/bordlampar\/product\/tecnolumen-bordlampi-krom-raudur\/","name":"TECNOLUMEN Bor\u00f0lampi - V\u00e9lar &amp; Verkf\u00e6ri","isPartOf":{"@id":"https:\/\/velarogverkfaeri.is\/en\/#website"},"primaryImageOfPage":{"@id":"https:\/\/velarogverkfaeri.is\/honnunarlausnir\/lampar\/bordlampar\/product\/tecnolumen-bordlampi-krom-raudur\/#primaryimage"},"image":{"@id":"https:\/\/velarogverkfaeri.is\/honnunarlausnir\/lampar\/bordlampar\/product\/tecnolumen-bordlampi-krom-raudur\/#primaryimage"},"thumbnailUrl":"https:\/\/velarogverkfaeri.is\/wp-content\/uploads\/2023\/06\/8199cf8a-8cee-45f6-b0d6-ab0f383ca291.jpeg","datePublished":"2023-04-28T18:06:35+00:00","dateModified":"2025-12-05T09:01:27+00:00","breadcrumb":{"@id":"https:\/\/velarogverkfaeri.is\/honnunarlausnir\/lampar\/bordlampar\/product\/tecnolumen-bordlampi-krom-raudur\/#breadcrumb"},"inLanguage":"en-US","potentialAction":[{"@type":"ReadAction","target":["https:\/\/velarogverkfaeri.is\/honnunarlausnir\/lampar\/bordlampar\/product\/tecnolumen-bordlampi-krom-raudur\/"]}]},{"@type":"ImageObject","inLanguage":"en-US","@id":"https:\/\/velarogverkfaeri.is\/honnunarlausnir\/lampar\/bordlampar\/product\/tecnolumen-bordlampi-krom-raudur\/#primaryimage","url":"https:\/\/velarogverkfaeri.is\/wp-content\/uploads\/2023\/06\/8199cf8a-8cee-45f6-b0d6-ab0f383ca291.jpeg","contentUrl":"https:\/\/velarogverkfaeri.is\/wp-content\/uploads\/2023\/06\/8199cf8a-8cee-45f6-b0d6-ab0f383ca291.jpeg","width":1400,"height":1400},{"@type":"BreadcrumbList","@id":"https:\/\/velarogverkfaeri.is\/honnunarlausnir\/lampar\/bordlampar\/product\/tecnolumen-bordlampi-krom-raudur\/#breadcrumb","itemListElement":[{"@type":"ListItem","position":1,"name":"Home","item":"https:\/\/velarogverkfaeri.is\/"},{"@type":"ListItem","position":2,"name":"Vefverslun","item":"https:\/\/velarogverkfaeri.is\/vefverslun\/"},{"@type":"ListItem","position":3,"name":"TECNOLUMEN Bor\u00f0lampi"}]},{"@type":"WebSite","@id":"https:\/\/velarogverkfaeri.is\/en\/#website","url":"https:\/\/velarogverkfaeri.is\/en\/","name":"V\u00e9lar & Verkf\u00e6ri","description":"Umbo\u00f0s- og heildverslun fr\u00e1 \u00e1rinu 1919","publisher":{"@id":"https:\/\/velarogverkfaeri.is\/en\/#organization"},"potentialAction":[{"@type":"SearchAction","target":{"@type":"EntryPoint","urlTemplate":"https:\/\/velarogverkfaeri.is\/en\/?s={search_term_string}"},"query-input":{"@type":"PropertyValueSpecification","valueRequired":true,"valueName":"search_term_string"}}],"inLanguage":"en-US"},{"@type":"Organization","@id":"https:\/\/velarogverkfaeri.is\/en\/#organization","name":"V\u00e9lar & Verkf\u00e6ri","url":"https:\/\/velarogverkfaeri.is\/en\/","logo":{"@type":"ImageObject","inLanguage":"en-US","@id":"https:\/\/velarogverkfaeri.is\/en\/#\/schema\/logo\/image\/","url":"https:\/\/velarogverkfaeri.is\/wp-content\/uploads\/2021\/10\/vv_logo_350x100.png","contentUrl":"https:\/\/velarogverkfaeri.is\/wp-content\/uploads\/2021\/10\/vv_logo_350x100.png","width":350,"height":100,"caption":"V\u00e9lar & Verkf\u00e6ri"},"image":{"@id":"https:\/\/velarogverkfaeri.is\/en\/#\/schema\/logo\/image\/"},"sameAs":["https:\/\/www.facebook.com\/VelarOgVerkfaeri"]}]}},"_links":{"self":[{"href":"https:\/\/velarogverkfaeri.is\/en\/wp-json\/wp\/v2\/product\/34049","targetHints":{"allow":["GET"]}}],"collection":[{"href":"https:\/\/velarogverkfaeri.is\/en\/wp-json\/wp\/v2\/product"}],"about":[{"href":"https:\/\/velarogverkfaeri.is\/en\/wp-json\/wp\/v2\/types\/product"}],"replies":[{"embeddable":true,"href":"https:\/\/velarogverkfaeri.is\/en\/wp-json\/wp\/v2\/comments?post=34049"}],"wp:featuredmedia":[{"embeddable":true,"href":"https:\/\/velarogverkfaeri.is\/en\/wp-json\/wp\/v2\/media\/34046"}],"wp:attachment":[{"href":"https:\/\/velarogverkfaeri.is\/en\/wp-json\/wp\/v2\/media?parent=34049"}],"wp:term":[{"taxonomy":"product_brand","embeddable":true,"href":"https:\/\/velarogverkfaeri.is\/en\/wp-json\/wp\/v2\/product_brand?post=34049"},{"taxonomy":"product_cat","embeddable":true,"href":"https:\/\/velarogverkfaeri.is\/en\/wp-json\/wp\/v2\/product_cat?post=34049"},{"taxonomy":"product_tag","embeddable":true,"href":"https:\/\/velarogverkfaeri.is\/en\/wp-json\/wp\/v2\/product_tag?post=34049"}],"curies":[{"name":"wp","href":"https:\/\/api.w.org\/{rel}","templated":true}]}}