{"id":33534,"date":"2023-04-28T18:04:51","date_gmt":"2023-04-28T18:04:51","guid":{"rendered":"https:\/\/vv-dev.webdev.is\/uncategorized\/product\/tecnolumen-golflampi-wstl30-wagenfeld-honnun-wilhelm-wagenfeld-1930\/"},"modified":"2025-04-25T16:36:47","modified_gmt":"2025-04-25T16:36:47","slug":"tecnolumen-golflampi-wstl30-wagenfeld-honnun-wilhelm-wagenfeld-1930","status":"publish","type":"product","link":"https:\/\/velarogverkfaeri.is\/en\/honnunarlausnir\/lampar\/golflampar\/product\/tecnolumen-golflampi-wstl30-wagenfeld-honnun-wilhelm-wagenfeld-1930\/","title":{"rendered":"TECNOLUMEN Wagenfeld G\u00f3lflampi"},"content":{"rendered":"<p>&nbsp;H\u00f6nnun: Wilhelm Wagenfeld 1930<\/p>\n<p>Wilhelm Wagenfeld bj\u00f3 til \u00feennan g\u00f3lflampa \u00e1 s\u00ednum t\u00edma \u00ed Bauhaus sk\u00f3lanum. Fagurfr\u00e6\u00f0ileg l\u00edkindi \u00feeirra vi\u00f0 bor\u00f0lampana sem b\u00fanir voru til \u00ed Bauhaus, afhj\u00fapar st\u00f6\u00f0ugar tilraunir Wagenfelds og leit hans a\u00f0 endanlegri h\u00f6nnun.<\/p>\n<p>\u00de\u00f3 a\u00f0 lampinn hafi upphaflega veri\u00f0 me\u00f0 Cellon skugga er efni\u00f0 ekki lengur leyfilegt af \u00f6ryggis\u00e1st\u00e6\u00f0um og \u00fev\u00ed er n\u00fat\u00edma l\u00edkani\u00f0 okkar b\u00fai\u00f0 til me\u00f0 hita\u00feolnari gervihl\u00edf sem er kl\u00e6ddur efni.<\/p>\n<p>G\u00f3lflampinn er \u00far nikkelh\u00fa\u00f0u\u00f0um m\u00e1lmi, svartl\u00f6kku\u00f0um grunni og pappaskuggi me\u00f0 beinum botnskugga.<\/p>\n<p>Hver lampi er n\u00famera\u00f0ur \u00ed r\u00f6\u00f0 og ber TECNOLUMEN innsigli\u00f0.<\/p>\n<p><img decoding=\"async\" src=\"data:image\/png;base64,iVBORw0KGgoAAAANSUhEUgAAAOIAAAA7CAYAAABmIVYwAAAAAXNSR0IArs4c6QAAAARnQU1BAACxjwv8YQUAAAAJcEhZcwAADsMAAA7DAcdvqGQAAABfaVRYdFNuaXBNZXRhZGF0YQAAAAAAeyJjbGlwUG9pbnRzIjpbeyJ4IjowLCJ5IjowfSx7IngiOjIyNiwieSI6MH0seyJ4IjoyMjYsInkiOjU5fSx7IngiOjAsInkiOjU5fV193V52VgAADc5JREFUeF7tnXlwFMUXxx8o4ImiBgp\/JOJBgcghUICVFHhhVVIREyhBLIvyHwJGIVER8QAVwaCgQhLUn1BQalRSoCZBI6ggWL8CJbKhMFG8jRsOJYolKIeg\/etvpye72czO9uzO7szG\/lQ1O9PTM9nHzJt+\/fq93g6MQxqNxlU6yk+NRuMiWhE1Gg+gFVGj8QBaETUaD6AVUaPxAJZe0w4dOsit5CKSIzhZ5QJatuQkomy8gaUifvPNN3IvOejTp4\/SDU02uYCWrf3KhgZhweEff\/xR7nkffNcIIgnQht9QuZcc4Ptq2dqvbHqM6AB\/\/\/031dTU0JYtW1rKp59+Kuo1GhW0IkZJQ0MDPfDAA5SVlUXnnXcejRw5kq699tqWMmLECLrgggvoxhtvpAcffFC012jCoRXRJsePH6eZM2dS37596amnnqLvvvuOJk6cSI8++igtX76cqqurxSf2b775Zvrqq6\/oySefFO1nz55Nx44dk1fSuMUff\/xBa9asoTvvvJOGDh1KXbp0odTUVMrIyBD39JdffpEt7XPTTTfRt99+K\/dsIE1UU3BYjxED\/PXXX+yGG24Q5+fl5bFNmzbJI9Zs3LhRtMd5OJ+brPKIOnocFbtsP\/zwA5s0aRLr3Lkz4xYMmz9\/PisrK2Pvv\/8+W7VqFZs7dy4bMmQIO\/XUU8X9OnjwoDxTjbFjx7L09HT222+\/yRobsslPU3ABrYgBFi5cKM4tKiqSNfbAeTh\/yZIlskYd5x\/WHawk9T8sVZaplQdkfQi+4pY2EdtGifOytebkyZOMDyPY6aefzvLz8xm3YuQRc77\/\/ns2ZcoU1qNHD1ZeXi5rrTFTQqAsm\/w0BRfQihhg8ODBbPjw4XIvOnA+3sZ2cfph3bGUK9UdFUyo1L4KNpUrWIlPHGqNUMQprGKf3I8DTssWDDcz2dVXX80GDRrE\/H6\/rFVj586drH\/\/\/qywsNDSigmnhEBVNj1GtMFpp51GKSkpci86unXrJrfcpIkav+Qf\/VJJSNMzg7Kyieobm7DXbjhx4gTxoQD9\/vvvwpONcaAdrrzyStq6dStt27aNsrOz6Z9\/\/pFHAmBM+OuvvwrfwLnnnitr7aMV0QZ8fEHvvvsubdiwQdbY45VXXiE+HhHXcZcUyn1hD\/kLh8l9PzVWy00bNFXlUVp+CZXm96K0NJQ8qqytpGlim5f8Sq7y7jFr1izhePnggw+ifgFCuTZv3kx79uyhxx57TNY245QSCmTPaAoOa9M0QLCz5vnnn2dHjx6VR6zhN5HNmzdPnIfzcR27xNN8M8aB4U3T4DFiwEw9UDklaP8Aq7gjyNyVY1DTa4YQD9l27dol2qs61CKxe\/duxi2ilr9vZY4Goyqb7hFt0KlTJ1q3bp14095999109tlnU2ZmJr366qvirfn1118L1\/gXX3xB7733Hq1YsYJGjx5NvXr1okWLFtGcOXPo7bffFtfxDj4qzV1ElL2MJg2VVW3IopLtvAf176GKmeupYI1P1nO4yZbRExsplNqPt8zMaDZ3KY1SubnrFkVFRTRq1Ci67rrrZE1s9OvXj6ZNmyamohztCQ2kQpqCw7pHNAeetzPOOIP16dOH8Zshrhlaunbtyq644gpxnCuoPDM64tFrAOG0seGMEb2g7PWCtwGuFfCoNveQbvSIx48fF1MQzz33nKxxhoaGBnbKKaewq666KmJPaKAqm+4Ro+SSSy4RPeKtt94qxiEff\/wxvfTSS7Rw4ULx+cknn9DBgwdp\/Pjxwslz5plnyjM9RG0JjXuG92KlRZQrejVFqv18VOldGhsb6eTJkzRw4EBZ4wwzZsygjh070tNPP+1cTyjRiugA\/C1J\/C1Jt99+uwh7wydC3lDvXQIm6YKc8J5g4ZBJK+Gtg8hO44and4GXFDj58jPM0QsvvDAu9zViGhQ39\/iN8PJ\/ewC\/308XXXQR7ABZY46RTnPZZZfJmgD33HOP3IqMz+ejHj16iDFgOPB2PnDgAA0bZngoI7NkyRK5FQBhU3ZShcxkC8ZX3Iv3hvdThb+ALL\/Z\/kqaNrKasravEL2mOI+qhMcVSjpsQzb5XsgV40IcW957J70oFLuJKvOHUGPeHpoRduzZjNOy4Znt3bs3vfnmm8IiiZXgMWHPnj3F\/YQ1pIKybLyBM4rIzZw0vGFDmFVpdiP42zgthxbLvaxS4+a1rjcwv0ZbnFBEPu5z9cUDGY4cOSL3Ajj7sDYrSUHolAXvHaFUBAWbQVQilU8o3Iz1slFAeb2qiKB79+40efJkeuYZbnvHQLAS7t27V8QVf\/755\/JoZFRlQ4Ow4LCys8ZGBIZyVIc4pu5IcMJZgzAofvPkXmLB38XfNwPfN1bZVGntdIk\/8ZBtwoQJIkTtxIkTssY+oVMUDz\/8MJszZ47YVkVVNhfGiOpRHU011bS+xT2uSQjcFF3OTdapFuPGZKCwsJB+\/vlnqqqqkjX2CJ2i4MpIS5cuFeP\/eOCCIqpGdTTR1g3cHDIUVpMYeubSi5HGjUkAUpqQF4r5RLuYzRMipxS5pypmcTS47zWt3SrGhANSQ9Rt\/1ZazxV01qhkfyQ0bvHss8+KqSUkaO\/fv1\/WWmOmhLW1tfTaa6+ZOtGcwmFFXE8FI424Q5QQt3cbLKI69vv51bIo1WtmKbyILfIZJY8qTe4znBcq7ZKNpqYm4bgIXhokuHgFBG1XVFTQoUOH6N5775W14TGU8J133mk1Tzh9+nQRGWXlHY8ZOVY0BYfj4awxsIrqaOXQUcQVZ42Qu5jtkLvB2JXBK86acJSUlLCLL75Y\/I3i4mLxaVYOHz4sz1Aj3rI98sgj4tz6+npZ0xbDMROaDPzyyy+zAQMGyD37qMrmnmlqGdXho2041hK36F18\/+M9+syMpB9TRQLjo4KCApEOhCwSzM8hvja4PPTQQ7K1t8D47qyzzqLXX39d1rQmuCcMzdJ4\/PHHRYk3LilihKiOcONGzyFfGL2TI+AhWpD+g9QvpHCVlpaK+TmYaddcc02rcvnll8szvAVCDLF+EALuQ7FSwh07dgjPK14+8cYVRfQVY9L+fqqQE8GhNDXW8X\/vp3SFSXxXES+MLMoaYfHCqJ5Ow4wxosv5edHw2Wef0RNPPEH33XefSLJVgVtacss7YJEoZMcEfzcrJQS7du0SoYudO3eWNfEjzs6aXjStKvTRk\/OItIjGBbULPKQ+KkcURxKYe80vjIHWDiVEq\/iRQlRFs7hSltfK+iRh1apVIoAaq9KpgsB39KJm5c8\/\/5StEgtC3rAC308\/\/ST2IykhgEPKblZ\/1IiRYhhwWNlZ4wES66yRibBLzdw0ZjS3t4pY8aKzZuLEiWK9FxXKysrE37cq3NSTrQMkQraPPvqo5fxwjplQsOAUfwHJvehQlc09Z02yE+U85\/oGLycQteXo0aMi48AOmC7gz5ZpQQyoG5xzzjniE5ExkXpCAyyP4XQqVTi0IkaJCL+znOdE0DM3uYtbz6S2d8eOVxk8eLBIi8I4UUUJoaz42QSYsIlAK2KU+Bv4ONYyDjaFMjKziL5slGPf5lA+73uC2ydQKETYIFkbSd1QRKuCLB70nola1kQrYjSIwGizeU7ZC0rHU0pOEZWQ4TXNocUzq5TSuWLltttuazO1EG3BUoLISrcD0pW8hOGYWblypVgSEUtiYl4RCb5w4OC3S3JycloVtEnkzyPoxOAQkI+4YMECpZCotiCf8r+UKvP47ILYSCwwFWs+IpZ0wMPlBKtXr6ZLL71ULCMZCSyihTnGw4cPiwddlXjkIxoEe0fhBcWYDyYqEnvxHVHGjh3bZtL+lltuEQtGzZs3T9ZER+LzET2AKyFuQYjFlJS9qG3xotcUHsbMzEy5Z43hNT106JCsUSNesoV6R+vq6sQ1sM8VhG3fvp3xF4z43gjZw5KX8JKiYNEvhMbFiqps2jR1kJScFUHpXe0DTGZjxWw7eME0tZonhLWAXhXrCsEMxfKY+AWvjRs3tgSuYzmMRKIVUWMJzLPdu3fLPTX4C15uuYOVEgIo3KZNm8QnEocXL15MU6dOpTFjxrSMjRM9zaIVUWPJoEGDaN++fcLbqErXrl1Fr2hW4t3TRFJCAIW7\/vrrRSA7Fg1etmwZffjhhyJnMfglgu+bKLSzJgTDWeMWTjhrwskWDfguyOtDrGZ5ebmsNcdw1sCxw8e6srY16G1CcUq2SEpYX18vnDX4PwYwuaF8CHvDywbbON+AjxET5qzRihgCFNFtvKSIAFkIw4cPp\/T0dHrrrbfEEpJmuOk1VekJ8evOOBfxo+gRMVY8\/\/zzWwr2MVWD73PXXXcJTyp+5TkWtCJaEI+HNd64qYjgjTfeoAkTJoiUIvRqc+fOFWlRwSBTAxnxiVZEFSU0WLt2rZhnRVZFuPnRuro6ys3NFQ6cWBcTVpUNDcKCw\/+26Quvgu\/rtmw1NTWM93isb9++nsnQVw3gDgbTFghmx\/WMwG4UBLd3796drVy5UraMHWXZ5KcpuIBWRG8Qy8PqdaKVLRolNDh27Bjj1pNQPvyiMAp+W3\/dunWyhTOoyqa9ppqkBR5PFXPUjC5dulBZWRmNGzeuZcoC3lNE2biCVEhTcFj3iN4g2l4jGdCyMRbRWcMvJPeSAzuD\/mRDy9aOZeMNLBUxGVG5ocmKli05iSgbb2DdQqPRxB3trNFoPIBWRI3GA2hF1Gg8gFZEjcYDaEXUaFyH6P9EQuIpQvbyUgAAAABJRU5ErkJggg==\" alt=\"\"><\/p>\n<p><\/p>\n<p><\/p>","protected":false},"excerpt":{"rendered":"<p>Tegund:&nbsp;WSTL30&nbsp;<\/p>\n<p>ATH a\u00f0eins 1stk eftir \u00e1 lager<\/p>","protected":false},"featured_media":33532,"comment_status":"closed","ping_status":"closed","template":"","meta":[],"product_brand":[],"product_cat":[576,518,546],"product_tag":[849],"class_list":{"0":"post-33534","1":"product","2":"type-product","3":"status-publish","4":"has-post-thumbnail","6":"product_cat-golflampar","7":"product_cat-honnunarlausnir","8":"product_cat-lampar","9":"product_tag-tecnolumen","11":"first","12":"instock","13":"taxable","14":"shipping-taxable","15":"purchasable","16":"product-type-simple"},"yoast_head":"<!-- This site is optimized with the Yoast SEO plugin v27.3 - https:\/\/yoast.com\/product\/yoast-seo-wordpress\/ -->\n<title>TECNOLUMEN Wagenfeld G\u00f3lflampi - V\u00e9lar &amp; Verkf\u00e6ri<\/title>\n<meta name=\"robots\" content=\"index, follow, max-snippet:-1, max-image-preview:large, max-video-preview:-1\" \/>\n<link rel=\"canonical\" href=\"https:\/\/velarogverkfaeri.is\/en\/honnunarlausnir\/lampar\/golflampar\/product\/tecnolumen-golflampi-wstl30-wagenfeld-honnun-wilhelm-wagenfeld-1930\/\" \/>\n<meta property=\"og:locale\" content=\"en_US\" \/>\n<meta property=\"og:type\" content=\"article\" \/>\n<meta property=\"og:title\" content=\"TECNOLUMEN Wagenfeld G\u00f3lflampi - V\u00e9lar &amp; Verkf\u00e6ri\" \/>\n<meta property=\"og:description\" content=\"Tegund:&nbsp;WSTL30&nbsp;ATH a\u00f0eins 1stk eftir \u00e1 lager\" \/>\n<meta property=\"og:url\" content=\"https:\/\/velarogverkfaeri.is\/en\/honnunarlausnir\/lampar\/golflampar\/product\/tecnolumen-golflampi-wstl30-wagenfeld-honnun-wilhelm-wagenfeld-1930\/\" \/>\n<meta property=\"og:site_name\" content=\"V\u00e9lar &amp; Verkf\u00e6ri\" \/>\n<meta property=\"article:publisher\" content=\"https:\/\/www.facebook.com\/VelarOgVerkfaeri\" \/>\n<meta property=\"article:modified_time\" content=\"2025-04-25T16:36:47+00:00\" \/>\n<meta property=\"og:image\" content=\"https:\/\/velarogverkfaeri.is\/wp-content\/uploads\/2023\/06\/3d6dc0d7-1d67-46ac-b682-6d76269df22c.jpeg\" \/>\n\t<meta property=\"og:image:width\" content=\"1217\" \/>\n\t<meta property=\"og:image:height\" content=\"2000\" \/>\n\t<meta property=\"og:image:type\" content=\"image\/jpeg\" \/>\n<meta name=\"twitter:card\" content=\"summary_large_image\" \/>\n<meta name=\"twitter:label1\" content=\"Est. reading time\" \/>\n\t<meta name=\"twitter:data1\" content=\"1 minute\" \/>\n<script type=\"application\/ld+json\" class=\"yoast-schema-graph\">{\"@context\":\"https:\\\/\\\/schema.org\",\"@graph\":[{\"@type\":\"WebPage\",\"@id\":\"https:\\\/\\\/velarogverkfaeri.is\\\/honnunarlausnir\\\/lampar\\\/golflampar\\\/product\\\/tecnolumen-golflampi-wstl30-wagenfeld-honnun-wilhelm-wagenfeld-1930\\\/\",\"url\":\"https:\\\/\\\/velarogverkfaeri.is\\\/honnunarlausnir\\\/lampar\\\/golflampar\\\/product\\\/tecnolumen-golflampi-wstl30-wagenfeld-honnun-wilhelm-wagenfeld-1930\\\/\",\"name\":\"TECNOLUMEN Wagenfeld G\u00f3lflampi - V\u00e9lar &amp; Verkf\u00e6ri\",\"isPartOf\":{\"@id\":\"https:\\\/\\\/velarogverkfaeri.is\\\/en\\\/#website\"},\"primaryImageOfPage\":{\"@id\":\"https:\\\/\\\/velarogverkfaeri.is\\\/honnunarlausnir\\\/lampar\\\/golflampar\\\/product\\\/tecnolumen-golflampi-wstl30-wagenfeld-honnun-wilhelm-wagenfeld-1930\\\/#primaryimage\"},\"image\":{\"@id\":\"https:\\\/\\\/velarogverkfaeri.is\\\/honnunarlausnir\\\/lampar\\\/golflampar\\\/product\\\/tecnolumen-golflampi-wstl30-wagenfeld-honnun-wilhelm-wagenfeld-1930\\\/#primaryimage\"},\"thumbnailUrl\":\"https:\\\/\\\/velarogverkfaeri.is\\\/wp-content\\\/uploads\\\/2023\\\/06\\\/3d6dc0d7-1d67-46ac-b682-6d76269df22c.jpeg\",\"datePublished\":\"2023-04-28T18:04:51+00:00\",\"dateModified\":\"2025-04-25T16:36:47+00:00\",\"breadcrumb\":{\"@id\":\"https:\\\/\\\/velarogverkfaeri.is\\\/honnunarlausnir\\\/lampar\\\/golflampar\\\/product\\\/tecnolumen-golflampi-wstl30-wagenfeld-honnun-wilhelm-wagenfeld-1930\\\/#breadcrumb\"},\"inLanguage\":\"en-US\",\"potentialAction\":[{\"@type\":\"ReadAction\",\"target\":[\"https:\\\/\\\/velarogverkfaeri.is\\\/honnunarlausnir\\\/lampar\\\/golflampar\\\/product\\\/tecnolumen-golflampi-wstl30-wagenfeld-honnun-wilhelm-wagenfeld-1930\\\/\"]}]},{\"@type\":\"ImageObject\",\"inLanguage\":\"en-US\",\"@id\":\"https:\\\/\\\/velarogverkfaeri.is\\\/honnunarlausnir\\\/lampar\\\/golflampar\\\/product\\\/tecnolumen-golflampi-wstl30-wagenfeld-honnun-wilhelm-wagenfeld-1930\\\/#primaryimage\",\"url\":\"https:\\\/\\\/velarogverkfaeri.is\\\/wp-content\\\/uploads\\\/2023\\\/06\\\/3d6dc0d7-1d67-46ac-b682-6d76269df22c.jpeg\",\"contentUrl\":\"https:\\\/\\\/velarogverkfaeri.is\\\/wp-content\\\/uploads\\\/2023\\\/06\\\/3d6dc0d7-1d67-46ac-b682-6d76269df22c.jpeg\",\"width\":1217,\"height\":2000},{\"@type\":\"BreadcrumbList\",\"@id\":\"https:\\\/\\\/velarogverkfaeri.is\\\/honnunarlausnir\\\/lampar\\\/golflampar\\\/product\\\/tecnolumen-golflampi-wstl30-wagenfeld-honnun-wilhelm-wagenfeld-1930\\\/#breadcrumb\",\"itemListElement\":[{\"@type\":\"ListItem\",\"position\":1,\"name\":\"Home\",\"item\":\"https:\\\/\\\/velarogverkfaeri.is\\\/\"},{\"@type\":\"ListItem\",\"position\":2,\"name\":\"Vefverslun\",\"item\":\"https:\\\/\\\/velarogverkfaeri.is\\\/vefverslun\\\/\"},{\"@type\":\"ListItem\",\"position\":3,\"name\":\"TECNOLUMEN Wagenfeld G\u00f3lflampi\"}]},{\"@type\":\"WebSite\",\"@id\":\"https:\\\/\\\/velarogverkfaeri.is\\\/en\\\/#website\",\"url\":\"https:\\\/\\\/velarogverkfaeri.is\\\/en\\\/\",\"name\":\"V\u00e9lar & Verkf\u00e6ri\",\"description\":\"Umbo\u00f0s- og heildverslun fr\u00e1 \u00e1rinu 1919\",\"publisher\":{\"@id\":\"https:\\\/\\\/velarogverkfaeri.is\\\/en\\\/#organization\"},\"potentialAction\":[{\"@type\":\"SearchAction\",\"target\":{\"@type\":\"EntryPoint\",\"urlTemplate\":\"https:\\\/\\\/velarogverkfaeri.is\\\/en\\\/?s={search_term_string}\"},\"query-input\":{\"@type\":\"PropertyValueSpecification\",\"valueRequired\":true,\"valueName\":\"search_term_string\"}}],\"inLanguage\":\"en-US\"},{\"@type\":\"Organization\",\"@id\":\"https:\\\/\\\/velarogverkfaeri.is\\\/en\\\/#organization\",\"name\":\"V\u00e9lar & Verkf\u00e6ri\",\"url\":\"https:\\\/\\\/velarogverkfaeri.is\\\/en\\\/\",\"logo\":{\"@type\":\"ImageObject\",\"inLanguage\":\"en-US\",\"@id\":\"https:\\\/\\\/velarogverkfaeri.is\\\/en\\\/#\\\/schema\\\/logo\\\/image\\\/\",\"url\":\"https:\\\/\\\/velarogverkfaeri.is\\\/wp-content\\\/uploads\\\/2021\\\/10\\\/vv_logo_350x100.png\",\"contentUrl\":\"https:\\\/\\\/velarogverkfaeri.is\\\/wp-content\\\/uploads\\\/2021\\\/10\\\/vv_logo_350x100.png\",\"width\":350,\"height\":100,\"caption\":\"V\u00e9lar & Verkf\u00e6ri\"},\"image\":{\"@id\":\"https:\\\/\\\/velarogverkfaeri.is\\\/en\\\/#\\\/schema\\\/logo\\\/image\\\/\"},\"sameAs\":[\"https:\\\/\\\/www.facebook.com\\\/VelarOgVerkfaeri\"]}]}<\/script>\n<!-- \/ Yoast SEO plugin. -->","yoast_head_json":{"title":"TECNOLUMEN Wagenfeld G\u00f3lflampi - V\u00e9lar &amp; Verkf\u00e6ri","robots":{"index":"index","follow":"follow","max-snippet":"max-snippet:-1","max-image-preview":"max-image-preview:large","max-video-preview":"max-video-preview:-1"},"canonical":"https:\/\/velarogverkfaeri.is\/en\/honnunarlausnir\/lampar\/golflampar\/product\/tecnolumen-golflampi-wstl30-wagenfeld-honnun-wilhelm-wagenfeld-1930\/","og_locale":"en_US","og_type":"article","og_title":"TECNOLUMEN Wagenfeld G\u00f3lflampi - V\u00e9lar &amp; Verkf\u00e6ri","og_description":"Tegund:&nbsp;WSTL30&nbsp;ATH a\u00f0eins 1stk eftir \u00e1 lager","og_url":"https:\/\/velarogverkfaeri.is\/en\/honnunarlausnir\/lampar\/golflampar\/product\/tecnolumen-golflampi-wstl30-wagenfeld-honnun-wilhelm-wagenfeld-1930\/","og_site_name":"V\u00e9lar &amp; Verkf\u00e6ri","article_publisher":"https:\/\/www.facebook.com\/VelarOgVerkfaeri","article_modified_time":"2025-04-25T16:36:47+00:00","og_image":[{"width":1217,"height":2000,"url":"https:\/\/velarogverkfaeri.is\/wp-content\/uploads\/2023\/06\/3d6dc0d7-1d67-46ac-b682-6d76269df22c.jpeg","type":"image\/jpeg"}],"twitter_card":"summary_large_image","twitter_misc":{"Est. reading time":"1 minute"},"schema":{"@context":"https:\/\/schema.org","@graph":[{"@type":"WebPage","@id":"https:\/\/velarogverkfaeri.is\/honnunarlausnir\/lampar\/golflampar\/product\/tecnolumen-golflampi-wstl30-wagenfeld-honnun-wilhelm-wagenfeld-1930\/","url":"https:\/\/velarogverkfaeri.is\/honnunarlausnir\/lampar\/golflampar\/product\/tecnolumen-golflampi-wstl30-wagenfeld-honnun-wilhelm-wagenfeld-1930\/","name":"TECNOLUMEN Wagenfeld G\u00f3lflampi - V\u00e9lar &amp; Verkf\u00e6ri","isPartOf":{"@id":"https:\/\/velarogverkfaeri.is\/en\/#website"},"primaryImageOfPage":{"@id":"https:\/\/velarogverkfaeri.is\/honnunarlausnir\/lampar\/golflampar\/product\/tecnolumen-golflampi-wstl30-wagenfeld-honnun-wilhelm-wagenfeld-1930\/#primaryimage"},"image":{"@id":"https:\/\/velarogverkfaeri.is\/honnunarlausnir\/lampar\/golflampar\/product\/tecnolumen-golflampi-wstl30-wagenfeld-honnun-wilhelm-wagenfeld-1930\/#primaryimage"},"thumbnailUrl":"https:\/\/velarogverkfaeri.is\/wp-content\/uploads\/2023\/06\/3d6dc0d7-1d67-46ac-b682-6d76269df22c.jpeg","datePublished":"2023-04-28T18:04:51+00:00","dateModified":"2025-04-25T16:36:47+00:00","breadcrumb":{"@id":"https:\/\/velarogverkfaeri.is\/honnunarlausnir\/lampar\/golflampar\/product\/tecnolumen-golflampi-wstl30-wagenfeld-honnun-wilhelm-wagenfeld-1930\/#breadcrumb"},"inLanguage":"en-US","potentialAction":[{"@type":"ReadAction","target":["https:\/\/velarogverkfaeri.is\/honnunarlausnir\/lampar\/golflampar\/product\/tecnolumen-golflampi-wstl30-wagenfeld-honnun-wilhelm-wagenfeld-1930\/"]}]},{"@type":"ImageObject","inLanguage":"en-US","@id":"https:\/\/velarogverkfaeri.is\/honnunarlausnir\/lampar\/golflampar\/product\/tecnolumen-golflampi-wstl30-wagenfeld-honnun-wilhelm-wagenfeld-1930\/#primaryimage","url":"https:\/\/velarogverkfaeri.is\/wp-content\/uploads\/2023\/06\/3d6dc0d7-1d67-46ac-b682-6d76269df22c.jpeg","contentUrl":"https:\/\/velarogverkfaeri.is\/wp-content\/uploads\/2023\/06\/3d6dc0d7-1d67-46ac-b682-6d76269df22c.jpeg","width":1217,"height":2000},{"@type":"BreadcrumbList","@id":"https:\/\/velarogverkfaeri.is\/honnunarlausnir\/lampar\/golflampar\/product\/tecnolumen-golflampi-wstl30-wagenfeld-honnun-wilhelm-wagenfeld-1930\/#breadcrumb","itemListElement":[{"@type":"ListItem","position":1,"name":"Home","item":"https:\/\/velarogverkfaeri.is\/"},{"@type":"ListItem","position":2,"name":"Vefverslun","item":"https:\/\/velarogverkfaeri.is\/vefverslun\/"},{"@type":"ListItem","position":3,"name":"TECNOLUMEN Wagenfeld G\u00f3lflampi"}]},{"@type":"WebSite","@id":"https:\/\/velarogverkfaeri.is\/en\/#website","url":"https:\/\/velarogverkfaeri.is\/en\/","name":"V\u00e9lar & Verkf\u00e6ri","description":"Umbo\u00f0s- og heildverslun fr\u00e1 \u00e1rinu 1919","publisher":{"@id":"https:\/\/velarogverkfaeri.is\/en\/#organization"},"potentialAction":[{"@type":"SearchAction","target":{"@type":"EntryPoint","urlTemplate":"https:\/\/velarogverkfaeri.is\/en\/?s={search_term_string}"},"query-input":{"@type":"PropertyValueSpecification","valueRequired":true,"valueName":"search_term_string"}}],"inLanguage":"en-US"},{"@type":"Organization","@id":"https:\/\/velarogverkfaeri.is\/en\/#organization","name":"V\u00e9lar & Verkf\u00e6ri","url":"https:\/\/velarogverkfaeri.is\/en\/","logo":{"@type":"ImageObject","inLanguage":"en-US","@id":"https:\/\/velarogverkfaeri.is\/en\/#\/schema\/logo\/image\/","url":"https:\/\/velarogverkfaeri.is\/wp-content\/uploads\/2021\/10\/vv_logo_350x100.png","contentUrl":"https:\/\/velarogverkfaeri.is\/wp-content\/uploads\/2021\/10\/vv_logo_350x100.png","width":350,"height":100,"caption":"V\u00e9lar & Verkf\u00e6ri"},"image":{"@id":"https:\/\/velarogverkfaeri.is\/en\/#\/schema\/logo\/image\/"},"sameAs":["https:\/\/www.facebook.com\/VelarOgVerkfaeri"]}]}},"_links":{"self":[{"href":"https:\/\/velarogverkfaeri.is\/en\/wp-json\/wp\/v2\/product\/33534","targetHints":{"allow":["GET"]}}],"collection":[{"href":"https:\/\/velarogverkfaeri.is\/en\/wp-json\/wp\/v2\/product"}],"about":[{"href":"https:\/\/velarogverkfaeri.is\/en\/wp-json\/wp\/v2\/types\/product"}],"replies":[{"embeddable":true,"href":"https:\/\/velarogverkfaeri.is\/en\/wp-json\/wp\/v2\/comments?post=33534"}],"wp:featuredmedia":[{"embeddable":true,"href":"https:\/\/velarogverkfaeri.is\/en\/wp-json\/wp\/v2\/media\/33532"}],"wp:attachment":[{"href":"https:\/\/velarogverkfaeri.is\/en\/wp-json\/wp\/v2\/media?parent=33534"}],"wp:term":[{"taxonomy":"product_brand","embeddable":true,"href":"https:\/\/velarogverkfaeri.is\/en\/wp-json\/wp\/v2\/product_brand?post=33534"},{"taxonomy":"product_cat","embeddable":true,"href":"https:\/\/velarogverkfaeri.is\/en\/wp-json\/wp\/v2\/product_cat?post=33534"},{"taxonomy":"product_tag","embeddable":true,"href":"https:\/\/velarogverkfaeri.is\/en\/wp-json\/wp\/v2\/product_tag?post=33534"}],"curies":[{"name":"wp","href":"https:\/\/api.w.org\/{rel}","templated":true}]}}