{"id":33317,"date":"2023-04-28T18:04:07","date_gmt":"2023-04-28T18:04:07","guid":{"rendered":"https:\/\/vv-dev.webdev.is\/uncategorized\/product\/tecnolumen-vegglampi-msw27-matt-nikkel-honnun-mart-stam-1927\/"},"modified":"2025-04-25T16:33:47","modified_gmt":"2025-04-25T16:33:47","slug":"tecnolumen-vegglampi-msw27-matt-nikkel-honnun-mart-stam-1927","status":"publish","type":"product","link":"https:\/\/velarogverkfaeri.is\/en\/honnunarlausnir\/lampar\/vegglampar\/product\/tecnolumen-vegglampi-msw27-matt-nikkel-honnun-mart-stam-1927\/","title":{"rendered":"TECNOLUMEN Bauhaus Vegglampi"},"content":{"rendered":"<p>H\u00f6nnun: Mart Stam 1927<\/p>\n<p>\u00de\u00f3 Mart Stam hafi veri\u00f0 einn mikilv\u00e6gasti arkitekt n\u00fat\u00edmans, er hann oft a\u00f0eins tengdur vi\u00f0 fr\u00e6ga cantilever st\u00f3linn sinn. Stam var \u00fe\u00f3 einnig einn af fremstu hugsu\u00f0um \u00ed h\u00fasn\u00e6\u00f0is\u00fer\u00f3un, \u00fear sem honum t\u00f3kst a\u00f0 sameina f\u00e9lagslegar og fagurfr\u00e6\u00f0ilegar \u00e1hyggjur. Hreyfing hans \u00e1 innanh\u00fassh\u00f6nnun endurspeglast ekki a\u00f0eins \u00ed fr\u00e6ga st\u00f3lnum hans heldur l\u00edka \u00feessum f\u00edna vegglampa \u00far nikkelh\u00fa\u00f0u\u00f0um m\u00e1lmi.<\/p>\n<p>Litur: Matt Nikkel<\/p>\n<p><img decoding=\"async\" src=\"data:image\/png;base64,iVBORw0KGgoAAAANSUhEUgAAAOcAAAA+CAYAAADQxQzHAAAAAXNSR0IArs4c6QAAAARnQU1BAACxjwv8YQUAAAAJcEhZcwAADsMAAA7DAcdvqGQAAABfaVRYdFNuaXBNZXRhZGF0YQAAAAAAeyJjbGlwUG9pbnRzIjpbeyJ4IjowLCJ5IjowfSx7IngiOjIzMSwieSI6MH0seyJ4IjoyMzEsInkiOjYyfSx7IngiOjAsInkiOjYyfV19aLNZ9QAAEAxJREFUeF7tnQlwFEUXxx+i4oGgIMiVQClXAYKCHCbiiSURNcED+ErFkjslBK+gIqIcYhUUQhJUBKFURKlPrSQFGKQQLT9uCIhAiQqoJBIleIECitpf\/992bzabPWZ2Z2cnVP+qOrvT0zM7nZnX\/V6\/1z11hIQMBoPnOEN9GgwGj2GE02DwKEY4DQaPYoTTYPAoRjgNBo9ihNNg8ChGOA0Gj2LZz1mnTh31rXYRrXq1tV7A1K12YlHk7Ann119\/rbZqB+3atbN0k2tbvYCp2+lbN40t4fzuu+8oNTVV5XibgwcPUuvWrS3f5LZt26oc77Nv3z5bD7CpmzewWjeNsTkd5p9\/\/qEtW7bQJ5984k9bt27lfIPBDkY4HeDbb7+lJ598kjIyMqhRo0bUu3dvuuGGG\/ypV69edPHFF9Ntt91GTz31FJc3GKJh1No41KM\/\/\/yTJk6cSPPmzaO\/\/vqLVZbrrruOWrZs6U\/ff\/+9P6EXhWpz9tln08MPP0xTpkyhc845R53NOslQ\/f7++2+uw\/Hjx+nEiRN08uRJOvPMM\/n6zz33XLrooou4AYoXt+v2+++\/0wcffMD3ZtOmTbRnzx5q2rQpP+d33HEHDR8+POZ64fgXX3zRf4121VoUtASKSuFUW94H12qleigjb7Laso4URnHzzTfz8SNHjhQfffSR2hOZNWvWcHkch+Oluqv2WAfXm8i6BbJhwwYxatQo0bBhQz6fTvXq1au2jXTFFVeI\/Px88dNPP6mj7eNW3b755hsxZMgQIRtKITUdMW3aNLFkyRKxevVqsXjxYvHMM8+IK6+8UsgGiO\/Xzz\/\/rI60xu233y7S0tLEL7\/8onKs101jhDPGm\/zCCy\/wsTNmzFA59sBxOH7OnDkqxzpuPMCyN+GHFudo0aIFC+jy5cvFZ599JiorK7mM1Bz4IV+\/fr3Iy8sT\/fr14\/KyJxVSMxCHDh3icnZIdN2kBiCkCcLXmJ2dLfbv36\/2hObAgQNixIgR4pJLLhHLli1TuZEJJZjAat00RjhjvMndunUTPXv2VFuxgeMhAHZJ5AMcKJQ33ngj9\/R2gOCi4Tn\/\/PNjEtJE1u3IkSNCmh2ia9euQpo9KtcaO3bsEJ06dRLjx4+PqO2EE0xgtW4aMyAUI7C1mjRporZiA3aal\/jwww\/p7rvvZjvsnXfeIamq00033aT2+pDqHX3xxRe0bt06\/pQPodrjA\/aZHvQaM2YMzZ07lx588EH67bffVInkcOrUKZJmBF8H7MuUlBS1xxpSZSepIZBU82nAgAH077\/\/qj1VwMaUKj2tXLmSLrzwQpUbB0pIo4KipuesAuooji0pKVE59njjjTf4eK+otQUFBaJu3brc8ge2+lAD33vvPXHfffeJxo0b8zmDkxRIMXToUFFYWFijV5FCznYbep1oKiRIRN0AejwpkH6VPFZkwyW6dOnCNmkgkXpMjdW6aYxw2rzJmsABoZdfflmcOHFC7YlMeXm5mDJlCh+H43Eeuzj9AL\/++utcFg9wIBDKDh068D6rqXPnzmLFihXqDD42bdok2rdvz+qk7LlUbmicrhvYuXMnl7c6aBcNqTEIqTn5f9+KYAKrddMY4bRxk4OBQObm5vKIH3qHW265hUf81q5dK7788ktx7NgxsWfPHrFq1SqxYMEC0bdvX\/492GOTJk0SJ0+eVGeyh5MP8MaNG8VZZ53FPaMGDcadd97Jx8eahg0bxr2uBgKK\/1G0BsnJumkGDx7M\/3snQUM2fPhwy4IJrNZNY4TTxk0OB9S18847T7Rr105IW4PPGZwaNGjAvQr2QzWKB6ceYOyDSoqHS9pQnHf06FF\/I6KTtK35IczJyRGPP\/64yMzMFK1bt65WJlTq37+\/OH78OJ8XQMVFvrRBVU5NnKqbBiPKaBReeuklleMM0qZmM6BPnz6WBBNYrZvGCKfFmxwNDLVPnjyZewv0RlAV4W7BJ3oN5MNOadasmToidpx6gNH6o8zu3bt5G\/aiVtXr168vHnnkEVYJwwH1DnVq1KgRHxMq3XXXXaq0D5wTKiFcMKFwqm6affv2cdlPP\/1U5TgDGitoHOvWrVM50bFaN40RTos3ORpaOCPhJeFEy49AgkA7E24PHIOe9Mcff1S50YEdmZGRwceGStOnT1clfa4WqPVQNUPhRN0CKS0t5bL4dAqtykJ7QENsFat105jwvQhhYLKVV9+iI28+SQGlVq1aqZyalJWV0eHDh6lHjx4qJzpz5sxR36pwIsRt3LhxtHjxYpI9GIerbdu2jXr27ElZWVn07rvvcmieHXAtI0aM4HMGI3sYdrtcdtllvC01Cg57RD10nsbp8D08s23atKH333+fpB2tcmMn0F3SvHlzvp8XXHCB2hsZu+F7iRHO7fmUmjVTbVSRW1RO47qrDT+lVJCaSbPUVkbBDno1E\/7D6vma0OeoiRPCKe3IpDZGqANiWYOJ9wHGcYj7hb9u4cKFnJeens6+u48\/\/jimeF+AmTeyV6GSkhKVUwX8pxB6cOTIEfYRo+FBjHEgTgsnQONz\/\/330+zZs1VObAQKJuKMBw0axLG4VrErnChoCRS1rNaW5omUlBGi0EJgyLa5LUXKmEJxGBuHCsWolJYiP5QGwvusnRM4odYiwkXeULXlLvhd\/H4ocL3x1A3RLthXXFzM21u3bmUf5g8\/\/MDb8YDBEak98PmDU2CkEEL9MLodTLx1C8U999zDZsepU6dUjn2CR2WffvppHnG3g9W6aZIcIVRJZXvlR8cU4lib5umUMYBod1kltqpRuWUllciWPr25yjDEDCKBpN3HvRwoLCzk2RNQy+MFkTHz589XW9XB72jw27gOzOxJNNKuJmlDk2yMVI49giN\/pIBy5NMDDzygSiSGJAtnE8p6pZwOjtc22EEqW6m+VqOS1q+SqpIWYkNcwP7r2rUrq4Zg48aNNHjwYP7uBLfeeitdeumlaqsKTM3SXHXVVfz566+\/8mcigcqOebUzZsxQOdYJFZKH8ETM3bWiUseDt2Jrt69nG7NLSpAIVqynEim0uX2tD6QYwoO41xYtWqgtoj59+lC9evXUVvxA6DE4FAxsLo3+\/T\/++IM\/Ew00A9i6iP2tqKhQuZEJJZjbt2+npUuXhhyoc5oECmcJ5fRuRampOuVTqdoTmlIqwCDSgHk0JHjAp+KgPFsGpXhRpa0ootH+Oraigu0qPxwYLEPZvMj\/jUQibUu\/cEjThtq3b8\/fnQQPdjAYrda4LZwIXIdaffToUXr00UdVbni0YK5YsaJaEPvYsWNp5syZEUflnSKBwplB+ZulynpQpxyK1O+V5mFkVh4zOauG6lr6PwitF+3NSiqaOpZKHiv21bFoAs3KGklFYRtmWX5hzVFst4FwwuYEGKEdOHAgf3eSzp0788hvYEIPpGdzYDUI9NZuzlbp3r07q6TLli2LOMoaKJiBM4fefPNNOnbsGGVnZ6ucxOINtVb2JgNnw40yg7JqCGApbcC+\/uketDd9NnJGG+Vu6Z5OubKPLwsnnKyeT6Dcx9R2kujYsSMdOnSIv9etW5caNmzI353m+uuvr5HOOMP3yEHFxGBQ48aNedstIJz169ent99+W+VUJ5xggqlTp3JyCw8IZ5U6O539m0GEs0M9QQ8aJ3tMn19WUlFGu33fQlL637FEBf+hNLWdLJo1a+YXzmQBPyHQPbhbwIcLn+vy5ctVThWRBBNBGhjxhW\/YLZIunD51dgIVvlJTnQWVZbvk3wmUZiHwINmwuyesbQwNIIMyeiW\/kcFEY6uDIolC258NGjTgTzeBevvVV1+xva2JJJhg586dPHAGddwtEiicwQNCrWh0cbD\/Uvk5aSYNDCiXml0k94BSWjauhOix9Ij2qieoKKJJfK1jQqjmsqbF82lWmH1uA9cCbK7duyP184kFPVeHDh2qDba4BcL5oFLD9gbRBBOgp7e7ekK8JEY4u+cEDARVJb\/650f5OYPL+ntRn9pY5Qf1KmpgCBpAyGv1+Wm94gqCHxI9Fh7GZIHfRhxvMtA2NkaKrQgmwHKgbodyesDmrP1UFk+kHPhhi8KMSCs\/7awsn2aAwS+anSm\/R3MvJQYIJpzooewuN8DaRLB5ky2ciPCxIpigvLycLr\/8crXlDkY448WvzhaHD8hvnkWvBmgGhRitZfdLZPdSIsnJyeHFqrCQl9sgUgf2G1Iy6NatGw9Ewe60IpgQYLxSA72smxjhjAulzg6YR6WeV72rk5aWRpmZmfT888+rHHeAj3Ht2rWuRNiEA0KGSCGsJIgwQwhnpITZTehlMfXNTYxwxoWKBV45lnoEDmhx9I8U3OzAwS3vMX36dNq7dy9NmzZN5SQWxNHiN9EoJKvX1DbmokWLOCACU9fg94S\/F4NEeNcNri8woQxeP+E6PDfFAihqecqYB0j+lLFtIt\/GFLdgEjllLBC9cv3SpUtVTuLAtKumTZtGfI6crFswetoXXq2wa9cuPgdWZcDqFG3btuXXSQQveQkGDRoUdZULK1itm8b0nAnCS66TSODtaHCsDx06lF\/kkygwqXrVqlU84ToZE9jDjcrC34oFshHMDlsYccb5+fkcCfTcc89xsjOh2kmMcCaIJpkLa4ELyAceTIT0XXPNNWHD2mJFdgC8CkFeXh7bmddee63a4x6R3CVQYzH1C69thAqbm5tLCxYsoDVr1vjfr4qlSJKBEU4DuxbwEF599dV07733OmaDoseBwGNE+K233qKHHnpI7XGPSIIJIIRw7eATk7FnzZpFo0aNon79+vnjgbHMSTIwwmlgMHqJhxTqrbSvqEuXLjG7WdDTQI3FORCFBHUWQu820QQTQAjxPhj4fUePHs3vWsVoMsIb0etr9MR0NzGr70VYKAoLfGF0MVlMmjQpIQt8RQPLh8DWgg0KlwuWFMFbuSFs4cC1IKgBCaoxRkLxsGMWiJ3lT5yqWzTBRKOBoAL8jwFedASBREgfAiTwHcdr0GDhZcfxYHeBLyOcUYQz2SRDODXo8WB\/rV69mkPdMEcTk6SRsCwk8vAgI33++ee83alTJ7bdsG5PLGsSOVE3Kz3m\/v37+VjEy6LnhO2J6Ws6YRvT23A9UMcxQPTEE0+oo2PDCKfCCeH0Km4JZyAQUEyYhl8Uv3\/gwAEOWse5kdALYdI2\/ufxEG\/drAimBiPHULfhc9XzTIPZtWsXhxmikYIvNB7sCicKWgJFI\/mnvAau1Ur1UEbeZLVVO8D1mrrVrFugH9MqmzdvZj8mzoc3Xj\/77LOc8EY0+GQXLVqkSsaP1bppzICQ4bTATo8ZSK9evXj5EfT4WB1Qu0+gIbz22ms0bNgwVdJ9jHAaTgsw+GRXMDVYy2jJkiWslmv3CUZtMRCWTIzNaWxOT2HqVoUt4cQ\/ozZh5ybXNkzdTt+6aWwJZ23Eyk2urZi61U4sipx14TQYDO5iBoQMBo9ihNNg8ChGOA0Gj2KE02DwKEY4DQaPYoTTYPAkRP8Hi1AZA6GeU4UAAAAASUVORK5CYII=\" alt=\"\"><\/p>","protected":false},"excerpt":{"rendered":"<p>Tegund:&nbsp;MSW27&nbsp;<\/p>\n<p>ATH a\u00f0eins 1 stk til \u00e1 lager<\/p>","protected":false},"featured_media":33315,"comment_status":"closed","ping_status":"closed","template":"","meta":[],"product_brand":[],"product_cat":[518,546,578],"product_tag":[],"class_list":{"0":"post-33317","1":"product","2":"type-product","3":"status-publish","4":"has-post-thumbnail","6":"product_cat-honnunarlausnir","7":"product_cat-lampar","8":"product_cat-vegglampar","10":"first","11":"instock","12":"taxable","13":"shipping-taxable","14":"purchasable","15":"product-type-simple"},"yoast_head":"<!-- This site is optimized with the Yoast SEO plugin v27.3 - https:\/\/yoast.com\/product\/yoast-seo-wordpress\/ -->\n<title>TECNOLUMEN Bauhaus Vegglampi - V\u00e9lar &amp; Verkf\u00e6ri<\/title>\n<meta name=\"robots\" content=\"index, follow, max-snippet:-1, max-image-preview:large, max-video-preview:-1\" \/>\n<link rel=\"canonical\" href=\"https:\/\/velarogverkfaeri.is\/en\/honnunarlausnir\/lampar\/vegglampar\/product\/tecnolumen-vegglampi-msw27-matt-nikkel-honnun-mart-stam-1927\/\" \/>\n<meta property=\"og:locale\" content=\"en_US\" \/>\n<meta property=\"og:type\" content=\"article\" \/>\n<meta property=\"og:title\" content=\"TECNOLUMEN Bauhaus Vegglampi - V\u00e9lar &amp; Verkf\u00e6ri\" \/>\n<meta property=\"og:description\" content=\"Tegund:&nbsp;MSW27&nbsp;ATH a\u00f0eins 1 stk til \u00e1 lager\" \/>\n<meta property=\"og:url\" content=\"https:\/\/velarogverkfaeri.is\/en\/honnunarlausnir\/lampar\/vegglampar\/product\/tecnolumen-vegglampi-msw27-matt-nikkel-honnun-mart-stam-1927\/\" \/>\n<meta property=\"og:site_name\" content=\"V\u00e9lar &amp; Verkf\u00e6ri\" \/>\n<meta property=\"article:publisher\" content=\"https:\/\/www.facebook.com\/VelarOgVerkfaeri\" \/>\n<meta property=\"article:modified_time\" content=\"2025-04-25T16:33:47+00:00\" \/>\n<meta property=\"og:image\" content=\"https:\/\/velarogverkfaeri.is\/wp-content\/uploads\/2023\/06\/aeaa78ba-f5ea-4397-b215-0169f4c1269a.png\" \/>\n\t<meta property=\"og:image:width\" content=\"1000\" \/>\n\t<meta property=\"og:image:height\" content=\"1000\" \/>\n\t<meta property=\"og:image:type\" content=\"image\/png\" \/>\n<meta name=\"twitter:card\" content=\"summary_large_image\" \/>\n<script type=\"application\/ld+json\" class=\"yoast-schema-graph\">{\"@context\":\"https:\\\/\\\/schema.org\",\"@graph\":[{\"@type\":\"WebPage\",\"@id\":\"https:\\\/\\\/velarogverkfaeri.is\\\/honnunarlausnir\\\/lampar\\\/vegglampar\\\/product\\\/tecnolumen-vegglampi-msw27-matt-nikkel-honnun-mart-stam-1927\\\/\",\"url\":\"https:\\\/\\\/velarogverkfaeri.is\\\/honnunarlausnir\\\/lampar\\\/vegglampar\\\/product\\\/tecnolumen-vegglampi-msw27-matt-nikkel-honnun-mart-stam-1927\\\/\",\"name\":\"TECNOLUMEN Bauhaus Vegglampi - V\u00e9lar &amp; Verkf\u00e6ri\",\"isPartOf\":{\"@id\":\"https:\\\/\\\/velarogverkfaeri.is\\\/en\\\/#website\"},\"primaryImageOfPage\":{\"@id\":\"https:\\\/\\\/velarogverkfaeri.is\\\/honnunarlausnir\\\/lampar\\\/vegglampar\\\/product\\\/tecnolumen-vegglampi-msw27-matt-nikkel-honnun-mart-stam-1927\\\/#primaryimage\"},\"image\":{\"@id\":\"https:\\\/\\\/velarogverkfaeri.is\\\/honnunarlausnir\\\/lampar\\\/vegglampar\\\/product\\\/tecnolumen-vegglampi-msw27-matt-nikkel-honnun-mart-stam-1927\\\/#primaryimage\"},\"thumbnailUrl\":\"https:\\\/\\\/velarogverkfaeri.is\\\/wp-content\\\/uploads\\\/2023\\\/06\\\/aeaa78ba-f5ea-4397-b215-0169f4c1269a.png\",\"datePublished\":\"2023-04-28T18:04:07+00:00\",\"dateModified\":\"2025-04-25T16:33:47+00:00\",\"breadcrumb\":{\"@id\":\"https:\\\/\\\/velarogverkfaeri.is\\\/honnunarlausnir\\\/lampar\\\/vegglampar\\\/product\\\/tecnolumen-vegglampi-msw27-matt-nikkel-honnun-mart-stam-1927\\\/#breadcrumb\"},\"inLanguage\":\"en-US\",\"potentialAction\":[{\"@type\":\"ReadAction\",\"target\":[\"https:\\\/\\\/velarogverkfaeri.is\\\/honnunarlausnir\\\/lampar\\\/vegglampar\\\/product\\\/tecnolumen-vegglampi-msw27-matt-nikkel-honnun-mart-stam-1927\\\/\"]}]},{\"@type\":\"ImageObject\",\"inLanguage\":\"en-US\",\"@id\":\"https:\\\/\\\/velarogverkfaeri.is\\\/honnunarlausnir\\\/lampar\\\/vegglampar\\\/product\\\/tecnolumen-vegglampi-msw27-matt-nikkel-honnun-mart-stam-1927\\\/#primaryimage\",\"url\":\"https:\\\/\\\/velarogverkfaeri.is\\\/wp-content\\\/uploads\\\/2023\\\/06\\\/aeaa78ba-f5ea-4397-b215-0169f4c1269a.png\",\"contentUrl\":\"https:\\\/\\\/velarogverkfaeri.is\\\/wp-content\\\/uploads\\\/2023\\\/06\\\/aeaa78ba-f5ea-4397-b215-0169f4c1269a.png\",\"width\":1000,\"height\":1000},{\"@type\":\"BreadcrumbList\",\"@id\":\"https:\\\/\\\/velarogverkfaeri.is\\\/honnunarlausnir\\\/lampar\\\/vegglampar\\\/product\\\/tecnolumen-vegglampi-msw27-matt-nikkel-honnun-mart-stam-1927\\\/#breadcrumb\",\"itemListElement\":[{\"@type\":\"ListItem\",\"position\":1,\"name\":\"Home\",\"item\":\"https:\\\/\\\/velarogverkfaeri.is\\\/\"},{\"@type\":\"ListItem\",\"position\":2,\"name\":\"Vefverslun\",\"item\":\"https:\\\/\\\/velarogverkfaeri.is\\\/vefverslun\\\/\"},{\"@type\":\"ListItem\",\"position\":3,\"name\":\"TECNOLUMEN Bauhaus Vegglampi\"}]},{\"@type\":\"WebSite\",\"@id\":\"https:\\\/\\\/velarogverkfaeri.is\\\/en\\\/#website\",\"url\":\"https:\\\/\\\/velarogverkfaeri.is\\\/en\\\/\",\"name\":\"V\u00e9lar & Verkf\u00e6ri\",\"description\":\"Umbo\u00f0s- og heildverslun fr\u00e1 \u00e1rinu 1919\",\"publisher\":{\"@id\":\"https:\\\/\\\/velarogverkfaeri.is\\\/en\\\/#organization\"},\"potentialAction\":[{\"@type\":\"SearchAction\",\"target\":{\"@type\":\"EntryPoint\",\"urlTemplate\":\"https:\\\/\\\/velarogverkfaeri.is\\\/en\\\/?s={search_term_string}\"},\"query-input\":{\"@type\":\"PropertyValueSpecification\",\"valueRequired\":true,\"valueName\":\"search_term_string\"}}],\"inLanguage\":\"en-US\"},{\"@type\":\"Organization\",\"@id\":\"https:\\\/\\\/velarogverkfaeri.is\\\/en\\\/#organization\",\"name\":\"V\u00e9lar & Verkf\u00e6ri\",\"url\":\"https:\\\/\\\/velarogverkfaeri.is\\\/en\\\/\",\"logo\":{\"@type\":\"ImageObject\",\"inLanguage\":\"en-US\",\"@id\":\"https:\\\/\\\/velarogverkfaeri.is\\\/en\\\/#\\\/schema\\\/logo\\\/image\\\/\",\"url\":\"https:\\\/\\\/velarogverkfaeri.is\\\/wp-content\\\/uploads\\\/2021\\\/10\\\/vv_logo_350x100.png\",\"contentUrl\":\"https:\\\/\\\/velarogverkfaeri.is\\\/wp-content\\\/uploads\\\/2021\\\/10\\\/vv_logo_350x100.png\",\"width\":350,\"height\":100,\"caption\":\"V\u00e9lar & Verkf\u00e6ri\"},\"image\":{\"@id\":\"https:\\\/\\\/velarogverkfaeri.is\\\/en\\\/#\\\/schema\\\/logo\\\/image\\\/\"},\"sameAs\":[\"https:\\\/\\\/www.facebook.com\\\/VelarOgVerkfaeri\"]}]}<\/script>\n<!-- \/ Yoast SEO plugin. -->","yoast_head_json":{"title":"TECNOLUMEN Bauhaus Vegglampi - V\u00e9lar &amp; Verkf\u00e6ri","robots":{"index":"index","follow":"follow","max-snippet":"max-snippet:-1","max-image-preview":"max-image-preview:large","max-video-preview":"max-video-preview:-1"},"canonical":"https:\/\/velarogverkfaeri.is\/en\/honnunarlausnir\/lampar\/vegglampar\/product\/tecnolumen-vegglampi-msw27-matt-nikkel-honnun-mart-stam-1927\/","og_locale":"en_US","og_type":"article","og_title":"TECNOLUMEN Bauhaus Vegglampi - V\u00e9lar &amp; Verkf\u00e6ri","og_description":"Tegund:&nbsp;MSW27&nbsp;ATH a\u00f0eins 1 stk til \u00e1 lager","og_url":"https:\/\/velarogverkfaeri.is\/en\/honnunarlausnir\/lampar\/vegglampar\/product\/tecnolumen-vegglampi-msw27-matt-nikkel-honnun-mart-stam-1927\/","og_site_name":"V\u00e9lar &amp; Verkf\u00e6ri","article_publisher":"https:\/\/www.facebook.com\/VelarOgVerkfaeri","article_modified_time":"2025-04-25T16:33:47+00:00","og_image":[{"width":1000,"height":1000,"url":"https:\/\/velarogverkfaeri.is\/wp-content\/uploads\/2023\/06\/aeaa78ba-f5ea-4397-b215-0169f4c1269a.png","type":"image\/png"}],"twitter_card":"summary_large_image","schema":{"@context":"https:\/\/schema.org","@graph":[{"@type":"WebPage","@id":"https:\/\/velarogverkfaeri.is\/honnunarlausnir\/lampar\/vegglampar\/product\/tecnolumen-vegglampi-msw27-matt-nikkel-honnun-mart-stam-1927\/","url":"https:\/\/velarogverkfaeri.is\/honnunarlausnir\/lampar\/vegglampar\/product\/tecnolumen-vegglampi-msw27-matt-nikkel-honnun-mart-stam-1927\/","name":"TECNOLUMEN Bauhaus Vegglampi - V\u00e9lar &amp; Verkf\u00e6ri","isPartOf":{"@id":"https:\/\/velarogverkfaeri.is\/en\/#website"},"primaryImageOfPage":{"@id":"https:\/\/velarogverkfaeri.is\/honnunarlausnir\/lampar\/vegglampar\/product\/tecnolumen-vegglampi-msw27-matt-nikkel-honnun-mart-stam-1927\/#primaryimage"},"image":{"@id":"https:\/\/velarogverkfaeri.is\/honnunarlausnir\/lampar\/vegglampar\/product\/tecnolumen-vegglampi-msw27-matt-nikkel-honnun-mart-stam-1927\/#primaryimage"},"thumbnailUrl":"https:\/\/velarogverkfaeri.is\/wp-content\/uploads\/2023\/06\/aeaa78ba-f5ea-4397-b215-0169f4c1269a.png","datePublished":"2023-04-28T18:04:07+00:00","dateModified":"2025-04-25T16:33:47+00:00","breadcrumb":{"@id":"https:\/\/velarogverkfaeri.is\/honnunarlausnir\/lampar\/vegglampar\/product\/tecnolumen-vegglampi-msw27-matt-nikkel-honnun-mart-stam-1927\/#breadcrumb"},"inLanguage":"en-US","potentialAction":[{"@type":"ReadAction","target":["https:\/\/velarogverkfaeri.is\/honnunarlausnir\/lampar\/vegglampar\/product\/tecnolumen-vegglampi-msw27-matt-nikkel-honnun-mart-stam-1927\/"]}]},{"@type":"ImageObject","inLanguage":"en-US","@id":"https:\/\/velarogverkfaeri.is\/honnunarlausnir\/lampar\/vegglampar\/product\/tecnolumen-vegglampi-msw27-matt-nikkel-honnun-mart-stam-1927\/#primaryimage","url":"https:\/\/velarogverkfaeri.is\/wp-content\/uploads\/2023\/06\/aeaa78ba-f5ea-4397-b215-0169f4c1269a.png","contentUrl":"https:\/\/velarogverkfaeri.is\/wp-content\/uploads\/2023\/06\/aeaa78ba-f5ea-4397-b215-0169f4c1269a.png","width":1000,"height":1000},{"@type":"BreadcrumbList","@id":"https:\/\/velarogverkfaeri.is\/honnunarlausnir\/lampar\/vegglampar\/product\/tecnolumen-vegglampi-msw27-matt-nikkel-honnun-mart-stam-1927\/#breadcrumb","itemListElement":[{"@type":"ListItem","position":1,"name":"Home","item":"https:\/\/velarogverkfaeri.is\/"},{"@type":"ListItem","position":2,"name":"Vefverslun","item":"https:\/\/velarogverkfaeri.is\/vefverslun\/"},{"@type":"ListItem","position":3,"name":"TECNOLUMEN Bauhaus Vegglampi"}]},{"@type":"WebSite","@id":"https:\/\/velarogverkfaeri.is\/en\/#website","url":"https:\/\/velarogverkfaeri.is\/en\/","name":"V\u00e9lar & Verkf\u00e6ri","description":"Umbo\u00f0s- og heildverslun fr\u00e1 \u00e1rinu 1919","publisher":{"@id":"https:\/\/velarogverkfaeri.is\/en\/#organization"},"potentialAction":[{"@type":"SearchAction","target":{"@type":"EntryPoint","urlTemplate":"https:\/\/velarogverkfaeri.is\/en\/?s={search_term_string}"},"query-input":{"@type":"PropertyValueSpecification","valueRequired":true,"valueName":"search_term_string"}}],"inLanguage":"en-US"},{"@type":"Organization","@id":"https:\/\/velarogverkfaeri.is\/en\/#organization","name":"V\u00e9lar & Verkf\u00e6ri","url":"https:\/\/velarogverkfaeri.is\/en\/","logo":{"@type":"ImageObject","inLanguage":"en-US","@id":"https:\/\/velarogverkfaeri.is\/en\/#\/schema\/logo\/image\/","url":"https:\/\/velarogverkfaeri.is\/wp-content\/uploads\/2021\/10\/vv_logo_350x100.png","contentUrl":"https:\/\/velarogverkfaeri.is\/wp-content\/uploads\/2021\/10\/vv_logo_350x100.png","width":350,"height":100,"caption":"V\u00e9lar & Verkf\u00e6ri"},"image":{"@id":"https:\/\/velarogverkfaeri.is\/en\/#\/schema\/logo\/image\/"},"sameAs":["https:\/\/www.facebook.com\/VelarOgVerkfaeri"]}]}},"_links":{"self":[{"href":"https:\/\/velarogverkfaeri.is\/en\/wp-json\/wp\/v2\/product\/33317","targetHints":{"allow":["GET"]}}],"collection":[{"href":"https:\/\/velarogverkfaeri.is\/en\/wp-json\/wp\/v2\/product"}],"about":[{"href":"https:\/\/velarogverkfaeri.is\/en\/wp-json\/wp\/v2\/types\/product"}],"replies":[{"embeddable":true,"href":"https:\/\/velarogverkfaeri.is\/en\/wp-json\/wp\/v2\/comments?post=33317"}],"wp:featuredmedia":[{"embeddable":true,"href":"https:\/\/velarogverkfaeri.is\/en\/wp-json\/wp\/v2\/media\/33315"}],"wp:attachment":[{"href":"https:\/\/velarogverkfaeri.is\/en\/wp-json\/wp\/v2\/media?parent=33317"}],"wp:term":[{"taxonomy":"product_brand","embeddable":true,"href":"https:\/\/velarogverkfaeri.is\/en\/wp-json\/wp\/v2\/product_brand?post=33317"},{"taxonomy":"product_cat","embeddable":true,"href":"https:\/\/velarogverkfaeri.is\/en\/wp-json\/wp\/v2\/product_cat?post=33317"},{"taxonomy":"product_tag","embeddable":true,"href":"https:\/\/velarogverkfaeri.is\/en\/wp-json\/wp\/v2\/product_tag?post=33317"}],"curies":[{"name":"wp","href":"https:\/\/api.w.org\/{rel}","templated":true}]}}