{"id":33186,"date":"2023-04-28T18:03:43","date_gmt":"2023-04-28T18:03:43","guid":{"rendered":"https:\/\/vv-dev.webdev.is\/uncategorized\/product\/axa-flex-stormjarn-gralakk\/"},"modified":"2026-04-14T15:45:38","modified_gmt":"2026-04-14T15:45:38","slug":"axa-flex-stormjarn-gralakk","status":"publish","type":"product","link":"https:\/\/velarogverkfaeri.is\/en\/lykillausnir\/gluggabunadur\/stormjarn-gluggabunadur\/product\/axa-flex-stormjarn-gralakk\/","title":{"rendered":"AXA Stormj\u00e1rn AxaFlex Gr\u00e1lakk\/ Gr\u00e1tt handfang L\u00e1gur f\u00f3tur 2640-10-49E"},"content":{"rendered":"<p><font color=\"#656565\">Lengd v\u00f6ru:&nbsp;<\/font><span style=\"color: rgb(101, 101, 101);\">180 mm<\/span><\/p>\n<p><font color=\"#656565\">Breidd v\u00f6ru:&nbsp;<\/font><span style=\"color: rgb(101, 101, 101);\">50 mm<\/span><\/p>\n<p><font color=\"#656565\">H\u00e6\u00f0 v\u00f6ru:&nbsp;<\/font><span style=\"color: rgb(101, 101, 101);\">47 mm<\/span><\/p>\n<p><span style=\"color: rgb(101, 101, 101);\">Sn\u00fai\u00f0 upp \u00e1 vi\u00f0<\/span><\/p>\n<p><font color=\"#656565\">H\u00e1marksopnun:&nbsp;<\/font><span style=\"color: rgb(101, 101, 101);\">160 mm<\/span><\/p>\n<p><font color=\"#656565\">Efni:&nbsp;<\/font><span style=\"color: rgb(101, 101, 101);\">St\u00e1l<\/span><\/p>\n<p><font color=\"#656565\">\u00c1fer\u00f0:&nbsp;<\/font><span style=\"color: rgb(101, 101, 101);\">Gr\u00e1lakka\u00f0<\/span><\/p>","protected":false},"excerpt":{"rendered":"<p>Tegund:&nbsp;2640-10-49\/E<\/p>","protected":false},"featured_media":33185,"comment_status":"closed","ping_status":"closed","template":"","meta":[],"product_brand":[],"product_cat":[584,517,650],"product_tag":[],"class_list":{"0":"post-33186","1":"product","2":"type-product","3":"status-publish","4":"has-post-thumbnail","6":"product_cat-gluggabunadur","7":"product_cat-lykillausnir","8":"product_cat-stormjarn-gluggabunadur","10":"first","11":"instock","12":"taxable","13":"shipping-taxable","14":"purchasable","15":"product-type-simple"},"yoast_head":"<!-- This site is optimized with the Yoast SEO plugin v27.3 - https:\/\/yoast.com\/product\/yoast-seo-wordpress\/ -->\n<title>AXA Stormj\u00e1rn AxaFlex Gr\u00e1lakk\/ Gr\u00e1tt handfang L\u00e1gur f\u00f3tur 2640-10-49E - V\u00e9lar &amp; Verkf\u00e6ri<\/title>\n<meta name=\"robots\" content=\"index, follow, max-snippet:-1, max-image-preview:large, max-video-preview:-1\" \/>\n<link rel=\"canonical\" href=\"https:\/\/velarogverkfaeri.is\/en\/lykillausnir\/gluggabunadur\/stormjarn-gluggabunadur\/product\/axa-flex-stormjarn-gralakk\/\" \/>\n<meta property=\"og:locale\" content=\"en_US\" \/>\n<meta property=\"og:type\" content=\"article\" \/>\n<meta property=\"og:title\" content=\"AXA Stormj\u00e1rn AxaFlex Gr\u00e1lakk\/ Gr\u00e1tt handfang L\u00e1gur f\u00f3tur 2640-10-49E - V\u00e9lar &amp; Verkf\u00e6ri\" \/>\n<meta property=\"og:description\" content=\"Tegund:&nbsp;2640-10-49\/E\" \/>\n<meta property=\"og:url\" content=\"https:\/\/velarogverkfaeri.is\/en\/lykillausnir\/gluggabunadur\/stormjarn-gluggabunadur\/product\/axa-flex-stormjarn-gralakk\/\" \/>\n<meta property=\"og:site_name\" content=\"V\u00e9lar &amp; Verkf\u00e6ri\" \/>\n<meta property=\"article:publisher\" content=\"https:\/\/www.facebook.com\/VelarOgVerkfaeri\" \/>\n<meta property=\"article:modified_time\" content=\"2026-04-14T15:45:38+00:00\" \/>\n<meta property=\"og:image\" content=\"https:\/\/velarogverkfaeri.is\/wp-content\/uploads\/2023\/06\/7c6932ce-8027-47b1-969e-2a133ed340c7.jpeg\" \/>\n\t<meta property=\"og:image:width\" content=\"800\" \/>\n\t<meta property=\"og:image:height\" content=\"800\" \/>\n\t<meta property=\"og:image:type\" content=\"image\/jpeg\" \/>\n<meta name=\"twitter:card\" content=\"summary_large_image\" \/>\n<script type=\"application\/ld+json\" class=\"yoast-schema-graph\">{\"@context\":\"https:\\\/\\\/schema.org\",\"@graph\":[{\"@type\":\"WebPage\",\"@id\":\"https:\\\/\\\/velarogverkfaeri.is\\\/lykillausnir\\\/gluggabunadur\\\/stormjarn-gluggabunadur\\\/product\\\/axa-flex-stormjarn-gralakk\\\/\",\"url\":\"https:\\\/\\\/velarogverkfaeri.is\\\/lykillausnir\\\/gluggabunadur\\\/stormjarn-gluggabunadur\\\/product\\\/axa-flex-stormjarn-gralakk\\\/\",\"name\":\"AXA Stormj\u00e1rn AxaFlex Gr\u00e1lakk\\\/ Gr\u00e1tt handfang L\u00e1gur f\u00f3tur 2640-10-49E - V\u00e9lar &amp; Verkf\u00e6ri\",\"isPartOf\":{\"@id\":\"https:\\\/\\\/velarogverkfaeri.is\\\/en\\\/#website\"},\"primaryImageOfPage\":{\"@id\":\"https:\\\/\\\/velarogverkfaeri.is\\\/lykillausnir\\\/gluggabunadur\\\/stormjarn-gluggabunadur\\\/product\\\/axa-flex-stormjarn-gralakk\\\/#primaryimage\"},\"image\":{\"@id\":\"https:\\\/\\\/velarogverkfaeri.is\\\/lykillausnir\\\/gluggabunadur\\\/stormjarn-gluggabunadur\\\/product\\\/axa-flex-stormjarn-gralakk\\\/#primaryimage\"},\"thumbnailUrl\":\"https:\\\/\\\/velarogverkfaeri.is\\\/wp-content\\\/uploads\\\/2023\\\/06\\\/7c6932ce-8027-47b1-969e-2a133ed340c7.jpeg\",\"datePublished\":\"2023-04-28T18:03:43+00:00\",\"dateModified\":\"2026-04-14T15:45:38+00:00\",\"breadcrumb\":{\"@id\":\"https:\\\/\\\/velarogverkfaeri.is\\\/lykillausnir\\\/gluggabunadur\\\/stormjarn-gluggabunadur\\\/product\\\/axa-flex-stormjarn-gralakk\\\/#breadcrumb\"},\"inLanguage\":\"en-US\",\"potentialAction\":[{\"@type\":\"ReadAction\",\"target\":[\"https:\\\/\\\/velarogverkfaeri.is\\\/lykillausnir\\\/gluggabunadur\\\/stormjarn-gluggabunadur\\\/product\\\/axa-flex-stormjarn-gralakk\\\/\"]}]},{\"@type\":\"ImageObject\",\"inLanguage\":\"en-US\",\"@id\":\"https:\\\/\\\/velarogverkfaeri.is\\\/lykillausnir\\\/gluggabunadur\\\/stormjarn-gluggabunadur\\\/product\\\/axa-flex-stormjarn-gralakk\\\/#primaryimage\",\"url\":\"https:\\\/\\\/velarogverkfaeri.is\\\/wp-content\\\/uploads\\\/2023\\\/06\\\/7c6932ce-8027-47b1-969e-2a133ed340c7.jpeg\",\"contentUrl\":\"https:\\\/\\\/velarogverkfaeri.is\\\/wp-content\\\/uploads\\\/2023\\\/06\\\/7c6932ce-8027-47b1-969e-2a133ed340c7.jpeg\",\"width\":800,\"height\":800},{\"@type\":\"BreadcrumbList\",\"@id\":\"https:\\\/\\\/velarogverkfaeri.is\\\/lykillausnir\\\/gluggabunadur\\\/stormjarn-gluggabunadur\\\/product\\\/axa-flex-stormjarn-gralakk\\\/#breadcrumb\",\"itemListElement\":[{\"@type\":\"ListItem\",\"position\":1,\"name\":\"Home\",\"item\":\"https:\\\/\\\/velarogverkfaeri.is\\\/\"},{\"@type\":\"ListItem\",\"position\":2,\"name\":\"Vefverslun\",\"item\":\"https:\\\/\\\/velarogverkfaeri.is\\\/vefverslun\\\/\"},{\"@type\":\"ListItem\",\"position\":3,\"name\":\"AXA Stormj\u00e1rn AxaFlex Gr\u00e1lakk\\\/ Gr\u00e1tt handfang L\u00e1gur f\u00f3tur 2640-10-49E\"}]},{\"@type\":\"WebSite\",\"@id\":\"https:\\\/\\\/velarogverkfaeri.is\\\/en\\\/#website\",\"url\":\"https:\\\/\\\/velarogverkfaeri.is\\\/en\\\/\",\"name\":\"V\u00e9lar & Verkf\u00e6ri\",\"description\":\"Umbo\u00f0s- og heildverslun fr\u00e1 \u00e1rinu 1919\",\"publisher\":{\"@id\":\"https:\\\/\\\/velarogverkfaeri.is\\\/en\\\/#organization\"},\"potentialAction\":[{\"@type\":\"SearchAction\",\"target\":{\"@type\":\"EntryPoint\",\"urlTemplate\":\"https:\\\/\\\/velarogverkfaeri.is\\\/en\\\/?s={search_term_string}\"},\"query-input\":{\"@type\":\"PropertyValueSpecification\",\"valueRequired\":true,\"valueName\":\"search_term_string\"}}],\"inLanguage\":\"en-US\"},{\"@type\":\"Organization\",\"@id\":\"https:\\\/\\\/velarogverkfaeri.is\\\/en\\\/#organization\",\"name\":\"V\u00e9lar & Verkf\u00e6ri\",\"url\":\"https:\\\/\\\/velarogverkfaeri.is\\\/en\\\/\",\"logo\":{\"@type\":\"ImageObject\",\"inLanguage\":\"en-US\",\"@id\":\"https:\\\/\\\/velarogverkfaeri.is\\\/en\\\/#\\\/schema\\\/logo\\\/image\\\/\",\"url\":\"https:\\\/\\\/velarogverkfaeri.is\\\/wp-content\\\/uploads\\\/2021\\\/10\\\/vv_logo_350x100.png\",\"contentUrl\":\"https:\\\/\\\/velarogverkfaeri.is\\\/wp-content\\\/uploads\\\/2021\\\/10\\\/vv_logo_350x100.png\",\"width\":350,\"height\":100,\"caption\":\"V\u00e9lar & Verkf\u00e6ri\"},\"image\":{\"@id\":\"https:\\\/\\\/velarogverkfaeri.is\\\/en\\\/#\\\/schema\\\/logo\\\/image\\\/\"},\"sameAs\":[\"https:\\\/\\\/www.facebook.com\\\/VelarOgVerkfaeri\"]}]}<\/script>\n<!-- \/ Yoast SEO plugin. -->","yoast_head_json":{"title":"AXA Stormj\u00e1rn AxaFlex Gr\u00e1lakk\/ Gr\u00e1tt handfang L\u00e1gur f\u00f3tur 2640-10-49E - V\u00e9lar &amp; Verkf\u00e6ri","robots":{"index":"index","follow":"follow","max-snippet":"max-snippet:-1","max-image-preview":"max-image-preview:large","max-video-preview":"max-video-preview:-1"},"canonical":"https:\/\/velarogverkfaeri.is\/en\/lykillausnir\/gluggabunadur\/stormjarn-gluggabunadur\/product\/axa-flex-stormjarn-gralakk\/","og_locale":"en_US","og_type":"article","og_title":"AXA Stormj\u00e1rn AxaFlex Gr\u00e1lakk\/ Gr\u00e1tt handfang L\u00e1gur f\u00f3tur 2640-10-49E - V\u00e9lar &amp; Verkf\u00e6ri","og_description":"Tegund:&nbsp;2640-10-49\/E","og_url":"https:\/\/velarogverkfaeri.is\/en\/lykillausnir\/gluggabunadur\/stormjarn-gluggabunadur\/product\/axa-flex-stormjarn-gralakk\/","og_site_name":"V\u00e9lar &amp; Verkf\u00e6ri","article_publisher":"https:\/\/www.facebook.com\/VelarOgVerkfaeri","article_modified_time":"2026-04-14T15:45:38+00:00","og_image":[{"width":800,"height":800,"url":"https:\/\/velarogverkfaeri.is\/wp-content\/uploads\/2023\/06\/7c6932ce-8027-47b1-969e-2a133ed340c7.jpeg","type":"image\/jpeg"}],"twitter_card":"summary_large_image","schema":{"@context":"https:\/\/schema.org","@graph":[{"@type":"WebPage","@id":"https:\/\/velarogverkfaeri.is\/lykillausnir\/gluggabunadur\/stormjarn-gluggabunadur\/product\/axa-flex-stormjarn-gralakk\/","url":"https:\/\/velarogverkfaeri.is\/lykillausnir\/gluggabunadur\/stormjarn-gluggabunadur\/product\/axa-flex-stormjarn-gralakk\/","name":"AXA Stormj\u00e1rn AxaFlex Gr\u00e1lakk\/ Gr\u00e1tt handfang L\u00e1gur f\u00f3tur 2640-10-49E - V\u00e9lar &amp; Verkf\u00e6ri","isPartOf":{"@id":"https:\/\/velarogverkfaeri.is\/en\/#website"},"primaryImageOfPage":{"@id":"https:\/\/velarogverkfaeri.is\/lykillausnir\/gluggabunadur\/stormjarn-gluggabunadur\/product\/axa-flex-stormjarn-gralakk\/#primaryimage"},"image":{"@id":"https:\/\/velarogverkfaeri.is\/lykillausnir\/gluggabunadur\/stormjarn-gluggabunadur\/product\/axa-flex-stormjarn-gralakk\/#primaryimage"},"thumbnailUrl":"https:\/\/velarogverkfaeri.is\/wp-content\/uploads\/2023\/06\/7c6932ce-8027-47b1-969e-2a133ed340c7.jpeg","datePublished":"2023-04-28T18:03:43+00:00","dateModified":"2026-04-14T15:45:38+00:00","breadcrumb":{"@id":"https:\/\/velarogverkfaeri.is\/lykillausnir\/gluggabunadur\/stormjarn-gluggabunadur\/product\/axa-flex-stormjarn-gralakk\/#breadcrumb"},"inLanguage":"en-US","potentialAction":[{"@type":"ReadAction","target":["https:\/\/velarogverkfaeri.is\/lykillausnir\/gluggabunadur\/stormjarn-gluggabunadur\/product\/axa-flex-stormjarn-gralakk\/"]}]},{"@type":"ImageObject","inLanguage":"en-US","@id":"https:\/\/velarogverkfaeri.is\/lykillausnir\/gluggabunadur\/stormjarn-gluggabunadur\/product\/axa-flex-stormjarn-gralakk\/#primaryimage","url":"https:\/\/velarogverkfaeri.is\/wp-content\/uploads\/2023\/06\/7c6932ce-8027-47b1-969e-2a133ed340c7.jpeg","contentUrl":"https:\/\/velarogverkfaeri.is\/wp-content\/uploads\/2023\/06\/7c6932ce-8027-47b1-969e-2a133ed340c7.jpeg","width":800,"height":800},{"@type":"BreadcrumbList","@id":"https:\/\/velarogverkfaeri.is\/lykillausnir\/gluggabunadur\/stormjarn-gluggabunadur\/product\/axa-flex-stormjarn-gralakk\/#breadcrumb","itemListElement":[{"@type":"ListItem","position":1,"name":"Home","item":"https:\/\/velarogverkfaeri.is\/"},{"@type":"ListItem","position":2,"name":"Vefverslun","item":"https:\/\/velarogverkfaeri.is\/vefverslun\/"},{"@type":"ListItem","position":3,"name":"AXA Stormj\u00e1rn AxaFlex Gr\u00e1lakk\/ Gr\u00e1tt handfang L\u00e1gur f\u00f3tur 2640-10-49E"}]},{"@type":"WebSite","@id":"https:\/\/velarogverkfaeri.is\/en\/#website","url":"https:\/\/velarogverkfaeri.is\/en\/","name":"V\u00e9lar & Verkf\u00e6ri","description":"Umbo\u00f0s- og heildverslun fr\u00e1 \u00e1rinu 1919","publisher":{"@id":"https:\/\/velarogverkfaeri.is\/en\/#organization"},"potentialAction":[{"@type":"SearchAction","target":{"@type":"EntryPoint","urlTemplate":"https:\/\/velarogverkfaeri.is\/en\/?s={search_term_string}"},"query-input":{"@type":"PropertyValueSpecification","valueRequired":true,"valueName":"search_term_string"}}],"inLanguage":"en-US"},{"@type":"Organization","@id":"https:\/\/velarogverkfaeri.is\/en\/#organization","name":"V\u00e9lar & Verkf\u00e6ri","url":"https:\/\/velarogverkfaeri.is\/en\/","logo":{"@type":"ImageObject","inLanguage":"en-US","@id":"https:\/\/velarogverkfaeri.is\/en\/#\/schema\/logo\/image\/","url":"https:\/\/velarogverkfaeri.is\/wp-content\/uploads\/2021\/10\/vv_logo_350x100.png","contentUrl":"https:\/\/velarogverkfaeri.is\/wp-content\/uploads\/2021\/10\/vv_logo_350x100.png","width":350,"height":100,"caption":"V\u00e9lar & Verkf\u00e6ri"},"image":{"@id":"https:\/\/velarogverkfaeri.is\/en\/#\/schema\/logo\/image\/"},"sameAs":["https:\/\/www.facebook.com\/VelarOgVerkfaeri"]}]}},"_links":{"self":[{"href":"https:\/\/velarogverkfaeri.is\/en\/wp-json\/wp\/v2\/product\/33186","targetHints":{"allow":["GET"]}}],"collection":[{"href":"https:\/\/velarogverkfaeri.is\/en\/wp-json\/wp\/v2\/product"}],"about":[{"href":"https:\/\/velarogverkfaeri.is\/en\/wp-json\/wp\/v2\/types\/product"}],"replies":[{"embeddable":true,"href":"https:\/\/velarogverkfaeri.is\/en\/wp-json\/wp\/v2\/comments?post=33186"}],"wp:featuredmedia":[{"embeddable":true,"href":"https:\/\/velarogverkfaeri.is\/en\/wp-json\/wp\/v2\/media\/33185"}],"wp:attachment":[{"href":"https:\/\/velarogverkfaeri.is\/en\/wp-json\/wp\/v2\/media?parent=33186"}],"wp:term":[{"taxonomy":"product_brand","embeddable":true,"href":"https:\/\/velarogverkfaeri.is\/en\/wp-json\/wp\/v2\/product_brand?post=33186"},{"taxonomy":"product_cat","embeddable":true,"href":"https:\/\/velarogverkfaeri.is\/en\/wp-json\/wp\/v2\/product_cat?post=33186"},{"taxonomy":"product_tag","embeddable":true,"href":"https:\/\/velarogverkfaeri.is\/en\/wp-json\/wp\/v2\/product_tag?post=33186"}],"curies":[{"name":"wp","href":"https:\/\/api.w.org\/{rel}","templated":true}]}}