{"id":32573,"date":"2023-04-28T18:01:41","date_gmt":"2023-04-28T18:01:41","guid":{"rendered":"https:\/\/vv-dev.webdev.is\/uncategorized\/product\/tecnolumen-bordlampi-wa23sw-wagenfeld-krom-med-svortum-faeti-honnun-wilhelm-wagenfeld-1923\/"},"modified":"2026-03-25T13:16:20","modified_gmt":"2026-03-25T13:16:20","slug":"tecnolumen-bordlampi-wa23sw-wagenfeld-krom-med-svortum-faeti-honnun-wilhelm-wagenfeld-1923","status":"publish","type":"product","link":"https:\/\/velarogverkfaeri.is\/en\/honnunarlausnir\/lampar\/bordlampar\/product\/tecnolumen-bordlampi-wa23sw-wagenfeld-krom-med-svortum-faeti-honnun-wilhelm-wagenfeld-1923\/","title":{"rendered":"TECNOLUMEN Bor\u00f0lampi WAGENFELD 1923 WA23 SW"},"content":{"rendered":"<p style=\"color: rgb(101, 101, 101);\">\u00deennan gl\u00e6silega og einstaka lampa hanna\u00f0i Wilhelm Wagenfeld pr\u00f3fessor \u00e1ri\u00f0 1924, a\u00f0eins 24 \u00e1ra a\u00f0 aldri og n\u00fdtekinn til starfa \u00e1 Bauhaus vinnustofunni \u00ed Weimar.<\/p>\n<p style=\"color: rgb(101, 101, 101);\">Lampinn hefur haldi\u00f0 vins\u00e6ldum s\u00ednum \u00e1ratugum saman enda er h\u00f6nnunin einst\u00f6k og t\u00edmalaus.<\/p>\n<p style=\"\"><font color=\"#656565\">WA 23 SW er mynd af hinum fr\u00e6ga Bauhaus bor\u00f0lampa me\u00f0 svartm\u00e1lu\u00f0um m\u00e1lmbotni. L\u00edkani\u00f0 var hanna\u00f0 allt aftur \u00e1ri\u00f0 1924, en \u00fea\u00f0 geymir enn klass\u00edskan gl\u00e6silegan sjarma \u00ed dag.<\/font><\/p>\n<p style=\"\"><font color=\"#656565\">Efni: Nikkelh\u00fa\u00f0a\u00f0ur m\u00e1lmur, svartlakka\u00f0ur grunnur, opal glerskj\u00e1r<\/font><\/p>\n<p style=\"\"><font color=\"#656565\">Eina h\u00f6fundarr\u00e9ttarvar\u00f0a endur\u00fatg\u00e1fan sem pr\u00f3fessor Wilhelm Wagenfeld leyfir.<\/font><\/p>\n<p style=\"\"><font color=\"#656565\">Hver lampi er n\u00famera\u00f0ur \u00ed r\u00f6\u00f0 og ber TECNOLUMEN \/ BAUHAUS merki.<\/font><\/p>\n<p style=\"\"><font color=\"#656565\">M\u00e1l: 36 cm (h\u00e6\u00f0), 16 cm (\u00d8 grunnur), 18 cm (\u00d8 h\u00f6fu\u00f0)<\/font><\/p>\n<p style=\"\"><font color=\"#656565\">Lei\u00f0beinandi lj\u00f3sgjafi: LED lampi 7 W, matt<\/font><\/p>\n<p style=\"\"><img decoding=\"async\" src=\"data:image\/png;base64,iVBORw0KGgoAAAANSUhEUgAAAN4AAAA\/CAYAAACPf3aQAAAAAXNSR0IArs4c6QAAAARnQU1BAACxjwv8YQUAAAAJcEhZcwAADsMAAA7DAcdvqGQAAA28SURBVHhe7Z15cBTFF8cfqOCBeAYKfyTiQQGKIKQQKym8rUoqYoIlCGVZ\/kPAKCRiBC9AUQwKIiRB\/QkFpUYwhUcSJIIKHmUFJRIoTJSfeMUNghLFElRA0P71t9Oz52S2d3d2Zhb7U9XZ6Z4j83b3Tb9+\/V5vF8YhjUbjKF3lq0ajcRCteBqNC2jF02hcQCueRuMCWvE0GhfQiqfRuIBWPI3GBbTiaTQuEDGB3qVLF7mVWkSLA0hVuYCWLTWxks1U8b766itZSw369++v9AGmmlxAy3aMysZ3hoCm77\/\/Xta8D+7VRIwIcAz\/AGUtNcD9atmOTdn0GC9O\/v77b2psbKQPPvjAXz799FPRrtFEQyteDLS2ttL9999Pubm5dOaZZ9LIkSPp6quv9pfLLruMzj77bLrhhhvogQceEMdrNGZoxVPg8OHDVFpaSgMGDKAnn3ySvvnmGxo3bhw9\/PDDtHTpUqqvrxevqN9888305Zdf0hNPPCGOv+++++jQoUPyShq3+P3332n16tV055130vDhw6l79+6Unp5O2dnZ4jP9+eef5ZGxc+ONN9LXX38ta4pIk9MPmvQYL8Bff\/3Frr\/+enF+YWEh27hxo9xjzYYNG8TxOA\/ncxNU7lHn3z4OAonK9t1337Hx48ezbt26MW6hsMcee4xVVVWxd955h61YsYLNmjWLDRs2jB1\/\/PHi89q3b588U43Ro0ezrKws9uuvv8oWNdm04kVh3rx54tyysjLZEhs4D+cvWrRItqhj\/5dzC6tI\/w9Ll2VS7V7ZHkZTuf+YqMfGif2yhXL06FHGhwXspJNOYkVFRYxbKXKPOd9++y2bOHEi6927N6uurpat1pgpHVCRTSteFIYOHcpGjBgha\/GB8\/G0jRW7v5xbFnMluqOGCRXaXcMmcYWqaBK7QhGKN5HV7Jb1JGC3bMFws5FdeeWVbMiQIczn88lWNbZt28YuuugiVlJSYmmldKZ0QEU2PcaLwoknnkhpaWmyFh9nnHGG3HKTdmr7H38ZmE5Cmj7ZlJtH1NLWjtoxw5EjR4ib9vTbb78JTzPGcbFw6aWXUkNDA23atIny8vLon3\/+kXsCYEz3yy+\/iLH96aefLltjQyteFPj4gN566y1av369bImNl156ifh4QlzHXdKo4Lld5CvJlHUftdXLzRhoryukjKIKqizqSxkZKIVUu7WWJottXopquYq7x\/Tp04Wj5N133437gQdlev\/992nXrl30yCOPyNYO7FA6gez5\/KBJm5oBgp0rzz77LDt48KDcYw3\/0NicOXPEeTgf14mVZJpjxjiuc1MzeIwXMDv31k4Mqu9lNXcEma9yDGl6zTCSIdv27dvF8aoOsGjs2LGDcYvH\/\/+tzMtgVGTTPV4UTjjhBFqzZo14kt5999106qmnUk5ODr388sviqbhz507hqv7iiy\/o7bffpmXLltEVV1xBffv2pfnz59PMmTPpzTffFNfxDk1UWTCfKG8JjR8umyLIpYrNvIf07aKa0nVUvLpJtnO4CZbdBxtplD6QH5mT3WG+Ugalc\/PVLcrKymjUqFF0zTXXyJbEGDhwIE2ePFlMDdnW0xlIBfSDJt3jmQPP2Mknn8z69+\/P+JsvrhleevbsyS6++GKxnyukPDM+ktErAOFkicF5Ino52asFbwNcK+Dx7OgB3ejxDh8+LKYEnnnmGdliD62trey4445jl19+edSezkBFNt3jxcD5558verwJEyaIccTHH39ML7zwAs2bN0+8fvLJJ7Rv3z666aabhFPmlFNOkWd6iK0VNGYh76Uqy6hA9FqK1Pv4qNC7tLW10dGjR+mSSy6RLfYwdepU6tq1Kz311FP29HQSrXhxwp+CxJ+CdPvtt4swMrwihAzt3iVgYs7N79xTKxwoGRX86CDyMrgh6V3gxQR2PuwM8\/Kcc86x\/XM1TQvi5ht\/4738Ngfw+Xx07rnnol+XLeYY6SUXXnihbAkwbdo0uRWdpqYm6t27txjDdQaevnv37qXMTMODGJ1FixbJrQAIQ4oldcZMtmCayvvy3m4G1fiKyfLO9tTS5JH1lLt5megVxXlUJzyiUMrM9XnU9FyBGNdh39J+2+h5ocjtVFs0jNoKd9HUTseOHdgtG76z\/fr1o9dff11YHIkSPKbr06eP+Dxh7aigIltiisfNlgw8QcOYXmv2xvOnbUY+LZC13ErjwwptNzC\/RiR2KB4ft7n6oIEMf\/75p6wFsPfL2aEUxeFTCLz3gxIRFGoqUYVUNqFgU9fJgwLK6lXFA7169aLbbruNFi7ktnQCBCvdDz\/8IOJyP\/\/8c7k3Okqy8Z0hoEnZuRJDhINy1ITYpz7wt8O5grAi\/mHJmrPg\/+L\/m4H7TVQ2VUKdJMknGbKNHTtWhHwdOXJEtsRO+JTBQw89xGbOnCm2VVGRzaExnnrURHtjPa3zu6s1jsBNy6XcBJ1kMe5LBUpKSuinn36iuro62RIb4VMGXPlo8eLFYvxuNw4pnmrURDs1rOfmjaGgGmfoU0DPRxv3pQBI8UFeJObzYsVsng45lci9VDFzY8Udr+bWBjGmG5wepl57GmgdV8jpo1L9K6Bxi6efflpM9SAhec+ePbLVGjOl27p1K61cudLU6WUHNijeOioeacTtoYS5oSOwiJrY4+NXy6X0lDYz4WAIvB+T646NIOT29nbhaAhe6iK4eAUEOdfU1ND+\/fvpnnvuka2dYyjd2rVrQ+bppkyZIiKPrLzXCSHHen7QlAznioFV1ESIA0YRR50rRgzj4i2yIZKQyA4rJ5LEK86VzqioqGDnnXee+B\/l5eXi1awcOHBAnqFGsmWbPXu2OLelpUW2RGI4UsKTX1988UU2ePBgWYsdFdmcNTUtoyaaaBP2+eP+PAamTj7KpppSWTelY4zqlyHFU28wvikuLhbpMciywPwY4lODy4MPPiiP9hYYn\/Xo0YNWrVolW0IJ7unCsxgeffRRUZKJg4oXJWqis3GfVxheHOQcsmZdqxFc1eFE8qxMFiAdBqlQSGmqrKwU82Mwu6666qqQMmjQIHmGt0DIHta\/QYB6OFZKt2XLFuEZxcMmmTimeE3lmCSfQTVy4jWc9rZm\/ncGZSlMmnuXNCoonEG0sKFjnIuHidlY1uN89tln9Pjjj9O9994rkkpV4NaT3PIOWNQI2SPB92aldGD79u0iFLBbt26yJTkkwbli5lCQ83g0n8YEHRdImmyiakRJlGanvEtb9Iy+bNoE+dDDp+DUyIoVK0TAMVZNUwWB4uglzcoff\/whj3IWhJBhhbgff\/xR1KMpHYADKdas9bgQI70g0KTsXPEATkeuCAeQhXOlw3lUzsQRKepcGTdunFivRIWqqirx\/60KN93k0QGckO3DDz\/0n9+ZIyUcLJDEHziyFh8qsjnrXDnm6ejZcysndPTc0rmy4CPrCRavcfDgQRGRHwtw3\/Pvk2lBDKUbnHbaaeIVkSfRejoDLPdgd2qRGVrxbCW+dUw0yWHo0KEiTQjjPBWlg3JiGX6YpMlGK56tZFJWKR\/1rm+QY9cORdSROO4ABUIEC5KTkcQMxbMqyHJB7+jEMh1a8RJGRqpIR1FmSR1Nr59CmcKBlE8tlduU0psS5dZbb41w9cdbsLQdsq5jAek7XsJwpCxfvlws0YclGjGvh4RWOFzw2xf5+fkhBcc4tdy+ToTlIB9v7ty5SiFGkSCf8L+ULvPYYgWxhVgQKdF8PCxRgC+THbzyyit0wQUXiGUNo4FFnzDHd+DAAfHFViUZ+XgGwd5LeCkxZoPJiURW3CPK6NGjIybJb7nlFrHA0Zw5c2RLfCQ\/H88DOO3VDEeEiFl4OaPhRa8mPIA5OTmyZo3h1dy\/f79sUSNZsoV7L5ubm8U1UOcKwTZv3sz4A0XcN0LgsAQjvJgoWKQKoWaJoiKbNjUTJC1\/mXJES6qAyWOsyBwLXjA1rebpYA2g18S6ODArsVwjfuFpw4YN\/kBvLO\/gFFrxNBHA3NqxY4esqcEf4nLLHayUDkDBNm7cKF6RKLtgwQKaNGkSXXfddf6xrZPTHlrxNBEMGTKEdu\/eLbyBqvTs2VP0emYl2T1JNKUDULBrr71WBH5jkdolS5bQe++9J3L2gh8auF8n0M4VjuFccQs7nCudyRYPuBfktSHWsbq6WraaYzhX4IjhY1XZGgp6k3Dski2a0rW0tAjnCt5jABMayoYwMjxcsI3zDfgYzxHnilY8DhTPbbykeABR+iNGjKCsrCx64403xJKGZrjp1VTp6fDrvTgX8Zfo8TDWO+uss\/wFdUyd4H7uuusu4enEr\/gmgla8IJLx5Uw2bioeeO2112js2LEixQa91qxZs0SaUDDIZEDGt9OKp6J0Bq+++qqY50TWQWfzk83NzVRQUCAcLokuXqskG98ZApr+bdMJXgX367ZsjY2NjPdobMCAAZ7JQFcNeA4G0wgI\/sb1jEBoFASD9+rViy1fvlwemTgqsmnF8zCJfDm9TryyxaN0BocOHWLcOhLKhl+MRcFvo69Zs0YeYQ8qsmmvpialgEdSxbw0o3v37lRVVUVjxozxTyHAu4koFseRCugHTbrH8wbx9gqpwL9dNlPnCj9R1lKDWAbpqYaW7diUzVTxUhGVDzBV0bKlJlayRSieRqNJPtq5otG4gFY8jcYFtOJpNC6gFU+jcQGteBqNC2jF02gch+j\/racBj8KJfgsAAAAASUVORK5CYII=\" alt=\"\"><font color=\"#656565\"><br \/><\/font><\/p>","protected":false},"excerpt":{"rendered":"<p>Gl\u00e6silegur h\u00f6nnunarlampi&nbsp; af ger\u00f0inni 1923 WA23 SW. F\u00f3tur er \u00ed&nbsp; Kr\u00f3m(silfur) og standur er svartur&nbsp;<\/p>","protected":false},"featured_media":32569,"comment_status":"closed","ping_status":"closed","template":"","meta":[],"product_brand":[],"product_cat":[575,518,546],"product_tag":[851,849],"class_list":{"0":"post-32573","1":"product","2":"type-product","3":"status-publish","4":"has-post-thumbnail","6":"product_cat-bordlampar","7":"product_cat-honnunarlausnir","8":"product_cat-lampar","9":"product_tag-lampadagar","10":"product_tag-tecnolumen","12":"first","13":"instock","14":"taxable","15":"shipping-taxable","16":"purchasable","17":"product-type-simple"},"yoast_head":"<!-- This site is optimized with the Yoast SEO plugin v27.3 - https:\/\/yoast.com\/product\/yoast-seo-wordpress\/ -->\n<title>TECNOLUMEN Bor\u00f0lampi WAGENFELD 1923 WA23 SW - V\u00e9lar &amp; Verkf\u00e6ri<\/title>\n<meta name=\"robots\" content=\"index, follow, max-snippet:-1, max-image-preview:large, max-video-preview:-1\" \/>\n<link rel=\"canonical\" href=\"https:\/\/velarogverkfaeri.is\/en\/honnunarlausnir\/lampar\/bordlampar\/product\/tecnolumen-bordlampi-wa23sw-wagenfeld-krom-med-svortum-faeti-honnun-wilhelm-wagenfeld-1923\/\" \/>\n<meta property=\"og:locale\" content=\"en_US\" \/>\n<meta property=\"og:type\" content=\"article\" \/>\n<meta property=\"og:title\" content=\"TECNOLUMEN Bor\u00f0lampi WAGENFELD 1923 WA23 SW - V\u00e9lar &amp; Verkf\u00e6ri\" \/>\n<meta property=\"og:description\" content=\"Gl\u00e6silegur h\u00f6nnunarlampi&nbsp; af ger\u00f0inni 1923 WA23 SW. F\u00f3tur er \u00ed&nbsp; Kr\u00f3m(silfur) og standur er svartur&nbsp;\" \/>\n<meta property=\"og:url\" content=\"https:\/\/velarogverkfaeri.is\/en\/honnunarlausnir\/lampar\/bordlampar\/product\/tecnolumen-bordlampi-wa23sw-wagenfeld-krom-med-svortum-faeti-honnun-wilhelm-wagenfeld-1923\/\" \/>\n<meta property=\"og:site_name\" content=\"V\u00e9lar &amp; Verkf\u00e6ri\" \/>\n<meta property=\"article:publisher\" content=\"https:\/\/www.facebook.com\/VelarOgVerkfaeri\" \/>\n<meta property=\"article:modified_time\" content=\"2026-03-25T13:16:20+00:00\" \/>\n<meta property=\"og:image\" content=\"https:\/\/velarogverkfaeri.is\/wp-content\/uploads\/2023\/06\/a7e41551-7e20-4e0d-a909-e101531d6012.jpeg\" \/>\n\t<meta property=\"og:image:width\" content=\"675\" \/>\n\t<meta property=\"og:image:height\" content=\"900\" \/>\n\t<meta property=\"og:image:type\" content=\"image\/jpeg\" \/>\n<meta name=\"twitter:card\" content=\"summary_large_image\" \/>\n<meta name=\"twitter:label1\" content=\"Est. reading time\" \/>\n\t<meta name=\"twitter:data1\" content=\"1 minute\" \/>\n<script type=\"application\/ld+json\" class=\"yoast-schema-graph\">{\"@context\":\"https:\\\/\\\/schema.org\",\"@graph\":[{\"@type\":\"WebPage\",\"@id\":\"https:\\\/\\\/velarogverkfaeri.is\\\/honnunarlausnir\\\/lampar\\\/bordlampar\\\/product\\\/tecnolumen-bordlampi-wa23sw-wagenfeld-krom-med-svortum-faeti-honnun-wilhelm-wagenfeld-1923\\\/\",\"url\":\"https:\\\/\\\/velarogverkfaeri.is\\\/honnunarlausnir\\\/lampar\\\/bordlampar\\\/product\\\/tecnolumen-bordlampi-wa23sw-wagenfeld-krom-med-svortum-faeti-honnun-wilhelm-wagenfeld-1923\\\/\",\"name\":\"TECNOLUMEN Bor\u00f0lampi WAGENFELD 1923 WA23 SW - V\u00e9lar &amp; Verkf\u00e6ri\",\"isPartOf\":{\"@id\":\"https:\\\/\\\/velarogverkfaeri.is\\\/en\\\/#website\"},\"primaryImageOfPage\":{\"@id\":\"https:\\\/\\\/velarogverkfaeri.is\\\/honnunarlausnir\\\/lampar\\\/bordlampar\\\/product\\\/tecnolumen-bordlampi-wa23sw-wagenfeld-krom-med-svortum-faeti-honnun-wilhelm-wagenfeld-1923\\\/#primaryimage\"},\"image\":{\"@id\":\"https:\\\/\\\/velarogverkfaeri.is\\\/honnunarlausnir\\\/lampar\\\/bordlampar\\\/product\\\/tecnolumen-bordlampi-wa23sw-wagenfeld-krom-med-svortum-faeti-honnun-wilhelm-wagenfeld-1923\\\/#primaryimage\"},\"thumbnailUrl\":\"https:\\\/\\\/velarogverkfaeri.is\\\/wp-content\\\/uploads\\\/2023\\\/06\\\/a7e41551-7e20-4e0d-a909-e101531d6012.jpeg\",\"datePublished\":\"2023-04-28T18:01:41+00:00\",\"dateModified\":\"2026-03-25T13:16:20+00:00\",\"breadcrumb\":{\"@id\":\"https:\\\/\\\/velarogverkfaeri.is\\\/honnunarlausnir\\\/lampar\\\/bordlampar\\\/product\\\/tecnolumen-bordlampi-wa23sw-wagenfeld-krom-med-svortum-faeti-honnun-wilhelm-wagenfeld-1923\\\/#breadcrumb\"},\"inLanguage\":\"en-US\",\"potentialAction\":[{\"@type\":\"ReadAction\",\"target\":[\"https:\\\/\\\/velarogverkfaeri.is\\\/honnunarlausnir\\\/lampar\\\/bordlampar\\\/product\\\/tecnolumen-bordlampi-wa23sw-wagenfeld-krom-med-svortum-faeti-honnun-wilhelm-wagenfeld-1923\\\/\"]}]},{\"@type\":\"ImageObject\",\"inLanguage\":\"en-US\",\"@id\":\"https:\\\/\\\/velarogverkfaeri.is\\\/honnunarlausnir\\\/lampar\\\/bordlampar\\\/product\\\/tecnolumen-bordlampi-wa23sw-wagenfeld-krom-med-svortum-faeti-honnun-wilhelm-wagenfeld-1923\\\/#primaryimage\",\"url\":\"https:\\\/\\\/velarogverkfaeri.is\\\/wp-content\\\/uploads\\\/2023\\\/06\\\/a7e41551-7e20-4e0d-a909-e101531d6012.jpeg\",\"contentUrl\":\"https:\\\/\\\/velarogverkfaeri.is\\\/wp-content\\\/uploads\\\/2023\\\/06\\\/a7e41551-7e20-4e0d-a909-e101531d6012.jpeg\",\"width\":675,\"height\":900},{\"@type\":\"BreadcrumbList\",\"@id\":\"https:\\\/\\\/velarogverkfaeri.is\\\/honnunarlausnir\\\/lampar\\\/bordlampar\\\/product\\\/tecnolumen-bordlampi-wa23sw-wagenfeld-krom-med-svortum-faeti-honnun-wilhelm-wagenfeld-1923\\\/#breadcrumb\",\"itemListElement\":[{\"@type\":\"ListItem\",\"position\":1,\"name\":\"Home\",\"item\":\"https:\\\/\\\/velarogverkfaeri.is\\\/\"},{\"@type\":\"ListItem\",\"position\":2,\"name\":\"Vefverslun\",\"item\":\"https:\\\/\\\/velarogverkfaeri.is\\\/vefverslun\\\/\"},{\"@type\":\"ListItem\",\"position\":3,\"name\":\"TECNOLUMEN Bor\u00f0lampi WAGENFELD 1923 WA23 SW\"}]},{\"@type\":\"WebSite\",\"@id\":\"https:\\\/\\\/velarogverkfaeri.is\\\/en\\\/#website\",\"url\":\"https:\\\/\\\/velarogverkfaeri.is\\\/en\\\/\",\"name\":\"V\u00e9lar & Verkf\u00e6ri\",\"description\":\"Umbo\u00f0s- og heildverslun fr\u00e1 \u00e1rinu 1919\",\"publisher\":{\"@id\":\"https:\\\/\\\/velarogverkfaeri.is\\\/en\\\/#organization\"},\"potentialAction\":[{\"@type\":\"SearchAction\",\"target\":{\"@type\":\"EntryPoint\",\"urlTemplate\":\"https:\\\/\\\/velarogverkfaeri.is\\\/en\\\/?s={search_term_string}\"},\"query-input\":{\"@type\":\"PropertyValueSpecification\",\"valueRequired\":true,\"valueName\":\"search_term_string\"}}],\"inLanguage\":\"en-US\"},{\"@type\":\"Organization\",\"@id\":\"https:\\\/\\\/velarogverkfaeri.is\\\/en\\\/#organization\",\"name\":\"V\u00e9lar & Verkf\u00e6ri\",\"url\":\"https:\\\/\\\/velarogverkfaeri.is\\\/en\\\/\",\"logo\":{\"@type\":\"ImageObject\",\"inLanguage\":\"en-US\",\"@id\":\"https:\\\/\\\/velarogverkfaeri.is\\\/en\\\/#\\\/schema\\\/logo\\\/image\\\/\",\"url\":\"https:\\\/\\\/velarogverkfaeri.is\\\/wp-content\\\/uploads\\\/2021\\\/10\\\/vv_logo_350x100.png\",\"contentUrl\":\"https:\\\/\\\/velarogverkfaeri.is\\\/wp-content\\\/uploads\\\/2021\\\/10\\\/vv_logo_350x100.png\",\"width\":350,\"height\":100,\"caption\":\"V\u00e9lar & Verkf\u00e6ri\"},\"image\":{\"@id\":\"https:\\\/\\\/velarogverkfaeri.is\\\/en\\\/#\\\/schema\\\/logo\\\/image\\\/\"},\"sameAs\":[\"https:\\\/\\\/www.facebook.com\\\/VelarOgVerkfaeri\"]}]}<\/script>\n<!-- \/ Yoast SEO plugin. -->","yoast_head_json":{"title":"TECNOLUMEN Bor\u00f0lampi WAGENFELD 1923 WA23 SW - V\u00e9lar &amp; Verkf\u00e6ri","robots":{"index":"index","follow":"follow","max-snippet":"max-snippet:-1","max-image-preview":"max-image-preview:large","max-video-preview":"max-video-preview:-1"},"canonical":"https:\/\/velarogverkfaeri.is\/en\/honnunarlausnir\/lampar\/bordlampar\/product\/tecnolumen-bordlampi-wa23sw-wagenfeld-krom-med-svortum-faeti-honnun-wilhelm-wagenfeld-1923\/","og_locale":"en_US","og_type":"article","og_title":"TECNOLUMEN Bor\u00f0lampi WAGENFELD 1923 WA23 SW - V\u00e9lar &amp; Verkf\u00e6ri","og_description":"Gl\u00e6silegur h\u00f6nnunarlampi&nbsp; af ger\u00f0inni 1923 WA23 SW. F\u00f3tur er \u00ed&nbsp; Kr\u00f3m(silfur) og standur er svartur&nbsp;","og_url":"https:\/\/velarogverkfaeri.is\/en\/honnunarlausnir\/lampar\/bordlampar\/product\/tecnolumen-bordlampi-wa23sw-wagenfeld-krom-med-svortum-faeti-honnun-wilhelm-wagenfeld-1923\/","og_site_name":"V\u00e9lar &amp; Verkf\u00e6ri","article_publisher":"https:\/\/www.facebook.com\/VelarOgVerkfaeri","article_modified_time":"2026-03-25T13:16:20+00:00","og_image":[{"width":675,"height":900,"url":"https:\/\/velarogverkfaeri.is\/wp-content\/uploads\/2023\/06\/a7e41551-7e20-4e0d-a909-e101531d6012.jpeg","type":"image\/jpeg"}],"twitter_card":"summary_large_image","twitter_misc":{"Est. reading time":"1 minute"},"schema":{"@context":"https:\/\/schema.org","@graph":[{"@type":"WebPage","@id":"https:\/\/velarogverkfaeri.is\/honnunarlausnir\/lampar\/bordlampar\/product\/tecnolumen-bordlampi-wa23sw-wagenfeld-krom-med-svortum-faeti-honnun-wilhelm-wagenfeld-1923\/","url":"https:\/\/velarogverkfaeri.is\/honnunarlausnir\/lampar\/bordlampar\/product\/tecnolumen-bordlampi-wa23sw-wagenfeld-krom-med-svortum-faeti-honnun-wilhelm-wagenfeld-1923\/","name":"TECNOLUMEN Bor\u00f0lampi WAGENFELD 1923 WA23 SW - V\u00e9lar &amp; Verkf\u00e6ri","isPartOf":{"@id":"https:\/\/velarogverkfaeri.is\/en\/#website"},"primaryImageOfPage":{"@id":"https:\/\/velarogverkfaeri.is\/honnunarlausnir\/lampar\/bordlampar\/product\/tecnolumen-bordlampi-wa23sw-wagenfeld-krom-med-svortum-faeti-honnun-wilhelm-wagenfeld-1923\/#primaryimage"},"image":{"@id":"https:\/\/velarogverkfaeri.is\/honnunarlausnir\/lampar\/bordlampar\/product\/tecnolumen-bordlampi-wa23sw-wagenfeld-krom-med-svortum-faeti-honnun-wilhelm-wagenfeld-1923\/#primaryimage"},"thumbnailUrl":"https:\/\/velarogverkfaeri.is\/wp-content\/uploads\/2023\/06\/a7e41551-7e20-4e0d-a909-e101531d6012.jpeg","datePublished":"2023-04-28T18:01:41+00:00","dateModified":"2026-03-25T13:16:20+00:00","breadcrumb":{"@id":"https:\/\/velarogverkfaeri.is\/honnunarlausnir\/lampar\/bordlampar\/product\/tecnolumen-bordlampi-wa23sw-wagenfeld-krom-med-svortum-faeti-honnun-wilhelm-wagenfeld-1923\/#breadcrumb"},"inLanguage":"en-US","potentialAction":[{"@type":"ReadAction","target":["https:\/\/velarogverkfaeri.is\/honnunarlausnir\/lampar\/bordlampar\/product\/tecnolumen-bordlampi-wa23sw-wagenfeld-krom-med-svortum-faeti-honnun-wilhelm-wagenfeld-1923\/"]}]},{"@type":"ImageObject","inLanguage":"en-US","@id":"https:\/\/velarogverkfaeri.is\/honnunarlausnir\/lampar\/bordlampar\/product\/tecnolumen-bordlampi-wa23sw-wagenfeld-krom-med-svortum-faeti-honnun-wilhelm-wagenfeld-1923\/#primaryimage","url":"https:\/\/velarogverkfaeri.is\/wp-content\/uploads\/2023\/06\/a7e41551-7e20-4e0d-a909-e101531d6012.jpeg","contentUrl":"https:\/\/velarogverkfaeri.is\/wp-content\/uploads\/2023\/06\/a7e41551-7e20-4e0d-a909-e101531d6012.jpeg","width":675,"height":900},{"@type":"BreadcrumbList","@id":"https:\/\/velarogverkfaeri.is\/honnunarlausnir\/lampar\/bordlampar\/product\/tecnolumen-bordlampi-wa23sw-wagenfeld-krom-med-svortum-faeti-honnun-wilhelm-wagenfeld-1923\/#breadcrumb","itemListElement":[{"@type":"ListItem","position":1,"name":"Home","item":"https:\/\/velarogverkfaeri.is\/"},{"@type":"ListItem","position":2,"name":"Vefverslun","item":"https:\/\/velarogverkfaeri.is\/vefverslun\/"},{"@type":"ListItem","position":3,"name":"TECNOLUMEN Bor\u00f0lampi WAGENFELD 1923 WA23 SW"}]},{"@type":"WebSite","@id":"https:\/\/velarogverkfaeri.is\/en\/#website","url":"https:\/\/velarogverkfaeri.is\/en\/","name":"V\u00e9lar & Verkf\u00e6ri","description":"Umbo\u00f0s- og heildverslun fr\u00e1 \u00e1rinu 1919","publisher":{"@id":"https:\/\/velarogverkfaeri.is\/en\/#organization"},"potentialAction":[{"@type":"SearchAction","target":{"@type":"EntryPoint","urlTemplate":"https:\/\/velarogverkfaeri.is\/en\/?s={search_term_string}"},"query-input":{"@type":"PropertyValueSpecification","valueRequired":true,"valueName":"search_term_string"}}],"inLanguage":"en-US"},{"@type":"Organization","@id":"https:\/\/velarogverkfaeri.is\/en\/#organization","name":"V\u00e9lar & Verkf\u00e6ri","url":"https:\/\/velarogverkfaeri.is\/en\/","logo":{"@type":"ImageObject","inLanguage":"en-US","@id":"https:\/\/velarogverkfaeri.is\/en\/#\/schema\/logo\/image\/","url":"https:\/\/velarogverkfaeri.is\/wp-content\/uploads\/2021\/10\/vv_logo_350x100.png","contentUrl":"https:\/\/velarogverkfaeri.is\/wp-content\/uploads\/2021\/10\/vv_logo_350x100.png","width":350,"height":100,"caption":"V\u00e9lar & Verkf\u00e6ri"},"image":{"@id":"https:\/\/velarogverkfaeri.is\/en\/#\/schema\/logo\/image\/"},"sameAs":["https:\/\/www.facebook.com\/VelarOgVerkfaeri"]}]}},"_links":{"self":[{"href":"https:\/\/velarogverkfaeri.is\/en\/wp-json\/wp\/v2\/product\/32573","targetHints":{"allow":["GET"]}}],"collection":[{"href":"https:\/\/velarogverkfaeri.is\/en\/wp-json\/wp\/v2\/product"}],"about":[{"href":"https:\/\/velarogverkfaeri.is\/en\/wp-json\/wp\/v2\/types\/product"}],"replies":[{"embeddable":true,"href":"https:\/\/velarogverkfaeri.is\/en\/wp-json\/wp\/v2\/comments?post=32573"}],"wp:featuredmedia":[{"embeddable":true,"href":"https:\/\/velarogverkfaeri.is\/en\/wp-json\/wp\/v2\/media\/32569"}],"wp:attachment":[{"href":"https:\/\/velarogverkfaeri.is\/en\/wp-json\/wp\/v2\/media?parent=32573"}],"wp:term":[{"taxonomy":"product_brand","embeddable":true,"href":"https:\/\/velarogverkfaeri.is\/en\/wp-json\/wp\/v2\/product_brand?post=32573"},{"taxonomy":"product_cat","embeddable":true,"href":"https:\/\/velarogverkfaeri.is\/en\/wp-json\/wp\/v2\/product_cat?post=32573"},{"taxonomy":"product_tag","embeddable":true,"href":"https:\/\/velarogverkfaeri.is\/en\/wp-json\/wp\/v2\/product_tag?post=32573"}],"curies":[{"name":"wp","href":"https:\/\/api.w.org\/{rel}","templated":true}]}}