{"id":32487,"date":"2023-04-28T18:01:29","date_gmt":"2023-04-28T18:01:29","guid":{"rendered":"https:\/\/vv-dev.webdev.is\/uncategorized\/product\/skil-laser-kross-1912-aa-graenn-geisli\/"},"modified":"2026-05-08T11:31:27","modified_gmt":"2026-05-08T11:31:27","slug":"skil-laser-kross-1912-aa-graenn-geisli","status":"publish","type":"product","link":"https:\/\/velarogverkfaeri.is\/en\/verkfaeralausnir\/laser\/linulaserar\/product\/skil-laser-kross-1912-aa-graenn-geisli\/","title":{"rendered":"SKIL Gr\u00e6nn Kross-L\u00ednu Laser"},"content":{"rendered":"<li data-start=\"110\" data-end=\"155\">\n<p data-start=\"112\" data-end=\"155\">Gr\u00e6n leysit\u00e6kni tryggir h\u00e1marks s\u00fdnileika.<\/p>\n<\/li>\n<li data-start=\"156\" data-end=\"256\">\n<p data-start=\"158\" data-end=\"256\">Inniheldur fj\u00f6lh\u00e6fa klemmu sem festist au\u00f0veldlega \u00e1 marga fleti og veitir mikinn sveigjanleika \u00ed notkun.<\/p>\n<\/li>\n<li data-start=\"257\" data-end=\"346\">\n<p data-start=\"259\" data-end=\"346\">Innbygg\u00f0 lit\u00edumj\u00f3narafhla\u00f0a sem h\u00e6gt er a\u00f0 hla\u00f0a au\u00f0veldlega \u00ed gegnum micro-USB tengi.<\/p>\n<\/li>\n<li data-start=\"347\" data-end=\"397\">\n<p data-start=\"349\" data-end=\"397\">Rafhl\u00f6\u00f0uv\u00edsir s\u00fdnir hve mikil hle\u00f0sla er eftir.<\/p>\n<\/li>\n<li data-start=\"398\" data-end=\"429\">\n<p data-start=\"400\" data-end=\"429\">Vinnusvi\u00f0 allt a\u00f0 20 metrar.<\/p>\n<\/li>\n<li data-start=\"674\" data-end=\"738\">\n<p data-start=\"676\" data-end=\"738\">Varpar n\u00e1kv\u00e6mum l\u00e1r\u00e9ttum og l\u00f3\u00f0r\u00e9ttum krossl\u00ednu leysigeislum.<\/p>\n<\/li>\n<li data-start=\"739\" data-end=\"843\">\n<p data-start=\"741\" data-end=\"843\">Hentar einstaklega vel vi\u00f0 heimilisverk eins og g\u00f3lflagnir, veggskreytingar e\u00f0a upphengingu \u00e1 hillum.<\/p>\n<h3 data-start=\"904\" data-end=\"921\"><strong data-start=\"908\" data-end=\"921\">T\u00e6knilegar uppl\u00fdsingar:<\/strong><\/h3>\n<p data-start=\"741\" data-end=\"843\">\n<ul data-start=\"922\" data-end=\"1273\">\n<li data-start=\"922\" data-end=\"957\">\n<p data-start=\"924\" data-end=\"957\"><strong data-start=\"924\" data-end=\"940\">Ger\u00f0 lasers:<\/strong> 520 nan\u00f3metrar<\/p>\n<\/li>\n<li data-start=\"958\" data-end=\"981\">\n<p data-start=\"960\" data-end=\"981\"><strong data-start=\"960\" data-end=\"977\">Flokkur lasers:<\/strong> 2<\/p>\n<\/li>\n<li data-start=\"982\" data-end=\"1008\">\n<p data-start=\"984\" data-end=\"1008\"><strong data-start=\"984\" data-end=\"1003\">Sj\u00e1lfstillandi:<\/strong> J\u00e1<\/p>\n<\/li>\n<li data-start=\"1009\" data-end=\"1055\">\n<p data-start=\"1011\" data-end=\"1055\"><strong data-start=\"1011\" data-end=\"1034\">Stillingarn\u00e1kv\u00e6mni:<\/strong> \u00b1 0,5 mm \u00e1 1 meter<\/p>\n<\/li>\n<li data-start=\"1056\" data-end=\"1084\">\n<p data-start=\"1058\" data-end=\"1084\"><strong data-start=\"1058\" data-end=\"1072\">Vinnusvi\u00f0:<\/strong> 20 metrar<\/p>\n<\/li>\n<li data-start=\"1085\" data-end=\"1114\">\n<p data-start=\"1087\" data-end=\"1114\"><strong data-start=\"1087\" data-end=\"1107\">Sj\u00e1lfstillisvi\u00f0:<\/strong> \u00b1 4\u00b0<\/p>\n<\/li>\n<li data-start=\"1115\" data-end=\"1151\">\n<p data-start=\"1117\" data-end=\"1151\"><strong data-start=\"1117\" data-end=\"1136\">Stillingart\u00edmi:<\/strong> &lt; 5 sek\u00fandur<\/p>\n<\/li>\n<li data-start=\"1152\" data-end=\"1179\">\n<p data-start=\"1154\" data-end=\"1179\"><strong data-start=\"1154\" data-end=\"1165\">Spenna:<\/strong> 3,7V Li-ion<\/p>\n<\/li>\n<li data-start=\"1180\" data-end=\"1213\">\n<p data-start=\"1182\" data-end=\"1213\"><strong data-start=\"1182\" data-end=\"1204\">Rafhl\u00f6\u00f0ust\u00e6r\u00f0:<\/strong> 1,2 Ah<\/p>\n<\/li>\n<li data-start=\"1214\" data-end=\"1251\">\n<p data-start=\"1216\" data-end=\"1251\"><strong data-start=\"1216\" data-end=\"1233\">Endingart\u00edmi:<\/strong> 6 klukkustundir<\/p>\n<\/li>\n<li data-start=\"1252\" data-end=\"1273\">\n<p data-start=\"1254\" data-end=\"1273\"><strong data-start=\"1254\" data-end=\"1264\">\u00deyngd:<\/strong> 0,3 kg<\/p>\n<h3 data-start=\"1280\" data-end=\"1307\"><strong data-start=\"1284\" data-end=\"1307\">Innihald pakkningar<\/strong><\/h3>\n<p data-start=\"1254\" data-end=\"1273\">\n<ul data-start=\"1308\" data-end=\"1380\" data-is-last-node=\"\" data-is-only-node=\"\">\n<li data-start=\"1308\" data-end=\"1338\">\n<p data-start=\"1310\" data-end=\"1338\">SKIL 1912 krossl\u00ednu laser<\/p>\n<\/li>\n<li data-start=\"1339\" data-end=\"1361\">\n<p data-start=\"1341\" data-end=\"1361\">Sveigjanleg klemma<\/p>\n<\/li>\n<li data-start=\"1362\" data-end=\"1380\" data-is-last-node=\"\">\n<p data-start=\"1364\" data-end=\"1380\" data-is-last-node=\"\">USB hle\u00f0slusn\u00fara<\/p>\n<\/li>\n<\/ul>\n<\/li>\n<\/ul>\n<\/li>","protected":false},"excerpt":{"rendered":"<p>G\u00f3\u00f0ur krossl\u00ednulaser (gr\u00e6nn) og USB hle\u00f0slusn\u00fara fr\u00e1 SKIL.<\/p>","protected":false},"featured_media":49146,"comment_status":"closed","ping_status":"closed","template":"","meta":[],"product_brand":[],"product_cat":[589,759,515],"product_tag":[1096,1023,1087],"class_list":{"0":"post-32487","1":"product","2":"type-product","3":"status-publish","4":"has-post-thumbnail","6":"product_cat-laser","7":"product_cat-linulaserar","8":"product_cat-verkfaeralausnir","9":"product_tag-laser","10":"product_tag-skil","11":"product_tag-verkfaerataskaheimilisins","13":"first","14":"instock","15":"taxable","16":"shipping-taxable","17":"purchasable","18":"product-type-simple"},"yoast_head":"<!-- This site is optimized with the Yoast SEO plugin v27.3 - https:\/\/yoast.com\/product\/yoast-seo-wordpress\/ -->\n<title>SKIL Gr\u00e6nn Kross-L\u00ednu Laser - V\u00e9lar &amp; Verkf\u00e6ri<\/title>\n<meta name=\"robots\" content=\"index, follow, max-snippet:-1, max-image-preview:large, max-video-preview:-1\" \/>\n<link rel=\"canonical\" href=\"https:\/\/velarogverkfaeri.is\/en\/verkfaeralausnir\/laser\/linulaserar\/product\/skil-laser-kross-1912-aa-graenn-geisli\/\" \/>\n<meta property=\"og:locale\" content=\"en_US\" \/>\n<meta property=\"og:type\" content=\"article\" \/>\n<meta property=\"og:title\" content=\"SKIL Gr\u00e6nn Kross-L\u00ednu Laser - V\u00e9lar &amp; Verkf\u00e6ri\" \/>\n<meta property=\"og:description\" content=\"G\u00f3\u00f0ur krossl\u00ednulaser (gr\u00e6nn) og USB hle\u00f0slusn\u00fara fr\u00e1 SKIL.\" \/>\n<meta property=\"og:url\" content=\"https:\/\/velarogverkfaeri.is\/en\/verkfaeralausnir\/laser\/linulaserar\/product\/skil-laser-kross-1912-aa-graenn-geisli\/\" \/>\n<meta property=\"og:site_name\" content=\"V\u00e9lar &amp; Verkf\u00e6ri\" \/>\n<meta property=\"article:publisher\" content=\"https:\/\/www.facebook.com\/VelarOgVerkfaeri\" \/>\n<meta property=\"article:modified_time\" content=\"2026-05-08T11:31:27+00:00\" \/>\n<meta property=\"og:image\" content=\"https:\/\/velarogverkfaeri.is\/wp-content\/uploads\/2023\/09\/3eac038c-ac24-4d7f-b5ab-84c63be0b6b0.jpg\" \/>\n\t<meta property=\"og:image:width\" content=\"656\" \/>\n\t<meta property=\"og:image:height\" content=\"467\" \/>\n\t<meta property=\"og:image:type\" content=\"image\/jpeg\" \/>\n<meta name=\"twitter:card\" content=\"summary_large_image\" \/>\n<meta name=\"twitter:label1\" content=\"Est. reading time\" \/>\n\t<meta name=\"twitter:data1\" content=\"1 minute\" \/>\n<script type=\"application\/ld+json\" class=\"yoast-schema-graph\">{\"@context\":\"https:\\\/\\\/schema.org\",\"@graph\":[{\"@type\":\"WebPage\",\"@id\":\"https:\\\/\\\/velarogverkfaeri.is\\\/verkfaeralausnir\\\/laser\\\/linulaserar\\\/product\\\/skil-laser-kross-1912-aa-graenn-geisli\\\/\",\"url\":\"https:\\\/\\\/velarogverkfaeri.is\\\/verkfaeralausnir\\\/laser\\\/linulaserar\\\/product\\\/skil-laser-kross-1912-aa-graenn-geisli\\\/\",\"name\":\"SKIL Gr\u00e6nn Kross-L\u00ednu Laser - V\u00e9lar &amp; Verkf\u00e6ri\",\"isPartOf\":{\"@id\":\"https:\\\/\\\/velarogverkfaeri.is\\\/en\\\/#website\"},\"primaryImageOfPage\":{\"@id\":\"https:\\\/\\\/velarogverkfaeri.is\\\/verkfaeralausnir\\\/laser\\\/linulaserar\\\/product\\\/skil-laser-kross-1912-aa-graenn-geisli\\\/#primaryimage\"},\"image\":{\"@id\":\"https:\\\/\\\/velarogverkfaeri.is\\\/verkfaeralausnir\\\/laser\\\/linulaserar\\\/product\\\/skil-laser-kross-1912-aa-graenn-geisli\\\/#primaryimage\"},\"thumbnailUrl\":\"https:\\\/\\\/velarogverkfaeri.is\\\/wp-content\\\/uploads\\\/2023\\\/09\\\/3eac038c-ac24-4d7f-b5ab-84c63be0b6b0.jpg\",\"datePublished\":\"2023-04-28T18:01:29+00:00\",\"dateModified\":\"2026-05-08T11:31:27+00:00\",\"breadcrumb\":{\"@id\":\"https:\\\/\\\/velarogverkfaeri.is\\\/verkfaeralausnir\\\/laser\\\/linulaserar\\\/product\\\/skil-laser-kross-1912-aa-graenn-geisli\\\/#breadcrumb\"},\"inLanguage\":\"en-US\",\"potentialAction\":[{\"@type\":\"ReadAction\",\"target\":[\"https:\\\/\\\/velarogverkfaeri.is\\\/verkfaeralausnir\\\/laser\\\/linulaserar\\\/product\\\/skil-laser-kross-1912-aa-graenn-geisli\\\/\"]}]},{\"@type\":\"ImageObject\",\"inLanguage\":\"en-US\",\"@id\":\"https:\\\/\\\/velarogverkfaeri.is\\\/verkfaeralausnir\\\/laser\\\/linulaserar\\\/product\\\/skil-laser-kross-1912-aa-graenn-geisli\\\/#primaryimage\",\"url\":\"https:\\\/\\\/velarogverkfaeri.is\\\/wp-content\\\/uploads\\\/2023\\\/09\\\/3eac038c-ac24-4d7f-b5ab-84c63be0b6b0.jpg\",\"contentUrl\":\"https:\\\/\\\/velarogverkfaeri.is\\\/wp-content\\\/uploads\\\/2023\\\/09\\\/3eac038c-ac24-4d7f-b5ab-84c63be0b6b0.jpg\",\"width\":656,\"height\":467},{\"@type\":\"BreadcrumbList\",\"@id\":\"https:\\\/\\\/velarogverkfaeri.is\\\/verkfaeralausnir\\\/laser\\\/linulaserar\\\/product\\\/skil-laser-kross-1912-aa-graenn-geisli\\\/#breadcrumb\",\"itemListElement\":[{\"@type\":\"ListItem\",\"position\":1,\"name\":\"Home\",\"item\":\"https:\\\/\\\/velarogverkfaeri.is\\\/\"},{\"@type\":\"ListItem\",\"position\":2,\"name\":\"Vefverslun\",\"item\":\"https:\\\/\\\/velarogverkfaeri.is\\\/vefverslun\\\/\"},{\"@type\":\"ListItem\",\"position\":3,\"name\":\"SKIL Gr\u00e6nn Kross-L\u00ednu Laser\"}]},{\"@type\":\"WebSite\",\"@id\":\"https:\\\/\\\/velarogverkfaeri.is\\\/en\\\/#website\",\"url\":\"https:\\\/\\\/velarogverkfaeri.is\\\/en\\\/\",\"name\":\"V\u00e9lar & Verkf\u00e6ri\",\"description\":\"Umbo\u00f0s- og heildverslun fr\u00e1 \u00e1rinu 1919\",\"publisher\":{\"@id\":\"https:\\\/\\\/velarogverkfaeri.is\\\/en\\\/#organization\"},\"potentialAction\":[{\"@type\":\"SearchAction\",\"target\":{\"@type\":\"EntryPoint\",\"urlTemplate\":\"https:\\\/\\\/velarogverkfaeri.is\\\/en\\\/?s={search_term_string}\"},\"query-input\":{\"@type\":\"PropertyValueSpecification\",\"valueRequired\":true,\"valueName\":\"search_term_string\"}}],\"inLanguage\":\"en-US\"},{\"@type\":\"Organization\",\"@id\":\"https:\\\/\\\/velarogverkfaeri.is\\\/en\\\/#organization\",\"name\":\"V\u00e9lar & Verkf\u00e6ri\",\"url\":\"https:\\\/\\\/velarogverkfaeri.is\\\/en\\\/\",\"logo\":{\"@type\":\"ImageObject\",\"inLanguage\":\"en-US\",\"@id\":\"https:\\\/\\\/velarogverkfaeri.is\\\/en\\\/#\\\/schema\\\/logo\\\/image\\\/\",\"url\":\"https:\\\/\\\/velarogverkfaeri.is\\\/wp-content\\\/uploads\\\/2021\\\/10\\\/vv_logo_350x100.png\",\"contentUrl\":\"https:\\\/\\\/velarogverkfaeri.is\\\/wp-content\\\/uploads\\\/2021\\\/10\\\/vv_logo_350x100.png\",\"width\":350,\"height\":100,\"caption\":\"V\u00e9lar & Verkf\u00e6ri\"},\"image\":{\"@id\":\"https:\\\/\\\/velarogverkfaeri.is\\\/en\\\/#\\\/schema\\\/logo\\\/image\\\/\"},\"sameAs\":[\"https:\\\/\\\/www.facebook.com\\\/VelarOgVerkfaeri\"]}]}<\/script>\n<!-- \/ Yoast SEO plugin. -->","yoast_head_json":{"title":"SKIL Gr\u00e6nn Kross-L\u00ednu Laser - V\u00e9lar &amp; Verkf\u00e6ri","robots":{"index":"index","follow":"follow","max-snippet":"max-snippet:-1","max-image-preview":"max-image-preview:large","max-video-preview":"max-video-preview:-1"},"canonical":"https:\/\/velarogverkfaeri.is\/en\/verkfaeralausnir\/laser\/linulaserar\/product\/skil-laser-kross-1912-aa-graenn-geisli\/","og_locale":"en_US","og_type":"article","og_title":"SKIL Gr\u00e6nn Kross-L\u00ednu Laser - V\u00e9lar &amp; Verkf\u00e6ri","og_description":"G\u00f3\u00f0ur krossl\u00ednulaser (gr\u00e6nn) og USB hle\u00f0slusn\u00fara fr\u00e1 SKIL.","og_url":"https:\/\/velarogverkfaeri.is\/en\/verkfaeralausnir\/laser\/linulaserar\/product\/skil-laser-kross-1912-aa-graenn-geisli\/","og_site_name":"V\u00e9lar &amp; Verkf\u00e6ri","article_publisher":"https:\/\/www.facebook.com\/VelarOgVerkfaeri","article_modified_time":"2026-05-08T11:31:27+00:00","og_image":[{"width":656,"height":467,"url":"https:\/\/velarogverkfaeri.is\/wp-content\/uploads\/2023\/09\/3eac038c-ac24-4d7f-b5ab-84c63be0b6b0.jpg","type":"image\/jpeg"}],"twitter_card":"summary_large_image","twitter_misc":{"Est. reading time":"1 minute"},"schema":{"@context":"https:\/\/schema.org","@graph":[{"@type":"WebPage","@id":"https:\/\/velarogverkfaeri.is\/verkfaeralausnir\/laser\/linulaserar\/product\/skil-laser-kross-1912-aa-graenn-geisli\/","url":"https:\/\/velarogverkfaeri.is\/verkfaeralausnir\/laser\/linulaserar\/product\/skil-laser-kross-1912-aa-graenn-geisli\/","name":"SKIL Gr\u00e6nn Kross-L\u00ednu Laser - V\u00e9lar &amp; Verkf\u00e6ri","isPartOf":{"@id":"https:\/\/velarogverkfaeri.is\/en\/#website"},"primaryImageOfPage":{"@id":"https:\/\/velarogverkfaeri.is\/verkfaeralausnir\/laser\/linulaserar\/product\/skil-laser-kross-1912-aa-graenn-geisli\/#primaryimage"},"image":{"@id":"https:\/\/velarogverkfaeri.is\/verkfaeralausnir\/laser\/linulaserar\/product\/skil-laser-kross-1912-aa-graenn-geisli\/#primaryimage"},"thumbnailUrl":"https:\/\/velarogverkfaeri.is\/wp-content\/uploads\/2023\/09\/3eac038c-ac24-4d7f-b5ab-84c63be0b6b0.jpg","datePublished":"2023-04-28T18:01:29+00:00","dateModified":"2026-05-08T11:31:27+00:00","breadcrumb":{"@id":"https:\/\/velarogverkfaeri.is\/verkfaeralausnir\/laser\/linulaserar\/product\/skil-laser-kross-1912-aa-graenn-geisli\/#breadcrumb"},"inLanguage":"en-US","potentialAction":[{"@type":"ReadAction","target":["https:\/\/velarogverkfaeri.is\/verkfaeralausnir\/laser\/linulaserar\/product\/skil-laser-kross-1912-aa-graenn-geisli\/"]}]},{"@type":"ImageObject","inLanguage":"en-US","@id":"https:\/\/velarogverkfaeri.is\/verkfaeralausnir\/laser\/linulaserar\/product\/skil-laser-kross-1912-aa-graenn-geisli\/#primaryimage","url":"https:\/\/velarogverkfaeri.is\/wp-content\/uploads\/2023\/09\/3eac038c-ac24-4d7f-b5ab-84c63be0b6b0.jpg","contentUrl":"https:\/\/velarogverkfaeri.is\/wp-content\/uploads\/2023\/09\/3eac038c-ac24-4d7f-b5ab-84c63be0b6b0.jpg","width":656,"height":467},{"@type":"BreadcrumbList","@id":"https:\/\/velarogverkfaeri.is\/verkfaeralausnir\/laser\/linulaserar\/product\/skil-laser-kross-1912-aa-graenn-geisli\/#breadcrumb","itemListElement":[{"@type":"ListItem","position":1,"name":"Home","item":"https:\/\/velarogverkfaeri.is\/"},{"@type":"ListItem","position":2,"name":"Vefverslun","item":"https:\/\/velarogverkfaeri.is\/vefverslun\/"},{"@type":"ListItem","position":3,"name":"SKIL Gr\u00e6nn Kross-L\u00ednu Laser"}]},{"@type":"WebSite","@id":"https:\/\/velarogverkfaeri.is\/en\/#website","url":"https:\/\/velarogverkfaeri.is\/en\/","name":"V\u00e9lar & Verkf\u00e6ri","description":"Umbo\u00f0s- og heildverslun fr\u00e1 \u00e1rinu 1919","publisher":{"@id":"https:\/\/velarogverkfaeri.is\/en\/#organization"},"potentialAction":[{"@type":"SearchAction","target":{"@type":"EntryPoint","urlTemplate":"https:\/\/velarogverkfaeri.is\/en\/?s={search_term_string}"},"query-input":{"@type":"PropertyValueSpecification","valueRequired":true,"valueName":"search_term_string"}}],"inLanguage":"en-US"},{"@type":"Organization","@id":"https:\/\/velarogverkfaeri.is\/en\/#organization","name":"V\u00e9lar & Verkf\u00e6ri","url":"https:\/\/velarogverkfaeri.is\/en\/","logo":{"@type":"ImageObject","inLanguage":"en-US","@id":"https:\/\/velarogverkfaeri.is\/en\/#\/schema\/logo\/image\/","url":"https:\/\/velarogverkfaeri.is\/wp-content\/uploads\/2021\/10\/vv_logo_350x100.png","contentUrl":"https:\/\/velarogverkfaeri.is\/wp-content\/uploads\/2021\/10\/vv_logo_350x100.png","width":350,"height":100,"caption":"V\u00e9lar & Verkf\u00e6ri"},"image":{"@id":"https:\/\/velarogverkfaeri.is\/en\/#\/schema\/logo\/image\/"},"sameAs":["https:\/\/www.facebook.com\/VelarOgVerkfaeri"]}]}},"_links":{"self":[{"href":"https:\/\/velarogverkfaeri.is\/en\/wp-json\/wp\/v2\/product\/32487","targetHints":{"allow":["GET"]}}],"collection":[{"href":"https:\/\/velarogverkfaeri.is\/en\/wp-json\/wp\/v2\/product"}],"about":[{"href":"https:\/\/velarogverkfaeri.is\/en\/wp-json\/wp\/v2\/types\/product"}],"replies":[{"embeddable":true,"href":"https:\/\/velarogverkfaeri.is\/en\/wp-json\/wp\/v2\/comments?post=32487"}],"wp:featuredmedia":[{"embeddable":true,"href":"https:\/\/velarogverkfaeri.is\/en\/wp-json\/wp\/v2\/media\/49146"}],"wp:attachment":[{"href":"https:\/\/velarogverkfaeri.is\/en\/wp-json\/wp\/v2\/media?parent=32487"}],"wp:term":[{"taxonomy":"product_brand","embeddable":true,"href":"https:\/\/velarogverkfaeri.is\/en\/wp-json\/wp\/v2\/product_brand?post=32487"},{"taxonomy":"product_cat","embeddable":true,"href":"https:\/\/velarogverkfaeri.is\/en\/wp-json\/wp\/v2\/product_cat?post=32487"},{"taxonomy":"product_tag","embeddable":true,"href":"https:\/\/velarogverkfaeri.is\/en\/wp-json\/wp\/v2\/product_tag?post=32487"}],"curies":[{"name":"wp","href":"https:\/\/api.w.org\/{rel}","templated":true}]}}