{"id":32353,"date":"2023-04-28T18:00:55","date_gmt":"2023-04-28T18:00:55","guid":{"rendered":"https:\/\/vv-dev.webdev.is\/uncategorized\/product\/beslag-design-wc-rullu-haldari-krom-runadur\/"},"modified":"2025-10-24T11:50:07","modified_gmt":"2025-10-24T11:50:07","slug":"beslag-design-wc-rullu-haldari-krom-runadur","status":"publish","type":"product","link":"https:\/\/velarogverkfaeri.is\/en\/lykillausnir\/badherbergi-lykillausnir\/salernirsrulluhaldarar\/product\/beslag-design-wc-rullu-haldari-krom-runadur\/","title":{"rendered":"BESLAG DESIGN Kl\u00f3settr\u00falluhaldari Kr\u00f3m 30x106x137 mm 60601-21"},"content":{"rendered":"<p>V\u00f6rud\u00fdpt: 30 mm<\/p>\n<p>H\u00e6\u00f0 v\u00f6ru: 106 mm<\/p>\n<p>V\u00f6rulengd: 137 mm<\/p>\n<p>\u00c1fer\u00f0: F\u00e1\u00f0ur kr\u00f3m<\/p>\n<p><\/p>\n<p>Allar v\u00f6rur \u00ed Base &amp; Solid ser\u00edunni eru me\u00f0 sj\u00e1lfl\u00edmandi baki. Au\u00f0velt a\u00f0 setja upp \u00e1n \u00feess a\u00f0 bora.<\/p>\n<p>Festur \u00e1 varanlega sl\u00e9tta fleti eins og fl\u00edsar, lakka\u00f0 e\u00f0a sp\u00f3na\u00f0 pl\u00f6tuefni o.fl. Ekki er r\u00e1\u00f0legt a\u00f0 festa v\u00f6rurnar \u00e1 \u00f3j\u00f6fn\/gr\u00f3ft yfirbor\u00f0 \u00fear sem l\u00edmbandi\u00f0 n\u00e6r ekki fullri snertingu e\u00f0a yfirbor\u00f0 sem getur runni\u00f0 eins og t.d. votr\u00fdmisveggf\u00f3\u00f0ur. \u00c1 n\u00fdfl\u00edsal\u00f6g\u00f0um veggjum er mikilv\u00e6gt a\u00f0 yfirbor\u00f0i\u00f0 s\u00e9 hreinsa\u00f0 vel \u00feannig a\u00f0 engin f\u00fagafilma sitji eftir \u00e1 uppsetningarfletinum.<\/p>\n<p>Uppsetningarlei\u00f0beiningar<\/p>\n<p>Hreinsi\u00f0 undirlagi\u00f0 vandlega og leyfi\u00f0 \u00fev\u00ed a\u00f0 \u00feorna. (\u00devottaefnin mega ekki innihalda ol\u00edu)<\/p>\n<p>Fjarl\u00e6g\u00f0u hl\u00edf\u00f0arfilmuna.<\/p>\n<p>Beri\u00f0 v\u00f6runa \u00e1 me\u00f0 \u00fev\u00ed a\u00f0 \u00fer\u00fdsta henni a\u00f0 undirlaginu \u00ed 10 sek\u00fandur.<\/p>\n<p>Til a\u00f0 n\u00e1 sem bestum \u00e1rangri skaltu leyfa l\u00edmi\u00f0 a\u00f0 har\u00f0na \u00ed 24 klukkustundir fyrir notkun.<\/p>\n<p>\u00deegar \u00fe\u00fa \u00fer\u00edfur v\u00f6runa skaltu nota hreinan, rakan kl\u00fat.<\/p>","protected":false},"excerpt":{"rendered":"<p>Tegund: 60601-21<\/p>","protected":false},"featured_media":32352,"comment_status":"closed","ping_status":"closed","template":"","meta":[],"product_brand":[],"product_cat":[580,618,517],"product_tag":[],"class_list":{"0":"post-32353","1":"product","2":"type-product","3":"status-publish","4":"has-post-thumbnail","6":"product_cat-badherbergi-lykillausnir","7":"product_cat-salernirsrulluhaldarar","8":"product_cat-lykillausnir","10":"first","11":"instock","12":"taxable","13":"shipping-taxable","14":"purchasable","15":"product-type-simple"},"yoast_head":"<!-- This site is optimized with the Yoast SEO plugin v27.3 - https:\/\/yoast.com\/product\/yoast-seo-wordpress\/ -->\n<title>BESLAG DESIGN Kl\u00f3settr\u00falluhaldari Kr\u00f3m 30x106x137 mm 60601-21 - V\u00e9lar &amp; Verkf\u00e6ri<\/title>\n<meta name=\"robots\" content=\"index, follow, max-snippet:-1, max-image-preview:large, max-video-preview:-1\" \/>\n<link rel=\"canonical\" href=\"https:\/\/velarogverkfaeri.is\/en\/lykillausnir\/badherbergi-lykillausnir\/salernirsrulluhaldarar\/product\/beslag-design-wc-rullu-haldari-krom-runadur\/\" \/>\n<meta property=\"og:locale\" content=\"en_US\" \/>\n<meta property=\"og:type\" content=\"article\" \/>\n<meta property=\"og:title\" content=\"BESLAG DESIGN Kl\u00f3settr\u00falluhaldari Kr\u00f3m 30x106x137 mm 60601-21 - V\u00e9lar &amp; Verkf\u00e6ri\" \/>\n<meta property=\"og:description\" content=\"Tegund: 60601-21\" \/>\n<meta property=\"og:url\" content=\"https:\/\/velarogverkfaeri.is\/en\/lykillausnir\/badherbergi-lykillausnir\/salernirsrulluhaldarar\/product\/beslag-design-wc-rullu-haldari-krom-runadur\/\" \/>\n<meta property=\"og:site_name\" content=\"V\u00e9lar &amp; Verkf\u00e6ri\" \/>\n<meta property=\"article:publisher\" content=\"https:\/\/www.facebook.com\/VelarOgVerkfaeri\" \/>\n<meta property=\"article:modified_time\" content=\"2025-10-24T11:50:07+00:00\" \/>\n<meta property=\"og:image\" content=\"https:\/\/velarogverkfaeri.is\/wp-content\/uploads\/2023\/06\/6fe86d9a-be53-4abe-b1c3-dd3cc462a300.jpeg\" \/>\n\t<meta property=\"og:image:width\" content=\"960\" \/>\n\t<meta property=\"og:image:height\" content=\"960\" \/>\n\t<meta property=\"og:image:type\" content=\"image\/jpeg\" \/>\n<meta name=\"twitter:card\" content=\"summary_large_image\" \/>\n<meta name=\"twitter:label1\" content=\"Est. reading time\" \/>\n\t<meta name=\"twitter:data1\" content=\"1 minute\" \/>\n<script type=\"application\/ld+json\" class=\"yoast-schema-graph\">{\"@context\":\"https:\\\/\\\/schema.org\",\"@graph\":[{\"@type\":\"WebPage\",\"@id\":\"https:\\\/\\\/velarogverkfaeri.is\\\/lykillausnir\\\/badherbergi-lykillausnir\\\/salernirsrulluhaldarar\\\/product\\\/beslag-design-wc-rullu-haldari-krom-runadur\\\/\",\"url\":\"https:\\\/\\\/velarogverkfaeri.is\\\/lykillausnir\\\/badherbergi-lykillausnir\\\/salernirsrulluhaldarar\\\/product\\\/beslag-design-wc-rullu-haldari-krom-runadur\\\/\",\"name\":\"BESLAG DESIGN Kl\u00f3settr\u00falluhaldari Kr\u00f3m 30x106x137 mm 60601-21 - V\u00e9lar &amp; Verkf\u00e6ri\",\"isPartOf\":{\"@id\":\"https:\\\/\\\/velarogverkfaeri.is\\\/en\\\/#website\"},\"primaryImageOfPage\":{\"@id\":\"https:\\\/\\\/velarogverkfaeri.is\\\/lykillausnir\\\/badherbergi-lykillausnir\\\/salernirsrulluhaldarar\\\/product\\\/beslag-design-wc-rullu-haldari-krom-runadur\\\/#primaryimage\"},\"image\":{\"@id\":\"https:\\\/\\\/velarogverkfaeri.is\\\/lykillausnir\\\/badherbergi-lykillausnir\\\/salernirsrulluhaldarar\\\/product\\\/beslag-design-wc-rullu-haldari-krom-runadur\\\/#primaryimage\"},\"thumbnailUrl\":\"https:\\\/\\\/velarogverkfaeri.is\\\/wp-content\\\/uploads\\\/2023\\\/06\\\/6fe86d9a-be53-4abe-b1c3-dd3cc462a300.jpeg\",\"datePublished\":\"2023-04-28T18:00:55+00:00\",\"dateModified\":\"2025-10-24T11:50:07+00:00\",\"breadcrumb\":{\"@id\":\"https:\\\/\\\/velarogverkfaeri.is\\\/lykillausnir\\\/badherbergi-lykillausnir\\\/salernirsrulluhaldarar\\\/product\\\/beslag-design-wc-rullu-haldari-krom-runadur\\\/#breadcrumb\"},\"inLanguage\":\"en-US\",\"potentialAction\":[{\"@type\":\"ReadAction\",\"target\":[\"https:\\\/\\\/velarogverkfaeri.is\\\/lykillausnir\\\/badherbergi-lykillausnir\\\/salernirsrulluhaldarar\\\/product\\\/beslag-design-wc-rullu-haldari-krom-runadur\\\/\"]}]},{\"@type\":\"ImageObject\",\"inLanguage\":\"en-US\",\"@id\":\"https:\\\/\\\/velarogverkfaeri.is\\\/lykillausnir\\\/badherbergi-lykillausnir\\\/salernirsrulluhaldarar\\\/product\\\/beslag-design-wc-rullu-haldari-krom-runadur\\\/#primaryimage\",\"url\":\"https:\\\/\\\/velarogverkfaeri.is\\\/wp-content\\\/uploads\\\/2023\\\/06\\\/6fe86d9a-be53-4abe-b1c3-dd3cc462a300.jpeg\",\"contentUrl\":\"https:\\\/\\\/velarogverkfaeri.is\\\/wp-content\\\/uploads\\\/2023\\\/06\\\/6fe86d9a-be53-4abe-b1c3-dd3cc462a300.jpeg\",\"width\":960,\"height\":960},{\"@type\":\"BreadcrumbList\",\"@id\":\"https:\\\/\\\/velarogverkfaeri.is\\\/lykillausnir\\\/badherbergi-lykillausnir\\\/salernirsrulluhaldarar\\\/product\\\/beslag-design-wc-rullu-haldari-krom-runadur\\\/#breadcrumb\",\"itemListElement\":[{\"@type\":\"ListItem\",\"position\":1,\"name\":\"Home\",\"item\":\"https:\\\/\\\/velarogverkfaeri.is\\\/\"},{\"@type\":\"ListItem\",\"position\":2,\"name\":\"Vefverslun\",\"item\":\"https:\\\/\\\/velarogverkfaeri.is\\\/vefverslun\\\/\"},{\"@type\":\"ListItem\",\"position\":3,\"name\":\"BESLAG DESIGN Kl\u00f3settr\u00falluhaldari Kr\u00f3m 30x106x137 mm 60601-21\"}]},{\"@type\":\"WebSite\",\"@id\":\"https:\\\/\\\/velarogverkfaeri.is\\\/en\\\/#website\",\"url\":\"https:\\\/\\\/velarogverkfaeri.is\\\/en\\\/\",\"name\":\"V\u00e9lar & Verkf\u00e6ri\",\"description\":\"Umbo\u00f0s- og heildverslun fr\u00e1 \u00e1rinu 1919\",\"publisher\":{\"@id\":\"https:\\\/\\\/velarogverkfaeri.is\\\/en\\\/#organization\"},\"potentialAction\":[{\"@type\":\"SearchAction\",\"target\":{\"@type\":\"EntryPoint\",\"urlTemplate\":\"https:\\\/\\\/velarogverkfaeri.is\\\/en\\\/?s={search_term_string}\"},\"query-input\":{\"@type\":\"PropertyValueSpecification\",\"valueRequired\":true,\"valueName\":\"search_term_string\"}}],\"inLanguage\":\"en-US\"},{\"@type\":\"Organization\",\"@id\":\"https:\\\/\\\/velarogverkfaeri.is\\\/en\\\/#organization\",\"name\":\"V\u00e9lar & Verkf\u00e6ri\",\"url\":\"https:\\\/\\\/velarogverkfaeri.is\\\/en\\\/\",\"logo\":{\"@type\":\"ImageObject\",\"inLanguage\":\"en-US\",\"@id\":\"https:\\\/\\\/velarogverkfaeri.is\\\/en\\\/#\\\/schema\\\/logo\\\/image\\\/\",\"url\":\"https:\\\/\\\/velarogverkfaeri.is\\\/wp-content\\\/uploads\\\/2021\\\/10\\\/vv_logo_350x100.png\",\"contentUrl\":\"https:\\\/\\\/velarogverkfaeri.is\\\/wp-content\\\/uploads\\\/2021\\\/10\\\/vv_logo_350x100.png\",\"width\":350,\"height\":100,\"caption\":\"V\u00e9lar & Verkf\u00e6ri\"},\"image\":{\"@id\":\"https:\\\/\\\/velarogverkfaeri.is\\\/en\\\/#\\\/schema\\\/logo\\\/image\\\/\"},\"sameAs\":[\"https:\\\/\\\/www.facebook.com\\\/VelarOgVerkfaeri\"]}]}<\/script>\n<!-- \/ Yoast SEO plugin. -->","yoast_head_json":{"title":"BESLAG DESIGN Kl\u00f3settr\u00falluhaldari Kr\u00f3m 30x106x137 mm 60601-21 - V\u00e9lar &amp; Verkf\u00e6ri","robots":{"index":"index","follow":"follow","max-snippet":"max-snippet:-1","max-image-preview":"max-image-preview:large","max-video-preview":"max-video-preview:-1"},"canonical":"https:\/\/velarogverkfaeri.is\/en\/lykillausnir\/badherbergi-lykillausnir\/salernirsrulluhaldarar\/product\/beslag-design-wc-rullu-haldari-krom-runadur\/","og_locale":"en_US","og_type":"article","og_title":"BESLAG DESIGN Kl\u00f3settr\u00falluhaldari Kr\u00f3m 30x106x137 mm 60601-21 - V\u00e9lar &amp; Verkf\u00e6ri","og_description":"Tegund: 60601-21","og_url":"https:\/\/velarogverkfaeri.is\/en\/lykillausnir\/badherbergi-lykillausnir\/salernirsrulluhaldarar\/product\/beslag-design-wc-rullu-haldari-krom-runadur\/","og_site_name":"V\u00e9lar &amp; Verkf\u00e6ri","article_publisher":"https:\/\/www.facebook.com\/VelarOgVerkfaeri","article_modified_time":"2025-10-24T11:50:07+00:00","og_image":[{"width":960,"height":960,"url":"https:\/\/velarogverkfaeri.is\/wp-content\/uploads\/2023\/06\/6fe86d9a-be53-4abe-b1c3-dd3cc462a300.jpeg","type":"image\/jpeg"}],"twitter_card":"summary_large_image","twitter_misc":{"Est. reading time":"1 minute"},"schema":{"@context":"https:\/\/schema.org","@graph":[{"@type":"WebPage","@id":"https:\/\/velarogverkfaeri.is\/lykillausnir\/badherbergi-lykillausnir\/salernirsrulluhaldarar\/product\/beslag-design-wc-rullu-haldari-krom-runadur\/","url":"https:\/\/velarogverkfaeri.is\/lykillausnir\/badherbergi-lykillausnir\/salernirsrulluhaldarar\/product\/beslag-design-wc-rullu-haldari-krom-runadur\/","name":"BESLAG DESIGN Kl\u00f3settr\u00falluhaldari Kr\u00f3m 30x106x137 mm 60601-21 - V\u00e9lar &amp; Verkf\u00e6ri","isPartOf":{"@id":"https:\/\/velarogverkfaeri.is\/en\/#website"},"primaryImageOfPage":{"@id":"https:\/\/velarogverkfaeri.is\/lykillausnir\/badherbergi-lykillausnir\/salernirsrulluhaldarar\/product\/beslag-design-wc-rullu-haldari-krom-runadur\/#primaryimage"},"image":{"@id":"https:\/\/velarogverkfaeri.is\/lykillausnir\/badherbergi-lykillausnir\/salernirsrulluhaldarar\/product\/beslag-design-wc-rullu-haldari-krom-runadur\/#primaryimage"},"thumbnailUrl":"https:\/\/velarogverkfaeri.is\/wp-content\/uploads\/2023\/06\/6fe86d9a-be53-4abe-b1c3-dd3cc462a300.jpeg","datePublished":"2023-04-28T18:00:55+00:00","dateModified":"2025-10-24T11:50:07+00:00","breadcrumb":{"@id":"https:\/\/velarogverkfaeri.is\/lykillausnir\/badherbergi-lykillausnir\/salernirsrulluhaldarar\/product\/beslag-design-wc-rullu-haldari-krom-runadur\/#breadcrumb"},"inLanguage":"en-US","potentialAction":[{"@type":"ReadAction","target":["https:\/\/velarogverkfaeri.is\/lykillausnir\/badherbergi-lykillausnir\/salernirsrulluhaldarar\/product\/beslag-design-wc-rullu-haldari-krom-runadur\/"]}]},{"@type":"ImageObject","inLanguage":"en-US","@id":"https:\/\/velarogverkfaeri.is\/lykillausnir\/badherbergi-lykillausnir\/salernirsrulluhaldarar\/product\/beslag-design-wc-rullu-haldari-krom-runadur\/#primaryimage","url":"https:\/\/velarogverkfaeri.is\/wp-content\/uploads\/2023\/06\/6fe86d9a-be53-4abe-b1c3-dd3cc462a300.jpeg","contentUrl":"https:\/\/velarogverkfaeri.is\/wp-content\/uploads\/2023\/06\/6fe86d9a-be53-4abe-b1c3-dd3cc462a300.jpeg","width":960,"height":960},{"@type":"BreadcrumbList","@id":"https:\/\/velarogverkfaeri.is\/lykillausnir\/badherbergi-lykillausnir\/salernirsrulluhaldarar\/product\/beslag-design-wc-rullu-haldari-krom-runadur\/#breadcrumb","itemListElement":[{"@type":"ListItem","position":1,"name":"Home","item":"https:\/\/velarogverkfaeri.is\/"},{"@type":"ListItem","position":2,"name":"Vefverslun","item":"https:\/\/velarogverkfaeri.is\/vefverslun\/"},{"@type":"ListItem","position":3,"name":"BESLAG DESIGN Kl\u00f3settr\u00falluhaldari Kr\u00f3m 30x106x137 mm 60601-21"}]},{"@type":"WebSite","@id":"https:\/\/velarogverkfaeri.is\/en\/#website","url":"https:\/\/velarogverkfaeri.is\/en\/","name":"V\u00e9lar & Verkf\u00e6ri","description":"Umbo\u00f0s- og heildverslun fr\u00e1 \u00e1rinu 1919","publisher":{"@id":"https:\/\/velarogverkfaeri.is\/en\/#organization"},"potentialAction":[{"@type":"SearchAction","target":{"@type":"EntryPoint","urlTemplate":"https:\/\/velarogverkfaeri.is\/en\/?s={search_term_string}"},"query-input":{"@type":"PropertyValueSpecification","valueRequired":true,"valueName":"search_term_string"}}],"inLanguage":"en-US"},{"@type":"Organization","@id":"https:\/\/velarogverkfaeri.is\/en\/#organization","name":"V\u00e9lar & Verkf\u00e6ri","url":"https:\/\/velarogverkfaeri.is\/en\/","logo":{"@type":"ImageObject","inLanguage":"en-US","@id":"https:\/\/velarogverkfaeri.is\/en\/#\/schema\/logo\/image\/","url":"https:\/\/velarogverkfaeri.is\/wp-content\/uploads\/2021\/10\/vv_logo_350x100.png","contentUrl":"https:\/\/velarogverkfaeri.is\/wp-content\/uploads\/2021\/10\/vv_logo_350x100.png","width":350,"height":100,"caption":"V\u00e9lar & Verkf\u00e6ri"},"image":{"@id":"https:\/\/velarogverkfaeri.is\/en\/#\/schema\/logo\/image\/"},"sameAs":["https:\/\/www.facebook.com\/VelarOgVerkfaeri"]}]}},"_links":{"self":[{"href":"https:\/\/velarogverkfaeri.is\/en\/wp-json\/wp\/v2\/product\/32353","targetHints":{"allow":["GET"]}}],"collection":[{"href":"https:\/\/velarogverkfaeri.is\/en\/wp-json\/wp\/v2\/product"}],"about":[{"href":"https:\/\/velarogverkfaeri.is\/en\/wp-json\/wp\/v2\/types\/product"}],"replies":[{"embeddable":true,"href":"https:\/\/velarogverkfaeri.is\/en\/wp-json\/wp\/v2\/comments?post=32353"}],"wp:featuredmedia":[{"embeddable":true,"href":"https:\/\/velarogverkfaeri.is\/en\/wp-json\/wp\/v2\/media\/32352"}],"wp:attachment":[{"href":"https:\/\/velarogverkfaeri.is\/en\/wp-json\/wp\/v2\/media?parent=32353"}],"wp:term":[{"taxonomy":"product_brand","embeddable":true,"href":"https:\/\/velarogverkfaeri.is\/en\/wp-json\/wp\/v2\/product_brand?post=32353"},{"taxonomy":"product_cat","embeddable":true,"href":"https:\/\/velarogverkfaeri.is\/en\/wp-json\/wp\/v2\/product_cat?post=32353"},{"taxonomy":"product_tag","embeddable":true,"href":"https:\/\/velarogverkfaeri.is\/en\/wp-json\/wp\/v2\/product_tag?post=32353"}],"curies":[{"name":"wp","href":"https:\/\/api.w.org\/{rel}","templated":true}]}}