{"id":31821,"date":"2023-04-28T17:59:10","date_gmt":"2023-04-28T17:59:10","guid":{"rendered":"https:\/\/vv-dev.webdev.is\/uncategorized\/product\/skil-red-hledsluvel-20v-kolalaus-60nm-3060ca-stok-an-rafhlada-eda-hledslutaekis\/"},"modified":"2026-04-04T00:02:42","modified_gmt":"2026-04-04T00:02:42","slug":"skil-red-hledsluvel-20v-kolalaus-60nm-3060ca-stok-an-rafhlada-eda-hledslutaekis","status":"publish","type":"product","link":"https:\/\/velarogverkfaeri.is\/en\/verkfaeralausnir\/rafmagnsverkfaeri\/borvelar-rafmagnsverkfaeri\/product\/skil-red-hledsluvel-20v-kolalaus-60nm-3060ca-stok-an-rafhlada-eda-hledslutaekis\/","title":{"rendered":"SKIL RED  Hle\u00f0sluv\u00e9l 20V  Kolalaus 60Nm 3060CA -ST\u00d6K\/\u00c1N RAFHLA\u00d0A E\u00d0A HLE\u00d0SLUT\u00c6KIS-"},"content":{"rendered":"<p><strong>Innihald:<\/strong><\/p>\n<p>1 stk Borv&#233;l 3060CA<\/p>\n<p>1 stk Beltisfesting<\/p>\n<p>1 stk Biti me&#240; fl&#246;tum og stj&#246;rnu haus<\/p>","protected":false},"excerpt":{"rendered":"<p>\u00de\u00e6gnileg og l\u00e9tt 20V v\u00e9l sem skilar 60Nm af togi og hentar \u00ed flest verk<br \/>\nV\u00e9linn hefur kolalausan m\u00f3tor sem tryggir lengri rafhl\u00f6\u00f0uendingu og l\u00edft\u00edma <br \/>\nErg\u00f3n\u00f3m\u00edskt grip sem fellur \u00ed vel \u00ed hendi <\/p>\n<h3>ATH: Borv\u00e9linn kemur st\u00f6k \u00e1n rafhl\u00f6\u00f0u og hle\u00f0slut\u00e6kis<\/h3>","protected":false},"featured_media":31820,"comment_status":"closed","ping_status":"closed","template":"","meta":[],"product_brand":[],"product_cat":[729,592,515],"product_tag":[1023],"class_list":{"0":"post-31821","1":"product","2":"type-product","3":"status-publish","4":"has-post-thumbnail","6":"product_cat-borvelar-rafmagnsverkfaeri","7":"product_cat-rafmagnsverkfaeri","8":"product_cat-verkfaeralausnir","9":"product_tag-skil","11":"first","12":"instock","13":"taxable","14":"shipping-taxable","15":"purchasable","16":"product-type-simple"},"yoast_head":"<!-- This site is optimized with the Yoast SEO plugin v27.3 - https:\/\/yoast.com\/product\/yoast-seo-wordpress\/ -->\n<title>SKIL RED Hle\u00f0sluv\u00e9l 20V Kolalaus 60Nm 3060CA -ST\u00d6K\/\u00c1N RAFHLA\u00d0A E\u00d0A HLE\u00d0SLUT\u00c6KIS- V\u00e9lar &amp; Verkf\u00e6ri<\/title>\n<meta name=\"robots\" content=\"index, follow, max-snippet:-1, max-image-preview:large, max-video-preview:-1\" \/>\n<link rel=\"canonical\" href=\"https:\/\/velarogverkfaeri.is\/en\/verkfaeralausnir\/rafmagnsverkfaeri\/borvelar-rafmagnsverkfaeri\/product\/skil-red-hledsluvel-20v-kolalaus-60nm-3060ca-stok-an-rafhlada-eda-hledslutaekis\/\" \/>\n<meta property=\"og:locale\" content=\"en_US\" \/>\n<meta property=\"og:type\" content=\"article\" \/>\n<meta property=\"og:title\" content=\"SKIL RED Hle\u00f0sluv\u00e9l 20V Kolalaus 60Nm 3060CA -ST\u00d6K\/\u00c1N RAFHLA\u00d0A E\u00d0A HLE\u00d0SLUT\u00c6KIS- V\u00e9lar &amp; Verkf\u00e6ri\" \/>\n<meta property=\"og:description\" content=\"\u00de\u00e6gnileg og l\u00e9tt 20V v\u00e9l sem skilar 60Nm af togi og hentar \u00ed flest verk V\u00e9linn hefur kolalausan m\u00f3tor sem tryggir lengri rafhl\u00f6\u00f0uendingu og l\u00edft\u00edma Erg\u00f3n\u00f3m\u00edskt grip sem fellur \u00ed vel \u00ed hendi ATH: Borv\u00e9linn kemur st\u00f6k \u00e1n rafhl\u00f6\u00f0u og hle\u00f0slut\u00e6kis\" \/>\n<meta property=\"og:url\" content=\"https:\/\/velarogverkfaeri.is\/en\/verkfaeralausnir\/rafmagnsverkfaeri\/borvelar-rafmagnsverkfaeri\/product\/skil-red-hledsluvel-20v-kolalaus-60nm-3060ca-stok-an-rafhlada-eda-hledslutaekis\/\" \/>\n<meta property=\"og:site_name\" content=\"V\u00e9lar &amp; Verkf\u00e6ri\" \/>\n<meta property=\"article:publisher\" content=\"https:\/\/www.facebook.com\/VelarOgVerkfaeri\" \/>\n<meta property=\"article:modified_time\" content=\"2026-04-04T00:02:42+00:00\" \/>\n<meta property=\"og:image\" content=\"https:\/\/velarogverkfaeri.is\/wp-content\/uploads\/2023\/06\/589ac1d4-0a80-4985-912f-8aba25ba6c36.jpeg\" \/>\n\t<meta property=\"og:image:width\" content=\"560\" \/>\n\t<meta property=\"og:image:height\" content=\"400\" \/>\n\t<meta property=\"og:image:type\" content=\"image\/jpeg\" \/>\n<meta name=\"twitter:card\" content=\"summary_large_image\" \/>\n<script type=\"application\/ld+json\" class=\"yoast-schema-graph\">{\"@context\":\"https:\\\/\\\/schema.org\",\"@graph\":[{\"@type\":\"WebPage\",\"@id\":\"https:\\\/\\\/velarogverkfaeri.is\\\/verkfaeralausnir\\\/rafmagnsverkfaeri\\\/borvelar-rafmagnsverkfaeri\\\/product\\\/skil-red-hledsluvel-20v-kolalaus-60nm-3060ca-stok-an-rafhlada-eda-hledslutaekis\\\/\",\"url\":\"https:\\\/\\\/velarogverkfaeri.is\\\/verkfaeralausnir\\\/rafmagnsverkfaeri\\\/borvelar-rafmagnsverkfaeri\\\/product\\\/skil-red-hledsluvel-20v-kolalaus-60nm-3060ca-stok-an-rafhlada-eda-hledslutaekis\\\/\",\"name\":\"SKIL RED Hle\u00f0sluv\u00e9l 20V Kolalaus 60Nm 3060CA -ST\u00d6K\\\/\u00c1N RAFHLA\u00d0A E\u00d0A HLE\u00d0SLUT\u00c6KIS- V\u00e9lar &amp; Verkf\u00e6ri\",\"isPartOf\":{\"@id\":\"https:\\\/\\\/velarogverkfaeri.is\\\/en\\\/#website\"},\"primaryImageOfPage\":{\"@id\":\"https:\\\/\\\/velarogverkfaeri.is\\\/verkfaeralausnir\\\/rafmagnsverkfaeri\\\/borvelar-rafmagnsverkfaeri\\\/product\\\/skil-red-hledsluvel-20v-kolalaus-60nm-3060ca-stok-an-rafhlada-eda-hledslutaekis\\\/#primaryimage\"},\"image\":{\"@id\":\"https:\\\/\\\/velarogverkfaeri.is\\\/verkfaeralausnir\\\/rafmagnsverkfaeri\\\/borvelar-rafmagnsverkfaeri\\\/product\\\/skil-red-hledsluvel-20v-kolalaus-60nm-3060ca-stok-an-rafhlada-eda-hledslutaekis\\\/#primaryimage\"},\"thumbnailUrl\":\"https:\\\/\\\/velarogverkfaeri.is\\\/wp-content\\\/uploads\\\/2023\\\/06\\\/589ac1d4-0a80-4985-912f-8aba25ba6c36.jpeg\",\"datePublished\":\"2023-04-28T17:59:10+00:00\",\"dateModified\":\"2026-04-04T00:02:42+00:00\",\"breadcrumb\":{\"@id\":\"https:\\\/\\\/velarogverkfaeri.is\\\/verkfaeralausnir\\\/rafmagnsverkfaeri\\\/borvelar-rafmagnsverkfaeri\\\/product\\\/skil-red-hledsluvel-20v-kolalaus-60nm-3060ca-stok-an-rafhlada-eda-hledslutaekis\\\/#breadcrumb\"},\"inLanguage\":\"en-US\",\"potentialAction\":[{\"@type\":\"ReadAction\",\"target\":[\"https:\\\/\\\/velarogverkfaeri.is\\\/verkfaeralausnir\\\/rafmagnsverkfaeri\\\/borvelar-rafmagnsverkfaeri\\\/product\\\/skil-red-hledsluvel-20v-kolalaus-60nm-3060ca-stok-an-rafhlada-eda-hledslutaekis\\\/\"]}]},{\"@type\":\"ImageObject\",\"inLanguage\":\"en-US\",\"@id\":\"https:\\\/\\\/velarogverkfaeri.is\\\/verkfaeralausnir\\\/rafmagnsverkfaeri\\\/borvelar-rafmagnsverkfaeri\\\/product\\\/skil-red-hledsluvel-20v-kolalaus-60nm-3060ca-stok-an-rafhlada-eda-hledslutaekis\\\/#primaryimage\",\"url\":\"https:\\\/\\\/velarogverkfaeri.is\\\/wp-content\\\/uploads\\\/2023\\\/06\\\/589ac1d4-0a80-4985-912f-8aba25ba6c36.jpeg\",\"contentUrl\":\"https:\\\/\\\/velarogverkfaeri.is\\\/wp-content\\\/uploads\\\/2023\\\/06\\\/589ac1d4-0a80-4985-912f-8aba25ba6c36.jpeg\",\"width\":560,\"height\":400},{\"@type\":\"BreadcrumbList\",\"@id\":\"https:\\\/\\\/velarogverkfaeri.is\\\/verkfaeralausnir\\\/rafmagnsverkfaeri\\\/borvelar-rafmagnsverkfaeri\\\/product\\\/skil-red-hledsluvel-20v-kolalaus-60nm-3060ca-stok-an-rafhlada-eda-hledslutaekis\\\/#breadcrumb\",\"itemListElement\":[{\"@type\":\"ListItem\",\"position\":1,\"name\":\"Home\",\"item\":\"https:\\\/\\\/velarogverkfaeri.is\\\/\"},{\"@type\":\"ListItem\",\"position\":2,\"name\":\"Vefverslun\",\"item\":\"https:\\\/\\\/velarogverkfaeri.is\\\/vefverslun\\\/\"},{\"@type\":\"ListItem\",\"position\":3,\"name\":\"SKIL RED Hle\u00f0sluv\u00e9l 20V Kolalaus 60Nm 3060CA -ST\u00d6K\\\/\u00c1N RAFHLA\u00d0A E\u00d0A HLE\u00d0SLUT\u00c6KIS-\"}]},{\"@type\":\"WebSite\",\"@id\":\"https:\\\/\\\/velarogverkfaeri.is\\\/en\\\/#website\",\"url\":\"https:\\\/\\\/velarogverkfaeri.is\\\/en\\\/\",\"name\":\"V\u00e9lar & Verkf\u00e6ri\",\"description\":\"Umbo\u00f0s- og heildverslun fr\u00e1 \u00e1rinu 1919\",\"publisher\":{\"@id\":\"https:\\\/\\\/velarogverkfaeri.is\\\/en\\\/#organization\"},\"potentialAction\":[{\"@type\":\"SearchAction\",\"target\":{\"@type\":\"EntryPoint\",\"urlTemplate\":\"https:\\\/\\\/velarogverkfaeri.is\\\/en\\\/?s={search_term_string}\"},\"query-input\":{\"@type\":\"PropertyValueSpecification\",\"valueRequired\":true,\"valueName\":\"search_term_string\"}}],\"inLanguage\":\"en-US\"},{\"@type\":\"Organization\",\"@id\":\"https:\\\/\\\/velarogverkfaeri.is\\\/en\\\/#organization\",\"name\":\"V\u00e9lar & Verkf\u00e6ri\",\"url\":\"https:\\\/\\\/velarogverkfaeri.is\\\/en\\\/\",\"logo\":{\"@type\":\"ImageObject\",\"inLanguage\":\"en-US\",\"@id\":\"https:\\\/\\\/velarogverkfaeri.is\\\/en\\\/#\\\/schema\\\/logo\\\/image\\\/\",\"url\":\"https:\\\/\\\/velarogverkfaeri.is\\\/wp-content\\\/uploads\\\/2021\\\/10\\\/vv_logo_350x100.png\",\"contentUrl\":\"https:\\\/\\\/velarogverkfaeri.is\\\/wp-content\\\/uploads\\\/2021\\\/10\\\/vv_logo_350x100.png\",\"width\":350,\"height\":100,\"caption\":\"V\u00e9lar & Verkf\u00e6ri\"},\"image\":{\"@id\":\"https:\\\/\\\/velarogverkfaeri.is\\\/en\\\/#\\\/schema\\\/logo\\\/image\\\/\"},\"sameAs\":[\"https:\\\/\\\/www.facebook.com\\\/VelarOgVerkfaeri\"]}]}<\/script>\n<!-- \/ Yoast SEO plugin. -->","yoast_head_json":{"title":"SKIL RED Hle\u00f0sluv\u00e9l 20V Kolalaus 60Nm 3060CA -ST\u00d6K\/\u00c1N RAFHLA\u00d0A E\u00d0A HLE\u00d0SLUT\u00c6KIS- V\u00e9lar &amp; Verkf\u00e6ri","robots":{"index":"index","follow":"follow","max-snippet":"max-snippet:-1","max-image-preview":"max-image-preview:large","max-video-preview":"max-video-preview:-1"},"canonical":"https:\/\/velarogverkfaeri.is\/en\/verkfaeralausnir\/rafmagnsverkfaeri\/borvelar-rafmagnsverkfaeri\/product\/skil-red-hledsluvel-20v-kolalaus-60nm-3060ca-stok-an-rafhlada-eda-hledslutaekis\/","og_locale":"en_US","og_type":"article","og_title":"SKIL RED Hle\u00f0sluv\u00e9l 20V Kolalaus 60Nm 3060CA -ST\u00d6K\/\u00c1N RAFHLA\u00d0A E\u00d0A HLE\u00d0SLUT\u00c6KIS- V\u00e9lar &amp; Verkf\u00e6ri","og_description":"\u00de\u00e6gnileg og l\u00e9tt 20V v\u00e9l sem skilar 60Nm af togi og hentar \u00ed flest verk V\u00e9linn hefur kolalausan m\u00f3tor sem tryggir lengri rafhl\u00f6\u00f0uendingu og l\u00edft\u00edma Erg\u00f3n\u00f3m\u00edskt grip sem fellur \u00ed vel \u00ed hendi ATH: Borv\u00e9linn kemur st\u00f6k \u00e1n rafhl\u00f6\u00f0u og hle\u00f0slut\u00e6kis","og_url":"https:\/\/velarogverkfaeri.is\/en\/verkfaeralausnir\/rafmagnsverkfaeri\/borvelar-rafmagnsverkfaeri\/product\/skil-red-hledsluvel-20v-kolalaus-60nm-3060ca-stok-an-rafhlada-eda-hledslutaekis\/","og_site_name":"V\u00e9lar &amp; Verkf\u00e6ri","article_publisher":"https:\/\/www.facebook.com\/VelarOgVerkfaeri","article_modified_time":"2026-04-04T00:02:42+00:00","og_image":[{"width":560,"height":400,"url":"https:\/\/velarogverkfaeri.is\/wp-content\/uploads\/2023\/06\/589ac1d4-0a80-4985-912f-8aba25ba6c36.jpeg","type":"image\/jpeg"}],"twitter_card":"summary_large_image","schema":{"@context":"https:\/\/schema.org","@graph":[{"@type":"WebPage","@id":"https:\/\/velarogverkfaeri.is\/verkfaeralausnir\/rafmagnsverkfaeri\/borvelar-rafmagnsverkfaeri\/product\/skil-red-hledsluvel-20v-kolalaus-60nm-3060ca-stok-an-rafhlada-eda-hledslutaekis\/","url":"https:\/\/velarogverkfaeri.is\/verkfaeralausnir\/rafmagnsverkfaeri\/borvelar-rafmagnsverkfaeri\/product\/skil-red-hledsluvel-20v-kolalaus-60nm-3060ca-stok-an-rafhlada-eda-hledslutaekis\/","name":"SKIL RED Hle\u00f0sluv\u00e9l 20V Kolalaus 60Nm 3060CA -ST\u00d6K\/\u00c1N RAFHLA\u00d0A E\u00d0A HLE\u00d0SLUT\u00c6KIS- V\u00e9lar &amp; Verkf\u00e6ri","isPartOf":{"@id":"https:\/\/velarogverkfaeri.is\/en\/#website"},"primaryImageOfPage":{"@id":"https:\/\/velarogverkfaeri.is\/verkfaeralausnir\/rafmagnsverkfaeri\/borvelar-rafmagnsverkfaeri\/product\/skil-red-hledsluvel-20v-kolalaus-60nm-3060ca-stok-an-rafhlada-eda-hledslutaekis\/#primaryimage"},"image":{"@id":"https:\/\/velarogverkfaeri.is\/verkfaeralausnir\/rafmagnsverkfaeri\/borvelar-rafmagnsverkfaeri\/product\/skil-red-hledsluvel-20v-kolalaus-60nm-3060ca-stok-an-rafhlada-eda-hledslutaekis\/#primaryimage"},"thumbnailUrl":"https:\/\/velarogverkfaeri.is\/wp-content\/uploads\/2023\/06\/589ac1d4-0a80-4985-912f-8aba25ba6c36.jpeg","datePublished":"2023-04-28T17:59:10+00:00","dateModified":"2026-04-04T00:02:42+00:00","breadcrumb":{"@id":"https:\/\/velarogverkfaeri.is\/verkfaeralausnir\/rafmagnsverkfaeri\/borvelar-rafmagnsverkfaeri\/product\/skil-red-hledsluvel-20v-kolalaus-60nm-3060ca-stok-an-rafhlada-eda-hledslutaekis\/#breadcrumb"},"inLanguage":"en-US","potentialAction":[{"@type":"ReadAction","target":["https:\/\/velarogverkfaeri.is\/verkfaeralausnir\/rafmagnsverkfaeri\/borvelar-rafmagnsverkfaeri\/product\/skil-red-hledsluvel-20v-kolalaus-60nm-3060ca-stok-an-rafhlada-eda-hledslutaekis\/"]}]},{"@type":"ImageObject","inLanguage":"en-US","@id":"https:\/\/velarogverkfaeri.is\/verkfaeralausnir\/rafmagnsverkfaeri\/borvelar-rafmagnsverkfaeri\/product\/skil-red-hledsluvel-20v-kolalaus-60nm-3060ca-stok-an-rafhlada-eda-hledslutaekis\/#primaryimage","url":"https:\/\/velarogverkfaeri.is\/wp-content\/uploads\/2023\/06\/589ac1d4-0a80-4985-912f-8aba25ba6c36.jpeg","contentUrl":"https:\/\/velarogverkfaeri.is\/wp-content\/uploads\/2023\/06\/589ac1d4-0a80-4985-912f-8aba25ba6c36.jpeg","width":560,"height":400},{"@type":"BreadcrumbList","@id":"https:\/\/velarogverkfaeri.is\/verkfaeralausnir\/rafmagnsverkfaeri\/borvelar-rafmagnsverkfaeri\/product\/skil-red-hledsluvel-20v-kolalaus-60nm-3060ca-stok-an-rafhlada-eda-hledslutaekis\/#breadcrumb","itemListElement":[{"@type":"ListItem","position":1,"name":"Home","item":"https:\/\/velarogverkfaeri.is\/"},{"@type":"ListItem","position":2,"name":"Vefverslun","item":"https:\/\/velarogverkfaeri.is\/vefverslun\/"},{"@type":"ListItem","position":3,"name":"SKIL RED Hle\u00f0sluv\u00e9l 20V Kolalaus 60Nm 3060CA -ST\u00d6K\/\u00c1N RAFHLA\u00d0A E\u00d0A HLE\u00d0SLUT\u00c6KIS-"}]},{"@type":"WebSite","@id":"https:\/\/velarogverkfaeri.is\/en\/#website","url":"https:\/\/velarogverkfaeri.is\/en\/","name":"V\u00e9lar & Verkf\u00e6ri","description":"Umbo\u00f0s- og heildverslun fr\u00e1 \u00e1rinu 1919","publisher":{"@id":"https:\/\/velarogverkfaeri.is\/en\/#organization"},"potentialAction":[{"@type":"SearchAction","target":{"@type":"EntryPoint","urlTemplate":"https:\/\/velarogverkfaeri.is\/en\/?s={search_term_string}"},"query-input":{"@type":"PropertyValueSpecification","valueRequired":true,"valueName":"search_term_string"}}],"inLanguage":"en-US"},{"@type":"Organization","@id":"https:\/\/velarogverkfaeri.is\/en\/#organization","name":"V\u00e9lar & Verkf\u00e6ri","url":"https:\/\/velarogverkfaeri.is\/en\/","logo":{"@type":"ImageObject","inLanguage":"en-US","@id":"https:\/\/velarogverkfaeri.is\/en\/#\/schema\/logo\/image\/","url":"https:\/\/velarogverkfaeri.is\/wp-content\/uploads\/2021\/10\/vv_logo_350x100.png","contentUrl":"https:\/\/velarogverkfaeri.is\/wp-content\/uploads\/2021\/10\/vv_logo_350x100.png","width":350,"height":100,"caption":"V\u00e9lar & Verkf\u00e6ri"},"image":{"@id":"https:\/\/velarogverkfaeri.is\/en\/#\/schema\/logo\/image\/"},"sameAs":["https:\/\/www.facebook.com\/VelarOgVerkfaeri"]}]}},"_links":{"self":[{"href":"https:\/\/velarogverkfaeri.is\/en\/wp-json\/wp\/v2\/product\/31821","targetHints":{"allow":["GET"]}}],"collection":[{"href":"https:\/\/velarogverkfaeri.is\/en\/wp-json\/wp\/v2\/product"}],"about":[{"href":"https:\/\/velarogverkfaeri.is\/en\/wp-json\/wp\/v2\/types\/product"}],"replies":[{"embeddable":true,"href":"https:\/\/velarogverkfaeri.is\/en\/wp-json\/wp\/v2\/comments?post=31821"}],"wp:featuredmedia":[{"embeddable":true,"href":"https:\/\/velarogverkfaeri.is\/en\/wp-json\/wp\/v2\/media\/31820"}],"wp:attachment":[{"href":"https:\/\/velarogverkfaeri.is\/en\/wp-json\/wp\/v2\/media?parent=31821"}],"wp:term":[{"taxonomy":"product_brand","embeddable":true,"href":"https:\/\/velarogverkfaeri.is\/en\/wp-json\/wp\/v2\/product_brand?post=31821"},{"taxonomy":"product_cat","embeddable":true,"href":"https:\/\/velarogverkfaeri.is\/en\/wp-json\/wp\/v2\/product_cat?post=31821"},{"taxonomy":"product_tag","embeddable":true,"href":"https:\/\/velarogverkfaeri.is\/en\/wp-json\/wp\/v2\/product_tag?post=31821"}],"curies":[{"name":"wp","href":"https:\/\/api.w.org\/{rel}","templated":true}]}}