{"id":31086,"date":"2023-04-28T17:56:46","date_gmt":"2023-04-28T17:56:46","guid":{"rendered":"https:\/\/vv-dev.webdev.is\/uncategorized\/product\/abus-reidhjolalas-bordo-5700-80-graenn-sh-84430\/"},"modified":"2025-05-08T16:15:28","modified_gmt":"2025-05-08T16:15:28","slug":"abus-reidhjolalas-bordo-5700-80-graenn-sh-84430","status":"publish","type":"product","link":"https:\/\/velarogverkfaeri.is\/en\/lykillausnir\/utivistarvorur\/hjolavorur-utivistarvorur\/product\/abus-reidhjolalas-bordo-5700-80-graenn-sh-84430\/","title":{"rendered":"ABUS Rei\u00f0hj\u00f3lal\u00e1s Bordo 5700\/80 Gr\u00e6nn SH 84430"},"content":{"rendered":"<p>SAFETY DOESN&#8217;T NEED TO BE BORING<\/p>\n<p>The uGrip BORDO\u2122 5700 Folding Lock not only offers an outstanding level of protection, but also comes in eight different colours so that you can achieve the perfect look.<\/p>\n<p>The uGrip BORDO\u2122 5700 Folding Lock is available in a wide variety of colours, including lime, pink, blue, orange, core blue, core green, core purple and of course the traditional black. This means that it scores high in the fashion stakes as well as meeting safety requirements: the uGrip BORDO\u2122 5700 colours are a perfect match for those of the helmet models ABUS Pedelec and ABUS Urban-I 2.0 Neon, making the uGrip BORDO\u2122 5700 Folding Lock the ideal companion for anyone in search of a coordinated look.<\/p>","protected":false},"excerpt":{"rendered":"<p>Me\u00f0 Bordo hefur ABUS gj\u00f6rbylt hj\u00f3lal\u00e1snum og komi\u00f0 \u00e1 f\u00f3t algj\u00f6rlega n\u00fdrri ger\u00f0 af l\u00e6singum &#8211; fellil\u00e1snum.<\/p>","protected":false},"featured_media":31082,"comment_status":"closed","ping_status":"closed","template":"","meta":[],"product_brand":[],"product_cat":[693,517,601],"product_tag":[],"class_list":{"0":"post-31086","1":"product","2":"type-product","3":"status-publish","4":"has-post-thumbnail","6":"product_cat-hjolavorur-utivistarvorur","7":"product_cat-lykillausnir","8":"product_cat-utivistarvorur","10":"first","11":"instock","12":"taxable","13":"shipping-taxable","14":"purchasable","15":"product-type-simple"},"yoast_head":"<!-- This site is optimized with the Yoast SEO plugin v27.3 - https:\/\/yoast.com\/product\/yoast-seo-wordpress\/ -->\n<title>ABUS Rei\u00f0hj\u00f3lal\u00e1s Bordo 5700\/80 Gr\u00e6nn SH 84430 - V\u00e9lar &amp; Verkf\u00e6ri<\/title>\n<meta name=\"robots\" content=\"index, follow, max-snippet:-1, max-image-preview:large, max-video-preview:-1\" \/>\n<link rel=\"canonical\" href=\"https:\/\/velarogverkfaeri.is\/en\/lykillausnir\/utivistarvorur\/hjolavorur-utivistarvorur\/product\/abus-reidhjolalas-bordo-5700-80-graenn-sh-84430\/\" \/>\n<meta property=\"og:locale\" content=\"en_US\" \/>\n<meta property=\"og:type\" content=\"article\" \/>\n<meta property=\"og:title\" content=\"ABUS Rei\u00f0hj\u00f3lal\u00e1s Bordo 5700\/80 Gr\u00e6nn SH 84430 - V\u00e9lar &amp; Verkf\u00e6ri\" \/>\n<meta property=\"og:description\" content=\"Me\u00f0 Bordo hefur ABUS gj\u00f6rbylt hj\u00f3lal\u00e1snum og komi\u00f0 \u00e1 f\u00f3t algj\u00f6rlega n\u00fdrri ger\u00f0 af l\u00e6singum &#8211; fellil\u00e1snum.\" \/>\n<meta property=\"og:url\" content=\"https:\/\/velarogverkfaeri.is\/en\/lykillausnir\/utivistarvorur\/hjolavorur-utivistarvorur\/product\/abus-reidhjolalas-bordo-5700-80-graenn-sh-84430\/\" \/>\n<meta property=\"og:site_name\" content=\"V\u00e9lar &amp; Verkf\u00e6ri\" \/>\n<meta property=\"article:publisher\" content=\"https:\/\/www.facebook.com\/VelarOgVerkfaeri\" \/>\n<meta property=\"article:modified_time\" content=\"2025-05-08T16:15:28+00:00\" \/>\n<meta property=\"og:image\" content=\"https:\/\/velarogverkfaeri.is\/wp-content\/uploads\/2023\/06\/df5e288d-e0e2-4f44-b6bc-19956e2f3049.jpeg\" \/>\n\t<meta property=\"og:image:width\" content=\"279\" \/>\n\t<meta property=\"og:image:height\" content=\"1000\" \/>\n\t<meta property=\"og:image:type\" content=\"image\/jpeg\" \/>\n<meta name=\"twitter:card\" content=\"summary_large_image\" \/>\n<meta name=\"twitter:label1\" content=\"Est. reading time\" \/>\n\t<meta name=\"twitter:data1\" content=\"1 minute\" \/>\n<script type=\"application\/ld+json\" class=\"yoast-schema-graph\">{\"@context\":\"https:\\\/\\\/schema.org\",\"@graph\":[{\"@type\":\"WebPage\",\"@id\":\"https:\\\/\\\/velarogverkfaeri.is\\\/lykillausnir\\\/utivistarvorur\\\/hjolavorur-utivistarvorur\\\/product\\\/abus-reidhjolalas-bordo-5700-80-graenn-sh-84430\\\/\",\"url\":\"https:\\\/\\\/velarogverkfaeri.is\\\/lykillausnir\\\/utivistarvorur\\\/hjolavorur-utivistarvorur\\\/product\\\/abus-reidhjolalas-bordo-5700-80-graenn-sh-84430\\\/\",\"name\":\"ABUS Rei\u00f0hj\u00f3lal\u00e1s Bordo 5700\\\/80 Gr\u00e6nn SH 84430 - V\u00e9lar &amp; Verkf\u00e6ri\",\"isPartOf\":{\"@id\":\"https:\\\/\\\/velarogverkfaeri.is\\\/en\\\/#website\"},\"primaryImageOfPage\":{\"@id\":\"https:\\\/\\\/velarogverkfaeri.is\\\/lykillausnir\\\/utivistarvorur\\\/hjolavorur-utivistarvorur\\\/product\\\/abus-reidhjolalas-bordo-5700-80-graenn-sh-84430\\\/#primaryimage\"},\"image\":{\"@id\":\"https:\\\/\\\/velarogverkfaeri.is\\\/lykillausnir\\\/utivistarvorur\\\/hjolavorur-utivistarvorur\\\/product\\\/abus-reidhjolalas-bordo-5700-80-graenn-sh-84430\\\/#primaryimage\"},\"thumbnailUrl\":\"https:\\\/\\\/velarogverkfaeri.is\\\/wp-content\\\/uploads\\\/2023\\\/06\\\/df5e288d-e0e2-4f44-b6bc-19956e2f3049.jpeg\",\"datePublished\":\"2023-04-28T17:56:46+00:00\",\"dateModified\":\"2025-05-08T16:15:28+00:00\",\"breadcrumb\":{\"@id\":\"https:\\\/\\\/velarogverkfaeri.is\\\/lykillausnir\\\/utivistarvorur\\\/hjolavorur-utivistarvorur\\\/product\\\/abus-reidhjolalas-bordo-5700-80-graenn-sh-84430\\\/#breadcrumb\"},\"inLanguage\":\"en-US\",\"potentialAction\":[{\"@type\":\"ReadAction\",\"target\":[\"https:\\\/\\\/velarogverkfaeri.is\\\/lykillausnir\\\/utivistarvorur\\\/hjolavorur-utivistarvorur\\\/product\\\/abus-reidhjolalas-bordo-5700-80-graenn-sh-84430\\\/\"]}]},{\"@type\":\"ImageObject\",\"inLanguage\":\"en-US\",\"@id\":\"https:\\\/\\\/velarogverkfaeri.is\\\/lykillausnir\\\/utivistarvorur\\\/hjolavorur-utivistarvorur\\\/product\\\/abus-reidhjolalas-bordo-5700-80-graenn-sh-84430\\\/#primaryimage\",\"url\":\"https:\\\/\\\/velarogverkfaeri.is\\\/wp-content\\\/uploads\\\/2023\\\/06\\\/df5e288d-e0e2-4f44-b6bc-19956e2f3049.jpeg\",\"contentUrl\":\"https:\\\/\\\/velarogverkfaeri.is\\\/wp-content\\\/uploads\\\/2023\\\/06\\\/df5e288d-e0e2-4f44-b6bc-19956e2f3049.jpeg\",\"width\":279,\"height\":1000},{\"@type\":\"BreadcrumbList\",\"@id\":\"https:\\\/\\\/velarogverkfaeri.is\\\/lykillausnir\\\/utivistarvorur\\\/hjolavorur-utivistarvorur\\\/product\\\/abus-reidhjolalas-bordo-5700-80-graenn-sh-84430\\\/#breadcrumb\",\"itemListElement\":[{\"@type\":\"ListItem\",\"position\":1,\"name\":\"Home\",\"item\":\"https:\\\/\\\/velarogverkfaeri.is\\\/\"},{\"@type\":\"ListItem\",\"position\":2,\"name\":\"Vefverslun\",\"item\":\"https:\\\/\\\/velarogverkfaeri.is\\\/vefverslun\\\/\"},{\"@type\":\"ListItem\",\"position\":3,\"name\":\"ABUS Rei\u00f0hj\u00f3lal\u00e1s Bordo 5700\\\/80 Gr\u00e6nn SH 84430\"}]},{\"@type\":\"WebSite\",\"@id\":\"https:\\\/\\\/velarogverkfaeri.is\\\/en\\\/#website\",\"url\":\"https:\\\/\\\/velarogverkfaeri.is\\\/en\\\/\",\"name\":\"V\u00e9lar & Verkf\u00e6ri\",\"description\":\"Umbo\u00f0s- og heildverslun fr\u00e1 \u00e1rinu 1919\",\"publisher\":{\"@id\":\"https:\\\/\\\/velarogverkfaeri.is\\\/en\\\/#organization\"},\"potentialAction\":[{\"@type\":\"SearchAction\",\"target\":{\"@type\":\"EntryPoint\",\"urlTemplate\":\"https:\\\/\\\/velarogverkfaeri.is\\\/en\\\/?s={search_term_string}\"},\"query-input\":{\"@type\":\"PropertyValueSpecification\",\"valueRequired\":true,\"valueName\":\"search_term_string\"}}],\"inLanguage\":\"en-US\"},{\"@type\":\"Organization\",\"@id\":\"https:\\\/\\\/velarogverkfaeri.is\\\/en\\\/#organization\",\"name\":\"V\u00e9lar & Verkf\u00e6ri\",\"url\":\"https:\\\/\\\/velarogverkfaeri.is\\\/en\\\/\",\"logo\":{\"@type\":\"ImageObject\",\"inLanguage\":\"en-US\",\"@id\":\"https:\\\/\\\/velarogverkfaeri.is\\\/en\\\/#\\\/schema\\\/logo\\\/image\\\/\",\"url\":\"https:\\\/\\\/velarogverkfaeri.is\\\/wp-content\\\/uploads\\\/2021\\\/10\\\/vv_logo_350x100.png\",\"contentUrl\":\"https:\\\/\\\/velarogverkfaeri.is\\\/wp-content\\\/uploads\\\/2021\\\/10\\\/vv_logo_350x100.png\",\"width\":350,\"height\":100,\"caption\":\"V\u00e9lar & Verkf\u00e6ri\"},\"image\":{\"@id\":\"https:\\\/\\\/velarogverkfaeri.is\\\/en\\\/#\\\/schema\\\/logo\\\/image\\\/\"},\"sameAs\":[\"https:\\\/\\\/www.facebook.com\\\/VelarOgVerkfaeri\"]}]}<\/script>\n<!-- \/ Yoast SEO plugin. -->","yoast_head_json":{"title":"ABUS Rei\u00f0hj\u00f3lal\u00e1s Bordo 5700\/80 Gr\u00e6nn SH 84430 - V\u00e9lar &amp; Verkf\u00e6ri","robots":{"index":"index","follow":"follow","max-snippet":"max-snippet:-1","max-image-preview":"max-image-preview:large","max-video-preview":"max-video-preview:-1"},"canonical":"https:\/\/velarogverkfaeri.is\/en\/lykillausnir\/utivistarvorur\/hjolavorur-utivistarvorur\/product\/abus-reidhjolalas-bordo-5700-80-graenn-sh-84430\/","og_locale":"en_US","og_type":"article","og_title":"ABUS Rei\u00f0hj\u00f3lal\u00e1s Bordo 5700\/80 Gr\u00e6nn SH 84430 - V\u00e9lar &amp; Verkf\u00e6ri","og_description":"Me\u00f0 Bordo hefur ABUS gj\u00f6rbylt hj\u00f3lal\u00e1snum og komi\u00f0 \u00e1 f\u00f3t algj\u00f6rlega n\u00fdrri ger\u00f0 af l\u00e6singum &#8211; fellil\u00e1snum.","og_url":"https:\/\/velarogverkfaeri.is\/en\/lykillausnir\/utivistarvorur\/hjolavorur-utivistarvorur\/product\/abus-reidhjolalas-bordo-5700-80-graenn-sh-84430\/","og_site_name":"V\u00e9lar &amp; Verkf\u00e6ri","article_publisher":"https:\/\/www.facebook.com\/VelarOgVerkfaeri","article_modified_time":"2025-05-08T16:15:28+00:00","og_image":[{"width":279,"height":1000,"url":"https:\/\/velarogverkfaeri.is\/wp-content\/uploads\/2023\/06\/df5e288d-e0e2-4f44-b6bc-19956e2f3049.jpeg","type":"image\/jpeg"}],"twitter_card":"summary_large_image","twitter_misc":{"Est. reading time":"1 minute"},"schema":{"@context":"https:\/\/schema.org","@graph":[{"@type":"WebPage","@id":"https:\/\/velarogverkfaeri.is\/lykillausnir\/utivistarvorur\/hjolavorur-utivistarvorur\/product\/abus-reidhjolalas-bordo-5700-80-graenn-sh-84430\/","url":"https:\/\/velarogverkfaeri.is\/lykillausnir\/utivistarvorur\/hjolavorur-utivistarvorur\/product\/abus-reidhjolalas-bordo-5700-80-graenn-sh-84430\/","name":"ABUS Rei\u00f0hj\u00f3lal\u00e1s Bordo 5700\/80 Gr\u00e6nn SH 84430 - V\u00e9lar &amp; Verkf\u00e6ri","isPartOf":{"@id":"https:\/\/velarogverkfaeri.is\/en\/#website"},"primaryImageOfPage":{"@id":"https:\/\/velarogverkfaeri.is\/lykillausnir\/utivistarvorur\/hjolavorur-utivistarvorur\/product\/abus-reidhjolalas-bordo-5700-80-graenn-sh-84430\/#primaryimage"},"image":{"@id":"https:\/\/velarogverkfaeri.is\/lykillausnir\/utivistarvorur\/hjolavorur-utivistarvorur\/product\/abus-reidhjolalas-bordo-5700-80-graenn-sh-84430\/#primaryimage"},"thumbnailUrl":"https:\/\/velarogverkfaeri.is\/wp-content\/uploads\/2023\/06\/df5e288d-e0e2-4f44-b6bc-19956e2f3049.jpeg","datePublished":"2023-04-28T17:56:46+00:00","dateModified":"2025-05-08T16:15:28+00:00","breadcrumb":{"@id":"https:\/\/velarogverkfaeri.is\/lykillausnir\/utivistarvorur\/hjolavorur-utivistarvorur\/product\/abus-reidhjolalas-bordo-5700-80-graenn-sh-84430\/#breadcrumb"},"inLanguage":"en-US","potentialAction":[{"@type":"ReadAction","target":["https:\/\/velarogverkfaeri.is\/lykillausnir\/utivistarvorur\/hjolavorur-utivistarvorur\/product\/abus-reidhjolalas-bordo-5700-80-graenn-sh-84430\/"]}]},{"@type":"ImageObject","inLanguage":"en-US","@id":"https:\/\/velarogverkfaeri.is\/lykillausnir\/utivistarvorur\/hjolavorur-utivistarvorur\/product\/abus-reidhjolalas-bordo-5700-80-graenn-sh-84430\/#primaryimage","url":"https:\/\/velarogverkfaeri.is\/wp-content\/uploads\/2023\/06\/df5e288d-e0e2-4f44-b6bc-19956e2f3049.jpeg","contentUrl":"https:\/\/velarogverkfaeri.is\/wp-content\/uploads\/2023\/06\/df5e288d-e0e2-4f44-b6bc-19956e2f3049.jpeg","width":279,"height":1000},{"@type":"BreadcrumbList","@id":"https:\/\/velarogverkfaeri.is\/lykillausnir\/utivistarvorur\/hjolavorur-utivistarvorur\/product\/abus-reidhjolalas-bordo-5700-80-graenn-sh-84430\/#breadcrumb","itemListElement":[{"@type":"ListItem","position":1,"name":"Home","item":"https:\/\/velarogverkfaeri.is\/"},{"@type":"ListItem","position":2,"name":"Vefverslun","item":"https:\/\/velarogverkfaeri.is\/vefverslun\/"},{"@type":"ListItem","position":3,"name":"ABUS Rei\u00f0hj\u00f3lal\u00e1s Bordo 5700\/80 Gr\u00e6nn SH 84430"}]},{"@type":"WebSite","@id":"https:\/\/velarogverkfaeri.is\/en\/#website","url":"https:\/\/velarogverkfaeri.is\/en\/","name":"V\u00e9lar & Verkf\u00e6ri","description":"Umbo\u00f0s- og heildverslun fr\u00e1 \u00e1rinu 1919","publisher":{"@id":"https:\/\/velarogverkfaeri.is\/en\/#organization"},"potentialAction":[{"@type":"SearchAction","target":{"@type":"EntryPoint","urlTemplate":"https:\/\/velarogverkfaeri.is\/en\/?s={search_term_string}"},"query-input":{"@type":"PropertyValueSpecification","valueRequired":true,"valueName":"search_term_string"}}],"inLanguage":"en-US"},{"@type":"Organization","@id":"https:\/\/velarogverkfaeri.is\/en\/#organization","name":"V\u00e9lar & Verkf\u00e6ri","url":"https:\/\/velarogverkfaeri.is\/en\/","logo":{"@type":"ImageObject","inLanguage":"en-US","@id":"https:\/\/velarogverkfaeri.is\/en\/#\/schema\/logo\/image\/","url":"https:\/\/velarogverkfaeri.is\/wp-content\/uploads\/2021\/10\/vv_logo_350x100.png","contentUrl":"https:\/\/velarogverkfaeri.is\/wp-content\/uploads\/2021\/10\/vv_logo_350x100.png","width":350,"height":100,"caption":"V\u00e9lar & Verkf\u00e6ri"},"image":{"@id":"https:\/\/velarogverkfaeri.is\/en\/#\/schema\/logo\/image\/"},"sameAs":["https:\/\/www.facebook.com\/VelarOgVerkfaeri"]}]}},"_links":{"self":[{"href":"https:\/\/velarogverkfaeri.is\/en\/wp-json\/wp\/v2\/product\/31086","targetHints":{"allow":["GET"]}}],"collection":[{"href":"https:\/\/velarogverkfaeri.is\/en\/wp-json\/wp\/v2\/product"}],"about":[{"href":"https:\/\/velarogverkfaeri.is\/en\/wp-json\/wp\/v2\/types\/product"}],"replies":[{"embeddable":true,"href":"https:\/\/velarogverkfaeri.is\/en\/wp-json\/wp\/v2\/comments?post=31086"}],"wp:featuredmedia":[{"embeddable":true,"href":"https:\/\/velarogverkfaeri.is\/en\/wp-json\/wp\/v2\/media\/31082"}],"wp:attachment":[{"href":"https:\/\/velarogverkfaeri.is\/en\/wp-json\/wp\/v2\/media?parent=31086"}],"wp:term":[{"taxonomy":"product_brand","embeddable":true,"href":"https:\/\/velarogverkfaeri.is\/en\/wp-json\/wp\/v2\/product_brand?post=31086"},{"taxonomy":"product_cat","embeddable":true,"href":"https:\/\/velarogverkfaeri.is\/en\/wp-json\/wp\/v2\/product_cat?post=31086"},{"taxonomy":"product_tag","embeddable":true,"href":"https:\/\/velarogverkfaeri.is\/en\/wp-json\/wp\/v2\/product_tag?post=31086"}],"curies":[{"name":"wp","href":"https:\/\/api.w.org\/{rel}","templated":true}]}}