{"id":30904,"date":"2023-04-28T17:56:24","date_gmt":"2023-04-28T17:56:24","guid":{"rendered":"https:\/\/vv-dev.webdev.is\/uncategorized\/product\/chamberlain-bilskurshurdaropnari-ml1040ev-smart\/"},"modified":"2026-04-27T12:01:11","modified_gmt":"2026-04-27T12:01:11","slug":"chamberlain-bilskurshurdaropnari-ml1040ev-smart","status":"publish","type":"product","link":"https:\/\/velarogverkfaeri.is\/en\/lykillausnir\/rafdrifnir-opnarar-lykillausnir\/bilskurshurdaopnarar\/product\/chamberlain-bilskurshurdaropnari-ml1040ev-smart\/","title":{"rendered":"CHAMBERLAIN B\u00edlsk\u00farshur\u00f0aropnari ML1040EV-SMART"},"content":{"rendered":"<ul style=\"list-style-type: circle;\">\n<li><span data-start=\"0\" data-end=\"32\" data-is-only-node=\"\" style=\"\">MYQ \u201eSmart\u201c 830REV startpakki:<\/span> Innifali\u00f0<br data-start=\"42\" data-end=\"45\"><br \/>\n<span data-start=\"45\" data-end=\"69\" style=\"\">H\u00e1marks\u00feyngd hur\u00f0ar:<\/span> 140 kg<br data-start=\"76\" data-end=\"79\"><br \/>\n<span data-start=\"79\" data-end=\"107\" style=\"\">H\u00e1marksflatarm\u00e1l hur\u00f0ar:<\/span> 13,5 m\u00b2<br data-start=\"115\" data-end=\"118\"><br \/>\n<span data-start=\"118\" data-end=\"135\" style=\"\">H\u00e1markshra\u00f0i:<\/span> 200 mm\/sek<\/li>\n<\/ul>\n<p><\/p>\n<p><b>Innihald pakkningar:<\/b><\/p>\n<h6 class=\"sr-only\">ChatGPT said:<\/h6>\n<div class=\"text-base my-auto mx-auto pb-10 [--thread-content-margin:--spacing(4)] thread-sm:[--thread-content-margin:--spacing(6)] thread-lg:[--thread-content-margin:--spacing(16)] px-(--thread-content-margin)\">\n<div class=\"[--thread-content-max-width:40rem] thread-lg:[--thread-content-max-width:48rem] mx-auto max-w-(--thread-content-max-width) flex-1 group\/turn-messages focus-visible:outline-hidden relative flex w-full min-w-0 flex-col agent-turn\" tabindex=\"-1\">\n<div class=\"flex max-w-full flex-col grow\">\n<div data-message-author-role=\"assistant\" data-message-id=\"c510a196-dd0c-4828-aa9c-61247580c095\" dir=\"auto\" class=\"min-h-8 text-message relative flex w-full flex-col items-end gap-2 text-start break-words whitespace-normal [.text-message+&amp;]:mt-1\" data-message-model-slug=\"gpt-5\">\n<div class=\"flex w-full flex-col gap-1 empty:hidden first:pt-[1px]\">\n<div class=\"markdown prose dark:prose-invert w-full break-words light markdown-new-styling\">\n<p data-start=\"0\" data-end=\"194\" data-is-last-node=\"\" data-is-only-node=\"\"><strong data-start=\"0\" data-end=\"7\" data-is-only-node=\"\">1 x<\/strong> \u00d6flugur b\u00edlsk\u00farshur\u00f0aropnari (1000 N)<br data-start=\"33\" data-end=\"36\"><br \/>\n<strong data-start=\"36\" data-end=\"43\">2 x<\/strong> TX4REV-F fjarst\u00fdringar me\u00f0 4 r\u00e1sum (868 MHz)<br data-start=\"88\" data-end=\"91\"><br \/>\n<strong data-start=\"91\" data-end=\"98\">1 x<\/strong> myQ startpakki 830REV fyrir snjalla stj\u00f3rnun \u00ed gegnum myQ appi\u00f0<br data-start=\"160\" data-end=\"163\"><br \/>\n<strong data-start=\"163\" data-end=\"170\">1 x<\/strong> \u00deriggja hluta st\u00e1lbraut<\/p>\n<\/div>\n<\/div>\n<\/div>\n<\/div>\n<\/div>\n<\/div>\n","protected":false},"excerpt":{"rendered":"<p data-start=\"0\" data-end=\"242\">Upplif\u00f0u <strong data-start=\"9\" data-end=\"27\">ML1040EV-Smart<\/strong>, \u00farvals sj\u00e1lfvirkan b\u00edlsk\u00farshur\u00f0aopnara fr\u00e1 <strong data-start=\"72\" data-end=\"87\">Chamberlain<\/strong>, lei\u00f0andi framlei\u00f0anda \u00e1 heimsv\u00edsu. Hann er <strong data-start=\"132\" data-end=\"159\">au\u00f0veldur \u00ed uppsetningu<\/strong> \u00fe\u00f6kk s\u00e9 for\u00adsamsettum \u00edhlutum og b\u00fd\u00f0ur upp \u00e1 <strong data-start=\"205\" data-end=\"239\">h\u00e1marks\u00f6ryggi og \u00e1rei\u00f0anleika<\/strong>.<\/p>\n<p>Opnarinn <strong data-start=\"253\" data-end=\"286\">hentar flestum b\u00edlsk\u00farshur\u00f0um<\/strong> fr\u00e1 helstu framlei\u00f0endum og er <strong data-start=\"318\" data-end=\"335\">myQ-samh\u00e6f\u00f0ur<\/strong>, \u00feannig a\u00f0 \u00fe\u00fa getur <strong data-start=\"356\" data-end=\"411\">stj\u00f3rna\u00f0 og fylgst me\u00f0 honum hvar sem er \u00ed heiminum<\/strong> me\u00f0 <strong data-start=\"416\" data-end=\"435\">myQ r\u00e6sisettinu<\/strong> sem fylgir.<\/p>","protected":false},"featured_media":30899,"comment_status":"closed","ping_status":"closed","template":"","meta":[],"product_brand":[],"product_cat":[685,517,599],"product_tag":[956,1144],"class_list":{"0":"post-30904","1":"product","2":"type-product","3":"status-publish","4":"has-post-thumbnail","6":"product_cat-bilskurshurdaopnarar","7":"product_cat-lykillausnir","8":"product_cat-rafdrifnir-opnarar-lykillausnir","9":"product_tag-chamberlain","10":"product_tag-snjallvorudagar","12":"first","13":"instock","14":"sale","15":"taxable","16":"shipping-taxable","17":"purchasable","18":"product-type-simple"},"yoast_head":"<!-- This site is optimized with the Yoast SEO plugin v27.3 - https:\/\/yoast.com\/product\/yoast-seo-wordpress\/ -->\n<title>CHAMBERLAIN B\u00edlsk\u00farshur\u00f0aropnari ML1040EV-SMART - V\u00e9lar &amp; Verkf\u00e6ri<\/title>\n<meta name=\"robots\" content=\"index, follow, max-snippet:-1, max-image-preview:large, max-video-preview:-1\" \/>\n<link rel=\"canonical\" href=\"https:\/\/velarogverkfaeri.is\/en\/lykillausnir\/rafdrifnir-opnarar-lykillausnir\/bilskurshurdaopnarar\/product\/chamberlain-bilskurshurdaropnari-ml1040ev-smart\/\" \/>\n<meta property=\"og:locale\" content=\"en_US\" \/>\n<meta property=\"og:type\" content=\"article\" \/>\n<meta property=\"og:title\" content=\"CHAMBERLAIN B\u00edlsk\u00farshur\u00f0aropnari ML1040EV-SMART - V\u00e9lar &amp; Verkf\u00e6ri\" \/>\n<meta property=\"og:description\" content=\"Upplif\u00f0u ML1040EV-Smart, \u00farvals sj\u00e1lfvirkan b\u00edlsk\u00farshur\u00f0aopnara fr\u00e1 Chamberlain, lei\u00f0andi framlei\u00f0anda \u00e1 heimsv\u00edsu. Hann er au\u00f0veldur \u00ed uppsetningu \u00fe\u00f6kk s\u00e9 for\u00adsamsettum \u00edhlutum og b\u00fd\u00f0ur upp \u00e1 h\u00e1marks\u00f6ryggi og \u00e1rei\u00f0anleika. Opnarinn hentar flestum b\u00edlsk\u00farshur\u00f0um fr\u00e1 helstu framlei\u00f0endum og er myQ-samh\u00e6f\u00f0ur, \u00feannig a\u00f0 \u00fe\u00fa getur stj\u00f3rna\u00f0 og fylgst me\u00f0 honum hvar sem er \u00ed heiminum me\u00f0 myQ r\u00e6sisettinu sem fylgir.\" \/>\n<meta property=\"og:url\" content=\"https:\/\/velarogverkfaeri.is\/en\/lykillausnir\/rafdrifnir-opnarar-lykillausnir\/bilskurshurdaopnarar\/product\/chamberlain-bilskurshurdaropnari-ml1040ev-smart\/\" \/>\n<meta property=\"og:site_name\" content=\"V\u00e9lar &amp; Verkf\u00e6ri\" \/>\n<meta property=\"article:publisher\" content=\"https:\/\/www.facebook.com\/VelarOgVerkfaeri\" \/>\n<meta property=\"article:modified_time\" content=\"2026-04-27T12:01:11+00:00\" \/>\n<meta property=\"og:image\" content=\"https:\/\/velarogverkfaeri.is\/wp-content\/uploads\/2023\/06\/38802217-da38-4a1f-9aaa-bed8b2866376.jpeg\" \/>\n\t<meta property=\"og:image:width\" content=\"1000\" \/>\n\t<meta property=\"og:image:height\" content=\"1000\" \/>\n\t<meta property=\"og:image:type\" content=\"image\/jpeg\" \/>\n<meta name=\"twitter:card\" content=\"summary_large_image\" \/>\n<script type=\"application\/ld+json\" class=\"yoast-schema-graph\">{\"@context\":\"https:\\\/\\\/schema.org\",\"@graph\":[{\"@type\":\"WebPage\",\"@id\":\"https:\\\/\\\/velarogverkfaeri.is\\\/lykillausnir\\\/rafdrifnir-opnarar-lykillausnir\\\/bilskurshurdaopnarar\\\/product\\\/chamberlain-bilskurshurdaropnari-ml1040ev-smart\\\/\",\"url\":\"https:\\\/\\\/velarogverkfaeri.is\\\/lykillausnir\\\/rafdrifnir-opnarar-lykillausnir\\\/bilskurshurdaopnarar\\\/product\\\/chamberlain-bilskurshurdaropnari-ml1040ev-smart\\\/\",\"name\":\"CHAMBERLAIN B\u00edlsk\u00farshur\u00f0aropnari ML1040EV-SMART - V\u00e9lar &amp; Verkf\u00e6ri\",\"isPartOf\":{\"@id\":\"https:\\\/\\\/velarogverkfaeri.is\\\/en\\\/#website\"},\"primaryImageOfPage\":{\"@id\":\"https:\\\/\\\/velarogverkfaeri.is\\\/lykillausnir\\\/rafdrifnir-opnarar-lykillausnir\\\/bilskurshurdaopnarar\\\/product\\\/chamberlain-bilskurshurdaropnari-ml1040ev-smart\\\/#primaryimage\"},\"image\":{\"@id\":\"https:\\\/\\\/velarogverkfaeri.is\\\/lykillausnir\\\/rafdrifnir-opnarar-lykillausnir\\\/bilskurshurdaopnarar\\\/product\\\/chamberlain-bilskurshurdaropnari-ml1040ev-smart\\\/#primaryimage\"},\"thumbnailUrl\":\"https:\\\/\\\/velarogverkfaeri.is\\\/wp-content\\\/uploads\\\/2023\\\/06\\\/38802217-da38-4a1f-9aaa-bed8b2866376.jpeg\",\"datePublished\":\"2023-04-28T17:56:24+00:00\",\"dateModified\":\"2026-04-27T12:01:11+00:00\",\"breadcrumb\":{\"@id\":\"https:\\\/\\\/velarogverkfaeri.is\\\/lykillausnir\\\/rafdrifnir-opnarar-lykillausnir\\\/bilskurshurdaopnarar\\\/product\\\/chamberlain-bilskurshurdaropnari-ml1040ev-smart\\\/#breadcrumb\"},\"inLanguage\":\"en-US\",\"potentialAction\":[{\"@type\":\"ReadAction\",\"target\":[\"https:\\\/\\\/velarogverkfaeri.is\\\/lykillausnir\\\/rafdrifnir-opnarar-lykillausnir\\\/bilskurshurdaopnarar\\\/product\\\/chamberlain-bilskurshurdaropnari-ml1040ev-smart\\\/\"]}]},{\"@type\":\"ImageObject\",\"inLanguage\":\"en-US\",\"@id\":\"https:\\\/\\\/velarogverkfaeri.is\\\/lykillausnir\\\/rafdrifnir-opnarar-lykillausnir\\\/bilskurshurdaopnarar\\\/product\\\/chamberlain-bilskurshurdaropnari-ml1040ev-smart\\\/#primaryimage\",\"url\":\"https:\\\/\\\/velarogverkfaeri.is\\\/wp-content\\\/uploads\\\/2023\\\/06\\\/38802217-da38-4a1f-9aaa-bed8b2866376.jpeg\",\"contentUrl\":\"https:\\\/\\\/velarogverkfaeri.is\\\/wp-content\\\/uploads\\\/2023\\\/06\\\/38802217-da38-4a1f-9aaa-bed8b2866376.jpeg\",\"width\":1000,\"height\":1000},{\"@type\":\"BreadcrumbList\",\"@id\":\"https:\\\/\\\/velarogverkfaeri.is\\\/lykillausnir\\\/rafdrifnir-opnarar-lykillausnir\\\/bilskurshurdaopnarar\\\/product\\\/chamberlain-bilskurshurdaropnari-ml1040ev-smart\\\/#breadcrumb\",\"itemListElement\":[{\"@type\":\"ListItem\",\"position\":1,\"name\":\"Home\",\"item\":\"https:\\\/\\\/velarogverkfaeri.is\\\/\"},{\"@type\":\"ListItem\",\"position\":2,\"name\":\"Vefverslun\",\"item\":\"https:\\\/\\\/velarogverkfaeri.is\\\/vefverslun\\\/\"},{\"@type\":\"ListItem\",\"position\":3,\"name\":\"CHAMBERLAIN B\u00edlsk\u00farshur\u00f0aropnari ML1040EV-SMART\"}]},{\"@type\":\"WebSite\",\"@id\":\"https:\\\/\\\/velarogverkfaeri.is\\\/en\\\/#website\",\"url\":\"https:\\\/\\\/velarogverkfaeri.is\\\/en\\\/\",\"name\":\"V\u00e9lar & Verkf\u00e6ri\",\"description\":\"Umbo\u00f0s- og heildverslun fr\u00e1 \u00e1rinu 1919\",\"publisher\":{\"@id\":\"https:\\\/\\\/velarogverkfaeri.is\\\/en\\\/#organization\"},\"potentialAction\":[{\"@type\":\"SearchAction\",\"target\":{\"@type\":\"EntryPoint\",\"urlTemplate\":\"https:\\\/\\\/velarogverkfaeri.is\\\/en\\\/?s={search_term_string}\"},\"query-input\":{\"@type\":\"PropertyValueSpecification\",\"valueRequired\":true,\"valueName\":\"search_term_string\"}}],\"inLanguage\":\"en-US\"},{\"@type\":\"Organization\",\"@id\":\"https:\\\/\\\/velarogverkfaeri.is\\\/en\\\/#organization\",\"name\":\"V\u00e9lar & Verkf\u00e6ri\",\"url\":\"https:\\\/\\\/velarogverkfaeri.is\\\/en\\\/\",\"logo\":{\"@type\":\"ImageObject\",\"inLanguage\":\"en-US\",\"@id\":\"https:\\\/\\\/velarogverkfaeri.is\\\/en\\\/#\\\/schema\\\/logo\\\/image\\\/\",\"url\":\"https:\\\/\\\/velarogverkfaeri.is\\\/wp-content\\\/uploads\\\/2021\\\/10\\\/vv_logo_350x100.png\",\"contentUrl\":\"https:\\\/\\\/velarogverkfaeri.is\\\/wp-content\\\/uploads\\\/2021\\\/10\\\/vv_logo_350x100.png\",\"width\":350,\"height\":100,\"caption\":\"V\u00e9lar & Verkf\u00e6ri\"},\"image\":{\"@id\":\"https:\\\/\\\/velarogverkfaeri.is\\\/en\\\/#\\\/schema\\\/logo\\\/image\\\/\"},\"sameAs\":[\"https:\\\/\\\/www.facebook.com\\\/VelarOgVerkfaeri\"]}]}<\/script>\n<!-- \/ Yoast SEO plugin. -->","yoast_head_json":{"title":"CHAMBERLAIN B\u00edlsk\u00farshur\u00f0aropnari ML1040EV-SMART - V\u00e9lar &amp; Verkf\u00e6ri","robots":{"index":"index","follow":"follow","max-snippet":"max-snippet:-1","max-image-preview":"max-image-preview:large","max-video-preview":"max-video-preview:-1"},"canonical":"https:\/\/velarogverkfaeri.is\/en\/lykillausnir\/rafdrifnir-opnarar-lykillausnir\/bilskurshurdaopnarar\/product\/chamberlain-bilskurshurdaropnari-ml1040ev-smart\/","og_locale":"en_US","og_type":"article","og_title":"CHAMBERLAIN B\u00edlsk\u00farshur\u00f0aropnari ML1040EV-SMART - V\u00e9lar &amp; Verkf\u00e6ri","og_description":"Upplif\u00f0u ML1040EV-Smart, \u00farvals sj\u00e1lfvirkan b\u00edlsk\u00farshur\u00f0aopnara fr\u00e1 Chamberlain, lei\u00f0andi framlei\u00f0anda \u00e1 heimsv\u00edsu. Hann er au\u00f0veldur \u00ed uppsetningu \u00fe\u00f6kk s\u00e9 for\u00adsamsettum \u00edhlutum og b\u00fd\u00f0ur upp \u00e1 h\u00e1marks\u00f6ryggi og \u00e1rei\u00f0anleika. Opnarinn hentar flestum b\u00edlsk\u00farshur\u00f0um fr\u00e1 helstu framlei\u00f0endum og er myQ-samh\u00e6f\u00f0ur, \u00feannig a\u00f0 \u00fe\u00fa getur stj\u00f3rna\u00f0 og fylgst me\u00f0 honum hvar sem er \u00ed heiminum me\u00f0 myQ r\u00e6sisettinu sem fylgir.","og_url":"https:\/\/velarogverkfaeri.is\/en\/lykillausnir\/rafdrifnir-opnarar-lykillausnir\/bilskurshurdaopnarar\/product\/chamberlain-bilskurshurdaropnari-ml1040ev-smart\/","og_site_name":"V\u00e9lar &amp; Verkf\u00e6ri","article_publisher":"https:\/\/www.facebook.com\/VelarOgVerkfaeri","article_modified_time":"2026-04-27T12:01:11+00:00","og_image":[{"width":1000,"height":1000,"url":"https:\/\/velarogverkfaeri.is\/wp-content\/uploads\/2023\/06\/38802217-da38-4a1f-9aaa-bed8b2866376.jpeg","type":"image\/jpeg"}],"twitter_card":"summary_large_image","schema":{"@context":"https:\/\/schema.org","@graph":[{"@type":"WebPage","@id":"https:\/\/velarogverkfaeri.is\/lykillausnir\/rafdrifnir-opnarar-lykillausnir\/bilskurshurdaopnarar\/product\/chamberlain-bilskurshurdaropnari-ml1040ev-smart\/","url":"https:\/\/velarogverkfaeri.is\/lykillausnir\/rafdrifnir-opnarar-lykillausnir\/bilskurshurdaopnarar\/product\/chamberlain-bilskurshurdaropnari-ml1040ev-smart\/","name":"CHAMBERLAIN B\u00edlsk\u00farshur\u00f0aropnari ML1040EV-SMART - V\u00e9lar &amp; Verkf\u00e6ri","isPartOf":{"@id":"https:\/\/velarogverkfaeri.is\/en\/#website"},"primaryImageOfPage":{"@id":"https:\/\/velarogverkfaeri.is\/lykillausnir\/rafdrifnir-opnarar-lykillausnir\/bilskurshurdaopnarar\/product\/chamberlain-bilskurshurdaropnari-ml1040ev-smart\/#primaryimage"},"image":{"@id":"https:\/\/velarogverkfaeri.is\/lykillausnir\/rafdrifnir-opnarar-lykillausnir\/bilskurshurdaopnarar\/product\/chamberlain-bilskurshurdaropnari-ml1040ev-smart\/#primaryimage"},"thumbnailUrl":"https:\/\/velarogverkfaeri.is\/wp-content\/uploads\/2023\/06\/38802217-da38-4a1f-9aaa-bed8b2866376.jpeg","datePublished":"2023-04-28T17:56:24+00:00","dateModified":"2026-04-27T12:01:11+00:00","breadcrumb":{"@id":"https:\/\/velarogverkfaeri.is\/lykillausnir\/rafdrifnir-opnarar-lykillausnir\/bilskurshurdaopnarar\/product\/chamberlain-bilskurshurdaropnari-ml1040ev-smart\/#breadcrumb"},"inLanguage":"en-US","potentialAction":[{"@type":"ReadAction","target":["https:\/\/velarogverkfaeri.is\/lykillausnir\/rafdrifnir-opnarar-lykillausnir\/bilskurshurdaopnarar\/product\/chamberlain-bilskurshurdaropnari-ml1040ev-smart\/"]}]},{"@type":"ImageObject","inLanguage":"en-US","@id":"https:\/\/velarogverkfaeri.is\/lykillausnir\/rafdrifnir-opnarar-lykillausnir\/bilskurshurdaopnarar\/product\/chamberlain-bilskurshurdaropnari-ml1040ev-smart\/#primaryimage","url":"https:\/\/velarogverkfaeri.is\/wp-content\/uploads\/2023\/06\/38802217-da38-4a1f-9aaa-bed8b2866376.jpeg","contentUrl":"https:\/\/velarogverkfaeri.is\/wp-content\/uploads\/2023\/06\/38802217-da38-4a1f-9aaa-bed8b2866376.jpeg","width":1000,"height":1000},{"@type":"BreadcrumbList","@id":"https:\/\/velarogverkfaeri.is\/lykillausnir\/rafdrifnir-opnarar-lykillausnir\/bilskurshurdaopnarar\/product\/chamberlain-bilskurshurdaropnari-ml1040ev-smart\/#breadcrumb","itemListElement":[{"@type":"ListItem","position":1,"name":"Home","item":"https:\/\/velarogverkfaeri.is\/"},{"@type":"ListItem","position":2,"name":"Vefverslun","item":"https:\/\/velarogverkfaeri.is\/vefverslun\/"},{"@type":"ListItem","position":3,"name":"CHAMBERLAIN B\u00edlsk\u00farshur\u00f0aropnari ML1040EV-SMART"}]},{"@type":"WebSite","@id":"https:\/\/velarogverkfaeri.is\/en\/#website","url":"https:\/\/velarogverkfaeri.is\/en\/","name":"V\u00e9lar & Verkf\u00e6ri","description":"Umbo\u00f0s- og heildverslun fr\u00e1 \u00e1rinu 1919","publisher":{"@id":"https:\/\/velarogverkfaeri.is\/en\/#organization"},"potentialAction":[{"@type":"SearchAction","target":{"@type":"EntryPoint","urlTemplate":"https:\/\/velarogverkfaeri.is\/en\/?s={search_term_string}"},"query-input":{"@type":"PropertyValueSpecification","valueRequired":true,"valueName":"search_term_string"}}],"inLanguage":"en-US"},{"@type":"Organization","@id":"https:\/\/velarogverkfaeri.is\/en\/#organization","name":"V\u00e9lar & Verkf\u00e6ri","url":"https:\/\/velarogverkfaeri.is\/en\/","logo":{"@type":"ImageObject","inLanguage":"en-US","@id":"https:\/\/velarogverkfaeri.is\/en\/#\/schema\/logo\/image\/","url":"https:\/\/velarogverkfaeri.is\/wp-content\/uploads\/2021\/10\/vv_logo_350x100.png","contentUrl":"https:\/\/velarogverkfaeri.is\/wp-content\/uploads\/2021\/10\/vv_logo_350x100.png","width":350,"height":100,"caption":"V\u00e9lar & Verkf\u00e6ri"},"image":{"@id":"https:\/\/velarogverkfaeri.is\/en\/#\/schema\/logo\/image\/"},"sameAs":["https:\/\/www.facebook.com\/VelarOgVerkfaeri"]}]}},"_links":{"self":[{"href":"https:\/\/velarogverkfaeri.is\/en\/wp-json\/wp\/v2\/product\/30904","targetHints":{"allow":["GET"]}}],"collection":[{"href":"https:\/\/velarogverkfaeri.is\/en\/wp-json\/wp\/v2\/product"}],"about":[{"href":"https:\/\/velarogverkfaeri.is\/en\/wp-json\/wp\/v2\/types\/product"}],"replies":[{"embeddable":true,"href":"https:\/\/velarogverkfaeri.is\/en\/wp-json\/wp\/v2\/comments?post=30904"}],"wp:featuredmedia":[{"embeddable":true,"href":"https:\/\/velarogverkfaeri.is\/en\/wp-json\/wp\/v2\/media\/30899"}],"wp:attachment":[{"href":"https:\/\/velarogverkfaeri.is\/en\/wp-json\/wp\/v2\/media?parent=30904"}],"wp:term":[{"taxonomy":"product_brand","embeddable":true,"href":"https:\/\/velarogverkfaeri.is\/en\/wp-json\/wp\/v2\/product_brand?post=30904"},{"taxonomy":"product_cat","embeddable":true,"href":"https:\/\/velarogverkfaeri.is\/en\/wp-json\/wp\/v2\/product_cat?post=30904"},{"taxonomy":"product_tag","embeddable":true,"href":"https:\/\/velarogverkfaeri.is\/en\/wp-json\/wp\/v2\/product_tag?post=30904"}],"curies":[{"name":"wp","href":"https:\/\/api.w.org\/{rel}","templated":true}]}}