{"id":30501,"date":"2023-04-28T17:55:15","date_gmt":"2023-04-28T17:55:15","guid":{"rendered":"https:\/\/vv-dev.webdev.is\/uncategorized\/product\/bahco-rortong-horn-nr-442b-1-45\/"},"modified":"2026-01-14T08:30:50","modified_gmt":"2026-01-14T08:30:50","slug":"bahco-rortong-horn-nr-442b-1-45","status":"publish","type":"product","link":"https:\/\/velarogverkfaeri.is\/en\/verkfaeralausnir\/handverkfaeri\/pipulagningarverkfaeri\/product\/bahco-rortong-horn-nr-442b-1-45\/","title":{"rendered":"BAHCO R\u00f6rt\u00f6ng horn nr 442B 1&#8243; 45\u00b0"},"content":{"rendered":"<p><img decoding=\"async\" src=\"data:image\/png;base64,iVBORw0KGgoAAAANSUhEUgAAAeIAAADvCAYAAAAuANfJAAAAAXNSR0IArs4c6QAAAARnQU1BAACxjwv8YQUAAAAJcEhZcwAADsMAAA7DAcdvqGQAABrESURBVHhe7d3fa1Rn4sfxT79\/QxO3Jl\/UNgTFX9\/drq2l0l5EjJC21IKkSEA62M3Npl7IpkiNiLFIA72w2YtO604RghgKdakGHDEXXSx163ZbYyQyZKvSpJpJ7730+zznPGfmzM9M1Jkna94vOHp+zg84z\/mc58eZPPXAEAAA8OJ\/3P8AAMADghgAAI8IYgAAPCKIAQDwiCAGAMAjghgAAI9qCOIbSu56W29UnFKacHtOJMN1yWtuRU2yGnvfHndYY1m3qmbusyVvuOUaZS+q3x73\/kXNuVXhZ89\/FwAAGqH2GnF7Qp+fPaOvS6aENgU7ZPXLz8GM\/jOzmESd10zG\/p\/RzN1gRf3dndFN+39mJhfEAAD48BibppvV9VEYzkNdzW5dLdar14V672a3qt42J4puIgAA8IM+YgAAPHqsQTw3dri0r\/daKug3LjdFfckl\/bPBMeFy1O8cTjX24UZ9wBWPq7FvOffZ48cX95kXfd\/gvcN18c++uH5zAMByUd8asQ2yIxe1dt8nrin4E\/W2h5vsuupN0Rd1yATYSKs7NpnQWrsuNsCqnOBmoDcl5d7zjI7ttK+1yMFgNlDNZ9fOAfMargk7CNlBjeX6y+33ySjZW\/zadt3bOiR7bPgZGtbsDgD4r1J7EGdSejdXC3TTQqE4czsY5HUg12fcrK4DNlCl51oX7kfuOhLrb27eoQP7TIpnLutfFQP1hv5+MhOEfLyfelNvGJjfXK01iU2t14T5TRu4vevdOsN8hiEbrB\/t0Ipwhfs+ZV7bBnj8WAAAyqg9iMuNms4FUnkrWlcHAf73WLPs3NXLuql2tT7jVixC8HrVXPunxsx\/N0++V3jDsOs9JTNm\/cx8uF9V9nEqV+td4PsFmlv0nJuNW9va5OYAAKisvk3Tm02YmVrs2JF8KL5raqxdR45qUQOrF8nWpAtuGKJpwRqqbcK2od2u3gOVQ7iw39qEtlsPAMBi1TeIg6ZiqTdZGIh16y99pjVo9n54O3Qs1+9bZmCYG7x16IIJ6tx3GlCX2wwAwGLVebCWbSpu4A91uGbisdPV+66rs89D23C1tePCMJ64ctE10de3Rg8AWD7q3DT9WjBKOt40HU39ixrCXKv16j2yIxxYFhtIFj5WtZj3tD8y4sI49jorWu1gsVifdzSK2i0CALBYtQdxuVHTwVT52d6J5HtKqniQV\/gI082Tf13c40S1sr+aZR91in3esF\/6jA5scfvUxIRx7nXCx5NWdP258MbiY+lA7JEsAAAW66kHhpt\/zOwPXwxKJgBL+oSD54tvm6CjiRcAsLzVsWm6SbYld+xI0Y9duB\/50M5uQhgAsOzVsUYcso\/6HLrgFhzbTMwvTQEA0IAgBgAAldX5OWIAAFANQQwAgEcEMQAAHhHEAAB4RBADAOARQQwAgEcEMQAAHhHEAAB4RBADAOARQQwAgEcEMQAAHhHEAAB4RBADAOARQQwAgEcEMQAAHhHEAAB4RBADAOARQQwAgEcEMQAAHj31wHDzZd2\/f9\/NAQCAx40aMQAAHhHEAAB4RBADAOARQQwAgEcEMQAAHhHEAAB4RBADAOARQQwAgEcEMQAAHhHEAAB4RBADAOARQQwAgEcEMQAAHhHEAAB4VPc\/g5hNf6i+U9Nuydjer9HEOrcwpVRKSuSWgSfXZOodDd7u0fDRDjW7dbo+ou7j425B6jz4hRIb3QKAZaG+NWJzkek7tUoDp7\/QaDANKXH7K6Xno+0\/KO1mHzd70eveY6cPNXD4HQ3k3hRoPHtDOni7Te1uOTA\/roHjd5Q4EZWPfun4O0pdd9sBLAt1DeLJq+ZOf\/vz2uCWpSZ1Hv1AnU3hUvbXO+FMHWxIfKHhvW1mbloZUyFfs9K9KdBo0Q3p7lXKuFXW5LkRae+fcuVBWqfXzDmb\/nJcWbcGwJOvrkHc3GKC8FKsBhxja6xBk\/WlobDmmppyW+aVNjXYsDbrarK25uCWu\/eMaNLtaWsZ9rhc7fdw\/AI2r+zKP4U1jRM9unU8fxzQMLlab0\/shtSa0veXSm8Qm\/+wVe3TV\/RjUZkpOdeDclBYVvI16Sml9nyo9PV8uQnKkW0Gd8uFZQWAT\/UN4s631GlqpKn9rvDnwjZWY7V9xjYsXT\/xZKpfs7vzTXVrTvWre\/8VbYua7w5Kg\/GLiAny77e4bbm+N3uB6tfgcXOsfd9z0ra2cX1Pkx8aygTi\/hGtOZhvBSrUppbfudlaxM714b13NLgnVlYOdihdcLNpyt2XUl+8HH35jIaD5SElNKJhumuAJaHOo6bXKeEuBJ12Maj9Vq+Z2oDOD1ZZpxe2m\/+2m0CPLmQbn1dnvMbQ1qPXCga3hCGcWu0C3k5b7iplKt+3fuXCg8aZTA3p1l4Teo9r8FXsXG9eucr826EXotf+3TNq1x3Nxk7xzt3RjenTso1T7S9vcstNalktZWZ\/C5YA+FXnII7EA3nhmmm++e0dDV4yK6Lm62Aaqj7Aa35Cl6fblHg9NhJ7Y48GbKADjTI\/rlFz7mZsTTQ6d+3o6OkR9Zn5sBl5WrP3gr0BLGMNCuJIeGdeWdjnNdoylKvN2gBtN7WKXO02mCo19VUyr9nbDNhCAzV1aLDgnDXTwY6gVmubhxMbw9ae4laa7L+vKNO2Vb\/nVAWWjToGcRiqBY9iXE8rNR1rTivxm2YLRjiHA1oypz4rGPCVna\/SxGwugN3bp5U6l++PXvh9gcbb8HqPVHBuT+n8qelYkzKA5aB+QTz\/m1p229HKUZOybZqTBk7nR48GI0SjZudgAJZ7fCN3zA96wdYkTmzV5WjAl5mGh9NlR2JHNiTs88qx5uyi9wWWBFtrPrgqP5hxz5DED3oAy07df1kLAABU1uA+YgAAEEcQAwDgEUEMAIBHBDEAAB4RxAAAeEQQAwDgEUEMAIBHBDEAAB4RxAAAeEQQAwDgEUEMAIBHBDEAAB4RxAAAeEQQAwDg0YJ\/BhEAANQPNWIAADwiiAEA8IggBgDAI4IYAACPCGIAADwiiAEA8IggBgDAI4IYAACPCGIAADwiiAEA8IggBgDAI4IYAACPCGIAADwiiAEA8KjuQTw3dlhv7Ho7PyVvuC3WDSULloEn00TSnPvvX9ScWy5mt\/ePZaVrqar7AXjy1DeIzUXl3ZOrdezsGX0dTJ+o9+dR2etNuP2fGnOzj1tw4QvC\/7D633cXOaDhshoz59+hC24RAIrUNYgnrlyUdr6oTW5ZalbXR0fV1Rwuzc3cDmfqYFPvGX2+r93MZXQzIz3X6t4UaJgbSu56T8lnB\/T1kR1uXXkrWtvDc\/SZVq19tkUr3HoAT76nHhhu\/rGzzdLvnpR6k\/nwjdgaa0EtYae5WPWuNzO2BmEuXiY8rbX7PtHQlp\/U35vSzWDNDlPDTgThHrz+TLeOaTB8rfaEPv9oh7uIZTVxzQTyZvPG2Yvm+Bn1uOOAhshmNdfcHJ6Ptsn5dGvs\/ASAUF2DOKwRDOabn3NhG4qCNL7OBvR3W8+od7Ndio5vz4d57IKmIOgz6joS7R8pDHPtTKj355Rm9hTvBzQIQQyggjoP1lqv3qBveEBddvHCoN7YldJEsK0826ScD8v1emmn+W9nd75GvflFdWUu619Rl6+pBb9ZLoRtc2DUN711Jgjl\/8zQTwwAWFoa9PhSPJAv6rtrbnUF+YFWrvk6CPBoXayGXU72J32TMTXoXflatjYndMwGOgAAS0yDgjjSpFY7fqqicITpSOsnudqsDVDbT5yr3QZTaZ9zdVn98jMDtgAAS08dgzgM1WS89nvtvJKZHXqpYj\/tvGYKRjjf0HemRnzz5F\/zjzwZc9kqTczNO9SzM6Pk2djzyQu+LwAAftRvsFb2hibuzmrkSDTa2cqPeA4Eo5nddjfiORqAFXL7x\/cz1rbv0KsHEvrjVbPvP7aVGQBTNFir+H2BBgmfHMidiKGC0f0Alrs6j5oGAADVNLiPGAAAxBHEAAB4RBADAOARQQwAgEcEMQAAHhHEAAB4RBADAOARQQwAgEcEMQAAHhHEAAB4RBADAOARQQwAgEcEMQAAHhHEAAB4tOCfQbx\/\/76bAwAAjxs1YgAAPCKIAQDwiCAGAMAjghgAAI8IYgAAPCKIAQDwiCAGAMAjghgAAI8IYgAAPCKIAQDwiCAGAMAjghgAAI8IYgAAPCKIAQDwqGFBPJl6R917PlR63q0oMK\/0YbvdTKkpt66C+XGlyr8IsKQFZeDwuLJu2cqmPwzP+9iUuu42xpnzfiDap2oZiZWlqvtPKeW2D0Tl6fqIO6ZSOa1R2TJq3m+hsg0sUw36e8S20H+lW23T0stDGuxscutD9mLUN\/uWRhPr3JrK7L7D+lPJa1RjL4CDl+xcm9orfAagnoJz\/FupXVvVd7RDzW69PTe\/3\/KFEhvdirJsuH4m9X0ge9pWPMYG6fFxte8tPL\/D879NiRPh8dG60Zb4fmEZbYnt87DKllH72a4+X1MZB5abhtSIs+mvlG4zF6DdHcqcSmvSrY9kZ6fV3vK0W6rO7rtYGxJfaHhvm5mbVsYcvmblI15pgMUwIdR3apUGdq9Sxq0KzWv2dptafucWK\/pNsybAf+9O2w1bOnTr1zI1zjIhbNnzf2D7tFLDUW3cvm9ROZj\/Vbe0Si2PoWiUK6PZX++4OQDFGlAjtnfz\/Zrdbe\/g4\/P5balYuQ0vJCpc39aj4aOb9GPZfc2Vw9UEIp0Hi2sL85q8bi5IG82+tolv\/111n+7RBrtpwWOBRxCcb1e0zdY075lz7ctnzLkc1YhrrYXWUCMOzmNpIDqvi+U+x1ua3T+ktFttdb7dofSZfBmQOsLXqVI2ghr+qagwuv0rlOfu2X7XIuVs76dmDMTUP4iLgi9sotsauxiVNpOV7DM\/ZWrR67TBXYRKm9R+0AvRBag4aIsvDtt7lLg94m4GFjoWeBT2\/BqSogCzwRYP4uB8GymoJVe+EQxfKwjQMkFWrlwVin+W4htio+TcL\/rsxuT1KXMzu86FsKnhR\/sWfa\/SMuo+X43dT8ByU\/em6clz5kKz\/flcsDV3vqXO6Sv6caHBINN384NamsIQLm+dEvHgbFqpNbqj2eD1XQivNheu01+E05a7QSiHTXvVjgUezWRqSLdMjbB8sBpNHRqMzks7nejRreMVBmsF56rbr4FhFm8CtyFsy9SP306bG4ZYudnYqYRqKNMAyqpzEE\/pe9skdWkoP4IzuKuf1uV\/Vy61zZ0faPSgNFg8qrMie\/cef31nfkKXp9uUeD124drYo4Htbj5Q4VjgUZga5qg59zOn+t25ZSbbzDs9oj4zXzZsTTB3m3MzfXXxo4ubV64qvHktFvQB19IfHbHBP6Rt30aff8SN7fhNtgs4bW4Yct9rj21xmtbsvWAHAItU1yAOB2n1aDh+12+ng+UHbRUwgRnu36815mJWvpZg2Ca1oJ8tev1+dbpN5cUGqiz6WKBGxbVdO5nzPhjvYOYr1pIf1sbnzblrwr\/CTWvQMtWWH\/BVmyZ1Hg0\/+\/DeOxoMHr16Wi1tYRN6wXerx3cClok6BnHYhNX+8qbSPit30fi+Urhet33CcVXu5O\/dLbzAXP8hX6sNahjTSp2L1TCup83de4desBeNascC9XZ9pPAG0ywHjxnFW3BqZmqwJ3okc9Na3IJk+2yD1+2r1H9cjh3gWBTqq1ea45v0+5fblP6y6Hno+YVarQBUUrfBWuGADhU8uxgXXhzC0ZYqGtwxaY4dPTWdG8RS8EhGfCRnMGjl6TKDsa7kRpjaC0rhSM5ohKdVbiBX\/FjgMSoY1GTOvXRas6fGYzd\/8XPzYRWf70bJ4K5wn6qDteanlBoeUrpsuYnKd\/5N2ts6tK2vJyw3JWXUvHfw+m5gWvAUxGJuCoAnW4N+0AMAAJTTkB\/0AAAA5RHEAAB4RBADAOARQQwAgEcEMQAAHhHEAAB4RBADAOARQQwAgEcEMQAAHhHEAAB4RBADAOARQQwAgEcEMQAAHhHEAAB4tOCfQQQAAPVDjRgAAI8IYgAAPCKIAQDwiCAGAMAjghgAAI8IYgAAPCKIAQDwiCAGAMAjghgAAI8IYgAAPCKIAQDwiCAGAMAjghgAAI8IYgAAPGpMEGcvqn\/X23ojPr1\/UXNuM\/BEKnfe7zqssazb7kwk7fqUJtz+\/cU7lHVDyeQNNx\/Jaux981q2bF1LBe+XvOY2PS7BZyz9DnLv90bJZ3oY5b4b8OSq+98jtheZQxfa1Zs8qq5mt9KYGzusd\/+xTZ9\/tEMr3LpFsxeF3pRumtm17e26mVmtY2cT2hRuBfwKzs\/LejV27gfn\/cnHcJ7a4Lvyor7uXe9WNEiZ7xSVQ+37REPxQv6wfH03wJP61ohNgSoXwtaKrqP6+lFC2GreoaGzA+oyszczGam99dFeD6izFV3d5ny9qO8esaY6N3PbzflmauEfm5vhnQOPJ4SNpfPdgMaoaxBPXLko7TQXnlrKZ9DkFTXfxZvUbihpm8Ku5bcXNLeZ+ZfOntHXZjr2bEof19SsBywdtpYcnffF57dtUeofuxE2OdvtyRvBundPmhvPC4O5dZGwmTua4k3IpeWouJm88Fg3LdCFNJF8T0kl9Hlx7TVqqnZT1e9kpqg5vtp3A55Ytmm6PuYenO\/vfvCX83NuuYq59IO\/vNn94NOf3PKDyQefvjnwIDzUznc\/eL0\/\/eBesC3mp789eN1uCyaz\/3mzXG4\/wIfgvI7O49C1TwvP5XvnB8y5+7cH19xycVkI9i96DSs47tNJtxQqfu2wfFQuRwX7232Lj40vR2LfqeSz59j3Kv5O+eWS71TwOct\/N+BJ1vhR0\/Gar7vbnrt6OWja6t0c7iKt15v7pG+u5m\/Xu\/YUNWPbO+4jt9WbDGvDX5\/9s\/QPUwPPzDAIDEtIRsnefM3vkAZiXTJZ\/esfGXUdifUXN+9Qz05p7EqsJlhTq9INfWe7gQ7Eysnm19TbnqlYjjZt3ZErL4trDg6\/k625rt33Wpm+7vXqjfeBN7foOd3WL7Had8F32vyiusxrztx1y8AyU8cgbtb\/PivdnJl3y07Qr2uC84i5CDhzM7GmKDfZQl5ybExps3ezug4ktNYtAUuDHSNhbxQ\/MaHoVuXMy576xVa0mh1\/nl3cDWV2Vv9xs3kVymAZdszG569c1rtRGbQ3ufFQL+C+UzIhnXyvwihv2xQeledBjbm1AErVtUYc3HFfGC191KFIcOExNeKwZhubFjtq8u6MbjJgC0uSu1E0N5z5\/tIm2VO\/WHBj+mzL4s7joNZZLKtffpbWtja55SqyF\/WxfYohV\/5KB1iWsDfV5cI4aPUaVWuutSocUAmgvPo2TW9O6NhO24xV+txhvClsxZZt5gJVFNjZbNUawaZd9qIWPyarsdMXtfaV\/yOIsTTZ4DqyQ2NHovLQrD++0m6WU5oIdjBMiI1ckLq2LvbRnfV6yZa1j2ODq66dVzLTrle31DBasvn\/9KpS+RpxMJWW2xLlwji4Id6mP0Zve+2f1IiBKureR7yp19wRJ7fpm1g\/mZ2CZymjvrKgMBft8\/Ff9fdqV4HgorY61v\/2nr555TE9xwjUS+7mNBxJHDQJ77utQ9F535vSc0fOxMZLlBfevLruHDfWwpY1++RAQfNymUcHy7Gjn2f2RDXYcAo+59kaRi3Hwjj4LLZvOh7qV1rLNMtXVu67AU+yuv+gB4Clzv4iV\/GNbLjOhvNCNwUAHg1BDMCwg6sKB1V11VAzB\/DoCGIAADxq\/HPEAAAghyAGAMAjghgAAI8IYgAAPCKIAQDwiCAGAMAjghgAAI8IYgAAPCKIAQDwiCAGAMAjghgAAI8IYgAAPFrwjz7cv3\/fzQEAgMeNGjEAAB4RxAAAeEQQAwDgEUEMAIBHBDEAAB4RxAAAeEQQAwDgEUEMAIBHBDEAAB4RxAAAeEQQAwDgEUEMAIBHBDEAAB4RxAAAeFTfP4M4P66B\/Ve07cQH6mxy63xZSp8Fy8Jk6h0NXnILBdqUMOdhy7nq28PzdEqpPUNKB+uN7f0aTaxzCwCeBAQx0EDZ9Ifq+3arho92qNmtiyvcPq\/04X5dfnlIg+6kDcJdhDHwJGlA0\/S0UvvfUfeeaPpQ6Xm3CVhWpnT+1LQ6d5cP4ZLt19NKqUd9sTvHDa\/3qP3SV5Qh4AnSgCC2zWxfaPS0mw6uMsFsw9je7ZtgTk25\/ZzrIyasRzRpZu3d\/0B6KtzPBflA7Apkaw\/5gI+m8FhTBS487tzdYC3gSzZtArStR69tdCuKFG+fvDourV5ZGNpNm7StbVqX\/12cxLYJO14O3HlPYgNLXuMHa23sVCK4kEidfcV39yY8vxxX58EebXBrMqe+kvqiEO8wy5+F+8+Pa\/jUKg1EAX\/CvJY6zHJ47GSqP6hNDLvtfS13lAleEfBhkbVhp73laTdX3WRqSLf2DuVueAe2m2PNctSkDWDp8jtquqlD3dtjd\/e2KW66Qy\/Eawzb38r36W58Xp2a1uw9M3\/vbpVgndL3l0xNvC9\/UWv+w1YT1IAfi60NL868Zm+7WQD\/dRoexNn0ZyZs27TtD2G6bthia7npsCn66ri5i+\/M1Yar2thjasjSYNQMt39Ea6Ka9PyvuhXsBCwFD1cbtjKzv7m5aprUeXRI277tzzVJD94u7FsGsHQ1fLBWX9CcHBu5HDRVj2s0NaLRS6aGXPPFY0qp48o3TZsp8VC1CaC+HrY2bG9SdftXZd1yYH5Cl2M3shF7g2tHV0dlYbTCqGwAS0\/jB2u5Ptw8czdvagKZS+NSrbXhwDq9sH08XyN2U+q62eQGtKTO5QeCTZ4boY8YHjx8bTi4SdWIhmMDroLzON5d49iuF53K14iD6fB4YYgDWJL89hFHgr7f0rv8auyI6dGWWA3ATMN724LBXtmgqa5fnZeGchel77eYZXcs0Bh25P5QldrwQtvD83hNLGDLP0M8pdT+u+qOlYXR0+Z8nx7ReXtjCmBJq+8PetQo+BGD2bcW9SMF5X7YwK6z4cxIUSwr5X6sJlhnw7m4BQrAUuM\/iO1zw8fvxH7Sr1a2NtGv1LRbNHhcA8tWUI7G3YKVf5QPwNK2JGrEAAAsV0ujjxgAgGWKIAYAwCOCGAAAjwhiAAA8IogBAPCIIAYAwCOCGAAAjwhiAAC8kf4f4aZsJEB\/BT4AAAAASUVORK5CYII=\" alt=\"\"><\/p>","protected":false},"excerpt":{"rendered":"<p><span style=\"color: rgb(77, 80, 87); font-family: Lato, Arial; font-size: 16px;\">Tveggja handfanga t\u00f6ng 45\u00b0.<\/span><br style=\"margin: 0px; outline: none; padding: 0px; color: rgb(77, 80, 87); font-family: Lato, Arial; font-size: 16px;\"><span style=\"color: rgb(77, 80, 87); font-family: Lato, Arial; font-size: 16px;\">Lengd: 320mm<\/span><br style=\"margin: 0px; outline: none; padding: 0px; color: rgb(77, 80, 87); font-family: Lato, Arial; font-size: 16px;\"><span style=\"color: rgb(77, 80, 87); font-family: Lato, Arial; font-size: 16px;\">Geta: 40mm<\/span><\/p>","protected":false},"featured_media":30500,"comment_status":"closed","ping_status":"closed","template":"","meta":[],"product_brand":[],"product_cat":[588,774,515],"product_tag":[1024,1090],"class_list":{"0":"post-30501","1":"product","2":"type-product","3":"status-publish","4":"has-post-thumbnail","6":"product_cat-handverkfaeri","7":"product_cat-pipulagningarverkfaeri","8":"product_cat-verkfaeralausnir","9":"product_tag-bahco","10":"product_tag-tong","12":"first","13":"instock","14":"taxable","15":"shipping-taxable","16":"purchasable","17":"product-type-simple"},"yoast_head":"<!-- This site is optimized with the Yoast SEO plugin v27.3 - https:\/\/yoast.com\/product\/yoast-seo-wordpress\/ -->\n<title>BAHCO R\u00f6rt\u00f6ng horn nr 442B 1&quot; 45\u00b0 - V\u00e9lar &amp; Verkf\u00e6ri<\/title>\n<meta name=\"robots\" content=\"index, follow, max-snippet:-1, max-image-preview:large, max-video-preview:-1\" \/>\n<link rel=\"canonical\" href=\"https:\/\/velarogverkfaeri.is\/en\/verkfaeralausnir\/handverkfaeri\/pipulagningarverkfaeri\/product\/bahco-rortong-horn-nr-442b-1-45\/\" \/>\n<meta property=\"og:locale\" content=\"en_US\" \/>\n<meta property=\"og:type\" content=\"article\" \/>\n<meta property=\"og:title\" content=\"BAHCO R\u00f6rt\u00f6ng horn nr 442B 1&quot; 45\u00b0 - V\u00e9lar &amp; Verkf\u00e6ri\" \/>\n<meta property=\"og:description\" content=\"Tveggja handfanga t\u00f6ng 45\u00b0.Lengd: 320mmGeta: 40mm\" \/>\n<meta property=\"og:url\" content=\"https:\/\/velarogverkfaeri.is\/en\/verkfaeralausnir\/handverkfaeri\/pipulagningarverkfaeri\/product\/bahco-rortong-horn-nr-442b-1-45\/\" \/>\n<meta property=\"og:site_name\" content=\"V\u00e9lar &amp; Verkf\u00e6ri\" \/>\n<meta property=\"article:publisher\" content=\"https:\/\/www.facebook.com\/VelarOgVerkfaeri\" \/>\n<meta property=\"article:modified_time\" content=\"2026-01-14T08:30:50+00:00\" \/>\n<meta property=\"og:image\" content=\"https:\/\/velarogverkfaeri.is\/wp-content\/uploads\/2023\/06\/6a44c0f9-66bc-4d77-882c-6699136b0576.png\" \/>\n\t<meta property=\"og:image:width\" content=\"800\" \/>\n\t<meta property=\"og:image:height\" content=\"600\" \/>\n\t<meta property=\"og:image:type\" content=\"image\/png\" \/>\n<meta name=\"twitter:card\" content=\"summary_large_image\" \/>\n<script type=\"application\/ld+json\" class=\"yoast-schema-graph\">{\"@context\":\"https:\\\/\\\/schema.org\",\"@graph\":[{\"@type\":\"WebPage\",\"@id\":\"https:\\\/\\\/velarogverkfaeri.is\\\/verkfaeralausnir\\\/handverkfaeri\\\/pipulagningarverkfaeri\\\/product\\\/bahco-rortong-horn-nr-442b-1-45\\\/\",\"url\":\"https:\\\/\\\/velarogverkfaeri.is\\\/verkfaeralausnir\\\/handverkfaeri\\\/pipulagningarverkfaeri\\\/product\\\/bahco-rortong-horn-nr-442b-1-45\\\/\",\"name\":\"BAHCO R\u00f6rt\u00f6ng horn nr 442B 1\\\" 45\u00b0 - V\u00e9lar &amp; Verkf\u00e6ri\",\"isPartOf\":{\"@id\":\"https:\\\/\\\/velarogverkfaeri.is\\\/en\\\/#website\"},\"primaryImageOfPage\":{\"@id\":\"https:\\\/\\\/velarogverkfaeri.is\\\/verkfaeralausnir\\\/handverkfaeri\\\/pipulagningarverkfaeri\\\/product\\\/bahco-rortong-horn-nr-442b-1-45\\\/#primaryimage\"},\"image\":{\"@id\":\"https:\\\/\\\/velarogverkfaeri.is\\\/verkfaeralausnir\\\/handverkfaeri\\\/pipulagningarverkfaeri\\\/product\\\/bahco-rortong-horn-nr-442b-1-45\\\/#primaryimage\"},\"thumbnailUrl\":\"https:\\\/\\\/velarogverkfaeri.is\\\/wp-content\\\/uploads\\\/2023\\\/06\\\/6a44c0f9-66bc-4d77-882c-6699136b0576.png\",\"datePublished\":\"2023-04-28T17:55:15+00:00\",\"dateModified\":\"2026-01-14T08:30:50+00:00\",\"breadcrumb\":{\"@id\":\"https:\\\/\\\/velarogverkfaeri.is\\\/verkfaeralausnir\\\/handverkfaeri\\\/pipulagningarverkfaeri\\\/product\\\/bahco-rortong-horn-nr-442b-1-45\\\/#breadcrumb\"},\"inLanguage\":\"en-US\",\"potentialAction\":[{\"@type\":\"ReadAction\",\"target\":[\"https:\\\/\\\/velarogverkfaeri.is\\\/verkfaeralausnir\\\/handverkfaeri\\\/pipulagningarverkfaeri\\\/product\\\/bahco-rortong-horn-nr-442b-1-45\\\/\"]}]},{\"@type\":\"ImageObject\",\"inLanguage\":\"en-US\",\"@id\":\"https:\\\/\\\/velarogverkfaeri.is\\\/verkfaeralausnir\\\/handverkfaeri\\\/pipulagningarverkfaeri\\\/product\\\/bahco-rortong-horn-nr-442b-1-45\\\/#primaryimage\",\"url\":\"https:\\\/\\\/velarogverkfaeri.is\\\/wp-content\\\/uploads\\\/2023\\\/06\\\/6a44c0f9-66bc-4d77-882c-6699136b0576.png\",\"contentUrl\":\"https:\\\/\\\/velarogverkfaeri.is\\\/wp-content\\\/uploads\\\/2023\\\/06\\\/6a44c0f9-66bc-4d77-882c-6699136b0576.png\",\"width\":800,\"height\":600},{\"@type\":\"BreadcrumbList\",\"@id\":\"https:\\\/\\\/velarogverkfaeri.is\\\/verkfaeralausnir\\\/handverkfaeri\\\/pipulagningarverkfaeri\\\/product\\\/bahco-rortong-horn-nr-442b-1-45\\\/#breadcrumb\",\"itemListElement\":[{\"@type\":\"ListItem\",\"position\":1,\"name\":\"Home\",\"item\":\"https:\\\/\\\/velarogverkfaeri.is\\\/\"},{\"@type\":\"ListItem\",\"position\":2,\"name\":\"Vefverslun\",\"item\":\"https:\\\/\\\/velarogverkfaeri.is\\\/vefverslun\\\/\"},{\"@type\":\"ListItem\",\"position\":3,\"name\":\"BAHCO R\u00f6rt\u00f6ng horn nr 442B 1&#8243; 45\u00b0\"}]},{\"@type\":\"WebSite\",\"@id\":\"https:\\\/\\\/velarogverkfaeri.is\\\/en\\\/#website\",\"url\":\"https:\\\/\\\/velarogverkfaeri.is\\\/en\\\/\",\"name\":\"V\u00e9lar & Verkf\u00e6ri\",\"description\":\"Umbo\u00f0s- og heildverslun fr\u00e1 \u00e1rinu 1919\",\"publisher\":{\"@id\":\"https:\\\/\\\/velarogverkfaeri.is\\\/en\\\/#organization\"},\"potentialAction\":[{\"@type\":\"SearchAction\",\"target\":{\"@type\":\"EntryPoint\",\"urlTemplate\":\"https:\\\/\\\/velarogverkfaeri.is\\\/en\\\/?s={search_term_string}\"},\"query-input\":{\"@type\":\"PropertyValueSpecification\",\"valueRequired\":true,\"valueName\":\"search_term_string\"}}],\"inLanguage\":\"en-US\"},{\"@type\":\"Organization\",\"@id\":\"https:\\\/\\\/velarogverkfaeri.is\\\/en\\\/#organization\",\"name\":\"V\u00e9lar & Verkf\u00e6ri\",\"url\":\"https:\\\/\\\/velarogverkfaeri.is\\\/en\\\/\",\"logo\":{\"@type\":\"ImageObject\",\"inLanguage\":\"en-US\",\"@id\":\"https:\\\/\\\/velarogverkfaeri.is\\\/en\\\/#\\\/schema\\\/logo\\\/image\\\/\",\"url\":\"https:\\\/\\\/velarogverkfaeri.is\\\/wp-content\\\/uploads\\\/2021\\\/10\\\/vv_logo_350x100.png\",\"contentUrl\":\"https:\\\/\\\/velarogverkfaeri.is\\\/wp-content\\\/uploads\\\/2021\\\/10\\\/vv_logo_350x100.png\",\"width\":350,\"height\":100,\"caption\":\"V\u00e9lar & Verkf\u00e6ri\"},\"image\":{\"@id\":\"https:\\\/\\\/velarogverkfaeri.is\\\/en\\\/#\\\/schema\\\/logo\\\/image\\\/\"},\"sameAs\":[\"https:\\\/\\\/www.facebook.com\\\/VelarOgVerkfaeri\"]}]}<\/script>\n<!-- \/ Yoast SEO plugin. -->","yoast_head_json":{"title":"BAHCO R\u00f6rt\u00f6ng horn nr 442B 1\" 45\u00b0 - V\u00e9lar &amp; Verkf\u00e6ri","robots":{"index":"index","follow":"follow","max-snippet":"max-snippet:-1","max-image-preview":"max-image-preview:large","max-video-preview":"max-video-preview:-1"},"canonical":"https:\/\/velarogverkfaeri.is\/en\/verkfaeralausnir\/handverkfaeri\/pipulagningarverkfaeri\/product\/bahco-rortong-horn-nr-442b-1-45\/","og_locale":"en_US","og_type":"article","og_title":"BAHCO R\u00f6rt\u00f6ng horn nr 442B 1\" 45\u00b0 - V\u00e9lar &amp; Verkf\u00e6ri","og_description":"Tveggja handfanga t\u00f6ng 45\u00b0.Lengd: 320mmGeta: 40mm","og_url":"https:\/\/velarogverkfaeri.is\/en\/verkfaeralausnir\/handverkfaeri\/pipulagningarverkfaeri\/product\/bahco-rortong-horn-nr-442b-1-45\/","og_site_name":"V\u00e9lar &amp; Verkf\u00e6ri","article_publisher":"https:\/\/www.facebook.com\/VelarOgVerkfaeri","article_modified_time":"2026-01-14T08:30:50+00:00","og_image":[{"width":800,"height":600,"url":"https:\/\/velarogverkfaeri.is\/wp-content\/uploads\/2023\/06\/6a44c0f9-66bc-4d77-882c-6699136b0576.png","type":"image\/png"}],"twitter_card":"summary_large_image","schema":{"@context":"https:\/\/schema.org","@graph":[{"@type":"WebPage","@id":"https:\/\/velarogverkfaeri.is\/verkfaeralausnir\/handverkfaeri\/pipulagningarverkfaeri\/product\/bahco-rortong-horn-nr-442b-1-45\/","url":"https:\/\/velarogverkfaeri.is\/verkfaeralausnir\/handverkfaeri\/pipulagningarverkfaeri\/product\/bahco-rortong-horn-nr-442b-1-45\/","name":"BAHCO R\u00f6rt\u00f6ng horn nr 442B 1\" 45\u00b0 - V\u00e9lar &amp; Verkf\u00e6ri","isPartOf":{"@id":"https:\/\/velarogverkfaeri.is\/en\/#website"},"primaryImageOfPage":{"@id":"https:\/\/velarogverkfaeri.is\/verkfaeralausnir\/handverkfaeri\/pipulagningarverkfaeri\/product\/bahco-rortong-horn-nr-442b-1-45\/#primaryimage"},"image":{"@id":"https:\/\/velarogverkfaeri.is\/verkfaeralausnir\/handverkfaeri\/pipulagningarverkfaeri\/product\/bahco-rortong-horn-nr-442b-1-45\/#primaryimage"},"thumbnailUrl":"https:\/\/velarogverkfaeri.is\/wp-content\/uploads\/2023\/06\/6a44c0f9-66bc-4d77-882c-6699136b0576.png","datePublished":"2023-04-28T17:55:15+00:00","dateModified":"2026-01-14T08:30:50+00:00","breadcrumb":{"@id":"https:\/\/velarogverkfaeri.is\/verkfaeralausnir\/handverkfaeri\/pipulagningarverkfaeri\/product\/bahco-rortong-horn-nr-442b-1-45\/#breadcrumb"},"inLanguage":"en-US","potentialAction":[{"@type":"ReadAction","target":["https:\/\/velarogverkfaeri.is\/verkfaeralausnir\/handverkfaeri\/pipulagningarverkfaeri\/product\/bahco-rortong-horn-nr-442b-1-45\/"]}]},{"@type":"ImageObject","inLanguage":"en-US","@id":"https:\/\/velarogverkfaeri.is\/verkfaeralausnir\/handverkfaeri\/pipulagningarverkfaeri\/product\/bahco-rortong-horn-nr-442b-1-45\/#primaryimage","url":"https:\/\/velarogverkfaeri.is\/wp-content\/uploads\/2023\/06\/6a44c0f9-66bc-4d77-882c-6699136b0576.png","contentUrl":"https:\/\/velarogverkfaeri.is\/wp-content\/uploads\/2023\/06\/6a44c0f9-66bc-4d77-882c-6699136b0576.png","width":800,"height":600},{"@type":"BreadcrumbList","@id":"https:\/\/velarogverkfaeri.is\/verkfaeralausnir\/handverkfaeri\/pipulagningarverkfaeri\/product\/bahco-rortong-horn-nr-442b-1-45\/#breadcrumb","itemListElement":[{"@type":"ListItem","position":1,"name":"Home","item":"https:\/\/velarogverkfaeri.is\/"},{"@type":"ListItem","position":2,"name":"Vefverslun","item":"https:\/\/velarogverkfaeri.is\/vefverslun\/"},{"@type":"ListItem","position":3,"name":"BAHCO R\u00f6rt\u00f6ng horn nr 442B 1&#8243; 45\u00b0"}]},{"@type":"WebSite","@id":"https:\/\/velarogverkfaeri.is\/en\/#website","url":"https:\/\/velarogverkfaeri.is\/en\/","name":"V\u00e9lar & Verkf\u00e6ri","description":"Umbo\u00f0s- og heildverslun fr\u00e1 \u00e1rinu 1919","publisher":{"@id":"https:\/\/velarogverkfaeri.is\/en\/#organization"},"potentialAction":[{"@type":"SearchAction","target":{"@type":"EntryPoint","urlTemplate":"https:\/\/velarogverkfaeri.is\/en\/?s={search_term_string}"},"query-input":{"@type":"PropertyValueSpecification","valueRequired":true,"valueName":"search_term_string"}}],"inLanguage":"en-US"},{"@type":"Organization","@id":"https:\/\/velarogverkfaeri.is\/en\/#organization","name":"V\u00e9lar & Verkf\u00e6ri","url":"https:\/\/velarogverkfaeri.is\/en\/","logo":{"@type":"ImageObject","inLanguage":"en-US","@id":"https:\/\/velarogverkfaeri.is\/en\/#\/schema\/logo\/image\/","url":"https:\/\/velarogverkfaeri.is\/wp-content\/uploads\/2021\/10\/vv_logo_350x100.png","contentUrl":"https:\/\/velarogverkfaeri.is\/wp-content\/uploads\/2021\/10\/vv_logo_350x100.png","width":350,"height":100,"caption":"V\u00e9lar & Verkf\u00e6ri"},"image":{"@id":"https:\/\/velarogverkfaeri.is\/en\/#\/schema\/logo\/image\/"},"sameAs":["https:\/\/www.facebook.com\/VelarOgVerkfaeri"]}]}},"_links":{"self":[{"href":"https:\/\/velarogverkfaeri.is\/en\/wp-json\/wp\/v2\/product\/30501","targetHints":{"allow":["GET"]}}],"collection":[{"href":"https:\/\/velarogverkfaeri.is\/en\/wp-json\/wp\/v2\/product"}],"about":[{"href":"https:\/\/velarogverkfaeri.is\/en\/wp-json\/wp\/v2\/types\/product"}],"replies":[{"embeddable":true,"href":"https:\/\/velarogverkfaeri.is\/en\/wp-json\/wp\/v2\/comments?post=30501"}],"wp:featuredmedia":[{"embeddable":true,"href":"https:\/\/velarogverkfaeri.is\/en\/wp-json\/wp\/v2\/media\/30500"}],"wp:attachment":[{"href":"https:\/\/velarogverkfaeri.is\/en\/wp-json\/wp\/v2\/media?parent=30501"}],"wp:term":[{"taxonomy":"product_brand","embeddable":true,"href":"https:\/\/velarogverkfaeri.is\/en\/wp-json\/wp\/v2\/product_brand?post=30501"},{"taxonomy":"product_cat","embeddable":true,"href":"https:\/\/velarogverkfaeri.is\/en\/wp-json\/wp\/v2\/product_cat?post=30501"},{"taxonomy":"product_tag","embeddable":true,"href":"https:\/\/velarogverkfaeri.is\/en\/wp-json\/wp\/v2\/product_tag?post=30501"}],"curies":[{"name":"wp","href":"https:\/\/api.w.org\/{rel}","templated":true}]}}