{"id":30361,"date":"2023-04-28T17:54:43","date_gmt":"2023-04-28T17:54:43","guid":{"rendered":"https:\/\/vv-dev.webdev.is\/uncategorized\/product\/master-lock-talnalas-excell-50mm-vedurtholinn-oryggis\/"},"modified":"2026-03-25T10:46:03","modified_gmt":"2026-03-25T10:46:03","slug":"master-lock-talnalas-excell-50mm-vedurtholinn-oryggis","status":"publish","type":"product","link":"https:\/\/velarogverkfaeri.is\/en\/lykillausnir\/hurdabunadur-lykillausnir\/hengilasar-hurdabunadur-lykillausnir\/product\/master-lock-talnalas-excell-50mm-vedurtholinn-oryggis\/","title":{"rendered":"MASTER LOCK Talnal\u00e1s EXCELL 50mm Ve\u00f0ur\u00feolinn \u00d6ryggis"},"content":{"rendered":"<p>L\u00e1s me\u00f0 sinkh\u00fa\u00f0u\u00f0u hylki sem er tilvalinn fyrir geymslur, sk\u00fara, kerrur, flutningab\u00edla, sendib\u00edla og fleira.<br data-start=\"145\" data-end=\"148\"><br \/>\nSt\u00f3rir, \u00fe\u00e6gilegir t\u00f6lustafir me\u00f0 s\u00e9rst\u00f6ku \u201eblind dial\u201c kerfi gera f\u00f3lki kleift a\u00f0 nota l\u00e1sinn me\u00f0 h\u00f6nskum, \u00ed litlu lj\u00f3si e\u00f0a algj\u00f6ru myrkri.<br data-start=\"282\" data-end=\"285\"><br \/>\nHengdur loki yfir talnask\u00edfu og \u00fe\u00e9tting vi\u00f0 boga veita fram\u00farskarandi ve\u00f0urv\u00f6rn, og styrkt h\u00f6ggvarnarhl\u00edf ver gegn rispum.<br data-start=\"411\" data-end=\"414\"><br \/>\n\u00de\u00fa getur stillt \u00feinn eigin fj\u00f6gurra stafa k\u00f3\u00f0a fyrir auki\u00f0 \u00f6ryggi og \u00fe\u00e6gindi &#8211; 10.000 m\u00f6gulegar samsetningar.<\/p>\n<p data-start=\"694\" data-end=\"723\"><strong data-start=\"694\" data-end=\"721\">T\u00c6KNILEGAR UPPL\u00ddSINGAR:<\/strong><\/p>\n<ul data-start=\"724\" data-end=\"841\">\n<li data-start=\"724\" data-end=\"773\">\n<p data-start=\"726\" data-end=\"773\">M\u00e1l hengil\u00e1ss (B x H x D): 5,7 x 8,7 x 3,1 cm<\/p>\n<\/li>\n<li data-start=\"774\" data-end=\"818\">\n<p data-start=\"776\" data-end=\"818\">M\u00e1l kengs (A x B x C): 0,9 x 2,8 x 2,4 cm<\/p>\n<\/li>\n<li data-start=\"819\" data-end=\"841\">\n<p data-start=\"821\" data-end=\"841\">Ytri m\u00e1l: 87 x 57 x 31 mm<br data-start=\"25\" data-end=\"28\"><br \/>\nLitur: Svartur<br data-start=\"42\" data-end=\"45\"><br \/>\nBreidd hengil\u00e1ss: 57 mm<\/p>\n<\/li>\n<\/ul>","protected":false},"excerpt":{"rendered":"<p>Einstaklega \u00f6ruggur og ve\u00f0ur\u00feolinn hengil\u00e1s fr\u00e1 MASTER LOCK.<\/p>","protected":false},"featured_media":30360,"comment_status":"closed","ping_status":"closed","template":"","meta":[],"product_brand":[],"product_cat":[661,597,517],"product_tag":[1122],"class_list":{"0":"post-30361","1":"product","2":"type-product","3":"status-publish","4":"has-post-thumbnail","6":"product_cat-hengilasar-hurdabunadur-lykillausnir","7":"product_cat-hurdabunadur-lykillausnir","8":"product_cat-lykillausnir","9":"product_tag-vedurtholnar","11":"first","12":"instock","13":"taxable","14":"shipping-taxable","15":"purchasable","16":"product-type-simple"},"yoast_head":"<!-- This site is optimized with the Yoast SEO plugin v27.3 - https:\/\/yoast.com\/product\/yoast-seo-wordpress\/ -->\n<title>MASTER LOCK Talnal\u00e1s EXCELL 50mm Ve\u00f0ur\u00feolinn \u00d6ryggis - V\u00e9lar &amp; Verkf\u00e6ri<\/title>\n<meta name=\"robots\" content=\"index, follow, max-snippet:-1, max-image-preview:large, max-video-preview:-1\" \/>\n<link rel=\"canonical\" href=\"https:\/\/velarogverkfaeri.is\/en\/lykillausnir\/hurdabunadur-lykillausnir\/hengilasar-hurdabunadur-lykillausnir\/product\/master-lock-talnalas-excell-50mm-vedurtholinn-oryggis\/\" \/>\n<meta property=\"og:locale\" content=\"en_US\" \/>\n<meta property=\"og:type\" content=\"article\" \/>\n<meta property=\"og:title\" content=\"MASTER LOCK Talnal\u00e1s EXCELL 50mm Ve\u00f0ur\u00feolinn \u00d6ryggis - V\u00e9lar &amp; Verkf\u00e6ri\" \/>\n<meta property=\"og:description\" content=\"Einstaklega \u00f6ruggur og ve\u00f0ur\u00feolinn hengil\u00e1s fr\u00e1 MASTER LOCK.\" \/>\n<meta property=\"og:url\" content=\"https:\/\/velarogverkfaeri.is\/en\/lykillausnir\/hurdabunadur-lykillausnir\/hengilasar-hurdabunadur-lykillausnir\/product\/master-lock-talnalas-excell-50mm-vedurtholinn-oryggis\/\" \/>\n<meta property=\"og:site_name\" content=\"V\u00e9lar &amp; Verkf\u00e6ri\" \/>\n<meta property=\"article:publisher\" content=\"https:\/\/www.facebook.com\/VelarOgVerkfaeri\" \/>\n<meta property=\"article:modified_time\" content=\"2026-03-25T10:46:03+00:00\" \/>\n<meta property=\"og:image\" content=\"https:\/\/velarogverkfaeri.is\/wp-content\/uploads\/2023\/06\/5122389c-fdb7-4174-a0cb-a535a01ec851.jpeg\" \/>\n\t<meta property=\"og:image:width\" content=\"191\" \/>\n\t<meta property=\"og:image:height\" content=\"285\" \/>\n\t<meta property=\"og:image:type\" content=\"image\/jpeg\" \/>\n<meta name=\"twitter:card\" content=\"summary_large_image\" \/>\n<meta name=\"twitter:label1\" content=\"Est. reading time\" \/>\n\t<meta name=\"twitter:data1\" content=\"1 minute\" \/>\n<script type=\"application\/ld+json\" class=\"yoast-schema-graph\">{\"@context\":\"https:\\\/\\\/schema.org\",\"@graph\":[{\"@type\":\"WebPage\",\"@id\":\"https:\\\/\\\/velarogverkfaeri.is\\\/lykillausnir\\\/hurdabunadur-lykillausnir\\\/hengilasar-hurdabunadur-lykillausnir\\\/product\\\/master-lock-talnalas-excell-50mm-vedurtholinn-oryggis\\\/\",\"url\":\"https:\\\/\\\/velarogverkfaeri.is\\\/lykillausnir\\\/hurdabunadur-lykillausnir\\\/hengilasar-hurdabunadur-lykillausnir\\\/product\\\/master-lock-talnalas-excell-50mm-vedurtholinn-oryggis\\\/\",\"name\":\"MASTER LOCK Talnal\u00e1s EXCELL 50mm Ve\u00f0ur\u00feolinn \u00d6ryggis - V\u00e9lar &amp; Verkf\u00e6ri\",\"isPartOf\":{\"@id\":\"https:\\\/\\\/velarogverkfaeri.is\\\/en\\\/#website\"},\"primaryImageOfPage\":{\"@id\":\"https:\\\/\\\/velarogverkfaeri.is\\\/lykillausnir\\\/hurdabunadur-lykillausnir\\\/hengilasar-hurdabunadur-lykillausnir\\\/product\\\/master-lock-talnalas-excell-50mm-vedurtholinn-oryggis\\\/#primaryimage\"},\"image\":{\"@id\":\"https:\\\/\\\/velarogverkfaeri.is\\\/lykillausnir\\\/hurdabunadur-lykillausnir\\\/hengilasar-hurdabunadur-lykillausnir\\\/product\\\/master-lock-talnalas-excell-50mm-vedurtholinn-oryggis\\\/#primaryimage\"},\"thumbnailUrl\":\"https:\\\/\\\/velarogverkfaeri.is\\\/wp-content\\\/uploads\\\/2023\\\/06\\\/5122389c-fdb7-4174-a0cb-a535a01ec851.jpeg\",\"datePublished\":\"2023-04-28T17:54:43+00:00\",\"dateModified\":\"2026-03-25T10:46:03+00:00\",\"breadcrumb\":{\"@id\":\"https:\\\/\\\/velarogverkfaeri.is\\\/lykillausnir\\\/hurdabunadur-lykillausnir\\\/hengilasar-hurdabunadur-lykillausnir\\\/product\\\/master-lock-talnalas-excell-50mm-vedurtholinn-oryggis\\\/#breadcrumb\"},\"inLanguage\":\"en-US\",\"potentialAction\":[{\"@type\":\"ReadAction\",\"target\":[\"https:\\\/\\\/velarogverkfaeri.is\\\/lykillausnir\\\/hurdabunadur-lykillausnir\\\/hengilasar-hurdabunadur-lykillausnir\\\/product\\\/master-lock-talnalas-excell-50mm-vedurtholinn-oryggis\\\/\"]}]},{\"@type\":\"ImageObject\",\"inLanguage\":\"en-US\",\"@id\":\"https:\\\/\\\/velarogverkfaeri.is\\\/lykillausnir\\\/hurdabunadur-lykillausnir\\\/hengilasar-hurdabunadur-lykillausnir\\\/product\\\/master-lock-talnalas-excell-50mm-vedurtholinn-oryggis\\\/#primaryimage\",\"url\":\"https:\\\/\\\/velarogverkfaeri.is\\\/wp-content\\\/uploads\\\/2023\\\/06\\\/5122389c-fdb7-4174-a0cb-a535a01ec851.jpeg\",\"contentUrl\":\"https:\\\/\\\/velarogverkfaeri.is\\\/wp-content\\\/uploads\\\/2023\\\/06\\\/5122389c-fdb7-4174-a0cb-a535a01ec851.jpeg\",\"width\":191,\"height\":285},{\"@type\":\"BreadcrumbList\",\"@id\":\"https:\\\/\\\/velarogverkfaeri.is\\\/lykillausnir\\\/hurdabunadur-lykillausnir\\\/hengilasar-hurdabunadur-lykillausnir\\\/product\\\/master-lock-talnalas-excell-50mm-vedurtholinn-oryggis\\\/#breadcrumb\",\"itemListElement\":[{\"@type\":\"ListItem\",\"position\":1,\"name\":\"Home\",\"item\":\"https:\\\/\\\/velarogverkfaeri.is\\\/\"},{\"@type\":\"ListItem\",\"position\":2,\"name\":\"Vefverslun\",\"item\":\"https:\\\/\\\/velarogverkfaeri.is\\\/vefverslun\\\/\"},{\"@type\":\"ListItem\",\"position\":3,\"name\":\"MASTER LOCK Talnal\u00e1s EXCELL 50mm Ve\u00f0ur\u00feolinn \u00d6ryggis\"}]},{\"@type\":\"WebSite\",\"@id\":\"https:\\\/\\\/velarogverkfaeri.is\\\/en\\\/#website\",\"url\":\"https:\\\/\\\/velarogverkfaeri.is\\\/en\\\/\",\"name\":\"V\u00e9lar & Verkf\u00e6ri\",\"description\":\"Umbo\u00f0s- og heildverslun fr\u00e1 \u00e1rinu 1919\",\"publisher\":{\"@id\":\"https:\\\/\\\/velarogverkfaeri.is\\\/en\\\/#organization\"},\"potentialAction\":[{\"@type\":\"SearchAction\",\"target\":{\"@type\":\"EntryPoint\",\"urlTemplate\":\"https:\\\/\\\/velarogverkfaeri.is\\\/en\\\/?s={search_term_string}\"},\"query-input\":{\"@type\":\"PropertyValueSpecification\",\"valueRequired\":true,\"valueName\":\"search_term_string\"}}],\"inLanguage\":\"en-US\"},{\"@type\":\"Organization\",\"@id\":\"https:\\\/\\\/velarogverkfaeri.is\\\/en\\\/#organization\",\"name\":\"V\u00e9lar & Verkf\u00e6ri\",\"url\":\"https:\\\/\\\/velarogverkfaeri.is\\\/en\\\/\",\"logo\":{\"@type\":\"ImageObject\",\"inLanguage\":\"en-US\",\"@id\":\"https:\\\/\\\/velarogverkfaeri.is\\\/en\\\/#\\\/schema\\\/logo\\\/image\\\/\",\"url\":\"https:\\\/\\\/velarogverkfaeri.is\\\/wp-content\\\/uploads\\\/2021\\\/10\\\/vv_logo_350x100.png\",\"contentUrl\":\"https:\\\/\\\/velarogverkfaeri.is\\\/wp-content\\\/uploads\\\/2021\\\/10\\\/vv_logo_350x100.png\",\"width\":350,\"height\":100,\"caption\":\"V\u00e9lar & Verkf\u00e6ri\"},\"image\":{\"@id\":\"https:\\\/\\\/velarogverkfaeri.is\\\/en\\\/#\\\/schema\\\/logo\\\/image\\\/\"},\"sameAs\":[\"https:\\\/\\\/www.facebook.com\\\/VelarOgVerkfaeri\"]}]}<\/script>\n<!-- \/ Yoast SEO plugin. -->","yoast_head_json":{"title":"MASTER LOCK Talnal\u00e1s EXCELL 50mm Ve\u00f0ur\u00feolinn \u00d6ryggis - V\u00e9lar &amp; Verkf\u00e6ri","robots":{"index":"index","follow":"follow","max-snippet":"max-snippet:-1","max-image-preview":"max-image-preview:large","max-video-preview":"max-video-preview:-1"},"canonical":"https:\/\/velarogverkfaeri.is\/en\/lykillausnir\/hurdabunadur-lykillausnir\/hengilasar-hurdabunadur-lykillausnir\/product\/master-lock-talnalas-excell-50mm-vedurtholinn-oryggis\/","og_locale":"en_US","og_type":"article","og_title":"MASTER LOCK Talnal\u00e1s EXCELL 50mm Ve\u00f0ur\u00feolinn \u00d6ryggis - V\u00e9lar &amp; Verkf\u00e6ri","og_description":"Einstaklega \u00f6ruggur og ve\u00f0ur\u00feolinn hengil\u00e1s fr\u00e1 MASTER LOCK.","og_url":"https:\/\/velarogverkfaeri.is\/en\/lykillausnir\/hurdabunadur-lykillausnir\/hengilasar-hurdabunadur-lykillausnir\/product\/master-lock-talnalas-excell-50mm-vedurtholinn-oryggis\/","og_site_name":"V\u00e9lar &amp; Verkf\u00e6ri","article_publisher":"https:\/\/www.facebook.com\/VelarOgVerkfaeri","article_modified_time":"2026-03-25T10:46:03+00:00","og_image":[{"width":191,"height":285,"url":"https:\/\/velarogverkfaeri.is\/wp-content\/uploads\/2023\/06\/5122389c-fdb7-4174-a0cb-a535a01ec851.jpeg","type":"image\/jpeg"}],"twitter_card":"summary_large_image","twitter_misc":{"Est. reading time":"1 minute"},"schema":{"@context":"https:\/\/schema.org","@graph":[{"@type":"WebPage","@id":"https:\/\/velarogverkfaeri.is\/lykillausnir\/hurdabunadur-lykillausnir\/hengilasar-hurdabunadur-lykillausnir\/product\/master-lock-talnalas-excell-50mm-vedurtholinn-oryggis\/","url":"https:\/\/velarogverkfaeri.is\/lykillausnir\/hurdabunadur-lykillausnir\/hengilasar-hurdabunadur-lykillausnir\/product\/master-lock-talnalas-excell-50mm-vedurtholinn-oryggis\/","name":"MASTER LOCK Talnal\u00e1s EXCELL 50mm Ve\u00f0ur\u00feolinn \u00d6ryggis - V\u00e9lar &amp; Verkf\u00e6ri","isPartOf":{"@id":"https:\/\/velarogverkfaeri.is\/en\/#website"},"primaryImageOfPage":{"@id":"https:\/\/velarogverkfaeri.is\/lykillausnir\/hurdabunadur-lykillausnir\/hengilasar-hurdabunadur-lykillausnir\/product\/master-lock-talnalas-excell-50mm-vedurtholinn-oryggis\/#primaryimage"},"image":{"@id":"https:\/\/velarogverkfaeri.is\/lykillausnir\/hurdabunadur-lykillausnir\/hengilasar-hurdabunadur-lykillausnir\/product\/master-lock-talnalas-excell-50mm-vedurtholinn-oryggis\/#primaryimage"},"thumbnailUrl":"https:\/\/velarogverkfaeri.is\/wp-content\/uploads\/2023\/06\/5122389c-fdb7-4174-a0cb-a535a01ec851.jpeg","datePublished":"2023-04-28T17:54:43+00:00","dateModified":"2026-03-25T10:46:03+00:00","breadcrumb":{"@id":"https:\/\/velarogverkfaeri.is\/lykillausnir\/hurdabunadur-lykillausnir\/hengilasar-hurdabunadur-lykillausnir\/product\/master-lock-talnalas-excell-50mm-vedurtholinn-oryggis\/#breadcrumb"},"inLanguage":"en-US","potentialAction":[{"@type":"ReadAction","target":["https:\/\/velarogverkfaeri.is\/lykillausnir\/hurdabunadur-lykillausnir\/hengilasar-hurdabunadur-lykillausnir\/product\/master-lock-talnalas-excell-50mm-vedurtholinn-oryggis\/"]}]},{"@type":"ImageObject","inLanguage":"en-US","@id":"https:\/\/velarogverkfaeri.is\/lykillausnir\/hurdabunadur-lykillausnir\/hengilasar-hurdabunadur-lykillausnir\/product\/master-lock-talnalas-excell-50mm-vedurtholinn-oryggis\/#primaryimage","url":"https:\/\/velarogverkfaeri.is\/wp-content\/uploads\/2023\/06\/5122389c-fdb7-4174-a0cb-a535a01ec851.jpeg","contentUrl":"https:\/\/velarogverkfaeri.is\/wp-content\/uploads\/2023\/06\/5122389c-fdb7-4174-a0cb-a535a01ec851.jpeg","width":191,"height":285},{"@type":"BreadcrumbList","@id":"https:\/\/velarogverkfaeri.is\/lykillausnir\/hurdabunadur-lykillausnir\/hengilasar-hurdabunadur-lykillausnir\/product\/master-lock-talnalas-excell-50mm-vedurtholinn-oryggis\/#breadcrumb","itemListElement":[{"@type":"ListItem","position":1,"name":"Home","item":"https:\/\/velarogverkfaeri.is\/"},{"@type":"ListItem","position":2,"name":"Vefverslun","item":"https:\/\/velarogverkfaeri.is\/vefverslun\/"},{"@type":"ListItem","position":3,"name":"MASTER LOCK Talnal\u00e1s EXCELL 50mm Ve\u00f0ur\u00feolinn \u00d6ryggis"}]},{"@type":"WebSite","@id":"https:\/\/velarogverkfaeri.is\/en\/#website","url":"https:\/\/velarogverkfaeri.is\/en\/","name":"V\u00e9lar & Verkf\u00e6ri","description":"Umbo\u00f0s- og heildverslun fr\u00e1 \u00e1rinu 1919","publisher":{"@id":"https:\/\/velarogverkfaeri.is\/en\/#organization"},"potentialAction":[{"@type":"SearchAction","target":{"@type":"EntryPoint","urlTemplate":"https:\/\/velarogverkfaeri.is\/en\/?s={search_term_string}"},"query-input":{"@type":"PropertyValueSpecification","valueRequired":true,"valueName":"search_term_string"}}],"inLanguage":"en-US"},{"@type":"Organization","@id":"https:\/\/velarogverkfaeri.is\/en\/#organization","name":"V\u00e9lar & Verkf\u00e6ri","url":"https:\/\/velarogverkfaeri.is\/en\/","logo":{"@type":"ImageObject","inLanguage":"en-US","@id":"https:\/\/velarogverkfaeri.is\/en\/#\/schema\/logo\/image\/","url":"https:\/\/velarogverkfaeri.is\/wp-content\/uploads\/2021\/10\/vv_logo_350x100.png","contentUrl":"https:\/\/velarogverkfaeri.is\/wp-content\/uploads\/2021\/10\/vv_logo_350x100.png","width":350,"height":100,"caption":"V\u00e9lar & Verkf\u00e6ri"},"image":{"@id":"https:\/\/velarogverkfaeri.is\/en\/#\/schema\/logo\/image\/"},"sameAs":["https:\/\/www.facebook.com\/VelarOgVerkfaeri"]}]}},"_links":{"self":[{"href":"https:\/\/velarogverkfaeri.is\/en\/wp-json\/wp\/v2\/product\/30361","targetHints":{"allow":["GET"]}}],"collection":[{"href":"https:\/\/velarogverkfaeri.is\/en\/wp-json\/wp\/v2\/product"}],"about":[{"href":"https:\/\/velarogverkfaeri.is\/en\/wp-json\/wp\/v2\/types\/product"}],"replies":[{"embeddable":true,"href":"https:\/\/velarogverkfaeri.is\/en\/wp-json\/wp\/v2\/comments?post=30361"}],"wp:featuredmedia":[{"embeddable":true,"href":"https:\/\/velarogverkfaeri.is\/en\/wp-json\/wp\/v2\/media\/30360"}],"wp:attachment":[{"href":"https:\/\/velarogverkfaeri.is\/en\/wp-json\/wp\/v2\/media?parent=30361"}],"wp:term":[{"taxonomy":"product_brand","embeddable":true,"href":"https:\/\/velarogverkfaeri.is\/en\/wp-json\/wp\/v2\/product_brand?post=30361"},{"taxonomy":"product_cat","embeddable":true,"href":"https:\/\/velarogverkfaeri.is\/en\/wp-json\/wp\/v2\/product_cat?post=30361"},{"taxonomy":"product_tag","embeddable":true,"href":"https:\/\/velarogverkfaeri.is\/en\/wp-json\/wp\/v2\/product_tag?post=30361"}],"curies":[{"name":"wp","href":"https:\/\/api.w.org\/{rel}","templated":true}]}}