{"id":29358,"date":"2023-04-28T17:51:49","date_gmt":"2023-04-28T17:51:49","guid":{"rendered":"https:\/\/vv-dev.webdev.is\/uncategorized\/product\/axa-reidhjolalas-axa-fold-85-svartur-85cm\/"},"modified":"2025-08-17T12:15:38","modified_gmt":"2025-08-17T12:15:38","slug":"axa-reidhjolalas-axa-fold-85-svartur-85cm","status":"publish","type":"product","link":"https:\/\/velarogverkfaeri.is\/en\/lykillausnir\/utivistarvorur\/hjolavorur-utivistarvorur\/product\/axa-reidhjolalas-axa-fold-85-svartur-85cm\/","title":{"rendered":"AXA Rei\u00f0hj\u00f3lal\u00e1s AXA Fold 85 Svartur 85cm"},"content":{"rendered":"","protected":false},"excerpt":{"rendered":"","protected":false},"featured_media":29356,"comment_status":"closed","ping_status":"closed","template":"","meta":[],"product_brand":[],"product_cat":[693,517,601],"product_tag":[],"class_list":{"0":"post-29358","1":"product","2":"type-product","3":"status-publish","4":"has-post-thumbnail","6":"product_cat-hjolavorur-utivistarvorur","7":"product_cat-lykillausnir","8":"product_cat-utivistarvorur","10":"first","11":"instock","12":"taxable","13":"shipping-taxable","14":"purchasable","15":"product-type-simple"},"yoast_head":"<!-- This site is optimized with the Yoast SEO plugin v27.3 - https:\/\/yoast.com\/product\/yoast-seo-wordpress\/ -->\n<title>AXA Rei\u00f0hj\u00f3lal\u00e1s AXA Fold 85 Svartur 85cm - V\u00e9lar &amp; Verkf\u00e6ri<\/title>\n<meta name=\"robots\" content=\"index, follow, max-snippet:-1, max-image-preview:large, max-video-preview:-1\" \/>\n<link rel=\"canonical\" href=\"https:\/\/velarogverkfaeri.is\/en\/lykillausnir\/utivistarvorur\/hjolavorur-utivistarvorur\/product\/axa-reidhjolalas-axa-fold-85-svartur-85cm\/\" \/>\n<meta property=\"og:locale\" content=\"en_US\" \/>\n<meta property=\"og:type\" content=\"article\" \/>\n<meta property=\"og:title\" content=\"AXA Rei\u00f0hj\u00f3lal\u00e1s AXA Fold 85 Svartur 85cm - V\u00e9lar &amp; Verkf\u00e6ri\" \/>\n<meta property=\"og:url\" content=\"https:\/\/velarogverkfaeri.is\/en\/lykillausnir\/utivistarvorur\/hjolavorur-utivistarvorur\/product\/axa-reidhjolalas-axa-fold-85-svartur-85cm\/\" \/>\n<meta property=\"og:site_name\" content=\"V\u00e9lar &amp; Verkf\u00e6ri\" \/>\n<meta property=\"article:publisher\" content=\"https:\/\/www.facebook.com\/VelarOgVerkfaeri\" \/>\n<meta property=\"article:modified_time\" content=\"2025-08-17T12:15:38+00:00\" \/>\n<meta property=\"og:image\" content=\"https:\/\/velarogverkfaeri.is\/wp-content\/uploads\/2023\/06\/d8c08281-3034-432f-88a2-8808398edb63.jpeg\" \/>\n\t<meta property=\"og:image:width\" content=\"1980\" \/>\n\t<meta property=\"og:image:height\" content=\"1400\" \/>\n\t<meta property=\"og:image:type\" content=\"image\/jpeg\" \/>\n<meta name=\"twitter:card\" content=\"summary_large_image\" \/>\n<script type=\"application\/ld+json\" class=\"yoast-schema-graph\">{\"@context\":\"https:\\\/\\\/schema.org\",\"@graph\":[{\"@type\":\"WebPage\",\"@id\":\"https:\\\/\\\/velarogverkfaeri.is\\\/lykillausnir\\\/utivistarvorur\\\/hjolavorur-utivistarvorur\\\/product\\\/axa-reidhjolalas-axa-fold-85-svartur-85cm\\\/\",\"url\":\"https:\\\/\\\/velarogverkfaeri.is\\\/lykillausnir\\\/utivistarvorur\\\/hjolavorur-utivistarvorur\\\/product\\\/axa-reidhjolalas-axa-fold-85-svartur-85cm\\\/\",\"name\":\"AXA Rei\u00f0hj\u00f3lal\u00e1s AXA Fold 85 Svartur 85cm - V\u00e9lar &amp; Verkf\u00e6ri\",\"isPartOf\":{\"@id\":\"https:\\\/\\\/velarogverkfaeri.is\\\/en\\\/#website\"},\"primaryImageOfPage\":{\"@id\":\"https:\\\/\\\/velarogverkfaeri.is\\\/lykillausnir\\\/utivistarvorur\\\/hjolavorur-utivistarvorur\\\/product\\\/axa-reidhjolalas-axa-fold-85-svartur-85cm\\\/#primaryimage\"},\"image\":{\"@id\":\"https:\\\/\\\/velarogverkfaeri.is\\\/lykillausnir\\\/utivistarvorur\\\/hjolavorur-utivistarvorur\\\/product\\\/axa-reidhjolalas-axa-fold-85-svartur-85cm\\\/#primaryimage\"},\"thumbnailUrl\":\"https:\\\/\\\/velarogverkfaeri.is\\\/wp-content\\\/uploads\\\/2023\\\/06\\\/d8c08281-3034-432f-88a2-8808398edb63.jpeg\",\"datePublished\":\"2023-04-28T17:51:49+00:00\",\"dateModified\":\"2025-08-17T12:15:38+00:00\",\"breadcrumb\":{\"@id\":\"https:\\\/\\\/velarogverkfaeri.is\\\/lykillausnir\\\/utivistarvorur\\\/hjolavorur-utivistarvorur\\\/product\\\/axa-reidhjolalas-axa-fold-85-svartur-85cm\\\/#breadcrumb\"},\"inLanguage\":\"en-US\",\"potentialAction\":[{\"@type\":\"ReadAction\",\"target\":[\"https:\\\/\\\/velarogverkfaeri.is\\\/lykillausnir\\\/utivistarvorur\\\/hjolavorur-utivistarvorur\\\/product\\\/axa-reidhjolalas-axa-fold-85-svartur-85cm\\\/\"]}]},{\"@type\":\"ImageObject\",\"inLanguage\":\"en-US\",\"@id\":\"https:\\\/\\\/velarogverkfaeri.is\\\/lykillausnir\\\/utivistarvorur\\\/hjolavorur-utivistarvorur\\\/product\\\/axa-reidhjolalas-axa-fold-85-svartur-85cm\\\/#primaryimage\",\"url\":\"https:\\\/\\\/velarogverkfaeri.is\\\/wp-content\\\/uploads\\\/2023\\\/06\\\/d8c08281-3034-432f-88a2-8808398edb63.jpeg\",\"contentUrl\":\"https:\\\/\\\/velarogverkfaeri.is\\\/wp-content\\\/uploads\\\/2023\\\/06\\\/d8c08281-3034-432f-88a2-8808398edb63.jpeg\",\"width\":1980,\"height\":1400},{\"@type\":\"BreadcrumbList\",\"@id\":\"https:\\\/\\\/velarogverkfaeri.is\\\/lykillausnir\\\/utivistarvorur\\\/hjolavorur-utivistarvorur\\\/product\\\/axa-reidhjolalas-axa-fold-85-svartur-85cm\\\/#breadcrumb\",\"itemListElement\":[{\"@type\":\"ListItem\",\"position\":1,\"name\":\"Home\",\"item\":\"https:\\\/\\\/velarogverkfaeri.is\\\/\"},{\"@type\":\"ListItem\",\"position\":2,\"name\":\"Vefverslun\",\"item\":\"https:\\\/\\\/velarogverkfaeri.is\\\/vefverslun\\\/\"},{\"@type\":\"ListItem\",\"position\":3,\"name\":\"AXA Rei\u00f0hj\u00f3lal\u00e1s AXA Fold 85 Svartur 85cm\"}]},{\"@type\":\"WebSite\",\"@id\":\"https:\\\/\\\/velarogverkfaeri.is\\\/en\\\/#website\",\"url\":\"https:\\\/\\\/velarogverkfaeri.is\\\/en\\\/\",\"name\":\"V\u00e9lar & Verkf\u00e6ri\",\"description\":\"Umbo\u00f0s- og heildverslun fr\u00e1 \u00e1rinu 1919\",\"publisher\":{\"@id\":\"https:\\\/\\\/velarogverkfaeri.is\\\/en\\\/#organization\"},\"potentialAction\":[{\"@type\":\"SearchAction\",\"target\":{\"@type\":\"EntryPoint\",\"urlTemplate\":\"https:\\\/\\\/velarogverkfaeri.is\\\/en\\\/?s={search_term_string}\"},\"query-input\":{\"@type\":\"PropertyValueSpecification\",\"valueRequired\":true,\"valueName\":\"search_term_string\"}}],\"inLanguage\":\"en-US\"},{\"@type\":\"Organization\",\"@id\":\"https:\\\/\\\/velarogverkfaeri.is\\\/en\\\/#organization\",\"name\":\"V\u00e9lar & Verkf\u00e6ri\",\"url\":\"https:\\\/\\\/velarogverkfaeri.is\\\/en\\\/\",\"logo\":{\"@type\":\"ImageObject\",\"inLanguage\":\"en-US\",\"@id\":\"https:\\\/\\\/velarogverkfaeri.is\\\/en\\\/#\\\/schema\\\/logo\\\/image\\\/\",\"url\":\"https:\\\/\\\/velarogverkfaeri.is\\\/wp-content\\\/uploads\\\/2021\\\/10\\\/vv_logo_350x100.png\",\"contentUrl\":\"https:\\\/\\\/velarogverkfaeri.is\\\/wp-content\\\/uploads\\\/2021\\\/10\\\/vv_logo_350x100.png\",\"width\":350,\"height\":100,\"caption\":\"V\u00e9lar & Verkf\u00e6ri\"},\"image\":{\"@id\":\"https:\\\/\\\/velarogverkfaeri.is\\\/en\\\/#\\\/schema\\\/logo\\\/image\\\/\"},\"sameAs\":[\"https:\\\/\\\/www.facebook.com\\\/VelarOgVerkfaeri\"]}]}<\/script>\n<!-- \/ Yoast SEO plugin. -->","yoast_head_json":{"title":"AXA Rei\u00f0hj\u00f3lal\u00e1s AXA Fold 85 Svartur 85cm - V\u00e9lar &amp; Verkf\u00e6ri","robots":{"index":"index","follow":"follow","max-snippet":"max-snippet:-1","max-image-preview":"max-image-preview:large","max-video-preview":"max-video-preview:-1"},"canonical":"https:\/\/velarogverkfaeri.is\/en\/lykillausnir\/utivistarvorur\/hjolavorur-utivistarvorur\/product\/axa-reidhjolalas-axa-fold-85-svartur-85cm\/","og_locale":"en_US","og_type":"article","og_title":"AXA Rei\u00f0hj\u00f3lal\u00e1s AXA Fold 85 Svartur 85cm - V\u00e9lar &amp; Verkf\u00e6ri","og_url":"https:\/\/velarogverkfaeri.is\/en\/lykillausnir\/utivistarvorur\/hjolavorur-utivistarvorur\/product\/axa-reidhjolalas-axa-fold-85-svartur-85cm\/","og_site_name":"V\u00e9lar &amp; Verkf\u00e6ri","article_publisher":"https:\/\/www.facebook.com\/VelarOgVerkfaeri","article_modified_time":"2025-08-17T12:15:38+00:00","og_image":[{"width":1980,"height":1400,"url":"https:\/\/velarogverkfaeri.is\/wp-content\/uploads\/2023\/06\/d8c08281-3034-432f-88a2-8808398edb63.jpeg","type":"image\/jpeg"}],"twitter_card":"summary_large_image","schema":{"@context":"https:\/\/schema.org","@graph":[{"@type":"WebPage","@id":"https:\/\/velarogverkfaeri.is\/lykillausnir\/utivistarvorur\/hjolavorur-utivistarvorur\/product\/axa-reidhjolalas-axa-fold-85-svartur-85cm\/","url":"https:\/\/velarogverkfaeri.is\/lykillausnir\/utivistarvorur\/hjolavorur-utivistarvorur\/product\/axa-reidhjolalas-axa-fold-85-svartur-85cm\/","name":"AXA Rei\u00f0hj\u00f3lal\u00e1s AXA Fold 85 Svartur 85cm - V\u00e9lar &amp; Verkf\u00e6ri","isPartOf":{"@id":"https:\/\/velarogverkfaeri.is\/en\/#website"},"primaryImageOfPage":{"@id":"https:\/\/velarogverkfaeri.is\/lykillausnir\/utivistarvorur\/hjolavorur-utivistarvorur\/product\/axa-reidhjolalas-axa-fold-85-svartur-85cm\/#primaryimage"},"image":{"@id":"https:\/\/velarogverkfaeri.is\/lykillausnir\/utivistarvorur\/hjolavorur-utivistarvorur\/product\/axa-reidhjolalas-axa-fold-85-svartur-85cm\/#primaryimage"},"thumbnailUrl":"https:\/\/velarogverkfaeri.is\/wp-content\/uploads\/2023\/06\/d8c08281-3034-432f-88a2-8808398edb63.jpeg","datePublished":"2023-04-28T17:51:49+00:00","dateModified":"2025-08-17T12:15:38+00:00","breadcrumb":{"@id":"https:\/\/velarogverkfaeri.is\/lykillausnir\/utivistarvorur\/hjolavorur-utivistarvorur\/product\/axa-reidhjolalas-axa-fold-85-svartur-85cm\/#breadcrumb"},"inLanguage":"en-US","potentialAction":[{"@type":"ReadAction","target":["https:\/\/velarogverkfaeri.is\/lykillausnir\/utivistarvorur\/hjolavorur-utivistarvorur\/product\/axa-reidhjolalas-axa-fold-85-svartur-85cm\/"]}]},{"@type":"ImageObject","inLanguage":"en-US","@id":"https:\/\/velarogverkfaeri.is\/lykillausnir\/utivistarvorur\/hjolavorur-utivistarvorur\/product\/axa-reidhjolalas-axa-fold-85-svartur-85cm\/#primaryimage","url":"https:\/\/velarogverkfaeri.is\/wp-content\/uploads\/2023\/06\/d8c08281-3034-432f-88a2-8808398edb63.jpeg","contentUrl":"https:\/\/velarogverkfaeri.is\/wp-content\/uploads\/2023\/06\/d8c08281-3034-432f-88a2-8808398edb63.jpeg","width":1980,"height":1400},{"@type":"BreadcrumbList","@id":"https:\/\/velarogverkfaeri.is\/lykillausnir\/utivistarvorur\/hjolavorur-utivistarvorur\/product\/axa-reidhjolalas-axa-fold-85-svartur-85cm\/#breadcrumb","itemListElement":[{"@type":"ListItem","position":1,"name":"Home","item":"https:\/\/velarogverkfaeri.is\/"},{"@type":"ListItem","position":2,"name":"Vefverslun","item":"https:\/\/velarogverkfaeri.is\/vefverslun\/"},{"@type":"ListItem","position":3,"name":"AXA Rei\u00f0hj\u00f3lal\u00e1s AXA Fold 85 Svartur 85cm"}]},{"@type":"WebSite","@id":"https:\/\/velarogverkfaeri.is\/en\/#website","url":"https:\/\/velarogverkfaeri.is\/en\/","name":"V\u00e9lar & Verkf\u00e6ri","description":"Umbo\u00f0s- og heildverslun fr\u00e1 \u00e1rinu 1919","publisher":{"@id":"https:\/\/velarogverkfaeri.is\/en\/#organization"},"potentialAction":[{"@type":"SearchAction","target":{"@type":"EntryPoint","urlTemplate":"https:\/\/velarogverkfaeri.is\/en\/?s={search_term_string}"},"query-input":{"@type":"PropertyValueSpecification","valueRequired":true,"valueName":"search_term_string"}}],"inLanguage":"en-US"},{"@type":"Organization","@id":"https:\/\/velarogverkfaeri.is\/en\/#organization","name":"V\u00e9lar & Verkf\u00e6ri","url":"https:\/\/velarogverkfaeri.is\/en\/","logo":{"@type":"ImageObject","inLanguage":"en-US","@id":"https:\/\/velarogverkfaeri.is\/en\/#\/schema\/logo\/image\/","url":"https:\/\/velarogverkfaeri.is\/wp-content\/uploads\/2021\/10\/vv_logo_350x100.png","contentUrl":"https:\/\/velarogverkfaeri.is\/wp-content\/uploads\/2021\/10\/vv_logo_350x100.png","width":350,"height":100,"caption":"V\u00e9lar & Verkf\u00e6ri"},"image":{"@id":"https:\/\/velarogverkfaeri.is\/en\/#\/schema\/logo\/image\/"},"sameAs":["https:\/\/www.facebook.com\/VelarOgVerkfaeri"]}]}},"_links":{"self":[{"href":"https:\/\/velarogverkfaeri.is\/en\/wp-json\/wp\/v2\/product\/29358","targetHints":{"allow":["GET"]}}],"collection":[{"href":"https:\/\/velarogverkfaeri.is\/en\/wp-json\/wp\/v2\/product"}],"about":[{"href":"https:\/\/velarogverkfaeri.is\/en\/wp-json\/wp\/v2\/types\/product"}],"replies":[{"embeddable":true,"href":"https:\/\/velarogverkfaeri.is\/en\/wp-json\/wp\/v2\/comments?post=29358"}],"wp:featuredmedia":[{"embeddable":true,"href":"https:\/\/velarogverkfaeri.is\/en\/wp-json\/wp\/v2\/media\/29356"}],"wp:attachment":[{"href":"https:\/\/velarogverkfaeri.is\/en\/wp-json\/wp\/v2\/media?parent=29358"}],"wp:term":[{"taxonomy":"product_brand","embeddable":true,"href":"https:\/\/velarogverkfaeri.is\/en\/wp-json\/wp\/v2\/product_brand?post=29358"},{"taxonomy":"product_cat","embeddable":true,"href":"https:\/\/velarogverkfaeri.is\/en\/wp-json\/wp\/v2\/product_cat?post=29358"},{"taxonomy":"product_tag","embeddable":true,"href":"https:\/\/velarogverkfaeri.is\/en\/wp-json\/wp\/v2\/product_tag?post=29358"}],"curies":[{"name":"wp","href":"https:\/\/api.w.org\/{rel}","templated":true}]}}