{"id":29037,"date":"2023-04-28T17:50:48","date_gmt":"2023-04-28T17:50:48","guid":{"rendered":"https:\/\/vv-dev.webdev.is\/uncategorized\/product\/c-varta-rafhlodur-industrial-20-verd-pr-stk\/"},"modified":"2026-03-10T09:45:50","modified_gmt":"2026-03-10T09:45:50","slug":"c-varta-rafhlodur-industrial-20-verd-pr-stk","status":"publish","type":"product","link":"https:\/\/velarogverkfaeri.is\/en\/lykillausnir\/rafhlodur-lykillausnir\/rafhlodur-rafhlodur-lykillausnir\/product\/c-varta-rafhlodur-industrial-20-verd-pr-stk\/","title":{"rendered":"C VARTA Rafhl\u00f6\u00f0ur  Industrial  VER\u00d0 PR STK"},"content":{"rendered":"","protected":false},"excerpt":{"rendered":"","protected":false},"featured_media":29036,"comment_status":"closed","ping_status":"closed","template":"","meta":[],"product_brand":[],"product_cat":[517,691,753,591,600,515],"product_tag":[],"class_list":{"0":"post-29037","1":"product","2":"type-product","3":"status-publish","4":"has-post-thumbnail","6":"product_cat-lykillausnir","7":"product_cat-rafhlodur-rafhlodur-lykillausnir","8":"product_cat-rafhlodur-rafhlodur","9":"product_cat-rafhlodur","10":"product_cat-rafhlodur-lykillausnir","11":"product_cat-verkfaeralausnir","13":"first","14":"instock","15":"taxable","16":"shipping-taxable","17":"purchasable","18":"product-type-simple"},"yoast_head":"<!-- This site is optimized with the Yoast SEO plugin v27.3 - https:\/\/yoast.com\/product\/yoast-seo-wordpress\/ -->\n<title>C VARTA Rafhl\u00f6\u00f0ur Industrial VER\u00d0 PR STK - V\u00e9lar &amp; Verkf\u00e6ri<\/title>\n<meta name=\"robots\" content=\"index, follow, max-snippet:-1, max-image-preview:large, max-video-preview:-1\" \/>\n<link rel=\"canonical\" href=\"https:\/\/velarogverkfaeri.is\/en\/lykillausnir\/rafhlodur-lykillausnir\/rafhlodur-rafhlodur-lykillausnir\/product\/c-varta-rafhlodur-industrial-20-verd-pr-stk\/\" \/>\n<meta property=\"og:locale\" content=\"en_US\" \/>\n<meta property=\"og:type\" content=\"article\" \/>\n<meta property=\"og:title\" content=\"C VARTA Rafhl\u00f6\u00f0ur Industrial VER\u00d0 PR STK - V\u00e9lar &amp; Verkf\u00e6ri\" \/>\n<meta property=\"og:url\" content=\"https:\/\/velarogverkfaeri.is\/en\/lykillausnir\/rafhlodur-lykillausnir\/rafhlodur-rafhlodur-lykillausnir\/product\/c-varta-rafhlodur-industrial-20-verd-pr-stk\/\" \/>\n<meta property=\"og:site_name\" content=\"V\u00e9lar &amp; Verkf\u00e6ri\" \/>\n<meta property=\"article:publisher\" content=\"https:\/\/www.facebook.com\/VelarOgVerkfaeri\" \/>\n<meta property=\"article:modified_time\" content=\"2026-03-10T09:45:50+00:00\" \/>\n<meta property=\"og:image\" content=\"https:\/\/velarogverkfaeri.is\/wp-content\/uploads\/2023\/06\/9d1040b4-4925-4186-983a-21959e22b39c.jpeg\" \/>\n\t<meta property=\"og:image:width\" content=\"550\" \/>\n\t<meta property=\"og:image:height\" content=\"550\" \/>\n\t<meta property=\"og:image:type\" content=\"image\/jpeg\" \/>\n<meta name=\"twitter:card\" content=\"summary_large_image\" \/>\n<script type=\"application\/ld+json\" class=\"yoast-schema-graph\">{\"@context\":\"https:\\\/\\\/schema.org\",\"@graph\":[{\"@type\":\"WebPage\",\"@id\":\"https:\\\/\\\/velarogverkfaeri.is\\\/lykillausnir\\\/rafhlodur-lykillausnir\\\/rafhlodur-rafhlodur-lykillausnir\\\/product\\\/c-varta-rafhlodur-industrial-20-verd-pr-stk\\\/\",\"url\":\"https:\\\/\\\/velarogverkfaeri.is\\\/lykillausnir\\\/rafhlodur-lykillausnir\\\/rafhlodur-rafhlodur-lykillausnir\\\/product\\\/c-varta-rafhlodur-industrial-20-verd-pr-stk\\\/\",\"name\":\"C VARTA Rafhl\u00f6\u00f0ur Industrial VER\u00d0 PR STK - V\u00e9lar &amp; Verkf\u00e6ri\",\"isPartOf\":{\"@id\":\"https:\\\/\\\/velarogverkfaeri.is\\\/en\\\/#website\"},\"primaryImageOfPage\":{\"@id\":\"https:\\\/\\\/velarogverkfaeri.is\\\/lykillausnir\\\/rafhlodur-lykillausnir\\\/rafhlodur-rafhlodur-lykillausnir\\\/product\\\/c-varta-rafhlodur-industrial-20-verd-pr-stk\\\/#primaryimage\"},\"image\":{\"@id\":\"https:\\\/\\\/velarogverkfaeri.is\\\/lykillausnir\\\/rafhlodur-lykillausnir\\\/rafhlodur-rafhlodur-lykillausnir\\\/product\\\/c-varta-rafhlodur-industrial-20-verd-pr-stk\\\/#primaryimage\"},\"thumbnailUrl\":\"https:\\\/\\\/velarogverkfaeri.is\\\/wp-content\\\/uploads\\\/2023\\\/06\\\/9d1040b4-4925-4186-983a-21959e22b39c.jpeg\",\"datePublished\":\"2023-04-28T17:50:48+00:00\",\"dateModified\":\"2026-03-10T09:45:50+00:00\",\"breadcrumb\":{\"@id\":\"https:\\\/\\\/velarogverkfaeri.is\\\/lykillausnir\\\/rafhlodur-lykillausnir\\\/rafhlodur-rafhlodur-lykillausnir\\\/product\\\/c-varta-rafhlodur-industrial-20-verd-pr-stk\\\/#breadcrumb\"},\"inLanguage\":\"en-US\",\"potentialAction\":[{\"@type\":\"ReadAction\",\"target\":[\"https:\\\/\\\/velarogverkfaeri.is\\\/lykillausnir\\\/rafhlodur-lykillausnir\\\/rafhlodur-rafhlodur-lykillausnir\\\/product\\\/c-varta-rafhlodur-industrial-20-verd-pr-stk\\\/\"]}]},{\"@type\":\"ImageObject\",\"inLanguage\":\"en-US\",\"@id\":\"https:\\\/\\\/velarogverkfaeri.is\\\/lykillausnir\\\/rafhlodur-lykillausnir\\\/rafhlodur-rafhlodur-lykillausnir\\\/product\\\/c-varta-rafhlodur-industrial-20-verd-pr-stk\\\/#primaryimage\",\"url\":\"https:\\\/\\\/velarogverkfaeri.is\\\/wp-content\\\/uploads\\\/2023\\\/06\\\/9d1040b4-4925-4186-983a-21959e22b39c.jpeg\",\"contentUrl\":\"https:\\\/\\\/velarogverkfaeri.is\\\/wp-content\\\/uploads\\\/2023\\\/06\\\/9d1040b4-4925-4186-983a-21959e22b39c.jpeg\",\"width\":550,\"height\":550},{\"@type\":\"BreadcrumbList\",\"@id\":\"https:\\\/\\\/velarogverkfaeri.is\\\/lykillausnir\\\/rafhlodur-lykillausnir\\\/rafhlodur-rafhlodur-lykillausnir\\\/product\\\/c-varta-rafhlodur-industrial-20-verd-pr-stk\\\/#breadcrumb\",\"itemListElement\":[{\"@type\":\"ListItem\",\"position\":1,\"name\":\"Home\",\"item\":\"https:\\\/\\\/velarogverkfaeri.is\\\/\"},{\"@type\":\"ListItem\",\"position\":2,\"name\":\"Vefverslun\",\"item\":\"https:\\\/\\\/velarogverkfaeri.is\\\/vefverslun\\\/\"},{\"@type\":\"ListItem\",\"position\":3,\"name\":\"C VARTA Rafhl\u00f6\u00f0ur Industrial VER\u00d0 PR STK\"}]},{\"@type\":\"WebSite\",\"@id\":\"https:\\\/\\\/velarogverkfaeri.is\\\/en\\\/#website\",\"url\":\"https:\\\/\\\/velarogverkfaeri.is\\\/en\\\/\",\"name\":\"V\u00e9lar & Verkf\u00e6ri\",\"description\":\"Umbo\u00f0s- og heildverslun fr\u00e1 \u00e1rinu 1919\",\"publisher\":{\"@id\":\"https:\\\/\\\/velarogverkfaeri.is\\\/en\\\/#organization\"},\"potentialAction\":[{\"@type\":\"SearchAction\",\"target\":{\"@type\":\"EntryPoint\",\"urlTemplate\":\"https:\\\/\\\/velarogverkfaeri.is\\\/en\\\/?s={search_term_string}\"},\"query-input\":{\"@type\":\"PropertyValueSpecification\",\"valueRequired\":true,\"valueName\":\"search_term_string\"}}],\"inLanguage\":\"en-US\"},{\"@type\":\"Organization\",\"@id\":\"https:\\\/\\\/velarogverkfaeri.is\\\/en\\\/#organization\",\"name\":\"V\u00e9lar & Verkf\u00e6ri\",\"url\":\"https:\\\/\\\/velarogverkfaeri.is\\\/en\\\/\",\"logo\":{\"@type\":\"ImageObject\",\"inLanguage\":\"en-US\",\"@id\":\"https:\\\/\\\/velarogverkfaeri.is\\\/en\\\/#\\\/schema\\\/logo\\\/image\\\/\",\"url\":\"https:\\\/\\\/velarogverkfaeri.is\\\/wp-content\\\/uploads\\\/2021\\\/10\\\/vv_logo_350x100.png\",\"contentUrl\":\"https:\\\/\\\/velarogverkfaeri.is\\\/wp-content\\\/uploads\\\/2021\\\/10\\\/vv_logo_350x100.png\",\"width\":350,\"height\":100,\"caption\":\"V\u00e9lar & Verkf\u00e6ri\"},\"image\":{\"@id\":\"https:\\\/\\\/velarogverkfaeri.is\\\/en\\\/#\\\/schema\\\/logo\\\/image\\\/\"},\"sameAs\":[\"https:\\\/\\\/www.facebook.com\\\/VelarOgVerkfaeri\"]}]}<\/script>\n<!-- \/ Yoast SEO plugin. -->","yoast_head_json":{"title":"C VARTA Rafhl\u00f6\u00f0ur Industrial VER\u00d0 PR STK - V\u00e9lar &amp; Verkf\u00e6ri","robots":{"index":"index","follow":"follow","max-snippet":"max-snippet:-1","max-image-preview":"max-image-preview:large","max-video-preview":"max-video-preview:-1"},"canonical":"https:\/\/velarogverkfaeri.is\/en\/lykillausnir\/rafhlodur-lykillausnir\/rafhlodur-rafhlodur-lykillausnir\/product\/c-varta-rafhlodur-industrial-20-verd-pr-stk\/","og_locale":"en_US","og_type":"article","og_title":"C VARTA Rafhl\u00f6\u00f0ur Industrial VER\u00d0 PR STK - V\u00e9lar &amp; Verkf\u00e6ri","og_url":"https:\/\/velarogverkfaeri.is\/en\/lykillausnir\/rafhlodur-lykillausnir\/rafhlodur-rafhlodur-lykillausnir\/product\/c-varta-rafhlodur-industrial-20-verd-pr-stk\/","og_site_name":"V\u00e9lar &amp; Verkf\u00e6ri","article_publisher":"https:\/\/www.facebook.com\/VelarOgVerkfaeri","article_modified_time":"2026-03-10T09:45:50+00:00","og_image":[{"width":550,"height":550,"url":"https:\/\/velarogverkfaeri.is\/wp-content\/uploads\/2023\/06\/9d1040b4-4925-4186-983a-21959e22b39c.jpeg","type":"image\/jpeg"}],"twitter_card":"summary_large_image","schema":{"@context":"https:\/\/schema.org","@graph":[{"@type":"WebPage","@id":"https:\/\/velarogverkfaeri.is\/lykillausnir\/rafhlodur-lykillausnir\/rafhlodur-rafhlodur-lykillausnir\/product\/c-varta-rafhlodur-industrial-20-verd-pr-stk\/","url":"https:\/\/velarogverkfaeri.is\/lykillausnir\/rafhlodur-lykillausnir\/rafhlodur-rafhlodur-lykillausnir\/product\/c-varta-rafhlodur-industrial-20-verd-pr-stk\/","name":"C VARTA Rafhl\u00f6\u00f0ur Industrial VER\u00d0 PR STK - V\u00e9lar &amp; Verkf\u00e6ri","isPartOf":{"@id":"https:\/\/velarogverkfaeri.is\/en\/#website"},"primaryImageOfPage":{"@id":"https:\/\/velarogverkfaeri.is\/lykillausnir\/rafhlodur-lykillausnir\/rafhlodur-rafhlodur-lykillausnir\/product\/c-varta-rafhlodur-industrial-20-verd-pr-stk\/#primaryimage"},"image":{"@id":"https:\/\/velarogverkfaeri.is\/lykillausnir\/rafhlodur-lykillausnir\/rafhlodur-rafhlodur-lykillausnir\/product\/c-varta-rafhlodur-industrial-20-verd-pr-stk\/#primaryimage"},"thumbnailUrl":"https:\/\/velarogverkfaeri.is\/wp-content\/uploads\/2023\/06\/9d1040b4-4925-4186-983a-21959e22b39c.jpeg","datePublished":"2023-04-28T17:50:48+00:00","dateModified":"2026-03-10T09:45:50+00:00","breadcrumb":{"@id":"https:\/\/velarogverkfaeri.is\/lykillausnir\/rafhlodur-lykillausnir\/rafhlodur-rafhlodur-lykillausnir\/product\/c-varta-rafhlodur-industrial-20-verd-pr-stk\/#breadcrumb"},"inLanguage":"en-US","potentialAction":[{"@type":"ReadAction","target":["https:\/\/velarogverkfaeri.is\/lykillausnir\/rafhlodur-lykillausnir\/rafhlodur-rafhlodur-lykillausnir\/product\/c-varta-rafhlodur-industrial-20-verd-pr-stk\/"]}]},{"@type":"ImageObject","inLanguage":"en-US","@id":"https:\/\/velarogverkfaeri.is\/lykillausnir\/rafhlodur-lykillausnir\/rafhlodur-rafhlodur-lykillausnir\/product\/c-varta-rafhlodur-industrial-20-verd-pr-stk\/#primaryimage","url":"https:\/\/velarogverkfaeri.is\/wp-content\/uploads\/2023\/06\/9d1040b4-4925-4186-983a-21959e22b39c.jpeg","contentUrl":"https:\/\/velarogverkfaeri.is\/wp-content\/uploads\/2023\/06\/9d1040b4-4925-4186-983a-21959e22b39c.jpeg","width":550,"height":550},{"@type":"BreadcrumbList","@id":"https:\/\/velarogverkfaeri.is\/lykillausnir\/rafhlodur-lykillausnir\/rafhlodur-rafhlodur-lykillausnir\/product\/c-varta-rafhlodur-industrial-20-verd-pr-stk\/#breadcrumb","itemListElement":[{"@type":"ListItem","position":1,"name":"Home","item":"https:\/\/velarogverkfaeri.is\/"},{"@type":"ListItem","position":2,"name":"Vefverslun","item":"https:\/\/velarogverkfaeri.is\/vefverslun\/"},{"@type":"ListItem","position":3,"name":"C VARTA Rafhl\u00f6\u00f0ur Industrial VER\u00d0 PR STK"}]},{"@type":"WebSite","@id":"https:\/\/velarogverkfaeri.is\/en\/#website","url":"https:\/\/velarogverkfaeri.is\/en\/","name":"V\u00e9lar & Verkf\u00e6ri","description":"Umbo\u00f0s- og heildverslun fr\u00e1 \u00e1rinu 1919","publisher":{"@id":"https:\/\/velarogverkfaeri.is\/en\/#organization"},"potentialAction":[{"@type":"SearchAction","target":{"@type":"EntryPoint","urlTemplate":"https:\/\/velarogverkfaeri.is\/en\/?s={search_term_string}"},"query-input":{"@type":"PropertyValueSpecification","valueRequired":true,"valueName":"search_term_string"}}],"inLanguage":"en-US"},{"@type":"Organization","@id":"https:\/\/velarogverkfaeri.is\/en\/#organization","name":"V\u00e9lar & Verkf\u00e6ri","url":"https:\/\/velarogverkfaeri.is\/en\/","logo":{"@type":"ImageObject","inLanguage":"en-US","@id":"https:\/\/velarogverkfaeri.is\/en\/#\/schema\/logo\/image\/","url":"https:\/\/velarogverkfaeri.is\/wp-content\/uploads\/2021\/10\/vv_logo_350x100.png","contentUrl":"https:\/\/velarogverkfaeri.is\/wp-content\/uploads\/2021\/10\/vv_logo_350x100.png","width":350,"height":100,"caption":"V\u00e9lar & Verkf\u00e6ri"},"image":{"@id":"https:\/\/velarogverkfaeri.is\/en\/#\/schema\/logo\/image\/"},"sameAs":["https:\/\/www.facebook.com\/VelarOgVerkfaeri"]}]}},"_links":{"self":[{"href":"https:\/\/velarogverkfaeri.is\/en\/wp-json\/wp\/v2\/product\/29037","targetHints":{"allow":["GET"]}}],"collection":[{"href":"https:\/\/velarogverkfaeri.is\/en\/wp-json\/wp\/v2\/product"}],"about":[{"href":"https:\/\/velarogverkfaeri.is\/en\/wp-json\/wp\/v2\/types\/product"}],"replies":[{"embeddable":true,"href":"https:\/\/velarogverkfaeri.is\/en\/wp-json\/wp\/v2\/comments?post=29037"}],"wp:featuredmedia":[{"embeddable":true,"href":"https:\/\/velarogverkfaeri.is\/en\/wp-json\/wp\/v2\/media\/29036"}],"wp:attachment":[{"href":"https:\/\/velarogverkfaeri.is\/en\/wp-json\/wp\/v2\/media?parent=29037"}],"wp:term":[{"taxonomy":"product_brand","embeddable":true,"href":"https:\/\/velarogverkfaeri.is\/en\/wp-json\/wp\/v2\/product_brand?post=29037"},{"taxonomy":"product_cat","embeddable":true,"href":"https:\/\/velarogverkfaeri.is\/en\/wp-json\/wp\/v2\/product_cat?post=29037"},{"taxonomy":"product_tag","embeddable":true,"href":"https:\/\/velarogverkfaeri.is\/en\/wp-json\/wp\/v2\/product_tag?post=29037"}],"curies":[{"name":"wp","href":"https:\/\/api.w.org\/{rel}","templated":true}]}}