{"id":28752,"date":"2023-04-28T17:49:56","date_gmt":"2023-04-28T17:49:56","guid":{"rendered":"https:\/\/vv-dev.webdev.is\/uncategorized\/product\/feurhand-fjosalukt-bla-pastel-276\/"},"modified":"2026-01-21T08:43:53","modified_gmt":"2026-01-21T08:43:53","slug":"feurhand-fjosalukt-bla-pastel-276","status":"publish","type":"product","link":"https:\/\/velarogverkfaeri.is\/en\/lykillausnir\/utivistarvorur\/luktir-utivistarvorur\/product\/feurhand-fjosalukt-bla-pastel-276\/","title":{"rendered":"Feurhand Fj\u00f3salukt Bl\u00e1 Pastel 276"},"content":{"rendered":"<p>Feurhand fj\u00f3saluktin er ger\u00f0 fyrir utanh\u00fassnotkun. H\u00fan er s\u00e9rstaklega ve\u00f0ur\u00feolin ol\u00edulukt og er fullkomin \u00e1 pallinn e\u00f0a \u00ed \u00fatileguna.<\/p>\n<p>Efni: St\u00e1l &amp; gler<\/p>\n<p>Getur teki\u00f0 n\u00f3gu mikla ol\u00edu til a\u00f0 endast \u00ed 20 klst, 3.5 kertakraftur<\/p>","protected":false},"excerpt":{"rendered":"<p><span style=\"color: rgb(0, 0, 0);\">Fullkomin \u00e1 pallinn e\u00f0a \u00ed \u00fatileguna<\/span><\/p>","protected":false},"featured_media":28751,"comment_status":"closed","ping_status":"closed","template":"","meta":[],"product_brand":[],"product_cat":[696,517,601],"product_tag":[1027,1009,1122],"class_list":{"0":"post-28752","1":"product","2":"type-product","3":"status-publish","4":"has-post-thumbnail","6":"product_cat-luktir-utivistarvorur","7":"product_cat-lykillausnir","8":"product_cat-utivistarvorur","9":"product_tag-3dagar","10":"product_tag-feurhand","11":"product_tag-vedurtholnar","13":"first","14":"instock","15":"taxable","16":"shipping-taxable","17":"purchasable","18":"product-type-simple"},"yoast_head":"<!-- This site is optimized with the Yoast SEO plugin v27.3 - https:\/\/yoast.com\/product\/yoast-seo-wordpress\/ -->\n<title>Feurhand Fj\u00f3salukt Bl\u00e1 Pastel 276 - V\u00e9lar &amp; Verkf\u00e6ri<\/title>\n<meta name=\"robots\" content=\"index, follow, max-snippet:-1, max-image-preview:large, max-video-preview:-1\" \/>\n<link rel=\"canonical\" href=\"https:\/\/velarogverkfaeri.is\/en\/lykillausnir\/utivistarvorur\/luktir-utivistarvorur\/product\/feurhand-fjosalukt-bla-pastel-276\/\" \/>\n<meta property=\"og:locale\" content=\"en_US\" \/>\n<meta property=\"og:type\" content=\"article\" \/>\n<meta property=\"og:title\" content=\"Feurhand Fj\u00f3salukt Bl\u00e1 Pastel 276 - V\u00e9lar &amp; Verkf\u00e6ri\" \/>\n<meta property=\"og:description\" content=\"Fullkomin \u00e1 pallinn e\u00f0a \u00ed \u00fatileguna\" \/>\n<meta property=\"og:url\" content=\"https:\/\/velarogverkfaeri.is\/en\/lykillausnir\/utivistarvorur\/luktir-utivistarvorur\/product\/feurhand-fjosalukt-bla-pastel-276\/\" \/>\n<meta property=\"og:site_name\" content=\"V\u00e9lar &amp; Verkf\u00e6ri\" \/>\n<meta property=\"article:publisher\" content=\"https:\/\/www.facebook.com\/VelarOgVerkfaeri\" \/>\n<meta property=\"article:modified_time\" content=\"2026-01-21T08:43:53+00:00\" \/>\n<meta property=\"og:image\" content=\"https:\/\/velarogverkfaeri.is\/wp-content\/uploads\/2023\/06\/fd56facb-eba4-49d6-870c-7ef56a1b37b9.jpeg\" \/>\n\t<meta property=\"og:image:width\" content=\"1600\" \/>\n\t<meta property=\"og:image:height\" content=\"1600\" \/>\n\t<meta property=\"og:image:type\" content=\"image\/jpeg\" \/>\n<meta name=\"twitter:card\" content=\"summary_large_image\" \/>\n<script type=\"application\/ld+json\" class=\"yoast-schema-graph\">{\"@context\":\"https:\\\/\\\/schema.org\",\"@graph\":[{\"@type\":\"WebPage\",\"@id\":\"https:\\\/\\\/velarogverkfaeri.is\\\/lykillausnir\\\/utivistarvorur\\\/luktir-utivistarvorur\\\/product\\\/feurhand-fjosalukt-bla-pastel-276\\\/\",\"url\":\"https:\\\/\\\/velarogverkfaeri.is\\\/lykillausnir\\\/utivistarvorur\\\/luktir-utivistarvorur\\\/product\\\/feurhand-fjosalukt-bla-pastel-276\\\/\",\"name\":\"Feurhand Fj\u00f3salukt Bl\u00e1 Pastel 276 - V\u00e9lar &amp; Verkf\u00e6ri\",\"isPartOf\":{\"@id\":\"https:\\\/\\\/velarogverkfaeri.is\\\/en\\\/#website\"},\"primaryImageOfPage\":{\"@id\":\"https:\\\/\\\/velarogverkfaeri.is\\\/lykillausnir\\\/utivistarvorur\\\/luktir-utivistarvorur\\\/product\\\/feurhand-fjosalukt-bla-pastel-276\\\/#primaryimage\"},\"image\":{\"@id\":\"https:\\\/\\\/velarogverkfaeri.is\\\/lykillausnir\\\/utivistarvorur\\\/luktir-utivistarvorur\\\/product\\\/feurhand-fjosalukt-bla-pastel-276\\\/#primaryimage\"},\"thumbnailUrl\":\"https:\\\/\\\/velarogverkfaeri.is\\\/wp-content\\\/uploads\\\/2023\\\/06\\\/fd56facb-eba4-49d6-870c-7ef56a1b37b9.jpeg\",\"datePublished\":\"2023-04-28T17:49:56+00:00\",\"dateModified\":\"2026-01-21T08:43:53+00:00\",\"breadcrumb\":{\"@id\":\"https:\\\/\\\/velarogverkfaeri.is\\\/lykillausnir\\\/utivistarvorur\\\/luktir-utivistarvorur\\\/product\\\/feurhand-fjosalukt-bla-pastel-276\\\/#breadcrumb\"},\"inLanguage\":\"en-US\",\"potentialAction\":[{\"@type\":\"ReadAction\",\"target\":[\"https:\\\/\\\/velarogverkfaeri.is\\\/lykillausnir\\\/utivistarvorur\\\/luktir-utivistarvorur\\\/product\\\/feurhand-fjosalukt-bla-pastel-276\\\/\"]}]},{\"@type\":\"ImageObject\",\"inLanguage\":\"en-US\",\"@id\":\"https:\\\/\\\/velarogverkfaeri.is\\\/lykillausnir\\\/utivistarvorur\\\/luktir-utivistarvorur\\\/product\\\/feurhand-fjosalukt-bla-pastel-276\\\/#primaryimage\",\"url\":\"https:\\\/\\\/velarogverkfaeri.is\\\/wp-content\\\/uploads\\\/2023\\\/06\\\/fd56facb-eba4-49d6-870c-7ef56a1b37b9.jpeg\",\"contentUrl\":\"https:\\\/\\\/velarogverkfaeri.is\\\/wp-content\\\/uploads\\\/2023\\\/06\\\/fd56facb-eba4-49d6-870c-7ef56a1b37b9.jpeg\",\"width\":1600,\"height\":1600},{\"@type\":\"BreadcrumbList\",\"@id\":\"https:\\\/\\\/velarogverkfaeri.is\\\/lykillausnir\\\/utivistarvorur\\\/luktir-utivistarvorur\\\/product\\\/feurhand-fjosalukt-bla-pastel-276\\\/#breadcrumb\",\"itemListElement\":[{\"@type\":\"ListItem\",\"position\":1,\"name\":\"Home\",\"item\":\"https:\\\/\\\/velarogverkfaeri.is\\\/\"},{\"@type\":\"ListItem\",\"position\":2,\"name\":\"Vefverslun\",\"item\":\"https:\\\/\\\/velarogverkfaeri.is\\\/vefverslun\\\/\"},{\"@type\":\"ListItem\",\"position\":3,\"name\":\"Feurhand Fj\u00f3salukt Bl\u00e1 Pastel 276\"}]},{\"@type\":\"WebSite\",\"@id\":\"https:\\\/\\\/velarogverkfaeri.is\\\/en\\\/#website\",\"url\":\"https:\\\/\\\/velarogverkfaeri.is\\\/en\\\/\",\"name\":\"V\u00e9lar & Verkf\u00e6ri\",\"description\":\"Umbo\u00f0s- og heildverslun fr\u00e1 \u00e1rinu 1919\",\"publisher\":{\"@id\":\"https:\\\/\\\/velarogverkfaeri.is\\\/en\\\/#organization\"},\"potentialAction\":[{\"@type\":\"SearchAction\",\"target\":{\"@type\":\"EntryPoint\",\"urlTemplate\":\"https:\\\/\\\/velarogverkfaeri.is\\\/en\\\/?s={search_term_string}\"},\"query-input\":{\"@type\":\"PropertyValueSpecification\",\"valueRequired\":true,\"valueName\":\"search_term_string\"}}],\"inLanguage\":\"en-US\"},{\"@type\":\"Organization\",\"@id\":\"https:\\\/\\\/velarogverkfaeri.is\\\/en\\\/#organization\",\"name\":\"V\u00e9lar & Verkf\u00e6ri\",\"url\":\"https:\\\/\\\/velarogverkfaeri.is\\\/en\\\/\",\"logo\":{\"@type\":\"ImageObject\",\"inLanguage\":\"en-US\",\"@id\":\"https:\\\/\\\/velarogverkfaeri.is\\\/en\\\/#\\\/schema\\\/logo\\\/image\\\/\",\"url\":\"https:\\\/\\\/velarogverkfaeri.is\\\/wp-content\\\/uploads\\\/2021\\\/10\\\/vv_logo_350x100.png\",\"contentUrl\":\"https:\\\/\\\/velarogverkfaeri.is\\\/wp-content\\\/uploads\\\/2021\\\/10\\\/vv_logo_350x100.png\",\"width\":350,\"height\":100,\"caption\":\"V\u00e9lar & Verkf\u00e6ri\"},\"image\":{\"@id\":\"https:\\\/\\\/velarogverkfaeri.is\\\/en\\\/#\\\/schema\\\/logo\\\/image\\\/\"},\"sameAs\":[\"https:\\\/\\\/www.facebook.com\\\/VelarOgVerkfaeri\"]}]}<\/script>\n<!-- \/ Yoast SEO plugin. -->","yoast_head_json":{"title":"Feurhand Fj\u00f3salukt Bl\u00e1 Pastel 276 - V\u00e9lar &amp; Verkf\u00e6ri","robots":{"index":"index","follow":"follow","max-snippet":"max-snippet:-1","max-image-preview":"max-image-preview:large","max-video-preview":"max-video-preview:-1"},"canonical":"https:\/\/velarogverkfaeri.is\/en\/lykillausnir\/utivistarvorur\/luktir-utivistarvorur\/product\/feurhand-fjosalukt-bla-pastel-276\/","og_locale":"en_US","og_type":"article","og_title":"Feurhand Fj\u00f3salukt Bl\u00e1 Pastel 276 - V\u00e9lar &amp; Verkf\u00e6ri","og_description":"Fullkomin \u00e1 pallinn e\u00f0a \u00ed \u00fatileguna","og_url":"https:\/\/velarogverkfaeri.is\/en\/lykillausnir\/utivistarvorur\/luktir-utivistarvorur\/product\/feurhand-fjosalukt-bla-pastel-276\/","og_site_name":"V\u00e9lar &amp; Verkf\u00e6ri","article_publisher":"https:\/\/www.facebook.com\/VelarOgVerkfaeri","article_modified_time":"2026-01-21T08:43:53+00:00","og_image":[{"width":1600,"height":1600,"url":"https:\/\/velarogverkfaeri.is\/wp-content\/uploads\/2023\/06\/fd56facb-eba4-49d6-870c-7ef56a1b37b9.jpeg","type":"image\/jpeg"}],"twitter_card":"summary_large_image","schema":{"@context":"https:\/\/schema.org","@graph":[{"@type":"WebPage","@id":"https:\/\/velarogverkfaeri.is\/lykillausnir\/utivistarvorur\/luktir-utivistarvorur\/product\/feurhand-fjosalukt-bla-pastel-276\/","url":"https:\/\/velarogverkfaeri.is\/lykillausnir\/utivistarvorur\/luktir-utivistarvorur\/product\/feurhand-fjosalukt-bla-pastel-276\/","name":"Feurhand Fj\u00f3salukt Bl\u00e1 Pastel 276 - V\u00e9lar &amp; Verkf\u00e6ri","isPartOf":{"@id":"https:\/\/velarogverkfaeri.is\/en\/#website"},"primaryImageOfPage":{"@id":"https:\/\/velarogverkfaeri.is\/lykillausnir\/utivistarvorur\/luktir-utivistarvorur\/product\/feurhand-fjosalukt-bla-pastel-276\/#primaryimage"},"image":{"@id":"https:\/\/velarogverkfaeri.is\/lykillausnir\/utivistarvorur\/luktir-utivistarvorur\/product\/feurhand-fjosalukt-bla-pastel-276\/#primaryimage"},"thumbnailUrl":"https:\/\/velarogverkfaeri.is\/wp-content\/uploads\/2023\/06\/fd56facb-eba4-49d6-870c-7ef56a1b37b9.jpeg","datePublished":"2023-04-28T17:49:56+00:00","dateModified":"2026-01-21T08:43:53+00:00","breadcrumb":{"@id":"https:\/\/velarogverkfaeri.is\/lykillausnir\/utivistarvorur\/luktir-utivistarvorur\/product\/feurhand-fjosalukt-bla-pastel-276\/#breadcrumb"},"inLanguage":"en-US","potentialAction":[{"@type":"ReadAction","target":["https:\/\/velarogverkfaeri.is\/lykillausnir\/utivistarvorur\/luktir-utivistarvorur\/product\/feurhand-fjosalukt-bla-pastel-276\/"]}]},{"@type":"ImageObject","inLanguage":"en-US","@id":"https:\/\/velarogverkfaeri.is\/lykillausnir\/utivistarvorur\/luktir-utivistarvorur\/product\/feurhand-fjosalukt-bla-pastel-276\/#primaryimage","url":"https:\/\/velarogverkfaeri.is\/wp-content\/uploads\/2023\/06\/fd56facb-eba4-49d6-870c-7ef56a1b37b9.jpeg","contentUrl":"https:\/\/velarogverkfaeri.is\/wp-content\/uploads\/2023\/06\/fd56facb-eba4-49d6-870c-7ef56a1b37b9.jpeg","width":1600,"height":1600},{"@type":"BreadcrumbList","@id":"https:\/\/velarogverkfaeri.is\/lykillausnir\/utivistarvorur\/luktir-utivistarvorur\/product\/feurhand-fjosalukt-bla-pastel-276\/#breadcrumb","itemListElement":[{"@type":"ListItem","position":1,"name":"Home","item":"https:\/\/velarogverkfaeri.is\/"},{"@type":"ListItem","position":2,"name":"Vefverslun","item":"https:\/\/velarogverkfaeri.is\/vefverslun\/"},{"@type":"ListItem","position":3,"name":"Feurhand Fj\u00f3salukt Bl\u00e1 Pastel 276"}]},{"@type":"WebSite","@id":"https:\/\/velarogverkfaeri.is\/en\/#website","url":"https:\/\/velarogverkfaeri.is\/en\/","name":"V\u00e9lar & Verkf\u00e6ri","description":"Umbo\u00f0s- og heildverslun fr\u00e1 \u00e1rinu 1919","publisher":{"@id":"https:\/\/velarogverkfaeri.is\/en\/#organization"},"potentialAction":[{"@type":"SearchAction","target":{"@type":"EntryPoint","urlTemplate":"https:\/\/velarogverkfaeri.is\/en\/?s={search_term_string}"},"query-input":{"@type":"PropertyValueSpecification","valueRequired":true,"valueName":"search_term_string"}}],"inLanguage":"en-US"},{"@type":"Organization","@id":"https:\/\/velarogverkfaeri.is\/en\/#organization","name":"V\u00e9lar & Verkf\u00e6ri","url":"https:\/\/velarogverkfaeri.is\/en\/","logo":{"@type":"ImageObject","inLanguage":"en-US","@id":"https:\/\/velarogverkfaeri.is\/en\/#\/schema\/logo\/image\/","url":"https:\/\/velarogverkfaeri.is\/wp-content\/uploads\/2021\/10\/vv_logo_350x100.png","contentUrl":"https:\/\/velarogverkfaeri.is\/wp-content\/uploads\/2021\/10\/vv_logo_350x100.png","width":350,"height":100,"caption":"V\u00e9lar & Verkf\u00e6ri"},"image":{"@id":"https:\/\/velarogverkfaeri.is\/en\/#\/schema\/logo\/image\/"},"sameAs":["https:\/\/www.facebook.com\/VelarOgVerkfaeri"]}]}},"_links":{"self":[{"href":"https:\/\/velarogverkfaeri.is\/en\/wp-json\/wp\/v2\/product\/28752","targetHints":{"allow":["GET"]}}],"collection":[{"href":"https:\/\/velarogverkfaeri.is\/en\/wp-json\/wp\/v2\/product"}],"about":[{"href":"https:\/\/velarogverkfaeri.is\/en\/wp-json\/wp\/v2\/types\/product"}],"replies":[{"embeddable":true,"href":"https:\/\/velarogverkfaeri.is\/en\/wp-json\/wp\/v2\/comments?post=28752"}],"wp:featuredmedia":[{"embeddable":true,"href":"https:\/\/velarogverkfaeri.is\/en\/wp-json\/wp\/v2\/media\/28751"}],"wp:attachment":[{"href":"https:\/\/velarogverkfaeri.is\/en\/wp-json\/wp\/v2\/media?parent=28752"}],"wp:term":[{"taxonomy":"product_brand","embeddable":true,"href":"https:\/\/velarogverkfaeri.is\/en\/wp-json\/wp\/v2\/product_brand?post=28752"},{"taxonomy":"product_cat","embeddable":true,"href":"https:\/\/velarogverkfaeri.is\/en\/wp-json\/wp\/v2\/product_cat?post=28752"},{"taxonomy":"product_tag","embeddable":true,"href":"https:\/\/velarogverkfaeri.is\/en\/wp-json\/wp\/v2\/product_tag?post=28752"}],"curies":[{"name":"wp","href":"https:\/\/api.w.org\/{rel}","templated":true}]}}