{"id":28479,"date":"2023-04-28T17:49:06","date_gmt":"2023-04-28T17:49:06","guid":{"rendered":"https:\/\/vv-dev.webdev.is\/uncategorized\/product\/skil-red-borvel-hledslu-18v-2x2-0ah-50nm-3008hb\/"},"modified":"2026-04-04T00:02:14","modified_gmt":"2026-04-04T00:02:14","slug":"skil-red-borvel-hledslu-18v-2x2-0ah-50nm-3008hb","status":"publish","type":"product","link":"https:\/\/velarogverkfaeri.is\/en\/verkfaeralausnir\/rafmagnsverkfaeri\/borvelar-rafmagnsverkfaeri\/product\/skil-red-borvel-hledslu-18v-2x2-0ah-50nm-3008hb\/","title":{"rendered":"SKIL RED Borv\u00e9l hle\u00f0slu 18V 2&#215;2.0Ah 50Nm 3008HB"},"content":{"rendered":"<h3>TECHNICAL CHARACTERISTICS<\/h3>\n<ul>\n<li><span class=\"label\">Voltage:&#160;<\/span><span class=\"value\">20V Max<\/span><\/li>\n<li><span class=\"label\">Voltage:&#160;<\/span><span class=\"value\">18V<\/span><\/li>\n<li><span class=\"label\">Battery capacity:&#160;<\/span><span class=\"value\">2.0 A h<\/span><\/li>\n<li><span class=\"label\">Chuck capacity:&#160;<\/span><span class=\"value\">13 mm<\/span><\/li>\n<li><span class=\"label\">Torque settings:&#160;<\/span><span class=\"value\">17+1<\/span><\/li>\n<li><span class=\"label\">Drilling capacity in steel:&#160;<\/span><span class=\"value\">13 mm<\/span><\/li>\n<li><span class=\"label\">Drilling capacity in wood:&#160;<\/span><span class=\"value\">40 mm<\/span><\/li>\n<li><span class=\"label\">Screw capacity:&#160;<\/span><span class=\"value\">8 mm<\/span><\/li>\n<li><span class=\"label\">Charging time:&#160;<\/span><span class=\"value\">1 hour<\/span><\/li>\n<li><span class=\"label\">Chuck Type:&#160;<\/span><span class=\"value\">Self-Tightening Single Bushing<\/span><\/li>\n<\/ul>","protected":false},"excerpt":{"rendered":"<p>Mj\u00f6g g\u00f3\u00f0 18V borv\u00e9l fr\u00e1 SKIL RED <br><br \/>\nAukarafhla\u00f0a 2.Ah \u00e1samt hle\u00f0slut\u00e6ki <br><br \/>\nTaska fylgir me\u00f0<\/p>","protected":false},"featured_media":28478,"comment_status":"closed","ping_status":"closed","template":"","meta":[],"product_brand":[],"product_cat":[729,592,515],"product_tag":[1023],"class_list":{"0":"post-28479","1":"product","2":"type-product","3":"status-publish","4":"has-post-thumbnail","6":"product_cat-borvelar-rafmagnsverkfaeri","7":"product_cat-rafmagnsverkfaeri","8":"product_cat-verkfaeralausnir","9":"product_tag-skil","11":"first","12":"instock","13":"taxable","14":"shipping-taxable","15":"purchasable","16":"product-type-simple"},"yoast_head":"<!-- This site is optimized with the Yoast SEO plugin v27.3 - https:\/\/yoast.com\/product\/yoast-seo-wordpress\/ -->\n<title>SKIL RED Borv\u00e9l hle\u00f0slu 18V 2x2.0Ah 50Nm 3008HB - V\u00e9lar &amp; Verkf\u00e6ri<\/title>\n<meta name=\"robots\" content=\"index, follow, max-snippet:-1, max-image-preview:large, max-video-preview:-1\" \/>\n<link rel=\"canonical\" href=\"https:\/\/velarogverkfaeri.is\/en\/verkfaeralausnir\/rafmagnsverkfaeri\/borvelar-rafmagnsverkfaeri\/product\/skil-red-borvel-hledslu-18v-2x2-0ah-50nm-3008hb\/\" \/>\n<meta property=\"og:locale\" content=\"en_US\" \/>\n<meta property=\"og:type\" content=\"article\" \/>\n<meta property=\"og:title\" content=\"SKIL RED Borv\u00e9l hle\u00f0slu 18V 2x2.0Ah 50Nm 3008HB - V\u00e9lar &amp; Verkf\u00e6ri\" \/>\n<meta property=\"og:description\" content=\"Mj\u00f6g g\u00f3\u00f0 18V borv\u00e9l fr\u00e1 SKIL RED Aukarafhla\u00f0a 2.Ah \u00e1samt hle\u00f0slut\u00e6ki Taska fylgir me\u00f0\" \/>\n<meta property=\"og:url\" content=\"https:\/\/velarogverkfaeri.is\/en\/verkfaeralausnir\/rafmagnsverkfaeri\/borvelar-rafmagnsverkfaeri\/product\/skil-red-borvel-hledslu-18v-2x2-0ah-50nm-3008hb\/\" \/>\n<meta property=\"og:site_name\" content=\"V\u00e9lar &amp; Verkf\u00e6ri\" \/>\n<meta property=\"article:publisher\" content=\"https:\/\/www.facebook.com\/VelarOgVerkfaeri\" \/>\n<meta property=\"article:modified_time\" content=\"2026-04-04T00:02:14+00:00\" \/>\n<meta property=\"og:image\" content=\"https:\/\/velarogverkfaeri.is\/wp-content\/uploads\/2023\/06\/2c17c517-f726-45fc-b26e-2aefc6f5f7fc.jpeg\" \/>\n\t<meta property=\"og:image:width\" content=\"2000\" \/>\n\t<meta property=\"og:image:height\" content=\"1414\" \/>\n\t<meta property=\"og:image:type\" content=\"image\/jpeg\" \/>\n<meta name=\"twitter:card\" content=\"summary_large_image\" \/>\n<script type=\"application\/ld+json\" class=\"yoast-schema-graph\">{\"@context\":\"https:\\\/\\\/schema.org\",\"@graph\":[{\"@type\":\"WebPage\",\"@id\":\"https:\\\/\\\/velarogverkfaeri.is\\\/verkfaeralausnir\\\/rafmagnsverkfaeri\\\/borvelar-rafmagnsverkfaeri\\\/product\\\/skil-red-borvel-hledslu-18v-2x2-0ah-50nm-3008hb\\\/\",\"url\":\"https:\\\/\\\/velarogverkfaeri.is\\\/verkfaeralausnir\\\/rafmagnsverkfaeri\\\/borvelar-rafmagnsverkfaeri\\\/product\\\/skil-red-borvel-hledslu-18v-2x2-0ah-50nm-3008hb\\\/\",\"name\":\"SKIL RED Borv\u00e9l hle\u00f0slu 18V 2x2.0Ah 50Nm 3008HB - V\u00e9lar &amp; Verkf\u00e6ri\",\"isPartOf\":{\"@id\":\"https:\\\/\\\/velarogverkfaeri.is\\\/en\\\/#website\"},\"primaryImageOfPage\":{\"@id\":\"https:\\\/\\\/velarogverkfaeri.is\\\/verkfaeralausnir\\\/rafmagnsverkfaeri\\\/borvelar-rafmagnsverkfaeri\\\/product\\\/skil-red-borvel-hledslu-18v-2x2-0ah-50nm-3008hb\\\/#primaryimage\"},\"image\":{\"@id\":\"https:\\\/\\\/velarogverkfaeri.is\\\/verkfaeralausnir\\\/rafmagnsverkfaeri\\\/borvelar-rafmagnsverkfaeri\\\/product\\\/skil-red-borvel-hledslu-18v-2x2-0ah-50nm-3008hb\\\/#primaryimage\"},\"thumbnailUrl\":\"https:\\\/\\\/velarogverkfaeri.is\\\/wp-content\\\/uploads\\\/2023\\\/06\\\/2c17c517-f726-45fc-b26e-2aefc6f5f7fc.jpeg\",\"datePublished\":\"2023-04-28T17:49:06+00:00\",\"dateModified\":\"2026-04-04T00:02:14+00:00\",\"breadcrumb\":{\"@id\":\"https:\\\/\\\/velarogverkfaeri.is\\\/verkfaeralausnir\\\/rafmagnsverkfaeri\\\/borvelar-rafmagnsverkfaeri\\\/product\\\/skil-red-borvel-hledslu-18v-2x2-0ah-50nm-3008hb\\\/#breadcrumb\"},\"inLanguage\":\"en-US\",\"potentialAction\":[{\"@type\":\"ReadAction\",\"target\":[\"https:\\\/\\\/velarogverkfaeri.is\\\/verkfaeralausnir\\\/rafmagnsverkfaeri\\\/borvelar-rafmagnsverkfaeri\\\/product\\\/skil-red-borvel-hledslu-18v-2x2-0ah-50nm-3008hb\\\/\"]}]},{\"@type\":\"ImageObject\",\"inLanguage\":\"en-US\",\"@id\":\"https:\\\/\\\/velarogverkfaeri.is\\\/verkfaeralausnir\\\/rafmagnsverkfaeri\\\/borvelar-rafmagnsverkfaeri\\\/product\\\/skil-red-borvel-hledslu-18v-2x2-0ah-50nm-3008hb\\\/#primaryimage\",\"url\":\"https:\\\/\\\/velarogverkfaeri.is\\\/wp-content\\\/uploads\\\/2023\\\/06\\\/2c17c517-f726-45fc-b26e-2aefc6f5f7fc.jpeg\",\"contentUrl\":\"https:\\\/\\\/velarogverkfaeri.is\\\/wp-content\\\/uploads\\\/2023\\\/06\\\/2c17c517-f726-45fc-b26e-2aefc6f5f7fc.jpeg\",\"width\":2000,\"height\":1414},{\"@type\":\"BreadcrumbList\",\"@id\":\"https:\\\/\\\/velarogverkfaeri.is\\\/verkfaeralausnir\\\/rafmagnsverkfaeri\\\/borvelar-rafmagnsverkfaeri\\\/product\\\/skil-red-borvel-hledslu-18v-2x2-0ah-50nm-3008hb\\\/#breadcrumb\",\"itemListElement\":[{\"@type\":\"ListItem\",\"position\":1,\"name\":\"Home\",\"item\":\"https:\\\/\\\/velarogverkfaeri.is\\\/\"},{\"@type\":\"ListItem\",\"position\":2,\"name\":\"Vefverslun\",\"item\":\"https:\\\/\\\/velarogverkfaeri.is\\\/vefverslun\\\/\"},{\"@type\":\"ListItem\",\"position\":3,\"name\":\"SKIL RED Borv\u00e9l hle\u00f0slu 18V 2&#215;2.0Ah 50Nm 3008HB\"}]},{\"@type\":\"WebSite\",\"@id\":\"https:\\\/\\\/velarogverkfaeri.is\\\/en\\\/#website\",\"url\":\"https:\\\/\\\/velarogverkfaeri.is\\\/en\\\/\",\"name\":\"V\u00e9lar & Verkf\u00e6ri\",\"description\":\"Umbo\u00f0s- og heildverslun fr\u00e1 \u00e1rinu 1919\",\"publisher\":{\"@id\":\"https:\\\/\\\/velarogverkfaeri.is\\\/en\\\/#organization\"},\"potentialAction\":[{\"@type\":\"SearchAction\",\"target\":{\"@type\":\"EntryPoint\",\"urlTemplate\":\"https:\\\/\\\/velarogverkfaeri.is\\\/en\\\/?s={search_term_string}\"},\"query-input\":{\"@type\":\"PropertyValueSpecification\",\"valueRequired\":true,\"valueName\":\"search_term_string\"}}],\"inLanguage\":\"en-US\"},{\"@type\":\"Organization\",\"@id\":\"https:\\\/\\\/velarogverkfaeri.is\\\/en\\\/#organization\",\"name\":\"V\u00e9lar & Verkf\u00e6ri\",\"url\":\"https:\\\/\\\/velarogverkfaeri.is\\\/en\\\/\",\"logo\":{\"@type\":\"ImageObject\",\"inLanguage\":\"en-US\",\"@id\":\"https:\\\/\\\/velarogverkfaeri.is\\\/en\\\/#\\\/schema\\\/logo\\\/image\\\/\",\"url\":\"https:\\\/\\\/velarogverkfaeri.is\\\/wp-content\\\/uploads\\\/2021\\\/10\\\/vv_logo_350x100.png\",\"contentUrl\":\"https:\\\/\\\/velarogverkfaeri.is\\\/wp-content\\\/uploads\\\/2021\\\/10\\\/vv_logo_350x100.png\",\"width\":350,\"height\":100,\"caption\":\"V\u00e9lar & Verkf\u00e6ri\"},\"image\":{\"@id\":\"https:\\\/\\\/velarogverkfaeri.is\\\/en\\\/#\\\/schema\\\/logo\\\/image\\\/\"},\"sameAs\":[\"https:\\\/\\\/www.facebook.com\\\/VelarOgVerkfaeri\"]}]}<\/script>\n<!-- \/ Yoast SEO plugin. -->","yoast_head_json":{"title":"SKIL RED Borv\u00e9l hle\u00f0slu 18V 2x2.0Ah 50Nm 3008HB - V\u00e9lar &amp; Verkf\u00e6ri","robots":{"index":"index","follow":"follow","max-snippet":"max-snippet:-1","max-image-preview":"max-image-preview:large","max-video-preview":"max-video-preview:-1"},"canonical":"https:\/\/velarogverkfaeri.is\/en\/verkfaeralausnir\/rafmagnsverkfaeri\/borvelar-rafmagnsverkfaeri\/product\/skil-red-borvel-hledslu-18v-2x2-0ah-50nm-3008hb\/","og_locale":"en_US","og_type":"article","og_title":"SKIL RED Borv\u00e9l hle\u00f0slu 18V 2x2.0Ah 50Nm 3008HB - V\u00e9lar &amp; Verkf\u00e6ri","og_description":"Mj\u00f6g g\u00f3\u00f0 18V borv\u00e9l fr\u00e1 SKIL RED Aukarafhla\u00f0a 2.Ah \u00e1samt hle\u00f0slut\u00e6ki Taska fylgir me\u00f0","og_url":"https:\/\/velarogverkfaeri.is\/en\/verkfaeralausnir\/rafmagnsverkfaeri\/borvelar-rafmagnsverkfaeri\/product\/skil-red-borvel-hledslu-18v-2x2-0ah-50nm-3008hb\/","og_site_name":"V\u00e9lar &amp; Verkf\u00e6ri","article_publisher":"https:\/\/www.facebook.com\/VelarOgVerkfaeri","article_modified_time":"2026-04-04T00:02:14+00:00","og_image":[{"width":2000,"height":1414,"url":"https:\/\/velarogverkfaeri.is\/wp-content\/uploads\/2023\/06\/2c17c517-f726-45fc-b26e-2aefc6f5f7fc.jpeg","type":"image\/jpeg"}],"twitter_card":"summary_large_image","schema":{"@context":"https:\/\/schema.org","@graph":[{"@type":"WebPage","@id":"https:\/\/velarogverkfaeri.is\/verkfaeralausnir\/rafmagnsverkfaeri\/borvelar-rafmagnsverkfaeri\/product\/skil-red-borvel-hledslu-18v-2x2-0ah-50nm-3008hb\/","url":"https:\/\/velarogverkfaeri.is\/verkfaeralausnir\/rafmagnsverkfaeri\/borvelar-rafmagnsverkfaeri\/product\/skil-red-borvel-hledslu-18v-2x2-0ah-50nm-3008hb\/","name":"SKIL RED Borv\u00e9l hle\u00f0slu 18V 2x2.0Ah 50Nm 3008HB - V\u00e9lar &amp; Verkf\u00e6ri","isPartOf":{"@id":"https:\/\/velarogverkfaeri.is\/en\/#website"},"primaryImageOfPage":{"@id":"https:\/\/velarogverkfaeri.is\/verkfaeralausnir\/rafmagnsverkfaeri\/borvelar-rafmagnsverkfaeri\/product\/skil-red-borvel-hledslu-18v-2x2-0ah-50nm-3008hb\/#primaryimage"},"image":{"@id":"https:\/\/velarogverkfaeri.is\/verkfaeralausnir\/rafmagnsverkfaeri\/borvelar-rafmagnsverkfaeri\/product\/skil-red-borvel-hledslu-18v-2x2-0ah-50nm-3008hb\/#primaryimage"},"thumbnailUrl":"https:\/\/velarogverkfaeri.is\/wp-content\/uploads\/2023\/06\/2c17c517-f726-45fc-b26e-2aefc6f5f7fc.jpeg","datePublished":"2023-04-28T17:49:06+00:00","dateModified":"2026-04-04T00:02:14+00:00","breadcrumb":{"@id":"https:\/\/velarogverkfaeri.is\/verkfaeralausnir\/rafmagnsverkfaeri\/borvelar-rafmagnsverkfaeri\/product\/skil-red-borvel-hledslu-18v-2x2-0ah-50nm-3008hb\/#breadcrumb"},"inLanguage":"en-US","potentialAction":[{"@type":"ReadAction","target":["https:\/\/velarogverkfaeri.is\/verkfaeralausnir\/rafmagnsverkfaeri\/borvelar-rafmagnsverkfaeri\/product\/skil-red-borvel-hledslu-18v-2x2-0ah-50nm-3008hb\/"]}]},{"@type":"ImageObject","inLanguage":"en-US","@id":"https:\/\/velarogverkfaeri.is\/verkfaeralausnir\/rafmagnsverkfaeri\/borvelar-rafmagnsverkfaeri\/product\/skil-red-borvel-hledslu-18v-2x2-0ah-50nm-3008hb\/#primaryimage","url":"https:\/\/velarogverkfaeri.is\/wp-content\/uploads\/2023\/06\/2c17c517-f726-45fc-b26e-2aefc6f5f7fc.jpeg","contentUrl":"https:\/\/velarogverkfaeri.is\/wp-content\/uploads\/2023\/06\/2c17c517-f726-45fc-b26e-2aefc6f5f7fc.jpeg","width":2000,"height":1414},{"@type":"BreadcrumbList","@id":"https:\/\/velarogverkfaeri.is\/verkfaeralausnir\/rafmagnsverkfaeri\/borvelar-rafmagnsverkfaeri\/product\/skil-red-borvel-hledslu-18v-2x2-0ah-50nm-3008hb\/#breadcrumb","itemListElement":[{"@type":"ListItem","position":1,"name":"Home","item":"https:\/\/velarogverkfaeri.is\/"},{"@type":"ListItem","position":2,"name":"Vefverslun","item":"https:\/\/velarogverkfaeri.is\/vefverslun\/"},{"@type":"ListItem","position":3,"name":"SKIL RED Borv\u00e9l hle\u00f0slu 18V 2&#215;2.0Ah 50Nm 3008HB"}]},{"@type":"WebSite","@id":"https:\/\/velarogverkfaeri.is\/en\/#website","url":"https:\/\/velarogverkfaeri.is\/en\/","name":"V\u00e9lar & Verkf\u00e6ri","description":"Umbo\u00f0s- og heildverslun fr\u00e1 \u00e1rinu 1919","publisher":{"@id":"https:\/\/velarogverkfaeri.is\/en\/#organization"},"potentialAction":[{"@type":"SearchAction","target":{"@type":"EntryPoint","urlTemplate":"https:\/\/velarogverkfaeri.is\/en\/?s={search_term_string}"},"query-input":{"@type":"PropertyValueSpecification","valueRequired":true,"valueName":"search_term_string"}}],"inLanguage":"en-US"},{"@type":"Organization","@id":"https:\/\/velarogverkfaeri.is\/en\/#organization","name":"V\u00e9lar & Verkf\u00e6ri","url":"https:\/\/velarogverkfaeri.is\/en\/","logo":{"@type":"ImageObject","inLanguage":"en-US","@id":"https:\/\/velarogverkfaeri.is\/en\/#\/schema\/logo\/image\/","url":"https:\/\/velarogverkfaeri.is\/wp-content\/uploads\/2021\/10\/vv_logo_350x100.png","contentUrl":"https:\/\/velarogverkfaeri.is\/wp-content\/uploads\/2021\/10\/vv_logo_350x100.png","width":350,"height":100,"caption":"V\u00e9lar & Verkf\u00e6ri"},"image":{"@id":"https:\/\/velarogverkfaeri.is\/en\/#\/schema\/logo\/image\/"},"sameAs":["https:\/\/www.facebook.com\/VelarOgVerkfaeri"]}]}},"_links":{"self":[{"href":"https:\/\/velarogverkfaeri.is\/en\/wp-json\/wp\/v2\/product\/28479","targetHints":{"allow":["GET"]}}],"collection":[{"href":"https:\/\/velarogverkfaeri.is\/en\/wp-json\/wp\/v2\/product"}],"about":[{"href":"https:\/\/velarogverkfaeri.is\/en\/wp-json\/wp\/v2\/types\/product"}],"replies":[{"embeddable":true,"href":"https:\/\/velarogverkfaeri.is\/en\/wp-json\/wp\/v2\/comments?post=28479"}],"wp:featuredmedia":[{"embeddable":true,"href":"https:\/\/velarogverkfaeri.is\/en\/wp-json\/wp\/v2\/media\/28478"}],"wp:attachment":[{"href":"https:\/\/velarogverkfaeri.is\/en\/wp-json\/wp\/v2\/media?parent=28479"}],"wp:term":[{"taxonomy":"product_brand","embeddable":true,"href":"https:\/\/velarogverkfaeri.is\/en\/wp-json\/wp\/v2\/product_brand?post=28479"},{"taxonomy":"product_cat","embeddable":true,"href":"https:\/\/velarogverkfaeri.is\/en\/wp-json\/wp\/v2\/product_cat?post=28479"},{"taxonomy":"product_tag","embeddable":true,"href":"https:\/\/velarogverkfaeri.is\/en\/wp-json\/wp\/v2\/product_tag?post=28479"}],"curies":[{"name":"wp","href":"https:\/\/api.w.org\/{rel}","templated":true}]}}