{"id":28237,"date":"2023-04-28T17:48:14","date_gmt":"2023-04-28T17:48:14","guid":{"rendered":"https:\/\/vv-dev.webdev.is\/uncategorized\/product\/chipolo-one-svartur-stadsetningarpilla\/"},"modified":"2026-03-19T10:00:29","modified_gmt":"2026-03-19T10:00:29","slug":"chipolo-one-svartur-stadsetningarpilla","status":"publish","type":"product","link":"https:\/\/velarogverkfaeri.is\/en\/lykillausnir\/snjallheimili\/stadsetningartaeki\/product\/chipolo-one-svartur-stadsetningarpilla\/","title":{"rendered":"CHIPOLO One Svartur Sta\u00f0setningarpilla"},"content":{"rendered":"<p>&#160;<\/p>\n<ul>\n<li>Dr&#237;fur 60m &#237; beinni sj&#243;nl&#237;nu (200ft)<\/li>\n<li>6,4 mm &#225; &#254;ykkt<\/li>\n<li>Flatarm&#225;l 37,9 mm<\/li>\n<li>&#222;olir skvettur af vatni.&#160;(IPX5 Standard)<\/li>\n<li>Rafhl&#246;&#240;uenging: Upp a&#240; tveimur &#225;rum, h&#230;gt a&#240; skipta um batter&#237; &#8211; CR 2032<\/li>\n<\/ul>\n<p>&#160;<\/p>\n<ul>\n<li>Tengist iOS 12&#160;og n&#253;rri st&#253;rikerfum<\/li>\n<li>Tengist Android 7 og n&#253;rra st&#253;rikerfum\n<ul>\n<li><a href=\"https:\/\/support.chipolo.net\/hc\/en-us\/articles\/212172905-Officially-supported-devices\">&#221;ti&#240; h&#233;r til a&#240; sj&#225; lista sem Chipolo parast vi&#240;<\/a><\/li>\n<\/ul>\n<\/li>\n<\/ul>\n<p>&#160;<\/p>\n<ul>\n<li>Stj&#243;rna&#240;u me&#240; r&#246;ddinni\n<ul>\n<li>Virkar me&#240; Siri, Google Assistant og Amazon Alexa &#225; snjall h&#225;t&#246;lurum.<\/li>\n<li>Virkar me&#240; Google Assistant og Amazon Alexa snjallforriti &#237; fars&#237;mum.\n<ul>\n<li><a href=\"https:\/\/support.chipolo.net\/hc\/en-us\/sections\/360000268249\">L&#230;r&#240;u meira um &#254;etta h&#233;r\n<p><\/a><\/li>\n<\/ul>\n<\/li>\n<\/ul>\n<\/li>\n<li>&#160;Stilltu s&#237;manum upp og nota&#240;u Chipolo sem takkann til a&#240; taka mynd.<\/li>\n<\/ul>\n<p>&#160;<\/p>\n<p style=\"text-align: center;\"><video width=\"550\" height=\"300\" controls=\"controls\"><source src=\"https:\/\/d30t46cigvmaf3.cloudfront.net\/videos\/track_chipolo_video_2020-11-23-100929.mp4\" type=\"video\/mp4\" \/><source src=\"https:\/\/d30t46cigvmaf3.cloudfront.net\/videos\/track_chipolo_video_2020-11-23-100929.mp4\" type=\"video\/mp4\" \/><\/video><\/p>\n<p style=\"text-align: center;\">&#160;<\/p>\n<p><video width=\"550\" height=\"300\" style=\"display: block; margin-left: auto; margin-right: auto;\" controls=\"controls\"><source src=\"https:\/\/d30t46cigvmaf3.cloudfront.net\/videos\/Ring_Keys_and_Phone.mov\" \/><source src=\"https:\/\/d30t46cigvmaf3.cloudfront.net\/videos\/Ring_Keys_and_Phone.mov\" \/><\/video><\/p>","protected":false},"excerpt":{"rendered":"<p>Fullkomi\u00f0 til a\u00f0 a\u00f0sto\u00f0a \u00feig vi\u00f0 a\u00f0 finna lyklana, t\u00f6skuna, veski\u00f0 e\u00f0a s\u00edmann. <\/p>\n<p>Nota\u00f0u Chipolo appi\u00f0 til a\u00f0 hringja \u00ed hlutina sem \u00fe\u00fa hefur glata\u00f0 e\u00f0a tv\u00edklikka\u00f0u \u00e1 Chipoloinn til a\u00f0 finna s\u00edmann. <\/p>\n<p>F\u00e1\u00f0u tilkynningar gegnum snjallforrit svo \u00fe\u00fa gleymir ekki hlutunum \u00fe\u00ednum.<\/p>","protected":false},"featured_media":28230,"comment_status":"closed","ping_status":"closed","template":"","meta":[],"product_brand":[],"product_cat":[517,853,948],"product_tag":[],"class_list":{"0":"post-28237","1":"product","2":"type-product","3":"status-publish","4":"has-post-thumbnail","6":"product_cat-lykillausnir","7":"product_cat-snjallheimili","8":"product_cat-stadsetningartaeki","10":"first","11":"instock","12":"taxable","13":"shipping-taxable","14":"purchasable","15":"product-type-simple"},"yoast_head":"<!-- This site is optimized with the Yoast SEO plugin v27.3 - https:\/\/yoast.com\/product\/yoast-seo-wordpress\/ -->\n<title>CHIPOLO One Svartur Sta\u00f0setningarpilla - V\u00e9lar &amp; Verkf\u00e6ri<\/title>\n<meta name=\"robots\" content=\"index, follow, max-snippet:-1, max-image-preview:large, max-video-preview:-1\" \/>\n<link rel=\"canonical\" href=\"https:\/\/velarogverkfaeri.is\/en\/lykillausnir\/snjallheimili\/stadsetningartaeki\/product\/chipolo-one-svartur-stadsetningarpilla\/\" \/>\n<meta property=\"og:locale\" content=\"en_US\" \/>\n<meta property=\"og:type\" content=\"article\" \/>\n<meta property=\"og:title\" content=\"CHIPOLO One Svartur Sta\u00f0setningarpilla - V\u00e9lar &amp; Verkf\u00e6ri\" \/>\n<meta property=\"og:description\" content=\"Fullkomi\u00f0 til a\u00f0 a\u00f0sto\u00f0a \u00feig vi\u00f0 a\u00f0 finna lyklana, t\u00f6skuna, veski\u00f0 e\u00f0a s\u00edmann. Nota\u00f0u Chipolo appi\u00f0 til a\u00f0 hringja \u00ed hlutina sem \u00fe\u00fa hefur glata\u00f0 e\u00f0a tv\u00edklikka\u00f0u \u00e1 Chipoloinn til a\u00f0 finna s\u00edmann. F\u00e1\u00f0u tilkynningar gegnum snjallforrit svo \u00fe\u00fa gleymir ekki hlutunum \u00fe\u00ednum.\" \/>\n<meta property=\"og:url\" content=\"https:\/\/velarogverkfaeri.is\/en\/lykillausnir\/snjallheimili\/stadsetningartaeki\/product\/chipolo-one-svartur-stadsetningarpilla\/\" \/>\n<meta property=\"og:site_name\" content=\"V\u00e9lar &amp; Verkf\u00e6ri\" \/>\n<meta property=\"article:publisher\" content=\"https:\/\/www.facebook.com\/VelarOgVerkfaeri\" \/>\n<meta property=\"article:modified_time\" content=\"2026-03-19T10:00:29+00:00\" \/>\n<meta property=\"og:image\" content=\"https:\/\/velarogverkfaeri.is\/wp-content\/uploads\/2023\/06\/6fdcac3e-e3fc-42d6-bac1-07209bfb9492.png\" \/>\n\t<meta property=\"og:image:width\" content=\"500\" \/>\n\t<meta property=\"og:image:height\" content=\"500\" \/>\n\t<meta property=\"og:image:type\" content=\"image\/png\" \/>\n<meta name=\"twitter:card\" content=\"summary_large_image\" \/>\n<meta name=\"twitter:label1\" content=\"Est. reading time\" \/>\n\t<meta name=\"twitter:data1\" content=\"1 minute\" \/>\n<script type=\"application\/ld+json\" class=\"yoast-schema-graph\">{\"@context\":\"https:\\\/\\\/schema.org\",\"@graph\":[{\"@type\":\"WebPage\",\"@id\":\"https:\\\/\\\/velarogverkfaeri.is\\\/lykillausnir\\\/snjallheimili\\\/stadsetningartaeki\\\/product\\\/chipolo-one-svartur-stadsetningarpilla\\\/\",\"url\":\"https:\\\/\\\/velarogverkfaeri.is\\\/lykillausnir\\\/snjallheimili\\\/stadsetningartaeki\\\/product\\\/chipolo-one-svartur-stadsetningarpilla\\\/\",\"name\":\"CHIPOLO One Svartur Sta\u00f0setningarpilla - V\u00e9lar &amp; Verkf\u00e6ri\",\"isPartOf\":{\"@id\":\"https:\\\/\\\/velarogverkfaeri.is\\\/en\\\/#website\"},\"primaryImageOfPage\":{\"@id\":\"https:\\\/\\\/velarogverkfaeri.is\\\/lykillausnir\\\/snjallheimili\\\/stadsetningartaeki\\\/product\\\/chipolo-one-svartur-stadsetningarpilla\\\/#primaryimage\"},\"image\":{\"@id\":\"https:\\\/\\\/velarogverkfaeri.is\\\/lykillausnir\\\/snjallheimili\\\/stadsetningartaeki\\\/product\\\/chipolo-one-svartur-stadsetningarpilla\\\/#primaryimage\"},\"thumbnailUrl\":\"https:\\\/\\\/velarogverkfaeri.is\\\/wp-content\\\/uploads\\\/2023\\\/06\\\/6fdcac3e-e3fc-42d6-bac1-07209bfb9492.png\",\"datePublished\":\"2023-04-28T17:48:14+00:00\",\"dateModified\":\"2026-03-19T10:00:29+00:00\",\"breadcrumb\":{\"@id\":\"https:\\\/\\\/velarogverkfaeri.is\\\/lykillausnir\\\/snjallheimili\\\/stadsetningartaeki\\\/product\\\/chipolo-one-svartur-stadsetningarpilla\\\/#breadcrumb\"},\"inLanguage\":\"en-US\",\"potentialAction\":[{\"@type\":\"ReadAction\",\"target\":[\"https:\\\/\\\/velarogverkfaeri.is\\\/lykillausnir\\\/snjallheimili\\\/stadsetningartaeki\\\/product\\\/chipolo-one-svartur-stadsetningarpilla\\\/\"]}]},{\"@type\":\"ImageObject\",\"inLanguage\":\"en-US\",\"@id\":\"https:\\\/\\\/velarogverkfaeri.is\\\/lykillausnir\\\/snjallheimili\\\/stadsetningartaeki\\\/product\\\/chipolo-one-svartur-stadsetningarpilla\\\/#primaryimage\",\"url\":\"https:\\\/\\\/velarogverkfaeri.is\\\/wp-content\\\/uploads\\\/2023\\\/06\\\/6fdcac3e-e3fc-42d6-bac1-07209bfb9492.png\",\"contentUrl\":\"https:\\\/\\\/velarogverkfaeri.is\\\/wp-content\\\/uploads\\\/2023\\\/06\\\/6fdcac3e-e3fc-42d6-bac1-07209bfb9492.png\",\"width\":500,\"height\":500},{\"@type\":\"BreadcrumbList\",\"@id\":\"https:\\\/\\\/velarogverkfaeri.is\\\/lykillausnir\\\/snjallheimili\\\/stadsetningartaeki\\\/product\\\/chipolo-one-svartur-stadsetningarpilla\\\/#breadcrumb\",\"itemListElement\":[{\"@type\":\"ListItem\",\"position\":1,\"name\":\"Home\",\"item\":\"https:\\\/\\\/velarogverkfaeri.is\\\/\"},{\"@type\":\"ListItem\",\"position\":2,\"name\":\"Vefverslun\",\"item\":\"https:\\\/\\\/velarogverkfaeri.is\\\/vefverslun\\\/\"},{\"@type\":\"ListItem\",\"position\":3,\"name\":\"CHIPOLO One Svartur Sta\u00f0setningarpilla\"}]},{\"@type\":\"WebSite\",\"@id\":\"https:\\\/\\\/velarogverkfaeri.is\\\/en\\\/#website\",\"url\":\"https:\\\/\\\/velarogverkfaeri.is\\\/en\\\/\",\"name\":\"V\u00e9lar & Verkf\u00e6ri\",\"description\":\"Umbo\u00f0s- og heildverslun fr\u00e1 \u00e1rinu 1919\",\"publisher\":{\"@id\":\"https:\\\/\\\/velarogverkfaeri.is\\\/en\\\/#organization\"},\"potentialAction\":[{\"@type\":\"SearchAction\",\"target\":{\"@type\":\"EntryPoint\",\"urlTemplate\":\"https:\\\/\\\/velarogverkfaeri.is\\\/en\\\/?s={search_term_string}\"},\"query-input\":{\"@type\":\"PropertyValueSpecification\",\"valueRequired\":true,\"valueName\":\"search_term_string\"}}],\"inLanguage\":\"en-US\"},{\"@type\":\"Organization\",\"@id\":\"https:\\\/\\\/velarogverkfaeri.is\\\/en\\\/#organization\",\"name\":\"V\u00e9lar & Verkf\u00e6ri\",\"url\":\"https:\\\/\\\/velarogverkfaeri.is\\\/en\\\/\",\"logo\":{\"@type\":\"ImageObject\",\"inLanguage\":\"en-US\",\"@id\":\"https:\\\/\\\/velarogverkfaeri.is\\\/en\\\/#\\\/schema\\\/logo\\\/image\\\/\",\"url\":\"https:\\\/\\\/velarogverkfaeri.is\\\/wp-content\\\/uploads\\\/2021\\\/10\\\/vv_logo_350x100.png\",\"contentUrl\":\"https:\\\/\\\/velarogverkfaeri.is\\\/wp-content\\\/uploads\\\/2021\\\/10\\\/vv_logo_350x100.png\",\"width\":350,\"height\":100,\"caption\":\"V\u00e9lar & Verkf\u00e6ri\"},\"image\":{\"@id\":\"https:\\\/\\\/velarogverkfaeri.is\\\/en\\\/#\\\/schema\\\/logo\\\/image\\\/\"},\"sameAs\":[\"https:\\\/\\\/www.facebook.com\\\/VelarOgVerkfaeri\"]}]}<\/script>\n<!-- \/ Yoast SEO plugin. -->","yoast_head_json":{"title":"CHIPOLO One Svartur Sta\u00f0setningarpilla - V\u00e9lar &amp; Verkf\u00e6ri","robots":{"index":"index","follow":"follow","max-snippet":"max-snippet:-1","max-image-preview":"max-image-preview:large","max-video-preview":"max-video-preview:-1"},"canonical":"https:\/\/velarogverkfaeri.is\/en\/lykillausnir\/snjallheimili\/stadsetningartaeki\/product\/chipolo-one-svartur-stadsetningarpilla\/","og_locale":"en_US","og_type":"article","og_title":"CHIPOLO One Svartur Sta\u00f0setningarpilla - V\u00e9lar &amp; Verkf\u00e6ri","og_description":"Fullkomi\u00f0 til a\u00f0 a\u00f0sto\u00f0a \u00feig vi\u00f0 a\u00f0 finna lyklana, t\u00f6skuna, veski\u00f0 e\u00f0a s\u00edmann. Nota\u00f0u Chipolo appi\u00f0 til a\u00f0 hringja \u00ed hlutina sem \u00fe\u00fa hefur glata\u00f0 e\u00f0a tv\u00edklikka\u00f0u \u00e1 Chipoloinn til a\u00f0 finna s\u00edmann. F\u00e1\u00f0u tilkynningar gegnum snjallforrit svo \u00fe\u00fa gleymir ekki hlutunum \u00fe\u00ednum.","og_url":"https:\/\/velarogverkfaeri.is\/en\/lykillausnir\/snjallheimili\/stadsetningartaeki\/product\/chipolo-one-svartur-stadsetningarpilla\/","og_site_name":"V\u00e9lar &amp; Verkf\u00e6ri","article_publisher":"https:\/\/www.facebook.com\/VelarOgVerkfaeri","article_modified_time":"2026-03-19T10:00:29+00:00","og_image":[{"width":500,"height":500,"url":"https:\/\/velarogverkfaeri.is\/wp-content\/uploads\/2023\/06\/6fdcac3e-e3fc-42d6-bac1-07209bfb9492.png","type":"image\/png"}],"twitter_card":"summary_large_image","twitter_misc":{"Est. reading time":"1 minute"},"schema":{"@context":"https:\/\/schema.org","@graph":[{"@type":"WebPage","@id":"https:\/\/velarogverkfaeri.is\/lykillausnir\/snjallheimili\/stadsetningartaeki\/product\/chipolo-one-svartur-stadsetningarpilla\/","url":"https:\/\/velarogverkfaeri.is\/lykillausnir\/snjallheimili\/stadsetningartaeki\/product\/chipolo-one-svartur-stadsetningarpilla\/","name":"CHIPOLO One Svartur Sta\u00f0setningarpilla - V\u00e9lar &amp; Verkf\u00e6ri","isPartOf":{"@id":"https:\/\/velarogverkfaeri.is\/en\/#website"},"primaryImageOfPage":{"@id":"https:\/\/velarogverkfaeri.is\/lykillausnir\/snjallheimili\/stadsetningartaeki\/product\/chipolo-one-svartur-stadsetningarpilla\/#primaryimage"},"image":{"@id":"https:\/\/velarogverkfaeri.is\/lykillausnir\/snjallheimili\/stadsetningartaeki\/product\/chipolo-one-svartur-stadsetningarpilla\/#primaryimage"},"thumbnailUrl":"https:\/\/velarogverkfaeri.is\/wp-content\/uploads\/2023\/06\/6fdcac3e-e3fc-42d6-bac1-07209bfb9492.png","datePublished":"2023-04-28T17:48:14+00:00","dateModified":"2026-03-19T10:00:29+00:00","breadcrumb":{"@id":"https:\/\/velarogverkfaeri.is\/lykillausnir\/snjallheimili\/stadsetningartaeki\/product\/chipolo-one-svartur-stadsetningarpilla\/#breadcrumb"},"inLanguage":"en-US","potentialAction":[{"@type":"ReadAction","target":["https:\/\/velarogverkfaeri.is\/lykillausnir\/snjallheimili\/stadsetningartaeki\/product\/chipolo-one-svartur-stadsetningarpilla\/"]}]},{"@type":"ImageObject","inLanguage":"en-US","@id":"https:\/\/velarogverkfaeri.is\/lykillausnir\/snjallheimili\/stadsetningartaeki\/product\/chipolo-one-svartur-stadsetningarpilla\/#primaryimage","url":"https:\/\/velarogverkfaeri.is\/wp-content\/uploads\/2023\/06\/6fdcac3e-e3fc-42d6-bac1-07209bfb9492.png","contentUrl":"https:\/\/velarogverkfaeri.is\/wp-content\/uploads\/2023\/06\/6fdcac3e-e3fc-42d6-bac1-07209bfb9492.png","width":500,"height":500},{"@type":"BreadcrumbList","@id":"https:\/\/velarogverkfaeri.is\/lykillausnir\/snjallheimili\/stadsetningartaeki\/product\/chipolo-one-svartur-stadsetningarpilla\/#breadcrumb","itemListElement":[{"@type":"ListItem","position":1,"name":"Home","item":"https:\/\/velarogverkfaeri.is\/"},{"@type":"ListItem","position":2,"name":"Vefverslun","item":"https:\/\/velarogverkfaeri.is\/vefverslun\/"},{"@type":"ListItem","position":3,"name":"CHIPOLO One Svartur Sta\u00f0setningarpilla"}]},{"@type":"WebSite","@id":"https:\/\/velarogverkfaeri.is\/en\/#website","url":"https:\/\/velarogverkfaeri.is\/en\/","name":"V\u00e9lar & Verkf\u00e6ri","description":"Umbo\u00f0s- og heildverslun fr\u00e1 \u00e1rinu 1919","publisher":{"@id":"https:\/\/velarogverkfaeri.is\/en\/#organization"},"potentialAction":[{"@type":"SearchAction","target":{"@type":"EntryPoint","urlTemplate":"https:\/\/velarogverkfaeri.is\/en\/?s={search_term_string}"},"query-input":{"@type":"PropertyValueSpecification","valueRequired":true,"valueName":"search_term_string"}}],"inLanguage":"en-US"},{"@type":"Organization","@id":"https:\/\/velarogverkfaeri.is\/en\/#organization","name":"V\u00e9lar & Verkf\u00e6ri","url":"https:\/\/velarogverkfaeri.is\/en\/","logo":{"@type":"ImageObject","inLanguage":"en-US","@id":"https:\/\/velarogverkfaeri.is\/en\/#\/schema\/logo\/image\/","url":"https:\/\/velarogverkfaeri.is\/wp-content\/uploads\/2021\/10\/vv_logo_350x100.png","contentUrl":"https:\/\/velarogverkfaeri.is\/wp-content\/uploads\/2021\/10\/vv_logo_350x100.png","width":350,"height":100,"caption":"V\u00e9lar & Verkf\u00e6ri"},"image":{"@id":"https:\/\/velarogverkfaeri.is\/en\/#\/schema\/logo\/image\/"},"sameAs":["https:\/\/www.facebook.com\/VelarOgVerkfaeri"]}]}},"_links":{"self":[{"href":"https:\/\/velarogverkfaeri.is\/en\/wp-json\/wp\/v2\/product\/28237","targetHints":{"allow":["GET"]}}],"collection":[{"href":"https:\/\/velarogverkfaeri.is\/en\/wp-json\/wp\/v2\/product"}],"about":[{"href":"https:\/\/velarogverkfaeri.is\/en\/wp-json\/wp\/v2\/types\/product"}],"replies":[{"embeddable":true,"href":"https:\/\/velarogverkfaeri.is\/en\/wp-json\/wp\/v2\/comments?post=28237"}],"wp:featuredmedia":[{"embeddable":true,"href":"https:\/\/velarogverkfaeri.is\/en\/wp-json\/wp\/v2\/media\/28230"}],"wp:attachment":[{"href":"https:\/\/velarogverkfaeri.is\/en\/wp-json\/wp\/v2\/media?parent=28237"}],"wp:term":[{"taxonomy":"product_brand","embeddable":true,"href":"https:\/\/velarogverkfaeri.is\/en\/wp-json\/wp\/v2\/product_brand?post=28237"},{"taxonomy":"product_cat","embeddable":true,"href":"https:\/\/velarogverkfaeri.is\/en\/wp-json\/wp\/v2\/product_cat?post=28237"},{"taxonomy":"product_tag","embeddable":true,"href":"https:\/\/velarogverkfaeri.is\/en\/wp-json\/wp\/v2\/product_tag?post=28237"}],"curies":[{"name":"wp","href":"https:\/\/api.w.org\/{rel}","templated":true}]}}