{"id":27936,"date":"2023-04-28T17:47:08","date_gmt":"2023-04-28T17:47:08","guid":{"rendered":"https:\/\/vv-dev.webdev.is\/uncategorized\/product\/roca-gluggalaesing-slug-utopnun-fyrir-assa-sylinder\/"},"modified":"2026-02-15T17:30:22","modified_gmt":"2026-02-15T17:30:22","slug":"roca-gluggalaesing-slug-utopnun-fyrir-assa-sylinder","status":"publish","type":"product","link":"https:\/\/velarogverkfaeri.is\/en\/lykillausnir\/gluggabunadur\/gluggalaesingar-gluggabunadur\/product\/roca-gluggalaesing-slug-utopnun-fyrir-assa-sylinder\/","title":{"rendered":"ROCA Gluggal\u00e6sing SLUG \u00datopnun fyrir ASSA Sylinder"},"content":{"rendered":"","protected":false},"excerpt":{"rendered":"<p>H\u00e1g\u00e6\u00f0a gluggal\u00e6sing fyrir glugga me\u00f0 \u00fatopnum. <br><br \/>\nAssa Oval sylindrar passa \u00ed l\u00e6singuna. <br><br \/>\nAu\u00f0velt a\u00f0 setja upp og nota. <br><br \/>\nL\u00e6sir me\u00f0 \u00fev\u00ed a\u00f0 \u00fdta sylindernum ni\u00f0ur og opnar me\u00f0 lykli og \u00fe\u00e1 fer sylinderinn upp aftur. <br><\/p>","protected":false},"featured_media":27933,"comment_status":"closed","ping_status":"closed","template":"","meta":[],"product_brand":[],"product_cat":[584,649,517],"product_tag":[],"class_list":{"0":"post-27936","1":"product","2":"type-product","3":"status-publish","4":"has-post-thumbnail","6":"product_cat-gluggabunadur","7":"product_cat-gluggalaesingar-gluggabunadur","8":"product_cat-lykillausnir","10":"first","11":"instock","12":"taxable","13":"shipping-taxable","14":"purchasable","15":"product-type-simple"},"yoast_head":"<!-- This site is optimized with the Yoast SEO plugin v27.3 - https:\/\/yoast.com\/product\/yoast-seo-wordpress\/ -->\n<title>ROCA Gluggal\u00e6sing SLUG \u00datopnun fyrir ASSA Sylinder - V\u00e9lar &amp; Verkf\u00e6ri<\/title>\n<meta name=\"robots\" content=\"index, follow, max-snippet:-1, max-image-preview:large, max-video-preview:-1\" \/>\n<link rel=\"canonical\" href=\"https:\/\/velarogverkfaeri.is\/en\/lykillausnir\/gluggabunadur\/gluggalaesingar-gluggabunadur\/product\/roca-gluggalaesing-slug-utopnun-fyrir-assa-sylinder\/\" \/>\n<meta property=\"og:locale\" content=\"en_US\" \/>\n<meta property=\"og:type\" content=\"article\" \/>\n<meta property=\"og:title\" content=\"ROCA Gluggal\u00e6sing SLUG \u00datopnun fyrir ASSA Sylinder - V\u00e9lar &amp; Verkf\u00e6ri\" \/>\n<meta property=\"og:description\" content=\"H\u00e1g\u00e6\u00f0a gluggal\u00e6sing fyrir glugga me\u00f0 \u00fatopnum. Assa Oval sylindrar passa \u00ed l\u00e6singuna. Au\u00f0velt a\u00f0 setja upp og nota. L\u00e6sir me\u00f0 \u00fev\u00ed a\u00f0 \u00fdta sylindernum ni\u00f0ur og opnar me\u00f0 lykli og \u00fe\u00e1 fer sylinderinn upp aftur.\" \/>\n<meta property=\"og:url\" content=\"https:\/\/velarogverkfaeri.is\/en\/lykillausnir\/gluggabunadur\/gluggalaesingar-gluggabunadur\/product\/roca-gluggalaesing-slug-utopnun-fyrir-assa-sylinder\/\" \/>\n<meta property=\"og:site_name\" content=\"V\u00e9lar &amp; Verkf\u00e6ri\" \/>\n<meta property=\"article:publisher\" content=\"https:\/\/www.facebook.com\/VelarOgVerkfaeri\" \/>\n<meta property=\"article:modified_time\" content=\"2026-02-15T17:30:22+00:00\" \/>\n<meta property=\"og:image\" content=\"https:\/\/velarogverkfaeri.is\/wp-content\/uploads\/2023\/06\/66b0eb02-78cf-46a6-b8c5-66d5bc5802f9.jpeg\" \/>\n\t<meta property=\"og:image:width\" content=\"1772\" \/>\n\t<meta property=\"og:image:height\" content=\"1772\" \/>\n\t<meta property=\"og:image:type\" content=\"image\/jpeg\" \/>\n<meta name=\"twitter:card\" content=\"summary_large_image\" \/>\n<script type=\"application\/ld+json\" class=\"yoast-schema-graph\">{\"@context\":\"https:\\\/\\\/schema.org\",\"@graph\":[{\"@type\":\"WebPage\",\"@id\":\"https:\\\/\\\/velarogverkfaeri.is\\\/lykillausnir\\\/gluggabunadur\\\/gluggalaesingar-gluggabunadur\\\/product\\\/roca-gluggalaesing-slug-utopnun-fyrir-assa-sylinder\\\/\",\"url\":\"https:\\\/\\\/velarogverkfaeri.is\\\/lykillausnir\\\/gluggabunadur\\\/gluggalaesingar-gluggabunadur\\\/product\\\/roca-gluggalaesing-slug-utopnun-fyrir-assa-sylinder\\\/\",\"name\":\"ROCA Gluggal\u00e6sing SLUG \u00datopnun fyrir ASSA Sylinder - V\u00e9lar &amp; Verkf\u00e6ri\",\"isPartOf\":{\"@id\":\"https:\\\/\\\/velarogverkfaeri.is\\\/en\\\/#website\"},\"primaryImageOfPage\":{\"@id\":\"https:\\\/\\\/velarogverkfaeri.is\\\/lykillausnir\\\/gluggabunadur\\\/gluggalaesingar-gluggabunadur\\\/product\\\/roca-gluggalaesing-slug-utopnun-fyrir-assa-sylinder\\\/#primaryimage\"},\"image\":{\"@id\":\"https:\\\/\\\/velarogverkfaeri.is\\\/lykillausnir\\\/gluggabunadur\\\/gluggalaesingar-gluggabunadur\\\/product\\\/roca-gluggalaesing-slug-utopnun-fyrir-assa-sylinder\\\/#primaryimage\"},\"thumbnailUrl\":\"https:\\\/\\\/velarogverkfaeri.is\\\/wp-content\\\/uploads\\\/2023\\\/06\\\/66b0eb02-78cf-46a6-b8c5-66d5bc5802f9.jpeg\",\"datePublished\":\"2023-04-28T17:47:08+00:00\",\"dateModified\":\"2026-02-15T17:30:22+00:00\",\"breadcrumb\":{\"@id\":\"https:\\\/\\\/velarogverkfaeri.is\\\/lykillausnir\\\/gluggabunadur\\\/gluggalaesingar-gluggabunadur\\\/product\\\/roca-gluggalaesing-slug-utopnun-fyrir-assa-sylinder\\\/#breadcrumb\"},\"inLanguage\":\"en-US\",\"potentialAction\":[{\"@type\":\"ReadAction\",\"target\":[\"https:\\\/\\\/velarogverkfaeri.is\\\/lykillausnir\\\/gluggabunadur\\\/gluggalaesingar-gluggabunadur\\\/product\\\/roca-gluggalaesing-slug-utopnun-fyrir-assa-sylinder\\\/\"]}]},{\"@type\":\"ImageObject\",\"inLanguage\":\"en-US\",\"@id\":\"https:\\\/\\\/velarogverkfaeri.is\\\/lykillausnir\\\/gluggabunadur\\\/gluggalaesingar-gluggabunadur\\\/product\\\/roca-gluggalaesing-slug-utopnun-fyrir-assa-sylinder\\\/#primaryimage\",\"url\":\"https:\\\/\\\/velarogverkfaeri.is\\\/wp-content\\\/uploads\\\/2023\\\/06\\\/66b0eb02-78cf-46a6-b8c5-66d5bc5802f9.jpeg\",\"contentUrl\":\"https:\\\/\\\/velarogverkfaeri.is\\\/wp-content\\\/uploads\\\/2023\\\/06\\\/66b0eb02-78cf-46a6-b8c5-66d5bc5802f9.jpeg\",\"width\":1772,\"height\":1772},{\"@type\":\"BreadcrumbList\",\"@id\":\"https:\\\/\\\/velarogverkfaeri.is\\\/lykillausnir\\\/gluggabunadur\\\/gluggalaesingar-gluggabunadur\\\/product\\\/roca-gluggalaesing-slug-utopnun-fyrir-assa-sylinder\\\/#breadcrumb\",\"itemListElement\":[{\"@type\":\"ListItem\",\"position\":1,\"name\":\"Home\",\"item\":\"https:\\\/\\\/velarogverkfaeri.is\\\/\"},{\"@type\":\"ListItem\",\"position\":2,\"name\":\"Vefverslun\",\"item\":\"https:\\\/\\\/velarogverkfaeri.is\\\/vefverslun\\\/\"},{\"@type\":\"ListItem\",\"position\":3,\"name\":\"ROCA Gluggal\u00e6sing SLUG \u00datopnun fyrir ASSA Sylinder\"}]},{\"@type\":\"WebSite\",\"@id\":\"https:\\\/\\\/velarogverkfaeri.is\\\/en\\\/#website\",\"url\":\"https:\\\/\\\/velarogverkfaeri.is\\\/en\\\/\",\"name\":\"V\u00e9lar & Verkf\u00e6ri\",\"description\":\"Umbo\u00f0s- og heildverslun fr\u00e1 \u00e1rinu 1919\",\"publisher\":{\"@id\":\"https:\\\/\\\/velarogverkfaeri.is\\\/en\\\/#organization\"},\"potentialAction\":[{\"@type\":\"SearchAction\",\"target\":{\"@type\":\"EntryPoint\",\"urlTemplate\":\"https:\\\/\\\/velarogverkfaeri.is\\\/en\\\/?s={search_term_string}\"},\"query-input\":{\"@type\":\"PropertyValueSpecification\",\"valueRequired\":true,\"valueName\":\"search_term_string\"}}],\"inLanguage\":\"en-US\"},{\"@type\":\"Organization\",\"@id\":\"https:\\\/\\\/velarogverkfaeri.is\\\/en\\\/#organization\",\"name\":\"V\u00e9lar & Verkf\u00e6ri\",\"url\":\"https:\\\/\\\/velarogverkfaeri.is\\\/en\\\/\",\"logo\":{\"@type\":\"ImageObject\",\"inLanguage\":\"en-US\",\"@id\":\"https:\\\/\\\/velarogverkfaeri.is\\\/en\\\/#\\\/schema\\\/logo\\\/image\\\/\",\"url\":\"https:\\\/\\\/velarogverkfaeri.is\\\/wp-content\\\/uploads\\\/2021\\\/10\\\/vv_logo_350x100.png\",\"contentUrl\":\"https:\\\/\\\/velarogverkfaeri.is\\\/wp-content\\\/uploads\\\/2021\\\/10\\\/vv_logo_350x100.png\",\"width\":350,\"height\":100,\"caption\":\"V\u00e9lar & Verkf\u00e6ri\"},\"image\":{\"@id\":\"https:\\\/\\\/velarogverkfaeri.is\\\/en\\\/#\\\/schema\\\/logo\\\/image\\\/\"},\"sameAs\":[\"https:\\\/\\\/www.facebook.com\\\/VelarOgVerkfaeri\"]}]}<\/script>\n<!-- \/ Yoast SEO plugin. -->","yoast_head_json":{"title":"ROCA Gluggal\u00e6sing SLUG \u00datopnun fyrir ASSA Sylinder - V\u00e9lar &amp; Verkf\u00e6ri","robots":{"index":"index","follow":"follow","max-snippet":"max-snippet:-1","max-image-preview":"max-image-preview:large","max-video-preview":"max-video-preview:-1"},"canonical":"https:\/\/velarogverkfaeri.is\/en\/lykillausnir\/gluggabunadur\/gluggalaesingar-gluggabunadur\/product\/roca-gluggalaesing-slug-utopnun-fyrir-assa-sylinder\/","og_locale":"en_US","og_type":"article","og_title":"ROCA Gluggal\u00e6sing SLUG \u00datopnun fyrir ASSA Sylinder - V\u00e9lar &amp; Verkf\u00e6ri","og_description":"H\u00e1g\u00e6\u00f0a gluggal\u00e6sing fyrir glugga me\u00f0 \u00fatopnum. Assa Oval sylindrar passa \u00ed l\u00e6singuna. Au\u00f0velt a\u00f0 setja upp og nota. L\u00e6sir me\u00f0 \u00fev\u00ed a\u00f0 \u00fdta sylindernum ni\u00f0ur og opnar me\u00f0 lykli og \u00fe\u00e1 fer sylinderinn upp aftur.","og_url":"https:\/\/velarogverkfaeri.is\/en\/lykillausnir\/gluggabunadur\/gluggalaesingar-gluggabunadur\/product\/roca-gluggalaesing-slug-utopnun-fyrir-assa-sylinder\/","og_site_name":"V\u00e9lar &amp; Verkf\u00e6ri","article_publisher":"https:\/\/www.facebook.com\/VelarOgVerkfaeri","article_modified_time":"2026-02-15T17:30:22+00:00","og_image":[{"width":1772,"height":1772,"url":"https:\/\/velarogverkfaeri.is\/wp-content\/uploads\/2023\/06\/66b0eb02-78cf-46a6-b8c5-66d5bc5802f9.jpeg","type":"image\/jpeg"}],"twitter_card":"summary_large_image","schema":{"@context":"https:\/\/schema.org","@graph":[{"@type":"WebPage","@id":"https:\/\/velarogverkfaeri.is\/lykillausnir\/gluggabunadur\/gluggalaesingar-gluggabunadur\/product\/roca-gluggalaesing-slug-utopnun-fyrir-assa-sylinder\/","url":"https:\/\/velarogverkfaeri.is\/lykillausnir\/gluggabunadur\/gluggalaesingar-gluggabunadur\/product\/roca-gluggalaesing-slug-utopnun-fyrir-assa-sylinder\/","name":"ROCA Gluggal\u00e6sing SLUG \u00datopnun fyrir ASSA Sylinder - V\u00e9lar &amp; Verkf\u00e6ri","isPartOf":{"@id":"https:\/\/velarogverkfaeri.is\/en\/#website"},"primaryImageOfPage":{"@id":"https:\/\/velarogverkfaeri.is\/lykillausnir\/gluggabunadur\/gluggalaesingar-gluggabunadur\/product\/roca-gluggalaesing-slug-utopnun-fyrir-assa-sylinder\/#primaryimage"},"image":{"@id":"https:\/\/velarogverkfaeri.is\/lykillausnir\/gluggabunadur\/gluggalaesingar-gluggabunadur\/product\/roca-gluggalaesing-slug-utopnun-fyrir-assa-sylinder\/#primaryimage"},"thumbnailUrl":"https:\/\/velarogverkfaeri.is\/wp-content\/uploads\/2023\/06\/66b0eb02-78cf-46a6-b8c5-66d5bc5802f9.jpeg","datePublished":"2023-04-28T17:47:08+00:00","dateModified":"2026-02-15T17:30:22+00:00","breadcrumb":{"@id":"https:\/\/velarogverkfaeri.is\/lykillausnir\/gluggabunadur\/gluggalaesingar-gluggabunadur\/product\/roca-gluggalaesing-slug-utopnun-fyrir-assa-sylinder\/#breadcrumb"},"inLanguage":"en-US","potentialAction":[{"@type":"ReadAction","target":["https:\/\/velarogverkfaeri.is\/lykillausnir\/gluggabunadur\/gluggalaesingar-gluggabunadur\/product\/roca-gluggalaesing-slug-utopnun-fyrir-assa-sylinder\/"]}]},{"@type":"ImageObject","inLanguage":"en-US","@id":"https:\/\/velarogverkfaeri.is\/lykillausnir\/gluggabunadur\/gluggalaesingar-gluggabunadur\/product\/roca-gluggalaesing-slug-utopnun-fyrir-assa-sylinder\/#primaryimage","url":"https:\/\/velarogverkfaeri.is\/wp-content\/uploads\/2023\/06\/66b0eb02-78cf-46a6-b8c5-66d5bc5802f9.jpeg","contentUrl":"https:\/\/velarogverkfaeri.is\/wp-content\/uploads\/2023\/06\/66b0eb02-78cf-46a6-b8c5-66d5bc5802f9.jpeg","width":1772,"height":1772},{"@type":"BreadcrumbList","@id":"https:\/\/velarogverkfaeri.is\/lykillausnir\/gluggabunadur\/gluggalaesingar-gluggabunadur\/product\/roca-gluggalaesing-slug-utopnun-fyrir-assa-sylinder\/#breadcrumb","itemListElement":[{"@type":"ListItem","position":1,"name":"Home","item":"https:\/\/velarogverkfaeri.is\/"},{"@type":"ListItem","position":2,"name":"Vefverslun","item":"https:\/\/velarogverkfaeri.is\/vefverslun\/"},{"@type":"ListItem","position":3,"name":"ROCA Gluggal\u00e6sing SLUG \u00datopnun fyrir ASSA Sylinder"}]},{"@type":"WebSite","@id":"https:\/\/velarogverkfaeri.is\/en\/#website","url":"https:\/\/velarogverkfaeri.is\/en\/","name":"V\u00e9lar & Verkf\u00e6ri","description":"Umbo\u00f0s- og heildverslun fr\u00e1 \u00e1rinu 1919","publisher":{"@id":"https:\/\/velarogverkfaeri.is\/en\/#organization"},"potentialAction":[{"@type":"SearchAction","target":{"@type":"EntryPoint","urlTemplate":"https:\/\/velarogverkfaeri.is\/en\/?s={search_term_string}"},"query-input":{"@type":"PropertyValueSpecification","valueRequired":true,"valueName":"search_term_string"}}],"inLanguage":"en-US"},{"@type":"Organization","@id":"https:\/\/velarogverkfaeri.is\/en\/#organization","name":"V\u00e9lar & Verkf\u00e6ri","url":"https:\/\/velarogverkfaeri.is\/en\/","logo":{"@type":"ImageObject","inLanguage":"en-US","@id":"https:\/\/velarogverkfaeri.is\/en\/#\/schema\/logo\/image\/","url":"https:\/\/velarogverkfaeri.is\/wp-content\/uploads\/2021\/10\/vv_logo_350x100.png","contentUrl":"https:\/\/velarogverkfaeri.is\/wp-content\/uploads\/2021\/10\/vv_logo_350x100.png","width":350,"height":100,"caption":"V\u00e9lar & Verkf\u00e6ri"},"image":{"@id":"https:\/\/velarogverkfaeri.is\/en\/#\/schema\/logo\/image\/"},"sameAs":["https:\/\/www.facebook.com\/VelarOgVerkfaeri"]}]}},"_links":{"self":[{"href":"https:\/\/velarogverkfaeri.is\/en\/wp-json\/wp\/v2\/product\/27936","targetHints":{"allow":["GET"]}}],"collection":[{"href":"https:\/\/velarogverkfaeri.is\/en\/wp-json\/wp\/v2\/product"}],"about":[{"href":"https:\/\/velarogverkfaeri.is\/en\/wp-json\/wp\/v2\/types\/product"}],"replies":[{"embeddable":true,"href":"https:\/\/velarogverkfaeri.is\/en\/wp-json\/wp\/v2\/comments?post=27936"}],"wp:featuredmedia":[{"embeddable":true,"href":"https:\/\/velarogverkfaeri.is\/en\/wp-json\/wp\/v2\/media\/27933"}],"wp:attachment":[{"href":"https:\/\/velarogverkfaeri.is\/en\/wp-json\/wp\/v2\/media?parent=27936"}],"wp:term":[{"taxonomy":"product_brand","embeddable":true,"href":"https:\/\/velarogverkfaeri.is\/en\/wp-json\/wp\/v2\/product_brand?post=27936"},{"taxonomy":"product_cat","embeddable":true,"href":"https:\/\/velarogverkfaeri.is\/en\/wp-json\/wp\/v2\/product_cat?post=27936"},{"taxonomy":"product_tag","embeddable":true,"href":"https:\/\/velarogverkfaeri.is\/en\/wp-json\/wp\/v2\/product_tag?post=27936"}],"curies":[{"name":"wp","href":"https:\/\/api.w.org\/{rel}","templated":true}]}}