{"id":27401,"date":"2023-04-28T17:45:21","date_gmt":"2023-04-28T17:45:21","guid":{"rendered":"https:\/\/vv-dev.webdev.is\/uncategorized\/product\/wiss-blikkklippa-m1x-edge-vinstri-evolution\/"},"modified":"2026-02-12T14:00:20","modified_gmt":"2026-02-12T14:00:20","slug":"wiss-blikkklippa-m1x-edge-vinstri-evolution","status":"publish","type":"product","link":"https:\/\/velarogverkfaeri.is\/en\/verkfaeralausnir\/handverkfaeri\/klippur-og-skaeri\/product\/wiss-blikkklippa-m1x-edge-vinstri-evolution\/","title":{"rendered":"WISS Blikkklippur M1X EDGE Vinstri Evolution"},"content":{"rendered":"<ul style=\"list-style-type: circle;\">\n<li>Klippir beinar l&#237;nur og bogadregnar vinstri l&#237;nur.<\/li>\n<li>Efni&#240; helst st&#246;&#240;ugt milli bla&#240;anna og klippiafli&#240; dreifist jafnt yfir bl&#246;&#240;in sem b&#230;tir g&#230;&#240;i klippingar og l&#237;ft&#237;ma verkf&#230;ris.<\/li>\n<li class=\"field__item\">H&#246;nnun handfangs og efniseiginleikar gera klippingu au&#240;veldari og minnka hand&#254;reytu.<\/li>\n<li class=\"field__item\">Bl&#246;&#240;in opnast alla lei&#240; vi&#240; hverja klippingu til a&#240; h&#225;marka lengd klippingar.<\/li>\n<li class=\"field__item\">Klippir allt a&#240; 1.02mm (18 gauge) st&#225;l (low-carbon, rolled steel).<\/li>\n<li class=\"field__item\">Handfangsl&#225;s heldur bl&#246;&#240;um loku&#240;um &#237; geymslu\/&#254;egar verkf&#230;ri er ekki &#237; notkun.<\/li>\n<li class=\"field__item\">Uppfyllir e&#240;a er betri en ASME sta&#240;allinn (American Society of Mechanical Engineers).<\/li>\n<li class=\"field__item\">Made in the USA<\/li>\n<\/ul>\n<p><strong>N&#225;nari uppl&#253;singar:<\/strong><\/p>\n<div class=\"field__item\">Litur handfangs : Rau&#240;ur<\/div>\n<div class=\"field__item\">Efni : St&#225;l (Low Carbon Rolled Steel)<\/div>\n<div class=\"field__item\">Heildarlengd : 248mm<\/div>\n<div class=\"field__item\">&#222;yngd: 0.43kg<\/div>\n<div class=\"field__item\">&#160;<\/div>","protected":false},"excerpt":{"rendered":"<p>V\u00f6ndu\u00f0 blikkklippa fr\u00e1 Crescent Wiss.<\/p>","protected":false},"featured_media":27400,"comment_status":"closed","ping_status":"closed","template":"","meta":[],"product_brand":[],"product_cat":[588,769,515],"product_tag":[967],"class_list":{"0":"post-27401","1":"product","2":"type-product","3":"status-publish","4":"has-post-thumbnail","6":"product_cat-handverkfaeri","7":"product_cat-klippur-og-skaeri","8":"product_cat-verkfaeralausnir","9":"product_tag-wissblikk","11":"first","12":"instock","13":"taxable","14":"shipping-taxable","15":"purchasable","16":"product-type-simple"},"yoast_head":"<!-- This site is optimized with the Yoast SEO plugin v27.3 - https:\/\/yoast.com\/product\/yoast-seo-wordpress\/ -->\n<title>WISS Blikkklippur M1X EDGE Vinstri Evolution - V\u00e9lar &amp; Verkf\u00e6ri<\/title>\n<meta name=\"robots\" content=\"index, follow, max-snippet:-1, max-image-preview:large, max-video-preview:-1\" \/>\n<link rel=\"canonical\" href=\"https:\/\/velarogverkfaeri.is\/en\/verkfaeralausnir\/handverkfaeri\/klippur-og-skaeri\/product\/wiss-blikkklippa-m1x-edge-vinstri-evolution\/\" \/>\n<meta property=\"og:locale\" content=\"en_US\" \/>\n<meta property=\"og:type\" content=\"article\" \/>\n<meta property=\"og:title\" content=\"WISS Blikkklippur M1X EDGE Vinstri Evolution - V\u00e9lar &amp; Verkf\u00e6ri\" \/>\n<meta property=\"og:description\" content=\"V\u00f6ndu\u00f0 blikkklippa fr\u00e1 Crescent Wiss.\" \/>\n<meta property=\"og:url\" content=\"https:\/\/velarogverkfaeri.is\/en\/verkfaeralausnir\/handverkfaeri\/klippur-og-skaeri\/product\/wiss-blikkklippa-m1x-edge-vinstri-evolution\/\" \/>\n<meta property=\"og:site_name\" content=\"V\u00e9lar &amp; Verkf\u00e6ri\" \/>\n<meta property=\"article:publisher\" content=\"https:\/\/www.facebook.com\/VelarOgVerkfaeri\" \/>\n<meta property=\"article:modified_time\" content=\"2026-02-12T14:00:20+00:00\" \/>\n<meta property=\"og:image\" content=\"https:\/\/velarogverkfaeri.is\/wp-content\/uploads\/2023\/06\/2eeae6cb-0ec8-4ab3-a361-9fa848237c50.jpeg\" \/>\n\t<meta property=\"og:image:width\" content=\"1920\" \/>\n\t<meta property=\"og:image:height\" content=\"1281\" \/>\n\t<meta property=\"og:image:type\" content=\"image\/jpeg\" \/>\n<meta name=\"twitter:card\" content=\"summary_large_image\" \/>\n<meta name=\"twitter:label1\" content=\"Est. reading time\" \/>\n\t<meta name=\"twitter:data1\" content=\"1 minute\" \/>\n<script type=\"application\/ld+json\" class=\"yoast-schema-graph\">{\"@context\":\"https:\\\/\\\/schema.org\",\"@graph\":[{\"@type\":\"WebPage\",\"@id\":\"https:\\\/\\\/velarogverkfaeri.is\\\/verkfaeralausnir\\\/handverkfaeri\\\/klippur-og-skaeri\\\/product\\\/wiss-blikkklippa-m1x-edge-vinstri-evolution\\\/\",\"url\":\"https:\\\/\\\/velarogverkfaeri.is\\\/verkfaeralausnir\\\/handverkfaeri\\\/klippur-og-skaeri\\\/product\\\/wiss-blikkklippa-m1x-edge-vinstri-evolution\\\/\",\"name\":\"WISS Blikkklippur M1X EDGE Vinstri Evolution - V\u00e9lar &amp; Verkf\u00e6ri\",\"isPartOf\":{\"@id\":\"https:\\\/\\\/velarogverkfaeri.is\\\/en\\\/#website\"},\"primaryImageOfPage\":{\"@id\":\"https:\\\/\\\/velarogverkfaeri.is\\\/verkfaeralausnir\\\/handverkfaeri\\\/klippur-og-skaeri\\\/product\\\/wiss-blikkklippa-m1x-edge-vinstri-evolution\\\/#primaryimage\"},\"image\":{\"@id\":\"https:\\\/\\\/velarogverkfaeri.is\\\/verkfaeralausnir\\\/handverkfaeri\\\/klippur-og-skaeri\\\/product\\\/wiss-blikkklippa-m1x-edge-vinstri-evolution\\\/#primaryimage\"},\"thumbnailUrl\":\"https:\\\/\\\/velarogverkfaeri.is\\\/wp-content\\\/uploads\\\/2023\\\/06\\\/2eeae6cb-0ec8-4ab3-a361-9fa848237c50.jpeg\",\"datePublished\":\"2023-04-28T17:45:21+00:00\",\"dateModified\":\"2026-02-12T14:00:20+00:00\",\"breadcrumb\":{\"@id\":\"https:\\\/\\\/velarogverkfaeri.is\\\/verkfaeralausnir\\\/handverkfaeri\\\/klippur-og-skaeri\\\/product\\\/wiss-blikkklippa-m1x-edge-vinstri-evolution\\\/#breadcrumb\"},\"inLanguage\":\"en-US\",\"potentialAction\":[{\"@type\":\"ReadAction\",\"target\":[\"https:\\\/\\\/velarogverkfaeri.is\\\/verkfaeralausnir\\\/handverkfaeri\\\/klippur-og-skaeri\\\/product\\\/wiss-blikkklippa-m1x-edge-vinstri-evolution\\\/\"]}]},{\"@type\":\"ImageObject\",\"inLanguage\":\"en-US\",\"@id\":\"https:\\\/\\\/velarogverkfaeri.is\\\/verkfaeralausnir\\\/handverkfaeri\\\/klippur-og-skaeri\\\/product\\\/wiss-blikkklippa-m1x-edge-vinstri-evolution\\\/#primaryimage\",\"url\":\"https:\\\/\\\/velarogverkfaeri.is\\\/wp-content\\\/uploads\\\/2023\\\/06\\\/2eeae6cb-0ec8-4ab3-a361-9fa848237c50.jpeg\",\"contentUrl\":\"https:\\\/\\\/velarogverkfaeri.is\\\/wp-content\\\/uploads\\\/2023\\\/06\\\/2eeae6cb-0ec8-4ab3-a361-9fa848237c50.jpeg\",\"width\":1920,\"height\":1281},{\"@type\":\"BreadcrumbList\",\"@id\":\"https:\\\/\\\/velarogverkfaeri.is\\\/verkfaeralausnir\\\/handverkfaeri\\\/klippur-og-skaeri\\\/product\\\/wiss-blikkklippa-m1x-edge-vinstri-evolution\\\/#breadcrumb\",\"itemListElement\":[{\"@type\":\"ListItem\",\"position\":1,\"name\":\"Home\",\"item\":\"https:\\\/\\\/velarogverkfaeri.is\\\/\"},{\"@type\":\"ListItem\",\"position\":2,\"name\":\"Vefverslun\",\"item\":\"https:\\\/\\\/velarogverkfaeri.is\\\/vefverslun\\\/\"},{\"@type\":\"ListItem\",\"position\":3,\"name\":\"WISS Blikkklippur M1X EDGE Vinstri Evolution\"}]},{\"@type\":\"WebSite\",\"@id\":\"https:\\\/\\\/velarogverkfaeri.is\\\/en\\\/#website\",\"url\":\"https:\\\/\\\/velarogverkfaeri.is\\\/en\\\/\",\"name\":\"V\u00e9lar & Verkf\u00e6ri\",\"description\":\"Umbo\u00f0s- og heildverslun fr\u00e1 \u00e1rinu 1919\",\"publisher\":{\"@id\":\"https:\\\/\\\/velarogverkfaeri.is\\\/en\\\/#organization\"},\"potentialAction\":[{\"@type\":\"SearchAction\",\"target\":{\"@type\":\"EntryPoint\",\"urlTemplate\":\"https:\\\/\\\/velarogverkfaeri.is\\\/en\\\/?s={search_term_string}\"},\"query-input\":{\"@type\":\"PropertyValueSpecification\",\"valueRequired\":true,\"valueName\":\"search_term_string\"}}],\"inLanguage\":\"en-US\"},{\"@type\":\"Organization\",\"@id\":\"https:\\\/\\\/velarogverkfaeri.is\\\/en\\\/#organization\",\"name\":\"V\u00e9lar & Verkf\u00e6ri\",\"url\":\"https:\\\/\\\/velarogverkfaeri.is\\\/en\\\/\",\"logo\":{\"@type\":\"ImageObject\",\"inLanguage\":\"en-US\",\"@id\":\"https:\\\/\\\/velarogverkfaeri.is\\\/en\\\/#\\\/schema\\\/logo\\\/image\\\/\",\"url\":\"https:\\\/\\\/velarogverkfaeri.is\\\/wp-content\\\/uploads\\\/2021\\\/10\\\/vv_logo_350x100.png\",\"contentUrl\":\"https:\\\/\\\/velarogverkfaeri.is\\\/wp-content\\\/uploads\\\/2021\\\/10\\\/vv_logo_350x100.png\",\"width\":350,\"height\":100,\"caption\":\"V\u00e9lar & Verkf\u00e6ri\"},\"image\":{\"@id\":\"https:\\\/\\\/velarogverkfaeri.is\\\/en\\\/#\\\/schema\\\/logo\\\/image\\\/\"},\"sameAs\":[\"https:\\\/\\\/www.facebook.com\\\/VelarOgVerkfaeri\"]}]}<\/script>\n<!-- \/ Yoast SEO plugin. -->","yoast_head_json":{"title":"WISS Blikkklippur M1X EDGE Vinstri Evolution - V\u00e9lar &amp; Verkf\u00e6ri","robots":{"index":"index","follow":"follow","max-snippet":"max-snippet:-1","max-image-preview":"max-image-preview:large","max-video-preview":"max-video-preview:-1"},"canonical":"https:\/\/velarogverkfaeri.is\/en\/verkfaeralausnir\/handverkfaeri\/klippur-og-skaeri\/product\/wiss-blikkklippa-m1x-edge-vinstri-evolution\/","og_locale":"en_US","og_type":"article","og_title":"WISS Blikkklippur M1X EDGE Vinstri Evolution - V\u00e9lar &amp; Verkf\u00e6ri","og_description":"V\u00f6ndu\u00f0 blikkklippa fr\u00e1 Crescent Wiss.","og_url":"https:\/\/velarogverkfaeri.is\/en\/verkfaeralausnir\/handverkfaeri\/klippur-og-skaeri\/product\/wiss-blikkklippa-m1x-edge-vinstri-evolution\/","og_site_name":"V\u00e9lar &amp; Verkf\u00e6ri","article_publisher":"https:\/\/www.facebook.com\/VelarOgVerkfaeri","article_modified_time":"2026-02-12T14:00:20+00:00","og_image":[{"width":1920,"height":1281,"url":"https:\/\/velarogverkfaeri.is\/wp-content\/uploads\/2023\/06\/2eeae6cb-0ec8-4ab3-a361-9fa848237c50.jpeg","type":"image\/jpeg"}],"twitter_card":"summary_large_image","twitter_misc":{"Est. reading time":"1 minute"},"schema":{"@context":"https:\/\/schema.org","@graph":[{"@type":"WebPage","@id":"https:\/\/velarogverkfaeri.is\/verkfaeralausnir\/handverkfaeri\/klippur-og-skaeri\/product\/wiss-blikkklippa-m1x-edge-vinstri-evolution\/","url":"https:\/\/velarogverkfaeri.is\/verkfaeralausnir\/handverkfaeri\/klippur-og-skaeri\/product\/wiss-blikkklippa-m1x-edge-vinstri-evolution\/","name":"WISS Blikkklippur M1X EDGE Vinstri Evolution - V\u00e9lar &amp; Verkf\u00e6ri","isPartOf":{"@id":"https:\/\/velarogverkfaeri.is\/en\/#website"},"primaryImageOfPage":{"@id":"https:\/\/velarogverkfaeri.is\/verkfaeralausnir\/handverkfaeri\/klippur-og-skaeri\/product\/wiss-blikkklippa-m1x-edge-vinstri-evolution\/#primaryimage"},"image":{"@id":"https:\/\/velarogverkfaeri.is\/verkfaeralausnir\/handverkfaeri\/klippur-og-skaeri\/product\/wiss-blikkklippa-m1x-edge-vinstri-evolution\/#primaryimage"},"thumbnailUrl":"https:\/\/velarogverkfaeri.is\/wp-content\/uploads\/2023\/06\/2eeae6cb-0ec8-4ab3-a361-9fa848237c50.jpeg","datePublished":"2023-04-28T17:45:21+00:00","dateModified":"2026-02-12T14:00:20+00:00","breadcrumb":{"@id":"https:\/\/velarogverkfaeri.is\/verkfaeralausnir\/handverkfaeri\/klippur-og-skaeri\/product\/wiss-blikkklippa-m1x-edge-vinstri-evolution\/#breadcrumb"},"inLanguage":"en-US","potentialAction":[{"@type":"ReadAction","target":["https:\/\/velarogverkfaeri.is\/verkfaeralausnir\/handverkfaeri\/klippur-og-skaeri\/product\/wiss-blikkklippa-m1x-edge-vinstri-evolution\/"]}]},{"@type":"ImageObject","inLanguage":"en-US","@id":"https:\/\/velarogverkfaeri.is\/verkfaeralausnir\/handverkfaeri\/klippur-og-skaeri\/product\/wiss-blikkklippa-m1x-edge-vinstri-evolution\/#primaryimage","url":"https:\/\/velarogverkfaeri.is\/wp-content\/uploads\/2023\/06\/2eeae6cb-0ec8-4ab3-a361-9fa848237c50.jpeg","contentUrl":"https:\/\/velarogverkfaeri.is\/wp-content\/uploads\/2023\/06\/2eeae6cb-0ec8-4ab3-a361-9fa848237c50.jpeg","width":1920,"height":1281},{"@type":"BreadcrumbList","@id":"https:\/\/velarogverkfaeri.is\/verkfaeralausnir\/handverkfaeri\/klippur-og-skaeri\/product\/wiss-blikkklippa-m1x-edge-vinstri-evolution\/#breadcrumb","itemListElement":[{"@type":"ListItem","position":1,"name":"Home","item":"https:\/\/velarogverkfaeri.is\/"},{"@type":"ListItem","position":2,"name":"Vefverslun","item":"https:\/\/velarogverkfaeri.is\/vefverslun\/"},{"@type":"ListItem","position":3,"name":"WISS Blikkklippur M1X EDGE Vinstri Evolution"}]},{"@type":"WebSite","@id":"https:\/\/velarogverkfaeri.is\/en\/#website","url":"https:\/\/velarogverkfaeri.is\/en\/","name":"V\u00e9lar & Verkf\u00e6ri","description":"Umbo\u00f0s- og heildverslun fr\u00e1 \u00e1rinu 1919","publisher":{"@id":"https:\/\/velarogverkfaeri.is\/en\/#organization"},"potentialAction":[{"@type":"SearchAction","target":{"@type":"EntryPoint","urlTemplate":"https:\/\/velarogverkfaeri.is\/en\/?s={search_term_string}"},"query-input":{"@type":"PropertyValueSpecification","valueRequired":true,"valueName":"search_term_string"}}],"inLanguage":"en-US"},{"@type":"Organization","@id":"https:\/\/velarogverkfaeri.is\/en\/#organization","name":"V\u00e9lar & Verkf\u00e6ri","url":"https:\/\/velarogverkfaeri.is\/en\/","logo":{"@type":"ImageObject","inLanguage":"en-US","@id":"https:\/\/velarogverkfaeri.is\/en\/#\/schema\/logo\/image\/","url":"https:\/\/velarogverkfaeri.is\/wp-content\/uploads\/2021\/10\/vv_logo_350x100.png","contentUrl":"https:\/\/velarogverkfaeri.is\/wp-content\/uploads\/2021\/10\/vv_logo_350x100.png","width":350,"height":100,"caption":"V\u00e9lar & Verkf\u00e6ri"},"image":{"@id":"https:\/\/velarogverkfaeri.is\/en\/#\/schema\/logo\/image\/"},"sameAs":["https:\/\/www.facebook.com\/VelarOgVerkfaeri"]}]}},"_links":{"self":[{"href":"https:\/\/velarogverkfaeri.is\/en\/wp-json\/wp\/v2\/product\/27401","targetHints":{"allow":["GET"]}}],"collection":[{"href":"https:\/\/velarogverkfaeri.is\/en\/wp-json\/wp\/v2\/product"}],"about":[{"href":"https:\/\/velarogverkfaeri.is\/en\/wp-json\/wp\/v2\/types\/product"}],"replies":[{"embeddable":true,"href":"https:\/\/velarogverkfaeri.is\/en\/wp-json\/wp\/v2\/comments?post=27401"}],"wp:featuredmedia":[{"embeddable":true,"href":"https:\/\/velarogverkfaeri.is\/en\/wp-json\/wp\/v2\/media\/27400"}],"wp:attachment":[{"href":"https:\/\/velarogverkfaeri.is\/en\/wp-json\/wp\/v2\/media?parent=27401"}],"wp:term":[{"taxonomy":"product_brand","embeddable":true,"href":"https:\/\/velarogverkfaeri.is\/en\/wp-json\/wp\/v2\/product_brand?post=27401"},{"taxonomy":"product_cat","embeddable":true,"href":"https:\/\/velarogverkfaeri.is\/en\/wp-json\/wp\/v2\/product_cat?post=27401"},{"taxonomy":"product_tag","embeddable":true,"href":"https:\/\/velarogverkfaeri.is\/en\/wp-json\/wp\/v2\/product_tag?post=27401"}],"curies":[{"name":"wp","href":"https:\/\/api.w.org\/{rel}","templated":true}]}}