{"id":26316,"date":"2023-04-28T17:42:13","date_gmt":"2023-04-28T17:42:13","guid":{"rendered":"https:\/\/vv-dev.webdev.is\/uncategorized\/product\/laserliner-fjarlaegdarmaelir-distancemaster-home-30-metra\/"},"modified":"2026-03-04T13:15:13","modified_gmt":"2026-03-04T13:15:13","slug":"laserliner-fjarlaegdarmaelir-distancemaster-home-30-metra","status":"publish","type":"product","link":"https:\/\/velarogverkfaeri.is\/en\/verkfaeralausnir\/laser\/fjarlaegdarmaelar\/product\/laserliner-fjarlaegdarmaelir-distancemaster-home-30-metra\/","title":{"rendered":"Laserliner Fjarl\u00e6g\u00f0arm\u00e6lir DistanceMaster Home 30 metra"},"content":{"rendered":"<h1>DistanceMaster Home -&#160;<span class=\"product-code\">080.949A<\/span><\/h1>\n<p><strong>Point-precise measuring with laser<\/strong>&#160;light&#160;to determine lengths exactly.<br \/>1. Simple height measurement with dual&#160;<strong>Pythagoras measurement function<\/strong>&#160;to automatically detect heights.<br \/>2. + 3. The&#160;<strong>area and volume functions<\/strong>&#160;permit&#160;the acquisition of room sizes, for example to&#160;calculate material quantities<\/p>\n<ul>\n<li>Simple assessment of room perimeter with the&#160;<strong>addition and subtraction functions<\/strong>.<\/li>\n<li>The&#160;<strong>wall surface function<\/strong>&#160;automatically adds up surfaces by measuring the lengths of walls as well as their height once.<\/li>\n<li>With versatile calculation and memory functions<\/li>\n<li><strong>Measuring accuracy<\/strong>&#160;up to 25 m: + 3 mm*<\/li>\n<li><strong>Inside measurement<\/strong>&#160;range: 0,2 m to 25 m.<\/li>\n<li><strong>3 selectable measurement reference points<\/strong>: front, rear and pin<\/li>\n<li><strong>Min\/Max function<\/strong>&#160;to determine diagonals, verticals and horizontals<\/li>\n<li><strong>Reference mode<\/strong>&#160;for easy transfer of lengths<\/li>\n<li>Illuminated 3-line LCD<\/li>\n<li>With fold-out pin for measuring from inside corners<\/li>\n<\/ul>\n<p>Product code:&#160;080.949A<\/p>","protected":false},"excerpt":{"rendered":"<p>Fjarl\u00e6g\u00f0arm\u00e6lir  fr\u00e1 Laserline  <br><br \/>\nM\u00e6lisvi\u00f0: 0,2m &#8211; 25m<\/p>","protected":false},"featured_media":26315,"comment_status":"closed","ping_status":"closed","template":"","meta":[],"product_brand":[],"product_cat":[758,589,515],"product_tag":[1096],"class_list":{"0":"post-26316","1":"product","2":"type-product","3":"status-publish","4":"has-post-thumbnail","6":"product_cat-fjarlaegdarmaelar","7":"product_cat-laser","8":"product_cat-verkfaeralausnir","9":"product_tag-laser","11":"first","12":"instock","13":"taxable","14":"shipping-taxable","15":"purchasable","16":"product-type-simple"},"yoast_head":"<!-- This site is optimized with the Yoast SEO plugin v27.3 - https:\/\/yoast.com\/product\/yoast-seo-wordpress\/ -->\n<title>Laserliner Fjarl\u00e6g\u00f0arm\u00e6lir DistanceMaster Home 30 metra - V\u00e9lar &amp; Verkf\u00e6ri<\/title>\n<meta name=\"robots\" content=\"index, follow, max-snippet:-1, max-image-preview:large, max-video-preview:-1\" \/>\n<link rel=\"canonical\" href=\"https:\/\/velarogverkfaeri.is\/en\/verkfaeralausnir\/laser\/fjarlaegdarmaelar\/product\/laserliner-fjarlaegdarmaelir-distancemaster-home-30-metra\/\" \/>\n<meta property=\"og:locale\" content=\"en_US\" \/>\n<meta property=\"og:type\" content=\"article\" \/>\n<meta property=\"og:title\" content=\"Laserliner Fjarl\u00e6g\u00f0arm\u00e6lir DistanceMaster Home 30 metra - V\u00e9lar &amp; Verkf\u00e6ri\" \/>\n<meta property=\"og:description\" content=\"Fjarl\u00e6g\u00f0arm\u00e6lir fr\u00e1 Laserline  M\u00e6lisvi\u00f0: 0,2m &#8211; 25m\" \/>\n<meta property=\"og:url\" content=\"https:\/\/velarogverkfaeri.is\/en\/verkfaeralausnir\/laser\/fjarlaegdarmaelar\/product\/laserliner-fjarlaegdarmaelir-distancemaster-home-30-metra\/\" \/>\n<meta property=\"og:site_name\" content=\"V\u00e9lar &amp; Verkf\u00e6ri\" \/>\n<meta property=\"article:publisher\" content=\"https:\/\/www.facebook.com\/VelarOgVerkfaeri\" \/>\n<meta property=\"article:modified_time\" content=\"2026-03-04T13:15:13+00:00\" \/>\n<meta property=\"og:image\" content=\"https:\/\/velarogverkfaeri.is\/wp-content\/uploads\/2023\/06\/0fb83e11-8f50-41e0-afdf-12a4c81d84e8.jpeg\" \/>\n\t<meta property=\"og:image:width\" content=\"1280\" \/>\n\t<meta property=\"og:image:height\" content=\"1280\" \/>\n\t<meta property=\"og:image:type\" content=\"image\/jpeg\" \/>\n<meta name=\"twitter:card\" content=\"summary_large_image\" \/>\n<meta name=\"twitter:label1\" content=\"Est. reading time\" \/>\n\t<meta name=\"twitter:data1\" content=\"1 minute\" \/>\n<script type=\"application\/ld+json\" class=\"yoast-schema-graph\">{\"@context\":\"https:\\\/\\\/schema.org\",\"@graph\":[{\"@type\":\"WebPage\",\"@id\":\"https:\\\/\\\/velarogverkfaeri.is\\\/verkfaeralausnir\\\/laser\\\/fjarlaegdarmaelar\\\/product\\\/laserliner-fjarlaegdarmaelir-distancemaster-home-30-metra\\\/\",\"url\":\"https:\\\/\\\/velarogverkfaeri.is\\\/verkfaeralausnir\\\/laser\\\/fjarlaegdarmaelar\\\/product\\\/laserliner-fjarlaegdarmaelir-distancemaster-home-30-metra\\\/\",\"name\":\"Laserliner Fjarl\u00e6g\u00f0arm\u00e6lir DistanceMaster Home 30 metra - V\u00e9lar &amp; Verkf\u00e6ri\",\"isPartOf\":{\"@id\":\"https:\\\/\\\/velarogverkfaeri.is\\\/en\\\/#website\"},\"primaryImageOfPage\":{\"@id\":\"https:\\\/\\\/velarogverkfaeri.is\\\/verkfaeralausnir\\\/laser\\\/fjarlaegdarmaelar\\\/product\\\/laserliner-fjarlaegdarmaelir-distancemaster-home-30-metra\\\/#primaryimage\"},\"image\":{\"@id\":\"https:\\\/\\\/velarogverkfaeri.is\\\/verkfaeralausnir\\\/laser\\\/fjarlaegdarmaelar\\\/product\\\/laserliner-fjarlaegdarmaelir-distancemaster-home-30-metra\\\/#primaryimage\"},\"thumbnailUrl\":\"https:\\\/\\\/velarogverkfaeri.is\\\/wp-content\\\/uploads\\\/2023\\\/06\\\/0fb83e11-8f50-41e0-afdf-12a4c81d84e8.jpeg\",\"datePublished\":\"2023-04-28T17:42:13+00:00\",\"dateModified\":\"2026-03-04T13:15:13+00:00\",\"breadcrumb\":{\"@id\":\"https:\\\/\\\/velarogverkfaeri.is\\\/verkfaeralausnir\\\/laser\\\/fjarlaegdarmaelar\\\/product\\\/laserliner-fjarlaegdarmaelir-distancemaster-home-30-metra\\\/#breadcrumb\"},\"inLanguage\":\"en-US\",\"potentialAction\":[{\"@type\":\"ReadAction\",\"target\":[\"https:\\\/\\\/velarogverkfaeri.is\\\/verkfaeralausnir\\\/laser\\\/fjarlaegdarmaelar\\\/product\\\/laserliner-fjarlaegdarmaelir-distancemaster-home-30-metra\\\/\"]}]},{\"@type\":\"ImageObject\",\"inLanguage\":\"en-US\",\"@id\":\"https:\\\/\\\/velarogverkfaeri.is\\\/verkfaeralausnir\\\/laser\\\/fjarlaegdarmaelar\\\/product\\\/laserliner-fjarlaegdarmaelir-distancemaster-home-30-metra\\\/#primaryimage\",\"url\":\"https:\\\/\\\/velarogverkfaeri.is\\\/wp-content\\\/uploads\\\/2023\\\/06\\\/0fb83e11-8f50-41e0-afdf-12a4c81d84e8.jpeg\",\"contentUrl\":\"https:\\\/\\\/velarogverkfaeri.is\\\/wp-content\\\/uploads\\\/2023\\\/06\\\/0fb83e11-8f50-41e0-afdf-12a4c81d84e8.jpeg\",\"width\":1280,\"height\":1280},{\"@type\":\"BreadcrumbList\",\"@id\":\"https:\\\/\\\/velarogverkfaeri.is\\\/verkfaeralausnir\\\/laser\\\/fjarlaegdarmaelar\\\/product\\\/laserliner-fjarlaegdarmaelir-distancemaster-home-30-metra\\\/#breadcrumb\",\"itemListElement\":[{\"@type\":\"ListItem\",\"position\":1,\"name\":\"Home\",\"item\":\"https:\\\/\\\/velarogverkfaeri.is\\\/\"},{\"@type\":\"ListItem\",\"position\":2,\"name\":\"Vefverslun\",\"item\":\"https:\\\/\\\/velarogverkfaeri.is\\\/vefverslun\\\/\"},{\"@type\":\"ListItem\",\"position\":3,\"name\":\"Laserliner Fjarl\u00e6g\u00f0arm\u00e6lir DistanceMaster Home 30 metra\"}]},{\"@type\":\"WebSite\",\"@id\":\"https:\\\/\\\/velarogverkfaeri.is\\\/en\\\/#website\",\"url\":\"https:\\\/\\\/velarogverkfaeri.is\\\/en\\\/\",\"name\":\"V\u00e9lar & Verkf\u00e6ri\",\"description\":\"Umbo\u00f0s- og heildverslun fr\u00e1 \u00e1rinu 1919\",\"publisher\":{\"@id\":\"https:\\\/\\\/velarogverkfaeri.is\\\/en\\\/#organization\"},\"potentialAction\":[{\"@type\":\"SearchAction\",\"target\":{\"@type\":\"EntryPoint\",\"urlTemplate\":\"https:\\\/\\\/velarogverkfaeri.is\\\/en\\\/?s={search_term_string}\"},\"query-input\":{\"@type\":\"PropertyValueSpecification\",\"valueRequired\":true,\"valueName\":\"search_term_string\"}}],\"inLanguage\":\"en-US\"},{\"@type\":\"Organization\",\"@id\":\"https:\\\/\\\/velarogverkfaeri.is\\\/en\\\/#organization\",\"name\":\"V\u00e9lar & Verkf\u00e6ri\",\"url\":\"https:\\\/\\\/velarogverkfaeri.is\\\/en\\\/\",\"logo\":{\"@type\":\"ImageObject\",\"inLanguage\":\"en-US\",\"@id\":\"https:\\\/\\\/velarogverkfaeri.is\\\/en\\\/#\\\/schema\\\/logo\\\/image\\\/\",\"url\":\"https:\\\/\\\/velarogverkfaeri.is\\\/wp-content\\\/uploads\\\/2021\\\/10\\\/vv_logo_350x100.png\",\"contentUrl\":\"https:\\\/\\\/velarogverkfaeri.is\\\/wp-content\\\/uploads\\\/2021\\\/10\\\/vv_logo_350x100.png\",\"width\":350,\"height\":100,\"caption\":\"V\u00e9lar & Verkf\u00e6ri\"},\"image\":{\"@id\":\"https:\\\/\\\/velarogverkfaeri.is\\\/en\\\/#\\\/schema\\\/logo\\\/image\\\/\"},\"sameAs\":[\"https:\\\/\\\/www.facebook.com\\\/VelarOgVerkfaeri\"]}]}<\/script>\n<!-- \/ Yoast SEO plugin. -->","yoast_head_json":{"title":"Laserliner Fjarl\u00e6g\u00f0arm\u00e6lir DistanceMaster Home 30 metra - V\u00e9lar &amp; Verkf\u00e6ri","robots":{"index":"index","follow":"follow","max-snippet":"max-snippet:-1","max-image-preview":"max-image-preview:large","max-video-preview":"max-video-preview:-1"},"canonical":"https:\/\/velarogverkfaeri.is\/en\/verkfaeralausnir\/laser\/fjarlaegdarmaelar\/product\/laserliner-fjarlaegdarmaelir-distancemaster-home-30-metra\/","og_locale":"en_US","og_type":"article","og_title":"Laserliner Fjarl\u00e6g\u00f0arm\u00e6lir DistanceMaster Home 30 metra - V\u00e9lar &amp; Verkf\u00e6ri","og_description":"Fjarl\u00e6g\u00f0arm\u00e6lir fr\u00e1 Laserline  M\u00e6lisvi\u00f0: 0,2m &#8211; 25m","og_url":"https:\/\/velarogverkfaeri.is\/en\/verkfaeralausnir\/laser\/fjarlaegdarmaelar\/product\/laserliner-fjarlaegdarmaelir-distancemaster-home-30-metra\/","og_site_name":"V\u00e9lar &amp; Verkf\u00e6ri","article_publisher":"https:\/\/www.facebook.com\/VelarOgVerkfaeri","article_modified_time":"2026-03-04T13:15:13+00:00","og_image":[{"width":1280,"height":1280,"url":"https:\/\/velarogverkfaeri.is\/wp-content\/uploads\/2023\/06\/0fb83e11-8f50-41e0-afdf-12a4c81d84e8.jpeg","type":"image\/jpeg"}],"twitter_card":"summary_large_image","twitter_misc":{"Est. reading time":"1 minute"},"schema":{"@context":"https:\/\/schema.org","@graph":[{"@type":"WebPage","@id":"https:\/\/velarogverkfaeri.is\/verkfaeralausnir\/laser\/fjarlaegdarmaelar\/product\/laserliner-fjarlaegdarmaelir-distancemaster-home-30-metra\/","url":"https:\/\/velarogverkfaeri.is\/verkfaeralausnir\/laser\/fjarlaegdarmaelar\/product\/laserliner-fjarlaegdarmaelir-distancemaster-home-30-metra\/","name":"Laserliner Fjarl\u00e6g\u00f0arm\u00e6lir DistanceMaster Home 30 metra - V\u00e9lar &amp; Verkf\u00e6ri","isPartOf":{"@id":"https:\/\/velarogverkfaeri.is\/en\/#website"},"primaryImageOfPage":{"@id":"https:\/\/velarogverkfaeri.is\/verkfaeralausnir\/laser\/fjarlaegdarmaelar\/product\/laserliner-fjarlaegdarmaelir-distancemaster-home-30-metra\/#primaryimage"},"image":{"@id":"https:\/\/velarogverkfaeri.is\/verkfaeralausnir\/laser\/fjarlaegdarmaelar\/product\/laserliner-fjarlaegdarmaelir-distancemaster-home-30-metra\/#primaryimage"},"thumbnailUrl":"https:\/\/velarogverkfaeri.is\/wp-content\/uploads\/2023\/06\/0fb83e11-8f50-41e0-afdf-12a4c81d84e8.jpeg","datePublished":"2023-04-28T17:42:13+00:00","dateModified":"2026-03-04T13:15:13+00:00","breadcrumb":{"@id":"https:\/\/velarogverkfaeri.is\/verkfaeralausnir\/laser\/fjarlaegdarmaelar\/product\/laserliner-fjarlaegdarmaelir-distancemaster-home-30-metra\/#breadcrumb"},"inLanguage":"en-US","potentialAction":[{"@type":"ReadAction","target":["https:\/\/velarogverkfaeri.is\/verkfaeralausnir\/laser\/fjarlaegdarmaelar\/product\/laserliner-fjarlaegdarmaelir-distancemaster-home-30-metra\/"]}]},{"@type":"ImageObject","inLanguage":"en-US","@id":"https:\/\/velarogverkfaeri.is\/verkfaeralausnir\/laser\/fjarlaegdarmaelar\/product\/laserliner-fjarlaegdarmaelir-distancemaster-home-30-metra\/#primaryimage","url":"https:\/\/velarogverkfaeri.is\/wp-content\/uploads\/2023\/06\/0fb83e11-8f50-41e0-afdf-12a4c81d84e8.jpeg","contentUrl":"https:\/\/velarogverkfaeri.is\/wp-content\/uploads\/2023\/06\/0fb83e11-8f50-41e0-afdf-12a4c81d84e8.jpeg","width":1280,"height":1280},{"@type":"BreadcrumbList","@id":"https:\/\/velarogverkfaeri.is\/verkfaeralausnir\/laser\/fjarlaegdarmaelar\/product\/laserliner-fjarlaegdarmaelir-distancemaster-home-30-metra\/#breadcrumb","itemListElement":[{"@type":"ListItem","position":1,"name":"Home","item":"https:\/\/velarogverkfaeri.is\/"},{"@type":"ListItem","position":2,"name":"Vefverslun","item":"https:\/\/velarogverkfaeri.is\/vefverslun\/"},{"@type":"ListItem","position":3,"name":"Laserliner Fjarl\u00e6g\u00f0arm\u00e6lir DistanceMaster Home 30 metra"}]},{"@type":"WebSite","@id":"https:\/\/velarogverkfaeri.is\/en\/#website","url":"https:\/\/velarogverkfaeri.is\/en\/","name":"V\u00e9lar & Verkf\u00e6ri","description":"Umbo\u00f0s- og heildverslun fr\u00e1 \u00e1rinu 1919","publisher":{"@id":"https:\/\/velarogverkfaeri.is\/en\/#organization"},"potentialAction":[{"@type":"SearchAction","target":{"@type":"EntryPoint","urlTemplate":"https:\/\/velarogverkfaeri.is\/en\/?s={search_term_string}"},"query-input":{"@type":"PropertyValueSpecification","valueRequired":true,"valueName":"search_term_string"}}],"inLanguage":"en-US"},{"@type":"Organization","@id":"https:\/\/velarogverkfaeri.is\/en\/#organization","name":"V\u00e9lar & Verkf\u00e6ri","url":"https:\/\/velarogverkfaeri.is\/en\/","logo":{"@type":"ImageObject","inLanguage":"en-US","@id":"https:\/\/velarogverkfaeri.is\/en\/#\/schema\/logo\/image\/","url":"https:\/\/velarogverkfaeri.is\/wp-content\/uploads\/2021\/10\/vv_logo_350x100.png","contentUrl":"https:\/\/velarogverkfaeri.is\/wp-content\/uploads\/2021\/10\/vv_logo_350x100.png","width":350,"height":100,"caption":"V\u00e9lar & Verkf\u00e6ri"},"image":{"@id":"https:\/\/velarogverkfaeri.is\/en\/#\/schema\/logo\/image\/"},"sameAs":["https:\/\/www.facebook.com\/VelarOgVerkfaeri"]}]}},"_links":{"self":[{"href":"https:\/\/velarogverkfaeri.is\/en\/wp-json\/wp\/v2\/product\/26316","targetHints":{"allow":["GET"]}}],"collection":[{"href":"https:\/\/velarogverkfaeri.is\/en\/wp-json\/wp\/v2\/product"}],"about":[{"href":"https:\/\/velarogverkfaeri.is\/en\/wp-json\/wp\/v2\/types\/product"}],"replies":[{"embeddable":true,"href":"https:\/\/velarogverkfaeri.is\/en\/wp-json\/wp\/v2\/comments?post=26316"}],"wp:featuredmedia":[{"embeddable":true,"href":"https:\/\/velarogverkfaeri.is\/en\/wp-json\/wp\/v2\/media\/26315"}],"wp:attachment":[{"href":"https:\/\/velarogverkfaeri.is\/en\/wp-json\/wp\/v2\/media?parent=26316"}],"wp:term":[{"taxonomy":"product_brand","embeddable":true,"href":"https:\/\/velarogverkfaeri.is\/en\/wp-json\/wp\/v2\/product_brand?post=26316"},{"taxonomy":"product_cat","embeddable":true,"href":"https:\/\/velarogverkfaeri.is\/en\/wp-json\/wp\/v2\/product_cat?post=26316"},{"taxonomy":"product_tag","embeddable":true,"href":"https:\/\/velarogverkfaeri.is\/en\/wp-json\/wp\/v2\/product_tag?post=26316"}],"curies":[{"name":"wp","href":"https:\/\/api.w.org\/{rel}","templated":true}]}}