{"id":26156,"date":"2023-04-28T17:41:45","date_gmt":"2023-04-28T17:41:45","guid":{"rendered":"https:\/\/vv-dev.webdev.is\/uncategorized\/product\/victorinox-hnifur-swiss-army-mini-champ\/"},"modified":"2026-01-05T20:31:38","modified_gmt":"2026-01-05T20:31:38","slug":"victorinox-hnifur-swiss-army-mini-champ","status":"publish","type":"product","link":"https:\/\/velarogverkfaeri.is\/en\/lykillausnir\/hnifar-lykillausnir\/victorinox-hnifar\/product\/victorinox-hnifur-swiss-army-mini-champ\/","title":{"rendered":"VICTORINOX Swiss Army Mini Champ Hn\u00edfur"},"content":{"rendered":"<h4><b>L\u00edtill vasahn\u00edfur me\u00f0 18 a\u00f0ger\u00f0um<\/b><\/h4>\n<p>\u00deetta er l\u00edtill hn\u00edfur me\u00f0 mikinn metna\u00f0. Me\u00f0 hvorki meira n\u00e9 minna en 18 a\u00f0ger\u00f0um pakka\u00f0 inn \u00ed grannt sni\u00f0 sem rennur au\u00f0veldlega \u00ed vasann \u00feinn, Mini Champ vasahn\u00edfurinn er meistari l\u00edtilla hn\u00edfa. Haf\u00f0u hann me\u00f0 \u00fe\u00e9r allan daginn og \u00fe\u00fa munt ekki einu sinni taka eftir \u00fev\u00ed a\u00f0 hann er \u00fearna. \u00dea\u00f0 er \u00feanga\u00f0 til vaktin kallar \u00e1, og \u00fe\u00e1 er Mini Champ \u00fe\u00e9r til \u00fej\u00f3nustu.<\/p>\n<h5><b>Hann inniheldur:<\/b><\/h5>\n<ul>\n<li>Br\u00e9faopnara \/&nbsp;L\u00edti\u00f0 hn\u00edfsbla\u00f0 \/ Sk\u00e6ri \/ Nagla\u00fej\u00f6l \/ Fl\u00edsat\u00f6ng \/ Tannst\u00f6ngul \/ Penna \/ Skr\u00fafj\u00e1rn 2,5 mm \/ Reglustiku (cm\/in) \/ Appels\u00ednuskr\u00e6lara \/ Sk\u00f6fu \/ Fl\u00f6skuopnara \/ Phillips segulskr\u00fafj\u00e1rn \/ Lyklahring \/ Naglabandspinna \/ V\u00edraklippu<\/li>\n<\/ul>\n<p><\/p>\n<p><b>St\u00e6r\u00f0:<\/b><\/p>\n<p>H\u00e6\u00f0: 15 mm<\/p>\n<p>Lengd: 58 mm<\/p>\n<p>Breidd: 20 mm<\/p>\n<p>\u00deyngd: 45g<\/p>\n<p><\/p>\n<p><\/p>","protected":false},"excerpt":{"rendered":"<p>Tegund:&nbsp;6385<\/p>","protected":false},"featured_media":26155,"comment_status":"closed","ping_status":"closed","template":"","meta":[],"product_brand":[],"product_cat":[833,517,839],"product_tag":[1027,830],"class_list":{"0":"post-26156","1":"product","2":"type-product","3":"status-publish","4":"has-post-thumbnail","6":"product_cat-hnifar-lykillausnir","7":"product_cat-lykillausnir","8":"product_cat-victorinox-hnifar","9":"product_tag-3dagar","10":"product_tag-victorinox","12":"first","13":"instock","14":"taxable","15":"shipping-taxable","16":"purchasable","17":"product-type-simple"},"yoast_head":"<!-- This site is optimized with the Yoast SEO plugin v27.3 - https:\/\/yoast.com\/product\/yoast-seo-wordpress\/ -->\n<title>VICTORINOX Swiss Army Mini Champ Hn\u00edfur - V\u00e9lar &amp; Verkf\u00e6ri<\/title>\n<meta name=\"robots\" content=\"index, follow, max-snippet:-1, max-image-preview:large, max-video-preview:-1\" \/>\n<link rel=\"canonical\" href=\"https:\/\/velarogverkfaeri.is\/en\/lykillausnir\/hnifar-lykillausnir\/victorinox-hnifar\/product\/victorinox-hnifur-swiss-army-mini-champ\/\" \/>\n<meta property=\"og:locale\" content=\"en_US\" \/>\n<meta property=\"og:type\" content=\"article\" \/>\n<meta property=\"og:title\" content=\"VICTORINOX Swiss Army Mini Champ Hn\u00edfur - V\u00e9lar &amp; Verkf\u00e6ri\" \/>\n<meta property=\"og:description\" content=\"Tegund:&nbsp;6385\" \/>\n<meta property=\"og:url\" content=\"https:\/\/velarogverkfaeri.is\/en\/lykillausnir\/hnifar-lykillausnir\/victorinox-hnifar\/product\/victorinox-hnifur-swiss-army-mini-champ\/\" \/>\n<meta property=\"og:site_name\" content=\"V\u00e9lar &amp; Verkf\u00e6ri\" \/>\n<meta property=\"article:publisher\" content=\"https:\/\/www.facebook.com\/VelarOgVerkfaeri\" \/>\n<meta property=\"article:modified_time\" content=\"2026-01-05T20:31:38+00:00\" \/>\n<meta property=\"og:image\" content=\"https:\/\/velarogverkfaeri.is\/wp-content\/uploads\/2023\/06\/657d48fe-90e9-4f82-805b-21de414d8d86.jpeg\" \/>\n\t<meta property=\"og:image:width\" content=\"602\" \/>\n\t<meta property=\"og:image:height\" content=\"526\" \/>\n\t<meta property=\"og:image:type\" content=\"image\/jpeg\" \/>\n<meta name=\"twitter:card\" content=\"summary_large_image\" \/>\n<meta name=\"twitter:label1\" content=\"Est. reading time\" \/>\n\t<meta name=\"twitter:data1\" content=\"1 minute\" \/>\n<script type=\"application\/ld+json\" class=\"yoast-schema-graph\">{\"@context\":\"https:\\\/\\\/schema.org\",\"@graph\":[{\"@type\":\"WebPage\",\"@id\":\"https:\\\/\\\/velarogverkfaeri.is\\\/lykillausnir\\\/hnifar-lykillausnir\\\/victorinox-hnifar\\\/product\\\/victorinox-hnifur-swiss-army-mini-champ\\\/\",\"url\":\"https:\\\/\\\/velarogverkfaeri.is\\\/lykillausnir\\\/hnifar-lykillausnir\\\/victorinox-hnifar\\\/product\\\/victorinox-hnifur-swiss-army-mini-champ\\\/\",\"name\":\"VICTORINOX Swiss Army Mini Champ Hn\u00edfur - V\u00e9lar &amp; Verkf\u00e6ri\",\"isPartOf\":{\"@id\":\"https:\\\/\\\/velarogverkfaeri.is\\\/en\\\/#website\"},\"primaryImageOfPage\":{\"@id\":\"https:\\\/\\\/velarogverkfaeri.is\\\/lykillausnir\\\/hnifar-lykillausnir\\\/victorinox-hnifar\\\/product\\\/victorinox-hnifur-swiss-army-mini-champ\\\/#primaryimage\"},\"image\":{\"@id\":\"https:\\\/\\\/velarogverkfaeri.is\\\/lykillausnir\\\/hnifar-lykillausnir\\\/victorinox-hnifar\\\/product\\\/victorinox-hnifur-swiss-army-mini-champ\\\/#primaryimage\"},\"thumbnailUrl\":\"https:\\\/\\\/velarogverkfaeri.is\\\/wp-content\\\/uploads\\\/2023\\\/06\\\/657d48fe-90e9-4f82-805b-21de414d8d86.jpeg\",\"datePublished\":\"2023-04-28T17:41:45+00:00\",\"dateModified\":\"2026-01-05T20:31:38+00:00\",\"breadcrumb\":{\"@id\":\"https:\\\/\\\/velarogverkfaeri.is\\\/lykillausnir\\\/hnifar-lykillausnir\\\/victorinox-hnifar\\\/product\\\/victorinox-hnifur-swiss-army-mini-champ\\\/#breadcrumb\"},\"inLanguage\":\"en-US\",\"potentialAction\":[{\"@type\":\"ReadAction\",\"target\":[\"https:\\\/\\\/velarogverkfaeri.is\\\/lykillausnir\\\/hnifar-lykillausnir\\\/victorinox-hnifar\\\/product\\\/victorinox-hnifur-swiss-army-mini-champ\\\/\"]}]},{\"@type\":\"ImageObject\",\"inLanguage\":\"en-US\",\"@id\":\"https:\\\/\\\/velarogverkfaeri.is\\\/lykillausnir\\\/hnifar-lykillausnir\\\/victorinox-hnifar\\\/product\\\/victorinox-hnifur-swiss-army-mini-champ\\\/#primaryimage\",\"url\":\"https:\\\/\\\/velarogverkfaeri.is\\\/wp-content\\\/uploads\\\/2023\\\/06\\\/657d48fe-90e9-4f82-805b-21de414d8d86.jpeg\",\"contentUrl\":\"https:\\\/\\\/velarogverkfaeri.is\\\/wp-content\\\/uploads\\\/2023\\\/06\\\/657d48fe-90e9-4f82-805b-21de414d8d86.jpeg\",\"width\":602,\"height\":526},{\"@type\":\"BreadcrumbList\",\"@id\":\"https:\\\/\\\/velarogverkfaeri.is\\\/lykillausnir\\\/hnifar-lykillausnir\\\/victorinox-hnifar\\\/product\\\/victorinox-hnifur-swiss-army-mini-champ\\\/#breadcrumb\",\"itemListElement\":[{\"@type\":\"ListItem\",\"position\":1,\"name\":\"Home\",\"item\":\"https:\\\/\\\/velarogverkfaeri.is\\\/\"},{\"@type\":\"ListItem\",\"position\":2,\"name\":\"Vefverslun\",\"item\":\"https:\\\/\\\/velarogverkfaeri.is\\\/vefverslun\\\/\"},{\"@type\":\"ListItem\",\"position\":3,\"name\":\"VICTORINOX Swiss Army Mini Champ Hn\u00edfur\"}]},{\"@type\":\"WebSite\",\"@id\":\"https:\\\/\\\/velarogverkfaeri.is\\\/en\\\/#website\",\"url\":\"https:\\\/\\\/velarogverkfaeri.is\\\/en\\\/\",\"name\":\"V\u00e9lar & Verkf\u00e6ri\",\"description\":\"Umbo\u00f0s- og heildverslun fr\u00e1 \u00e1rinu 1919\",\"publisher\":{\"@id\":\"https:\\\/\\\/velarogverkfaeri.is\\\/en\\\/#organization\"},\"potentialAction\":[{\"@type\":\"SearchAction\",\"target\":{\"@type\":\"EntryPoint\",\"urlTemplate\":\"https:\\\/\\\/velarogverkfaeri.is\\\/en\\\/?s={search_term_string}\"},\"query-input\":{\"@type\":\"PropertyValueSpecification\",\"valueRequired\":true,\"valueName\":\"search_term_string\"}}],\"inLanguage\":\"en-US\"},{\"@type\":\"Organization\",\"@id\":\"https:\\\/\\\/velarogverkfaeri.is\\\/en\\\/#organization\",\"name\":\"V\u00e9lar & Verkf\u00e6ri\",\"url\":\"https:\\\/\\\/velarogverkfaeri.is\\\/en\\\/\",\"logo\":{\"@type\":\"ImageObject\",\"inLanguage\":\"en-US\",\"@id\":\"https:\\\/\\\/velarogverkfaeri.is\\\/en\\\/#\\\/schema\\\/logo\\\/image\\\/\",\"url\":\"https:\\\/\\\/velarogverkfaeri.is\\\/wp-content\\\/uploads\\\/2021\\\/10\\\/vv_logo_350x100.png\",\"contentUrl\":\"https:\\\/\\\/velarogverkfaeri.is\\\/wp-content\\\/uploads\\\/2021\\\/10\\\/vv_logo_350x100.png\",\"width\":350,\"height\":100,\"caption\":\"V\u00e9lar & Verkf\u00e6ri\"},\"image\":{\"@id\":\"https:\\\/\\\/velarogverkfaeri.is\\\/en\\\/#\\\/schema\\\/logo\\\/image\\\/\"},\"sameAs\":[\"https:\\\/\\\/www.facebook.com\\\/VelarOgVerkfaeri\"]}]}<\/script>\n<!-- \/ Yoast SEO plugin. -->","yoast_head_json":{"title":"VICTORINOX Swiss Army Mini Champ Hn\u00edfur - V\u00e9lar &amp; Verkf\u00e6ri","robots":{"index":"index","follow":"follow","max-snippet":"max-snippet:-1","max-image-preview":"max-image-preview:large","max-video-preview":"max-video-preview:-1"},"canonical":"https:\/\/velarogverkfaeri.is\/en\/lykillausnir\/hnifar-lykillausnir\/victorinox-hnifar\/product\/victorinox-hnifur-swiss-army-mini-champ\/","og_locale":"en_US","og_type":"article","og_title":"VICTORINOX Swiss Army Mini Champ Hn\u00edfur - V\u00e9lar &amp; Verkf\u00e6ri","og_description":"Tegund:&nbsp;6385","og_url":"https:\/\/velarogverkfaeri.is\/en\/lykillausnir\/hnifar-lykillausnir\/victorinox-hnifar\/product\/victorinox-hnifur-swiss-army-mini-champ\/","og_site_name":"V\u00e9lar &amp; Verkf\u00e6ri","article_publisher":"https:\/\/www.facebook.com\/VelarOgVerkfaeri","article_modified_time":"2026-01-05T20:31:38+00:00","og_image":[{"width":602,"height":526,"url":"https:\/\/velarogverkfaeri.is\/wp-content\/uploads\/2023\/06\/657d48fe-90e9-4f82-805b-21de414d8d86.jpeg","type":"image\/jpeg"}],"twitter_card":"summary_large_image","twitter_misc":{"Est. reading time":"1 minute"},"schema":{"@context":"https:\/\/schema.org","@graph":[{"@type":"WebPage","@id":"https:\/\/velarogverkfaeri.is\/lykillausnir\/hnifar-lykillausnir\/victorinox-hnifar\/product\/victorinox-hnifur-swiss-army-mini-champ\/","url":"https:\/\/velarogverkfaeri.is\/lykillausnir\/hnifar-lykillausnir\/victorinox-hnifar\/product\/victorinox-hnifur-swiss-army-mini-champ\/","name":"VICTORINOX Swiss Army Mini Champ Hn\u00edfur - V\u00e9lar &amp; Verkf\u00e6ri","isPartOf":{"@id":"https:\/\/velarogverkfaeri.is\/en\/#website"},"primaryImageOfPage":{"@id":"https:\/\/velarogverkfaeri.is\/lykillausnir\/hnifar-lykillausnir\/victorinox-hnifar\/product\/victorinox-hnifur-swiss-army-mini-champ\/#primaryimage"},"image":{"@id":"https:\/\/velarogverkfaeri.is\/lykillausnir\/hnifar-lykillausnir\/victorinox-hnifar\/product\/victorinox-hnifur-swiss-army-mini-champ\/#primaryimage"},"thumbnailUrl":"https:\/\/velarogverkfaeri.is\/wp-content\/uploads\/2023\/06\/657d48fe-90e9-4f82-805b-21de414d8d86.jpeg","datePublished":"2023-04-28T17:41:45+00:00","dateModified":"2026-01-05T20:31:38+00:00","breadcrumb":{"@id":"https:\/\/velarogverkfaeri.is\/lykillausnir\/hnifar-lykillausnir\/victorinox-hnifar\/product\/victorinox-hnifur-swiss-army-mini-champ\/#breadcrumb"},"inLanguage":"en-US","potentialAction":[{"@type":"ReadAction","target":["https:\/\/velarogverkfaeri.is\/lykillausnir\/hnifar-lykillausnir\/victorinox-hnifar\/product\/victorinox-hnifur-swiss-army-mini-champ\/"]}]},{"@type":"ImageObject","inLanguage":"en-US","@id":"https:\/\/velarogverkfaeri.is\/lykillausnir\/hnifar-lykillausnir\/victorinox-hnifar\/product\/victorinox-hnifur-swiss-army-mini-champ\/#primaryimage","url":"https:\/\/velarogverkfaeri.is\/wp-content\/uploads\/2023\/06\/657d48fe-90e9-4f82-805b-21de414d8d86.jpeg","contentUrl":"https:\/\/velarogverkfaeri.is\/wp-content\/uploads\/2023\/06\/657d48fe-90e9-4f82-805b-21de414d8d86.jpeg","width":602,"height":526},{"@type":"BreadcrumbList","@id":"https:\/\/velarogverkfaeri.is\/lykillausnir\/hnifar-lykillausnir\/victorinox-hnifar\/product\/victorinox-hnifur-swiss-army-mini-champ\/#breadcrumb","itemListElement":[{"@type":"ListItem","position":1,"name":"Home","item":"https:\/\/velarogverkfaeri.is\/"},{"@type":"ListItem","position":2,"name":"Vefverslun","item":"https:\/\/velarogverkfaeri.is\/vefverslun\/"},{"@type":"ListItem","position":3,"name":"VICTORINOX Swiss Army Mini Champ Hn\u00edfur"}]},{"@type":"WebSite","@id":"https:\/\/velarogverkfaeri.is\/en\/#website","url":"https:\/\/velarogverkfaeri.is\/en\/","name":"V\u00e9lar & Verkf\u00e6ri","description":"Umbo\u00f0s- og heildverslun fr\u00e1 \u00e1rinu 1919","publisher":{"@id":"https:\/\/velarogverkfaeri.is\/en\/#organization"},"potentialAction":[{"@type":"SearchAction","target":{"@type":"EntryPoint","urlTemplate":"https:\/\/velarogverkfaeri.is\/en\/?s={search_term_string}"},"query-input":{"@type":"PropertyValueSpecification","valueRequired":true,"valueName":"search_term_string"}}],"inLanguage":"en-US"},{"@type":"Organization","@id":"https:\/\/velarogverkfaeri.is\/en\/#organization","name":"V\u00e9lar & Verkf\u00e6ri","url":"https:\/\/velarogverkfaeri.is\/en\/","logo":{"@type":"ImageObject","inLanguage":"en-US","@id":"https:\/\/velarogverkfaeri.is\/en\/#\/schema\/logo\/image\/","url":"https:\/\/velarogverkfaeri.is\/wp-content\/uploads\/2021\/10\/vv_logo_350x100.png","contentUrl":"https:\/\/velarogverkfaeri.is\/wp-content\/uploads\/2021\/10\/vv_logo_350x100.png","width":350,"height":100,"caption":"V\u00e9lar & Verkf\u00e6ri"},"image":{"@id":"https:\/\/velarogverkfaeri.is\/en\/#\/schema\/logo\/image\/"},"sameAs":["https:\/\/www.facebook.com\/VelarOgVerkfaeri"]}]}},"_links":{"self":[{"href":"https:\/\/velarogverkfaeri.is\/en\/wp-json\/wp\/v2\/product\/26156","targetHints":{"allow":["GET"]}}],"collection":[{"href":"https:\/\/velarogverkfaeri.is\/en\/wp-json\/wp\/v2\/product"}],"about":[{"href":"https:\/\/velarogverkfaeri.is\/en\/wp-json\/wp\/v2\/types\/product"}],"replies":[{"embeddable":true,"href":"https:\/\/velarogverkfaeri.is\/en\/wp-json\/wp\/v2\/comments?post=26156"}],"wp:featuredmedia":[{"embeddable":true,"href":"https:\/\/velarogverkfaeri.is\/en\/wp-json\/wp\/v2\/media\/26155"}],"wp:attachment":[{"href":"https:\/\/velarogverkfaeri.is\/en\/wp-json\/wp\/v2\/media?parent=26156"}],"wp:term":[{"taxonomy":"product_brand","embeddable":true,"href":"https:\/\/velarogverkfaeri.is\/en\/wp-json\/wp\/v2\/product_brand?post=26156"},{"taxonomy":"product_cat","embeddable":true,"href":"https:\/\/velarogverkfaeri.is\/en\/wp-json\/wp\/v2\/product_cat?post=26156"},{"taxonomy":"product_tag","embeddable":true,"href":"https:\/\/velarogverkfaeri.is\/en\/wp-json\/wp\/v2\/product_tag?post=26156"}],"curies":[{"name":"wp","href":"https:\/\/api.w.org\/{rel}","templated":true}]}}