{"id":25912,"date":"2023-04-28T17:41:10","date_gmt":"2023-04-28T17:41:10","guid":{"rendered":"https:\/\/vv-dev.webdev.is\/?post_type=product&#038;p=25912"},"modified":"2026-04-04T00:01:59","modified_gmt":"2026-04-04T00:01:59","slug":"skil-red-hoggskrufvel-hledslu-20v-3210ca-stakur-an-rafhlada-eda-hledslutaekis","status":"publish","type":"product","link":"https:\/\/velarogverkfaeri.is\/en\/verkfaeralausnir\/rafmagnsverkfaeri\/hoggborvelar\/product\/skil-red-hoggskrufvel-hledslu-20v-3210ca-stakur-an-rafhlada-eda-hledslutaekis\/","title":{"rendered":"SKIL RED ,H\u00f6ggskr\u00fafv\u00e9l Hle\u00f0slu 20V 3210CA -STAKUR \u00c1N RAFHLA\u00d0A E\u00d0A HLE\u00d0SLUT\u00c6KIS-"},"content":{"rendered":"<div class=\"description\">\n<h2>SKIL 3210 CA Cordless impact screwdriver<\/h2>\n<p>Cordless impact screwdriver with lithium-ion battery with high torque<br \/>The cordless impact screwdriver SKIL 3210 on &#8222;20V Max&#8220; (18 V) offers a high torque that allows you to easily screw in and out of both screws and bolts.&#160;This cordless impact screwdriver has a compact design with low weight and a robust, aluminum gearbox that increases durability.&#160;It is easy to change accessories thanks to the hexagonal chuck with quick coupling.&#160;All in all, this versatile tool offers everything you need: reliable lithium-ion battery technology, variable speed for full control and an LED lamp that provides good visibility at work.&#160;In addition, this tool has a flexible LED indicator for forwards \/ backwards that allows you to immediately see in which direction you are working.&#160;Last but not least, the tool&#8217;s ergonomic design and soft grip provide extra working comfort.&#160;SKIL 3210 CA is delivered with a PH2 screwdriver bit and a belt clip.&#160;The battery is not included.<\/p>\n<p>The flexible battery system with &#8222;Keep Cool&#8220; and &#8222;ActivCell&#8220; technology<br \/>This tool is part of SKIL &#8222;Energy Platform&#8220;: the flexible battery system.&#160;With lithium-ion batteries with &#8222;20V Max&#8220; (18 V) you get optimal flexibility.&#160;The batteries are designed to fit all &#8222;Energy Platform&#8220; tools, which means that a single battery can be used for all tools.&#160;The &#8222;Energy Platform&#8220; tools are available with or without batteries, which gives you the option to add more tools to your collection without having to buy new batteries and chargers.&#160;This battery also contains both \u201cKeep Cool\u201d and \u201cActivCell\u201d battery technology.&#160;&#8220;Keep Cool \u2122&#8220; cools the battery cells to prevent them from overheating, which increases the battery life by 25% and doubles the life!&#160;ActivCell \u2122 technology optimizes power consumption, which prevents overheating and maximizes battery performance.<\/p>\n<\/div>\n<div class=\"specifications\" data-move=\"\">\n<h3>TECHNICAL DATA<\/h3>\n<ul>\n<li><span class=\"label\">Voltage:&#160;<\/span><span class=\"value\">20 &#8222;V Max&#8220;<\/span><\/li>\n<li><span class=\"label\">Voltage:&#160;<\/span><span class=\"value\">18 V<\/span><\/li>\n<li><span class=\"label\">Max.&#160;torque for hard screw connection:&#160;<\/span><span class=\"value\">140 Nm<\/span><\/li>\n<li><span class=\"label\">Chuck capacity:&#160;<\/span><span class=\"value\">6.35 mm<\/span><\/li>\n<li><span class=\"label\">Speed \u200b\u200bwithout load:&#160;<\/span><span class=\"value\">0-2500 rpm.<\/span><\/li>\n<li><span class=\"label\">Maximum stroke frequency:&#160;<\/span><span class=\"value\">0-3200 \/ min<\/span><\/li>\n<li><span class=\"label\">Screw capacity:&#160;<\/span><span class=\"value\">10 mm<\/span><\/li>\n<li><span class=\"label\">Chuck type:&#160;<\/span><span class=\"value\">Hexagon<\/span><\/li>\n<li><span class=\"label\">Speed \u200b\u200bcontrol:&#160;<\/span><span class=\"value\">Yes<\/span><\/li>\n<\/ul>\n<\/div>\n<div class=\"features\" data-move=\"\">\n<h3>CHARACTERISTICS<\/h3>\n<div class=\"features-list\">\n<ul>\n<li>Belt clip that makes it easier to carry the tool with you<\/li>\n<li>Ergonomic design and soft grip for optimal comfort and control<\/li>\n<li>Lithium-ion technology: No memory effect, no self-discharge &#8211; always ready to use<\/li>\n<li>LED lamp that makes it easier to see the workpiece and facilitates work in spaces with poor lighting<\/li>\n<li>LED indicator for forward \/ backward allows you to quickly see in which direction you are working<\/li>\n<li>Variable speed for quiet start and full control at all times<\/li>\n<li>Part of SKIL &#8222;Energy Platform&#8220;: the flexible battery system<\/li>\n<li>Hexagonal chuck with quick coupling (6.35 mm \/ &#188; &#8222;) for easy replacement of accessories<\/li>\n<li>Robust aluminum gearbox for increased durability<\/li>\n<li>Compact design with low weight<\/li>\n<li>High torque allows you to easily screw in and out of both screws and bolts<\/li>\n<li>Our patented ActivCell erar technology optimizes electricity consumption, prevents the tool from overheating and maximizes battery performance<\/li>\n<li>&#8222;Keep Cool \u2122&#8220; technology that gives the battery 25% longer battery life and doubles the life<\/li>\n<\/ul>\n<h3>NOISE AND VIBRATION LEVEL<\/h3>\n<ul>\n<li><span class=\"label\">Sound pressure level:&#160;<\/span><span class=\"value\">94.5 dB (A)<\/span><\/li>\n<li><span class=\"label\">Volume:&#160;<\/span><span class=\"value\">105.5 dB (A)<\/span><\/li>\n<li><span class=\"label\">Standard deviation:&#160;<\/span><span class=\"value\">3 dB (A)<\/span><\/li>\n<li><span class=\"label\">Vibration level:&#160;<\/span><span class=\"value\">14.5 m \/ s&#178;<\/span><\/li>\n<li><span class=\"label\">Uncertainty (K):&#160;<\/span><span class=\"value\">1.5 m \/ s&#178;<\/span><\/li>\n<\/ul>\n<h2>The package contains<\/h2>\n<div class=\"package-info\">\n<ul>\n<li>SKIL 3210 cordless impact screwdriver<\/li>\n<li>PH2 screwdriver bit<\/li>\n<li>Belt clip<\/li>\n<li>Instructions for use<\/li>\n<\/ul>\n<ul class=\"flush\">\n<li>Model number: SD1E3210CA<\/li>\n<li>EAN code: 8719643001085<\/li>\n<\/ul>\n<\/div>\n<\/div>\n<\/div>","protected":false},"excerpt":{"rendered":"<p>L\u00edtil og nett v\u00e9l <br \/>\nV\u00e9lin skilar 140Nm<br \/>\nV\u00e9lin er st\u00f6k og fylgir ekki rafhla\u00f0a n\u00e9 hle\u00f0slut\u00e6ki <\/p>","protected":false},"featured_media":25911,"comment_status":"closed","ping_status":"closed","template":"","meta":[],"product_brand":[],"product_cat":[733,592,515],"product_tag":[1023],"class_list":{"0":"post-25912","1":"product","2":"type-product","3":"status-publish","4":"has-post-thumbnail","6":"product_cat-hoggborvelar","7":"product_cat-rafmagnsverkfaeri","8":"product_cat-verkfaeralausnir","9":"product_tag-skil","11":"first","12":"instock","13":"taxable","14":"shipping-taxable","15":"purchasable","16":"product-type-simple"},"yoast_head":"<!-- This site is optimized with the Yoast SEO plugin v27.3 - https:\/\/yoast.com\/product\/yoast-seo-wordpress\/ -->\n<title>SKIL RED ,H\u00f6ggskr\u00fafv\u00e9l Hle\u00f0slu 20V 3210CA -STAKUR \u00c1N RAFHLA\u00d0A E\u00d0A HLE\u00d0SLUT\u00c6KIS- V\u00e9lar &amp; Verkf\u00e6ri<\/title>\n<meta name=\"robots\" content=\"index, follow, max-snippet:-1, max-image-preview:large, max-video-preview:-1\" \/>\n<link rel=\"canonical\" href=\"https:\/\/velarogverkfaeri.is\/en\/verkfaeralausnir\/rafmagnsverkfaeri\/hoggborvelar\/product\/skil-red-hoggskrufvel-hledslu-20v-3210ca-stakur-an-rafhlada-eda-hledslutaekis\/\" \/>\n<meta property=\"og:locale\" content=\"en_US\" \/>\n<meta property=\"og:type\" content=\"article\" \/>\n<meta property=\"og:title\" content=\"SKIL RED ,H\u00f6ggskr\u00fafv\u00e9l Hle\u00f0slu 20V 3210CA -STAKUR \u00c1N RAFHLA\u00d0A E\u00d0A HLE\u00d0SLUT\u00c6KIS- V\u00e9lar &amp; Verkf\u00e6ri\" \/>\n<meta property=\"og:description\" content=\"L\u00edtil og nett v\u00e9l V\u00e9lin skilar 140Nm V\u00e9lin er st\u00f6k og fylgir ekki rafhla\u00f0a n\u00e9 hle\u00f0slut\u00e6ki\" \/>\n<meta property=\"og:url\" content=\"https:\/\/velarogverkfaeri.is\/en\/verkfaeralausnir\/rafmagnsverkfaeri\/hoggborvelar\/product\/skil-red-hoggskrufvel-hledslu-20v-3210ca-stakur-an-rafhlada-eda-hledslutaekis\/\" \/>\n<meta property=\"og:site_name\" content=\"V\u00e9lar &amp; Verkf\u00e6ri\" \/>\n<meta property=\"article:publisher\" content=\"https:\/\/www.facebook.com\/VelarOgVerkfaeri\" \/>\n<meta property=\"article:modified_time\" content=\"2026-04-04T00:01:59+00:00\" \/>\n<meta property=\"og:image\" content=\"https:\/\/velarogverkfaeri.is\/wp-content\/uploads\/2023\/06\/29bd217d-22fe-4dff-94e0-4ceef974d5c5.jpeg\" \/>\n\t<meta property=\"og:image:width\" content=\"1024\" \/>\n\t<meta property=\"og:image:height\" content=\"724\" \/>\n\t<meta property=\"og:image:type\" content=\"image\/jpeg\" \/>\n<meta name=\"twitter:card\" content=\"summary_large_image\" \/>\n<meta name=\"twitter:label1\" content=\"Est. reading time\" \/>\n\t<meta name=\"twitter:data1\" content=\"3 minutes\" \/>\n<script type=\"application\/ld+json\" class=\"yoast-schema-graph\">{\"@context\":\"https:\\\/\\\/schema.org\",\"@graph\":[{\"@type\":\"WebPage\",\"@id\":\"https:\\\/\\\/velarogverkfaeri.is\\\/verkfaeralausnir\\\/rafmagnsverkfaeri\\\/hoggborvelar\\\/product\\\/skil-red-hoggskrufvel-hledslu-20v-3210ca-stakur-an-rafhlada-eda-hledslutaekis\\\/\",\"url\":\"https:\\\/\\\/velarogverkfaeri.is\\\/verkfaeralausnir\\\/rafmagnsverkfaeri\\\/hoggborvelar\\\/product\\\/skil-red-hoggskrufvel-hledslu-20v-3210ca-stakur-an-rafhlada-eda-hledslutaekis\\\/\",\"name\":\"SKIL RED ,H\u00f6ggskr\u00fafv\u00e9l Hle\u00f0slu 20V 3210CA -STAKUR \u00c1N RAFHLA\u00d0A E\u00d0A HLE\u00d0SLUT\u00c6KIS- V\u00e9lar &amp; Verkf\u00e6ri\",\"isPartOf\":{\"@id\":\"https:\\\/\\\/velarogverkfaeri.is\\\/en\\\/#website\"},\"primaryImageOfPage\":{\"@id\":\"https:\\\/\\\/velarogverkfaeri.is\\\/verkfaeralausnir\\\/rafmagnsverkfaeri\\\/hoggborvelar\\\/product\\\/skil-red-hoggskrufvel-hledslu-20v-3210ca-stakur-an-rafhlada-eda-hledslutaekis\\\/#primaryimage\"},\"image\":{\"@id\":\"https:\\\/\\\/velarogverkfaeri.is\\\/verkfaeralausnir\\\/rafmagnsverkfaeri\\\/hoggborvelar\\\/product\\\/skil-red-hoggskrufvel-hledslu-20v-3210ca-stakur-an-rafhlada-eda-hledslutaekis\\\/#primaryimage\"},\"thumbnailUrl\":\"https:\\\/\\\/velarogverkfaeri.is\\\/wp-content\\\/uploads\\\/2023\\\/06\\\/29bd217d-22fe-4dff-94e0-4ceef974d5c5.jpeg\",\"datePublished\":\"2023-04-28T17:41:10+00:00\",\"dateModified\":\"2026-04-04T00:01:59+00:00\",\"breadcrumb\":{\"@id\":\"https:\\\/\\\/velarogverkfaeri.is\\\/verkfaeralausnir\\\/rafmagnsverkfaeri\\\/hoggborvelar\\\/product\\\/skil-red-hoggskrufvel-hledslu-20v-3210ca-stakur-an-rafhlada-eda-hledslutaekis\\\/#breadcrumb\"},\"inLanguage\":\"en-US\",\"potentialAction\":[{\"@type\":\"ReadAction\",\"target\":[\"https:\\\/\\\/velarogverkfaeri.is\\\/verkfaeralausnir\\\/rafmagnsverkfaeri\\\/hoggborvelar\\\/product\\\/skil-red-hoggskrufvel-hledslu-20v-3210ca-stakur-an-rafhlada-eda-hledslutaekis\\\/\"]}]},{\"@type\":\"ImageObject\",\"inLanguage\":\"en-US\",\"@id\":\"https:\\\/\\\/velarogverkfaeri.is\\\/verkfaeralausnir\\\/rafmagnsverkfaeri\\\/hoggborvelar\\\/product\\\/skil-red-hoggskrufvel-hledslu-20v-3210ca-stakur-an-rafhlada-eda-hledslutaekis\\\/#primaryimage\",\"url\":\"https:\\\/\\\/velarogverkfaeri.is\\\/wp-content\\\/uploads\\\/2023\\\/06\\\/29bd217d-22fe-4dff-94e0-4ceef974d5c5.jpeg\",\"contentUrl\":\"https:\\\/\\\/velarogverkfaeri.is\\\/wp-content\\\/uploads\\\/2023\\\/06\\\/29bd217d-22fe-4dff-94e0-4ceef974d5c5.jpeg\",\"width\":1024,\"height\":724},{\"@type\":\"BreadcrumbList\",\"@id\":\"https:\\\/\\\/velarogverkfaeri.is\\\/verkfaeralausnir\\\/rafmagnsverkfaeri\\\/hoggborvelar\\\/product\\\/skil-red-hoggskrufvel-hledslu-20v-3210ca-stakur-an-rafhlada-eda-hledslutaekis\\\/#breadcrumb\",\"itemListElement\":[{\"@type\":\"ListItem\",\"position\":1,\"name\":\"Home\",\"item\":\"https:\\\/\\\/velarogverkfaeri.is\\\/\"},{\"@type\":\"ListItem\",\"position\":2,\"name\":\"Vefverslun\",\"item\":\"https:\\\/\\\/velarogverkfaeri.is\\\/vefverslun\\\/\"},{\"@type\":\"ListItem\",\"position\":3,\"name\":\"SKIL RED ,H\u00f6ggskr\u00fafv\u00e9l Hle\u00f0slu 20V 3210CA -STAKUR \u00c1N RAFHLA\u00d0A E\u00d0A HLE\u00d0SLUT\u00c6KIS-\"}]},{\"@type\":\"WebSite\",\"@id\":\"https:\\\/\\\/velarogverkfaeri.is\\\/en\\\/#website\",\"url\":\"https:\\\/\\\/velarogverkfaeri.is\\\/en\\\/\",\"name\":\"V\u00e9lar & Verkf\u00e6ri\",\"description\":\"Umbo\u00f0s- og heildverslun fr\u00e1 \u00e1rinu 1919\",\"publisher\":{\"@id\":\"https:\\\/\\\/velarogverkfaeri.is\\\/en\\\/#organization\"},\"potentialAction\":[{\"@type\":\"SearchAction\",\"target\":{\"@type\":\"EntryPoint\",\"urlTemplate\":\"https:\\\/\\\/velarogverkfaeri.is\\\/en\\\/?s={search_term_string}\"},\"query-input\":{\"@type\":\"PropertyValueSpecification\",\"valueRequired\":true,\"valueName\":\"search_term_string\"}}],\"inLanguage\":\"en-US\"},{\"@type\":\"Organization\",\"@id\":\"https:\\\/\\\/velarogverkfaeri.is\\\/en\\\/#organization\",\"name\":\"V\u00e9lar & Verkf\u00e6ri\",\"url\":\"https:\\\/\\\/velarogverkfaeri.is\\\/en\\\/\",\"logo\":{\"@type\":\"ImageObject\",\"inLanguage\":\"en-US\",\"@id\":\"https:\\\/\\\/velarogverkfaeri.is\\\/en\\\/#\\\/schema\\\/logo\\\/image\\\/\",\"url\":\"https:\\\/\\\/velarogverkfaeri.is\\\/wp-content\\\/uploads\\\/2021\\\/10\\\/vv_logo_350x100.png\",\"contentUrl\":\"https:\\\/\\\/velarogverkfaeri.is\\\/wp-content\\\/uploads\\\/2021\\\/10\\\/vv_logo_350x100.png\",\"width\":350,\"height\":100,\"caption\":\"V\u00e9lar & Verkf\u00e6ri\"},\"image\":{\"@id\":\"https:\\\/\\\/velarogverkfaeri.is\\\/en\\\/#\\\/schema\\\/logo\\\/image\\\/\"},\"sameAs\":[\"https:\\\/\\\/www.facebook.com\\\/VelarOgVerkfaeri\"]}]}<\/script>\n<!-- \/ Yoast SEO plugin. -->","yoast_head_json":{"title":"SKIL RED ,H\u00f6ggskr\u00fafv\u00e9l Hle\u00f0slu 20V 3210CA -STAKUR \u00c1N RAFHLA\u00d0A E\u00d0A HLE\u00d0SLUT\u00c6KIS- V\u00e9lar &amp; Verkf\u00e6ri","robots":{"index":"index","follow":"follow","max-snippet":"max-snippet:-1","max-image-preview":"max-image-preview:large","max-video-preview":"max-video-preview:-1"},"canonical":"https:\/\/velarogverkfaeri.is\/en\/verkfaeralausnir\/rafmagnsverkfaeri\/hoggborvelar\/product\/skil-red-hoggskrufvel-hledslu-20v-3210ca-stakur-an-rafhlada-eda-hledslutaekis\/","og_locale":"en_US","og_type":"article","og_title":"SKIL RED ,H\u00f6ggskr\u00fafv\u00e9l Hle\u00f0slu 20V 3210CA -STAKUR \u00c1N RAFHLA\u00d0A E\u00d0A HLE\u00d0SLUT\u00c6KIS- V\u00e9lar &amp; Verkf\u00e6ri","og_description":"L\u00edtil og nett v\u00e9l V\u00e9lin skilar 140Nm V\u00e9lin er st\u00f6k og fylgir ekki rafhla\u00f0a n\u00e9 hle\u00f0slut\u00e6ki","og_url":"https:\/\/velarogverkfaeri.is\/en\/verkfaeralausnir\/rafmagnsverkfaeri\/hoggborvelar\/product\/skil-red-hoggskrufvel-hledslu-20v-3210ca-stakur-an-rafhlada-eda-hledslutaekis\/","og_site_name":"V\u00e9lar &amp; Verkf\u00e6ri","article_publisher":"https:\/\/www.facebook.com\/VelarOgVerkfaeri","article_modified_time":"2026-04-04T00:01:59+00:00","og_image":[{"width":1024,"height":724,"url":"https:\/\/velarogverkfaeri.is\/wp-content\/uploads\/2023\/06\/29bd217d-22fe-4dff-94e0-4ceef974d5c5.jpeg","type":"image\/jpeg"}],"twitter_card":"summary_large_image","twitter_misc":{"Est. reading time":"3 minutes"},"schema":{"@context":"https:\/\/schema.org","@graph":[{"@type":"WebPage","@id":"https:\/\/velarogverkfaeri.is\/verkfaeralausnir\/rafmagnsverkfaeri\/hoggborvelar\/product\/skil-red-hoggskrufvel-hledslu-20v-3210ca-stakur-an-rafhlada-eda-hledslutaekis\/","url":"https:\/\/velarogverkfaeri.is\/verkfaeralausnir\/rafmagnsverkfaeri\/hoggborvelar\/product\/skil-red-hoggskrufvel-hledslu-20v-3210ca-stakur-an-rafhlada-eda-hledslutaekis\/","name":"SKIL RED ,H\u00f6ggskr\u00fafv\u00e9l Hle\u00f0slu 20V 3210CA -STAKUR \u00c1N RAFHLA\u00d0A E\u00d0A HLE\u00d0SLUT\u00c6KIS- V\u00e9lar &amp; Verkf\u00e6ri","isPartOf":{"@id":"https:\/\/velarogverkfaeri.is\/en\/#website"},"primaryImageOfPage":{"@id":"https:\/\/velarogverkfaeri.is\/verkfaeralausnir\/rafmagnsverkfaeri\/hoggborvelar\/product\/skil-red-hoggskrufvel-hledslu-20v-3210ca-stakur-an-rafhlada-eda-hledslutaekis\/#primaryimage"},"image":{"@id":"https:\/\/velarogverkfaeri.is\/verkfaeralausnir\/rafmagnsverkfaeri\/hoggborvelar\/product\/skil-red-hoggskrufvel-hledslu-20v-3210ca-stakur-an-rafhlada-eda-hledslutaekis\/#primaryimage"},"thumbnailUrl":"https:\/\/velarogverkfaeri.is\/wp-content\/uploads\/2023\/06\/29bd217d-22fe-4dff-94e0-4ceef974d5c5.jpeg","datePublished":"2023-04-28T17:41:10+00:00","dateModified":"2026-04-04T00:01:59+00:00","breadcrumb":{"@id":"https:\/\/velarogverkfaeri.is\/verkfaeralausnir\/rafmagnsverkfaeri\/hoggborvelar\/product\/skil-red-hoggskrufvel-hledslu-20v-3210ca-stakur-an-rafhlada-eda-hledslutaekis\/#breadcrumb"},"inLanguage":"en-US","potentialAction":[{"@type":"ReadAction","target":["https:\/\/velarogverkfaeri.is\/verkfaeralausnir\/rafmagnsverkfaeri\/hoggborvelar\/product\/skil-red-hoggskrufvel-hledslu-20v-3210ca-stakur-an-rafhlada-eda-hledslutaekis\/"]}]},{"@type":"ImageObject","inLanguage":"en-US","@id":"https:\/\/velarogverkfaeri.is\/verkfaeralausnir\/rafmagnsverkfaeri\/hoggborvelar\/product\/skil-red-hoggskrufvel-hledslu-20v-3210ca-stakur-an-rafhlada-eda-hledslutaekis\/#primaryimage","url":"https:\/\/velarogverkfaeri.is\/wp-content\/uploads\/2023\/06\/29bd217d-22fe-4dff-94e0-4ceef974d5c5.jpeg","contentUrl":"https:\/\/velarogverkfaeri.is\/wp-content\/uploads\/2023\/06\/29bd217d-22fe-4dff-94e0-4ceef974d5c5.jpeg","width":1024,"height":724},{"@type":"BreadcrumbList","@id":"https:\/\/velarogverkfaeri.is\/verkfaeralausnir\/rafmagnsverkfaeri\/hoggborvelar\/product\/skil-red-hoggskrufvel-hledslu-20v-3210ca-stakur-an-rafhlada-eda-hledslutaekis\/#breadcrumb","itemListElement":[{"@type":"ListItem","position":1,"name":"Home","item":"https:\/\/velarogverkfaeri.is\/"},{"@type":"ListItem","position":2,"name":"Vefverslun","item":"https:\/\/velarogverkfaeri.is\/vefverslun\/"},{"@type":"ListItem","position":3,"name":"SKIL RED ,H\u00f6ggskr\u00fafv\u00e9l Hle\u00f0slu 20V 3210CA -STAKUR \u00c1N RAFHLA\u00d0A E\u00d0A HLE\u00d0SLUT\u00c6KIS-"}]},{"@type":"WebSite","@id":"https:\/\/velarogverkfaeri.is\/en\/#website","url":"https:\/\/velarogverkfaeri.is\/en\/","name":"V\u00e9lar & Verkf\u00e6ri","description":"Umbo\u00f0s- og heildverslun fr\u00e1 \u00e1rinu 1919","publisher":{"@id":"https:\/\/velarogverkfaeri.is\/en\/#organization"},"potentialAction":[{"@type":"SearchAction","target":{"@type":"EntryPoint","urlTemplate":"https:\/\/velarogverkfaeri.is\/en\/?s={search_term_string}"},"query-input":{"@type":"PropertyValueSpecification","valueRequired":true,"valueName":"search_term_string"}}],"inLanguage":"en-US"},{"@type":"Organization","@id":"https:\/\/velarogverkfaeri.is\/en\/#organization","name":"V\u00e9lar & Verkf\u00e6ri","url":"https:\/\/velarogverkfaeri.is\/en\/","logo":{"@type":"ImageObject","inLanguage":"en-US","@id":"https:\/\/velarogverkfaeri.is\/en\/#\/schema\/logo\/image\/","url":"https:\/\/velarogverkfaeri.is\/wp-content\/uploads\/2021\/10\/vv_logo_350x100.png","contentUrl":"https:\/\/velarogverkfaeri.is\/wp-content\/uploads\/2021\/10\/vv_logo_350x100.png","width":350,"height":100,"caption":"V\u00e9lar & Verkf\u00e6ri"},"image":{"@id":"https:\/\/velarogverkfaeri.is\/en\/#\/schema\/logo\/image\/"},"sameAs":["https:\/\/www.facebook.com\/VelarOgVerkfaeri"]}]}},"_links":{"self":[{"href":"https:\/\/velarogverkfaeri.is\/en\/wp-json\/wp\/v2\/product\/25912","targetHints":{"allow":["GET"]}}],"collection":[{"href":"https:\/\/velarogverkfaeri.is\/en\/wp-json\/wp\/v2\/product"}],"about":[{"href":"https:\/\/velarogverkfaeri.is\/en\/wp-json\/wp\/v2\/types\/product"}],"replies":[{"embeddable":true,"href":"https:\/\/velarogverkfaeri.is\/en\/wp-json\/wp\/v2\/comments?post=25912"}],"wp:featuredmedia":[{"embeddable":true,"href":"https:\/\/velarogverkfaeri.is\/en\/wp-json\/wp\/v2\/media\/25911"}],"wp:attachment":[{"href":"https:\/\/velarogverkfaeri.is\/en\/wp-json\/wp\/v2\/media?parent=25912"}],"wp:term":[{"taxonomy":"product_brand","embeddable":true,"href":"https:\/\/velarogverkfaeri.is\/en\/wp-json\/wp\/v2\/product_brand?post=25912"},{"taxonomy":"product_cat","embeddable":true,"href":"https:\/\/velarogverkfaeri.is\/en\/wp-json\/wp\/v2\/product_cat?post=25912"},{"taxonomy":"product_tag","embeddable":true,"href":"https:\/\/velarogverkfaeri.is\/en\/wp-json\/wp\/v2\/product_tag?post=25912"}],"curies":[{"name":"wp","href":"https:\/\/api.w.org\/{rel}","templated":true}]}}