{"id":25867,"date":"2023-04-28T17:41:05","date_gmt":"2023-04-28T17:41:05","guid":{"rendered":"https:\/\/vv-dev.webdev.is\/?post_type=product&#038;p=25867"},"modified":"2025-09-23T09:30:41","modified_gmt":"2025-09-23T09:30:41","slug":"proox-sapuskammtari-pu-140-de-14-litra-fyrir-sotthreinsandi-rydfr","status":"publish","type":"product","link":"https:\/\/velarogverkfaeri.is\/en\/lykillausnir\/badherbergi-lykillausnir\/sapuskammtarar-badherbergi-lykillausnir\/product\/proox-sapuskammtari-pu-140-de-14-litra-fyrir-sotthreinsandi-rydfr\/","title":{"rendered":"PROOX S\u00e1puskammtari  1,4 L Ry\u00f0fr\u00edtt PU-140-DE"},"content":{"rendered":"<p>Skammtari fyrir s\u00f3tthreinsiefni me\u00f0 veggfestingu.<\/p>\n<p>Ry\u00f0fr\u00edtt st\u00e1l.<\/p>\n<p>Yfirbor\u00f0 me\u00f0 f\u00ednbursta\u00f0ri uppbyggingu.<\/p>\n<p>Hl\u00edf 1,5mm \u00feykkt.<\/p>\n<p>Gata\u00f0 h\u00f6nnunarsv\u00e6\u00f0i me\u00f0 4mm borum.<\/p>\n<p>L\u00e6sing ekki s\u00fdnileg.<\/p>\n<p>Skammtast\u00f6ng \u00far ry\u00f0fr\u00edu st\u00e1li.<\/p>\n<p>H\u00e1g\u00e6\u00f0a d\u00e6la me\u00f0 afturk\u00f6llunara\u00f0ger\u00f0.<\/p>\n<p>\u00c1fyllingartunna me\u00f0 loki.<\/p>\n<p>1,4 l\u00edtra r\u00famtak.&nbsp;<\/p>","protected":false},"excerpt":{"rendered":"<p>Tegund: PU-140-DE<\/p>","protected":false},"featured_media":25866,"comment_status":"closed","ping_status":"closed","template":"","meta":[],"product_brand":[],"product_cat":[580,517,621],"product_tag":[],"class_list":{"0":"post-25867","1":"product","2":"type-product","3":"status-publish","4":"has-post-thumbnail","6":"product_cat-badherbergi-lykillausnir","7":"product_cat-lykillausnir","8":"product_cat-sapuskammtarar-badherbergi-lykillausnir","10":"first","11":"instock","12":"taxable","13":"shipping-taxable","14":"purchasable","15":"product-type-simple"},"yoast_head":"<!-- This site is optimized with the Yoast SEO plugin v27.3 - https:\/\/yoast.com\/product\/yoast-seo-wordpress\/ -->\n<title>PROOX S\u00e1puskammtari 1,4 L Ry\u00f0fr\u00edtt PU-140-DE - V\u00e9lar &amp; Verkf\u00e6ri<\/title>\n<meta name=\"robots\" content=\"index, follow, max-snippet:-1, max-image-preview:large, max-video-preview:-1\" \/>\n<link rel=\"canonical\" href=\"https:\/\/velarogverkfaeri.is\/en\/lykillausnir\/badherbergi-lykillausnir\/sapuskammtarar-badherbergi-lykillausnir\/product\/proox-sapuskammtari-pu-140-de-14-litra-fyrir-sotthreinsandi-rydfr\/\" \/>\n<meta property=\"og:locale\" content=\"en_US\" \/>\n<meta property=\"og:type\" content=\"article\" \/>\n<meta property=\"og:title\" content=\"PROOX S\u00e1puskammtari 1,4 L Ry\u00f0fr\u00edtt PU-140-DE - V\u00e9lar &amp; Verkf\u00e6ri\" \/>\n<meta property=\"og:description\" content=\"Tegund: PU-140-DE\" \/>\n<meta property=\"og:url\" content=\"https:\/\/velarogverkfaeri.is\/en\/lykillausnir\/badherbergi-lykillausnir\/sapuskammtarar-badherbergi-lykillausnir\/product\/proox-sapuskammtari-pu-140-de-14-litra-fyrir-sotthreinsandi-rydfr\/\" \/>\n<meta property=\"og:site_name\" content=\"V\u00e9lar &amp; Verkf\u00e6ri\" \/>\n<meta property=\"article:publisher\" content=\"https:\/\/www.facebook.com\/VelarOgVerkfaeri\" \/>\n<meta property=\"article:modified_time\" content=\"2025-09-23T09:30:41+00:00\" \/>\n<meta property=\"og:image\" content=\"https:\/\/velarogverkfaeri.is\/wp-content\/uploads\/2023\/06\/186a9749-685c-4807-9593-4adc3abe948d.png\" \/>\n\t<meta property=\"og:image:width\" content=\"622\" \/>\n\t<meta property=\"og:image:height\" content=\"800\" \/>\n\t<meta property=\"og:image:type\" content=\"image\/png\" \/>\n<meta name=\"twitter:card\" content=\"summary_large_image\" \/>\n<script type=\"application\/ld+json\" class=\"yoast-schema-graph\">{\"@context\":\"https:\\\/\\\/schema.org\",\"@graph\":[{\"@type\":\"WebPage\",\"@id\":\"https:\\\/\\\/velarogverkfaeri.is\\\/lykillausnir\\\/badherbergi-lykillausnir\\\/sapuskammtarar-badherbergi-lykillausnir\\\/product\\\/proox-sapuskammtari-pu-140-de-14-litra-fyrir-sotthreinsandi-rydfr\\\/\",\"url\":\"https:\\\/\\\/velarogverkfaeri.is\\\/lykillausnir\\\/badherbergi-lykillausnir\\\/sapuskammtarar-badherbergi-lykillausnir\\\/product\\\/proox-sapuskammtari-pu-140-de-14-litra-fyrir-sotthreinsandi-rydfr\\\/\",\"name\":\"PROOX S\u00e1puskammtari 1,4 L Ry\u00f0fr\u00edtt PU-140-DE - V\u00e9lar &amp; Verkf\u00e6ri\",\"isPartOf\":{\"@id\":\"https:\\\/\\\/velarogverkfaeri.is\\\/en\\\/#website\"},\"primaryImageOfPage\":{\"@id\":\"https:\\\/\\\/velarogverkfaeri.is\\\/lykillausnir\\\/badherbergi-lykillausnir\\\/sapuskammtarar-badherbergi-lykillausnir\\\/product\\\/proox-sapuskammtari-pu-140-de-14-litra-fyrir-sotthreinsandi-rydfr\\\/#primaryimage\"},\"image\":{\"@id\":\"https:\\\/\\\/velarogverkfaeri.is\\\/lykillausnir\\\/badherbergi-lykillausnir\\\/sapuskammtarar-badherbergi-lykillausnir\\\/product\\\/proox-sapuskammtari-pu-140-de-14-litra-fyrir-sotthreinsandi-rydfr\\\/#primaryimage\"},\"thumbnailUrl\":\"https:\\\/\\\/velarogverkfaeri.is\\\/wp-content\\\/uploads\\\/2023\\\/06\\\/186a9749-685c-4807-9593-4adc3abe948d.png\",\"datePublished\":\"2023-04-28T17:41:05+00:00\",\"dateModified\":\"2025-09-23T09:30:41+00:00\",\"breadcrumb\":{\"@id\":\"https:\\\/\\\/velarogverkfaeri.is\\\/lykillausnir\\\/badherbergi-lykillausnir\\\/sapuskammtarar-badherbergi-lykillausnir\\\/product\\\/proox-sapuskammtari-pu-140-de-14-litra-fyrir-sotthreinsandi-rydfr\\\/#breadcrumb\"},\"inLanguage\":\"en-US\",\"potentialAction\":[{\"@type\":\"ReadAction\",\"target\":[\"https:\\\/\\\/velarogverkfaeri.is\\\/lykillausnir\\\/badherbergi-lykillausnir\\\/sapuskammtarar-badherbergi-lykillausnir\\\/product\\\/proox-sapuskammtari-pu-140-de-14-litra-fyrir-sotthreinsandi-rydfr\\\/\"]}]},{\"@type\":\"ImageObject\",\"inLanguage\":\"en-US\",\"@id\":\"https:\\\/\\\/velarogverkfaeri.is\\\/lykillausnir\\\/badherbergi-lykillausnir\\\/sapuskammtarar-badherbergi-lykillausnir\\\/product\\\/proox-sapuskammtari-pu-140-de-14-litra-fyrir-sotthreinsandi-rydfr\\\/#primaryimage\",\"url\":\"https:\\\/\\\/velarogverkfaeri.is\\\/wp-content\\\/uploads\\\/2023\\\/06\\\/186a9749-685c-4807-9593-4adc3abe948d.png\",\"contentUrl\":\"https:\\\/\\\/velarogverkfaeri.is\\\/wp-content\\\/uploads\\\/2023\\\/06\\\/186a9749-685c-4807-9593-4adc3abe948d.png\",\"width\":622,\"height\":800},{\"@type\":\"BreadcrumbList\",\"@id\":\"https:\\\/\\\/velarogverkfaeri.is\\\/lykillausnir\\\/badherbergi-lykillausnir\\\/sapuskammtarar-badherbergi-lykillausnir\\\/product\\\/proox-sapuskammtari-pu-140-de-14-litra-fyrir-sotthreinsandi-rydfr\\\/#breadcrumb\",\"itemListElement\":[{\"@type\":\"ListItem\",\"position\":1,\"name\":\"Home\",\"item\":\"https:\\\/\\\/velarogverkfaeri.is\\\/\"},{\"@type\":\"ListItem\",\"position\":2,\"name\":\"Vefverslun\",\"item\":\"https:\\\/\\\/velarogverkfaeri.is\\\/vefverslun\\\/\"},{\"@type\":\"ListItem\",\"position\":3,\"name\":\"PROOX S\u00e1puskammtari 1,4 L Ry\u00f0fr\u00edtt PU-140-DE\"}]},{\"@type\":\"WebSite\",\"@id\":\"https:\\\/\\\/velarogverkfaeri.is\\\/en\\\/#website\",\"url\":\"https:\\\/\\\/velarogverkfaeri.is\\\/en\\\/\",\"name\":\"V\u00e9lar & Verkf\u00e6ri\",\"description\":\"Umbo\u00f0s- og heildverslun fr\u00e1 \u00e1rinu 1919\",\"publisher\":{\"@id\":\"https:\\\/\\\/velarogverkfaeri.is\\\/en\\\/#organization\"},\"potentialAction\":[{\"@type\":\"SearchAction\",\"target\":{\"@type\":\"EntryPoint\",\"urlTemplate\":\"https:\\\/\\\/velarogverkfaeri.is\\\/en\\\/?s={search_term_string}\"},\"query-input\":{\"@type\":\"PropertyValueSpecification\",\"valueRequired\":true,\"valueName\":\"search_term_string\"}}],\"inLanguage\":\"en-US\"},{\"@type\":\"Organization\",\"@id\":\"https:\\\/\\\/velarogverkfaeri.is\\\/en\\\/#organization\",\"name\":\"V\u00e9lar & Verkf\u00e6ri\",\"url\":\"https:\\\/\\\/velarogverkfaeri.is\\\/en\\\/\",\"logo\":{\"@type\":\"ImageObject\",\"inLanguage\":\"en-US\",\"@id\":\"https:\\\/\\\/velarogverkfaeri.is\\\/en\\\/#\\\/schema\\\/logo\\\/image\\\/\",\"url\":\"https:\\\/\\\/velarogverkfaeri.is\\\/wp-content\\\/uploads\\\/2021\\\/10\\\/vv_logo_350x100.png\",\"contentUrl\":\"https:\\\/\\\/velarogverkfaeri.is\\\/wp-content\\\/uploads\\\/2021\\\/10\\\/vv_logo_350x100.png\",\"width\":350,\"height\":100,\"caption\":\"V\u00e9lar & Verkf\u00e6ri\"},\"image\":{\"@id\":\"https:\\\/\\\/velarogverkfaeri.is\\\/en\\\/#\\\/schema\\\/logo\\\/image\\\/\"},\"sameAs\":[\"https:\\\/\\\/www.facebook.com\\\/VelarOgVerkfaeri\"]}]}<\/script>\n<!-- \/ Yoast SEO plugin. -->","yoast_head_json":{"title":"PROOX S\u00e1puskammtari 1,4 L Ry\u00f0fr\u00edtt PU-140-DE - V\u00e9lar &amp; Verkf\u00e6ri","robots":{"index":"index","follow":"follow","max-snippet":"max-snippet:-1","max-image-preview":"max-image-preview:large","max-video-preview":"max-video-preview:-1"},"canonical":"https:\/\/velarogverkfaeri.is\/en\/lykillausnir\/badherbergi-lykillausnir\/sapuskammtarar-badherbergi-lykillausnir\/product\/proox-sapuskammtari-pu-140-de-14-litra-fyrir-sotthreinsandi-rydfr\/","og_locale":"en_US","og_type":"article","og_title":"PROOX S\u00e1puskammtari 1,4 L Ry\u00f0fr\u00edtt PU-140-DE - V\u00e9lar &amp; Verkf\u00e6ri","og_description":"Tegund: PU-140-DE","og_url":"https:\/\/velarogverkfaeri.is\/en\/lykillausnir\/badherbergi-lykillausnir\/sapuskammtarar-badherbergi-lykillausnir\/product\/proox-sapuskammtari-pu-140-de-14-litra-fyrir-sotthreinsandi-rydfr\/","og_site_name":"V\u00e9lar &amp; Verkf\u00e6ri","article_publisher":"https:\/\/www.facebook.com\/VelarOgVerkfaeri","article_modified_time":"2025-09-23T09:30:41+00:00","og_image":[{"width":622,"height":800,"url":"https:\/\/velarogverkfaeri.is\/wp-content\/uploads\/2023\/06\/186a9749-685c-4807-9593-4adc3abe948d.png","type":"image\/png"}],"twitter_card":"summary_large_image","schema":{"@context":"https:\/\/schema.org","@graph":[{"@type":"WebPage","@id":"https:\/\/velarogverkfaeri.is\/lykillausnir\/badherbergi-lykillausnir\/sapuskammtarar-badherbergi-lykillausnir\/product\/proox-sapuskammtari-pu-140-de-14-litra-fyrir-sotthreinsandi-rydfr\/","url":"https:\/\/velarogverkfaeri.is\/lykillausnir\/badherbergi-lykillausnir\/sapuskammtarar-badherbergi-lykillausnir\/product\/proox-sapuskammtari-pu-140-de-14-litra-fyrir-sotthreinsandi-rydfr\/","name":"PROOX S\u00e1puskammtari 1,4 L Ry\u00f0fr\u00edtt PU-140-DE - V\u00e9lar &amp; Verkf\u00e6ri","isPartOf":{"@id":"https:\/\/velarogverkfaeri.is\/en\/#website"},"primaryImageOfPage":{"@id":"https:\/\/velarogverkfaeri.is\/lykillausnir\/badherbergi-lykillausnir\/sapuskammtarar-badherbergi-lykillausnir\/product\/proox-sapuskammtari-pu-140-de-14-litra-fyrir-sotthreinsandi-rydfr\/#primaryimage"},"image":{"@id":"https:\/\/velarogverkfaeri.is\/lykillausnir\/badherbergi-lykillausnir\/sapuskammtarar-badherbergi-lykillausnir\/product\/proox-sapuskammtari-pu-140-de-14-litra-fyrir-sotthreinsandi-rydfr\/#primaryimage"},"thumbnailUrl":"https:\/\/velarogverkfaeri.is\/wp-content\/uploads\/2023\/06\/186a9749-685c-4807-9593-4adc3abe948d.png","datePublished":"2023-04-28T17:41:05+00:00","dateModified":"2025-09-23T09:30:41+00:00","breadcrumb":{"@id":"https:\/\/velarogverkfaeri.is\/lykillausnir\/badherbergi-lykillausnir\/sapuskammtarar-badherbergi-lykillausnir\/product\/proox-sapuskammtari-pu-140-de-14-litra-fyrir-sotthreinsandi-rydfr\/#breadcrumb"},"inLanguage":"en-US","potentialAction":[{"@type":"ReadAction","target":["https:\/\/velarogverkfaeri.is\/lykillausnir\/badherbergi-lykillausnir\/sapuskammtarar-badherbergi-lykillausnir\/product\/proox-sapuskammtari-pu-140-de-14-litra-fyrir-sotthreinsandi-rydfr\/"]}]},{"@type":"ImageObject","inLanguage":"en-US","@id":"https:\/\/velarogverkfaeri.is\/lykillausnir\/badherbergi-lykillausnir\/sapuskammtarar-badherbergi-lykillausnir\/product\/proox-sapuskammtari-pu-140-de-14-litra-fyrir-sotthreinsandi-rydfr\/#primaryimage","url":"https:\/\/velarogverkfaeri.is\/wp-content\/uploads\/2023\/06\/186a9749-685c-4807-9593-4adc3abe948d.png","contentUrl":"https:\/\/velarogverkfaeri.is\/wp-content\/uploads\/2023\/06\/186a9749-685c-4807-9593-4adc3abe948d.png","width":622,"height":800},{"@type":"BreadcrumbList","@id":"https:\/\/velarogverkfaeri.is\/lykillausnir\/badherbergi-lykillausnir\/sapuskammtarar-badherbergi-lykillausnir\/product\/proox-sapuskammtari-pu-140-de-14-litra-fyrir-sotthreinsandi-rydfr\/#breadcrumb","itemListElement":[{"@type":"ListItem","position":1,"name":"Home","item":"https:\/\/velarogverkfaeri.is\/"},{"@type":"ListItem","position":2,"name":"Vefverslun","item":"https:\/\/velarogverkfaeri.is\/vefverslun\/"},{"@type":"ListItem","position":3,"name":"PROOX S\u00e1puskammtari 1,4 L Ry\u00f0fr\u00edtt PU-140-DE"}]},{"@type":"WebSite","@id":"https:\/\/velarogverkfaeri.is\/en\/#website","url":"https:\/\/velarogverkfaeri.is\/en\/","name":"V\u00e9lar & Verkf\u00e6ri","description":"Umbo\u00f0s- og heildverslun fr\u00e1 \u00e1rinu 1919","publisher":{"@id":"https:\/\/velarogverkfaeri.is\/en\/#organization"},"potentialAction":[{"@type":"SearchAction","target":{"@type":"EntryPoint","urlTemplate":"https:\/\/velarogverkfaeri.is\/en\/?s={search_term_string}"},"query-input":{"@type":"PropertyValueSpecification","valueRequired":true,"valueName":"search_term_string"}}],"inLanguage":"en-US"},{"@type":"Organization","@id":"https:\/\/velarogverkfaeri.is\/en\/#organization","name":"V\u00e9lar & Verkf\u00e6ri","url":"https:\/\/velarogverkfaeri.is\/en\/","logo":{"@type":"ImageObject","inLanguage":"en-US","@id":"https:\/\/velarogverkfaeri.is\/en\/#\/schema\/logo\/image\/","url":"https:\/\/velarogverkfaeri.is\/wp-content\/uploads\/2021\/10\/vv_logo_350x100.png","contentUrl":"https:\/\/velarogverkfaeri.is\/wp-content\/uploads\/2021\/10\/vv_logo_350x100.png","width":350,"height":100,"caption":"V\u00e9lar & Verkf\u00e6ri"},"image":{"@id":"https:\/\/velarogverkfaeri.is\/en\/#\/schema\/logo\/image\/"},"sameAs":["https:\/\/www.facebook.com\/VelarOgVerkfaeri"]}]}},"_links":{"self":[{"href":"https:\/\/velarogverkfaeri.is\/en\/wp-json\/wp\/v2\/product\/25867","targetHints":{"allow":["GET"]}}],"collection":[{"href":"https:\/\/velarogverkfaeri.is\/en\/wp-json\/wp\/v2\/product"}],"about":[{"href":"https:\/\/velarogverkfaeri.is\/en\/wp-json\/wp\/v2\/types\/product"}],"replies":[{"embeddable":true,"href":"https:\/\/velarogverkfaeri.is\/en\/wp-json\/wp\/v2\/comments?post=25867"}],"wp:featuredmedia":[{"embeddable":true,"href":"https:\/\/velarogverkfaeri.is\/en\/wp-json\/wp\/v2\/media\/25866"}],"wp:attachment":[{"href":"https:\/\/velarogverkfaeri.is\/en\/wp-json\/wp\/v2\/media?parent=25867"}],"wp:term":[{"taxonomy":"product_brand","embeddable":true,"href":"https:\/\/velarogverkfaeri.is\/en\/wp-json\/wp\/v2\/product_brand?post=25867"},{"taxonomy":"product_cat","embeddable":true,"href":"https:\/\/velarogverkfaeri.is\/en\/wp-json\/wp\/v2\/product_cat?post=25867"},{"taxonomy":"product_tag","embeddable":true,"href":"https:\/\/velarogverkfaeri.is\/en\/wp-json\/wp\/v2\/product_tag?post=25867"}],"curies":[{"name":"wp","href":"https:\/\/api.w.org\/{rel}","templated":true}]}}