{"id":25411,"date":"2023-04-28T17:39:47","date_gmt":"2023-04-28T17:39:47","guid":{"rendered":"https:\/\/vv-dev.webdev.is\/?post_type=product&#038;p=25411"},"modified":"2026-02-23T12:45:20","modified_gmt":"2026-02-23T12:45:20","slug":"rco-takkalas-fyrir-rafhlodur-nokey-force-kc03-utandyra-fyrir-assa-laesingu","status":"publish","type":"product","link":"https:\/\/velarogverkfaeri.is\/en\/lykillausnir\/adgangskerfi\/takkalasar-adgangskerfi\/product\/rco-takkalas-fyrir-rafhlodur-nokey-force-kc03-utandyra-fyrir-assa-laesingu\/","title":{"rendered":"RCO FORCE KC03 NoKEY Takkal\u00e1s f. ASSA l\u00e6singu"},"content":{"rendered":"<p>K\u00f3\u00f0al\u00e1s er fullkominn valkostur \u00feegar margir munu fara \u00ed gegnum hur\u00f0ina, e\u00f0a \u00ed einb\u00fdlish\u00fasi e\u00f0a \u00edb\u00fa\u00f0 \u00fear sem \u00fe\u00fa vilt hafa hana l\u00e6sta \u00feegar \u00fe\u00fa fer\u00f0. \u00d3l\u00e6star hur\u00f0ir \u00fe\u00fd\u00f0a l\u00edti\u00f0 \u00f6ryggi. Lausnin er NoKey force \u2013 s\u00e6nsk vara a\u00f0l\u00f6gu\u00f0 a\u00f0 norr\u00e6num a\u00f0st\u00e6\u00f0um.<\/p>\n<p>\u00deetta l\u00edkan er b\u00fai\u00f0 til me\u00f0 hn\u00fa\u00f0 a\u00f0 innan og h\u00e6gt er a\u00f0 fullkomna \u00fea\u00f0 me\u00f0 spor\u00f6skjulaga e\u00f0a kringl\u00f3ttum strokki a\u00f0 utan. \u00deetta hentar l\u00edka til d\u00e6mis \u00ed verslanir en einnig er h\u00e6gt a\u00f0 setja \u00feetta \u00e1 innkeyrsluhur\u00f0ir \u00fev\u00ed h\u00e6gt er a\u00f0 l\u00e6sa \u00feeim tryggilega me\u00f0 strokka og n\u00e1 \u00feannig auknu \u00f6ryggi. Me\u00f0 \u00fev\u00ed a\u00f0 setja inn k\u00f3\u00f0a getur ma\u00f0ur opna\u00f0 hur\u00f0ina og fari\u00f0 inn. \u00datgangur \u00e1 s\u00e9r sta\u00f0 beint me\u00f0 \u00fev\u00ed a\u00f0 toga handfangi\u00f0 ni\u00f0ur \u00feegar strokkurinn er \u00f3l\u00e6stur.<\/p>\n<p>K\u00f3\u00f0al\u00e1sinn notar venjulegar AA rafhl\u00f6\u00f0ur sem hafa mj\u00f6g langan l\u00edft\u00edma &#8211; um \u00fea\u00f0 bil \u00ferj\u00fa \u00e1r mi\u00f0a\u00f0 vi\u00f0 hundra\u00f0 opnanir \u00e1 dag.&nbsp;<\/p>\n<p>NoKey force b\u00fd\u00f0ur upp \u00e1 miki\u00f0 \u00f6ryggi vegna \u00feess a\u00f0 allar tengingar og v\u00e9lb\u00fana\u00f0ur er innan dyra, sem gerir me\u00f0h\u00f6ndlun verulega erfi\u00f0ari mi\u00f0a\u00f0 vi\u00f0 v\u00f6rur me\u00f0 allt a\u00f0 utan.<\/p>\n<p>Skipt um rafhl\u00f6\u00f0u a\u00f0eins um eina skr\u00fafu.<\/p>\n<p>Rafhla\u00f0a (J\/N): J\u00e1<\/p>\n<p>A\u00f0gangur: K\u00f3\u00f0i, kort<\/p>\n<p>Litur: Silfur<\/p>\n<p>Efni: Undirvagn \u00far sinki, hl\u00edf \u00far aluzink, rafhl\u00f6\u00f0ulok \u00ed PC\/ABS, handfang \u00far sinki (nikkelfr\u00edtt)<\/p>\n<p>Fj\u00f6ldi k\u00f3\u00f0a: 98 stykki 3-6 t\u00f6lustafir<\/p>\n<p>Opnunart\u00edmi: 1\u201330 sek\u00fandur<\/p>\n<p>Spenna: 5 stk. AA alkaline rafhl\u00f6\u00f0ur (fylgir ekki)<\/p>\n<p>Valspenna: 9 volta rafhla\u00f0a (6LR6) fyrir varaafl a\u00f0 utan. Ytri frambo\u00f0 a\u00f0 innan me\u00f0 9 volta DC.<\/p>\n<p>Hitasvi\u00f0 inni: +5 til +40\u00b0C<\/p>\n<p>Hitasvi\u00f0 \u00fati: -25 til +55\u00b0C<\/p>\n<p>Hur\u00f0ar\u00feykkt: 38-80 mm<\/p>\n<p>Innanm\u00e1l: (hxbx\u00fe): 272x68x25 mm<\/p>\n<p>Ytri m\u00e1l: (hxbx\u00fe): 260x67x17 mm<\/p>","protected":false},"excerpt":{"rendered":"<p>K\u00f3\u00f0al\u00e1s er fullkominn valkostur \u00feegar margir munu fara \u00ed gegnum hur\u00f0ina, e\u00f0a \u00ed einb\u00fdlish\u00fasi e\u00f0a \u00edb\u00fa\u00f0 \u00fear sem \u00fe\u00fa vilt hafa hana l\u00e6sta \u00feegar \u00fe\u00fa fer\u00f0. \u00d3l\u00e6star hur\u00f0ir \u00fe\u00fd\u00f0a l\u00edti\u00f0 \u00f6ryggi. Lausnin er NoKey force \u2013 s\u00e6nsk vara a\u00f0l\u00f6gu\u00f0 a\u00f0 norr\u00e6num a\u00f0st\u00e6\u00f0um. \u00deetta l\u00edkan er b\u00fai\u00f0 til me\u00f0 hn\u00fa\u00f0 a\u00f0 innan og h\u00e6gt er a\u00f0 [&hellip;]<\/p>\n","protected":false},"featured_media":56577,"comment_status":"closed","ping_status":"closed","template":"","meta":[],"product_brand":[],"product_cat":[579,517,608],"product_tag":[],"class_list":{"0":"post-25411","1":"product","2":"type-product","3":"status-publish","4":"has-post-thumbnail","6":"product_cat-adgangskerfi","7":"product_cat-lykillausnir","8":"product_cat-takkalasar-adgangskerfi","10":"first","11":"instock","12":"taxable","13":"shipping-taxable","14":"purchasable","15":"product-type-simple"},"yoast_head":"<!-- This site is optimized with the Yoast SEO plugin v27.3 - https:\/\/yoast.com\/product\/yoast-seo-wordpress\/ -->\n<title>RCO FORCE KC03 NoKEY Takkal\u00e1s f. ASSA l\u00e6singu - V\u00e9lar &amp; Verkf\u00e6ri<\/title>\n<meta name=\"robots\" content=\"index, follow, max-snippet:-1, max-image-preview:large, max-video-preview:-1\" \/>\n<link rel=\"canonical\" href=\"https:\/\/velarogverkfaeri.is\/en\/lykillausnir\/adgangskerfi\/takkalasar-adgangskerfi\/product\/rco-takkalas-fyrir-rafhlodur-nokey-force-kc03-utandyra-fyrir-assa-laesingu\/\" \/>\n<meta property=\"og:locale\" content=\"en_US\" \/>\n<meta property=\"og:type\" content=\"article\" \/>\n<meta property=\"og:title\" content=\"RCO FORCE KC03 NoKEY Takkal\u00e1s f. ASSA l\u00e6singu - V\u00e9lar &amp; Verkf\u00e6ri\" \/>\n<meta property=\"og:description\" content=\"K\u00f3\u00f0al\u00e1s er fullkominn valkostur \u00feegar margir munu fara \u00ed gegnum hur\u00f0ina, e\u00f0a \u00ed einb\u00fdlish\u00fasi e\u00f0a \u00edb\u00fa\u00f0 \u00fear sem \u00fe\u00fa vilt hafa hana l\u00e6sta \u00feegar \u00fe\u00fa fer\u00f0. \u00d3l\u00e6star hur\u00f0ir \u00fe\u00fd\u00f0a l\u00edti\u00f0 \u00f6ryggi. Lausnin er NoKey force \u2013 s\u00e6nsk vara a\u00f0l\u00f6gu\u00f0 a\u00f0 norr\u00e6num a\u00f0st\u00e6\u00f0um. \u00deetta l\u00edkan er b\u00fai\u00f0 til me\u00f0 hn\u00fa\u00f0 a\u00f0 innan og h\u00e6gt er a\u00f0 [&hellip;]\" \/>\n<meta property=\"og:url\" content=\"https:\/\/velarogverkfaeri.is\/en\/lykillausnir\/adgangskerfi\/takkalasar-adgangskerfi\/product\/rco-takkalas-fyrir-rafhlodur-nokey-force-kc03-utandyra-fyrir-assa-laesingu\/\" \/>\n<meta property=\"og:site_name\" content=\"V\u00e9lar &amp; Verkf\u00e6ri\" \/>\n<meta property=\"article:publisher\" content=\"https:\/\/www.facebook.com\/VelarOgVerkfaeri\" \/>\n<meta property=\"article:modified_time\" content=\"2026-02-23T12:45:20+00:00\" \/>\n<meta property=\"og:image\" content=\"https:\/\/velarogverkfaeri.is\/wp-content\/uploads\/2024\/01\/393ece56-6574-4a3e-b308-b0a44b55a540.jpeg\" \/>\n\t<meta property=\"og:image:width\" content=\"1000\" \/>\n\t<meta property=\"og:image:height\" content=\"669\" \/>\n\t<meta property=\"og:image:type\" content=\"image\/jpeg\" \/>\n<meta name=\"twitter:card\" content=\"summary_large_image\" \/>\n<meta name=\"twitter:label1\" content=\"Est. reading time\" \/>\n\t<meta name=\"twitter:data1\" content=\"2 minutes\" \/>\n<script type=\"application\/ld+json\" class=\"yoast-schema-graph\">{\"@context\":\"https:\\\/\\\/schema.org\",\"@graph\":[{\"@type\":\"WebPage\",\"@id\":\"https:\\\/\\\/velarogverkfaeri.is\\\/lykillausnir\\\/adgangskerfi\\\/takkalasar-adgangskerfi\\\/product\\\/rco-takkalas-fyrir-rafhlodur-nokey-force-kc03-utandyra-fyrir-assa-laesingu\\\/\",\"url\":\"https:\\\/\\\/velarogverkfaeri.is\\\/lykillausnir\\\/adgangskerfi\\\/takkalasar-adgangskerfi\\\/product\\\/rco-takkalas-fyrir-rafhlodur-nokey-force-kc03-utandyra-fyrir-assa-laesingu\\\/\",\"name\":\"RCO FORCE KC03 NoKEY Takkal\u00e1s f. ASSA l\u00e6singu - V\u00e9lar &amp; Verkf\u00e6ri\",\"isPartOf\":{\"@id\":\"https:\\\/\\\/velarogverkfaeri.is\\\/en\\\/#website\"},\"primaryImageOfPage\":{\"@id\":\"https:\\\/\\\/velarogverkfaeri.is\\\/lykillausnir\\\/adgangskerfi\\\/takkalasar-adgangskerfi\\\/product\\\/rco-takkalas-fyrir-rafhlodur-nokey-force-kc03-utandyra-fyrir-assa-laesingu\\\/#primaryimage\"},\"image\":{\"@id\":\"https:\\\/\\\/velarogverkfaeri.is\\\/lykillausnir\\\/adgangskerfi\\\/takkalasar-adgangskerfi\\\/product\\\/rco-takkalas-fyrir-rafhlodur-nokey-force-kc03-utandyra-fyrir-assa-laesingu\\\/#primaryimage\"},\"thumbnailUrl\":\"https:\\\/\\\/velarogverkfaeri.is\\\/wp-content\\\/uploads\\\/2024\\\/01\\\/393ece56-6574-4a3e-b308-b0a44b55a540.jpeg\",\"datePublished\":\"2023-04-28T17:39:47+00:00\",\"dateModified\":\"2026-02-23T12:45:20+00:00\",\"breadcrumb\":{\"@id\":\"https:\\\/\\\/velarogverkfaeri.is\\\/lykillausnir\\\/adgangskerfi\\\/takkalasar-adgangskerfi\\\/product\\\/rco-takkalas-fyrir-rafhlodur-nokey-force-kc03-utandyra-fyrir-assa-laesingu\\\/#breadcrumb\"},\"inLanguage\":\"en-US\",\"potentialAction\":[{\"@type\":\"ReadAction\",\"target\":[\"https:\\\/\\\/velarogverkfaeri.is\\\/lykillausnir\\\/adgangskerfi\\\/takkalasar-adgangskerfi\\\/product\\\/rco-takkalas-fyrir-rafhlodur-nokey-force-kc03-utandyra-fyrir-assa-laesingu\\\/\"]}]},{\"@type\":\"ImageObject\",\"inLanguage\":\"en-US\",\"@id\":\"https:\\\/\\\/velarogverkfaeri.is\\\/lykillausnir\\\/adgangskerfi\\\/takkalasar-adgangskerfi\\\/product\\\/rco-takkalas-fyrir-rafhlodur-nokey-force-kc03-utandyra-fyrir-assa-laesingu\\\/#primaryimage\",\"url\":\"https:\\\/\\\/velarogverkfaeri.is\\\/wp-content\\\/uploads\\\/2024\\\/01\\\/393ece56-6574-4a3e-b308-b0a44b55a540.jpeg\",\"contentUrl\":\"https:\\\/\\\/velarogverkfaeri.is\\\/wp-content\\\/uploads\\\/2024\\\/01\\\/393ece56-6574-4a3e-b308-b0a44b55a540.jpeg\",\"width\":1000,\"height\":669},{\"@type\":\"BreadcrumbList\",\"@id\":\"https:\\\/\\\/velarogverkfaeri.is\\\/lykillausnir\\\/adgangskerfi\\\/takkalasar-adgangskerfi\\\/product\\\/rco-takkalas-fyrir-rafhlodur-nokey-force-kc03-utandyra-fyrir-assa-laesingu\\\/#breadcrumb\",\"itemListElement\":[{\"@type\":\"ListItem\",\"position\":1,\"name\":\"Home\",\"item\":\"https:\\\/\\\/velarogverkfaeri.is\\\/\"},{\"@type\":\"ListItem\",\"position\":2,\"name\":\"Vefverslun\",\"item\":\"https:\\\/\\\/velarogverkfaeri.is\\\/vefverslun\\\/\"},{\"@type\":\"ListItem\",\"position\":3,\"name\":\"RCO FORCE KC03 NoKEY Takkal\u00e1s f. ASSA l\u00e6singu\"}]},{\"@type\":\"WebSite\",\"@id\":\"https:\\\/\\\/velarogverkfaeri.is\\\/en\\\/#website\",\"url\":\"https:\\\/\\\/velarogverkfaeri.is\\\/en\\\/\",\"name\":\"V\u00e9lar & Verkf\u00e6ri\",\"description\":\"Umbo\u00f0s- og heildverslun fr\u00e1 \u00e1rinu 1919\",\"publisher\":{\"@id\":\"https:\\\/\\\/velarogverkfaeri.is\\\/en\\\/#organization\"},\"potentialAction\":[{\"@type\":\"SearchAction\",\"target\":{\"@type\":\"EntryPoint\",\"urlTemplate\":\"https:\\\/\\\/velarogverkfaeri.is\\\/en\\\/?s={search_term_string}\"},\"query-input\":{\"@type\":\"PropertyValueSpecification\",\"valueRequired\":true,\"valueName\":\"search_term_string\"}}],\"inLanguage\":\"en-US\"},{\"@type\":\"Organization\",\"@id\":\"https:\\\/\\\/velarogverkfaeri.is\\\/en\\\/#organization\",\"name\":\"V\u00e9lar & Verkf\u00e6ri\",\"url\":\"https:\\\/\\\/velarogverkfaeri.is\\\/en\\\/\",\"logo\":{\"@type\":\"ImageObject\",\"inLanguage\":\"en-US\",\"@id\":\"https:\\\/\\\/velarogverkfaeri.is\\\/en\\\/#\\\/schema\\\/logo\\\/image\\\/\",\"url\":\"https:\\\/\\\/velarogverkfaeri.is\\\/wp-content\\\/uploads\\\/2021\\\/10\\\/vv_logo_350x100.png\",\"contentUrl\":\"https:\\\/\\\/velarogverkfaeri.is\\\/wp-content\\\/uploads\\\/2021\\\/10\\\/vv_logo_350x100.png\",\"width\":350,\"height\":100,\"caption\":\"V\u00e9lar & Verkf\u00e6ri\"},\"image\":{\"@id\":\"https:\\\/\\\/velarogverkfaeri.is\\\/en\\\/#\\\/schema\\\/logo\\\/image\\\/\"},\"sameAs\":[\"https:\\\/\\\/www.facebook.com\\\/VelarOgVerkfaeri\"]}]}<\/script>\n<!-- \/ Yoast SEO plugin. -->","yoast_head_json":{"title":"RCO FORCE KC03 NoKEY Takkal\u00e1s f. ASSA l\u00e6singu - V\u00e9lar &amp; Verkf\u00e6ri","robots":{"index":"index","follow":"follow","max-snippet":"max-snippet:-1","max-image-preview":"max-image-preview:large","max-video-preview":"max-video-preview:-1"},"canonical":"https:\/\/velarogverkfaeri.is\/en\/lykillausnir\/adgangskerfi\/takkalasar-adgangskerfi\/product\/rco-takkalas-fyrir-rafhlodur-nokey-force-kc03-utandyra-fyrir-assa-laesingu\/","og_locale":"en_US","og_type":"article","og_title":"RCO FORCE KC03 NoKEY Takkal\u00e1s f. ASSA l\u00e6singu - V\u00e9lar &amp; Verkf\u00e6ri","og_description":"K\u00f3\u00f0al\u00e1s er fullkominn valkostur \u00feegar margir munu fara \u00ed gegnum hur\u00f0ina, e\u00f0a \u00ed einb\u00fdlish\u00fasi e\u00f0a \u00edb\u00fa\u00f0 \u00fear sem \u00fe\u00fa vilt hafa hana l\u00e6sta \u00feegar \u00fe\u00fa fer\u00f0. \u00d3l\u00e6star hur\u00f0ir \u00fe\u00fd\u00f0a l\u00edti\u00f0 \u00f6ryggi. Lausnin er NoKey force \u2013 s\u00e6nsk vara a\u00f0l\u00f6gu\u00f0 a\u00f0 norr\u00e6num a\u00f0st\u00e6\u00f0um. \u00deetta l\u00edkan er b\u00fai\u00f0 til me\u00f0 hn\u00fa\u00f0 a\u00f0 innan og h\u00e6gt er a\u00f0 [&hellip;]","og_url":"https:\/\/velarogverkfaeri.is\/en\/lykillausnir\/adgangskerfi\/takkalasar-adgangskerfi\/product\/rco-takkalas-fyrir-rafhlodur-nokey-force-kc03-utandyra-fyrir-assa-laesingu\/","og_site_name":"V\u00e9lar &amp; Verkf\u00e6ri","article_publisher":"https:\/\/www.facebook.com\/VelarOgVerkfaeri","article_modified_time":"2026-02-23T12:45:20+00:00","og_image":[{"width":1000,"height":669,"url":"https:\/\/velarogverkfaeri.is\/wp-content\/uploads\/2024\/01\/393ece56-6574-4a3e-b308-b0a44b55a540.jpeg","type":"image\/jpeg"}],"twitter_card":"summary_large_image","twitter_misc":{"Est. reading time":"2 minutes"},"schema":{"@context":"https:\/\/schema.org","@graph":[{"@type":"WebPage","@id":"https:\/\/velarogverkfaeri.is\/lykillausnir\/adgangskerfi\/takkalasar-adgangskerfi\/product\/rco-takkalas-fyrir-rafhlodur-nokey-force-kc03-utandyra-fyrir-assa-laesingu\/","url":"https:\/\/velarogverkfaeri.is\/lykillausnir\/adgangskerfi\/takkalasar-adgangskerfi\/product\/rco-takkalas-fyrir-rafhlodur-nokey-force-kc03-utandyra-fyrir-assa-laesingu\/","name":"RCO FORCE KC03 NoKEY Takkal\u00e1s f. ASSA l\u00e6singu - V\u00e9lar &amp; Verkf\u00e6ri","isPartOf":{"@id":"https:\/\/velarogverkfaeri.is\/en\/#website"},"primaryImageOfPage":{"@id":"https:\/\/velarogverkfaeri.is\/lykillausnir\/adgangskerfi\/takkalasar-adgangskerfi\/product\/rco-takkalas-fyrir-rafhlodur-nokey-force-kc03-utandyra-fyrir-assa-laesingu\/#primaryimage"},"image":{"@id":"https:\/\/velarogverkfaeri.is\/lykillausnir\/adgangskerfi\/takkalasar-adgangskerfi\/product\/rco-takkalas-fyrir-rafhlodur-nokey-force-kc03-utandyra-fyrir-assa-laesingu\/#primaryimage"},"thumbnailUrl":"https:\/\/velarogverkfaeri.is\/wp-content\/uploads\/2024\/01\/393ece56-6574-4a3e-b308-b0a44b55a540.jpeg","datePublished":"2023-04-28T17:39:47+00:00","dateModified":"2026-02-23T12:45:20+00:00","breadcrumb":{"@id":"https:\/\/velarogverkfaeri.is\/lykillausnir\/adgangskerfi\/takkalasar-adgangskerfi\/product\/rco-takkalas-fyrir-rafhlodur-nokey-force-kc03-utandyra-fyrir-assa-laesingu\/#breadcrumb"},"inLanguage":"en-US","potentialAction":[{"@type":"ReadAction","target":["https:\/\/velarogverkfaeri.is\/lykillausnir\/adgangskerfi\/takkalasar-adgangskerfi\/product\/rco-takkalas-fyrir-rafhlodur-nokey-force-kc03-utandyra-fyrir-assa-laesingu\/"]}]},{"@type":"ImageObject","inLanguage":"en-US","@id":"https:\/\/velarogverkfaeri.is\/lykillausnir\/adgangskerfi\/takkalasar-adgangskerfi\/product\/rco-takkalas-fyrir-rafhlodur-nokey-force-kc03-utandyra-fyrir-assa-laesingu\/#primaryimage","url":"https:\/\/velarogverkfaeri.is\/wp-content\/uploads\/2024\/01\/393ece56-6574-4a3e-b308-b0a44b55a540.jpeg","contentUrl":"https:\/\/velarogverkfaeri.is\/wp-content\/uploads\/2024\/01\/393ece56-6574-4a3e-b308-b0a44b55a540.jpeg","width":1000,"height":669},{"@type":"BreadcrumbList","@id":"https:\/\/velarogverkfaeri.is\/lykillausnir\/adgangskerfi\/takkalasar-adgangskerfi\/product\/rco-takkalas-fyrir-rafhlodur-nokey-force-kc03-utandyra-fyrir-assa-laesingu\/#breadcrumb","itemListElement":[{"@type":"ListItem","position":1,"name":"Home","item":"https:\/\/velarogverkfaeri.is\/"},{"@type":"ListItem","position":2,"name":"Vefverslun","item":"https:\/\/velarogverkfaeri.is\/vefverslun\/"},{"@type":"ListItem","position":3,"name":"RCO FORCE KC03 NoKEY Takkal\u00e1s f. ASSA l\u00e6singu"}]},{"@type":"WebSite","@id":"https:\/\/velarogverkfaeri.is\/en\/#website","url":"https:\/\/velarogverkfaeri.is\/en\/","name":"V\u00e9lar & Verkf\u00e6ri","description":"Umbo\u00f0s- og heildverslun fr\u00e1 \u00e1rinu 1919","publisher":{"@id":"https:\/\/velarogverkfaeri.is\/en\/#organization"},"potentialAction":[{"@type":"SearchAction","target":{"@type":"EntryPoint","urlTemplate":"https:\/\/velarogverkfaeri.is\/en\/?s={search_term_string}"},"query-input":{"@type":"PropertyValueSpecification","valueRequired":true,"valueName":"search_term_string"}}],"inLanguage":"en-US"},{"@type":"Organization","@id":"https:\/\/velarogverkfaeri.is\/en\/#organization","name":"V\u00e9lar & Verkf\u00e6ri","url":"https:\/\/velarogverkfaeri.is\/en\/","logo":{"@type":"ImageObject","inLanguage":"en-US","@id":"https:\/\/velarogverkfaeri.is\/en\/#\/schema\/logo\/image\/","url":"https:\/\/velarogverkfaeri.is\/wp-content\/uploads\/2021\/10\/vv_logo_350x100.png","contentUrl":"https:\/\/velarogverkfaeri.is\/wp-content\/uploads\/2021\/10\/vv_logo_350x100.png","width":350,"height":100,"caption":"V\u00e9lar & Verkf\u00e6ri"},"image":{"@id":"https:\/\/velarogverkfaeri.is\/en\/#\/schema\/logo\/image\/"},"sameAs":["https:\/\/www.facebook.com\/VelarOgVerkfaeri"]}]}},"_links":{"self":[{"href":"https:\/\/velarogverkfaeri.is\/en\/wp-json\/wp\/v2\/product\/25411","targetHints":{"allow":["GET"]}}],"collection":[{"href":"https:\/\/velarogverkfaeri.is\/en\/wp-json\/wp\/v2\/product"}],"about":[{"href":"https:\/\/velarogverkfaeri.is\/en\/wp-json\/wp\/v2\/types\/product"}],"replies":[{"embeddable":true,"href":"https:\/\/velarogverkfaeri.is\/en\/wp-json\/wp\/v2\/comments?post=25411"}],"wp:featuredmedia":[{"embeddable":true,"href":"https:\/\/velarogverkfaeri.is\/en\/wp-json\/wp\/v2\/media\/56577"}],"wp:attachment":[{"href":"https:\/\/velarogverkfaeri.is\/en\/wp-json\/wp\/v2\/media?parent=25411"}],"wp:term":[{"taxonomy":"product_brand","embeddable":true,"href":"https:\/\/velarogverkfaeri.is\/en\/wp-json\/wp\/v2\/product_brand?post=25411"},{"taxonomy":"product_cat","embeddable":true,"href":"https:\/\/velarogverkfaeri.is\/en\/wp-json\/wp\/v2\/product_cat?post=25411"},{"taxonomy":"product_tag","embeddable":true,"href":"https:\/\/velarogverkfaeri.is\/en\/wp-json\/wp\/v2\/product_tag?post=25411"}],"curies":[{"name":"wp","href":"https:\/\/api.w.org\/{rel}","templated":true}]}}