{"id":25132,"date":"2023-04-28T17:43:34","date_gmt":"2023-04-28T17:43:34","guid":{"rendered":"https:\/\/vv-dev.webdev.is\/?post_type=product&#038;p=25132"},"modified":"2026-04-04T00:02:07","modified_gmt":"2026-04-04T00:02:07","slug":"skil-red-kedjusog-20v-kolalaus-0534ca-stok","status":"publish","type":"product","link":"https:\/\/velarogverkfaeri.is\/en\/verkfaeralausnir\/gardverkfaeri\/gardverkfaeri-rafhloduknuin\/product\/skil-red-kedjusog-20v-kolalaus-0534ca-stok\/","title":{"rendered":"SKIL RED Ke\u00f0jus\u00f6g 20V Kolalaus 0534CA St\u00f6k"},"content":{"rendered":"","protected":false},"excerpt":{"rendered":"<p>\u00d6flug rafkn\u00fain hle\u00f0slu ke\u00f0jus\u00f6g fr\u00e1 Skil\u00a0. <br><br \/>\n30cm bla\u00f0lengd og h\u00e1r hra\u00f0i ke\u00f0ju gerir \u00feetta hentugt verkf\u00e6ri fyrir minni tr\u00e9drumba og greinar. <br><br \/>\nKolalaus m\u00f3tor gefur lengri rafhl\u00f6\u00f0uendingu. <br><br \/>\nSj\u00e1lfvirk smurning \u00e1 ke\u00f0ju. <br><br \/>\nHl\u00edf yfir ke\u00f0ju og kr\u00f3kur til a\u00f0 festa \u00e1 vegg fylgja me\u00f0. <br><br \/>\n<br><br \/>\nATH: Rafhla\u00f0a og hle\u00f0slut\u00e6ki fylgja ekki me\u00f0.<\/p>","protected":false},"featured_media":26824,"comment_status":"closed","ping_status":"closed","template":"","meta":[],"product_brand":[],"product_cat":[587,797,515],"product_tag":[1023,923,1039],"class_list":{"0":"post-25132","1":"product","2":"type-product","3":"status-publish","4":"has-post-thumbnail","6":"product_cat-gardverkfaeri","7":"product_cat-gardverkfaeri-rafhloduknuin","8":"product_cat-verkfaeralausnir","9":"product_tag-skil","10":"product_tag-skilgardurinn","11":"product_tag-sumar","13":"first","14":"instock","15":"taxable","16":"shipping-taxable","17":"purchasable","18":"product-type-simple"},"yoast_head":"<!-- This site is optimized with the Yoast SEO plugin v27.3 - https:\/\/yoast.com\/product\/yoast-seo-wordpress\/ -->\n<title>SKIL RED Ke\u00f0jus\u00f6g 20V Kolalaus 0534CA St\u00f6k - V\u00e9lar &amp; Verkf\u00e6ri<\/title>\n<meta name=\"robots\" content=\"index, follow, max-snippet:-1, max-image-preview:large, max-video-preview:-1\" \/>\n<link rel=\"canonical\" href=\"https:\/\/velarogverkfaeri.is\/en\/verkfaeralausnir\/gardverkfaeri\/gardverkfaeri-rafhloduknuin\/product\/skil-red-kedjusog-20v-kolalaus-0534ca-stok\/\" \/>\n<meta property=\"og:locale\" content=\"en_US\" \/>\n<meta property=\"og:type\" content=\"article\" \/>\n<meta property=\"og:title\" content=\"SKIL RED Ke\u00f0jus\u00f6g 20V Kolalaus 0534CA St\u00f6k - V\u00e9lar &amp; Verkf\u00e6ri\" \/>\n<meta property=\"og:description\" content=\"\u00d6flug rafkn\u00fain hle\u00f0slu ke\u00f0jus\u00f6g fr\u00e1 Skil\u00a0. 30cm bla\u00f0lengd og h\u00e1r hra\u00f0i ke\u00f0ju gerir \u00feetta hentugt verkf\u00e6ri fyrir minni tr\u00e9drumba og greinar. Kolalaus m\u00f3tor gefur lengri rafhl\u00f6\u00f0uendingu. Sj\u00e1lfvirk smurning \u00e1 ke\u00f0ju. Hl\u00edf yfir ke\u00f0ju og kr\u00f3kur til a\u00f0 festa \u00e1 vegg fylgja me\u00f0.  ATH: Rafhla\u00f0a og hle\u00f0slut\u00e6ki fylgja ekki me\u00f0.\" \/>\n<meta property=\"og:url\" content=\"https:\/\/velarogverkfaeri.is\/en\/verkfaeralausnir\/gardverkfaeri\/gardverkfaeri-rafhloduknuin\/product\/skil-red-kedjusog-20v-kolalaus-0534ca-stok\/\" \/>\n<meta property=\"og:site_name\" content=\"V\u00e9lar &amp; Verkf\u00e6ri\" \/>\n<meta property=\"article:publisher\" content=\"https:\/\/www.facebook.com\/VelarOgVerkfaeri\" \/>\n<meta property=\"article:modified_time\" content=\"2026-04-04T00:02:07+00:00\" \/>\n<meta property=\"og:image\" content=\"https:\/\/velarogverkfaeri.is\/wp-content\/uploads\/2023\/06\/0895fd52-ce58-414a-ab86-b6f55287bf77.jpeg\" \/>\n\t<meta property=\"og:image:width\" content=\"1280\" \/>\n\t<meta property=\"og:image:height\" content=\"720\" \/>\n\t<meta property=\"og:image:type\" content=\"image\/jpeg\" \/>\n<meta name=\"twitter:card\" content=\"summary_large_image\" \/>\n<script type=\"application\/ld+json\" class=\"yoast-schema-graph\">{\"@context\":\"https:\\\/\\\/schema.org\",\"@graph\":[{\"@type\":\"WebPage\",\"@id\":\"https:\\\/\\\/velarogverkfaeri.is\\\/verkfaeralausnir\\\/gardverkfaeri\\\/gardverkfaeri-rafhloduknuin\\\/product\\\/skil-red-kedjusog-20v-kolalaus-0534ca-stok\\\/\",\"url\":\"https:\\\/\\\/velarogverkfaeri.is\\\/verkfaeralausnir\\\/gardverkfaeri\\\/gardverkfaeri-rafhloduknuin\\\/product\\\/skil-red-kedjusog-20v-kolalaus-0534ca-stok\\\/\",\"name\":\"SKIL RED Ke\u00f0jus\u00f6g 20V Kolalaus 0534CA St\u00f6k - V\u00e9lar &amp; Verkf\u00e6ri\",\"isPartOf\":{\"@id\":\"https:\\\/\\\/velarogverkfaeri.is\\\/en\\\/#website\"},\"primaryImageOfPage\":{\"@id\":\"https:\\\/\\\/velarogverkfaeri.is\\\/verkfaeralausnir\\\/gardverkfaeri\\\/gardverkfaeri-rafhloduknuin\\\/product\\\/skil-red-kedjusog-20v-kolalaus-0534ca-stok\\\/#primaryimage\"},\"image\":{\"@id\":\"https:\\\/\\\/velarogverkfaeri.is\\\/verkfaeralausnir\\\/gardverkfaeri\\\/gardverkfaeri-rafhloduknuin\\\/product\\\/skil-red-kedjusog-20v-kolalaus-0534ca-stok\\\/#primaryimage\"},\"thumbnailUrl\":\"https:\\\/\\\/velarogverkfaeri.is\\\/wp-content\\\/uploads\\\/2023\\\/06\\\/0895fd52-ce58-414a-ab86-b6f55287bf77.jpeg\",\"datePublished\":\"2023-04-28T17:43:34+00:00\",\"dateModified\":\"2026-04-04T00:02:07+00:00\",\"breadcrumb\":{\"@id\":\"https:\\\/\\\/velarogverkfaeri.is\\\/verkfaeralausnir\\\/gardverkfaeri\\\/gardverkfaeri-rafhloduknuin\\\/product\\\/skil-red-kedjusog-20v-kolalaus-0534ca-stok\\\/#breadcrumb\"},\"inLanguage\":\"en-US\",\"potentialAction\":[{\"@type\":\"ReadAction\",\"target\":[\"https:\\\/\\\/velarogverkfaeri.is\\\/verkfaeralausnir\\\/gardverkfaeri\\\/gardverkfaeri-rafhloduknuin\\\/product\\\/skil-red-kedjusog-20v-kolalaus-0534ca-stok\\\/\"]}]},{\"@type\":\"ImageObject\",\"inLanguage\":\"en-US\",\"@id\":\"https:\\\/\\\/velarogverkfaeri.is\\\/verkfaeralausnir\\\/gardverkfaeri\\\/gardverkfaeri-rafhloduknuin\\\/product\\\/skil-red-kedjusog-20v-kolalaus-0534ca-stok\\\/#primaryimage\",\"url\":\"https:\\\/\\\/velarogverkfaeri.is\\\/wp-content\\\/uploads\\\/2023\\\/06\\\/0895fd52-ce58-414a-ab86-b6f55287bf77.jpeg\",\"contentUrl\":\"https:\\\/\\\/velarogverkfaeri.is\\\/wp-content\\\/uploads\\\/2023\\\/06\\\/0895fd52-ce58-414a-ab86-b6f55287bf77.jpeg\",\"width\":1280,\"height\":720},{\"@type\":\"BreadcrumbList\",\"@id\":\"https:\\\/\\\/velarogverkfaeri.is\\\/verkfaeralausnir\\\/gardverkfaeri\\\/gardverkfaeri-rafhloduknuin\\\/product\\\/skil-red-kedjusog-20v-kolalaus-0534ca-stok\\\/#breadcrumb\",\"itemListElement\":[{\"@type\":\"ListItem\",\"position\":1,\"name\":\"Home\",\"item\":\"https:\\\/\\\/velarogverkfaeri.is\\\/\"},{\"@type\":\"ListItem\",\"position\":2,\"name\":\"Vefverslun\",\"item\":\"https:\\\/\\\/velarogverkfaeri.is\\\/vefverslun\\\/\"},{\"@type\":\"ListItem\",\"position\":3,\"name\":\"SKIL RED Ke\u00f0jus\u00f6g 20V Kolalaus 0534CA St\u00f6k\"}]},{\"@type\":\"WebSite\",\"@id\":\"https:\\\/\\\/velarogverkfaeri.is\\\/en\\\/#website\",\"url\":\"https:\\\/\\\/velarogverkfaeri.is\\\/en\\\/\",\"name\":\"V\u00e9lar & Verkf\u00e6ri\",\"description\":\"Umbo\u00f0s- og heildverslun fr\u00e1 \u00e1rinu 1919\",\"publisher\":{\"@id\":\"https:\\\/\\\/velarogverkfaeri.is\\\/en\\\/#organization\"},\"potentialAction\":[{\"@type\":\"SearchAction\",\"target\":{\"@type\":\"EntryPoint\",\"urlTemplate\":\"https:\\\/\\\/velarogverkfaeri.is\\\/en\\\/?s={search_term_string}\"},\"query-input\":{\"@type\":\"PropertyValueSpecification\",\"valueRequired\":true,\"valueName\":\"search_term_string\"}}],\"inLanguage\":\"en-US\"},{\"@type\":\"Organization\",\"@id\":\"https:\\\/\\\/velarogverkfaeri.is\\\/en\\\/#organization\",\"name\":\"V\u00e9lar & Verkf\u00e6ri\",\"url\":\"https:\\\/\\\/velarogverkfaeri.is\\\/en\\\/\",\"logo\":{\"@type\":\"ImageObject\",\"inLanguage\":\"en-US\",\"@id\":\"https:\\\/\\\/velarogverkfaeri.is\\\/en\\\/#\\\/schema\\\/logo\\\/image\\\/\",\"url\":\"https:\\\/\\\/velarogverkfaeri.is\\\/wp-content\\\/uploads\\\/2021\\\/10\\\/vv_logo_350x100.png\",\"contentUrl\":\"https:\\\/\\\/velarogverkfaeri.is\\\/wp-content\\\/uploads\\\/2021\\\/10\\\/vv_logo_350x100.png\",\"width\":350,\"height\":100,\"caption\":\"V\u00e9lar & Verkf\u00e6ri\"},\"image\":{\"@id\":\"https:\\\/\\\/velarogverkfaeri.is\\\/en\\\/#\\\/schema\\\/logo\\\/image\\\/\"},\"sameAs\":[\"https:\\\/\\\/www.facebook.com\\\/VelarOgVerkfaeri\"]}]}<\/script>\n<!-- \/ Yoast SEO plugin. -->","yoast_head_json":{"title":"SKIL RED Ke\u00f0jus\u00f6g 20V Kolalaus 0534CA St\u00f6k - V\u00e9lar &amp; Verkf\u00e6ri","robots":{"index":"index","follow":"follow","max-snippet":"max-snippet:-1","max-image-preview":"max-image-preview:large","max-video-preview":"max-video-preview:-1"},"canonical":"https:\/\/velarogverkfaeri.is\/en\/verkfaeralausnir\/gardverkfaeri\/gardverkfaeri-rafhloduknuin\/product\/skil-red-kedjusog-20v-kolalaus-0534ca-stok\/","og_locale":"en_US","og_type":"article","og_title":"SKIL RED Ke\u00f0jus\u00f6g 20V Kolalaus 0534CA St\u00f6k - V\u00e9lar &amp; Verkf\u00e6ri","og_description":"\u00d6flug rafkn\u00fain hle\u00f0slu ke\u00f0jus\u00f6g fr\u00e1 Skil\u00a0. 30cm bla\u00f0lengd og h\u00e1r hra\u00f0i ke\u00f0ju gerir \u00feetta hentugt verkf\u00e6ri fyrir minni tr\u00e9drumba og greinar. Kolalaus m\u00f3tor gefur lengri rafhl\u00f6\u00f0uendingu. Sj\u00e1lfvirk smurning \u00e1 ke\u00f0ju. Hl\u00edf yfir ke\u00f0ju og kr\u00f3kur til a\u00f0 festa \u00e1 vegg fylgja me\u00f0.  ATH: Rafhla\u00f0a og hle\u00f0slut\u00e6ki fylgja ekki me\u00f0.","og_url":"https:\/\/velarogverkfaeri.is\/en\/verkfaeralausnir\/gardverkfaeri\/gardverkfaeri-rafhloduknuin\/product\/skil-red-kedjusog-20v-kolalaus-0534ca-stok\/","og_site_name":"V\u00e9lar &amp; Verkf\u00e6ri","article_publisher":"https:\/\/www.facebook.com\/VelarOgVerkfaeri","article_modified_time":"2026-04-04T00:02:07+00:00","og_image":[{"width":1280,"height":720,"url":"https:\/\/velarogverkfaeri.is\/wp-content\/uploads\/2023\/06\/0895fd52-ce58-414a-ab86-b6f55287bf77.jpeg","type":"image\/jpeg"}],"twitter_card":"summary_large_image","schema":{"@context":"https:\/\/schema.org","@graph":[{"@type":"WebPage","@id":"https:\/\/velarogverkfaeri.is\/verkfaeralausnir\/gardverkfaeri\/gardverkfaeri-rafhloduknuin\/product\/skil-red-kedjusog-20v-kolalaus-0534ca-stok\/","url":"https:\/\/velarogverkfaeri.is\/verkfaeralausnir\/gardverkfaeri\/gardverkfaeri-rafhloduknuin\/product\/skil-red-kedjusog-20v-kolalaus-0534ca-stok\/","name":"SKIL RED Ke\u00f0jus\u00f6g 20V Kolalaus 0534CA St\u00f6k - V\u00e9lar &amp; Verkf\u00e6ri","isPartOf":{"@id":"https:\/\/velarogverkfaeri.is\/en\/#website"},"primaryImageOfPage":{"@id":"https:\/\/velarogverkfaeri.is\/verkfaeralausnir\/gardverkfaeri\/gardverkfaeri-rafhloduknuin\/product\/skil-red-kedjusog-20v-kolalaus-0534ca-stok\/#primaryimage"},"image":{"@id":"https:\/\/velarogverkfaeri.is\/verkfaeralausnir\/gardverkfaeri\/gardverkfaeri-rafhloduknuin\/product\/skil-red-kedjusog-20v-kolalaus-0534ca-stok\/#primaryimage"},"thumbnailUrl":"https:\/\/velarogverkfaeri.is\/wp-content\/uploads\/2023\/06\/0895fd52-ce58-414a-ab86-b6f55287bf77.jpeg","datePublished":"2023-04-28T17:43:34+00:00","dateModified":"2026-04-04T00:02:07+00:00","breadcrumb":{"@id":"https:\/\/velarogverkfaeri.is\/verkfaeralausnir\/gardverkfaeri\/gardverkfaeri-rafhloduknuin\/product\/skil-red-kedjusog-20v-kolalaus-0534ca-stok\/#breadcrumb"},"inLanguage":"en-US","potentialAction":[{"@type":"ReadAction","target":["https:\/\/velarogverkfaeri.is\/verkfaeralausnir\/gardverkfaeri\/gardverkfaeri-rafhloduknuin\/product\/skil-red-kedjusog-20v-kolalaus-0534ca-stok\/"]}]},{"@type":"ImageObject","inLanguage":"en-US","@id":"https:\/\/velarogverkfaeri.is\/verkfaeralausnir\/gardverkfaeri\/gardverkfaeri-rafhloduknuin\/product\/skil-red-kedjusog-20v-kolalaus-0534ca-stok\/#primaryimage","url":"https:\/\/velarogverkfaeri.is\/wp-content\/uploads\/2023\/06\/0895fd52-ce58-414a-ab86-b6f55287bf77.jpeg","contentUrl":"https:\/\/velarogverkfaeri.is\/wp-content\/uploads\/2023\/06\/0895fd52-ce58-414a-ab86-b6f55287bf77.jpeg","width":1280,"height":720},{"@type":"BreadcrumbList","@id":"https:\/\/velarogverkfaeri.is\/verkfaeralausnir\/gardverkfaeri\/gardverkfaeri-rafhloduknuin\/product\/skil-red-kedjusog-20v-kolalaus-0534ca-stok\/#breadcrumb","itemListElement":[{"@type":"ListItem","position":1,"name":"Home","item":"https:\/\/velarogverkfaeri.is\/"},{"@type":"ListItem","position":2,"name":"Vefverslun","item":"https:\/\/velarogverkfaeri.is\/vefverslun\/"},{"@type":"ListItem","position":3,"name":"SKIL RED Ke\u00f0jus\u00f6g 20V Kolalaus 0534CA St\u00f6k"}]},{"@type":"WebSite","@id":"https:\/\/velarogverkfaeri.is\/en\/#website","url":"https:\/\/velarogverkfaeri.is\/en\/","name":"V\u00e9lar & Verkf\u00e6ri","description":"Umbo\u00f0s- og heildverslun fr\u00e1 \u00e1rinu 1919","publisher":{"@id":"https:\/\/velarogverkfaeri.is\/en\/#organization"},"potentialAction":[{"@type":"SearchAction","target":{"@type":"EntryPoint","urlTemplate":"https:\/\/velarogverkfaeri.is\/en\/?s={search_term_string}"},"query-input":{"@type":"PropertyValueSpecification","valueRequired":true,"valueName":"search_term_string"}}],"inLanguage":"en-US"},{"@type":"Organization","@id":"https:\/\/velarogverkfaeri.is\/en\/#organization","name":"V\u00e9lar & Verkf\u00e6ri","url":"https:\/\/velarogverkfaeri.is\/en\/","logo":{"@type":"ImageObject","inLanguage":"en-US","@id":"https:\/\/velarogverkfaeri.is\/en\/#\/schema\/logo\/image\/","url":"https:\/\/velarogverkfaeri.is\/wp-content\/uploads\/2021\/10\/vv_logo_350x100.png","contentUrl":"https:\/\/velarogverkfaeri.is\/wp-content\/uploads\/2021\/10\/vv_logo_350x100.png","width":350,"height":100,"caption":"V\u00e9lar & Verkf\u00e6ri"},"image":{"@id":"https:\/\/velarogverkfaeri.is\/en\/#\/schema\/logo\/image\/"},"sameAs":["https:\/\/www.facebook.com\/VelarOgVerkfaeri"]}]}},"_links":{"self":[{"href":"https:\/\/velarogverkfaeri.is\/en\/wp-json\/wp\/v2\/product\/25132","targetHints":{"allow":["GET"]}}],"collection":[{"href":"https:\/\/velarogverkfaeri.is\/en\/wp-json\/wp\/v2\/product"}],"about":[{"href":"https:\/\/velarogverkfaeri.is\/en\/wp-json\/wp\/v2\/types\/product"}],"replies":[{"embeddable":true,"href":"https:\/\/velarogverkfaeri.is\/en\/wp-json\/wp\/v2\/comments?post=25132"}],"wp:featuredmedia":[{"embeddable":true,"href":"https:\/\/velarogverkfaeri.is\/en\/wp-json\/wp\/v2\/media\/26824"}],"wp:attachment":[{"href":"https:\/\/velarogverkfaeri.is\/en\/wp-json\/wp\/v2\/media?parent=25132"}],"wp:term":[{"taxonomy":"product_brand","embeddable":true,"href":"https:\/\/velarogverkfaeri.is\/en\/wp-json\/wp\/v2\/product_brand?post=25132"},{"taxonomy":"product_cat","embeddable":true,"href":"https:\/\/velarogverkfaeri.is\/en\/wp-json\/wp\/v2\/product_cat?post=25132"},{"taxonomy":"product_tag","embeddable":true,"href":"https:\/\/velarogverkfaeri.is\/en\/wp-json\/wp\/v2\/product_tag?post=25132"}],"curies":[{"name":"wp","href":"https:\/\/api.w.org\/{rel}","templated":true}]}}