{"id":25129,"date":"2023-04-28T17:43:34","date_gmt":"2023-04-28T17:43:34","guid":{"rendered":"https:\/\/vv-dev.webdev.is\/?post_type=product&#038;p=25129"},"modified":"2026-01-12T12:15:34","modified_gmt":"2026-01-12T12:15:34","slug":"bahco-rortong-nr-140-33mm-3-4","status":"publish","type":"product","link":"https:\/\/velarogverkfaeri.is\/en\/verkfaeralausnir\/handverkfaeri\/pipulagningarverkfaeri\/product\/bahco-rortong-nr-140-33mm-3-4\/","title":{"rendered":"BAHCO R\u00f6rt\u00f6ng 140 3\/4&#8243;"},"content":{"rendered":"<p><img decoding=\"async\" src=\"data:image\/png;base64,iVBORw0KGgoAAAANSUhEUgAAAdoAAADzCAYAAAAhMNflAAAAAXNSR0IArs4c6QAAAARnQU1BAACxjwv8YQUAAAAJcEhZcwAADsMAAA7DAcdvqGQAABotSURBVHhe7d3db1TVwsfxn8\/fYMvR9kSUpoHw9hwVxdDoBaQlKRoxMTWkCWECT28OeEFODZGShmKITbzQngtHOUNMGkJjIidKE9rQC02NKB6PlBLIpGKJLdip91z2WWvvtWfvmU7fZNa0lO8n2bBfZs90krX3b73t9rEZQwAAwIv\/cf8DAAAPCFoAADwiaAEA8IigBQDAI4IWAACPCFoAADwqEbQ3lN77ll6bc8loxL1yJB3uS19zOxYlp\/537Hkn1J9zuxbN\/WzpG257kXKDarfnvTOoKbcr\/Nnj7wIAgA9zt2jrU\/r0wnl9OWtJaUvwgpx+ux2s6JeJpSTmtCay9v+sJu4FO\/y7N6Fb9v\/sRD5oAQCohAfoOq5W8\/th+HY3V7t9i7FRbS6027a6Xb5tTRVVEgAAqAzGaAEA8OiBgnaq\/8TssdZrmWDcttQSjeXOGh8Nzgm3o3HfcFnkGGo0BjvneYsc283\/7Mnzi8esi75v8NnhvuTPvrRxawDAalXeFq0Nqs5BrT\/4keuq\/Uht9eEhu2\/+ruJBHTcB1Vvrzk2ntN7uS0xgKiUI+7aMlP\/M8zq1277XEidb2cA0P7t2d5j3cF3MQYh2qT8\/Xm2\/T1bptuL3tvve0nHZc8OfoWLd4gCAFW3uoM1mdCjfinPLQqE3MR5MojqaH7OtVvNRG5jSutqFx3GbOxPjvdWNOnrQpHR2WD\/OGZg39O8z2SDEk+PEW9rCQPz66mKT1rRaTVjfsoHattHtM8zP0G2D8\/1GrQl3uO9T4r1tQCfPBQDAmDtoS806zgdOaWtq1wYB\/e9Et+nU1WHdUr1qn3A7liB4v\/lc+1795r9bZ44UVgj2HlE6a\/ZPTIevm5d93Mi1Whf4foHqGq1zq0nra6vcGgAAsfJ2HW81YWVaof2dcegdMi3O5s6TWtLE5CWyLeGCCkG0LNjCtF3MNpTr1XZ07pAtHDc2oez2AwCwkPIGbdCVK7WlCwPP23jlE7VBt\/Sf16hT+XHXEhOv3OSo45dMEOe\/U4ea3WEAABZS5slQtiu3gr+IwnXj9p+bf+x4fvZ5YBuetnVbGLYjVwZdF7rfFjkAYPUqc9fxnmCWcbLrOFralzQFeLE2qq2zMZy4lZioFT52tJTPtL9Ew4Vt4n3W1NrJWIkx52gWstsEAGAhcwdtqVnHwTL3s60j6SNKq3gSVfiIz60z\/1za4zaLZX\/rk30UKPHzhuPC53V0m3vNopiwzb9P+PjOmua\/F1YcPpCOJh5ZAgBgIY\/NGG79Adlf7NAlmYCbNSYbPF87boKMLlgAwKOljF3HVbI9rf2dRb\/Mwf0SC+1uIWQBAI+cMrZoQ\/ZRmOOX3IZju3H5TUkAgEdR2YMWAADEyvwcLQAASCJoAQDwiKAFAMAjghYAAI8IWgAAPCJoAQDwiKAFAMAjghYAAI8IWgAAPCJoAQDwiKAFAMAjghYAAI8IWgAAPCJoAQDwiKAFAMAjghYAAI8IWgAAPCJoAQDwiKAFAMCjx2YMtx64f\/++WwMAAA+KFi0AAB4RtAAAeETQAgDgEUELAIBHBC0AAB4RtAAAeETQAgDgEUELAIBHBC0AAB4RtAAAeETQAgDgEUELAIBHBC0AAB4RtAAAeFT2P5OXG3hPhz8bc1vGrnb1pTa4jZvKZKRUfhtYZaaH1PF2r7JuU3Wt6jm5U9Vuc8HjAFad8gbt9V61nJY6zrVqU7BjWgMnPpEOv6umKnf86nOJ4C2f0cwBdV22a3WqrzNBv6NbXcGHAhXiQvTpY2eV2hzsMOW\/XZm1rrK50HEAq1JZu45Hrw6ZFuxzLmStKjWddCFr5O7eCVc82JQ6q579dWZtTFmTs08\/SciisnI\/XVF2V7sLUatKf9thyuT4XeXM1kLHAaxOZW3Rht3GUurDOFwjcYvTyXcpu1q9622u329aos+OJLrXduZbyMH7T76hDpnX2Pcq6Hab1uh1E7ibzQcHLYd7asm3rIHlEJbtyTejFmyxuY\/PKuvBddCkycS10pRvGd9UZt8Xqjm2XcOnw+smuI6eHFDLaVP5teiiBpZNmcdo7QXfrQG3VTg+G988kvtsAP+wLXnDsOfXxWFtu5s\/fyK4SciN\/8Y3mEhhWGtXq1LjvfPc4ACf4vIYBN6sIYyFjkeV1risF28XDtO46yYfpsXb4ecNM5wCLIsyzzreoNS5s+o7164mu3m5Wy37ejUaHCvNdvnGYbhBL+wy\/+16I24Rb35OTWNX9N9pt21uHntKhawd5wo+2yzb7gU3sV\/vRicBlWSHTGxZ7FbDt+1qydx0+yMLHXcSZb36yafMvzv1QlT2\/\/KE6nVHk4ki3vRm1GJ9XDV1JsR3bHHbVapZK2Un\/wi2AFSWp8d7koE7pB+uu91zsK3aln3hEnSTBQEd7Uu0kEuZHtHwmGkBv5qYTLK5VR02sIFlZQLVhJ8u\/2eOyuZCxwGsBp6fow1r1nOzrdED6qvpzrdGbUDa7rR86zRYZo\/5zm9ak+NMiEIlhWW5Y2CuXpSFjgNYrcoYtOGNJJNsvV4fUGYs0d01yx+aHEsG4k39YFq02c8+UfJ+lJue5+ZUtVMtu8aU+SrR\/bbg5wLlFrZOC8uuuSY+HzIVxyZtWvA4gNWqfEE7\/Ydq3mzVr6fjbuDCZ2ql6me3qz7qFj4xpJw2aM\/+Og3kz\/mPXrAt2A+3a\/jtaN8B9fQMFARvsU2pbqXGE93NRZ8LVMTmVvUde0qZfNktmoC00HEAq1LZfzMUAACIeR6jBQDg0UbQAgDgEUELAIBHBC0AAB4RtAAAeETQAgDgEUELAIBHBC0AAB4RtAAAeETQAgDgEUELAIBHBC0AAB4RtAAAeETQAgDg0aw\/kwcAAMqHFi0AAB4RtAAAeETQAgDgEUELAIBHBC0AAB4RtAAAeETQAgDgEUELAIBHBC0AAB4RtAAAeETQAgDgEUELAIBHBC0AAB4RtAAAeFT2oJ3qP6HX9r4VL+kb7oh1Q+mCbWCVyQ2qPVn+3xnUlDtU4Fqm9DG7f+8J9efcdlLw3hmNKKf+d95S+prbD2BFK2\/QmpvEoTNrderCeX0ZLB+p7XZffNO49r363Wq5jaSjm9sJtZubUHvJOxXgkQ3CtozWdSbKv8w1MatyaYLy3LjajjZqjdsTsOd3jmt9vdsGsCqUNWhHrgxKu1\/UFrctVav5\/ZNqrg63pibGwxUPtrSd16cH7R0qq1tZaV2t+1CgQqauDuvW7g61bXU7TPl\/\/mVTJm9PFrZccz\/razXo+YIiekPpIKRbtM6U35Kqa7SuvtaEc7X++ky9ap9w+wGsaI\/NGG79gdlu40NnpLZ0HK4R2+I8fsltWOaG9GXbRrNiu8GOKO1uLusPfqTubT8HLYNbwZ5G00JOBeEdvP9Ei06pK3yv+pQ+fT9qFeQ0cs0E7lbzwUHLYkKt7jxgeYRle2Lf+UT4htfCd9uT+8LXff2yKfvN00rv7VNtiWsIwMOprEEb1Mr3dsXdw\/kwDUVBmdxXeNOJzq+Pw9qOWZ2rDQJVQZBn1dxZeOMqDmvtTqntdmbWDQ6ojLg8BhXHgsS0Zfx7vZSoBAaVUEXXij1O0AKrSZknQ21UWzA21aFmu3mpS68FkzfmZrt84zDcqJd2m\/92t8Q3ma0vqjk7rB+jIVfTin29VMg+Y25U0djw9ongJvfLBOO0WA52yCQco33lmyMFEwKn+vv0y8E9cU+LqUgev53Sp4nKJ4DVxdPjPcnAHdR3C8yOjCcyue7lIKCjfYkWcil2vCtrWsB7EzeqrSmdsoENLCsTuPsaTXn+3lU2c\/rxG+mVbVEt0lQSzw1K2YwOFZT3rNJtZp0Z+sCq4CloI1WqnXcGpW2NvqXe2o\/yrVEbkLa7Ld86DZaldqPl9NttJkShksKyPO9s92sXlX4m0VuTb\/kmF1s5tUMnZp1WLrAqlDFowxtNwbN99saSbdRLc46TTmsimwzEG\/rOtGhvnflnwXOEU7l5bl7VjWrdbVoAFxK1\/wU\/Fyi3sPVaWHbDFut611VsZ+U3byc8gUdN+SZD5W5o5N6kejuj2cJWPGM44J4zDI67GcPRBKeQe33ydcb6+ka9cjSl56+a137TkJhpHLEhn5gMVfy5QKXYyXudg24jMRnKlukPpKOzym4xJkMBq02ZZx0DKGWqf1BTzY1U\/oBHEEELAIBHnidDAQDwaCNoAQDwiKAFAMAjghYAAI8IWgAAPCJoAQDwiKAFAMAjghYAAI8IWgAAPCJoAQDwiKAFAMAjghYAAI8IWgAAPJr113vu37\/v1gAAwIOiRQsAgEcELQAAHhG0AAB4RNACAOARQQsAgEcELQAAHhG0AAB4RNACAOARQQsAgEcELQAAHhG0AAB4RNACAOARQQsAgEcELQAAHpU3aK\/3qmVfr0bd5nIZzRxQS+am2wIqaHpIHftM+XNLx8C0O1AoKKMnhpRz27GbyiTOpxwDDz9atEC52JB9+4oaPjyrvnN2adfTn7UXhe20Bk4cUNdlt1nAHuvWr\/u73fln1aFuwhZ4yBG0QJnkfrqi7K431FTldmiD9uyvU3byD7dtW6vtyqxtV9+xnW5fwvUBZdSqw\/EbaNOrraq\/\/IXmaBgDeAhUNGhzA+\/FXWLJLuagu81sB13PJY4Xd6e5Jd9SKDrvh3AvUFHVTe+qL7XBbYVyk2NuzZh+XHtsS7XoNZHRq0PS2idV7bYDVVvUUDem4Z8Kkza4lkxLN+iCduV+1LWWo2shc929OLh+3tPA9bhbO7h2ktdNyW5sAOVQsaC1N4bDnz2lDtcl1ndM6iq4uIfUdfU512XWrVSd2XZdZqOZou60XVK92e6yNX8b0qeH1HTMve+556SS3XJAhZmy2WfKYtM2F6xVVYUhWkJ9zeNubREud+uHbWG579l\/R12mtTz5prsOTIt54HSysjqmzOfS4eAaCbu0Wz5\/Qj3Btrne1Ksems2AFxUK2mn999sxE4at2uT2aHOTubiv6L\/5a7tOqVejmn6V\/rajThq\/a4J4WpPjbncJYXddu1Kb3Q5t0AsmiIHlZVqRb\/dKpkIYl80yq2vVHvfe1U8+Zf7dqReiz\/rLE6rXHU0msrPpzZ0u6B9Xjbm86ndscdtVqlmrRBc3gHKqUND+IduDNnA67tZqsWNVY2Oa\/N29ZE5VajrZrYZvTQ3cnds1Ho9jFXTNASuC7art1oCpAAa9LktA2AGrT4WCNqxBx9278bKY2n5u4BMN74i7jvtORjVzYKWJQ3ausdi5bNq20\/XiJEyPaHisTg3PLi2wAawcFQrasCt44PPCCRe56cWNCVU\/u12yY0r51rBZ3PhucHNKzsp042JA5f35kA0EwymFY6WjX\/UWzWQG8LDxELRD6koGolnsDEc7I7NnxxUdTuzv6RlYxGMLdqzrnloSrWA7maNprFcX7azKza3q2S\/zGve+PVLLftN8BioqfAZ2wK5e7s6X8XCJJyXlZ96fHpJMGQ6uh\/ykQDtM4iYquXO79CdDG8CK8diM4dYD9+\/fd2srRP6XALwb1+qDfTZ8E5OrAABYgVZ+0Fr2eT\/bAsjbqQ5CFgDwEHg4ghYAgIdUhSZDAQDwaCJoAQDwiKAFAMAjghYAAI8IWgAAPCJoAQDwiKAFAMAjghYAAI8IWgAAPCJoAQDwiKAFAMAjghYAAI9m\/VEBAABQPrRoAQDwiKAFAMAjghYAAI8IWgAAPCJoAQDwiKAFAMAjghYAAI8IWgAAPCJoAQDwiKAFAMAjghYAAI8IWgAAPCJoAQDwiKAFAMAjP0GbG1T73rf0WnJ5Z1BT7jCwKpUq93tPqD\/njjsjabs\/oxH3+vbiF5R0Q+n0Dbceyan\/HfNe9tq6lgk+L33NHSqX4Gec\/R3kPu+1WT\/Tn1HquwGrR9n\/Hq29iRy\/VK+29Ek1V7udxlT\/CR36pkGfvt+oNW7fktmLvi2jW2Z1fX29bmXX6tSFlLaER4HlFZTPYb2SKPtBuT9ThnJqg+3Ki\/qybaPbUSElvlN0HergR+pOXuR\/1nJ9N6BCytuiNRdMqZC11jSf1JcPErJWdaO6L3So2azeymal+toHez\/AszXNLaa8Duq7B2xpTk2Mu7XlZlrRH5jK7u6O8oSssXK+G+BHWYN25MqgtNvcWBZz\/QVdUlH3WrLL64bStqvqWny8oDvMrL904by+NMupZzL6YFHdbsDKYVu5UbkvLt+2R6i9\/0bYJWyPp28E+w6dMRXLS135fZGwGzpakl28s6+j4m7swnPdssAQz0j6iNJK6dPi1mfUleyWeb+TWaLu8vm+G7Bq2K7j8piaudjeMvOPi1Nuex5TAzP\/eL1l5uOf3fbM6MzHr3fMhKfa9ZaZV9sHZn4PjiX8\/K+ZV+2xYDGvv2i2S70OWA5BuY7Kcejax4Vl+feLHabs\/mvmmtsuvhaC1xe9hxWc9\/Go2woVv3d4fcx9HRW83r62+NzkdiTxnWb97Hn2s4q\/U7w96zsV\/JylvxuwmvifdZxsubra8tTV4aDrqW1r+BJpo14\/KH19Na5uN+8r6ma2NebOcbWlw9bslxf+Ln1jWtDZCSZZYQXJKt0Wt9yOqyMxZJLTj99k1dyZGK+tblTrbqn\/SqIlt6heoRv6zg7THE1cJ1v3qK0+O+d1tGV7Y\/56WVp3bfidbMtz\/cE9JcaaN6otOQZdXaN1GtdvidZzwXfa+qKazXtO3HPbwCpXxqCt1l+fkW5NTLttJxhXNcHYaS5yZ2oi0VXkFnsRzzo3YXa3dLWaj6a03m0BK4Odo2Argh+Z0HO78qZli36xNbXmhbcnl1ZhzE3qF7cam+MaLMHOmfj05WEdiq5BW4lNhnYB953SKenMkTlmSduu6uh67lK\/2wugzGO0QY35Ut\/sRwGKBDcW06INW6aJZamzDu9N6BYTorAiuYqgqVDG45VVskW\/WFDxfKZmaeU4aDUWy+m329L62iq3PY\/coD6wTwHkr7\/ZExhnsZXmUmEb9Fr1qTbf2xROWAQQKm\/X8daUTu223Uyzn7tLdlWt2dZgbkBFgZzLzVuj37LX3rSS5+TUf25Q61\/+X4IWK5MNps5G9XdG10O1nn+53mxnNBK8wDAh1XtJat6+1EdbNuole619kJi8dO2i0tl6vbJtEbMRq\/9XrygTt2iDZfZ1O0upsA0qvA16PvrYa9\/TogUSyj5Gu6XN1GjTDfo6MU5ll+BZwmisKrhYi17zwT\/17\/mu8uCmtTYx\/nVEX79cpuf4AF\/ylc9wJm7QZXtwXMejct+W0brO84n5CqWFlVM33OLmOthrzc68L+j+LfFoXSl29vDEvqgFGi7Bz3lhEbN+E2Eb\/Cx2bDgZ2ldqS3Sbz63UdwNWk7L\/wgoAK539jVLFFdVwnw3fhUIfwNIQtMAjyU5eKpy01LyIljWApSNoAQDwyP9ztAAAPMIIWgAAPCJoAQDwiKAFAMAjghYAAI8IWgAAPCJoAQDwiKAFAMAjghYAAI8IWgAAPCJoAQDwiKAFAMCjWX9U4P79+24NAAA8KFq0AAB4RNACAOARQQsAgEcELQAAHhG0AAB4RNACAOARQQsAgEcELQAAHhG0AAB4RNACAOARQQsAgEcELQAAHhG0AAB4RNACAOBRef9M3vSQOt6+ooYP31VTldu3XFbSz4JHR1DuepV1m6prVc\/Jnao2q6OZA+q6HO4uVKdUVE6Lz7d2tasvtcFtAHjYELRAubiQfPrYWaU2Bzs0cKJdmbVzB2Vu4D0d\/nZ7Pox1vVctV58jWIFVxEPX8Zgybx9Qy75oeU8D0+4QsIrlfrqirGl9hiFrVelvO+qk8bvKuT2FburiZ2NqetOFrJG7e0f1NY+7LQCrgf8Wra2hn76j1If\/J\/WUqN0Hx6WOc61S5oD6atrV8G23MmPh4fr93epybxbU\/s2NqdDO4NxNUeshOm\/XTunyHVq0WEZhmZx8M2rhFprVmjVs93JfTVzm53ZTmX3dGnBbkeT1AmBl8D8ZanOTUnVjGv5JajrcqvrLXyRauOZG9PmQmo7ZoAxlP\/tCOnxWfefMcmyn2f4kfL0J8Z7PnjKh6o59aN4rH7L2BmVCVq3qcccP19wpHOcCKsYGrO3Nadfwju6SIVuqNWvPmxy310B73COUuemOFRrNdOtXE6rBtWCWjl2ELLBSVXbWcdVOteyyoeuS9vqAaYHu1AvJG9GuN+IW6Obn1KQxTf5u1n+\/N09w3tQPl+uUOhzftKqf3W6CGFgOVWo6aQOwWw3fmtAsEZa5AVPhrGvVnoIQjs6LFhPS490lzg8DGcDDwXvQ5gY+MWFap4Znw\/TctM22Ugc0atZHrw6ZWnhTvjU7r82tpoUrdUU1\/WDSiWsJT9\/Vr8GLgJXEBKdpseryf4LyHivVmi1lrvNtILsQd9dD13irDtOaBVYk75OhDgfdvYlx0qAreUh9mV71XTYt3EXfHG4qE4zlxjX+0l1ywHIIu4s7FjHzr3RrdmlsBdZ2S+dbv4lxXgAri4egtc8ExmHY58ZQY2EtPXt5SFpsazawQS\/sGopbtG7JXDeHqraooc4E\/FdxF9voV0XPIgJeuXIdzSkIhHMQCntt5mvNmspkQTexrVyW7vWxQyNKjuXa5cTQHLObASynyo7RRoKx17g7eTHsDE07GzMO8LPq2V8X3MhyQVdau5oud+dvOj9sM9vuXKAiguGNpxI9OuFkqHiCkm31ds\/Zms0N3DX\/xmW4ZV+3dOxsiQlOJoDfvqeWxLXQd86U97FeXbQVTwArSnkf71mk4LGGyTeW9FB+8Ft1VPho0OIfhQBWkVKP0QX7bPgW9yABWG6VD9r8c7VLfb7Vtgbi52QtHmfAIyu4jobchhU\/6gZgZVmWFi0AAI+K5RmjBQDgEUHQAgDgEUELAIBHBC0AAB4RtAAAeETQAgDgEUELAIBHBC0AAB4RtAAAeETQAgDgEUELAIBHBC0AAN5I\/w+0LK78o8e+\/gAAAABJRU5ErkJggg==\" alt=\"\"><\/p>","protected":false},"excerpt":{"rendered":"<p><span style=\"color: rgb(77, 80, 87); font-family: Lato, Arial; font-size: 16px;\">Tveggja handfanga t\u00f6ng.<\/span><br style=\"margin: 0px; outline: none; padding: 0px; color: rgb(77, 80, 87); font-family: Lato, Arial; font-size: 16px;\"><span style=\"color: rgb(77, 80, 87); font-family: Lato, Arial; font-size: 16px;\">Lengd: 210mm<\/span><br style=\"margin: 0px; outline: none; padding: 0px; color: rgb(77, 80, 87); font-family: Lato, Arial; font-size: 16px;\"><span style=\"color: rgb(77, 80, 87); font-family: Lato, Arial; font-size: 16px;\">Geta: 33mm<\/span><\/p>","protected":false},"featured_media":26826,"comment_status":"closed","ping_status":"closed","template":"","meta":[],"product_brand":[],"product_cat":[588,774,515],"product_tag":[1024,1090],"class_list":{"0":"post-25129","1":"product","2":"type-product","3":"status-publish","4":"has-post-thumbnail","6":"product_cat-handverkfaeri","7":"product_cat-pipulagningarverkfaeri","8":"product_cat-verkfaeralausnir","9":"product_tag-bahco","10":"product_tag-tong","12":"first","13":"instock","14":"taxable","15":"shipping-taxable","16":"purchasable","17":"product-type-simple"},"yoast_head":"<!-- This site is optimized with the Yoast SEO plugin v27.3 - https:\/\/yoast.com\/product\/yoast-seo-wordpress\/ -->\n<title>BAHCO R\u00f6rt\u00f6ng 140 3\/4&quot; - V\u00e9lar &amp; Verkf\u00e6ri<\/title>\n<meta name=\"robots\" content=\"index, follow, max-snippet:-1, max-image-preview:large, max-video-preview:-1\" \/>\n<link rel=\"canonical\" href=\"https:\/\/velarogverkfaeri.is\/en\/verkfaeralausnir\/handverkfaeri\/pipulagningarverkfaeri\/product\/bahco-rortong-nr-140-33mm-3-4\/\" \/>\n<meta property=\"og:locale\" content=\"en_US\" \/>\n<meta property=\"og:type\" content=\"article\" \/>\n<meta property=\"og:title\" content=\"BAHCO R\u00f6rt\u00f6ng 140 3\/4&quot; - V\u00e9lar &amp; Verkf\u00e6ri\" \/>\n<meta property=\"og:description\" content=\"Tveggja handfanga t\u00f6ng.Lengd: 210mmGeta: 33mm\" \/>\n<meta property=\"og:url\" content=\"https:\/\/velarogverkfaeri.is\/en\/verkfaeralausnir\/handverkfaeri\/pipulagningarverkfaeri\/product\/bahco-rortong-nr-140-33mm-3-4\/\" \/>\n<meta property=\"og:site_name\" content=\"V\u00e9lar &amp; Verkf\u00e6ri\" \/>\n<meta property=\"article:publisher\" content=\"https:\/\/www.facebook.com\/VelarOgVerkfaeri\" \/>\n<meta property=\"article:modified_time\" content=\"2026-01-12T12:15:34+00:00\" \/>\n<meta property=\"og:image\" content=\"https:\/\/velarogverkfaeri.is\/wp-content\/uploads\/2023\/06\/7894fb2b-6d89-425f-ba01-c2d23d1dd700.png\" \/>\n\t<meta property=\"og:image:width\" content=\"800\" \/>\n\t<meta property=\"og:image:height\" content=\"600\" \/>\n\t<meta property=\"og:image:type\" content=\"image\/png\" \/>\n<meta name=\"twitter:card\" content=\"summary_large_image\" \/>\n<script type=\"application\/ld+json\" class=\"yoast-schema-graph\">{\"@context\":\"https:\\\/\\\/schema.org\",\"@graph\":[{\"@type\":\"WebPage\",\"@id\":\"https:\\\/\\\/velarogverkfaeri.is\\\/verkfaeralausnir\\\/handverkfaeri\\\/pipulagningarverkfaeri\\\/product\\\/bahco-rortong-nr-140-33mm-3-4\\\/\",\"url\":\"https:\\\/\\\/velarogverkfaeri.is\\\/verkfaeralausnir\\\/handverkfaeri\\\/pipulagningarverkfaeri\\\/product\\\/bahco-rortong-nr-140-33mm-3-4\\\/\",\"name\":\"BAHCO R\u00f6rt\u00f6ng 140 3\\\/4\\\" - V\u00e9lar &amp; Verkf\u00e6ri\",\"isPartOf\":{\"@id\":\"https:\\\/\\\/velarogverkfaeri.is\\\/en\\\/#website\"},\"primaryImageOfPage\":{\"@id\":\"https:\\\/\\\/velarogverkfaeri.is\\\/verkfaeralausnir\\\/handverkfaeri\\\/pipulagningarverkfaeri\\\/product\\\/bahco-rortong-nr-140-33mm-3-4\\\/#primaryimage\"},\"image\":{\"@id\":\"https:\\\/\\\/velarogverkfaeri.is\\\/verkfaeralausnir\\\/handverkfaeri\\\/pipulagningarverkfaeri\\\/product\\\/bahco-rortong-nr-140-33mm-3-4\\\/#primaryimage\"},\"thumbnailUrl\":\"https:\\\/\\\/velarogverkfaeri.is\\\/wp-content\\\/uploads\\\/2023\\\/06\\\/7894fb2b-6d89-425f-ba01-c2d23d1dd700.png\",\"datePublished\":\"2023-04-28T17:43:34+00:00\",\"dateModified\":\"2026-01-12T12:15:34+00:00\",\"breadcrumb\":{\"@id\":\"https:\\\/\\\/velarogverkfaeri.is\\\/verkfaeralausnir\\\/handverkfaeri\\\/pipulagningarverkfaeri\\\/product\\\/bahco-rortong-nr-140-33mm-3-4\\\/#breadcrumb\"},\"inLanguage\":\"en-US\",\"potentialAction\":[{\"@type\":\"ReadAction\",\"target\":[\"https:\\\/\\\/velarogverkfaeri.is\\\/verkfaeralausnir\\\/handverkfaeri\\\/pipulagningarverkfaeri\\\/product\\\/bahco-rortong-nr-140-33mm-3-4\\\/\"]}]},{\"@type\":\"ImageObject\",\"inLanguage\":\"en-US\",\"@id\":\"https:\\\/\\\/velarogverkfaeri.is\\\/verkfaeralausnir\\\/handverkfaeri\\\/pipulagningarverkfaeri\\\/product\\\/bahco-rortong-nr-140-33mm-3-4\\\/#primaryimage\",\"url\":\"https:\\\/\\\/velarogverkfaeri.is\\\/wp-content\\\/uploads\\\/2023\\\/06\\\/7894fb2b-6d89-425f-ba01-c2d23d1dd700.png\",\"contentUrl\":\"https:\\\/\\\/velarogverkfaeri.is\\\/wp-content\\\/uploads\\\/2023\\\/06\\\/7894fb2b-6d89-425f-ba01-c2d23d1dd700.png\",\"width\":800,\"height\":600},{\"@type\":\"BreadcrumbList\",\"@id\":\"https:\\\/\\\/velarogverkfaeri.is\\\/verkfaeralausnir\\\/handverkfaeri\\\/pipulagningarverkfaeri\\\/product\\\/bahco-rortong-nr-140-33mm-3-4\\\/#breadcrumb\",\"itemListElement\":[{\"@type\":\"ListItem\",\"position\":1,\"name\":\"Home\",\"item\":\"https:\\\/\\\/velarogverkfaeri.is\\\/\"},{\"@type\":\"ListItem\",\"position\":2,\"name\":\"Vefverslun\",\"item\":\"https:\\\/\\\/velarogverkfaeri.is\\\/vefverslun\\\/\"},{\"@type\":\"ListItem\",\"position\":3,\"name\":\"BAHCO R\u00f6rt\u00f6ng 140 3\\\/4&#8243;\"}]},{\"@type\":\"WebSite\",\"@id\":\"https:\\\/\\\/velarogverkfaeri.is\\\/en\\\/#website\",\"url\":\"https:\\\/\\\/velarogverkfaeri.is\\\/en\\\/\",\"name\":\"V\u00e9lar & Verkf\u00e6ri\",\"description\":\"Umbo\u00f0s- og heildverslun fr\u00e1 \u00e1rinu 1919\",\"publisher\":{\"@id\":\"https:\\\/\\\/velarogverkfaeri.is\\\/en\\\/#organization\"},\"potentialAction\":[{\"@type\":\"SearchAction\",\"target\":{\"@type\":\"EntryPoint\",\"urlTemplate\":\"https:\\\/\\\/velarogverkfaeri.is\\\/en\\\/?s={search_term_string}\"},\"query-input\":{\"@type\":\"PropertyValueSpecification\",\"valueRequired\":true,\"valueName\":\"search_term_string\"}}],\"inLanguage\":\"en-US\"},{\"@type\":\"Organization\",\"@id\":\"https:\\\/\\\/velarogverkfaeri.is\\\/en\\\/#organization\",\"name\":\"V\u00e9lar & Verkf\u00e6ri\",\"url\":\"https:\\\/\\\/velarogverkfaeri.is\\\/en\\\/\",\"logo\":{\"@type\":\"ImageObject\",\"inLanguage\":\"en-US\",\"@id\":\"https:\\\/\\\/velarogverkfaeri.is\\\/en\\\/#\\\/schema\\\/logo\\\/image\\\/\",\"url\":\"https:\\\/\\\/velarogverkfaeri.is\\\/wp-content\\\/uploads\\\/2021\\\/10\\\/vv_logo_350x100.png\",\"contentUrl\":\"https:\\\/\\\/velarogverkfaeri.is\\\/wp-content\\\/uploads\\\/2021\\\/10\\\/vv_logo_350x100.png\",\"width\":350,\"height\":100,\"caption\":\"V\u00e9lar & Verkf\u00e6ri\"},\"image\":{\"@id\":\"https:\\\/\\\/velarogverkfaeri.is\\\/en\\\/#\\\/schema\\\/logo\\\/image\\\/\"},\"sameAs\":[\"https:\\\/\\\/www.facebook.com\\\/VelarOgVerkfaeri\"]}]}<\/script>\n<!-- \/ Yoast SEO plugin. -->","yoast_head_json":{"title":"BAHCO R\u00f6rt\u00f6ng 140 3\/4\" - V\u00e9lar &amp; Verkf\u00e6ri","robots":{"index":"index","follow":"follow","max-snippet":"max-snippet:-1","max-image-preview":"max-image-preview:large","max-video-preview":"max-video-preview:-1"},"canonical":"https:\/\/velarogverkfaeri.is\/en\/verkfaeralausnir\/handverkfaeri\/pipulagningarverkfaeri\/product\/bahco-rortong-nr-140-33mm-3-4\/","og_locale":"en_US","og_type":"article","og_title":"BAHCO R\u00f6rt\u00f6ng 140 3\/4\" - V\u00e9lar &amp; Verkf\u00e6ri","og_description":"Tveggja handfanga t\u00f6ng.Lengd: 210mmGeta: 33mm","og_url":"https:\/\/velarogverkfaeri.is\/en\/verkfaeralausnir\/handverkfaeri\/pipulagningarverkfaeri\/product\/bahco-rortong-nr-140-33mm-3-4\/","og_site_name":"V\u00e9lar &amp; Verkf\u00e6ri","article_publisher":"https:\/\/www.facebook.com\/VelarOgVerkfaeri","article_modified_time":"2026-01-12T12:15:34+00:00","og_image":[{"width":800,"height":600,"url":"https:\/\/velarogverkfaeri.is\/wp-content\/uploads\/2023\/06\/7894fb2b-6d89-425f-ba01-c2d23d1dd700.png","type":"image\/png"}],"twitter_card":"summary_large_image","schema":{"@context":"https:\/\/schema.org","@graph":[{"@type":"WebPage","@id":"https:\/\/velarogverkfaeri.is\/verkfaeralausnir\/handverkfaeri\/pipulagningarverkfaeri\/product\/bahco-rortong-nr-140-33mm-3-4\/","url":"https:\/\/velarogverkfaeri.is\/verkfaeralausnir\/handverkfaeri\/pipulagningarverkfaeri\/product\/bahco-rortong-nr-140-33mm-3-4\/","name":"BAHCO R\u00f6rt\u00f6ng 140 3\/4\" - V\u00e9lar &amp; Verkf\u00e6ri","isPartOf":{"@id":"https:\/\/velarogverkfaeri.is\/en\/#website"},"primaryImageOfPage":{"@id":"https:\/\/velarogverkfaeri.is\/verkfaeralausnir\/handverkfaeri\/pipulagningarverkfaeri\/product\/bahco-rortong-nr-140-33mm-3-4\/#primaryimage"},"image":{"@id":"https:\/\/velarogverkfaeri.is\/verkfaeralausnir\/handverkfaeri\/pipulagningarverkfaeri\/product\/bahco-rortong-nr-140-33mm-3-4\/#primaryimage"},"thumbnailUrl":"https:\/\/velarogverkfaeri.is\/wp-content\/uploads\/2023\/06\/7894fb2b-6d89-425f-ba01-c2d23d1dd700.png","datePublished":"2023-04-28T17:43:34+00:00","dateModified":"2026-01-12T12:15:34+00:00","breadcrumb":{"@id":"https:\/\/velarogverkfaeri.is\/verkfaeralausnir\/handverkfaeri\/pipulagningarverkfaeri\/product\/bahco-rortong-nr-140-33mm-3-4\/#breadcrumb"},"inLanguage":"en-US","potentialAction":[{"@type":"ReadAction","target":["https:\/\/velarogverkfaeri.is\/verkfaeralausnir\/handverkfaeri\/pipulagningarverkfaeri\/product\/bahco-rortong-nr-140-33mm-3-4\/"]}]},{"@type":"ImageObject","inLanguage":"en-US","@id":"https:\/\/velarogverkfaeri.is\/verkfaeralausnir\/handverkfaeri\/pipulagningarverkfaeri\/product\/bahco-rortong-nr-140-33mm-3-4\/#primaryimage","url":"https:\/\/velarogverkfaeri.is\/wp-content\/uploads\/2023\/06\/7894fb2b-6d89-425f-ba01-c2d23d1dd700.png","contentUrl":"https:\/\/velarogverkfaeri.is\/wp-content\/uploads\/2023\/06\/7894fb2b-6d89-425f-ba01-c2d23d1dd700.png","width":800,"height":600},{"@type":"BreadcrumbList","@id":"https:\/\/velarogverkfaeri.is\/verkfaeralausnir\/handverkfaeri\/pipulagningarverkfaeri\/product\/bahco-rortong-nr-140-33mm-3-4\/#breadcrumb","itemListElement":[{"@type":"ListItem","position":1,"name":"Home","item":"https:\/\/velarogverkfaeri.is\/"},{"@type":"ListItem","position":2,"name":"Vefverslun","item":"https:\/\/velarogverkfaeri.is\/vefverslun\/"},{"@type":"ListItem","position":3,"name":"BAHCO R\u00f6rt\u00f6ng 140 3\/4&#8243;"}]},{"@type":"WebSite","@id":"https:\/\/velarogverkfaeri.is\/en\/#website","url":"https:\/\/velarogverkfaeri.is\/en\/","name":"V\u00e9lar & Verkf\u00e6ri","description":"Umbo\u00f0s- og heildverslun fr\u00e1 \u00e1rinu 1919","publisher":{"@id":"https:\/\/velarogverkfaeri.is\/en\/#organization"},"potentialAction":[{"@type":"SearchAction","target":{"@type":"EntryPoint","urlTemplate":"https:\/\/velarogverkfaeri.is\/en\/?s={search_term_string}"},"query-input":{"@type":"PropertyValueSpecification","valueRequired":true,"valueName":"search_term_string"}}],"inLanguage":"en-US"},{"@type":"Organization","@id":"https:\/\/velarogverkfaeri.is\/en\/#organization","name":"V\u00e9lar & Verkf\u00e6ri","url":"https:\/\/velarogverkfaeri.is\/en\/","logo":{"@type":"ImageObject","inLanguage":"en-US","@id":"https:\/\/velarogverkfaeri.is\/en\/#\/schema\/logo\/image\/","url":"https:\/\/velarogverkfaeri.is\/wp-content\/uploads\/2021\/10\/vv_logo_350x100.png","contentUrl":"https:\/\/velarogverkfaeri.is\/wp-content\/uploads\/2021\/10\/vv_logo_350x100.png","width":350,"height":100,"caption":"V\u00e9lar & Verkf\u00e6ri"},"image":{"@id":"https:\/\/velarogverkfaeri.is\/en\/#\/schema\/logo\/image\/"},"sameAs":["https:\/\/www.facebook.com\/VelarOgVerkfaeri"]}]}},"_links":{"self":[{"href":"https:\/\/velarogverkfaeri.is\/en\/wp-json\/wp\/v2\/product\/25129","targetHints":{"allow":["GET"]}}],"collection":[{"href":"https:\/\/velarogverkfaeri.is\/en\/wp-json\/wp\/v2\/product"}],"about":[{"href":"https:\/\/velarogverkfaeri.is\/en\/wp-json\/wp\/v2\/types\/product"}],"replies":[{"embeddable":true,"href":"https:\/\/velarogverkfaeri.is\/en\/wp-json\/wp\/v2\/comments?post=25129"}],"wp:featuredmedia":[{"embeddable":true,"href":"https:\/\/velarogverkfaeri.is\/en\/wp-json\/wp\/v2\/media\/26826"}],"wp:attachment":[{"href":"https:\/\/velarogverkfaeri.is\/en\/wp-json\/wp\/v2\/media?parent=25129"}],"wp:term":[{"taxonomy":"product_brand","embeddable":true,"href":"https:\/\/velarogverkfaeri.is\/en\/wp-json\/wp\/v2\/product_brand?post=25129"},{"taxonomy":"product_cat","embeddable":true,"href":"https:\/\/velarogverkfaeri.is\/en\/wp-json\/wp\/v2\/product_cat?post=25129"},{"taxonomy":"product_tag","embeddable":true,"href":"https:\/\/velarogverkfaeri.is\/en\/wp-json\/wp\/v2\/product_tag?post=25129"}],"curies":[{"name":"wp","href":"https:\/\/api.w.org\/{rel}","templated":true}]}}