{"id":25041,"date":"2023-04-28T17:43:23","date_gmt":"2023-04-28T17:43:23","guid":{"rendered":"https:\/\/vv-dev.webdev.is\/?post_type=product&#038;p=25041"},"modified":"2025-10-21T15:31:40","modified_gmt":"2025-10-21T15:31:40","slug":"stabila-laser-linu-kross-lax-50-med-graenum-geisla","status":"publish","type":"product","link":"https:\/\/velarogverkfaeri.is\/en\/verkfaeralausnir\/maelitaeki\/hallamal\/product\/stabila-laser-linu-kross-lax-50-med-graenum-geisla\/","title":{"rendered":"STABILA Laser L\u00ednu Kross LAX 50 me\u00f0 Gr\u00e6num Geisla"},"content":{"rendered":"<h3 data-start=\"241\" data-end=\"266\">Helstu eiginleikar<\/h3>\n<ul data-start=\"268\" data-end=\"740\">\n<li data-start=\"268\" data-end=\"327\">\n<p data-start=\"270\" data-end=\"327\"><strong data-start=\"270\" data-end=\"288\">Gr\u00e6nir geislar<\/strong>: <span class=\"relative -mx-px my-[-0.2rem] rounded px-px py-[0.2rem] transition-colors duration-100 ease-in-out\">STABILA GREENBEAM\u2122 t\u00e6kni tryggir sk\u00fdra s\u00fdnileika upp \u00ed 30 metra.<\/span><\/p>\n<\/li>\n<li data-start=\"328\" data-end=\"392\">\n<p data-start=\"330\" data-end=\"392\"><strong data-start=\"330\" data-end=\"351\">Sj\u00e1lfstillanlegur<\/strong>: <span class=\"relative -mx-px my-[-0.2rem] rounded px-px py-[0.2rem] transition-colors duration-100 ease-in-out\">Hentar fyrir flj\u00f3tlega uppsetningu me\u00f0 pend\u00fallkerfi sem sj\u00e1lfkrafa stillir \u00e1 l\u00e1r\u00e9tt og l\u00f3\u00f0r\u00e9tt.<\/span><\/p>\n<\/li>\n<li data-start=\"393\" data-end=\"448\">\n<p data-start=\"395\" data-end=\"448\"><strong data-start=\"395\" data-end=\"407\">N\u00e1kv\u00e6mni<\/strong>: <span class=\"relative -mx-px my-[-0.2rem] rounded px-px py-[0.2rem] transition-colors duration-100 ease-in-out\">\u00b10,5 mm\/m fyrir \u00e1rei\u00f0anlega ni\u00f0urst\u00f6\u00f0ur.<\/span><\/p>\n<\/li>\n<li data-start=\"449\" data-end=\"515\">\n<p data-start=\"451\" data-end=\"515\"><strong data-start=\"451\" data-end=\"474\">Langur notkunart\u00edmi<\/strong>: <span class=\"relative -mx-px my-[-0.2rem] rounded px-px py-[0.2rem] transition-colors duration-100 ease-in-out\">Upp \u00ed 7 klukkustundir me\u00f0 3x AA 1,5 V batter\u00edum.<\/span><\/p>\n<\/li>\n<li data-start=\"516\" data-end=\"567\">\n<p data-start=\"518\" data-end=\"567\"><strong data-start=\"518\" data-end=\"526\">V\u00f6rn<\/strong>: <span class=\"relative -mx-px my-[-0.2rem] rounded px-px py-[0.2rem] transition-colors duration-100 ease-in-out\">IP53 \u2013 vernd gegn ryk og vatns\u00fa\u00f0a (allt a\u00f0 60\u00b0 \u00e1 l\u00f3\u00f0r\u00e9ttum fleti).<\/span><\/p>\n<\/li>\n<li data-start=\"568\" data-end=\"636\">\n<p data-start=\"570\" data-end=\"636\"><strong data-start=\"570\" data-end=\"595\">Fj\u00f6lh\u00e6fur st\u00f6\u00f0ugleiki<\/strong>: <span class=\"relative -mx-px my-[-0.2rem] rounded px-px py-[0.2rem] transition-colors duration-100 ease-in-out\">\u00der\u00edf\u00f3t me\u00f0 1\/4&#8243; og 5\/8&#8243; \u00fer\u00e1\u00f0um, \u00e1samt sterku segulkerfi fyrir festingu \u00e1 m\u00e1lmfleti.<\/span><\/p>\n<\/li>\n<li data-start=\"637\" data-end=\"740\">\n<p data-start=\"639\" data-end=\"740\"><strong data-start=\"639\" data-end=\"660\">Innifali\u00f0 \u00ed pakka<\/strong>: <span class=\"relative -mx-px my-[-0.2rem] rounded px-px py-[0.2rem] transition-colors duration-100 ease-in-out\">L\u00e1s fyrir veggfestingu, beltispoki og 3x AA 1,5 V batter\u00ed<\/span><\/p>\n<\/li>\n<\/ul>\n<hr data-start=\"742\" data-end=\"745\">\n<h3 data-start=\"747\" data-end=\"772\">\ud83d\udee0\ufe0f Hagn\u00fdtar notkun<\/h3>\n<p data-start=\"774\" data-end=\"852\"><span class=\"relative -mx-px my-[-0.2rem] rounded px-px py-[0.2rem] transition-colors duration-100 ease-in-out\">Stabila 19110 LAX 50 G er fullkominn fyrir:<\/span><\/p>\n<ul data-start=\"854\" data-end=\"1134\">\n<li data-start=\"854\" data-end=\"912\">\n<p data-start=\"856\" data-end=\"912\"><strong data-start=\"856\" data-end=\"871\">Fl\u00edsalagnir<\/strong>: <span class=\"relative -mx-px my-[-0.2rem] rounded px-px py-[0.2rem] transition-colors duration-100 ease-in-out\">L\u00f3\u00f0r\u00e9ttar og l\u00e1r\u00e9ttar ra\u00f0ir.<\/span><\/p>\n<\/li>\n<li data-start=\"913\" data-end=\"965\">\n<p data-start=\"915\" data-end=\"965\"><strong data-start=\"915\" data-end=\"924\">Sm\u00ed\u00f0i<\/strong>: <span class=\"relative -mx-px my-[-0.2rem] rounded px-px py-[0.2rem] transition-colors duration-100 ease-in-out\">Samr\u00e6ming efri og ne\u00f0ri sk\u00e1pa.<\/span><\/p>\n<\/li>\n<li data-start=\"966\" data-end=\"1036\">\n<p data-start=\"968\" data-end=\"1036\"><strong data-start=\"968\" data-end=\"995\">Rafmagns- og p\u00edpulagnir<\/strong>: <span class=\"relative -mx-px my-[-0.2rem] rounded px-px py-[0.2rem] transition-colors duration-100 ease-in-out\">Festing og ra\u00f0stilling.<\/span><\/p>\n<\/li>\n<\/ul>\n<hr data-start=\"1136\" data-end=\"1139\">\n<h3 data-start=\"1141\" data-end=\"1170\">\ud83d\udccf T\u00e6knilegar uppl\u00fdsingar<\/h3>\n<ul data-start=\"1172\" data-end=\"1579\">\n<li data-start=\"1172\" data-end=\"1193\">\n<p data-start=\"1174\" data-end=\"1193\"><strong data-start=\"1174\" data-end=\"1190\">Laserflokkur<\/strong>: 2<\/p>\n<\/li>\n<li data-start=\"1194\" data-end=\"1246\">\n<p data-start=\"1196\" data-end=\"1246\"><strong data-start=\"1196\" data-end=\"1205\">\u00dattak<\/strong>: <span class=\"relative -mx-px my-[-0.2rem] rounded px-px py-[0.2rem] transition-colors duration-100 ease-in-out\">&lt; 1 mW<\/span><\/p>\n<\/li>\n<li data-start=\"1247\" data-end=\"1310\">\n<p data-start=\"1249\" data-end=\"1310\"><strong data-start=\"1249\" data-end=\"1269\">Laserbylgjulengd<\/strong>: <span class=\"relative -mx-px my-[-0.2rem] rounded px-px py-[0.2rem] transition-colors duration-100 ease-in-out\">510\u2013530 nm<\/span><\/p>\n<\/li>\n<li data-start=\"1311\" data-end=\"1383\">\n<p data-start=\"1313\" data-end=\"1383\"><strong data-start=\"1313\" data-end=\"1342\">Sj\u00e1lfstillanlega n\u00e1kv\u00e6mni<\/strong>: <span class=\"relative -mx-px my-[-0.2rem] rounded px-px py-[0.2rem] transition-colors duration-100 ease-in-out\">\u00b10,5 mm\/m<\/span><\/p>\n<\/li>\n<li data-start=\"1384\" data-end=\"1405\">\n<p data-start=\"1386\" data-end=\"1405\"><strong data-start=\"1386\" data-end=\"1399\">S\u00fdnileiki<\/strong>: 30 m<\/p>\n<\/li>\n<li data-start=\"1406\" data-end=\"1464\">\n<p data-start=\"1408\" data-end=\"1464\"><strong data-start=\"1408\" data-end=\"1423\">Vinnslut\u00edmi<\/strong>: <span class=\"relative -mx-px my-[-0.2rem] rounded px-px py-[0.2rem] transition-colors duration-100 ease-in-out\">7 klst<\/span><\/p>\n<\/li>\n<li data-start=\"1465\" data-end=\"1481\">\n<p data-start=\"1467\" data-end=\"1481\"><strong data-start=\"1467\" data-end=\"1475\">V\u00f6rn<\/strong>: IP53<\/p>\n<\/li>\n<li data-start=\"1482\" data-end=\"1579\">\n<p data-start=\"1484\" data-end=\"1579\"><strong data-start=\"1484\" data-end=\"1499\">Vinnsluhiti<\/strong>: <span class=\"relative -mx-px my-[-0.2rem] rounded px-px py-[0.2rem] transition-colors duration-100 ease-in-out\">-10\u00b0C til +50\u00b0C<\/span><\/p>\n<\/li>\n<\/ul>\n<hr data-start=\"1996\" data-end=\"1999\">\n<div class=\"h-[60px]\"><\/div>\n<\/p>\n<div class=\"absolute h-[60px]\"><button class=\"not-prose group\/footnote border-token-border-default bg-token-main-surface-primary hover:bg-token-main-surface-secondary mt-3 mb-2 flex h-[38px] w-fit items-center gap-1.5 rounded-3xl border py-2 ps-3 pe-3\"><\/p>\n<div class=\"flex flex-row-reverse\">\n<div class=\"border-token-main-surface-primary bg-token-main-surface-primary flex items-center overflow-hidden rounded-full -ms-1 first:me-0 border-2 group-hover\/footnote:border-token-main-surface-secondary relative\">\n<div class=\"relative inline-block\">\n<div aria-busy=\"true\" class=\"bg-token-bg-tertiary flex animate-pulse items-center justify-center rounded-full icon-sm duration-200 motion-safe:transition-opacity pointer-events-none opacity-0\"><\/div>\n<\/div>\n<\/div>\n<div class=\"border-token-main-surface-primary bg-token-main-surface-primary flex items-center overflow-hidden rounded-full -ms-1 first:me-0 border-2 group-hover\/footnote:border-token-main-surface-secondary relative\">\n<div class=\"relative inline-block\">\n<div aria-busy=\"true\" class=\"bg-token-bg-tertiary flex animate-pulse items-center justify-center rounded-full icon-sm duration-200 motion-safe:transition-opacity pointer-events-none opacity-0\"><\/div>\n<p><img decoding=\"async\" alt=\"Favicon\" width=\"32\" height=\"32\" class=\"icon-sm absolute inset-0 duration-200 motion-safe:transition-opacity opacity-100\" src=\"https:\/\/www.google.com\/s2\/favicons?domain=https:\/\/www.stabila.com&amp;sz=32\"><\/div>\n<\/div>\n<\/div>\n<p><\/button><\/div>\n","protected":false},"excerpt":{"rendered":"<p><span class=\"relative -mx-px my-[-0.2rem] rounded px-px py-[0.2rem] transition-colors duration-100 ease-in-out\" style=\"color: rgb(0, 0, 0);\">Stabila 19110 LAX 50 G er \u00e1rei\u00f0anlegur og fj\u00f6lh\u00e6fur krossl\u00ednulaser sem hentar b\u00e6\u00f0i atvinnum\u00f6nnum og heimaverkefnum.<\/span><span style=\"color: rgb(0, 0, 0);\">&nbsp;<\/span><\/p>\n","protected":false},"featured_media":26762,"comment_status":"closed","ping_status":"closed","template":"","meta":[],"product_brand":[],"product_cat":[754,590,515],"product_tag":[1096,987],"class_list":{"0":"post-25041","1":"product","2":"type-product","3":"status-publish","4":"has-post-thumbnail","6":"product_cat-hallamal","7":"product_cat-maelitaeki","8":"product_cat-verkfaeralausnir","9":"product_tag-laser","10":"product_tag-stabila","12":"first","13":"instock","14":"taxable","15":"shipping-taxable","16":"purchasable","17":"product-type-simple"},"yoast_head":"<!-- This site is optimized with the Yoast SEO plugin v27.3 - https:\/\/yoast.com\/product\/yoast-seo-wordpress\/ -->\n<title>STABILA Laser L\u00ednu Kross LAX 50 me\u00f0 Gr\u00e6num Geisla - V\u00e9lar &amp; Verkf\u00e6ri<\/title>\n<meta name=\"robots\" content=\"index, follow, max-snippet:-1, max-image-preview:large, max-video-preview:-1\" \/>\n<link rel=\"canonical\" href=\"https:\/\/velarogverkfaeri.is\/en\/verkfaeralausnir\/maelitaeki\/hallamal\/product\/stabila-laser-linu-kross-lax-50-med-graenum-geisla\/\" \/>\n<meta property=\"og:locale\" content=\"en_US\" \/>\n<meta property=\"og:type\" content=\"article\" \/>\n<meta property=\"og:title\" content=\"STABILA Laser L\u00ednu Kross LAX 50 me\u00f0 Gr\u00e6num Geisla - V\u00e9lar &amp; Verkf\u00e6ri\" \/>\n<meta property=\"og:description\" content=\"Stabila 19110 LAX 50 G er \u00e1rei\u00f0anlegur og fj\u00f6lh\u00e6fur krossl\u00ednulaser sem hentar b\u00e6\u00f0i atvinnum\u00f6nnum og heimaverkefnum.&nbsp;\" \/>\n<meta property=\"og:url\" content=\"https:\/\/velarogverkfaeri.is\/en\/verkfaeralausnir\/maelitaeki\/hallamal\/product\/stabila-laser-linu-kross-lax-50-med-graenum-geisla\/\" \/>\n<meta property=\"og:site_name\" content=\"V\u00e9lar &amp; Verkf\u00e6ri\" \/>\n<meta property=\"article:publisher\" content=\"https:\/\/www.facebook.com\/VelarOgVerkfaeri\" \/>\n<meta property=\"article:modified_time\" content=\"2025-10-21T15:31:40+00:00\" \/>\n<meta property=\"og:image\" content=\"https:\/\/velarogverkfaeri.is\/wp-content\/uploads\/2023\/06\/5070bc70-205f-423e-8445-6bc19084fb59.jpeg\" \/>\n\t<meta property=\"og:image:width\" content=\"1280\" \/>\n\t<meta property=\"og:image:height\" content=\"663\" \/>\n\t<meta property=\"og:image:type\" content=\"image\/jpeg\" \/>\n<meta name=\"twitter:card\" content=\"summary_large_image\" \/>\n<meta name=\"twitter:label1\" content=\"Est. reading time\" \/>\n\t<meta name=\"twitter:data1\" content=\"1 minute\" \/>\n<script type=\"application\/ld+json\" class=\"yoast-schema-graph\">{\"@context\":\"https:\\\/\\\/schema.org\",\"@graph\":[{\"@type\":\"WebPage\",\"@id\":\"https:\\\/\\\/velarogverkfaeri.is\\\/verkfaeralausnir\\\/maelitaeki\\\/hallamal\\\/product\\\/stabila-laser-linu-kross-lax-50-med-graenum-geisla\\\/\",\"url\":\"https:\\\/\\\/velarogverkfaeri.is\\\/verkfaeralausnir\\\/maelitaeki\\\/hallamal\\\/product\\\/stabila-laser-linu-kross-lax-50-med-graenum-geisla\\\/\",\"name\":\"STABILA Laser L\u00ednu Kross LAX 50 me\u00f0 Gr\u00e6num Geisla - V\u00e9lar &amp; Verkf\u00e6ri\",\"isPartOf\":{\"@id\":\"https:\\\/\\\/velarogverkfaeri.is\\\/en\\\/#website\"},\"primaryImageOfPage\":{\"@id\":\"https:\\\/\\\/velarogverkfaeri.is\\\/verkfaeralausnir\\\/maelitaeki\\\/hallamal\\\/product\\\/stabila-laser-linu-kross-lax-50-med-graenum-geisla\\\/#primaryimage\"},\"image\":{\"@id\":\"https:\\\/\\\/velarogverkfaeri.is\\\/verkfaeralausnir\\\/maelitaeki\\\/hallamal\\\/product\\\/stabila-laser-linu-kross-lax-50-med-graenum-geisla\\\/#primaryimage\"},\"thumbnailUrl\":\"https:\\\/\\\/velarogverkfaeri.is\\\/wp-content\\\/uploads\\\/2023\\\/06\\\/5070bc70-205f-423e-8445-6bc19084fb59.jpeg\",\"datePublished\":\"2023-04-28T17:43:23+00:00\",\"dateModified\":\"2025-10-21T15:31:40+00:00\",\"breadcrumb\":{\"@id\":\"https:\\\/\\\/velarogverkfaeri.is\\\/verkfaeralausnir\\\/maelitaeki\\\/hallamal\\\/product\\\/stabila-laser-linu-kross-lax-50-med-graenum-geisla\\\/#breadcrumb\"},\"inLanguage\":\"en-US\",\"potentialAction\":[{\"@type\":\"ReadAction\",\"target\":[\"https:\\\/\\\/velarogverkfaeri.is\\\/verkfaeralausnir\\\/maelitaeki\\\/hallamal\\\/product\\\/stabila-laser-linu-kross-lax-50-med-graenum-geisla\\\/\"]}]},{\"@type\":\"ImageObject\",\"inLanguage\":\"en-US\",\"@id\":\"https:\\\/\\\/velarogverkfaeri.is\\\/verkfaeralausnir\\\/maelitaeki\\\/hallamal\\\/product\\\/stabila-laser-linu-kross-lax-50-med-graenum-geisla\\\/#primaryimage\",\"url\":\"https:\\\/\\\/velarogverkfaeri.is\\\/wp-content\\\/uploads\\\/2023\\\/06\\\/5070bc70-205f-423e-8445-6bc19084fb59.jpeg\",\"contentUrl\":\"https:\\\/\\\/velarogverkfaeri.is\\\/wp-content\\\/uploads\\\/2023\\\/06\\\/5070bc70-205f-423e-8445-6bc19084fb59.jpeg\",\"width\":1280,\"height\":663},{\"@type\":\"BreadcrumbList\",\"@id\":\"https:\\\/\\\/velarogverkfaeri.is\\\/verkfaeralausnir\\\/maelitaeki\\\/hallamal\\\/product\\\/stabila-laser-linu-kross-lax-50-med-graenum-geisla\\\/#breadcrumb\",\"itemListElement\":[{\"@type\":\"ListItem\",\"position\":1,\"name\":\"Home\",\"item\":\"https:\\\/\\\/velarogverkfaeri.is\\\/\"},{\"@type\":\"ListItem\",\"position\":2,\"name\":\"Vefverslun\",\"item\":\"https:\\\/\\\/velarogverkfaeri.is\\\/vefverslun\\\/\"},{\"@type\":\"ListItem\",\"position\":3,\"name\":\"STABILA Laser L\u00ednu Kross LAX 50 me\u00f0 Gr\u00e6num Geisla\"}]},{\"@type\":\"WebSite\",\"@id\":\"https:\\\/\\\/velarogverkfaeri.is\\\/en\\\/#website\",\"url\":\"https:\\\/\\\/velarogverkfaeri.is\\\/en\\\/\",\"name\":\"V\u00e9lar & Verkf\u00e6ri\",\"description\":\"Umbo\u00f0s- og heildverslun fr\u00e1 \u00e1rinu 1919\",\"publisher\":{\"@id\":\"https:\\\/\\\/velarogverkfaeri.is\\\/en\\\/#organization\"},\"potentialAction\":[{\"@type\":\"SearchAction\",\"target\":{\"@type\":\"EntryPoint\",\"urlTemplate\":\"https:\\\/\\\/velarogverkfaeri.is\\\/en\\\/?s={search_term_string}\"},\"query-input\":{\"@type\":\"PropertyValueSpecification\",\"valueRequired\":true,\"valueName\":\"search_term_string\"}}],\"inLanguage\":\"en-US\"},{\"@type\":\"Organization\",\"@id\":\"https:\\\/\\\/velarogverkfaeri.is\\\/en\\\/#organization\",\"name\":\"V\u00e9lar & Verkf\u00e6ri\",\"url\":\"https:\\\/\\\/velarogverkfaeri.is\\\/en\\\/\",\"logo\":{\"@type\":\"ImageObject\",\"inLanguage\":\"en-US\",\"@id\":\"https:\\\/\\\/velarogverkfaeri.is\\\/en\\\/#\\\/schema\\\/logo\\\/image\\\/\",\"url\":\"https:\\\/\\\/velarogverkfaeri.is\\\/wp-content\\\/uploads\\\/2021\\\/10\\\/vv_logo_350x100.png\",\"contentUrl\":\"https:\\\/\\\/velarogverkfaeri.is\\\/wp-content\\\/uploads\\\/2021\\\/10\\\/vv_logo_350x100.png\",\"width\":350,\"height\":100,\"caption\":\"V\u00e9lar & Verkf\u00e6ri\"},\"image\":{\"@id\":\"https:\\\/\\\/velarogverkfaeri.is\\\/en\\\/#\\\/schema\\\/logo\\\/image\\\/\"},\"sameAs\":[\"https:\\\/\\\/www.facebook.com\\\/VelarOgVerkfaeri\"]}]}<\/script>\n<!-- \/ Yoast SEO plugin. -->","yoast_head_json":{"title":"STABILA Laser L\u00ednu Kross LAX 50 me\u00f0 Gr\u00e6num Geisla - V\u00e9lar &amp; Verkf\u00e6ri","robots":{"index":"index","follow":"follow","max-snippet":"max-snippet:-1","max-image-preview":"max-image-preview:large","max-video-preview":"max-video-preview:-1"},"canonical":"https:\/\/velarogverkfaeri.is\/en\/verkfaeralausnir\/maelitaeki\/hallamal\/product\/stabila-laser-linu-kross-lax-50-med-graenum-geisla\/","og_locale":"en_US","og_type":"article","og_title":"STABILA Laser L\u00ednu Kross LAX 50 me\u00f0 Gr\u00e6num Geisla - V\u00e9lar &amp; Verkf\u00e6ri","og_description":"Stabila 19110 LAX 50 G er \u00e1rei\u00f0anlegur og fj\u00f6lh\u00e6fur krossl\u00ednulaser sem hentar b\u00e6\u00f0i atvinnum\u00f6nnum og heimaverkefnum.&nbsp;","og_url":"https:\/\/velarogverkfaeri.is\/en\/verkfaeralausnir\/maelitaeki\/hallamal\/product\/stabila-laser-linu-kross-lax-50-med-graenum-geisla\/","og_site_name":"V\u00e9lar &amp; Verkf\u00e6ri","article_publisher":"https:\/\/www.facebook.com\/VelarOgVerkfaeri","article_modified_time":"2025-10-21T15:31:40+00:00","og_image":[{"width":1280,"height":663,"url":"https:\/\/velarogverkfaeri.is\/wp-content\/uploads\/2023\/06\/5070bc70-205f-423e-8445-6bc19084fb59.jpeg","type":"image\/jpeg"}],"twitter_card":"summary_large_image","twitter_misc":{"Est. reading time":"1 minute"},"schema":{"@context":"https:\/\/schema.org","@graph":[{"@type":"WebPage","@id":"https:\/\/velarogverkfaeri.is\/verkfaeralausnir\/maelitaeki\/hallamal\/product\/stabila-laser-linu-kross-lax-50-med-graenum-geisla\/","url":"https:\/\/velarogverkfaeri.is\/verkfaeralausnir\/maelitaeki\/hallamal\/product\/stabila-laser-linu-kross-lax-50-med-graenum-geisla\/","name":"STABILA Laser L\u00ednu Kross LAX 50 me\u00f0 Gr\u00e6num Geisla - V\u00e9lar &amp; Verkf\u00e6ri","isPartOf":{"@id":"https:\/\/velarogverkfaeri.is\/en\/#website"},"primaryImageOfPage":{"@id":"https:\/\/velarogverkfaeri.is\/verkfaeralausnir\/maelitaeki\/hallamal\/product\/stabila-laser-linu-kross-lax-50-med-graenum-geisla\/#primaryimage"},"image":{"@id":"https:\/\/velarogverkfaeri.is\/verkfaeralausnir\/maelitaeki\/hallamal\/product\/stabila-laser-linu-kross-lax-50-med-graenum-geisla\/#primaryimage"},"thumbnailUrl":"https:\/\/velarogverkfaeri.is\/wp-content\/uploads\/2023\/06\/5070bc70-205f-423e-8445-6bc19084fb59.jpeg","datePublished":"2023-04-28T17:43:23+00:00","dateModified":"2025-10-21T15:31:40+00:00","breadcrumb":{"@id":"https:\/\/velarogverkfaeri.is\/verkfaeralausnir\/maelitaeki\/hallamal\/product\/stabila-laser-linu-kross-lax-50-med-graenum-geisla\/#breadcrumb"},"inLanguage":"en-US","potentialAction":[{"@type":"ReadAction","target":["https:\/\/velarogverkfaeri.is\/verkfaeralausnir\/maelitaeki\/hallamal\/product\/stabila-laser-linu-kross-lax-50-med-graenum-geisla\/"]}]},{"@type":"ImageObject","inLanguage":"en-US","@id":"https:\/\/velarogverkfaeri.is\/verkfaeralausnir\/maelitaeki\/hallamal\/product\/stabila-laser-linu-kross-lax-50-med-graenum-geisla\/#primaryimage","url":"https:\/\/velarogverkfaeri.is\/wp-content\/uploads\/2023\/06\/5070bc70-205f-423e-8445-6bc19084fb59.jpeg","contentUrl":"https:\/\/velarogverkfaeri.is\/wp-content\/uploads\/2023\/06\/5070bc70-205f-423e-8445-6bc19084fb59.jpeg","width":1280,"height":663},{"@type":"BreadcrumbList","@id":"https:\/\/velarogverkfaeri.is\/verkfaeralausnir\/maelitaeki\/hallamal\/product\/stabila-laser-linu-kross-lax-50-med-graenum-geisla\/#breadcrumb","itemListElement":[{"@type":"ListItem","position":1,"name":"Home","item":"https:\/\/velarogverkfaeri.is\/"},{"@type":"ListItem","position":2,"name":"Vefverslun","item":"https:\/\/velarogverkfaeri.is\/vefverslun\/"},{"@type":"ListItem","position":3,"name":"STABILA Laser L\u00ednu Kross LAX 50 me\u00f0 Gr\u00e6num Geisla"}]},{"@type":"WebSite","@id":"https:\/\/velarogverkfaeri.is\/en\/#website","url":"https:\/\/velarogverkfaeri.is\/en\/","name":"V\u00e9lar & Verkf\u00e6ri","description":"Umbo\u00f0s- og heildverslun fr\u00e1 \u00e1rinu 1919","publisher":{"@id":"https:\/\/velarogverkfaeri.is\/en\/#organization"},"potentialAction":[{"@type":"SearchAction","target":{"@type":"EntryPoint","urlTemplate":"https:\/\/velarogverkfaeri.is\/en\/?s={search_term_string}"},"query-input":{"@type":"PropertyValueSpecification","valueRequired":true,"valueName":"search_term_string"}}],"inLanguage":"en-US"},{"@type":"Organization","@id":"https:\/\/velarogverkfaeri.is\/en\/#organization","name":"V\u00e9lar & Verkf\u00e6ri","url":"https:\/\/velarogverkfaeri.is\/en\/","logo":{"@type":"ImageObject","inLanguage":"en-US","@id":"https:\/\/velarogverkfaeri.is\/en\/#\/schema\/logo\/image\/","url":"https:\/\/velarogverkfaeri.is\/wp-content\/uploads\/2021\/10\/vv_logo_350x100.png","contentUrl":"https:\/\/velarogverkfaeri.is\/wp-content\/uploads\/2021\/10\/vv_logo_350x100.png","width":350,"height":100,"caption":"V\u00e9lar & Verkf\u00e6ri"},"image":{"@id":"https:\/\/velarogverkfaeri.is\/en\/#\/schema\/logo\/image\/"},"sameAs":["https:\/\/www.facebook.com\/VelarOgVerkfaeri"]}]}},"_links":{"self":[{"href":"https:\/\/velarogverkfaeri.is\/en\/wp-json\/wp\/v2\/product\/25041","targetHints":{"allow":["GET"]}}],"collection":[{"href":"https:\/\/velarogverkfaeri.is\/en\/wp-json\/wp\/v2\/product"}],"about":[{"href":"https:\/\/velarogverkfaeri.is\/en\/wp-json\/wp\/v2\/types\/product"}],"replies":[{"embeddable":true,"href":"https:\/\/velarogverkfaeri.is\/en\/wp-json\/wp\/v2\/comments?post=25041"}],"wp:featuredmedia":[{"embeddable":true,"href":"https:\/\/velarogverkfaeri.is\/en\/wp-json\/wp\/v2\/media\/26762"}],"wp:attachment":[{"href":"https:\/\/velarogverkfaeri.is\/en\/wp-json\/wp\/v2\/media?parent=25041"}],"wp:term":[{"taxonomy":"product_brand","embeddable":true,"href":"https:\/\/velarogverkfaeri.is\/en\/wp-json\/wp\/v2\/product_brand?post=25041"},{"taxonomy":"product_cat","embeddable":true,"href":"https:\/\/velarogverkfaeri.is\/en\/wp-json\/wp\/v2\/product_cat?post=25041"},{"taxonomy":"product_tag","embeddable":true,"href":"https:\/\/velarogverkfaeri.is\/en\/wp-json\/wp\/v2\/product_tag?post=25041"}],"curies":[{"name":"wp","href":"https:\/\/api.w.org\/{rel}","templated":true}]}}